{"id":8084,"date":"2022-11-18T21:42:22","date_gmt":"2022-11-18T21:42:22","guid":{"rendered":"https:\/\/everydaychemshop.com\/da\/?post_type=product&#038;p=8084"},"modified":"2023-04-08T05:51:43","modified_gmt":"2023-04-08T05:51:43","slug":"5f-mdmb-2201-krystaller","status":"publish","type":"product","link":"https:\/\/everydaychemshop.com\/da\/product\/5f-mdmb-2201-krystaller\/","title":{"rendered":"5F-MDMB-2201 krystaller"},"content":{"rendered":"<h1>K\u00f8b 5F-MDMB-2201 krystaller online<\/h1>\n<p><a href=\"https:\/\/everydaychemshop.com\/da\/product\/5f-mdmb-2201-krystaller\/\">K\u00f8b 5F-MDMB-2201 krystaller online<\/a>. Det er et indazol 3-carboxamid, der begynder at blive set i syntetiske cannabisprodukter rundt om i verden.<\/p>\n<p>Farmakologi:<br \/>\n5F-MDMB-2201 forst\u00e5s at v\u00e6re en meget potent CB1-agonist, men det vides ikke, <a href=\"https:\/\/en.wikipedia.org\/wiki\/5F-MDMB-PICA\">om<\/a> den har en st\u00e6rk selektivitet for CB1, eller om den overhovedet er selektiv. Der vil v\u00e6re behov for flere test p\u00e5 dette omr\u00e5de.<\/p>\n<p>Lignende forbindelser:<br \/>\n5F-AB-PINACA<br \/>\nPX-3<br \/>\nMDMB-FUBINACA<br \/>\nMDMB-CHMICA<br \/>\nAPINACA<br \/>\nAPICA<br \/>\nADB-PINACA<br \/>\nADBICA<br \/>\nADB-FUBINACA<br \/>\nADB-CHMINACA<br \/>\nAB-PINACA<br \/>\nAB-FUBINACA<br \/>\nAB-CHMINACA<br \/>\nAB-CHFUPYCA<br \/>\n5F-APINACA<br \/>\n5F-AMB<\/p>\n<p>Lovlighed:<br \/>\n5F-MDMB-2201 vides ikke at blive betragtet som et kontrolleret stof i noget land eller st\u00f8rre jurisdiktion i \u00f8jeblikket, men det kan betragtes som en analog af 5F-ADB eller relaterede forbindelser. Det kan g\u00f8re dets salg eller besiddelse ulovligt i visse jurisdiktioner, s\u00e5 der skal udvises forsigtighed ved import af dette kemikalie.<br \/>\n5F-MDMB-2201 s\u00e6lges udelukkende som et forskningskemikalie og er derfor uegnet til menneske- eller dyref\u00f8de. Det b\u00f8r kun bruges af uddannet personale i laboratorie- eller retsmedicinske omgivelser.<\/p>\n","protected":false},"excerpt":{"rendered":"<p>K\u00f8b 5f MDMB 2201-krystaller online. 5F-MDMB-2201 er en syntetisk cannabinoid af indazolfamilien og er meget n\u00e6rt besl\u00e6gtet med den bedre kendte 5F-MDMB-PINACA.<\/p>\n<p><em>K\u00f8b<\/em>\u00a0ren h\u00f8j kvalitet\u00a0<em>5F<\/em>\u2013<em>MDMB<\/em>\u2013<em>2201<\/em>\u00a0Powder online med Bitcoin \u2013\u00a0<em>K\u00f8b<\/em>\u00a0lovlige stoffer online,\u00a0<em>k\u00f8b<\/em>\u00a0forskning kemikalier,\u00a0<em>k\u00f8b<\/em>\u00a0r\u00e5 farmaceutiske pulvere. <em>5F<\/em>\u2013<em>MDMB<\/em>\u2013<em>2201<\/em><\/p>\n<p>Bestil en pr\u00f8ve til test, eller for at\u00a0<em>k\u00f8be 5f<\/em> \u2013<em>mdmb<\/em>\u2013<em>2201<\/em>\u00a0til salg og f\u00e5 gratis levering i Storbritannien, USA eller Europa.<\/p>\n","protected":false},"featured_media":8091,"comment_status":"open","ping_status":"closed","template":"","meta":{"inline_featured_image":false},"product_brand":[],"product_cat":[264],"product_tag":[],"class_list":{"0":"post-8084","1":"product","2":"type-product","3":"status-publish","4":"has-post-thumbnail","6":"product_cat-forskningskemisk","8":"first","9":"instock","10":"shipping-taxable","11":"purchasable","12":"product-type-variable","13":"has-default-attributes"},"yoast_head":"<!-- This site is optimized with the Yoast SEO Premium plugin v19.2 (Yoast SEO v27.3) - https:\/\/yoast.com\/product\/yoast-seo-premium-wordpress\/ -->\n<title>K\u00f8b 5F-MDMB-2201 krystaller online - Everyday Chem Shop<\/title>\n<meta name=\"description\" content=\"K\u00f8b 5F-MDMB-2201 krystaller online. Vi s\u00e6lger 5F-MDMB-2201 krystaller af den bedste kvalitet online. Kontakt venligst for mere info og priser.\" \/>\n<meta name=\"robots\" content=\"index, follow, max-snippet:-1, max-image-preview:large, max-video-preview:-1\" \/>\n<link rel=\"canonical\" href=\"https:\/\/everydaychemshop.com\/da\/product\/5f-mdmb-2201-krystaller\/\" \/>\n<meta property=\"og:locale\" content=\"en_US\" \/>\n<meta property=\"og:type\" content=\"article\" \/>\n<meta property=\"og:title\" content=\"5F-MDMB-2201 krystaller\" \/>\n<meta property=\"og:description\" content=\"K\u00f8b 5F-MDMB-2201 krystaller online. Vi s\u00e6lger 5F-MDMB-2201 krystaller af den bedste kvalitet online. Kontakt venligst for mere info og priser.\" \/>\n<meta property=\"og:url\" content=\"https:\/\/everydaychemshop.com\/da\/product\/5f-mdmb-2201-krystaller\/\" \/>\n<meta property=\"og:site_name\" content=\"Everyday Chem Shop\" \/>\n<meta property=\"article:modified_time\" content=\"2023-04-08T05:51:43+00:00\" \/>\n<meta property=\"og:image\" content=\"https:\/\/everydaychemshop.com\/da\/wp-content\/uploads\/sites\/2\/2022\/11\/Buy-5f-MDMB-2201.jpg\" \/>\n\t<meta property=\"og:image:width\" content=\"232\" \/>\n\t<meta property=\"og:image:height\" content=\"217\" \/>\n\t<meta property=\"og:image:type\" content=\"image\/jpeg\" \/>\n<meta name=\"twitter:card\" content=\"summary_large_image\" \/>\n<meta name=\"twitter:label1\" content=\"Est. reading time\" \/>\n\t<meta name=\"twitter:data1\" content=\"1 minute\" \/>\n<script type=\"application\/ld+json\" class=\"yoast-schema-graph\">{\"@context\":\"https:\\\/\\\/schema.org\",\"@graph\":[{\"@type\":\"WebPage\",\"@id\":\"https:\\\/\\\/everydaychemshop.com\\\/da\\\/product\\\/5f-mdmb-2201-krystaller\\\/\",\"url\":\"https:\\\/\\\/everydaychemshop.com\\\/da\\\/product\\\/5f-mdmb-2201-krystaller\\\/\",\"name\":\"K\u00f8b 5F-MDMB-2201 krystaller online - Everyday Chem Shop\",\"isPartOf\":{\"@id\":\"https:\\\/\\\/everydaychemshop.com\\\/da\\\/#website\"},\"primaryImageOfPage\":{\"@id\":\"https:\\\/\\\/everydaychemshop.com\\\/da\\\/product\\\/5f-mdmb-2201-krystaller\\\/#primaryimage\"},\"image\":{\"@id\":\"https:\\\/\\\/everydaychemshop.com\\\/da\\\/product\\\/5f-mdmb-2201-krystaller\\\/#primaryimage\"},\"thumbnailUrl\":\"https:\\\/\\\/everydaychemshop.com\\\/da\\\/wp-content\\\/uploads\\\/sites\\\/2\\\/2022\\\/11\\\/Buy-5f-MDMB-2201.jpg\",\"datePublished\":\"2022-11-18T21:42:22+00:00\",\"dateModified\":\"2023-04-08T05:51:43+00:00\",\"description\":\"K\u00f8b 5F-MDMB-2201 krystaller online. Vi s\u00e6lger 5F-MDMB-2201 krystaller af den bedste kvalitet online. Kontakt venligst for mere info og priser.\",\"breadcrumb\":{\"@id\":\"https:\\\/\\\/everydaychemshop.com\\\/da\\\/product\\\/5f-mdmb-2201-krystaller\\\/#breadcrumb\"},\"inLanguage\":\"en-US\",\"potentialAction\":[{\"@type\":\"ReadAction\",\"target\":[\"https:\\\/\\\/everydaychemshop.com\\\/da\\\/product\\\/5f-mdmb-2201-krystaller\\\/\"]}]},{\"@type\":\"ImageObject\",\"inLanguage\":\"en-US\",\"@id\":\"https:\\\/\\\/everydaychemshop.com\\\/da\\\/product\\\/5f-mdmb-2201-krystaller\\\/#primaryimage\",\"url\":\"https:\\\/\\\/everydaychemshop.com\\\/da\\\/wp-content\\\/uploads\\\/sites\\\/2\\\/2022\\\/11\\\/Buy-5f-MDMB-2201.jpg\",\"contentUrl\":\"https:\\\/\\\/everydaychemshop.com\\\/da\\\/wp-content\\\/uploads\\\/sites\\\/2\\\/2022\\\/11\\\/Buy-5f-MDMB-2201.jpg\",\"width\":232,\"height\":217,\"caption\":\"K\u00f8b 5F-MDMB-2201 krystaller online\"},{\"@type\":\"BreadcrumbList\",\"@id\":\"https:\\\/\\\/everydaychemshop.com\\\/da\\\/product\\\/5f-mdmb-2201-krystaller\\\/#breadcrumb\",\"itemListElement\":[{\"@type\":\"ListItem\",\"position\":1,\"name\":\"Home\",\"item\":\"https:\\\/\\\/everydaychemshop.com\\\/da\\\/\"},{\"@type\":\"ListItem\",\"position\":2,\"name\":\"Produkter\",\"item\":\"https:\\\/\\\/everydaychemshop.com\\\/da\\\/produkter\\\/\"},{\"@type\":\"ListItem\",\"position\":3,\"name\":\"5F-MDMB-2201 krystaller\"}]},{\"@type\":\"WebSite\",\"@id\":\"https:\\\/\\\/everydaychemshop.com\\\/da\\\/#website\",\"url\":\"https:\\\/\\\/everydaychemshop.com\\\/da\\\/\",\"name\":\"Everyday Chem Shop\",\"description\":\"\",\"potentialAction\":[{\"@type\":\"SearchAction\",\"target\":{\"@type\":\"EntryPoint\",\"urlTemplate\":\"https:\\\/\\\/everydaychemshop.com\\\/da\\\/?s={search_term_string}\"},\"query-input\":{\"@type\":\"PropertyValueSpecification\",\"valueRequired\":true,\"valueName\":\"search_term_string\"}}],\"inLanguage\":\"en-US\"}]}<\/script>\n<!-- \/ Yoast SEO Premium plugin. -->","yoast_head_json":{"title":"K\u00f8b 5F-MDMB-2201 krystaller online - Everyday Chem Shop","description":"K\u00f8b 5F-MDMB-2201 krystaller online. Vi s\u00e6lger 5F-MDMB-2201 krystaller af den bedste kvalitet online. Kontakt venligst for mere info og priser.","robots":{"index":"index","follow":"follow","max-snippet":"max-snippet:-1","max-image-preview":"max-image-preview:large","max-video-preview":"max-video-preview:-1"},"canonical":"https:\/\/everydaychemshop.com\/da\/product\/5f-mdmb-2201-krystaller\/","og_locale":"en_US","og_type":"article","og_title":"5F-MDMB-2201 krystaller","og_description":"K\u00f8b 5F-MDMB-2201 krystaller online. Vi s\u00e6lger 5F-MDMB-2201 krystaller af den bedste kvalitet online. Kontakt venligst for mere info og priser.","og_url":"https:\/\/everydaychemshop.com\/da\/product\/5f-mdmb-2201-krystaller\/","og_site_name":"Everyday Chem Shop","article_modified_time":"2023-04-08T05:51:43+00:00","og_image":[{"width":232,"height":217,"url":"https:\/\/everydaychemshop.com\/da\/wp-content\/uploads\/sites\/2\/2022\/11\/Buy-5f-MDMB-2201.jpg","type":"image\/jpeg"}],"twitter_card":"summary_large_image","twitter_misc":{"Est. reading time":"1 minute"},"schema":{"@context":"https:\/\/schema.org","@graph":[{"@type":"WebPage","@id":"https:\/\/everydaychemshop.com\/da\/product\/5f-mdmb-2201-krystaller\/","url":"https:\/\/everydaychemshop.com\/da\/product\/5f-mdmb-2201-krystaller\/","name":"K\u00f8b 5F-MDMB-2201 krystaller online - Everyday Chem Shop","isPartOf":{"@id":"https:\/\/everydaychemshop.com\/da\/#website"},"primaryImageOfPage":{"@id":"https:\/\/everydaychemshop.com\/da\/product\/5f-mdmb-2201-krystaller\/#primaryimage"},"image":{"@id":"https:\/\/everydaychemshop.com\/da\/product\/5f-mdmb-2201-krystaller\/#primaryimage"},"thumbnailUrl":"https:\/\/everydaychemshop.com\/da\/wp-content\/uploads\/sites\/2\/2022\/11\/Buy-5f-MDMB-2201.jpg","datePublished":"2022-11-18T21:42:22+00:00","dateModified":"2023-04-08T05:51:43+00:00","description":"K\u00f8b 5F-MDMB-2201 krystaller online. Vi s\u00e6lger 5F-MDMB-2201 krystaller af den bedste kvalitet online. Kontakt venligst for mere info og priser.","breadcrumb":{"@id":"https:\/\/everydaychemshop.com\/da\/product\/5f-mdmb-2201-krystaller\/#breadcrumb"},"inLanguage":"en-US","potentialAction":[{"@type":"ReadAction","target":["https:\/\/everydaychemshop.com\/da\/product\/5f-mdmb-2201-krystaller\/"]}]},{"@type":"ImageObject","inLanguage":"en-US","@id":"https:\/\/everydaychemshop.com\/da\/product\/5f-mdmb-2201-krystaller\/#primaryimage","url":"https:\/\/everydaychemshop.com\/da\/wp-content\/uploads\/sites\/2\/2022\/11\/Buy-5f-MDMB-2201.jpg","contentUrl":"https:\/\/everydaychemshop.com\/da\/wp-content\/uploads\/sites\/2\/2022\/11\/Buy-5f-MDMB-2201.jpg","width":232,"height":217,"caption":"K\u00f8b 5F-MDMB-2201 krystaller online"},{"@type":"BreadcrumbList","@id":"https:\/\/everydaychemshop.com\/da\/product\/5f-mdmb-2201-krystaller\/#breadcrumb","itemListElement":[{"@type":"ListItem","position":1,"name":"Home","item":"https:\/\/everydaychemshop.com\/da\/"},{"@type":"ListItem","position":2,"name":"Produkter","item":"https:\/\/everydaychemshop.com\/da\/produkter\/"},{"@type":"ListItem","position":3,"name":"5F-MDMB-2201 krystaller"}]},{"@type":"WebSite","@id":"https:\/\/everydaychemshop.com\/da\/#website","url":"https:\/\/everydaychemshop.com\/da\/","name":"Everyday Chem Shop","description":"","potentialAction":[{"@type":"SearchAction","target":{"@type":"EntryPoint","urlTemplate":"https:\/\/everydaychemshop.com\/da\/?s={search_term_string}"},"query-input":{"@type":"PropertyValueSpecification","valueRequired":true,"valueName":"search_term_string"}}],"inLanguage":"en-US"}]}},"_links":{"self":[{"href":"https:\/\/everydaychemshop.com\/da\/wp-json\/wp\/v2\/product\/8084","targetHints":{"allow":["GET"]}}],"collection":[{"href":"https:\/\/everydaychemshop.com\/da\/wp-json\/wp\/v2\/product"}],"about":[{"href":"https:\/\/everydaychemshop.com\/da\/wp-json\/wp\/v2\/types\/product"}],"replies":[{"embeddable":true,"href":"https:\/\/everydaychemshop.com\/da\/wp-json\/wp\/v2\/comments?post=8084"}],"wp:featuredmedia":[{"embeddable":true,"href":"https:\/\/everydaychemshop.com\/da\/wp-json\/wp\/v2\/media\/8091"}],"wp:attachment":[{"href":"https:\/\/everydaychemshop.com\/da\/wp-json\/wp\/v2\/media?parent=8084"}],"wp:term":[{"taxonomy":"product_brand","embeddable":true,"href":"https:\/\/everydaychemshop.com\/da\/wp-json\/wp\/v2\/product_brand?post=8084"},{"taxonomy":"product_cat","embeddable":true,"href":"https:\/\/everydaychemshop.com\/da\/wp-json\/wp\/v2\/product_cat?post=8084"},{"taxonomy":"product_tag","embeddable":true,"href":"https:\/\/everydaychemshop.com\/da\/wp-json\/wp\/v2\/product_tag?post=8084"}],"curies":[{"name":"wp","href":"https:\/\/api.w.org\/{rel}","templated":true}]}}