{"id":8092,"date":"2022-11-18T21:46:46","date_gmt":"2022-11-18T21:46:46","guid":{"rendered":"https:\/\/everydaychemshop.com\/da\/?post_type=product&#038;p=8092"},"modified":"2023-04-08T05:50:38","modified_gmt":"2023-04-08T05:50:38","slug":"adb-pinaca-pulver","status":"publish","type":"product","link":"https:\/\/everydaychemshop.com\/da\/product\/adb-pinaca-pulver\/","title":{"rendered":"ADB-PINACA pulver"},"content":{"rendered":"<h1>K\u00f8b ADB-Pinaca Powder online<\/h1>\n<p><a href=\"https:\/\/everydaychemshop.com\/da\/product\/adb-pinaca-pulver\/\">K\u00f8b ADB-Pinaca Powder online<\/a>. ADB-Pinaca Powder Purity 98% Chemical Stock tilg\u00e6ngelig <a href=\"https:\/\/en.wikipedia.org\/wiki\/ADB-PINACA\">i<\/a> Powder &amp; Crystal<br \/>\nMethiopropamin \/ MPA<\/p>\n<p>ADB-Pinaca Powder Purity<\/p>\n<p>ProName: 5F-MDMB-PINACA 5F-ADB 5FADB ADB-pulver<br \/>\nCasNo: 68585-34-2<br \/>\nMolekyl\u00e6r formel: ADB<br \/>\nUdseende: hvidt krystallinsk pulver<br \/>\nAnvendelse: farmaceutisk mellemprodukt<br \/>\nLeveringstid: 4-7 dage for f\u00e6rdigvarer<br \/>\nPakke: 1 kg\/aluminiumsfoliepose<br \/>\nHavn: Tianjin<br \/>\nProduktionskapacitet: 10000 kg\/m\u00e5ned<br \/>\nRenhed: &gt;99,5 %<br \/>\nOpbevaring: forbliv k\u00f8ligt, t\u00f8rt og godt forseglet<br \/>\nTransport: med EMS, DHL, FEDEX<br \/>\nFugtindhold: \u22640,01<\/p>\n<p>K\u00f8b ADB-Pinaca Powder Purity 98% til salg, forskning kemikalier s\u00e6lgere, k\u00f8b forskning kemikalier Kina, bedste sted at k\u00f8be forskning kemikalier, forskning kemikalier reddit, bodybuilding forskning kemikalier, billige forskning kemikalier usa,<\/p>\n","protected":false},"excerpt":{"rendered":"<p>K\u00f8b ADB-Pinaca Powder High Purity. K\u00f8b ADB-Pinaca Powder Purity 98% Chemical Stock tilg\u00e6ngelig i Powder &amp; Krystal<\/p>\n<p>K\u00f8b ADB-Pinaca Powder til salg i Europa, UK, EU, Kina Renhed 98% kemisk lager tilg\u00e6ngelig i Powder &amp; CrystalMethiopropamine \/ MPA ADB-Pinaca Powder Purity.<\/p>\n","protected":false},"featured_media":8099,"comment_status":"open","ping_status":"closed","template":"","meta":{"inline_featured_image":false},"product_brand":[],"product_cat":[264],"product_tag":[],"class_list":{"0":"post-8092","1":"product","2":"type-product","3":"status-publish","4":"has-post-thumbnail","6":"product_cat-forskningskemisk","8":"first","9":"instock","10":"shipping-taxable","11":"purchasable","12":"product-type-variable"},"yoast_head":"<!-- This site is optimized with the Yoast SEO Premium plugin v19.2 (Yoast SEO v27.3) - https:\/\/yoast.com\/product\/yoast-seo-premium-wordpress\/ -->\n<title>K\u00f8b ADB-Pinaca Powder online - Everyday Chem Shop<\/title>\n<meta name=\"description\" content=\"K\u00f8b ADB-Pinaca Powder online. Vi s\u00e6lger bedste kvalitet ADB-Pinaca Powder online. Kontakt venligst for mere information og priser.\" \/>\n<meta name=\"robots\" content=\"index, follow, max-snippet:-1, max-image-preview:large, max-video-preview:-1\" \/>\n<link rel=\"canonical\" href=\"https:\/\/everydaychemshop.com\/da\/product\/adb-pinaca-pulver\/\" \/>\n<meta property=\"og:locale\" content=\"en_US\" \/>\n<meta property=\"og:type\" content=\"article\" \/>\n<meta property=\"og:title\" content=\"ADB-PINACA pulver\" \/>\n<meta property=\"og:description\" content=\"K\u00f8b ADB-Pinaca Powder online. Vi s\u00e6lger bedste kvalitet ADB-Pinaca Powder online. Kontakt venligst for mere information og priser.\" \/>\n<meta property=\"og:url\" content=\"https:\/\/everydaychemshop.com\/da\/product\/adb-pinaca-pulver\/\" \/>\n<meta property=\"og:site_name\" content=\"Everyday Chem Shop\" \/>\n<meta property=\"article:modified_time\" content=\"2023-04-08T05:50:38+00:00\" \/>\n<meta property=\"og:image\" content=\"https:\/\/everydaychemshop.com\/da\/wp-content\/uploads\/sites\/2\/2022\/11\/Buy-ADB-Pinaca-Powder.png\" \/>\n\t<meta property=\"og:image:width\" content=\"600\" \/>\n\t<meta property=\"og:image:height\" content=\"400\" \/>\n\t<meta property=\"og:image:type\" content=\"image\/png\" \/>\n<meta name=\"twitter:card\" content=\"summary_large_image\" \/>\n<meta name=\"twitter:label1\" content=\"Est. reading time\" \/>\n\t<meta name=\"twitter:data1\" content=\"1 minute\" \/>\n<script type=\"application\/ld+json\" class=\"yoast-schema-graph\">{\"@context\":\"https:\\\/\\\/schema.org\",\"@graph\":[{\"@type\":\"WebPage\",\"@id\":\"https:\\\/\\\/everydaychemshop.com\\\/da\\\/product\\\/adb-pinaca-pulver\\\/\",\"url\":\"https:\\\/\\\/everydaychemshop.com\\\/da\\\/product\\\/adb-pinaca-pulver\\\/\",\"name\":\"K\u00f8b ADB-Pinaca Powder online - Everyday Chem Shop\",\"isPartOf\":{\"@id\":\"https:\\\/\\\/everydaychemshop.com\\\/da\\\/#website\"},\"primaryImageOfPage\":{\"@id\":\"https:\\\/\\\/everydaychemshop.com\\\/da\\\/product\\\/adb-pinaca-pulver\\\/#primaryimage\"},\"image\":{\"@id\":\"https:\\\/\\\/everydaychemshop.com\\\/da\\\/product\\\/adb-pinaca-pulver\\\/#primaryimage\"},\"thumbnailUrl\":\"https:\\\/\\\/everydaychemshop.com\\\/da\\\/wp-content\\\/uploads\\\/sites\\\/2\\\/2022\\\/11\\\/Buy-ADB-Pinaca-Powder.png\",\"datePublished\":\"2022-11-18T21:46:46+00:00\",\"dateModified\":\"2023-04-08T05:50:38+00:00\",\"description\":\"K\u00f8b ADB-Pinaca Powder online. Vi s\u00e6lger bedste kvalitet ADB-Pinaca Powder online. Kontakt venligst for mere information og priser.\",\"breadcrumb\":{\"@id\":\"https:\\\/\\\/everydaychemshop.com\\\/da\\\/product\\\/adb-pinaca-pulver\\\/#breadcrumb\"},\"inLanguage\":\"en-US\",\"potentialAction\":[{\"@type\":\"ReadAction\",\"target\":[\"https:\\\/\\\/everydaychemshop.com\\\/da\\\/product\\\/adb-pinaca-pulver\\\/\"]}]},{\"@type\":\"ImageObject\",\"inLanguage\":\"en-US\",\"@id\":\"https:\\\/\\\/everydaychemshop.com\\\/da\\\/product\\\/adb-pinaca-pulver\\\/#primaryimage\",\"url\":\"https:\\\/\\\/everydaychemshop.com\\\/da\\\/wp-content\\\/uploads\\\/sites\\\/2\\\/2022\\\/11\\\/Buy-ADB-Pinaca-Powder.png\",\"contentUrl\":\"https:\\\/\\\/everydaychemshop.com\\\/da\\\/wp-content\\\/uploads\\\/sites\\\/2\\\/2022\\\/11\\\/Buy-ADB-Pinaca-Powder.png\",\"width\":600,\"height\":400,\"caption\":\"K\u00f8b ADB-Pinaca Powder online\"},{\"@type\":\"BreadcrumbList\",\"@id\":\"https:\\\/\\\/everydaychemshop.com\\\/da\\\/product\\\/adb-pinaca-pulver\\\/#breadcrumb\",\"itemListElement\":[{\"@type\":\"ListItem\",\"position\":1,\"name\":\"Home\",\"item\":\"https:\\\/\\\/everydaychemshop.com\\\/da\\\/\"},{\"@type\":\"ListItem\",\"position\":2,\"name\":\"Produkter\",\"item\":\"https:\\\/\\\/everydaychemshop.com\\\/da\\\/produkter\\\/\"},{\"@type\":\"ListItem\",\"position\":3,\"name\":\"ADB-PINACA pulver\"}]},{\"@type\":\"WebSite\",\"@id\":\"https:\\\/\\\/everydaychemshop.com\\\/da\\\/#website\",\"url\":\"https:\\\/\\\/everydaychemshop.com\\\/da\\\/\",\"name\":\"Everyday Chem Shop\",\"description\":\"\",\"potentialAction\":[{\"@type\":\"SearchAction\",\"target\":{\"@type\":\"EntryPoint\",\"urlTemplate\":\"https:\\\/\\\/everydaychemshop.com\\\/da\\\/?s={search_term_string}\"},\"query-input\":{\"@type\":\"PropertyValueSpecification\",\"valueRequired\":true,\"valueName\":\"search_term_string\"}}],\"inLanguage\":\"en-US\"}]}<\/script>\n<!-- \/ Yoast SEO Premium plugin. -->","yoast_head_json":{"title":"K\u00f8b ADB-Pinaca Powder online - Everyday Chem Shop","description":"K\u00f8b ADB-Pinaca Powder online. Vi s\u00e6lger bedste kvalitet ADB-Pinaca Powder online. Kontakt venligst for mere information og priser.","robots":{"index":"index","follow":"follow","max-snippet":"max-snippet:-1","max-image-preview":"max-image-preview:large","max-video-preview":"max-video-preview:-1"},"canonical":"https:\/\/everydaychemshop.com\/da\/product\/adb-pinaca-pulver\/","og_locale":"en_US","og_type":"article","og_title":"ADB-PINACA pulver","og_description":"K\u00f8b ADB-Pinaca Powder online. Vi s\u00e6lger bedste kvalitet ADB-Pinaca Powder online. Kontakt venligst for mere information og priser.","og_url":"https:\/\/everydaychemshop.com\/da\/product\/adb-pinaca-pulver\/","og_site_name":"Everyday Chem Shop","article_modified_time":"2023-04-08T05:50:38+00:00","og_image":[{"width":600,"height":400,"url":"https:\/\/everydaychemshop.com\/da\/wp-content\/uploads\/sites\/2\/2022\/11\/Buy-ADB-Pinaca-Powder.png","type":"image\/png"}],"twitter_card":"summary_large_image","twitter_misc":{"Est. reading time":"1 minute"},"schema":{"@context":"https:\/\/schema.org","@graph":[{"@type":"WebPage","@id":"https:\/\/everydaychemshop.com\/da\/product\/adb-pinaca-pulver\/","url":"https:\/\/everydaychemshop.com\/da\/product\/adb-pinaca-pulver\/","name":"K\u00f8b ADB-Pinaca Powder online - Everyday Chem Shop","isPartOf":{"@id":"https:\/\/everydaychemshop.com\/da\/#website"},"primaryImageOfPage":{"@id":"https:\/\/everydaychemshop.com\/da\/product\/adb-pinaca-pulver\/#primaryimage"},"image":{"@id":"https:\/\/everydaychemshop.com\/da\/product\/adb-pinaca-pulver\/#primaryimage"},"thumbnailUrl":"https:\/\/everydaychemshop.com\/da\/wp-content\/uploads\/sites\/2\/2022\/11\/Buy-ADB-Pinaca-Powder.png","datePublished":"2022-11-18T21:46:46+00:00","dateModified":"2023-04-08T05:50:38+00:00","description":"K\u00f8b ADB-Pinaca Powder online. Vi s\u00e6lger bedste kvalitet ADB-Pinaca Powder online. Kontakt venligst for mere information og priser.","breadcrumb":{"@id":"https:\/\/everydaychemshop.com\/da\/product\/adb-pinaca-pulver\/#breadcrumb"},"inLanguage":"en-US","potentialAction":[{"@type":"ReadAction","target":["https:\/\/everydaychemshop.com\/da\/product\/adb-pinaca-pulver\/"]}]},{"@type":"ImageObject","inLanguage":"en-US","@id":"https:\/\/everydaychemshop.com\/da\/product\/adb-pinaca-pulver\/#primaryimage","url":"https:\/\/everydaychemshop.com\/da\/wp-content\/uploads\/sites\/2\/2022\/11\/Buy-ADB-Pinaca-Powder.png","contentUrl":"https:\/\/everydaychemshop.com\/da\/wp-content\/uploads\/sites\/2\/2022\/11\/Buy-ADB-Pinaca-Powder.png","width":600,"height":400,"caption":"K\u00f8b ADB-Pinaca Powder online"},{"@type":"BreadcrumbList","@id":"https:\/\/everydaychemshop.com\/da\/product\/adb-pinaca-pulver\/#breadcrumb","itemListElement":[{"@type":"ListItem","position":1,"name":"Home","item":"https:\/\/everydaychemshop.com\/da\/"},{"@type":"ListItem","position":2,"name":"Produkter","item":"https:\/\/everydaychemshop.com\/da\/produkter\/"},{"@type":"ListItem","position":3,"name":"ADB-PINACA pulver"}]},{"@type":"WebSite","@id":"https:\/\/everydaychemshop.com\/da\/#website","url":"https:\/\/everydaychemshop.com\/da\/","name":"Everyday Chem Shop","description":"","potentialAction":[{"@type":"SearchAction","target":{"@type":"EntryPoint","urlTemplate":"https:\/\/everydaychemshop.com\/da\/?s={search_term_string}"},"query-input":{"@type":"PropertyValueSpecification","valueRequired":true,"valueName":"search_term_string"}}],"inLanguage":"en-US"}]}},"_links":{"self":[{"href":"https:\/\/everydaychemshop.com\/da\/wp-json\/wp\/v2\/product\/8092","targetHints":{"allow":["GET"]}}],"collection":[{"href":"https:\/\/everydaychemshop.com\/da\/wp-json\/wp\/v2\/product"}],"about":[{"href":"https:\/\/everydaychemshop.com\/da\/wp-json\/wp\/v2\/types\/product"}],"replies":[{"embeddable":true,"href":"https:\/\/everydaychemshop.com\/da\/wp-json\/wp\/v2\/comments?post=8092"}],"wp:featuredmedia":[{"embeddable":true,"href":"https:\/\/everydaychemshop.com\/da\/wp-json\/wp\/v2\/media\/8099"}],"wp:attachment":[{"href":"https:\/\/everydaychemshop.com\/da\/wp-json\/wp\/v2\/media?parent=8092"}],"wp:term":[{"taxonomy":"product_brand","embeddable":true,"href":"https:\/\/everydaychemshop.com\/da\/wp-json\/wp\/v2\/product_brand?post=8092"},{"taxonomy":"product_cat","embeddable":true,"href":"https:\/\/everydaychemshop.com\/da\/wp-json\/wp\/v2\/product_cat?post=8092"},{"taxonomy":"product_tag","embeddable":true,"href":"https:\/\/everydaychemshop.com\/da\/wp-json\/wp\/v2\/product_tag?post=8092"}],"curies":[{"name":"wp","href":"https:\/\/api.w.org\/{rel}","templated":true}]}}