{"id":8110,"date":"2022-11-19T08:07:54","date_gmt":"2022-11-19T08:07:54","guid":{"rendered":"https:\/\/everydaychemshop.com\/da\/?post_type=product&#038;p=8110"},"modified":"2023-04-08T05:47:16","modified_gmt":"2023-04-08T05:47:16","slug":"alfa-pvp","status":"publish","type":"product","link":"https:\/\/everydaychemshop.com\/da\/product\/alfa-pvp\/","title":{"rendered":"Alpha-PVP"},"content":{"rendered":"<h1>K\u00f8b Alpha-PVP krystal online<\/h1>\n<p><a href=\"https:\/\/everydaychemshop.com\/da\/product\/alfa-pvp\/\">K\u00f8b Alpha-PVP krystal online<\/a>. Alpha-PVP er et syntetisk stimulerende middel, der bruges inden for det medicinske omr\u00e5de til behandling af forskellige sygdomme. Alfa placeret i kathinongruppen af \u200b\u200bpro-drugs. Alpha PVP blev f\u00f8rst syntetiseret som et designerl\u00e6gemiddel. Nu er det blevet meget popul\u00e6rt blandt folk til andre form\u00e5l som en smertestillende medicin. Dette syntetiske stimulans bruges til at opfylde behovene hos mennesker, der bruger stoffer. Det blev popul\u00e6rt efter 40 \u00e5r med dets f\u00f8rste produkt, der er 2000. Det vigtigste at bem\u00e6rke er, at i mellem disse \u00e5r blev det ikke brugt af selv et lille samfund af mennesker. Men i 2000 og \u00e5r indtil nu er det blevet popul\u00e6rt i en s\u00e5dan grad, <a href=\"https:\/\/en.wikipedia.org\/wiki\/Alpha-Pyrrolidinopentiophenone\">at<\/a> n\u00e6sten 70 % af planetens samlede befolkning bruger det.<\/p>\n<p><b>\u00c5rsag til Alpha-PVP Psykedeliske Drugs popularitet<\/b><\/p>\n<p><b>Hvor kan man k\u00f8be PVP? Alpha-PVP<\/b><\/p>\n<p>Alpha-PVP er medlem af den mest popul\u00e6re klasse af pro-drugs og bruges i stor skala. Hoved\u00e5rsagen bag dens popularitet er dens h\u00f8je styrke og hurtigvirkende egenskab. Det virker ved at virke direkte p\u00e5 centralnervesystemet ligesom andre stimulanser.<\/p>\n<p>Men det virker p\u00e5 en meget hurtig m\u00e5de og frigiver nogle hormoner til at udf\u00f8re de \u00f8nskede handlinger. Alpha PVP er ogs\u00e5 kendt som et centralnervesystemstimulerende middel p\u00e5 grund af dets virkem\u00e5de.<\/p>\n<p><b>Medicinsk brug af Alpha-PVP psykedeliske l\u00e6gemidler<\/b><\/p>\n<p>Alpha-PVP hj\u00e6lper ogs\u00e5 det menneskelige sind til at kontrollere \u00f8jeblikkelige f\u00f8lelser som lykke, tristhed eller smerte. Dette stof hj\u00e6lper sindet til at forestille sig en normal ramme til at fungere normalt uden nogen hindring. P\u00e5 denne m\u00e5de bruges Alpha-PVP til at f\u00e5 lindring fra enhver form for chok.<\/p>\n<p>Folk bruger dette pro-drug i danseklubber og barer. Men dette er ogs\u00e5 kun at bruge i henhold til ordination af l\u00e6ger i visse behandlinger.<\/p>\n<p>L\u00e6gerne bruger medicin fremstillet af\u00a0Alpha-PVP\u00a0til at behandle mennesker. Hovedanvendelsen er at blive helbredt for depression og angst.<\/p>\n<p>Dette er nogle af de vigtigste funktioner, p\u00e5 grund af hvilke Alpha-PVP-brug stiger dag for dag. Det er ved at blive popul\u00e6rt i begge livets omr\u00e5der.<\/p>\n<p><b>S\u00e5dan k\u00f8ber du a-PVP\u00a0<\/b><b>sikkert \u2013 Beskrivelse<\/b><\/p>\n<p><strong> Fuldt kemisk navn:<\/strong>\u00a0alpha-Pyrrolidinopentiophenone<br \/>\n<strong>Systematisk IUPAC-navn<\/strong>\u00a01-Phenyl-2-(1-pyrrolidinyl)-1-pentanon<br \/>\n<strong>CAS-nummer<\/strong><strong>14530-33-7<\/strong><br \/>\n<strong>ChemSpider-nummer <\/strong><strong>9324063<\/strong><br \/>\n<strong>Molekyl\u00e6r formel<\/strong><strong>C15H21NO<\/strong><br \/>\n<strong>Molekyl\u00e6r masse<\/strong><strong>231.333 g\/mol<\/strong><\/p>\n<p>K\u00f8b \u00e6gte a-PVP online, \u03b1-Pyrrolidinopentiophenon (alpha-pyrrolidinovalerophenon, \u03b1-PVP, alpha-PVP, O-2387, \u03b2-keton-prolintane) er et stimulerende middel forbindelse udviklet i 1960&#8217;erne og relateret til pyrovaleron og er ketonanalogen af \u200b\u200bprolintan.<\/p>\n<p>Vores netbutik besk\u00e6ftiger sig med Alpha-PVP i meget stor skala. Du kan k\u00f8be dine \u00f8nskede produkter til meget rimelige priser. Du vil ogs\u00e5 f\u00e5 produktet i l\u00f8bet af kort tid gennem vores online leveringstjenester.<\/p>\n","protected":false},"excerpt":{"rendered":"<p>s\u00f8ger at k\u00f8be billig A-pvp, k\u00f8b alpha-Pyrrolidinopentiophenone til salg UK, Europa i vores bestglobalemeds.com butik med hurtig verdensomsp\u00e6ndende forsendelse! Den bedste A-pvp til bestilling finder du her! <em>\u03b1<\/em>\u2013<em>PVP<\/em>(fulde navn er:<em>\u03b1<\/em>\u2013<em>Pyrrolidinopentiophenone<\/em>) ogs\u00e5 kendt som\u00a0<em>alfa<\/em>-pyrrolidinovalerophenon, A-<em>PVP<\/em>,\u00a0<em>alpha<\/em>\u2013<em>PVP<\/em>,<\/p>\n<p><strong>Hvad er a-PVP?<\/strong><br \/>\nA-PVP, \u03b1-Pyrrolidinopentiophenon (alpha-pyrrolidinovalerophenon, \u03b1-PVP, alpha-PVP, O-2387, \u03b2-keton-prolintane) er en stimulerende forbindelse udviklet i 1960&#8217;erne og relateret til pyrovaleron og er ketonanalogen af \u200b\u200bprolintan.<\/p>\n","protected":false},"featured_media":8123,"comment_status":"open","ping_status":"closed","template":"","meta":{"inline_featured_image":false},"product_brand":[],"product_cat":[264],"product_tag":[],"class_list":{"0":"post-8110","1":"product","2":"type-product","3":"status-publish","4":"has-post-thumbnail","6":"product_cat-forskningskemisk","8":"first","9":"instock","10":"shipping-taxable","11":"purchasable","12":"product-type-variable","13":"has-default-attributes"},"yoast_head":"<!-- This site is optimized with the Yoast SEO Premium plugin v19.2 (Yoast SEO v27.3) - https:\/\/yoast.com\/product\/yoast-seo-premium-wordpress\/ -->\n<title>K\u00f8b Alpha-PVP krystal online - Everyday Chem Shop<\/title>\n<meta name=\"description\" content=\"K\u00f8b Alpha-PVP krystal online. Vi s\u00e6lger den bedste kvalitet Alpha-PVP krystal online. Kontakt os venligst for priser og information\" \/>\n<meta name=\"robots\" content=\"index, follow, max-snippet:-1, max-image-preview:large, max-video-preview:-1\" \/>\n<link rel=\"canonical\" href=\"https:\/\/everydaychemshop.com\/da\/product\/alfa-pvp\/\" \/>\n<meta property=\"og:locale\" content=\"en_US\" \/>\n<meta property=\"og:type\" content=\"article\" \/>\n<meta property=\"og:title\" content=\"Alpha-PVP\" \/>\n<meta property=\"og:description\" content=\"K\u00f8b Alpha-PVP krystal online. Vi s\u00e6lger den bedste kvalitet Alpha-PVP krystal online. Kontakt os venligst for priser og information\" \/>\n<meta property=\"og:url\" content=\"https:\/\/everydaychemshop.com\/da\/product\/alfa-pvp\/\" \/>\n<meta property=\"og:site_name\" content=\"Everyday Chem Shop\" \/>\n<meta property=\"article:modified_time\" content=\"2023-04-08T05:47:16+00:00\" \/>\n<meta property=\"og:image\" content=\"https:\/\/everydaychemshop.com\/da\/wp-content\/uploads\/sites\/2\/2022\/11\/Buy-alpha-pvp.jpg\" \/>\n\t<meta property=\"og:image:width\" content=\"458\" \/>\n\t<meta property=\"og:image:height\" content=\"458\" \/>\n\t<meta property=\"og:image:type\" content=\"image\/jpeg\" \/>\n<meta name=\"twitter:card\" content=\"summary_large_image\" \/>\n<meta name=\"twitter:label1\" content=\"Est. reading time\" \/>\n\t<meta name=\"twitter:data1\" content=\"2 minutes\" \/>\n<script type=\"application\/ld+json\" class=\"yoast-schema-graph\">{\"@context\":\"https:\\\/\\\/schema.org\",\"@graph\":[{\"@type\":\"WebPage\",\"@id\":\"https:\\\/\\\/everydaychemshop.com\\\/da\\\/product\\\/alfa-pvp\\\/\",\"url\":\"https:\\\/\\\/everydaychemshop.com\\\/da\\\/product\\\/alfa-pvp\\\/\",\"name\":\"K\u00f8b Alpha-PVP krystal online - Everyday Chem Shop\",\"isPartOf\":{\"@id\":\"https:\\\/\\\/everydaychemshop.com\\\/da\\\/#website\"},\"primaryImageOfPage\":{\"@id\":\"https:\\\/\\\/everydaychemshop.com\\\/da\\\/product\\\/alfa-pvp\\\/#primaryimage\"},\"image\":{\"@id\":\"https:\\\/\\\/everydaychemshop.com\\\/da\\\/product\\\/alfa-pvp\\\/#primaryimage\"},\"thumbnailUrl\":\"https:\\\/\\\/everydaychemshop.com\\\/da\\\/wp-content\\\/uploads\\\/sites\\\/2\\\/2022\\\/11\\\/Buy-alpha-pvp.jpg\",\"datePublished\":\"2022-11-19T08:07:54+00:00\",\"dateModified\":\"2023-04-08T05:47:16+00:00\",\"description\":\"K\u00f8b Alpha-PVP krystal online. Vi s\u00e6lger den bedste kvalitet Alpha-PVP krystal online. Kontakt os venligst for priser og information\",\"breadcrumb\":{\"@id\":\"https:\\\/\\\/everydaychemshop.com\\\/da\\\/product\\\/alfa-pvp\\\/#breadcrumb\"},\"inLanguage\":\"en-US\",\"potentialAction\":[{\"@type\":\"ReadAction\",\"target\":[\"https:\\\/\\\/everydaychemshop.com\\\/da\\\/product\\\/alfa-pvp\\\/\"]}]},{\"@type\":\"ImageObject\",\"inLanguage\":\"en-US\",\"@id\":\"https:\\\/\\\/everydaychemshop.com\\\/da\\\/product\\\/alfa-pvp\\\/#primaryimage\",\"url\":\"https:\\\/\\\/everydaychemshop.com\\\/da\\\/wp-content\\\/uploads\\\/sites\\\/2\\\/2022\\\/11\\\/Buy-alpha-pvp.jpg\",\"contentUrl\":\"https:\\\/\\\/everydaychemshop.com\\\/da\\\/wp-content\\\/uploads\\\/sites\\\/2\\\/2022\\\/11\\\/Buy-alpha-pvp.jpg\",\"width\":458,\"height\":458,\"caption\":\"K\u00f8b Alpha-PVP krystal online\"},{\"@type\":\"BreadcrumbList\",\"@id\":\"https:\\\/\\\/everydaychemshop.com\\\/da\\\/product\\\/alfa-pvp\\\/#breadcrumb\",\"itemListElement\":[{\"@type\":\"ListItem\",\"position\":1,\"name\":\"Home\",\"item\":\"https:\\\/\\\/everydaychemshop.com\\\/da\\\/\"},{\"@type\":\"ListItem\",\"position\":2,\"name\":\"Produkter\",\"item\":\"https:\\\/\\\/everydaychemshop.com\\\/da\\\/produkter\\\/\"},{\"@type\":\"ListItem\",\"position\":3,\"name\":\"Alpha-PVP\"}]},{\"@type\":\"WebSite\",\"@id\":\"https:\\\/\\\/everydaychemshop.com\\\/da\\\/#website\",\"url\":\"https:\\\/\\\/everydaychemshop.com\\\/da\\\/\",\"name\":\"Everyday Chem Shop\",\"description\":\"\",\"potentialAction\":[{\"@type\":\"SearchAction\",\"target\":{\"@type\":\"EntryPoint\",\"urlTemplate\":\"https:\\\/\\\/everydaychemshop.com\\\/da\\\/?s={search_term_string}\"},\"query-input\":{\"@type\":\"PropertyValueSpecification\",\"valueRequired\":true,\"valueName\":\"search_term_string\"}}],\"inLanguage\":\"en-US\"}]}<\/script>\n<!-- \/ Yoast SEO Premium plugin. -->","yoast_head_json":{"title":"K\u00f8b Alpha-PVP krystal online - Everyday Chem Shop","description":"K\u00f8b Alpha-PVP krystal online. Vi s\u00e6lger den bedste kvalitet Alpha-PVP krystal online. Kontakt os venligst for priser og information","robots":{"index":"index","follow":"follow","max-snippet":"max-snippet:-1","max-image-preview":"max-image-preview:large","max-video-preview":"max-video-preview:-1"},"canonical":"https:\/\/everydaychemshop.com\/da\/product\/alfa-pvp\/","og_locale":"en_US","og_type":"article","og_title":"Alpha-PVP","og_description":"K\u00f8b Alpha-PVP krystal online. Vi s\u00e6lger den bedste kvalitet Alpha-PVP krystal online. Kontakt os venligst for priser og information","og_url":"https:\/\/everydaychemshop.com\/da\/product\/alfa-pvp\/","og_site_name":"Everyday Chem Shop","article_modified_time":"2023-04-08T05:47:16+00:00","og_image":[{"width":458,"height":458,"url":"https:\/\/everydaychemshop.com\/da\/wp-content\/uploads\/sites\/2\/2022\/11\/Buy-alpha-pvp.jpg","type":"image\/jpeg"}],"twitter_card":"summary_large_image","twitter_misc":{"Est. reading time":"2 minutes"},"schema":{"@context":"https:\/\/schema.org","@graph":[{"@type":"WebPage","@id":"https:\/\/everydaychemshop.com\/da\/product\/alfa-pvp\/","url":"https:\/\/everydaychemshop.com\/da\/product\/alfa-pvp\/","name":"K\u00f8b Alpha-PVP krystal online - Everyday Chem Shop","isPartOf":{"@id":"https:\/\/everydaychemshop.com\/da\/#website"},"primaryImageOfPage":{"@id":"https:\/\/everydaychemshop.com\/da\/product\/alfa-pvp\/#primaryimage"},"image":{"@id":"https:\/\/everydaychemshop.com\/da\/product\/alfa-pvp\/#primaryimage"},"thumbnailUrl":"https:\/\/everydaychemshop.com\/da\/wp-content\/uploads\/sites\/2\/2022\/11\/Buy-alpha-pvp.jpg","datePublished":"2022-11-19T08:07:54+00:00","dateModified":"2023-04-08T05:47:16+00:00","description":"K\u00f8b Alpha-PVP krystal online. Vi s\u00e6lger den bedste kvalitet Alpha-PVP krystal online. Kontakt os venligst for priser og information","breadcrumb":{"@id":"https:\/\/everydaychemshop.com\/da\/product\/alfa-pvp\/#breadcrumb"},"inLanguage":"en-US","potentialAction":[{"@type":"ReadAction","target":["https:\/\/everydaychemshop.com\/da\/product\/alfa-pvp\/"]}]},{"@type":"ImageObject","inLanguage":"en-US","@id":"https:\/\/everydaychemshop.com\/da\/product\/alfa-pvp\/#primaryimage","url":"https:\/\/everydaychemshop.com\/da\/wp-content\/uploads\/sites\/2\/2022\/11\/Buy-alpha-pvp.jpg","contentUrl":"https:\/\/everydaychemshop.com\/da\/wp-content\/uploads\/sites\/2\/2022\/11\/Buy-alpha-pvp.jpg","width":458,"height":458,"caption":"K\u00f8b Alpha-PVP krystal online"},{"@type":"BreadcrumbList","@id":"https:\/\/everydaychemshop.com\/da\/product\/alfa-pvp\/#breadcrumb","itemListElement":[{"@type":"ListItem","position":1,"name":"Home","item":"https:\/\/everydaychemshop.com\/da\/"},{"@type":"ListItem","position":2,"name":"Produkter","item":"https:\/\/everydaychemshop.com\/da\/produkter\/"},{"@type":"ListItem","position":3,"name":"Alpha-PVP"}]},{"@type":"WebSite","@id":"https:\/\/everydaychemshop.com\/da\/#website","url":"https:\/\/everydaychemshop.com\/da\/","name":"Everyday Chem Shop","description":"","potentialAction":[{"@type":"SearchAction","target":{"@type":"EntryPoint","urlTemplate":"https:\/\/everydaychemshop.com\/da\/?s={search_term_string}"},"query-input":{"@type":"PropertyValueSpecification","valueRequired":true,"valueName":"search_term_string"}}],"inLanguage":"en-US"}]}},"_links":{"self":[{"href":"https:\/\/everydaychemshop.com\/da\/wp-json\/wp\/v2\/product\/8110","targetHints":{"allow":["GET"]}}],"collection":[{"href":"https:\/\/everydaychemshop.com\/da\/wp-json\/wp\/v2\/product"}],"about":[{"href":"https:\/\/everydaychemshop.com\/da\/wp-json\/wp\/v2\/types\/product"}],"replies":[{"embeddable":true,"href":"https:\/\/everydaychemshop.com\/da\/wp-json\/wp\/v2\/comments?post=8110"}],"wp:featuredmedia":[{"embeddable":true,"href":"https:\/\/everydaychemshop.com\/da\/wp-json\/wp\/v2\/media\/8123"}],"wp:attachment":[{"href":"https:\/\/everydaychemshop.com\/da\/wp-json\/wp\/v2\/media?parent=8110"}],"wp:term":[{"taxonomy":"product_brand","embeddable":true,"href":"https:\/\/everydaychemshop.com\/da\/wp-json\/wp\/v2\/product_brand?post=8110"},{"taxonomy":"product_cat","embeddable":true,"href":"https:\/\/everydaychemshop.com\/da\/wp-json\/wp\/v2\/product_cat?post=8110"},{"taxonomy":"product_tag","embeddable":true,"href":"https:\/\/everydaychemshop.com\/da\/wp-json\/wp\/v2\/product_tag?post=8110"}],"curies":[{"name":"wp","href":"https:\/\/api.w.org\/{rel}","templated":true}]}}