{"id":8124,"date":"2022-11-19T08:31:19","date_gmt":"2022-11-19T08:31:19","guid":{"rendered":"https:\/\/everydaychemshop.com\/da\/?post_type=product&#038;p=8124"},"modified":"2023-04-08T05:45:59","modified_gmt":"2023-04-08T05:45:59","slug":"alprazolam-pulver","status":"publish","type":"product","link":"https:\/\/everydaychemshop.com\/da\/product\/alprazolam-pulver\/","title":{"rendered":"Alprazolam pulver"},"content":{"rendered":"<h1><strong>K\u00f8b Alprazolam Pulver online<\/strong><\/h1>\n<p><a href=\"https:\/\/everydaychemshop.com\/da\/product\/alprazolam-pulver\/\">K\u00f8b Alprazolam Pulver online<\/a>. Alprazolam er et potent og benzodiazepin med en korttidsvirkende effekt, der beroliger centralnervesystemet. Dette bruges prim\u00e6rt til at behandle angst og panikangst. Eftersp\u00f8rgslen efter Alprazolam-pulver er drevet af \u00f8get geriatrisk befolkning, der er s\u00e5rbar over for depression og forekomsten af \u200b\u200bangstlidelser, herunder fobi og generaliseret angst. Derudover giver den hurtige og stressende livsstil, der f\u00f8rer til depression, v\u00e6kst i branchen. Derudover er der planlagt forsknings- og udviklingsarbejde p\u00e5 Alprazolam i prognoseperioden <a href=\"https:\/\/da.wikipedia.org\/wiki\/Alprazolam\">for<\/a> at udforske nye muligheder. Strenge regeringsbestemmelser og ugunstige virkninger p\u00e5 l\u00e6gemidler som narkotikaafh\u00e6ngighed h\u00e6mmer dog v\u00e6ksten. Du kan k\u00f8be ALPRAZOLAM online og f\u00e5 <strong>ALPRAZOLAM til salg online.<\/strong><\/p>\n<h3><strong>Brug<\/strong><\/h3>\n<p>Alprazolam (pludselige, uforudsigelige episoder med intens frygt og bekymring for disse episoder) bruges til at behandle angst- og panikangst. En l\u00e6gemiddelklasse kaldet benzodiazepiner er Alprazolam. Dette virker ved at reducere overdreven ophidselse i hjernen. Alprazolam bruges ogs\u00e5 nogle gange til at behandle depression, \u00e5ben plads-angst og pr\u00e6menstruelt syndrom. Det kan bruges under smertefulde omst\u00e6ndigheder. Diskuter med din l\u00e6ge om de potentielle trusler mod din tilstand, n\u00e5r du bruger dette l\u00e6gemiddel.<\/p>\n<h3><strong>Dosis<\/strong><\/h3>\n<p>Alprazolam er tilg\u00e6ngelig som en tablet, en tablet med forl\u00e6nget frigivelse og oralt r\u00e5dnende tablet (en tablet, der hurtigt opl\u00f8ses i munden). Tabletten tages normalt to eller fire gange om dagen, oralt desintegrerende tablet og koncentrerede opl\u00f8sninger. Fjerntabletten tages en gang dagligt, normalt om morgenen. F\u00f8lg n\u00f8je noterne p\u00e5 din receptskema og bed din apoteker eller l\u00e6ge om at beskrive noget, du ikke forst\u00e5r. Tag alprazolam som anvist. Brug kun dr\u00e5beholderen, der fulgte med recepten, til at tage den koncentrerede v\u00e6ske. Tr\u00e6k den n\u00f8dvendige dosis i dr\u00e5beholderen. Spr\u00f8jt dr\u00e5ber\u00f8ret i flydende eller halvfast mad som te, m\u00e6lk, sodavand, \u00e6blesuppe eller budding. Blend v\u00e6ske eller mad forsigtigt i et par sekunder. V\u00e6sken koncentreres helt ind i maden. Drik eller spis straks hele blandingen. Tag tabletten ud af flasken oralt lige f\u00f8r din dosis skal. \u00c5bn din flaske med t\u00f8rre h\u00e5ndflader, fjern tabletten og s\u00e6t den p\u00e5 din tunge med det samme. Tabletten kan opl\u00f8ses, og spyt kan sluges.<\/p>\n","protected":false},"excerpt":{"rendered":"<p><em>K\u00f8b<\/em>\u00a0Alprazolam Online \u2013 bestglobalmeds.com er den bedste leverand\u00f8r og leverand\u00f8r af\u00a0<em>Alprazolam-pulver<\/em>\u00a0hvor du kan\u00a0<em>k\u00f8be<\/em>\u00a0Xanax-pulver i engros. <em>Bestil<\/em>\u00a0Nu!<\/p>\n<p>K\u00f8b Alprazolam-pulver online. \u00c6gte Alprazolam pulver online \u2013 Alprazolam pulver til salg | K\u00f8b Alprazolam pulver online | K\u00f8b Alprazolam pulver til salg| K\u00f8b billigt Alprazolam pulver | Hvor kan man k\u00f8be Alprazolam-pulver online<\/p>\n","protected":false},"featured_media":8127,"comment_status":"open","ping_status":"closed","template":"","meta":{"inline_featured_image":false},"product_brand":[],"product_cat":[264],"product_tag":[],"class_list":{"0":"post-8124","1":"product","2":"type-product","3":"status-publish","4":"has-post-thumbnail","6":"product_cat-forskningskemisk","8":"first","9":"instock","10":"shipping-taxable","11":"purchasable","12":"product-type-variable","13":"has-default-attributes"},"yoast_head":"<!-- This site is optimized with the Yoast SEO Premium plugin v19.2 (Yoast SEO v27.3) - https:\/\/yoast.com\/product\/yoast-seo-premium-wordpress\/ -->\n<title>K\u00f8b Alprazolam Pulver online - Everyday Chem Shop<\/title>\n<meta name=\"description\" content=\"K\u00f8b Alprazolam Pulver online. Vi s\u00e6lger Alprazolam Powder af den bedste kvalitet online. Kontakt venligst for mere information og priser.\" \/>\n<meta name=\"robots\" content=\"index, follow, max-snippet:-1, max-image-preview:large, max-video-preview:-1\" \/>\n<link rel=\"canonical\" href=\"https:\/\/everydaychemshop.com\/da\/product\/alprazolam-pulver\/\" \/>\n<meta property=\"og:locale\" content=\"en_US\" \/>\n<meta property=\"og:type\" content=\"article\" \/>\n<meta property=\"og:title\" content=\"Alprazolam pulver\" \/>\n<meta property=\"og:description\" content=\"K\u00f8b Alprazolam Pulver online. Vi s\u00e6lger Alprazolam Powder af den bedste kvalitet online. Kontakt venligst for mere information og priser.\" \/>\n<meta property=\"og:url\" content=\"https:\/\/everydaychemshop.com\/da\/product\/alprazolam-pulver\/\" \/>\n<meta property=\"og:site_name\" content=\"Everyday Chem Shop\" \/>\n<meta property=\"article:modified_time\" content=\"2023-04-08T05:45:59+00:00\" \/>\n<meta property=\"og:image\" content=\"https:\/\/everydaychemshop.com\/da\/wp-content\/uploads\/sites\/2\/2022\/11\/Buy-Alprazolam-powder.jpg\" \/>\n\t<meta property=\"og:image:width\" content=\"259\" \/>\n\t<meta property=\"og:image:height\" content=\"194\" \/>\n\t<meta property=\"og:image:type\" content=\"image\/jpeg\" \/>\n<meta name=\"twitter:card\" content=\"summary_large_image\" \/>\n<meta name=\"twitter:label1\" content=\"Est. reading time\" \/>\n\t<meta name=\"twitter:data1\" content=\"2 minutes\" \/>\n<script type=\"application\/ld+json\" class=\"yoast-schema-graph\">{\"@context\":\"https:\\\/\\\/schema.org\",\"@graph\":[{\"@type\":\"WebPage\",\"@id\":\"https:\\\/\\\/everydaychemshop.com\\\/da\\\/product\\\/alprazolam-pulver\\\/\",\"url\":\"https:\\\/\\\/everydaychemshop.com\\\/da\\\/product\\\/alprazolam-pulver\\\/\",\"name\":\"K\u00f8b Alprazolam Pulver online - Everyday Chem Shop\",\"isPartOf\":{\"@id\":\"https:\\\/\\\/everydaychemshop.com\\\/da\\\/#website\"},\"primaryImageOfPage\":{\"@id\":\"https:\\\/\\\/everydaychemshop.com\\\/da\\\/product\\\/alprazolam-pulver\\\/#primaryimage\"},\"image\":{\"@id\":\"https:\\\/\\\/everydaychemshop.com\\\/da\\\/product\\\/alprazolam-pulver\\\/#primaryimage\"},\"thumbnailUrl\":\"https:\\\/\\\/everydaychemshop.com\\\/da\\\/wp-content\\\/uploads\\\/sites\\\/2\\\/2022\\\/11\\\/Buy-Alprazolam-powder.jpg\",\"datePublished\":\"2022-11-19T08:31:19+00:00\",\"dateModified\":\"2023-04-08T05:45:59+00:00\",\"description\":\"K\u00f8b Alprazolam Pulver online. Vi s\u00e6lger Alprazolam Powder af den bedste kvalitet online. Kontakt venligst for mere information og priser.\",\"breadcrumb\":{\"@id\":\"https:\\\/\\\/everydaychemshop.com\\\/da\\\/product\\\/alprazolam-pulver\\\/#breadcrumb\"},\"inLanguage\":\"en-US\",\"potentialAction\":[{\"@type\":\"ReadAction\",\"target\":[\"https:\\\/\\\/everydaychemshop.com\\\/da\\\/product\\\/alprazolam-pulver\\\/\"]}]},{\"@type\":\"ImageObject\",\"inLanguage\":\"en-US\",\"@id\":\"https:\\\/\\\/everydaychemshop.com\\\/da\\\/product\\\/alprazolam-pulver\\\/#primaryimage\",\"url\":\"https:\\\/\\\/everydaychemshop.com\\\/da\\\/wp-content\\\/uploads\\\/sites\\\/2\\\/2022\\\/11\\\/Buy-Alprazolam-powder.jpg\",\"contentUrl\":\"https:\\\/\\\/everydaychemshop.com\\\/da\\\/wp-content\\\/uploads\\\/sites\\\/2\\\/2022\\\/11\\\/Buy-Alprazolam-powder.jpg\",\"width\":259,\"height\":194,\"caption\":\"K\u00f8b Alprazolam Pulver online\"},{\"@type\":\"BreadcrumbList\",\"@id\":\"https:\\\/\\\/everydaychemshop.com\\\/da\\\/product\\\/alprazolam-pulver\\\/#breadcrumb\",\"itemListElement\":[{\"@type\":\"ListItem\",\"position\":1,\"name\":\"Home\",\"item\":\"https:\\\/\\\/everydaychemshop.com\\\/da\\\/\"},{\"@type\":\"ListItem\",\"position\":2,\"name\":\"Produkter\",\"item\":\"https:\\\/\\\/everydaychemshop.com\\\/da\\\/produkter\\\/\"},{\"@type\":\"ListItem\",\"position\":3,\"name\":\"Alprazolam pulver\"}]},{\"@type\":\"WebSite\",\"@id\":\"https:\\\/\\\/everydaychemshop.com\\\/da\\\/#website\",\"url\":\"https:\\\/\\\/everydaychemshop.com\\\/da\\\/\",\"name\":\"Everyday Chem Shop\",\"description\":\"\",\"potentialAction\":[{\"@type\":\"SearchAction\",\"target\":{\"@type\":\"EntryPoint\",\"urlTemplate\":\"https:\\\/\\\/everydaychemshop.com\\\/da\\\/?s={search_term_string}\"},\"query-input\":{\"@type\":\"PropertyValueSpecification\",\"valueRequired\":true,\"valueName\":\"search_term_string\"}}],\"inLanguage\":\"en-US\"}]}<\/script>\n<!-- \/ Yoast SEO Premium plugin. -->","yoast_head_json":{"title":"K\u00f8b Alprazolam Pulver online - Everyday Chem Shop","description":"K\u00f8b Alprazolam Pulver online. Vi s\u00e6lger Alprazolam Powder af den bedste kvalitet online. Kontakt venligst for mere information og priser.","robots":{"index":"index","follow":"follow","max-snippet":"max-snippet:-1","max-image-preview":"max-image-preview:large","max-video-preview":"max-video-preview:-1"},"canonical":"https:\/\/everydaychemshop.com\/da\/product\/alprazolam-pulver\/","og_locale":"en_US","og_type":"article","og_title":"Alprazolam pulver","og_description":"K\u00f8b Alprazolam Pulver online. Vi s\u00e6lger Alprazolam Powder af den bedste kvalitet online. Kontakt venligst for mere information og priser.","og_url":"https:\/\/everydaychemshop.com\/da\/product\/alprazolam-pulver\/","og_site_name":"Everyday Chem Shop","article_modified_time":"2023-04-08T05:45:59+00:00","og_image":[{"width":259,"height":194,"url":"https:\/\/everydaychemshop.com\/da\/wp-content\/uploads\/sites\/2\/2022\/11\/Buy-Alprazolam-powder.jpg","type":"image\/jpeg"}],"twitter_card":"summary_large_image","twitter_misc":{"Est. reading time":"2 minutes"},"schema":{"@context":"https:\/\/schema.org","@graph":[{"@type":"WebPage","@id":"https:\/\/everydaychemshop.com\/da\/product\/alprazolam-pulver\/","url":"https:\/\/everydaychemshop.com\/da\/product\/alprazolam-pulver\/","name":"K\u00f8b Alprazolam Pulver online - Everyday Chem Shop","isPartOf":{"@id":"https:\/\/everydaychemshop.com\/da\/#website"},"primaryImageOfPage":{"@id":"https:\/\/everydaychemshop.com\/da\/product\/alprazolam-pulver\/#primaryimage"},"image":{"@id":"https:\/\/everydaychemshop.com\/da\/product\/alprazolam-pulver\/#primaryimage"},"thumbnailUrl":"https:\/\/everydaychemshop.com\/da\/wp-content\/uploads\/sites\/2\/2022\/11\/Buy-Alprazolam-powder.jpg","datePublished":"2022-11-19T08:31:19+00:00","dateModified":"2023-04-08T05:45:59+00:00","description":"K\u00f8b Alprazolam Pulver online. Vi s\u00e6lger Alprazolam Powder af den bedste kvalitet online. Kontakt venligst for mere information og priser.","breadcrumb":{"@id":"https:\/\/everydaychemshop.com\/da\/product\/alprazolam-pulver\/#breadcrumb"},"inLanguage":"en-US","potentialAction":[{"@type":"ReadAction","target":["https:\/\/everydaychemshop.com\/da\/product\/alprazolam-pulver\/"]}]},{"@type":"ImageObject","inLanguage":"en-US","@id":"https:\/\/everydaychemshop.com\/da\/product\/alprazolam-pulver\/#primaryimage","url":"https:\/\/everydaychemshop.com\/da\/wp-content\/uploads\/sites\/2\/2022\/11\/Buy-Alprazolam-powder.jpg","contentUrl":"https:\/\/everydaychemshop.com\/da\/wp-content\/uploads\/sites\/2\/2022\/11\/Buy-Alprazolam-powder.jpg","width":259,"height":194,"caption":"K\u00f8b Alprazolam Pulver online"},{"@type":"BreadcrumbList","@id":"https:\/\/everydaychemshop.com\/da\/product\/alprazolam-pulver\/#breadcrumb","itemListElement":[{"@type":"ListItem","position":1,"name":"Home","item":"https:\/\/everydaychemshop.com\/da\/"},{"@type":"ListItem","position":2,"name":"Produkter","item":"https:\/\/everydaychemshop.com\/da\/produkter\/"},{"@type":"ListItem","position":3,"name":"Alprazolam pulver"}]},{"@type":"WebSite","@id":"https:\/\/everydaychemshop.com\/da\/#website","url":"https:\/\/everydaychemshop.com\/da\/","name":"Everyday Chem Shop","description":"","potentialAction":[{"@type":"SearchAction","target":{"@type":"EntryPoint","urlTemplate":"https:\/\/everydaychemshop.com\/da\/?s={search_term_string}"},"query-input":{"@type":"PropertyValueSpecification","valueRequired":true,"valueName":"search_term_string"}}],"inLanguage":"en-US"}]}},"_links":{"self":[{"href":"https:\/\/everydaychemshop.com\/da\/wp-json\/wp\/v2\/product\/8124","targetHints":{"allow":["GET"]}}],"collection":[{"href":"https:\/\/everydaychemshop.com\/da\/wp-json\/wp\/v2\/product"}],"about":[{"href":"https:\/\/everydaychemshop.com\/da\/wp-json\/wp\/v2\/types\/product"}],"replies":[{"embeddable":true,"href":"https:\/\/everydaychemshop.com\/da\/wp-json\/wp\/v2\/comments?post=8124"}],"wp:featuredmedia":[{"embeddable":true,"href":"https:\/\/everydaychemshop.com\/da\/wp-json\/wp\/v2\/media\/8127"}],"wp:attachment":[{"href":"https:\/\/everydaychemshop.com\/da\/wp-json\/wp\/v2\/media?parent=8124"}],"wp:term":[{"taxonomy":"product_brand","embeddable":true,"href":"https:\/\/everydaychemshop.com\/da\/wp-json\/wp\/v2\/product_brand?post=8124"},{"taxonomy":"product_cat","embeddable":true,"href":"https:\/\/everydaychemshop.com\/da\/wp-json\/wp\/v2\/product_cat?post=8124"},{"taxonomy":"product_tag","embeddable":true,"href":"https:\/\/everydaychemshop.com\/da\/wp-json\/wp\/v2\/product_tag?post=8124"}],"curies":[{"name":"wp","href":"https:\/\/api.w.org\/{rel}","templated":true}]}}