{"id":8140,"date":"2022-11-19T08:53:59","date_gmt":"2022-11-19T08:53:59","guid":{"rendered":"https:\/\/everydaychemshop.com\/da\/?post_type=product&#038;p=8140"},"modified":"2023-04-08T05:43:32","modified_gmt":"2023-04-08T05:43:32","slug":"hdep-28-nyt-ethylnaphtidat","status":"publish","type":"product","link":"https:\/\/everydaychemshop.com\/da\/product\/hdep-28-nyt-ethylnaphtidat\/","title":{"rendered":"Hdep-28 Novel Ethylnaphtidate"},"content":{"rendered":"<div class=\"container\">\n<div class=\"row main-content-wrap\">\n<div class=\"main-content col-lg-12\">\n<div id=\"primary\" class=\"content-area\">\n<div id=\"product-1792\" class=\"product type-product post-1792 status-publish first instock product_cat-research-chemicals- and-bath-salt has-post-thumbnail shipping-skattepligtig k\u00f8bsbar product-type-variable has-default-attributes product-layout-default\">\n<div id=\"product-tab\" class=\"woocommerce-tabs woocommerce-tabs- xesk56dt resp-htabs\">\n<div class=\"resp-tabs-container\">\n<p class=\"tab-content resp-tab-content resp-tab-content-active\" aria-labelledby=\"tab_item-0\">K\u00f8b Hdep-28 krystalpulver online<\/p>\n<p><a href=\"https:\/\/everydaychemshop.com\/da\/product\/hdep-28-nyt-ethylnaphtidat\/\">K\u00f8b Hdep-28 krystalpulver online<\/a>. Som er en entactogen energizer, foresl\u00e5s det ofte som 3,4-methylendioxy-N-ethylcathinon. Ethylon har et produktivt navn p\u00e5 1-(1,3-Benzodioxol-5-yl)-2-(ethylamino)-1-propanon. Den subnukleare formel er C12H15NO3 med en almindelig masse p\u00e5 221,251999 Da og en monoisotopisk masse p\u00e5 221,104996 Da. K\u00f8b ethylen\u00a0kina. Ethylon v\u00e6rdifuld sten tilg\u00e6ngelig for k\u00f8b. K\u00f8b ethylen v\u00e6rdifulde sten. Ethylon leverand\u00f8r. K\u00f8b ethylonneds\u00e6ttelse. rabat Ethylone<\/p>\n<p>Evaluering af Ethylone blev koordineret af ACD\/Labs&#8217; og ChemAxon. Egenskaber, der var forudset af ACD\/Labs demonstrerede 4 #H-sikkerhedsacceptorer, 4 #Friligt drejende v\u00e6rdipapirer, en rekord for brydning ved 1,54 med en overfladetrykfaktor p\u00e5 44,3470001220703 dyn\/cm, en burst-motivation bag 172,845 \u00b0C og en begr\u00e6nsning 362.188 \u00b0C <a href=\"https:\/\/en.wikipedia.org\/wiki\/HDEP-28\">ved<\/a> 760 mmHg.<\/p>\n<p>Denne ting er normal for logiske og forskningsapplikationer.<\/p>\n<p>Denne ting er blevet oprettet og fors\u00f8gt at opfylde ISO17025:2005 og Guide 34:2009 standarder<\/p>\n<p>Vi er den bedste forening og har et hurtigt forhold til forskellige producenter og leverand\u00f8rer rundt om i verden. Vi tilbyder simpelthen f\u00f8rsteklasses vurderingskvalitet til vores kunder! Noget grundl\u00e6ggende det samme, som vi stort set forventer, n\u00e5r vi k\u00f8ber varer.<\/p>\n<p>P\u00e5 grund af dette kan vi f\u00e5 de absolut bedste kvalitetsting til de mest reelle udgifter, og give kvaliteten videre til dig til den bedste regning !<\/p>\n<p>Alt hvad vi s\u00e6lger er af f\u00f8rsteklasses kvalitet, vi beder alle kunder om at GC\/MS deres ting for pr\u00e6cision og legitimitet. Vi udf\u00f8rer vores egne test p\u00e5 hver forsendelse for at sikre, at kvalitetsrester af dele er p\u00e5 100 %, vi bekymrer os om vores kunder, og at de helt sikkert f\u00e5r det avancerede med deres k\u00f8b.<\/p>\n<p>Vores forretning er begejstret. afh\u00e6nger af, at vi fuldt ud behandler din henvendelse, uanset hvad &#8211; p\u00e5 en hj\u00e6lpsom m\u00e5de. Vi efterlader aldrig noget sp\u00f8rgsm\u00e5l tvivlsomt nogensinde, og vi fors\u00f8ger at give dig de bedste recepter og delikat fyrv\u00e6rkeri til de bedste omkostninger, med den mest snigende transport! I tilf\u00e6lde af, at det ikke er s\u00e5 meget besv\u00e6r, skal du v\u00e6re sikker, og l\u00e6g din opfordring til med overbevisning!<\/p>\n<p>Vi har vist os at v\u00e6re ekstremt st\u00e6rke, og p\u00e5 hvilket tidspunkt du f\u00e5r den \u00e5bne d\u00f8r, vil vi vise sig at v\u00e6re bem\u00e6rkelsesv\u00e6rdigt, at du kan komme til at stole p\u00e5 og g\u00f8re faste forretninger med alligevel l\u00e6nge vi er t\u00e6t p\u00e5! Vi vil ikke tillade dig at g\u00e5 ned.<\/p>\n<p>Vi giver de medf\u00f8lgende numre, n\u00e5r gruppen er sendt med det form\u00e5l, at du kan f\u00f8lge udviklingen af \u200b\u200bdit bundt.<\/p>\n<p>div&gt;<\/p>\n<\/div>\n<\/div>\n<p>&nbsp;<\/p>\n<\/div>\n<\/div>\n<\/div>\n<\/div>\n<div class=\"related products\">\n<div class=\"container\"><\/div>\n<\/div>\n<\/div>\n","protected":false},"excerpt":{"rendered":"<p>K\u00f8b hdep-28 Novel Ethylnaphthidate til salg i Storbritannien, Europa online. IUPAC: ethyl-2-(naphthalen-2-yl)-2-(piperidin-2-yl)acetat. Bestil hdep-28 Novel Ethylnaphthidate<\/p>\n<p><em>K\u00f8b hdep<\/em>\u2013<em>28 Novel Ethylnaphthidate 1 oz<\/em>\u00a0Ethylnaphthidate, som nogle gange omtales som\u00a0<em>HDEP<\/em>\u2013<em>28<\/em>\u00a0er designet som en erstatning for forbudte Phenidat-serier.<\/p>\n<p>Ethylnaphthidate er et sp\u00e6ndende nyt produkt, der kan k\u00f8bes.<br \/>\nEthylnapthidate, som nogle gange omtales som HDEP -28 er designet som en erstatning for den nyligt forbudte Phenidat-serie af kemikalier<br \/>\nKunder, der arbejder med dette produkt i laboratoriet, kan forvente, at det producerer en lignende r\u00e6kke af effekter sammenlignet med &#8216;Phenidaterne.<br \/>\nVi forventer forskere vil finde HDEP 28 \/ Ethylnaphhidate et glimrende alternativ til ethylphenidat<br \/>\nIUPAC: ethyl 2-(naphthalen-2-yl)-2-(piperidin-2-yl)acetat<br \/>\nCAS#: N\/A<br \/>\nMolekylv\u00e6gt: 297,40<br \/>\nFormel: C19H23NO2<\/p>\n","protected":false},"featured_media":8143,"comment_status":"open","ping_status":"closed","template":"","meta":{"inline_featured_image":false},"product_brand":[],"product_cat":[264],"product_tag":[],"class_list":{"0":"post-8140","1":"product","2":"type-product","3":"status-publish","4":"has-post-thumbnail","6":"product_cat-forskningskemisk","8":"first","9":"instock","10":"shipping-taxable","11":"purchasable","12":"product-type-variable","13":"has-default-attributes"},"yoast_head":"<!-- This site is optimized with the Yoast SEO Premium plugin v19.2 (Yoast SEO v27.3) - https:\/\/yoast.com\/product\/yoast-seo-premium-wordpress\/ -->\n<title>K\u00f8b Hdep-28 krystalpulver online - Everyday Chem Shop<\/title>\n<meta name=\"description\" content=\"K\u00f8b Hdep-28 krystalpulver online. Vi s\u00e6lger den bedste kvalitet Hdep-28 krystalpulver online. Kontakt venligst for mere information og priser.\" \/>\n<meta name=\"robots\" content=\"index, follow, max-snippet:-1, max-image-preview:large, max-video-preview:-1\" \/>\n<link rel=\"canonical\" href=\"https:\/\/everydaychemshop.com\/da\/product\/hdep-28-nyt-ethylnaphtidat\/\" \/>\n<meta property=\"og:locale\" content=\"en_US\" \/>\n<meta property=\"og:type\" content=\"article\" \/>\n<meta property=\"og:title\" content=\"Hdep-28 Novel Ethylnaphtidate\" \/>\n<meta property=\"og:description\" content=\"K\u00f8b Hdep-28 krystalpulver online. Vi s\u00e6lger den bedste kvalitet Hdep-28 krystalpulver online. Kontakt venligst for mere information og priser.\" \/>\n<meta property=\"og:url\" content=\"https:\/\/everydaychemshop.com\/da\/product\/hdep-28-nyt-ethylnaphtidat\/\" \/>\n<meta property=\"og:site_name\" content=\"Everyday Chem Shop\" \/>\n<meta property=\"article:modified_time\" content=\"2023-04-08T05:43:32+00:00\" \/>\n<meta property=\"og:image\" content=\"https:\/\/everydaychemshop.com\/da\/wp-content\/uploads\/sites\/2\/2022\/11\/Buy-hdep-28-Novel-Ethylnaphthidate.jpg\" \/>\n\t<meta property=\"og:image:width\" content=\"600\" \/>\n\t<meta property=\"og:image:height\" content=\"600\" \/>\n\t<meta property=\"og:image:type\" content=\"image\/jpeg\" \/>\n<meta name=\"twitter:card\" content=\"summary_large_image\" \/>\n<meta name=\"twitter:label1\" content=\"Est. reading time\" \/>\n\t<meta name=\"twitter:data1\" content=\"2 minutes\" \/>\n<script type=\"application\/ld+json\" class=\"yoast-schema-graph\">{\"@context\":\"https:\\\/\\\/schema.org\",\"@graph\":[{\"@type\":\"WebPage\",\"@id\":\"https:\\\/\\\/everydaychemshop.com\\\/da\\\/product\\\/hdep-28-nyt-ethylnaphtidat\\\/\",\"url\":\"https:\\\/\\\/everydaychemshop.com\\\/da\\\/product\\\/hdep-28-nyt-ethylnaphtidat\\\/\",\"name\":\"K\u00f8b Hdep-28 krystalpulver online - Everyday Chem Shop\",\"isPartOf\":{\"@id\":\"https:\\\/\\\/everydaychemshop.com\\\/da\\\/#website\"},\"primaryImageOfPage\":{\"@id\":\"https:\\\/\\\/everydaychemshop.com\\\/da\\\/product\\\/hdep-28-nyt-ethylnaphtidat\\\/#primaryimage\"},\"image\":{\"@id\":\"https:\\\/\\\/everydaychemshop.com\\\/da\\\/product\\\/hdep-28-nyt-ethylnaphtidat\\\/#primaryimage\"},\"thumbnailUrl\":\"https:\\\/\\\/everydaychemshop.com\\\/da\\\/wp-content\\\/uploads\\\/sites\\\/2\\\/2022\\\/11\\\/Buy-hdep-28-Novel-Ethylnaphthidate.jpg\",\"datePublished\":\"2022-11-19T08:53:59+00:00\",\"dateModified\":\"2023-04-08T05:43:32+00:00\",\"description\":\"K\u00f8b Hdep-28 krystalpulver online. Vi s\u00e6lger den bedste kvalitet Hdep-28 krystalpulver online. Kontakt venligst for mere information og priser.\",\"breadcrumb\":{\"@id\":\"https:\\\/\\\/everydaychemshop.com\\\/da\\\/product\\\/hdep-28-nyt-ethylnaphtidat\\\/#breadcrumb\"},\"inLanguage\":\"en-US\",\"potentialAction\":[{\"@type\":\"ReadAction\",\"target\":[\"https:\\\/\\\/everydaychemshop.com\\\/da\\\/product\\\/hdep-28-nyt-ethylnaphtidat\\\/\"]}]},{\"@type\":\"ImageObject\",\"inLanguage\":\"en-US\",\"@id\":\"https:\\\/\\\/everydaychemshop.com\\\/da\\\/product\\\/hdep-28-nyt-ethylnaphtidat\\\/#primaryimage\",\"url\":\"https:\\\/\\\/everydaychemshop.com\\\/da\\\/wp-content\\\/uploads\\\/sites\\\/2\\\/2022\\\/11\\\/Buy-hdep-28-Novel-Ethylnaphthidate.jpg\",\"contentUrl\":\"https:\\\/\\\/everydaychemshop.com\\\/da\\\/wp-content\\\/uploads\\\/sites\\\/2\\\/2022\\\/11\\\/Buy-hdep-28-Novel-Ethylnaphthidate.jpg\",\"width\":600,\"height\":600,\"caption\":\"K\u00f8b Hdep-28 krystalpulver online\"},{\"@type\":\"BreadcrumbList\",\"@id\":\"https:\\\/\\\/everydaychemshop.com\\\/da\\\/product\\\/hdep-28-nyt-ethylnaphtidat\\\/#breadcrumb\",\"itemListElement\":[{\"@type\":\"ListItem\",\"position\":1,\"name\":\"Home\",\"item\":\"https:\\\/\\\/everydaychemshop.com\\\/da\\\/\"},{\"@type\":\"ListItem\",\"position\":2,\"name\":\"Produkter\",\"item\":\"https:\\\/\\\/everydaychemshop.com\\\/da\\\/produkter\\\/\"},{\"@type\":\"ListItem\",\"position\":3,\"name\":\"Hdep-28 Novel Ethylnaphtidate\"}]},{\"@type\":\"WebSite\",\"@id\":\"https:\\\/\\\/everydaychemshop.com\\\/da\\\/#website\",\"url\":\"https:\\\/\\\/everydaychemshop.com\\\/da\\\/\",\"name\":\"Everyday Chem Shop\",\"description\":\"\",\"potentialAction\":[{\"@type\":\"SearchAction\",\"target\":{\"@type\":\"EntryPoint\",\"urlTemplate\":\"https:\\\/\\\/everydaychemshop.com\\\/da\\\/?s={search_term_string}\"},\"query-input\":{\"@type\":\"PropertyValueSpecification\",\"valueRequired\":true,\"valueName\":\"search_term_string\"}}],\"inLanguage\":\"en-US\"}]}<\/script>\n<!-- \/ Yoast SEO Premium plugin. -->","yoast_head_json":{"title":"K\u00f8b Hdep-28 krystalpulver online - Everyday Chem Shop","description":"K\u00f8b Hdep-28 krystalpulver online. Vi s\u00e6lger den bedste kvalitet Hdep-28 krystalpulver online. Kontakt venligst for mere information og priser.","robots":{"index":"index","follow":"follow","max-snippet":"max-snippet:-1","max-image-preview":"max-image-preview:large","max-video-preview":"max-video-preview:-1"},"canonical":"https:\/\/everydaychemshop.com\/da\/product\/hdep-28-nyt-ethylnaphtidat\/","og_locale":"en_US","og_type":"article","og_title":"Hdep-28 Novel Ethylnaphtidate","og_description":"K\u00f8b Hdep-28 krystalpulver online. Vi s\u00e6lger den bedste kvalitet Hdep-28 krystalpulver online. Kontakt venligst for mere information og priser.","og_url":"https:\/\/everydaychemshop.com\/da\/product\/hdep-28-nyt-ethylnaphtidat\/","og_site_name":"Everyday Chem Shop","article_modified_time":"2023-04-08T05:43:32+00:00","og_image":[{"width":600,"height":600,"url":"https:\/\/everydaychemshop.com\/da\/wp-content\/uploads\/sites\/2\/2022\/11\/Buy-hdep-28-Novel-Ethylnaphthidate.jpg","type":"image\/jpeg"}],"twitter_card":"summary_large_image","twitter_misc":{"Est. reading time":"2 minutes"},"schema":{"@context":"https:\/\/schema.org","@graph":[{"@type":"WebPage","@id":"https:\/\/everydaychemshop.com\/da\/product\/hdep-28-nyt-ethylnaphtidat\/","url":"https:\/\/everydaychemshop.com\/da\/product\/hdep-28-nyt-ethylnaphtidat\/","name":"K\u00f8b Hdep-28 krystalpulver online - Everyday Chem Shop","isPartOf":{"@id":"https:\/\/everydaychemshop.com\/da\/#website"},"primaryImageOfPage":{"@id":"https:\/\/everydaychemshop.com\/da\/product\/hdep-28-nyt-ethylnaphtidat\/#primaryimage"},"image":{"@id":"https:\/\/everydaychemshop.com\/da\/product\/hdep-28-nyt-ethylnaphtidat\/#primaryimage"},"thumbnailUrl":"https:\/\/everydaychemshop.com\/da\/wp-content\/uploads\/sites\/2\/2022\/11\/Buy-hdep-28-Novel-Ethylnaphthidate.jpg","datePublished":"2022-11-19T08:53:59+00:00","dateModified":"2023-04-08T05:43:32+00:00","description":"K\u00f8b Hdep-28 krystalpulver online. Vi s\u00e6lger den bedste kvalitet Hdep-28 krystalpulver online. Kontakt venligst for mere information og priser.","breadcrumb":{"@id":"https:\/\/everydaychemshop.com\/da\/product\/hdep-28-nyt-ethylnaphtidat\/#breadcrumb"},"inLanguage":"en-US","potentialAction":[{"@type":"ReadAction","target":["https:\/\/everydaychemshop.com\/da\/product\/hdep-28-nyt-ethylnaphtidat\/"]}]},{"@type":"ImageObject","inLanguage":"en-US","@id":"https:\/\/everydaychemshop.com\/da\/product\/hdep-28-nyt-ethylnaphtidat\/#primaryimage","url":"https:\/\/everydaychemshop.com\/da\/wp-content\/uploads\/sites\/2\/2022\/11\/Buy-hdep-28-Novel-Ethylnaphthidate.jpg","contentUrl":"https:\/\/everydaychemshop.com\/da\/wp-content\/uploads\/sites\/2\/2022\/11\/Buy-hdep-28-Novel-Ethylnaphthidate.jpg","width":600,"height":600,"caption":"K\u00f8b Hdep-28 krystalpulver online"},{"@type":"BreadcrumbList","@id":"https:\/\/everydaychemshop.com\/da\/product\/hdep-28-nyt-ethylnaphtidat\/#breadcrumb","itemListElement":[{"@type":"ListItem","position":1,"name":"Home","item":"https:\/\/everydaychemshop.com\/da\/"},{"@type":"ListItem","position":2,"name":"Produkter","item":"https:\/\/everydaychemshop.com\/da\/produkter\/"},{"@type":"ListItem","position":3,"name":"Hdep-28 Novel Ethylnaphtidate"}]},{"@type":"WebSite","@id":"https:\/\/everydaychemshop.com\/da\/#website","url":"https:\/\/everydaychemshop.com\/da\/","name":"Everyday Chem Shop","description":"","potentialAction":[{"@type":"SearchAction","target":{"@type":"EntryPoint","urlTemplate":"https:\/\/everydaychemshop.com\/da\/?s={search_term_string}"},"query-input":{"@type":"PropertyValueSpecification","valueRequired":true,"valueName":"search_term_string"}}],"inLanguage":"en-US"}]}},"_links":{"self":[{"href":"https:\/\/everydaychemshop.com\/da\/wp-json\/wp\/v2\/product\/8140","targetHints":{"allow":["GET"]}}],"collection":[{"href":"https:\/\/everydaychemshop.com\/da\/wp-json\/wp\/v2\/product"}],"about":[{"href":"https:\/\/everydaychemshop.com\/da\/wp-json\/wp\/v2\/types\/product"}],"replies":[{"embeddable":true,"href":"https:\/\/everydaychemshop.com\/da\/wp-json\/wp\/v2\/comments?post=8140"}],"wp:featuredmedia":[{"embeddable":true,"href":"https:\/\/everydaychemshop.com\/da\/wp-json\/wp\/v2\/media\/8143"}],"wp:attachment":[{"href":"https:\/\/everydaychemshop.com\/da\/wp-json\/wp\/v2\/media?parent=8140"}],"wp:term":[{"taxonomy":"product_brand","embeddable":true,"href":"https:\/\/everydaychemshop.com\/da\/wp-json\/wp\/v2\/product_brand?post=8140"},{"taxonomy":"product_cat","embeddable":true,"href":"https:\/\/everydaychemshop.com\/da\/wp-json\/wp\/v2\/product_cat?post=8140"},{"taxonomy":"product_tag","embeddable":true,"href":"https:\/\/everydaychemshop.com\/da\/wp-json\/wp\/v2\/product_tag?post=8140"}],"curies":[{"name":"wp","href":"https:\/\/api.w.org\/{rel}","templated":true}]}}