{"id":8150,"date":"2022-11-19T09:19:03","date_gmt":"2022-11-19T09:19:03","guid":{"rendered":"https:\/\/everydaychemshop.com\/da\/?post_type=product&#038;p=8150"},"modified":"2023-04-08T05:42:16","modified_gmt":"2023-04-08T05:42:16","slug":"jwh-200","status":"publish","type":"product","link":"https:\/\/everydaychemshop.com\/da\/product\/jwh-200\/","title":{"rendered":"JWH-200"},"content":{"rendered":"<h1>K\u00f8b JWH-200 krystal online<\/h1>\n<p><a href=\"https:\/\/everydaychemshop.com\/da\/product\/jwh-200\/\">K\u00f8b JWH-200 krystal online<\/a>. JWH-200 (1-pentyl-3-(1-naphthoyl)indol) eller AM-678 er et smertestillende kemikalie fra naphthoylindol-familien, der fungerer som en fuld agonist ved b\u00e5de CB1- og CB2-cannabinoidreceptorerne, med en vis selektivitet for CB2. Det frembringer effekter hos dyr, der ligner dem af tetrahydrocannabinol (THC), en cannabinoid, der er naturligt til stede i cannabis, hvilket f\u00f8rer til dens anvendelse i syntetiske cannabisprodukter, <a href=\"https:\/\/en.wikipedia.org\/wiki\/JWH-200\">der<\/a> i nogle lande s\u00e6lges lovligt som &#8220;r\u00f8gelsesblandinger&#8221;. K\u00f8b JWH-200 Research Chemicals<\/p>\n<p>JWH-200&#8217;s stofskifte blev vurderet ved hj\u00e6lp af Wistar-rotter, som havde f\u00e5et et ethanolekstrakt indeholdende JWH-200. Urin opsamlet i 24 timer, efterfulgt af ekstraktion af JWH-200-metabolitter ved hj\u00e6lp af b\u00e5de v\u00e6ske-v\u00e6ske-ekstraktion og fastfase-ekstraktion. GC-MS blev anvendt til at adskille og identificere de ekstraherede forbindelser. JWH-200 og dets N-dealkylerede metabolit detekteres kun i sm\u00e5 m\u00e6ngder, hvor hydroxylerede N-dealkylerede metabolitter udg\u00f8r det prim\u00e6re signal. Det observerede masseskift indikerer, at det er sandsynligt, at hydroxylering forekommer i b\u00e5de naphthalen- og indoldelene af molekylet. Humane metabolitter var ens, selvom det meste metabolisme fandt sted p\u00e5 indolringen og pentylsidek\u00e6den, og de hydroxylerede metabolitter var i vid udstr\u00e6kning konjugeret med glucuronid.<\/p>\n<h3>Anvendelse K\u00f8b JWH-200 Research Chemicals<\/h3>\n<p>P\u00e5 mindst \u00e9t \u200b\u200btilf\u00e6lde af JWH-200-afh\u00e6ngighed er rapporteret af medierne. Brugeren indtog JWH-018 dagligt i otte m\u00e5neder. Abstinenssymptomer var mere alvorlige end dem, man oplevede som f\u00f8lge af cannabisafh\u00e6ngighed. JWH-200 har vist sig at for\u00e5rsage dybtg\u00e5ende \u00e6ndringer i CB1-receptordensiteten efter administration. For\u00e5rsager desensibilisering af dens virkninger hurtigere end relaterede cannabinoider.<\/p>\n","protected":false},"excerpt":{"rendered":"<p>K\u00f8b JWH-200 kemisk pulver til salg i Storbritannien, Europa online. (1-(2-morpholin-4-ylethyl)indol-3-yl)-naphthalen-1-ylmethanon er et andet navn. Kom og k\u00f8b nu!. Vi har den bedste diskrete paknings- og forsendelsesmetode.<\/p>\n","protected":false},"featured_media":8156,"comment_status":"open","ping_status":"closed","template":"","meta":{"inline_featured_image":false},"product_brand":[],"product_cat":[264],"product_tag":[],"class_list":{"0":"post-8150","1":"product","2":"type-product","3":"status-publish","4":"has-post-thumbnail","6":"product_cat-forskningskemisk","8":"first","9":"instock","10":"shipping-taxable","11":"purchasable","12":"product-type-variable","13":"has-default-attributes"},"yoast_head":"<!-- This site is optimized with the Yoast SEO Premium plugin v19.2 (Yoast SEO v27.3) - https:\/\/yoast.com\/product\/yoast-seo-premium-wordpress\/ -->\n<title>K\u00f8b JWH-200 krystal online - Everyday Chem Shop<\/title>\n<meta name=\"description\" content=\"K\u00f8b JWH-200 krystal online. Vi s\u00e6lger den bedste kvalitet JWH-200 krystal online. Kontakt venligst for mere information og priser p\u00e5 din ordre.\" \/>\n<meta name=\"robots\" content=\"index, follow, max-snippet:-1, max-image-preview:large, max-video-preview:-1\" \/>\n<link rel=\"canonical\" href=\"https:\/\/everydaychemshop.com\/da\/product\/jwh-200\/\" \/>\n<meta property=\"og:locale\" content=\"en_US\" \/>\n<meta property=\"og:type\" content=\"article\" \/>\n<meta property=\"og:title\" content=\"JWH-200\" \/>\n<meta property=\"og:description\" content=\"K\u00f8b JWH-200 krystal online. Vi s\u00e6lger den bedste kvalitet JWH-200 krystal online. Kontakt venligst for mere information og priser p\u00e5 din ordre.\" \/>\n<meta property=\"og:url\" content=\"https:\/\/everydaychemshop.com\/da\/product\/jwh-200\/\" \/>\n<meta property=\"og:site_name\" content=\"Everyday Chem Shop\" \/>\n<meta property=\"article:modified_time\" content=\"2023-04-08T05:42:16+00:00\" \/>\n<meta property=\"og:image\" content=\"https:\/\/everydaychemshop.com\/da\/wp-content\/uploads\/sites\/2\/2022\/11\/Buy-JWH-200-Chemical.jpg\" \/>\n\t<meta property=\"og:image:width\" content=\"458\" \/>\n\t<meta property=\"og:image:height\" content=\"458\" \/>\n\t<meta property=\"og:image:type\" content=\"image\/jpeg\" \/>\n<meta name=\"twitter:card\" content=\"summary_large_image\" \/>\n<meta name=\"twitter:label1\" content=\"Est. reading time\" \/>\n\t<meta name=\"twitter:data1\" content=\"2 minutes\" \/>\n<script type=\"application\/ld+json\" class=\"yoast-schema-graph\">{\"@context\":\"https:\\\/\\\/schema.org\",\"@graph\":[{\"@type\":\"WebPage\",\"@id\":\"https:\\\/\\\/everydaychemshop.com\\\/da\\\/product\\\/jwh-200\\\/\",\"url\":\"https:\\\/\\\/everydaychemshop.com\\\/da\\\/product\\\/jwh-200\\\/\",\"name\":\"K\u00f8b JWH-200 krystal online - Everyday Chem Shop\",\"isPartOf\":{\"@id\":\"https:\\\/\\\/everydaychemshop.com\\\/da\\\/#website\"},\"primaryImageOfPage\":{\"@id\":\"https:\\\/\\\/everydaychemshop.com\\\/da\\\/product\\\/jwh-200\\\/#primaryimage\"},\"image\":{\"@id\":\"https:\\\/\\\/everydaychemshop.com\\\/da\\\/product\\\/jwh-200\\\/#primaryimage\"},\"thumbnailUrl\":\"https:\\\/\\\/everydaychemshop.com\\\/da\\\/wp-content\\\/uploads\\\/sites\\\/2\\\/2022\\\/11\\\/Buy-JWH-200-Chemical.jpg\",\"datePublished\":\"2022-11-19T09:19:03+00:00\",\"dateModified\":\"2023-04-08T05:42:16+00:00\",\"description\":\"K\u00f8b JWH-200 krystal online. Vi s\u00e6lger den bedste kvalitet JWH-200 krystal online. Kontakt venligst for mere information og priser p\u00e5 din ordre.\",\"breadcrumb\":{\"@id\":\"https:\\\/\\\/everydaychemshop.com\\\/da\\\/product\\\/jwh-200\\\/#breadcrumb\"},\"inLanguage\":\"en-US\",\"potentialAction\":[{\"@type\":\"ReadAction\",\"target\":[\"https:\\\/\\\/everydaychemshop.com\\\/da\\\/product\\\/jwh-200\\\/\"]}]},{\"@type\":\"ImageObject\",\"inLanguage\":\"en-US\",\"@id\":\"https:\\\/\\\/everydaychemshop.com\\\/da\\\/product\\\/jwh-200\\\/#primaryimage\",\"url\":\"https:\\\/\\\/everydaychemshop.com\\\/da\\\/wp-content\\\/uploads\\\/sites\\\/2\\\/2022\\\/11\\\/Buy-JWH-200-Chemical.jpg\",\"contentUrl\":\"https:\\\/\\\/everydaychemshop.com\\\/da\\\/wp-content\\\/uploads\\\/sites\\\/2\\\/2022\\\/11\\\/Buy-JWH-200-Chemical.jpg\",\"width\":458,\"height\":458,\"caption\":\"K\u00f8b JWH-200 krystal online\"},{\"@type\":\"BreadcrumbList\",\"@id\":\"https:\\\/\\\/everydaychemshop.com\\\/da\\\/product\\\/jwh-200\\\/#breadcrumb\",\"itemListElement\":[{\"@type\":\"ListItem\",\"position\":1,\"name\":\"Home\",\"item\":\"https:\\\/\\\/everydaychemshop.com\\\/da\\\/\"},{\"@type\":\"ListItem\",\"position\":2,\"name\":\"Produkter\",\"item\":\"https:\\\/\\\/everydaychemshop.com\\\/da\\\/produkter\\\/\"},{\"@type\":\"ListItem\",\"position\":3,\"name\":\"JWH-200\"}]},{\"@type\":\"WebSite\",\"@id\":\"https:\\\/\\\/everydaychemshop.com\\\/da\\\/#website\",\"url\":\"https:\\\/\\\/everydaychemshop.com\\\/da\\\/\",\"name\":\"Everyday Chem Shop\",\"description\":\"\",\"potentialAction\":[{\"@type\":\"SearchAction\",\"target\":{\"@type\":\"EntryPoint\",\"urlTemplate\":\"https:\\\/\\\/everydaychemshop.com\\\/da\\\/?s={search_term_string}\"},\"query-input\":{\"@type\":\"PropertyValueSpecification\",\"valueRequired\":true,\"valueName\":\"search_term_string\"}}],\"inLanguage\":\"en-US\"}]}<\/script>\n<!-- \/ Yoast SEO Premium plugin. -->","yoast_head_json":{"title":"K\u00f8b JWH-200 krystal online - Everyday Chem Shop","description":"K\u00f8b JWH-200 krystal online. Vi s\u00e6lger den bedste kvalitet JWH-200 krystal online. Kontakt venligst for mere information og priser p\u00e5 din ordre.","robots":{"index":"index","follow":"follow","max-snippet":"max-snippet:-1","max-image-preview":"max-image-preview:large","max-video-preview":"max-video-preview:-1"},"canonical":"https:\/\/everydaychemshop.com\/da\/product\/jwh-200\/","og_locale":"en_US","og_type":"article","og_title":"JWH-200","og_description":"K\u00f8b JWH-200 krystal online. Vi s\u00e6lger den bedste kvalitet JWH-200 krystal online. Kontakt venligst for mere information og priser p\u00e5 din ordre.","og_url":"https:\/\/everydaychemshop.com\/da\/product\/jwh-200\/","og_site_name":"Everyday Chem Shop","article_modified_time":"2023-04-08T05:42:16+00:00","og_image":[{"width":458,"height":458,"url":"https:\/\/everydaychemshop.com\/da\/wp-content\/uploads\/sites\/2\/2022\/11\/Buy-JWH-200-Chemical.jpg","type":"image\/jpeg"}],"twitter_card":"summary_large_image","twitter_misc":{"Est. reading time":"2 minutes"},"schema":{"@context":"https:\/\/schema.org","@graph":[{"@type":"WebPage","@id":"https:\/\/everydaychemshop.com\/da\/product\/jwh-200\/","url":"https:\/\/everydaychemshop.com\/da\/product\/jwh-200\/","name":"K\u00f8b JWH-200 krystal online - Everyday Chem Shop","isPartOf":{"@id":"https:\/\/everydaychemshop.com\/da\/#website"},"primaryImageOfPage":{"@id":"https:\/\/everydaychemshop.com\/da\/product\/jwh-200\/#primaryimage"},"image":{"@id":"https:\/\/everydaychemshop.com\/da\/product\/jwh-200\/#primaryimage"},"thumbnailUrl":"https:\/\/everydaychemshop.com\/da\/wp-content\/uploads\/sites\/2\/2022\/11\/Buy-JWH-200-Chemical.jpg","datePublished":"2022-11-19T09:19:03+00:00","dateModified":"2023-04-08T05:42:16+00:00","description":"K\u00f8b JWH-200 krystal online. Vi s\u00e6lger den bedste kvalitet JWH-200 krystal online. Kontakt venligst for mere information og priser p\u00e5 din ordre.","breadcrumb":{"@id":"https:\/\/everydaychemshop.com\/da\/product\/jwh-200\/#breadcrumb"},"inLanguage":"en-US","potentialAction":[{"@type":"ReadAction","target":["https:\/\/everydaychemshop.com\/da\/product\/jwh-200\/"]}]},{"@type":"ImageObject","inLanguage":"en-US","@id":"https:\/\/everydaychemshop.com\/da\/product\/jwh-200\/#primaryimage","url":"https:\/\/everydaychemshop.com\/da\/wp-content\/uploads\/sites\/2\/2022\/11\/Buy-JWH-200-Chemical.jpg","contentUrl":"https:\/\/everydaychemshop.com\/da\/wp-content\/uploads\/sites\/2\/2022\/11\/Buy-JWH-200-Chemical.jpg","width":458,"height":458,"caption":"K\u00f8b JWH-200 krystal online"},{"@type":"BreadcrumbList","@id":"https:\/\/everydaychemshop.com\/da\/product\/jwh-200\/#breadcrumb","itemListElement":[{"@type":"ListItem","position":1,"name":"Home","item":"https:\/\/everydaychemshop.com\/da\/"},{"@type":"ListItem","position":2,"name":"Produkter","item":"https:\/\/everydaychemshop.com\/da\/produkter\/"},{"@type":"ListItem","position":3,"name":"JWH-200"}]},{"@type":"WebSite","@id":"https:\/\/everydaychemshop.com\/da\/#website","url":"https:\/\/everydaychemshop.com\/da\/","name":"Everyday Chem Shop","description":"","potentialAction":[{"@type":"SearchAction","target":{"@type":"EntryPoint","urlTemplate":"https:\/\/everydaychemshop.com\/da\/?s={search_term_string}"},"query-input":{"@type":"PropertyValueSpecification","valueRequired":true,"valueName":"search_term_string"}}],"inLanguage":"en-US"}]}},"_links":{"self":[{"href":"https:\/\/everydaychemshop.com\/da\/wp-json\/wp\/v2\/product\/8150","targetHints":{"allow":["GET"]}}],"collection":[{"href":"https:\/\/everydaychemshop.com\/da\/wp-json\/wp\/v2\/product"}],"about":[{"href":"https:\/\/everydaychemshop.com\/da\/wp-json\/wp\/v2\/types\/product"}],"replies":[{"embeddable":true,"href":"https:\/\/everydaychemshop.com\/da\/wp-json\/wp\/v2\/comments?post=8150"}],"wp:featuredmedia":[{"embeddable":true,"href":"https:\/\/everydaychemshop.com\/da\/wp-json\/wp\/v2\/media\/8156"}],"wp:attachment":[{"href":"https:\/\/everydaychemshop.com\/da\/wp-json\/wp\/v2\/media?parent=8150"}],"wp:term":[{"taxonomy":"product_brand","embeddable":true,"href":"https:\/\/everydaychemshop.com\/da\/wp-json\/wp\/v2\/product_brand?post=8150"},{"taxonomy":"product_cat","embeddable":true,"href":"https:\/\/everydaychemshop.com\/da\/wp-json\/wp\/v2\/product_cat?post=8150"},{"taxonomy":"product_tag","embeddable":true,"href":"https:\/\/everydaychemshop.com\/da\/wp-json\/wp\/v2\/product_tag?post=8150"}],"curies":[{"name":"wp","href":"https:\/\/api.w.org\/{rel}","templated":true}]}}