{"id":8157,"date":"2022-11-19T09:28:30","date_gmt":"2022-11-19T09:28:30","guid":{"rendered":"https:\/\/everydaychemshop.com\/da\/?post_type=product&#038;p=8157"},"modified":"2023-04-08T05:41:09","modified_gmt":"2023-04-08T05:41:09","slug":"jwh-210-kemisk-pulver","status":"publish","type":"product","link":"https:\/\/everydaychemshop.com\/da\/product\/jwh-210-kemisk-pulver\/","title":{"rendered":"JWH-210 kemisk pulver"},"content":{"rendered":"<h1>K\u00f8b JWH-210 kemisk pulver online.<\/h1>\n<p>K\u00f8b JWH-210 kemisk pulver online. JWH-210 pulver online er et smertestillende kemikalie fra naphthoylindol-familien, som fungerer som en potent\u00a0cannabinoid\u00a0agonist ved b\u00e5de\u00a0CB<sub>1<\/sub>\u00a0og\u00a0CB<sub>2<\/sub>\u00a0receptorer med K<sub>i<\/sub>\u00a0v\u00e6rdier p\u00e5 0,46 nM ved CB<sub>1<\/sub>\u00a0og 0,69 nM ved CB<sub>2<\/sub> . Det er et af de mest potente 4-substituerede naphthoylderivater i naphthoylindol-serien med en h\u00f8jere\u00a0 bindende affi nity\u00a0(dvs. lavere K<sub>i<\/sub>) ved CB<sub>1<\/sub>\u00a0end b\u00e5de dets 4-methyl- og 4-<i>n<\/i>-propylhomologer\u00a0JWH-122\u00a0(CB<sub>1<\/sub>\u00a0K<sub>i<\/sub>\u00a00,69 nM) og JWH-182 (CB<sub>1<\/sub>\u00a0K<sub>i<\/sub>\u00a00,65 nM) henholdsvis og end 4-methoxyforbindelsen\u00a0JWH-081\u00a0(CB<sub>1<\/sub>\u00a0K<sub>i<\/sub>\u00a01,2 nM).Det blev opdaget af og opkaldt efter John W. Huffman.<\/p>\n<p>Farmakologisk l\u00e6gemiddelklasse: JWH-210 er et smertestillende kemikalie fra naphthoylindol-familien og<br \/>\nvirker som en potent cannabinoidagonist ved b\u00e5de CB1- og CB2-receptorerne. Den har Ki-v\u00e6rdier p\u00e5 0,46 nM ved<br \/>\nCB1 og 0,69 nM ved CB2. Af den f\u00f8rste generation af syntetiske\u00a0cannabinoider er <a href=\"https:\/\/en.wikipedia.org\/wiki\/JWH-210\">det<\/a> en af \u200b\u200bde mest potente 4 &#8211;<br \/>\nsubstituerede naphthoylderivater i naphthoylindol-serien med en h\u00f8jere bindingsaffinitet ved CB1<br \/>\nend JWH-122, JWH-182 og JWH-081 (1).<\/p>\n<p>Metabolisme: Kendte metabolitter af JWH-210 er JWH-210 N-pentansyre-metabolit (p\u00e5viselig i<br \/>\nurin), JWH-210 N-(4-hydroxypentyl)-metabolit (p\u00e5viselig i urin og serum), JWH-210 N-( 5-<br \/>\nhydroxypentyl) metabolit (p\u00e5viselig i urin og serum), og JWH-210 5 hydroxyindol metabolit<br \/>\n(p\u00e5viselig i urin og serum). Hydroxyleringer p\u00e5 napthoylringen er ogs\u00e5 blevet rapporteret (2).<\/p>\n<p>Effekter og toksicitet: Brugerrapporter JWH-210 kan ryges efter at v\u00e6re blevet spr\u00f8jtet p\u00e5 et plantemateriale,<br \/>\nligesom cannabis. Effekter, start inden for 2-5 minutter efter injektion. Lidt er kendt om virkninger, der udelukkende skyldes indtagelse af JWH-210, men almindelige virkninger fra syntetiske cannabinoider er \u00e6ndring af hum\u00f8r og opfattelse, panikanfald\/agitation, cannabis-lignende h\u00f8je og milde hallucinogener (visuelle og auditive).<\/p>\n","protected":false},"excerpt":{"rendered":"<p>K\u00f8b JWH-210 Chemical Powder til salg online i Storbritannien, Europa, EU. JWH-210 Chemical Powder er et smertestillende kemikalie fra naphthoylindol-familien.<\/p>\n","protected":false},"featured_media":8160,"comment_status":"open","ping_status":"closed","template":"","meta":{"inline_featured_image":false},"product_brand":[],"product_cat":[264],"product_tag":[],"class_list":{"0":"post-8157","1":"product","2":"type-product","3":"status-publish","4":"has-post-thumbnail","6":"product_cat-forskningskemisk","8":"first","9":"instock","10":"shipping-taxable","11":"purchasable","12":"product-type-variable","13":"has-default-attributes"},"yoast_head":"<!-- This site is optimized with the Yoast SEO Premium plugin v19.2 (Yoast SEO v27.3) - https:\/\/yoast.com\/product\/yoast-seo-premium-wordpress\/ -->\n<title>K\u00f8b JWH-210 kemisk pulver online. - Everyday Chem Shop<\/title>\n<meta name=\"description\" content=\"K\u00f8b JWH-210 kemisk pulver online. Vi s\u00e6lger JWH-210 pulver af den bedste kvalitet online. Kontakt venligst for mere information og priser.\" \/>\n<meta name=\"robots\" content=\"index, follow, max-snippet:-1, max-image-preview:large, max-video-preview:-1\" \/>\n<link rel=\"canonical\" href=\"https:\/\/everydaychemshop.com\/da\/product\/jwh-210-kemisk-pulver\/\" \/>\n<meta property=\"og:locale\" content=\"en_US\" \/>\n<meta property=\"og:type\" content=\"article\" \/>\n<meta property=\"og:title\" content=\"JWH-210 kemisk pulver\" \/>\n<meta property=\"og:description\" content=\"K\u00f8b JWH-210 kemisk pulver online. Vi s\u00e6lger JWH-210 pulver af den bedste kvalitet online. Kontakt venligst for mere information og priser.\" \/>\n<meta property=\"og:url\" content=\"https:\/\/everydaychemshop.com\/da\/product\/jwh-210-kemisk-pulver\/\" \/>\n<meta property=\"og:site_name\" content=\"Everyday Chem Shop\" \/>\n<meta property=\"article:modified_time\" content=\"2023-04-08T05:41:09+00:00\" \/>\n<meta property=\"og:image\" content=\"https:\/\/everydaychemshop.com\/da\/wp-content\/uploads\/sites\/2\/2022\/11\/Buy-JWH-210-Chemical-Powder-Online.jpg\" \/>\n\t<meta property=\"og:image:width\" content=\"600\" \/>\n\t<meta property=\"og:image:height\" content=\"600\" \/>\n\t<meta property=\"og:image:type\" content=\"image\/jpeg\" \/>\n<meta name=\"twitter:card\" content=\"summary_large_image\" \/>\n<meta name=\"twitter:label1\" content=\"Est. reading time\" \/>\n\t<meta name=\"twitter:data1\" content=\"2 minutes\" \/>\n<script type=\"application\/ld+json\" class=\"yoast-schema-graph\">{\"@context\":\"https:\\\/\\\/schema.org\",\"@graph\":[{\"@type\":\"WebPage\",\"@id\":\"https:\\\/\\\/everydaychemshop.com\\\/da\\\/product\\\/jwh-210-kemisk-pulver\\\/\",\"url\":\"https:\\\/\\\/everydaychemshop.com\\\/da\\\/product\\\/jwh-210-kemisk-pulver\\\/\",\"name\":\"K\u00f8b JWH-210 kemisk pulver online. - Everyday Chem Shop\",\"isPartOf\":{\"@id\":\"https:\\\/\\\/everydaychemshop.com\\\/da\\\/#website\"},\"primaryImageOfPage\":{\"@id\":\"https:\\\/\\\/everydaychemshop.com\\\/da\\\/product\\\/jwh-210-kemisk-pulver\\\/#primaryimage\"},\"image\":{\"@id\":\"https:\\\/\\\/everydaychemshop.com\\\/da\\\/product\\\/jwh-210-kemisk-pulver\\\/#primaryimage\"},\"thumbnailUrl\":\"https:\\\/\\\/everydaychemshop.com\\\/da\\\/wp-content\\\/uploads\\\/sites\\\/2\\\/2022\\\/11\\\/Buy-JWH-210-Chemical-Powder-Online.jpg\",\"datePublished\":\"2022-11-19T09:28:30+00:00\",\"dateModified\":\"2023-04-08T05:41:09+00:00\",\"description\":\"K\u00f8b JWH-210 kemisk pulver online. Vi s\u00e6lger JWH-210 pulver af den bedste kvalitet online. Kontakt venligst for mere information og priser.\",\"breadcrumb\":{\"@id\":\"https:\\\/\\\/everydaychemshop.com\\\/da\\\/product\\\/jwh-210-kemisk-pulver\\\/#breadcrumb\"},\"inLanguage\":\"en-US\",\"potentialAction\":[{\"@type\":\"ReadAction\",\"target\":[\"https:\\\/\\\/everydaychemshop.com\\\/da\\\/product\\\/jwh-210-kemisk-pulver\\\/\"]}]},{\"@type\":\"ImageObject\",\"inLanguage\":\"en-US\",\"@id\":\"https:\\\/\\\/everydaychemshop.com\\\/da\\\/product\\\/jwh-210-kemisk-pulver\\\/#primaryimage\",\"url\":\"https:\\\/\\\/everydaychemshop.com\\\/da\\\/wp-content\\\/uploads\\\/sites\\\/2\\\/2022\\\/11\\\/Buy-JWH-210-Chemical-Powder-Online.jpg\",\"contentUrl\":\"https:\\\/\\\/everydaychemshop.com\\\/da\\\/wp-content\\\/uploads\\\/sites\\\/2\\\/2022\\\/11\\\/Buy-JWH-210-Chemical-Powder-Online.jpg\",\"width\":600,\"height\":600,\"caption\":\"K\u00f8b JWH-210 kemisk pulver online.\"},{\"@type\":\"BreadcrumbList\",\"@id\":\"https:\\\/\\\/everydaychemshop.com\\\/da\\\/product\\\/jwh-210-kemisk-pulver\\\/#breadcrumb\",\"itemListElement\":[{\"@type\":\"ListItem\",\"position\":1,\"name\":\"Home\",\"item\":\"https:\\\/\\\/everydaychemshop.com\\\/da\\\/\"},{\"@type\":\"ListItem\",\"position\":2,\"name\":\"Produkter\",\"item\":\"https:\\\/\\\/everydaychemshop.com\\\/da\\\/produkter\\\/\"},{\"@type\":\"ListItem\",\"position\":3,\"name\":\"JWH-210 kemisk pulver\"}]},{\"@type\":\"WebSite\",\"@id\":\"https:\\\/\\\/everydaychemshop.com\\\/da\\\/#website\",\"url\":\"https:\\\/\\\/everydaychemshop.com\\\/da\\\/\",\"name\":\"Everyday Chem Shop\",\"description\":\"\",\"potentialAction\":[{\"@type\":\"SearchAction\",\"target\":{\"@type\":\"EntryPoint\",\"urlTemplate\":\"https:\\\/\\\/everydaychemshop.com\\\/da\\\/?s={search_term_string}\"},\"query-input\":{\"@type\":\"PropertyValueSpecification\",\"valueRequired\":true,\"valueName\":\"search_term_string\"}}],\"inLanguage\":\"en-US\"}]}<\/script>\n<!-- \/ Yoast SEO Premium plugin. -->","yoast_head_json":{"title":"K\u00f8b JWH-210 kemisk pulver online. - Everyday Chem Shop","description":"K\u00f8b JWH-210 kemisk pulver online. Vi s\u00e6lger JWH-210 pulver af den bedste kvalitet online. Kontakt venligst for mere information og priser.","robots":{"index":"index","follow":"follow","max-snippet":"max-snippet:-1","max-image-preview":"max-image-preview:large","max-video-preview":"max-video-preview:-1"},"canonical":"https:\/\/everydaychemshop.com\/da\/product\/jwh-210-kemisk-pulver\/","og_locale":"en_US","og_type":"article","og_title":"JWH-210 kemisk pulver","og_description":"K\u00f8b JWH-210 kemisk pulver online. Vi s\u00e6lger JWH-210 pulver af den bedste kvalitet online. Kontakt venligst for mere information og priser.","og_url":"https:\/\/everydaychemshop.com\/da\/product\/jwh-210-kemisk-pulver\/","og_site_name":"Everyday Chem Shop","article_modified_time":"2023-04-08T05:41:09+00:00","og_image":[{"width":600,"height":600,"url":"https:\/\/everydaychemshop.com\/da\/wp-content\/uploads\/sites\/2\/2022\/11\/Buy-JWH-210-Chemical-Powder-Online.jpg","type":"image\/jpeg"}],"twitter_card":"summary_large_image","twitter_misc":{"Est. reading time":"2 minutes"},"schema":{"@context":"https:\/\/schema.org","@graph":[{"@type":"WebPage","@id":"https:\/\/everydaychemshop.com\/da\/product\/jwh-210-kemisk-pulver\/","url":"https:\/\/everydaychemshop.com\/da\/product\/jwh-210-kemisk-pulver\/","name":"K\u00f8b JWH-210 kemisk pulver online. - Everyday Chem Shop","isPartOf":{"@id":"https:\/\/everydaychemshop.com\/da\/#website"},"primaryImageOfPage":{"@id":"https:\/\/everydaychemshop.com\/da\/product\/jwh-210-kemisk-pulver\/#primaryimage"},"image":{"@id":"https:\/\/everydaychemshop.com\/da\/product\/jwh-210-kemisk-pulver\/#primaryimage"},"thumbnailUrl":"https:\/\/everydaychemshop.com\/da\/wp-content\/uploads\/sites\/2\/2022\/11\/Buy-JWH-210-Chemical-Powder-Online.jpg","datePublished":"2022-11-19T09:28:30+00:00","dateModified":"2023-04-08T05:41:09+00:00","description":"K\u00f8b JWH-210 kemisk pulver online. Vi s\u00e6lger JWH-210 pulver af den bedste kvalitet online. Kontakt venligst for mere information og priser.","breadcrumb":{"@id":"https:\/\/everydaychemshop.com\/da\/product\/jwh-210-kemisk-pulver\/#breadcrumb"},"inLanguage":"en-US","potentialAction":[{"@type":"ReadAction","target":["https:\/\/everydaychemshop.com\/da\/product\/jwh-210-kemisk-pulver\/"]}]},{"@type":"ImageObject","inLanguage":"en-US","@id":"https:\/\/everydaychemshop.com\/da\/product\/jwh-210-kemisk-pulver\/#primaryimage","url":"https:\/\/everydaychemshop.com\/da\/wp-content\/uploads\/sites\/2\/2022\/11\/Buy-JWH-210-Chemical-Powder-Online.jpg","contentUrl":"https:\/\/everydaychemshop.com\/da\/wp-content\/uploads\/sites\/2\/2022\/11\/Buy-JWH-210-Chemical-Powder-Online.jpg","width":600,"height":600,"caption":"K\u00f8b JWH-210 kemisk pulver online."},{"@type":"BreadcrumbList","@id":"https:\/\/everydaychemshop.com\/da\/product\/jwh-210-kemisk-pulver\/#breadcrumb","itemListElement":[{"@type":"ListItem","position":1,"name":"Home","item":"https:\/\/everydaychemshop.com\/da\/"},{"@type":"ListItem","position":2,"name":"Produkter","item":"https:\/\/everydaychemshop.com\/da\/produkter\/"},{"@type":"ListItem","position":3,"name":"JWH-210 kemisk pulver"}]},{"@type":"WebSite","@id":"https:\/\/everydaychemshop.com\/da\/#website","url":"https:\/\/everydaychemshop.com\/da\/","name":"Everyday Chem Shop","description":"","potentialAction":[{"@type":"SearchAction","target":{"@type":"EntryPoint","urlTemplate":"https:\/\/everydaychemshop.com\/da\/?s={search_term_string}"},"query-input":{"@type":"PropertyValueSpecification","valueRequired":true,"valueName":"search_term_string"}}],"inLanguage":"en-US"}]}},"_links":{"self":[{"href":"https:\/\/everydaychemshop.com\/da\/wp-json\/wp\/v2\/product\/8157","targetHints":{"allow":["GET"]}}],"collection":[{"href":"https:\/\/everydaychemshop.com\/da\/wp-json\/wp\/v2\/product"}],"about":[{"href":"https:\/\/everydaychemshop.com\/da\/wp-json\/wp\/v2\/types\/product"}],"replies":[{"embeddable":true,"href":"https:\/\/everydaychemshop.com\/da\/wp-json\/wp\/v2\/comments?post=8157"}],"wp:featuredmedia":[{"embeddable":true,"href":"https:\/\/everydaychemshop.com\/da\/wp-json\/wp\/v2\/media\/8160"}],"wp:attachment":[{"href":"https:\/\/everydaychemshop.com\/da\/wp-json\/wp\/v2\/media?parent=8157"}],"wp:term":[{"taxonomy":"product_brand","embeddable":true,"href":"https:\/\/everydaychemshop.com\/da\/wp-json\/wp\/v2\/product_brand?post=8157"},{"taxonomy":"product_cat","embeddable":true,"href":"https:\/\/everydaychemshop.com\/da\/wp-json\/wp\/v2\/product_cat?post=8157"},{"taxonomy":"product_tag","embeddable":true,"href":"https:\/\/everydaychemshop.com\/da\/wp-json\/wp\/v2\/product_tag?post=8157"}],"curies":[{"name":"wp","href":"https:\/\/api.w.org\/{rel}","templated":true}]}}