{"id":8166,"date":"2022-11-19T09:50:11","date_gmt":"2022-11-19T09:50:11","guid":{"rendered":"https:\/\/everydaychemshop.com\/da\/?post_type=product&#038;p=8166"},"modified":"2023-04-08T05:39:39","modified_gmt":"2023-04-08T05:39:39","slug":"apaan-alfa-phenylacetoacetonitril-pulver","status":"publish","type":"product","link":"https:\/\/everydaychemshop.com\/da\/product\/apaan-alfa-phenylacetoacetonitril-pulver\/","title":{"rendered":"APAAN (alfa-phenylacetoacetonitril) pulver"},"content":{"rendered":"<h1>K\u00f8b APAAN pulver online<\/h1>\n<p><a href=\"https:\/\/everydaychemshop.com\/da\/product\/apaan-alfa-phenylacetoacetonitril-pulver\/\">K\u00f8b APAAN pulver online<\/a>. APAAN (alpha-phenylacetoacetonitril), 2-Phenylacetoacetonitril er en analytisk referencestandard, der strukturelt er kategoriseret som en amfetamin-precursor. APAAN (alfa-phenylacetoacetonitril) bruges til at generere phenylacetone, som derefter modificeres af Leuckart-reaktionen til at syntetisere amfetamin.<\/p>\n<p>Kemisk formel: C\u2081\u2080H\u2089NO<br \/>\nMol\u00e6r masse: 159,187 g\/mol<br \/>\nCAS-nummer: 4468-48-8<\/p>\n<p><strong>APAAN (alfa-phenylacetoacetonitril); Et nyt pr\u00e6kursorstof til den ulovlige produktion af amfetamin<\/strong>:<br \/>\nalfa-phenylacetoacetonitril (APAAN) er blevet et vigtigt pr\u00e6kursorstof for den ulovlige syntese af amfetamin, og dets betydning er yderligere stigende.<\/p>\n<p>En af grundene til den stigende betydning af APAAN er, at omdannelsen til benzylmethylketon (BMK) kan g\u00f8res meget let ved at bruge en simpel produktionsmetode, som giver h\u00f8je udbytter. Konverteringen af \u200b\u200bAPAAN til BMK udf\u00f8res overvejende i laboratorier i Holland og Polen. Selvom det er meget brugt til ulovlig BMK-produktion, er der fra et retsmedicinsk synspunkt stadig mangel p\u00e5 viden om APAAN, dets renhed, de forskellige omdannelsesprocesser, <a href=\"https:\/\/nl.wikipedia.org\/wiki\/APAAN\">udbytter<\/a> og karakteristiske urenheder af BMK. Bestil Alpha-phenylacetoacetonitril online<\/p>\n<p><strong>Metoder<\/strong>: Her pr\u00e6senterer vi en systematisk retsmedicinsk unders\u00f8gelse af kemien af \u200b\u200bAPAAN som et forl\u00f8berstof for amfetamin. APAAN fra forskellige kilder blev karakteriseret ved adskillige analytiske teknikker (f.eks.\u00a0<strong>GC\/MS, LC\/MS, 1H-NMR<\/strong>) for at opn\u00e5 en kemisk profil af stoffet og dets urenheder. Endvidere er der udf\u00f8rt modelsynteser for at opn\u00e5 en valid database til beregning af udbyttet. Derfor blev de mest almindelige konverteringsmetoder unders\u00f8gt. Endelig blev den fremstillede BMK analyseret ved GC\/MS for karakteristiske urenheder i syntesen. K\u00f8b APAAN online<\/p>\n<p><strong>Karakteriseringen af \u200b\u200bAPAAN viste et renhedsinterval af det ulovlige materiale fra 70-98 %<\/strong>. APAAN-hydrolysefors\u00f8gene blev udf\u00f8rt med tre forskellige uorganiske syrer (<strong>svovlsyre, saltsyre, phosphorsyre<\/strong>). <strong>Disse eksperimenter viste et udbytte, der varierede fra 50-75 %<\/strong>. Endelig blev nogle karakteristiske BMK-urenheder karakteriseret. K\u00f8b APAAN online<\/p>\n<p><strong>Konklusion<\/strong>: En systematisk unders\u00f8gelse af APAAN blev udf\u00f8rt ved at karakterisere APAAN-urenheder og bestemme BMK-udbytter fra forskellige synteseveje. Derudover blev BMK opn\u00e5et fra hydrolysen af \u200b\u200bAPAAN karakteriseret via GC\/MS. K\u00f8b APAAN (Alfa-phenylacetoacetonitril) online<\/p>\n<p>2-Phenylacetoacetonitril. 4468-48-8. 3-oxo-2-phenylbutanenitril. alfa-acetylphenylacetonitril. Acetonitril, phenylacetone. APAAN (alfa-phenylacetoacetonitril)<\/p>\n<p>Betegnelse for Alpha-Phenylacetoacetonitril (APAAN), et pr\u00e6kursorkemikalie, der anvendes til ulovlig fremstilling af phenylacetone, metamfetamin og amfetamin.<\/p>\n<p>Siden begyndelsen af \u200b\u200b2011 alfa-phenylacetoacetonitril (APAAN) er blevet et vigtigt forl\u00f8berstof for den ulovlige syntese af amfetamin, og dets betydning er yderligere stigende. APAAN (alfa-phenylacetoacetonitril)<\/p>\n<p>APAAN er blevet observeret ved anfald i Holland, Polen og Tyskland. En af \u00e5rsagerne til den stigende betydning af APAAN er, at omdannelsen til benzylmethylketon (BMK) kan g\u00f8res meget let ved at bruge en simpel produktionsmetode, som giver h\u00f8je udbytter.<\/p>\n<p>Omdannelsen af \u200b\u200bAPAAN til BMK udf\u00f8res overvejende i laboratorier i Holland og Polen. Selvom det er meget brugt til ulovlig BMK-produktion, er der fra et retsmedicinsk synspunkt stadig mangel p\u00e5 viden om APAAN, dets renhed, de forskellige omdannelsesprocesser, udbytter og karakteristiske urenheder af BMK. APAAN (alfa-phenylacetoacetonitril)<\/p>\n<p>Metoder: Her pr\u00e6senterer vi en systematisk retsmedicinsk unders\u00f8gelse af kemien af \u200b\u200bAPAAN som et forl\u00f8berstof for amfetamin. APAAN fra forskellige kilder blev karakteriseret ved adskillige analytiske teknikker (f.eks. GC\/MS, LC\/MS, 1H-NMR) for at opn\u00e5 en kemisk profil af stoffet og dets urenheder. Endvidere er der udf\u00f8rt modelsynteser for at opn\u00e5 en valid database til beregning af udbyttet.<\/p>\n<p>Derfor blev de mest almindelige konverteringsmetoder unders\u00f8gt. Til sidst blev den producerede BMK analyseret af GC\/MS for karakteristiske urenheder i syntesen.<br \/>\nResultater og diskussion: Karakteriseringen af \u200b\u200bAPAAN fra forskellige anfald viste et renhedsinterval af det ulovlige materiale fra 70-98%. APAAN (alfa-phenylacetoacetonitril)<\/p>\n<p>APAAN-hydrolysefors\u00f8gene blev udf\u00f8rt med tre forskellige uorganiske syrer (svovlsyre, saltsyre, fosforsyre). Disse fors\u00f8g viste et udbytte, der varierede fra 50-75%. Endelig blev nogle karakteristiske BMK-urenheder karakteriseret. APAAN (alfa-phenylacetoacetonitril)<\/p>\n<p>Konklusion: En systematisk unders\u00f8gelse af APAAN blev udf\u00f8rt ved at karakterisere APAAN-urenheder og bestemme BMK-udbytter fra forskellige synteseveje. Derudover blev BMK opn\u00e5et fra hydrolysen af \u200b\u200bAPAAN karakteriseret via GC\/MS. APAAN (alfa-phenylacetoacetonitril)<\/p>\n<p>En opl\u00f8sning af natriumethoxid fremstilles ud fra 60 g. (2,6 gramatomer) rent natrium og 700 cc. absolut alkohol i en 2-l. rundbundet kolbe udstyret med en tilbagesvaler. Til den varme opl\u00f8sning tils\u00e6ttes en blanding af 234 g. (2 mol) rent benzylcyanid og 264 g. (3 mol) t\u00f8r ethylacetat.<\/p>\n<p>Blandingen omrystes grundigt, kondensatoren lukkes med et calciumchloridr\u00f8r, og opl\u00f8sningen opvarmes p\u00e5 dampbadet i to timer, inden den henst\u00e5r natten over. N\u00e6ste morgen omr\u00f8res blandingen med en tr\u00e6stang for at bryde klumper, afk\u00f8les i en fryseblanding til -10\u00b0 og holdes ved denne temperatur i to timer. Natriumsaltet opsamles p\u00e5 en 6-in. B\u00fcchner tragt og vasket fire gange p\u00e5 tragten med 250-cc. portioner af ether. APAAN (alfa-phenylacetoacetonitril)<\/p>\n<p>Filterkagen er praktisk talt farvel\u00f8s og svarer til 250-275 g. af t\u00f8rt natriumsalt, eller 69-76 procent af den beregnede m\u00e6ngde. De kombinerede filtrater anbringes i fryseblandingen, indtil de kan oparbejdes som angivet nedenfor.<\/p>\n<p>Natriumsaltet, der stadig er v\u00e5dt med ether, opl\u00f8ses i 1,3 l. Destilleret Vand ved stuetemperatur, opl\u00f8sningen afk\u00f8let til 0\u00b0, og nitrilen udf\u00e6ldes ved langsomt under kraftig omrystning at tils\u00e6tte 90 cm3. iseddike, mens temperaturen holdes under 10\u00b0.<\/p>\n<p>Bundfaldet fraskilles ved sugefiltrering og vaskes fire gange p\u00e5 tragten med 250-cc. portioner vand. Den fugtige kage vejede ca. 300 g. svarer til 188-206 g. (59-64 pct.) af t\u00f8r farvel\u00f8s \u03b1-phenylacetoacetonitril, smp. 87\u201389\u00b0, hvilket er velegnet til de fleste form\u00e5l. APAAN (alfa-phenylacetoacetonitril)<\/p>\n<p>\u03b1-Phenylacetoacetonitril (APAAN) er en analytisk referencestandard, der strukturelt er kategoriseret som en amfetaminprecursor. APAAN bruges til at generere phenylacetone, som derefter modificeres af Leuckart-reaktionen til at syntetisere amfetamin. APAAN (alfa-phenylacetoacetonitril)<\/p>\n<p>APAAN er en prim\u00e6r forl\u00f8ber til fremstilling af phenylacetone (ogs\u00e5 kendt som phenyl-2-propanon (P2P) eller benzylmethylketon), metamfetamin og amfetamin. Igennem 1970&#8217;erne blev metamfetamin ulovligt produceret i USA, prim\u00e6rt med pr\u00e6kursorkemikaliet P2P.<\/p>\n<p>Betegnelse for Alpha-Phenylacetoacetonitril (APAAN), en Precursor Chemical Used in the illegal Manufacture of Phenylacetone. APAAN (alfa-phenylacetoacetonitril)<\/p>\n","protected":false},"excerpt":{"rendered":"<p>APAAN er en umiddelbar forl\u00f8ber for 1-phenyl-2-propanon (P-2-P) og en forl\u00f8ber for amfetamin og metamfetamin. Produktionen af \u200b\u200bP2P fra APAAN.<\/p>\n","protected":false},"featured_media":8175,"comment_status":"open","ping_status":"closed","template":"","meta":{"inline_featured_image":false},"product_brand":[],"product_cat":[59],"product_tag":[],"class_list":{"0":"post-8166","1":"product","2":"type-product","3":"status-publish","4":"has-post-thumbnail","6":"product_cat-kemikalier","8":"first","9":"instock","10":"shipping-taxable","11":"purchasable","12":"product-type-variable","13":"has-default-attributes"},"yoast_head":"<!-- This site is optimized with the Yoast SEO Premium plugin v19.2 (Yoast SEO v27.3) - https:\/\/yoast.com\/product\/yoast-seo-premium-wordpress\/ -->\n<title>K\u00f8b APAAN pulver online- Everyday Chem Shop<\/title>\n<meta name=\"description\" content=\"K\u00f8b APAAN pulver online. Vi s\u00e6lger APAAN pulver af den bedste kvalitet online. Kontakt venligst for mere information og priser p\u00e5 din ordre.\" \/>\n<meta name=\"robots\" content=\"index, follow, max-snippet:-1, max-image-preview:large, max-video-preview:-1\" \/>\n<link rel=\"canonical\" href=\"https:\/\/everydaychemshop.com\/da\/product\/apaan-alfa-phenylacetoacetonitril-pulver\/\" \/>\n<meta property=\"og:locale\" content=\"en_US\" \/>\n<meta property=\"og:type\" content=\"article\" \/>\n<meta property=\"og:title\" content=\"APAAN (alfa-phenylacetoacetonitril) pulver\" \/>\n<meta property=\"og:description\" content=\"K\u00f8b APAAN pulver online. Vi s\u00e6lger APAAN pulver af den bedste kvalitet online. Kontakt venligst for mere information og priser p\u00e5 din ordre.\" \/>\n<meta property=\"og:url\" content=\"https:\/\/everydaychemshop.com\/da\/product\/apaan-alfa-phenylacetoacetonitril-pulver\/\" \/>\n<meta property=\"og:site_name\" content=\"Everyday Chem Shop\" \/>\n<meta property=\"article:modified_time\" content=\"2023-04-08T05:39:39+00:00\" \/>\n<meta property=\"og:image\" content=\"https:\/\/everydaychemshop.com\/da\/wp-content\/uploads\/sites\/2\/2022\/11\/APAAN-alpha-phenylacetoacetonitrile-1.jpg\" \/>\n\t<meta property=\"og:image:width\" content=\"600\" \/>\n\t<meta property=\"og:image:height\" content=\"312\" \/>\n\t<meta property=\"og:image:type\" content=\"image\/jpeg\" \/>\n<meta name=\"twitter:card\" content=\"summary_large_image\" \/>\n<meta name=\"twitter:label1\" content=\"Est. reading time\" \/>\n\t<meta name=\"twitter:data1\" content=\"4 minutes\" \/>\n<script type=\"application\/ld+json\" class=\"yoast-schema-graph\">{\"@context\":\"https:\\\/\\\/schema.org\",\"@graph\":[{\"@type\":\"WebPage\",\"@id\":\"https:\\\/\\\/everydaychemshop.com\\\/da\\\/product\\\/apaan-alfa-phenylacetoacetonitril-pulver\\\/\",\"url\":\"https:\\\/\\\/everydaychemshop.com\\\/da\\\/product\\\/apaan-alfa-phenylacetoacetonitril-pulver\\\/\",\"name\":\"K\u00f8b APAAN pulver online- Everyday Chem Shop\",\"isPartOf\":{\"@id\":\"https:\\\/\\\/everydaychemshop.com\\\/da\\\/#website\"},\"primaryImageOfPage\":{\"@id\":\"https:\\\/\\\/everydaychemshop.com\\\/da\\\/product\\\/apaan-alfa-phenylacetoacetonitril-pulver\\\/#primaryimage\"},\"image\":{\"@id\":\"https:\\\/\\\/everydaychemshop.com\\\/da\\\/product\\\/apaan-alfa-phenylacetoacetonitril-pulver\\\/#primaryimage\"},\"thumbnailUrl\":\"https:\\\/\\\/everydaychemshop.com\\\/da\\\/wp-content\\\/uploads\\\/sites\\\/2\\\/2022\\\/11\\\/APAAN-alpha-phenylacetoacetonitrile-1.jpg\",\"datePublished\":\"2022-11-19T09:50:11+00:00\",\"dateModified\":\"2023-04-08T05:39:39+00:00\",\"description\":\"K\u00f8b APAAN pulver online. Vi s\u00e6lger APAAN pulver af den bedste kvalitet online. Kontakt venligst for mere information og priser p\u00e5 din ordre.\",\"breadcrumb\":{\"@id\":\"https:\\\/\\\/everydaychemshop.com\\\/da\\\/product\\\/apaan-alfa-phenylacetoacetonitril-pulver\\\/#breadcrumb\"},\"inLanguage\":\"en-US\",\"potentialAction\":[{\"@type\":\"ReadAction\",\"target\":[\"https:\\\/\\\/everydaychemshop.com\\\/da\\\/product\\\/apaan-alfa-phenylacetoacetonitril-pulver\\\/\"]}]},{\"@type\":\"ImageObject\",\"inLanguage\":\"en-US\",\"@id\":\"https:\\\/\\\/everydaychemshop.com\\\/da\\\/product\\\/apaan-alfa-phenylacetoacetonitril-pulver\\\/#primaryimage\",\"url\":\"https:\\\/\\\/everydaychemshop.com\\\/da\\\/wp-content\\\/uploads\\\/sites\\\/2\\\/2022\\\/11\\\/APAAN-alpha-phenylacetoacetonitrile-1.jpg\",\"contentUrl\":\"https:\\\/\\\/everydaychemshop.com\\\/da\\\/wp-content\\\/uploads\\\/sites\\\/2\\\/2022\\\/11\\\/APAAN-alpha-phenylacetoacetonitrile-1.jpg\",\"width\":600,\"height\":312,\"caption\":\"K\u00f8b APAAN pulver online\"},{\"@type\":\"BreadcrumbList\",\"@id\":\"https:\\\/\\\/everydaychemshop.com\\\/da\\\/product\\\/apaan-alfa-phenylacetoacetonitril-pulver\\\/#breadcrumb\",\"itemListElement\":[{\"@type\":\"ListItem\",\"position\":1,\"name\":\"Home\",\"item\":\"https:\\\/\\\/everydaychemshop.com\\\/da\\\/\"},{\"@type\":\"ListItem\",\"position\":2,\"name\":\"Produkter\",\"item\":\"https:\\\/\\\/everydaychemshop.com\\\/da\\\/produkter\\\/\"},{\"@type\":\"ListItem\",\"position\":3,\"name\":\"APAAN (alfa-phenylacetoacetonitril) pulver\"}]},{\"@type\":\"WebSite\",\"@id\":\"https:\\\/\\\/everydaychemshop.com\\\/da\\\/#website\",\"url\":\"https:\\\/\\\/everydaychemshop.com\\\/da\\\/\",\"name\":\"Everyday Chem Shop\",\"description\":\"\",\"potentialAction\":[{\"@type\":\"SearchAction\",\"target\":{\"@type\":\"EntryPoint\",\"urlTemplate\":\"https:\\\/\\\/everydaychemshop.com\\\/da\\\/?s={search_term_string}\"},\"query-input\":{\"@type\":\"PropertyValueSpecification\",\"valueRequired\":true,\"valueName\":\"search_term_string\"}}],\"inLanguage\":\"en-US\"}]}<\/script>\n<!-- \/ Yoast SEO Premium plugin. -->","yoast_head_json":{"title":"K\u00f8b APAAN pulver online- Everyday Chem Shop","description":"K\u00f8b APAAN pulver online. Vi s\u00e6lger APAAN pulver af den bedste kvalitet online. Kontakt venligst for mere information og priser p\u00e5 din ordre.","robots":{"index":"index","follow":"follow","max-snippet":"max-snippet:-1","max-image-preview":"max-image-preview:large","max-video-preview":"max-video-preview:-1"},"canonical":"https:\/\/everydaychemshop.com\/da\/product\/apaan-alfa-phenylacetoacetonitril-pulver\/","og_locale":"en_US","og_type":"article","og_title":"APAAN (alfa-phenylacetoacetonitril) pulver","og_description":"K\u00f8b APAAN pulver online. Vi s\u00e6lger APAAN pulver af den bedste kvalitet online. Kontakt venligst for mere information og priser p\u00e5 din ordre.","og_url":"https:\/\/everydaychemshop.com\/da\/product\/apaan-alfa-phenylacetoacetonitril-pulver\/","og_site_name":"Everyday Chem Shop","article_modified_time":"2023-04-08T05:39:39+00:00","og_image":[{"width":600,"height":312,"url":"https:\/\/everydaychemshop.com\/da\/wp-content\/uploads\/sites\/2\/2022\/11\/APAAN-alpha-phenylacetoacetonitrile-1.jpg","type":"image\/jpeg"}],"twitter_card":"summary_large_image","twitter_misc":{"Est. reading time":"4 minutes"},"schema":{"@context":"https:\/\/schema.org","@graph":[{"@type":"WebPage","@id":"https:\/\/everydaychemshop.com\/da\/product\/apaan-alfa-phenylacetoacetonitril-pulver\/","url":"https:\/\/everydaychemshop.com\/da\/product\/apaan-alfa-phenylacetoacetonitril-pulver\/","name":"K\u00f8b APAAN pulver online- Everyday Chem Shop","isPartOf":{"@id":"https:\/\/everydaychemshop.com\/da\/#website"},"primaryImageOfPage":{"@id":"https:\/\/everydaychemshop.com\/da\/product\/apaan-alfa-phenylacetoacetonitril-pulver\/#primaryimage"},"image":{"@id":"https:\/\/everydaychemshop.com\/da\/product\/apaan-alfa-phenylacetoacetonitril-pulver\/#primaryimage"},"thumbnailUrl":"https:\/\/everydaychemshop.com\/da\/wp-content\/uploads\/sites\/2\/2022\/11\/APAAN-alpha-phenylacetoacetonitrile-1.jpg","datePublished":"2022-11-19T09:50:11+00:00","dateModified":"2023-04-08T05:39:39+00:00","description":"K\u00f8b APAAN pulver online. Vi s\u00e6lger APAAN pulver af den bedste kvalitet online. Kontakt venligst for mere information og priser p\u00e5 din ordre.","breadcrumb":{"@id":"https:\/\/everydaychemshop.com\/da\/product\/apaan-alfa-phenylacetoacetonitril-pulver\/#breadcrumb"},"inLanguage":"en-US","potentialAction":[{"@type":"ReadAction","target":["https:\/\/everydaychemshop.com\/da\/product\/apaan-alfa-phenylacetoacetonitril-pulver\/"]}]},{"@type":"ImageObject","inLanguage":"en-US","@id":"https:\/\/everydaychemshop.com\/da\/product\/apaan-alfa-phenylacetoacetonitril-pulver\/#primaryimage","url":"https:\/\/everydaychemshop.com\/da\/wp-content\/uploads\/sites\/2\/2022\/11\/APAAN-alpha-phenylacetoacetonitrile-1.jpg","contentUrl":"https:\/\/everydaychemshop.com\/da\/wp-content\/uploads\/sites\/2\/2022\/11\/APAAN-alpha-phenylacetoacetonitrile-1.jpg","width":600,"height":312,"caption":"K\u00f8b APAAN pulver online"},{"@type":"BreadcrumbList","@id":"https:\/\/everydaychemshop.com\/da\/product\/apaan-alfa-phenylacetoacetonitril-pulver\/#breadcrumb","itemListElement":[{"@type":"ListItem","position":1,"name":"Home","item":"https:\/\/everydaychemshop.com\/da\/"},{"@type":"ListItem","position":2,"name":"Produkter","item":"https:\/\/everydaychemshop.com\/da\/produkter\/"},{"@type":"ListItem","position":3,"name":"APAAN (alfa-phenylacetoacetonitril) pulver"}]},{"@type":"WebSite","@id":"https:\/\/everydaychemshop.com\/da\/#website","url":"https:\/\/everydaychemshop.com\/da\/","name":"Everyday Chem Shop","description":"","potentialAction":[{"@type":"SearchAction","target":{"@type":"EntryPoint","urlTemplate":"https:\/\/everydaychemshop.com\/da\/?s={search_term_string}"},"query-input":{"@type":"PropertyValueSpecification","valueRequired":true,"valueName":"search_term_string"}}],"inLanguage":"en-US"}]}},"_links":{"self":[{"href":"https:\/\/everydaychemshop.com\/da\/wp-json\/wp\/v2\/product\/8166","targetHints":{"allow":["GET"]}}],"collection":[{"href":"https:\/\/everydaychemshop.com\/da\/wp-json\/wp\/v2\/product"}],"about":[{"href":"https:\/\/everydaychemshop.com\/da\/wp-json\/wp\/v2\/types\/product"}],"replies":[{"embeddable":true,"href":"https:\/\/everydaychemshop.com\/da\/wp-json\/wp\/v2\/comments?post=8166"}],"wp:featuredmedia":[{"embeddable":true,"href":"https:\/\/everydaychemshop.com\/da\/wp-json\/wp\/v2\/media\/8175"}],"wp:attachment":[{"href":"https:\/\/everydaychemshop.com\/da\/wp-json\/wp\/v2\/media?parent=8166"}],"wp:term":[{"taxonomy":"product_brand","embeddable":true,"href":"https:\/\/everydaychemshop.com\/da\/wp-json\/wp\/v2\/product_brand?post=8166"},{"taxonomy":"product_cat","embeddable":true,"href":"https:\/\/everydaychemshop.com\/da\/wp-json\/wp\/v2\/product_cat?post=8166"},{"taxonomy":"product_tag","embeddable":true,"href":"https:\/\/everydaychemshop.com\/da\/wp-json\/wp\/v2\/product_tag?post=8166"}],"curies":[{"name":"wp","href":"https:\/\/api.w.org\/{rel}","templated":true}]}}