{"id":8177,"date":"2022-11-19T10:16:28","date_gmt":"2022-11-19T10:16:28","guid":{"rendered":"https:\/\/everydaychemshop.com\/da\/?post_type=product&#038;p=8177"},"modified":"2023-04-08T05:38:29","modified_gmt":"2023-04-08T05:38:29","slug":"apaan-alfa-phenylacetoacetonitril-olie","status":"publish","type":"product","link":"https:\/\/everydaychemshop.com\/da\/product\/apaan-alfa-phenylacetoacetonitril-olie\/","title":{"rendered":"APAAN (alfa-phenylacetoacetonitril) olie"},"content":{"rendered":"<h1>K\u00f8b Apaan Oil i premium kvalitet online<\/h1>\n<p><a href=\"https:\/\/everydaychemshop.com\/da\/product\/apaan-alfa-phenylacetoacetonitril-olie\/\">K\u00f8b Apaan Oil i premium kvalitet online<\/a>. APAAN (ogs\u00e5 kaldet: apane) eller alfa-phenylacetoacetonitril (engelsk: alpha-phenylacetoacetonitril) er en organisk forbindelse, der bruges <a href=\"https:\/\/nl.wikipedia.org\/wiki\/APAAN\">i<\/a> fremstilling af <a href=\"https:\/\/nl.wikipedia.org\/wiki\/APAAN\">visse<\/a> l\u00e6gemidler. APAAN indeholder en nitrilgruppe og en benzenring (phenylgruppe).<\/p>\n<p>&nbsp;<\/p>\n<p>Stoffet bruges som\u00a0l\u00e6gemiddelpr\u00e6kursor, for at fremstille stoffet phenylacetone (som ogs\u00e5 er kendt som BMK =\u00a0BenzylMethylketon a&gt;) og heraf fremstilles stimulanserne metamfetamin og amfetamin. Der er ogs\u00e5 andre m\u00e5der at lave meth p\u00e5. Det amerikanske udenrigsministerium n\u00e6vner is\u00e6r Holland som et sted, hvor APAAN bruges. Det Europ\u00e6iske Overv\u00e5gningscenter for Narkotika og Narkotikamisbrug (EONN) n\u00e6vner is\u00e6r Polen. K\u00f8b APAAN (alfa-phenylacetoacetonitril) online<\/p>\n<p>APAAN er ikke n\u00e6vnt i den hollandske opiumslov og loven om forebyggelse af kemikaliemisbrug, men det er n\u00e6vnt i den hollandske toldbrochure for l\u00e6gemiddelpr\u00e6kursorer. Byretten i Den Bosch afgjorde den 19. december 2012 i en dom i en straffesag, at besiddelse og fremstilling af dette stof ikke i sig selv er strafbart. Det er dog bem\u00e6rkelsesv\u00e6rdigt, at samme domstol den 27. august 2013 afgjorde, at besiddelse af det er strafbart. Den hollandske anklagemyndighed mener, fordi den kun ville blive brugt til fremstilling af narkotikapr\u00e6kursoren BMK, at APAAN falder ind under loven om forebyggelse af misbrug af kemikalier. K\u00f8b APAAN (alpha-phenylacetoacetonitril) online<\/p>\n<p>Planl\u00e6gning i henhold til CDSA vil give retsh\u00e5ndh\u00e6vende myndigheder bef\u00f8jelse til at tr\u00e6ffe foranstaltninger mod uautoriserede aktiviteter. Den maksimale straf for anklagelige lovovertr\u00e6delser med hensyn til stoffer i skema VI er f\u00e6ngsel i en periode p\u00e5 h\u00f8jst 10 \u00e5r.<\/p>\n<p>Denne regulerings\u00e6ndring tilf\u00f8jer APAAN og dets salte, isomerer og salte af isomerer til del 1 af skema VI til CDSA, s\u00e5 disse stoffer vil blive kontrolleret som klasse A-pr\u00e6kursorer og til skemaet til PCR, s\u00e5 licenserede forhandlere og tilladelser\u00a0indehavere\u00a0kan have tilladelse til at udf\u00f8re aktiviteter med disse stoffer. K\u00f8b APAAN (alfa-phenylacetoacetonitril) online<\/p>\n<p>Alpha-phenylacetoacetonitril, CAS-registreringsnummer: 4468-48-8, er et hvidt til lysegult krystallinsk pulver fremstillet af benzylcyanid. Stoffet importeres under forskellige navne, hvoraf nogle er falske. Kapitel 1 -phenylacetoacetonitril (APAAN) kan bruges som r\u00e5materiale eller reagens (byggesten) i organisk.<\/p>\n<h3>Hvor kan jeg k\u00f8be Apaan Oil online?<\/h3>\n<p>Hvis du leder efter hvor man kan k\u00f8be APAAN online, s\u00e5 er du velkommen til at kontakte os og k\u00f8be APAAN online.<\/p>\n<p>k\u00f8b APAAN online\u00a0er en organisk forbindelse, der bruges til fremstilling af visse l\u00e6gemidler. <em>APAAN<\/em>\u00a0indeholder en nitrilgruppe og en benzenring.<\/p>\n<h3>Kan jeg bestille Apaan Oil online?<\/h3>\n<p>Bestil\u00a0APAAN online. Vi er en p\u00e5lidelig og betroet leverand\u00f8r af APAAN, med gratis levering 100% garanteret &amp; sikker. K\u00f8b\u00a0billig\u00a0APAAN online.<\/p>\n","protected":false},"excerpt":{"rendered":"<p>K\u00f8b Apaan Oil online. APAAN (ogs\u00e5 kaldet: apane) eller alfa-phenylacetoacetonitril (engelsk: alpha-phenylacetoacetonitril) er en organisk forbindelse, der bruges\u00a0<a href=\"https:\/\/nl.wikipedia.org\/wiki\/APAAN\">i<\/a> fremstilling af visse l\u00e6gemidler.<\/p>\n","protected":false},"featured_media":8180,"comment_status":"open","ping_status":"closed","template":"","meta":{"inline_featured_image":false},"product_brand":[],"product_cat":[59],"product_tag":[508,510,513,515,516,517,519,532,533,520,523,525,526,528,529,530,518,509,514,512,511,539,534,540,524,507,522,521,527,535,536,537,538,531],"class_list":{"0":"post-8177","1":"product","2":"type-product","3":"status-publish","4":"has-post-thumbnail","6":"product_cat-kemikalier","7":"product_tag-acheter-fuck-olie-online","8":"product_tag-apaan-crystal-online","9":"product_tag-apaan-in-the-uk","10":"product_tag-apaan-oil-for-sale","11":"product_tag-apaan-oil-for-sale-from-china","12":"product_tag-apaan-oil-germany","13":"product_tag-baise-leurope","14":"product_tag-bestil-hvad-olie-online","15":"product_tag-bestil-fuck-online","16":"product_tag-buy-apaan-alpha-phenylacetoacetonitrile-oil-online","17":"product_tag-buy-cheap-apaan-online","18":"product_tag-commander-apaan-oil-online","19":"product_tag-cristal","20":"product_tag-krystal-fuck-online","21":"product_tag-diskret-forsendelse-tilgngelig","22":"product_tag-expedition-discrete-disponible","23":"product_tag-hvad-texas","24":"product_tag-fuck-californien","25":"product_tag-hvad-i-uk","26":"product_tag-hvad-til-salg","27":"product_tag-hvad-europa","28":"product_tag-hvor-kan-kbes-apaan-nr-mig","29":"product_tag-ou-acher-fuck-olie","30":"product_tag-hvor-kan-kbes-apaan-online","31":"product_tag-kan-jeg-kbe-apaan","32":"product_tag-kb-fuck-olie-online","33":"product_tag-kb-fuck-powder-online","34":"product_tag-kb-hvad-olie-online","35":"product_tag-krystal","36":"product_tag-poudre","37":"product_tag-pulver","38":"product_tag-purchase-apaan-oil-online","39":"product_tag-quel-texas","40":"product_tag-hvordan-mand-kber-fuck-online","42":"first","43":"instock","44":"shipping-taxable","45":"purchasable","46":"product-type-simple"},"yoast_head":"<!-- This site is optimized with the Yoast SEO Premium plugin v19.2 (Yoast SEO v27.3) - https:\/\/yoast.com\/product\/yoast-seo-premium-wordpress\/ -->\n<title>K\u00f8b Apaan Oil i premium kvalitet online - Everyday Chem Shop<\/title>\n<meta name=\"description\" content=\"K\u00f8b Apaan Oil i premium kvalitet online. Vi s\u00e6lger Apaan olie af den bedste kvalitet online. Kontakt for mere information og priser p\u00e5 din ordre.\" \/>\n<meta name=\"robots\" content=\"index, follow, max-snippet:-1, max-image-preview:large, max-video-preview:-1\" \/>\n<link rel=\"canonical\" href=\"https:\/\/everydaychemshop.com\/da\/product\/apaan-alfa-phenylacetoacetonitril-olie\/\" \/>\n<meta property=\"og:locale\" content=\"en_US\" \/>\n<meta property=\"og:type\" content=\"article\" \/>\n<meta property=\"og:title\" content=\"APAAN (alfa-phenylacetoacetonitril) olie\" \/>\n<meta property=\"og:description\" content=\"K\u00f8b Apaan Oil i premium kvalitet online. Vi s\u00e6lger Apaan olie af den bedste kvalitet online. Kontakt for mere information og priser p\u00e5 din ordre.\" \/>\n<meta property=\"og:url\" content=\"https:\/\/everydaychemshop.com\/da\/product\/apaan-alfa-phenylacetoacetonitril-olie\/\" \/>\n<meta property=\"og:site_name\" content=\"Everyday Chem Shop\" \/>\n<meta property=\"article:modified_time\" content=\"2023-04-08T05:38:29+00:00\" \/>\n<meta property=\"og:image\" content=\"https:\/\/everydaychemshop.com\/da\/wp-content\/uploads\/sites\/2\/2022\/11\/Apaan-Oil-for-sale.jpg\" \/>\n\t<meta property=\"og:image:width\" content=\"250\" \/>\n\t<meta property=\"og:image:height\" content=\"250\" \/>\n\t<meta property=\"og:image:type\" content=\"image\/jpeg\" \/>\n<meta name=\"twitter:card\" content=\"summary_large_image\" \/>\n<meta name=\"twitter:label1\" content=\"Est. reading time\" \/>\n\t<meta name=\"twitter:data1\" content=\"2 minutes\" \/>\n<script type=\"application\/ld+json\" class=\"yoast-schema-graph\">{\"@context\":\"https:\\\/\\\/schema.org\",\"@graph\":[{\"@type\":\"WebPage\",\"@id\":\"https:\\\/\\\/everydaychemshop.com\\\/da\\\/product\\\/apaan-alfa-phenylacetoacetonitril-olie\\\/\",\"url\":\"https:\\\/\\\/everydaychemshop.com\\\/da\\\/product\\\/apaan-alfa-phenylacetoacetonitril-olie\\\/\",\"name\":\"K\u00f8b Apaan Oil i premium kvalitet online - Everyday Chem Shop\",\"isPartOf\":{\"@id\":\"https:\\\/\\\/everydaychemshop.com\\\/da\\\/#website\"},\"primaryImageOfPage\":{\"@id\":\"https:\\\/\\\/everydaychemshop.com\\\/da\\\/product\\\/apaan-alfa-phenylacetoacetonitril-olie\\\/#primaryimage\"},\"image\":{\"@id\":\"https:\\\/\\\/everydaychemshop.com\\\/da\\\/product\\\/apaan-alfa-phenylacetoacetonitril-olie\\\/#primaryimage\"},\"thumbnailUrl\":\"https:\\\/\\\/everydaychemshop.com\\\/da\\\/wp-content\\\/uploads\\\/sites\\\/2\\\/2022\\\/11\\\/Apaan-Oil-for-sale.jpg\",\"datePublished\":\"2022-11-19T10:16:28+00:00\",\"dateModified\":\"2023-04-08T05:38:29+00:00\",\"description\":\"K\u00f8b Apaan Oil i premium kvalitet online. Vi s\u00e6lger Apaan olie af den bedste kvalitet online. Kontakt for mere information og priser p\u00e5 din ordre.\",\"breadcrumb\":{\"@id\":\"https:\\\/\\\/everydaychemshop.com\\\/da\\\/product\\\/apaan-alfa-phenylacetoacetonitril-olie\\\/#breadcrumb\"},\"inLanguage\":\"en-US\",\"potentialAction\":[{\"@type\":\"ReadAction\",\"target\":[\"https:\\\/\\\/everydaychemshop.com\\\/da\\\/product\\\/apaan-alfa-phenylacetoacetonitril-olie\\\/\"]}]},{\"@type\":\"ImageObject\",\"inLanguage\":\"en-US\",\"@id\":\"https:\\\/\\\/everydaychemshop.com\\\/da\\\/product\\\/apaan-alfa-phenylacetoacetonitril-olie\\\/#primaryimage\",\"url\":\"https:\\\/\\\/everydaychemshop.com\\\/da\\\/wp-content\\\/uploads\\\/sites\\\/2\\\/2022\\\/11\\\/Apaan-Oil-for-sale.jpg\",\"contentUrl\":\"https:\\\/\\\/everydaychemshop.com\\\/da\\\/wp-content\\\/uploads\\\/sites\\\/2\\\/2022\\\/11\\\/Apaan-Oil-for-sale.jpg\",\"width\":250,\"height\":250,\"caption\":\"K\u00f8b Apaan Oil i premium kvalitet online\"},{\"@type\":\"BreadcrumbList\",\"@id\":\"https:\\\/\\\/everydaychemshop.com\\\/da\\\/product\\\/apaan-alfa-phenylacetoacetonitril-olie\\\/#breadcrumb\",\"itemListElement\":[{\"@type\":\"ListItem\",\"position\":1,\"name\":\"Home\",\"item\":\"https:\\\/\\\/everydaychemshop.com\\\/da\\\/\"},{\"@type\":\"ListItem\",\"position\":2,\"name\":\"Produkter\",\"item\":\"https:\\\/\\\/everydaychemshop.com\\\/da\\\/produkter\\\/\"},{\"@type\":\"ListItem\",\"position\":3,\"name\":\"APAAN (alfa-phenylacetoacetonitril) olie\"}]},{\"@type\":\"WebSite\",\"@id\":\"https:\\\/\\\/everydaychemshop.com\\\/da\\\/#website\",\"url\":\"https:\\\/\\\/everydaychemshop.com\\\/da\\\/\",\"name\":\"Everyday Chem Shop\",\"description\":\"\",\"potentialAction\":[{\"@type\":\"SearchAction\",\"target\":{\"@type\":\"EntryPoint\",\"urlTemplate\":\"https:\\\/\\\/everydaychemshop.com\\\/da\\\/?s={search_term_string}\"},\"query-input\":{\"@type\":\"PropertyValueSpecification\",\"valueRequired\":true,\"valueName\":\"search_term_string\"}}],\"inLanguage\":\"en-US\"}]}<\/script>\n<!-- \/ Yoast SEO Premium plugin. -->","yoast_head_json":{"title":"K\u00f8b Apaan Oil i premium kvalitet online - Everyday Chem Shop","description":"K\u00f8b Apaan Oil i premium kvalitet online. Vi s\u00e6lger Apaan olie af den bedste kvalitet online. Kontakt for mere information og priser p\u00e5 din ordre.","robots":{"index":"index","follow":"follow","max-snippet":"max-snippet:-1","max-image-preview":"max-image-preview:large","max-video-preview":"max-video-preview:-1"},"canonical":"https:\/\/everydaychemshop.com\/da\/product\/apaan-alfa-phenylacetoacetonitril-olie\/","og_locale":"en_US","og_type":"article","og_title":"APAAN (alfa-phenylacetoacetonitril) olie","og_description":"K\u00f8b Apaan Oil i premium kvalitet online. Vi s\u00e6lger Apaan olie af den bedste kvalitet online. Kontakt for mere information og priser p\u00e5 din ordre.","og_url":"https:\/\/everydaychemshop.com\/da\/product\/apaan-alfa-phenylacetoacetonitril-olie\/","og_site_name":"Everyday Chem Shop","article_modified_time":"2023-04-08T05:38:29+00:00","og_image":[{"width":250,"height":250,"url":"https:\/\/everydaychemshop.com\/da\/wp-content\/uploads\/sites\/2\/2022\/11\/Apaan-Oil-for-sale.jpg","type":"image\/jpeg"}],"twitter_card":"summary_large_image","twitter_misc":{"Est. reading time":"2 minutes"},"schema":{"@context":"https:\/\/schema.org","@graph":[{"@type":"WebPage","@id":"https:\/\/everydaychemshop.com\/da\/product\/apaan-alfa-phenylacetoacetonitril-olie\/","url":"https:\/\/everydaychemshop.com\/da\/product\/apaan-alfa-phenylacetoacetonitril-olie\/","name":"K\u00f8b Apaan Oil i premium kvalitet online - Everyday Chem Shop","isPartOf":{"@id":"https:\/\/everydaychemshop.com\/da\/#website"},"primaryImageOfPage":{"@id":"https:\/\/everydaychemshop.com\/da\/product\/apaan-alfa-phenylacetoacetonitril-olie\/#primaryimage"},"image":{"@id":"https:\/\/everydaychemshop.com\/da\/product\/apaan-alfa-phenylacetoacetonitril-olie\/#primaryimage"},"thumbnailUrl":"https:\/\/everydaychemshop.com\/da\/wp-content\/uploads\/sites\/2\/2022\/11\/Apaan-Oil-for-sale.jpg","datePublished":"2022-11-19T10:16:28+00:00","dateModified":"2023-04-08T05:38:29+00:00","description":"K\u00f8b Apaan Oil i premium kvalitet online. Vi s\u00e6lger Apaan olie af den bedste kvalitet online. Kontakt for mere information og priser p\u00e5 din ordre.","breadcrumb":{"@id":"https:\/\/everydaychemshop.com\/da\/product\/apaan-alfa-phenylacetoacetonitril-olie\/#breadcrumb"},"inLanguage":"en-US","potentialAction":[{"@type":"ReadAction","target":["https:\/\/everydaychemshop.com\/da\/product\/apaan-alfa-phenylacetoacetonitril-olie\/"]}]},{"@type":"ImageObject","inLanguage":"en-US","@id":"https:\/\/everydaychemshop.com\/da\/product\/apaan-alfa-phenylacetoacetonitril-olie\/#primaryimage","url":"https:\/\/everydaychemshop.com\/da\/wp-content\/uploads\/sites\/2\/2022\/11\/Apaan-Oil-for-sale.jpg","contentUrl":"https:\/\/everydaychemshop.com\/da\/wp-content\/uploads\/sites\/2\/2022\/11\/Apaan-Oil-for-sale.jpg","width":250,"height":250,"caption":"K\u00f8b Apaan Oil i premium kvalitet online"},{"@type":"BreadcrumbList","@id":"https:\/\/everydaychemshop.com\/da\/product\/apaan-alfa-phenylacetoacetonitril-olie\/#breadcrumb","itemListElement":[{"@type":"ListItem","position":1,"name":"Home","item":"https:\/\/everydaychemshop.com\/da\/"},{"@type":"ListItem","position":2,"name":"Produkter","item":"https:\/\/everydaychemshop.com\/da\/produkter\/"},{"@type":"ListItem","position":3,"name":"APAAN (alfa-phenylacetoacetonitril) olie"}]},{"@type":"WebSite","@id":"https:\/\/everydaychemshop.com\/da\/#website","url":"https:\/\/everydaychemshop.com\/da\/","name":"Everyday Chem Shop","description":"","potentialAction":[{"@type":"SearchAction","target":{"@type":"EntryPoint","urlTemplate":"https:\/\/everydaychemshop.com\/da\/?s={search_term_string}"},"query-input":{"@type":"PropertyValueSpecification","valueRequired":true,"valueName":"search_term_string"}}],"inLanguage":"en-US"}]}},"_links":{"self":[{"href":"https:\/\/everydaychemshop.com\/da\/wp-json\/wp\/v2\/product\/8177","targetHints":{"allow":["GET"]}}],"collection":[{"href":"https:\/\/everydaychemshop.com\/da\/wp-json\/wp\/v2\/product"}],"about":[{"href":"https:\/\/everydaychemshop.com\/da\/wp-json\/wp\/v2\/types\/product"}],"replies":[{"embeddable":true,"href":"https:\/\/everydaychemshop.com\/da\/wp-json\/wp\/v2\/comments?post=8177"}],"wp:featuredmedia":[{"embeddable":true,"href":"https:\/\/everydaychemshop.com\/da\/wp-json\/wp\/v2\/media\/8180"}],"wp:attachment":[{"href":"https:\/\/everydaychemshop.com\/da\/wp-json\/wp\/v2\/media?parent=8177"}],"wp:term":[{"taxonomy":"product_brand","embeddable":true,"href":"https:\/\/everydaychemshop.com\/da\/wp-json\/wp\/v2\/product_brand?post=8177"},{"taxonomy":"product_cat","embeddable":true,"href":"https:\/\/everydaychemshop.com\/da\/wp-json\/wp\/v2\/product_cat?post=8177"},{"taxonomy":"product_tag","embeddable":true,"href":"https:\/\/everydaychemshop.com\/da\/wp-json\/wp\/v2\/product_tag?post=8177"}],"curies":[{"name":"wp","href":"https:\/\/api.w.org\/{rel}","templated":true}]}}