{"id":8182,"date":"2022-11-19T11:09:09","date_gmt":"2022-11-19T11:09:09","guid":{"rendered":"https:\/\/everydaychemshop.com\/da\/?post_type=product&#038;p=8182"},"modified":"2023-04-08T05:37:01","modified_gmt":"2023-04-08T05:37:01","slug":"gbl-gamma-butyrolacton-vaeske","status":"publish","type":"product","link":"https:\/\/everydaychemshop.com\/da\/product\/gbl-gamma-butyrolacton-vaeske\/","title":{"rendered":"GBL (Gamma-Butyrolactone) v\u00e6ske"},"content":{"rendered":"<h1>K\u00f8b GBL (Gamma-Butyrolactone) v\u00e6ske online<\/h1>\n<p><a href=\"https:\/\/everydaychemshop.com\/da\/product\/gbl-gamma-butyrolacton-vaeske\/\">K\u00f8b GBL (Gamma-Butyrolactone) v\u00e6ske online<\/a>. \u03bc-Butyrolactone (GBL) er en farvel\u00f8s, hygroskopisk vandblandbar v\u00e6ske med lav lugt. Det er 4-carbon lacton den enkleste. Hos mennesker virker GBL som et prodrug for \u03b1-hydroxysm\u00f8rsyre (GHB) og som et rekreativt CNS-depressivt middel med virkninger svarende til barbituraters; det bruges som mellemprodukt <a href=\"https:\/\/en.wikipedia.org\/wiki\/Gamma-Butyrolactone\">ved<\/a> fremstilling af andre kemikalier, f.eks. methyl-2-pyrrolidon.<\/p>\n<h4>Hvordan fremstilles GBL?<\/h4>\n<p>Der blev fundet ekstrakter af GBL fra uforfalskede vinpr\u00f8ver. Dette fund viser, at i nogle vine er GBL naturligt til stede og kan findes i lignende produkter. Detektionskoncentrationen var omkring 5 \u03bcg\/mL og blev let fulgt af en GC\/MS-analyse med en simpel fjernelsesteknik. I ostesmag findes GBL, men generelt er den endelige f\u00f8devare 0,0002% GBL. GBL.<\/p>\n<p>Dehydrogenering af 1,4-butandiol ved 180-300 \u00b0C, atmosf\u00e6risk tryk i n\u00e6rv\u00e6r af kobberkatalysator, producerer \u03b1-Butyrolactone industrielt.<\/p>\n<p>Denne proces vender tilbage. er omkring 95%. Udrensning finder sted ved at ekstrahere den flydende gasfase.<\/p>\n<p>Oxidationen af \u200b\u200btetrahydrofuran, s\u00e5som vandigt natrium\u00a0bromat a&gt;, kan ogs\u00e5 opn\u00e5s i laboratoriet. GABA bruger Sandmeyer-reaktionen som en alternativ vej.<\/p>\n<h4>Anvendelser af GBL:<\/h4>\n<p>De industrielle anvendelser af GBL er udbredt. En stor anvendelse af GBL er pyrolidoner, der er meget udbredt i industrielle kemikalier som et mellemprodukt i fremstillingen. GBL bruges ogs\u00e5 som en anden hovedkomponent i produkter som printpladerensere i elektronik, malingfjernere og neglelakfjernere p\u00e5 grund af deres h\u00f8je solvensegenskaber. Det bruges som opl\u00f8sningsmiddel af polyacrylonitril, celluloseacetat og polystyren. Produktion af herbicider og produktion af l\u00e6gemidler indg\u00e5r ogs\u00e5 i syntesen, f.eks. DL-methionin, piperidin, phenylsm\u00f8rsyre og thiosm\u00f8rsyre.<\/p>\n<p>GBL misbruges som en v\u00e6ske, der ofte fejlagtigt pr\u00e6senteres som GHB under ulovlig salg. En ml h\u00f8jrent GBL svarer cirka til 2,5 g GHB 49. Der er online kemiske leverand\u00f8rer, der s\u00e6lger GBL, der markedsf\u00f8rer GBL som reng\u00f8ringsopl\u00f8sningsmiddel, multifunktionsfjerner eller<br \/>\nkrompolish og som hjulrens.<\/p>\n<h4>S\u00e5dan k\u00f8ber du Gamma-Butyrolactone (GBL) online:<\/h4>\n<p>Med Everyday Chem Shop. du kan bestille gamma-Butyrolactone (GBL) online til gode priser og ogs\u00e5 til en bekvem responsiv leveringsservice. Du kan bestille gamma-Butyrolactone (GBL) online som hjulrenser, malingsrenser og du kan ogs\u00e5 bestille gamma-Butyrolactone (GBL) til industriel brug.<\/p>\n<p>Vi er professionelle leverand\u00f8rer f\u00f8lger altid deres pligter og ansvar overfor kunder seri\u00f8st. Priserne hos onlineleverand\u00f8rerne for k\u00f8b af gamma-Butyrolactone (GBL) Online eller andre relaterede produkter er rimelige og overkommelige for alle. Der er ingen grund til at bruge en formue p\u00e5 at k\u00f8be disse produkter.<\/p>\n<p>Teamet af ledere vil tage sig af dine ordreoplysninger og fors\u00f8ge at f\u00e6rdigg\u00f8re dem s\u00e5 hurtigt som muligt. Pakningsteamet vil pakke din ordre med den st\u00f8rste pr\u00e6cision for at sikre, at den ikke bliver beskadiget under transporten. S\u00e5 du kan se, hvor nemt det er hos os at bestille gamma-Butyrolactone (GBL) reng\u00f8ringsmiddel online. Du kan bestille GBL gamma-Butyrolactone (GBL) online til USA, Europa og hvorfor ikke over hele verden.<\/p>\n<p>Det er g\u00e5et tid, hvor man plejede at k\u00e6mpe h\u00e5rdt for at k\u00f8be gamma-butyrolactone (GBL) online p\u00e5 butikker offline ved at rejse kilometer og kun hvis de er tilg\u00e6ngelige. Men med fremskridt inden for tid og teknologi er online-tilstanden kommet. Du kan nemt kontakte en online butik ved hj\u00e6lp af dine enheder lige hos dig og bestille gamma-Butyrolactone (GBL) Online. Der er ingen grund til at rejse nogen steder l\u00e6ngere, du kan altid bestille gamma-Butyrolactone (GBL) online hos os.<\/p>\n<h1><\/h1>\n<h1><\/h1>\n<h1><\/h1>\n<h1><\/h1>\n<h1><\/h1>\n<p>&nbsp;<\/p>\n","protected":false},"excerpt":{"rendered":"<div class=\"woocommerce-product-details__short-description\">\n<p>GHB &#8216; K\u00f8b ghb online &#8216; er et psykoaktivt beroligende stof, der almindeligvis omtales som et &#8220;klubstof&#8221; eller &#8220;datevoldt\u00e6gt&#8221;. Pharma Psychedelic GHB-forsyning er lugtfri og farvel\u00f8s.<\/p>\n<\/div>\n","protected":false},"featured_media":8184,"comment_status":"open","ping_status":"closed","template":"","meta":{"inline_featured_image":false},"product_brand":[],"product_cat":[59],"product_tag":[],"class_list":{"0":"post-8182","1":"product","2":"type-product","3":"status-publish","4":"has-post-thumbnail","6":"product_cat-kemikalier","8":"first","9":"instock","10":"shipping-taxable","11":"purchasable","12":"product-type-variable","13":"has-default-attributes"},"yoast_head":"<!-- This site is optimized with the Yoast SEO Premium plugin v19.2 (Yoast SEO v27.3) - https:\/\/yoast.com\/product\/yoast-seo-premium-wordpress\/ -->\n<title>K\u00f8b GBL (Gamma-Butyrolactone) v\u00e6ske - Everyday Chem Shop<\/title>\n<meta name=\"description\" content=\"K\u00f8b GBL (Gamma-Butyrolactone) v\u00e6ske online. Vi s\u00e6lger den bedste kvalitet GBL (Gamma-Butyrolactone) online. Kontakt venligst for mere info.\" \/>\n<meta name=\"robots\" content=\"index, follow, max-snippet:-1, max-image-preview:large, max-video-preview:-1\" \/>\n<link rel=\"canonical\" href=\"https:\/\/everydaychemshop.com\/da\/product\/gbl-gamma-butyrolacton-vaeske\/\" \/>\n<meta property=\"og:locale\" content=\"en_US\" \/>\n<meta property=\"og:type\" content=\"article\" \/>\n<meta property=\"og:title\" content=\"GBL (Gamma-Butyrolactone) v\u00e6ske\" \/>\n<meta property=\"og:description\" content=\"K\u00f8b GBL (Gamma-Butyrolactone) v\u00e6ske online. Vi s\u00e6lger den bedste kvalitet GBL (Gamma-Butyrolactone) online. Kontakt venligst for mere info.\" \/>\n<meta property=\"og:url\" content=\"https:\/\/everydaychemshop.com\/da\/product\/gbl-gamma-butyrolacton-vaeske\/\" \/>\n<meta property=\"og:site_name\" content=\"Everyday Chem Shop\" \/>\n<meta property=\"article:modified_time\" content=\"2023-04-08T05:37:01+00:00\" \/>\n<meta property=\"og:image\" content=\"https:\/\/everydaychemshop.com\/da\/wp-content\/uploads\/sites\/2\/2022\/11\/GBLfor-sale-USA.jpeg\" \/>\n\t<meta property=\"og:image:width\" content=\"600\" \/>\n\t<meta property=\"og:image:height\" content=\"600\" \/>\n\t<meta property=\"og:image:type\" content=\"image\/jpeg\" \/>\n<meta name=\"twitter:card\" content=\"summary_large_image\" \/>\n<meta name=\"twitter:label1\" content=\"Est. reading time\" \/>\n\t<meta name=\"twitter:data1\" content=\"3 minutes\" \/>\n<script type=\"application\/ld+json\" class=\"yoast-schema-graph\">{\"@context\":\"https:\\\/\\\/schema.org\",\"@graph\":[{\"@type\":\"WebPage\",\"@id\":\"https:\\\/\\\/everydaychemshop.com\\\/da\\\/product\\\/gbl-gamma-butyrolacton-vaeske\\\/\",\"url\":\"https:\\\/\\\/everydaychemshop.com\\\/da\\\/product\\\/gbl-gamma-butyrolacton-vaeske\\\/\",\"name\":\"K\u00f8b GBL (Gamma-Butyrolactone) v\u00e6ske - Everyday Chem Shop\",\"isPartOf\":{\"@id\":\"https:\\\/\\\/everydaychemshop.com\\\/da\\\/#website\"},\"primaryImageOfPage\":{\"@id\":\"https:\\\/\\\/everydaychemshop.com\\\/da\\\/product\\\/gbl-gamma-butyrolacton-vaeske\\\/#primaryimage\"},\"image\":{\"@id\":\"https:\\\/\\\/everydaychemshop.com\\\/da\\\/product\\\/gbl-gamma-butyrolacton-vaeske\\\/#primaryimage\"},\"thumbnailUrl\":\"https:\\\/\\\/everydaychemshop.com\\\/da\\\/wp-content\\\/uploads\\\/sites\\\/2\\\/2022\\\/11\\\/GBLfor-sale-USA.jpeg\",\"datePublished\":\"2022-11-19T11:09:09+00:00\",\"dateModified\":\"2023-04-08T05:37:01+00:00\",\"description\":\"K\u00f8b GBL (Gamma-Butyrolactone) v\u00e6ske online. Vi s\u00e6lger den bedste kvalitet GBL (Gamma-Butyrolactone) online. Kontakt venligst for mere info.\",\"breadcrumb\":{\"@id\":\"https:\\\/\\\/everydaychemshop.com\\\/da\\\/product\\\/gbl-gamma-butyrolacton-vaeske\\\/#breadcrumb\"},\"inLanguage\":\"en-US\",\"potentialAction\":[{\"@type\":\"ReadAction\",\"target\":[\"https:\\\/\\\/everydaychemshop.com\\\/da\\\/product\\\/gbl-gamma-butyrolacton-vaeske\\\/\"]}]},{\"@type\":\"ImageObject\",\"inLanguage\":\"en-US\",\"@id\":\"https:\\\/\\\/everydaychemshop.com\\\/da\\\/product\\\/gbl-gamma-butyrolacton-vaeske\\\/#primaryimage\",\"url\":\"https:\\\/\\\/everydaychemshop.com\\\/da\\\/wp-content\\\/uploads\\\/sites\\\/2\\\/2022\\\/11\\\/GBLfor-sale-USA.jpeg\",\"contentUrl\":\"https:\\\/\\\/everydaychemshop.com\\\/da\\\/wp-content\\\/uploads\\\/sites\\\/2\\\/2022\\\/11\\\/GBLfor-sale-USA.jpeg\",\"width\":600,\"height\":600,\"caption\":\"K\u00f8b GBL (Gamma-Butyrolactone) v\u00e6ske online\"},{\"@type\":\"BreadcrumbList\",\"@id\":\"https:\\\/\\\/everydaychemshop.com\\\/da\\\/product\\\/gbl-gamma-butyrolacton-vaeske\\\/#breadcrumb\",\"itemListElement\":[{\"@type\":\"ListItem\",\"position\":1,\"name\":\"Home\",\"item\":\"https:\\\/\\\/everydaychemshop.com\\\/da\\\/\"},{\"@type\":\"ListItem\",\"position\":2,\"name\":\"Produkter\",\"item\":\"https:\\\/\\\/everydaychemshop.com\\\/da\\\/produkter\\\/\"},{\"@type\":\"ListItem\",\"position\":3,\"name\":\"GBL (Gamma-Butyrolactone) v\u00e6ske\"}]},{\"@type\":\"WebSite\",\"@id\":\"https:\\\/\\\/everydaychemshop.com\\\/da\\\/#website\",\"url\":\"https:\\\/\\\/everydaychemshop.com\\\/da\\\/\",\"name\":\"Everyday Chem Shop\",\"description\":\"\",\"potentialAction\":[{\"@type\":\"SearchAction\",\"target\":{\"@type\":\"EntryPoint\",\"urlTemplate\":\"https:\\\/\\\/everydaychemshop.com\\\/da\\\/?s={search_term_string}\"},\"query-input\":{\"@type\":\"PropertyValueSpecification\",\"valueRequired\":true,\"valueName\":\"search_term_string\"}}],\"inLanguage\":\"en-US\"}]}<\/script>\n<!-- \/ Yoast SEO Premium plugin. -->","yoast_head_json":{"title":"K\u00f8b GBL (Gamma-Butyrolactone) v\u00e6ske - Everyday Chem Shop","description":"K\u00f8b GBL (Gamma-Butyrolactone) v\u00e6ske online. Vi s\u00e6lger den bedste kvalitet GBL (Gamma-Butyrolactone) online. Kontakt venligst for mere info.","robots":{"index":"index","follow":"follow","max-snippet":"max-snippet:-1","max-image-preview":"max-image-preview:large","max-video-preview":"max-video-preview:-1"},"canonical":"https:\/\/everydaychemshop.com\/da\/product\/gbl-gamma-butyrolacton-vaeske\/","og_locale":"en_US","og_type":"article","og_title":"GBL (Gamma-Butyrolactone) v\u00e6ske","og_description":"K\u00f8b GBL (Gamma-Butyrolactone) v\u00e6ske online. Vi s\u00e6lger den bedste kvalitet GBL (Gamma-Butyrolactone) online. Kontakt venligst for mere info.","og_url":"https:\/\/everydaychemshop.com\/da\/product\/gbl-gamma-butyrolacton-vaeske\/","og_site_name":"Everyday Chem Shop","article_modified_time":"2023-04-08T05:37:01+00:00","og_image":[{"width":600,"height":600,"url":"https:\/\/everydaychemshop.com\/da\/wp-content\/uploads\/sites\/2\/2022\/11\/GBLfor-sale-USA.jpeg","type":"image\/jpeg"}],"twitter_card":"summary_large_image","twitter_misc":{"Est. reading time":"3 minutes"},"schema":{"@context":"https:\/\/schema.org","@graph":[{"@type":"WebPage","@id":"https:\/\/everydaychemshop.com\/da\/product\/gbl-gamma-butyrolacton-vaeske\/","url":"https:\/\/everydaychemshop.com\/da\/product\/gbl-gamma-butyrolacton-vaeske\/","name":"K\u00f8b GBL (Gamma-Butyrolactone) v\u00e6ske - Everyday Chem Shop","isPartOf":{"@id":"https:\/\/everydaychemshop.com\/da\/#website"},"primaryImageOfPage":{"@id":"https:\/\/everydaychemshop.com\/da\/product\/gbl-gamma-butyrolacton-vaeske\/#primaryimage"},"image":{"@id":"https:\/\/everydaychemshop.com\/da\/product\/gbl-gamma-butyrolacton-vaeske\/#primaryimage"},"thumbnailUrl":"https:\/\/everydaychemshop.com\/da\/wp-content\/uploads\/sites\/2\/2022\/11\/GBLfor-sale-USA.jpeg","datePublished":"2022-11-19T11:09:09+00:00","dateModified":"2023-04-08T05:37:01+00:00","description":"K\u00f8b GBL (Gamma-Butyrolactone) v\u00e6ske online. Vi s\u00e6lger den bedste kvalitet GBL (Gamma-Butyrolactone) online. Kontakt venligst for mere info.","breadcrumb":{"@id":"https:\/\/everydaychemshop.com\/da\/product\/gbl-gamma-butyrolacton-vaeske\/#breadcrumb"},"inLanguage":"en-US","potentialAction":[{"@type":"ReadAction","target":["https:\/\/everydaychemshop.com\/da\/product\/gbl-gamma-butyrolacton-vaeske\/"]}]},{"@type":"ImageObject","inLanguage":"en-US","@id":"https:\/\/everydaychemshop.com\/da\/product\/gbl-gamma-butyrolacton-vaeske\/#primaryimage","url":"https:\/\/everydaychemshop.com\/da\/wp-content\/uploads\/sites\/2\/2022\/11\/GBLfor-sale-USA.jpeg","contentUrl":"https:\/\/everydaychemshop.com\/da\/wp-content\/uploads\/sites\/2\/2022\/11\/GBLfor-sale-USA.jpeg","width":600,"height":600,"caption":"K\u00f8b GBL (Gamma-Butyrolactone) v\u00e6ske online"},{"@type":"BreadcrumbList","@id":"https:\/\/everydaychemshop.com\/da\/product\/gbl-gamma-butyrolacton-vaeske\/#breadcrumb","itemListElement":[{"@type":"ListItem","position":1,"name":"Home","item":"https:\/\/everydaychemshop.com\/da\/"},{"@type":"ListItem","position":2,"name":"Produkter","item":"https:\/\/everydaychemshop.com\/da\/produkter\/"},{"@type":"ListItem","position":3,"name":"GBL (Gamma-Butyrolactone) v\u00e6ske"}]},{"@type":"WebSite","@id":"https:\/\/everydaychemshop.com\/da\/#website","url":"https:\/\/everydaychemshop.com\/da\/","name":"Everyday Chem Shop","description":"","potentialAction":[{"@type":"SearchAction","target":{"@type":"EntryPoint","urlTemplate":"https:\/\/everydaychemshop.com\/da\/?s={search_term_string}"},"query-input":{"@type":"PropertyValueSpecification","valueRequired":true,"valueName":"search_term_string"}}],"inLanguage":"en-US"}]}},"_links":{"self":[{"href":"https:\/\/everydaychemshop.com\/da\/wp-json\/wp\/v2\/product\/8182","targetHints":{"allow":["GET"]}}],"collection":[{"href":"https:\/\/everydaychemshop.com\/da\/wp-json\/wp\/v2\/product"}],"about":[{"href":"https:\/\/everydaychemshop.com\/da\/wp-json\/wp\/v2\/types\/product"}],"replies":[{"embeddable":true,"href":"https:\/\/everydaychemshop.com\/da\/wp-json\/wp\/v2\/comments?post=8182"}],"wp:featuredmedia":[{"embeddable":true,"href":"https:\/\/everydaychemshop.com\/da\/wp-json\/wp\/v2\/media\/8184"}],"wp:attachment":[{"href":"https:\/\/everydaychemshop.com\/da\/wp-json\/wp\/v2\/media?parent=8182"}],"wp:term":[{"taxonomy":"product_brand","embeddable":true,"href":"https:\/\/everydaychemshop.com\/da\/wp-json\/wp\/v2\/product_brand?post=8182"},{"taxonomy":"product_cat","embeddable":true,"href":"https:\/\/everydaychemshop.com\/da\/wp-json\/wp\/v2\/product_cat?post=8182"},{"taxonomy":"product_tag","embeddable":true,"href":"https:\/\/everydaychemshop.com\/da\/wp-json\/wp\/v2\/product_tag?post=8182"}],"curies":[{"name":"wp","href":"https:\/\/api.w.org\/{rel}","templated":true}]}}