{"id":8187,"date":"2022-11-19T11:29:46","date_gmt":"2022-11-19T11:29:46","guid":{"rendered":"https:\/\/everydaychemshop.com\/da\/?post_type=product&#038;p=8187"},"modified":"2023-04-08T05:35:24","modified_gmt":"2023-04-08T05:35:24","slug":"gbl-gamma-butyrolacton-pulver","status":"publish","type":"product","link":"https:\/\/everydaychemshop.com\/da\/product\/gbl-gamma-butyrolacton-pulver\/","title":{"rendered":"GBL (Gamma-Butyrolactone) pulver"},"content":{"rendered":"<h1>K\u00f8b GBL (Gamma-Butyrolactone) Pulver online<\/h1>\n<p><a href=\"https:\/\/everydaychemshop.com\/da\/product\/gbl-gamma-butyrolacton-pulver\/\">K\u00f8b GBL (Gamma-Butyrolactone) Pulver online<\/a>.GBL Powder(gamma butyrolactone) er et prodrug til GHB. Et prodrug er et l\u00e6gemiddel eller en forbindelse, der efter administration metaboliseres til et farmakologisk aktivt l\u00e6gemiddel. Inaktive prodrugs er farmakologisk inaktive l\u00e6gemidler, der metaboliseres til en aktiv form i kroppen. Bestil GBL Powder online nu til rekreative form\u00e5l. Du kan enten tage GBL&#8217;en og vente p\u00e5, at dit system syntetiserer den for dig eller g\u00e5 direkte til GHB Powder eller GHB Liquid.<\/p>\n<p>GBL Powder eller GBL Liquid<br \/>\nDe fleste blander sig normalt, om de skal bestille GHB eller bestille GBL. I de fleste <a href=\"https:\/\/en.wikipedia.org\/wiki\/Gamma-Butyrolactone\">tilf\u00e6lde<\/a> anbefaler vi GHB, fordi det er klar til optagelse i systemet. GBL\u00a0skal syntetiseres til GHB f\u00f8rst, f\u00f8r det starter Det er m\u00e5ske eller m\u00e5ske ikke det, du \u00f8nsker. De, der g\u00e5r efter GBL, kan stadig sp\u00f8rge, om GBL-pulver eller GBL-v\u00e6ske. Dette er kun et sp\u00f8rgsm\u00e5l om pr\u00e6ference. For nogle er GBL-pulver nemmere at opbevare, og de har total kontrol over, hvordan de opl\u00f8ses til den \u00f8nskede koncentration.<\/p>\n<p>GBL er blevet fundet i ekstrakter fra pr\u00f8ver af uforfalskede vine. Dette fund indikerer, at GBL er en naturligt forekommende komponent i nogle vine og kan v\u00e6re til stede i lignende produkter. Den detekterede koncentration var ca. 5 \u03bcg\/mL og blev let observeret ved hj\u00e6lp af en simpel ekstraktionsteknik efterfulgt af GC\/MS-analyse. GBL kan findes i ostearomaer, men resulterer typisk i et indhold p\u00e5 0,0002 % GBL i den endelige f\u00f8devare.<\/p>\n<p>Som lacton hydrolyseres GBL under basiske forhold, f.eks. i en natriumhydroxidopl\u00f8sning til natriumgamma -hydroxybutyrat, natriumsaltet af gamma-hydroxysm\u00f8rsyre. I surt vand eksisterer en blanding af lacton- og syreformerne side om side i en ligev\u00e6gt. Disse forbindelser kan derefter forts\u00e6tte med at danne polymeren poly(4-hydroxybutyrat). N\u00e5r det behandles med en ikke-nukleofil base, s\u00e5som lithiumdiisopropylamid, gennemg\u00e5r GBL deprotonering alfa til carbonyl. Den relaterede forbindelse caprolacton kan bruges til at fremstille en polyester p\u00e5 denne m\u00e5de.<\/p>\n<h4>Vi er ansvarlige for tabt ejendom, hvis det beslagl\u00e6gges af brugerdefinerede, garanteret 100 % kundetilfredshed. Vi tror p\u00e5 vores produkter. 100 % diskrete og fortrolige.<\/h4>\n","protected":false},"excerpt":{"rendered":"<p>K\u00f8b GBL POWDER billigt online\u00a0 fra\u00a0<a href=\"https:\/\/firstrowchemicals.com\/shop-online-with-first-row-chemicals\/\" target=\"_blank\" rel=\"noopener noreferrer\">US<\/a>\u00a0.GBL Powder(gamma butyrolactone) er et prodrug til\u00a0<a href=\"https:\/\/firstrowchemicals.com\/shop-online-with-first-row-chemicals\/\" target=\"_blank\" rel=\"noopener noreferrer\">GHB<\/a>. Et prodrug er et l\u00e6gemiddel eller en forbindelse, der efter administration metaboliseres til et farmakologisk aktivt l\u00e6gemiddel.<\/p>\n","protected":false},"featured_media":8189,"comment_status":"open","ping_status":"closed","template":"","meta":{"inline_featured_image":false},"product_brand":[],"product_cat":[59],"product_tag":[],"class_list":{"0":"post-8187","1":"product","2":"type-product","3":"status-publish","4":"has-post-thumbnail","6":"product_cat-kemikalier","8":"first","9":"instock","10":"sale","11":"shipping-taxable","12":"purchasable","13":"product-type-variable","14":"has-default-attributes"},"yoast_head":"<!-- This site is optimized with the Yoast SEO Premium plugin v19.2 (Yoast SEO v27.3) - https:\/\/yoast.com\/product\/yoast-seo-premium-wordpress\/ -->\n<title>K\u00f8b GBL (Gamma-Butyrolactone) Pulver - Everyday Chem Shop<\/title>\n<meta name=\"description\" content=\"K\u00f8b GBL (Gamma-Butyrolactone) Pulver online. Vi s\u00e6lger GBL (Gamma-Butyrolactone) pulver af den bedste kvalitet. Kontakt for mere info og priser.\" \/>\n<meta name=\"robots\" content=\"index, follow, max-snippet:-1, max-image-preview:large, max-video-preview:-1\" \/>\n<link rel=\"canonical\" href=\"https:\/\/everydaychemshop.com\/da\/product\/gbl-gamma-butyrolacton-pulver\/\" \/>\n<meta property=\"og:locale\" content=\"en_US\" \/>\n<meta property=\"og:type\" content=\"article\" \/>\n<meta property=\"og:title\" content=\"GBL (Gamma-Butyrolactone) pulver\" \/>\n<meta property=\"og:description\" content=\"K\u00f8b GBL (Gamma-Butyrolactone) Pulver online. Vi s\u00e6lger GBL (Gamma-Butyrolactone) pulver af den bedste kvalitet. Kontakt for mere info og priser.\" \/>\n<meta property=\"og:url\" content=\"https:\/\/everydaychemshop.com\/da\/product\/gbl-gamma-butyrolacton-pulver\/\" \/>\n<meta property=\"og:site_name\" content=\"Everyday Chem Shop\" \/>\n<meta property=\"article:modified_time\" content=\"2023-04-08T05:35:24+00:00\" \/>\n<meta property=\"og:image\" content=\"https:\/\/everydaychemshop.com\/da\/wp-content\/uploads\/sites\/2\/2022\/11\/GBL-Gamma-Butyrolactone-powder.jpg\" \/>\n\t<meta property=\"og:image:width\" content=\"500\" \/>\n\t<meta property=\"og:image:height\" content=\"500\" \/>\n\t<meta property=\"og:image:type\" content=\"image\/jpeg\" \/>\n<meta name=\"twitter:card\" content=\"summary_large_image\" \/>\n<meta name=\"twitter:label1\" content=\"Est. reading time\" \/>\n\t<meta name=\"twitter:data1\" content=\"2 minutes\" \/>\n<script type=\"application\/ld+json\" class=\"yoast-schema-graph\">{\"@context\":\"https:\\\/\\\/schema.org\",\"@graph\":[{\"@type\":\"WebPage\",\"@id\":\"https:\\\/\\\/everydaychemshop.com\\\/da\\\/product\\\/gbl-gamma-butyrolacton-pulver\\\/\",\"url\":\"https:\\\/\\\/everydaychemshop.com\\\/da\\\/product\\\/gbl-gamma-butyrolacton-pulver\\\/\",\"name\":\"K\u00f8b GBL (Gamma-Butyrolactone) Pulver - Everyday Chem Shop\",\"isPartOf\":{\"@id\":\"https:\\\/\\\/everydaychemshop.com\\\/da\\\/#website\"},\"primaryImageOfPage\":{\"@id\":\"https:\\\/\\\/everydaychemshop.com\\\/da\\\/product\\\/gbl-gamma-butyrolacton-pulver\\\/#primaryimage\"},\"image\":{\"@id\":\"https:\\\/\\\/everydaychemshop.com\\\/da\\\/product\\\/gbl-gamma-butyrolacton-pulver\\\/#primaryimage\"},\"thumbnailUrl\":\"https:\\\/\\\/everydaychemshop.com\\\/da\\\/wp-content\\\/uploads\\\/sites\\\/2\\\/2022\\\/11\\\/GBL-Gamma-Butyrolactone-powder.jpg\",\"datePublished\":\"2022-11-19T11:29:46+00:00\",\"dateModified\":\"2023-04-08T05:35:24+00:00\",\"description\":\"K\u00f8b GBL (Gamma-Butyrolactone) Pulver online. Vi s\u00e6lger GBL (Gamma-Butyrolactone) pulver af den bedste kvalitet. Kontakt for mere info og priser.\",\"breadcrumb\":{\"@id\":\"https:\\\/\\\/everydaychemshop.com\\\/da\\\/product\\\/gbl-gamma-butyrolacton-pulver\\\/#breadcrumb\"},\"inLanguage\":\"en-US\",\"potentialAction\":[{\"@type\":\"ReadAction\",\"target\":[\"https:\\\/\\\/everydaychemshop.com\\\/da\\\/product\\\/gbl-gamma-butyrolacton-pulver\\\/\"]}]},{\"@type\":\"ImageObject\",\"inLanguage\":\"en-US\",\"@id\":\"https:\\\/\\\/everydaychemshop.com\\\/da\\\/product\\\/gbl-gamma-butyrolacton-pulver\\\/#primaryimage\",\"url\":\"https:\\\/\\\/everydaychemshop.com\\\/da\\\/wp-content\\\/uploads\\\/sites\\\/2\\\/2022\\\/11\\\/GBL-Gamma-Butyrolactone-powder.jpg\",\"contentUrl\":\"https:\\\/\\\/everydaychemshop.com\\\/da\\\/wp-content\\\/uploads\\\/sites\\\/2\\\/2022\\\/11\\\/GBL-Gamma-Butyrolactone-powder.jpg\",\"width\":500,\"height\":500,\"caption\":\"K\u00f8b GBL (Gamma-Butyrolactone) Pulver online\"},{\"@type\":\"BreadcrumbList\",\"@id\":\"https:\\\/\\\/everydaychemshop.com\\\/da\\\/product\\\/gbl-gamma-butyrolacton-pulver\\\/#breadcrumb\",\"itemListElement\":[{\"@type\":\"ListItem\",\"position\":1,\"name\":\"Home\",\"item\":\"https:\\\/\\\/everydaychemshop.com\\\/da\\\/\"},{\"@type\":\"ListItem\",\"position\":2,\"name\":\"Produkter\",\"item\":\"https:\\\/\\\/everydaychemshop.com\\\/da\\\/produkter\\\/\"},{\"@type\":\"ListItem\",\"position\":3,\"name\":\"GBL (Gamma-Butyrolactone) pulver\"}]},{\"@type\":\"WebSite\",\"@id\":\"https:\\\/\\\/everydaychemshop.com\\\/da\\\/#website\",\"url\":\"https:\\\/\\\/everydaychemshop.com\\\/da\\\/\",\"name\":\"Everyday Chem Shop\",\"description\":\"\",\"potentialAction\":[{\"@type\":\"SearchAction\",\"target\":{\"@type\":\"EntryPoint\",\"urlTemplate\":\"https:\\\/\\\/everydaychemshop.com\\\/da\\\/?s={search_term_string}\"},\"query-input\":{\"@type\":\"PropertyValueSpecification\",\"valueRequired\":true,\"valueName\":\"search_term_string\"}}],\"inLanguage\":\"en-US\"}]}<\/script>\n<!-- \/ Yoast SEO Premium plugin. -->","yoast_head_json":{"title":"K\u00f8b GBL (Gamma-Butyrolactone) Pulver - Everyday Chem Shop","description":"K\u00f8b GBL (Gamma-Butyrolactone) Pulver online. Vi s\u00e6lger GBL (Gamma-Butyrolactone) pulver af den bedste kvalitet. Kontakt for mere info og priser.","robots":{"index":"index","follow":"follow","max-snippet":"max-snippet:-1","max-image-preview":"max-image-preview:large","max-video-preview":"max-video-preview:-1"},"canonical":"https:\/\/everydaychemshop.com\/da\/product\/gbl-gamma-butyrolacton-pulver\/","og_locale":"en_US","og_type":"article","og_title":"GBL (Gamma-Butyrolactone) pulver","og_description":"K\u00f8b GBL (Gamma-Butyrolactone) Pulver online. Vi s\u00e6lger GBL (Gamma-Butyrolactone) pulver af den bedste kvalitet. Kontakt for mere info og priser.","og_url":"https:\/\/everydaychemshop.com\/da\/product\/gbl-gamma-butyrolacton-pulver\/","og_site_name":"Everyday Chem Shop","article_modified_time":"2023-04-08T05:35:24+00:00","og_image":[{"width":500,"height":500,"url":"https:\/\/everydaychemshop.com\/da\/wp-content\/uploads\/sites\/2\/2022\/11\/GBL-Gamma-Butyrolactone-powder.jpg","type":"image\/jpeg"}],"twitter_card":"summary_large_image","twitter_misc":{"Est. reading time":"2 minutes"},"schema":{"@context":"https:\/\/schema.org","@graph":[{"@type":"WebPage","@id":"https:\/\/everydaychemshop.com\/da\/product\/gbl-gamma-butyrolacton-pulver\/","url":"https:\/\/everydaychemshop.com\/da\/product\/gbl-gamma-butyrolacton-pulver\/","name":"K\u00f8b GBL (Gamma-Butyrolactone) Pulver - Everyday Chem Shop","isPartOf":{"@id":"https:\/\/everydaychemshop.com\/da\/#website"},"primaryImageOfPage":{"@id":"https:\/\/everydaychemshop.com\/da\/product\/gbl-gamma-butyrolacton-pulver\/#primaryimage"},"image":{"@id":"https:\/\/everydaychemshop.com\/da\/product\/gbl-gamma-butyrolacton-pulver\/#primaryimage"},"thumbnailUrl":"https:\/\/everydaychemshop.com\/da\/wp-content\/uploads\/sites\/2\/2022\/11\/GBL-Gamma-Butyrolactone-powder.jpg","datePublished":"2022-11-19T11:29:46+00:00","dateModified":"2023-04-08T05:35:24+00:00","description":"K\u00f8b GBL (Gamma-Butyrolactone) Pulver online. Vi s\u00e6lger GBL (Gamma-Butyrolactone) pulver af den bedste kvalitet. Kontakt for mere info og priser.","breadcrumb":{"@id":"https:\/\/everydaychemshop.com\/da\/product\/gbl-gamma-butyrolacton-pulver\/#breadcrumb"},"inLanguage":"en-US","potentialAction":[{"@type":"ReadAction","target":["https:\/\/everydaychemshop.com\/da\/product\/gbl-gamma-butyrolacton-pulver\/"]}]},{"@type":"ImageObject","inLanguage":"en-US","@id":"https:\/\/everydaychemshop.com\/da\/product\/gbl-gamma-butyrolacton-pulver\/#primaryimage","url":"https:\/\/everydaychemshop.com\/da\/wp-content\/uploads\/sites\/2\/2022\/11\/GBL-Gamma-Butyrolactone-powder.jpg","contentUrl":"https:\/\/everydaychemshop.com\/da\/wp-content\/uploads\/sites\/2\/2022\/11\/GBL-Gamma-Butyrolactone-powder.jpg","width":500,"height":500,"caption":"K\u00f8b GBL (Gamma-Butyrolactone) Pulver online"},{"@type":"BreadcrumbList","@id":"https:\/\/everydaychemshop.com\/da\/product\/gbl-gamma-butyrolacton-pulver\/#breadcrumb","itemListElement":[{"@type":"ListItem","position":1,"name":"Home","item":"https:\/\/everydaychemshop.com\/da\/"},{"@type":"ListItem","position":2,"name":"Produkter","item":"https:\/\/everydaychemshop.com\/da\/produkter\/"},{"@type":"ListItem","position":3,"name":"GBL (Gamma-Butyrolactone) pulver"}]},{"@type":"WebSite","@id":"https:\/\/everydaychemshop.com\/da\/#website","url":"https:\/\/everydaychemshop.com\/da\/","name":"Everyday Chem Shop","description":"","potentialAction":[{"@type":"SearchAction","target":{"@type":"EntryPoint","urlTemplate":"https:\/\/everydaychemshop.com\/da\/?s={search_term_string}"},"query-input":{"@type":"PropertyValueSpecification","valueRequired":true,"valueName":"search_term_string"}}],"inLanguage":"en-US"}]}},"_links":{"self":[{"href":"https:\/\/everydaychemshop.com\/da\/wp-json\/wp\/v2\/product\/8187","targetHints":{"allow":["GET"]}}],"collection":[{"href":"https:\/\/everydaychemshop.com\/da\/wp-json\/wp\/v2\/product"}],"about":[{"href":"https:\/\/everydaychemshop.com\/da\/wp-json\/wp\/v2\/types\/product"}],"replies":[{"embeddable":true,"href":"https:\/\/everydaychemshop.com\/da\/wp-json\/wp\/v2\/comments?post=8187"}],"wp:featuredmedia":[{"embeddable":true,"href":"https:\/\/everydaychemshop.com\/da\/wp-json\/wp\/v2\/media\/8189"}],"wp:attachment":[{"href":"https:\/\/everydaychemshop.com\/da\/wp-json\/wp\/v2\/media?parent=8187"}],"wp:term":[{"taxonomy":"product_brand","embeddable":true,"href":"https:\/\/everydaychemshop.com\/da\/wp-json\/wp\/v2\/product_brand?post=8187"},{"taxonomy":"product_cat","embeddable":true,"href":"https:\/\/everydaychemshop.com\/da\/wp-json\/wp\/v2\/product_cat?post=8187"},{"taxonomy":"product_tag","embeddable":true,"href":"https:\/\/everydaychemshop.com\/da\/wp-json\/wp\/v2\/product_tag?post=8187"}],"curies":[{"name":"wp","href":"https:\/\/api.w.org\/{rel}","templated":true}]}}