{"id":8194,"date":"2022-11-19T17:16:18","date_gmt":"2022-11-19T17:16:18","guid":{"rendered":"https:\/\/everydaychemshop.com\/da\/?post_type=product&#038;p=8194"},"modified":"2023-04-08T05:33:59","modified_gmt":"2023-04-08T05:33:59","slug":"furanylfentanyl-pulver","status":"publish","type":"product","link":"https:\/\/everydaychemshop.com\/da\/product\/furanylfentanyl-pulver\/","title":{"rendered":"Furanyl fentanyl pulver"},"content":{"rendered":"<h1><strong>K\u00f8b Furanyl Fentanyl Powder online<\/strong><\/h1>\n<p>K\u00f8b Furanyl Fentanyl Powder online. Vi deler nogle meget gode oplysninger om produktet. Hvad er furanylfentanyl? Det er et opioidanalgetikum, som er en analog af fentanyl. Det s\u00e6lges p\u00e5 markederne nu som et designerl\u00e6gemiddel. ED-v\u00e6rdien af \u200b\u200bdette kemikalie er 0,02 mg\/kg i mus. Det er langt potent end <strong>fentanyl<\/strong>.<\/p>\n<p>P\u00e5 dette tidspunkt sp\u00f8rger du m\u00e5ske, hvad opioid er. Opioid er en l\u00e6gemiddelklasse. Opioider\u00a0er stoffer, der virker p\u00e5 opioidreceptorer og producerer morfinlignende effekter. Faktisk falder vicodin, oxycontin, oxycodon og percocet ind under denne klasse. Faktisk falder fu-f kort form af dette produkt ogs\u00e5 ind <a href=\"https:\/\/da.wikipedia.org\/wiki\/Fentanyl\">under<\/a> beroligende midler. Beroligende midler er medicin eller stoffer, der bruges til at slappe af i centralnervesystemet. Man kan sige, at en af \u200b\u200banvendelserne af furanylfentanyl er at slappe af i centralnervesystemet.<\/p>\n<p>Hvordan det end er, s\u00e5 vidt priser, forsendelse og levering er bekymring, f\u00f8l dig hjemme. Faktisk, hvis du er i USA, s\u00e5 er forsendelse natten over eller levering n\u00e6ste dag vores m\u00e5l. N\u00e5r vi har modtaget din ordre, kontakter vi dig via e-mail med betalingsoplysninger. S\u00e5 snart vi bekr\u00e6fter betalingen tidligt, s\u00e5 sender vi og leverer n\u00e6ste dag. Der udf\u00f8res stadig meget forskning p\u00e5 dette kemikalie. At k\u00f8be fra en up\u00e5lidelig kilde er en stor risiko. Furnylfentanyl pulver til salg i hele verden. Loven tillader ikke produktet furanylfentanyl fu-f i nogle lande. Men vi leverer, uanset hvor du er usa, kina, UK.<\/p>\n<p>Grade Standard Reagent Grade, Analytical Grade,\u00a0Bio- Teknisk\u00a0Grade Fysisk tilstandspulver, flydende, krystaller, industrielt, kommercielt, indenlandsk, laboratorieudgivelsestype Hurtig, langsom Produktbeskrivelse:<br \/>\nFuranylfentanyl (Fu-F) [ogs\u00e5_navnet Fu-F) ligner meget .<br \/>\nDe fysiologiske og toksikologiske egenskaber af denne forbindelse kendes ikke. Dette produkt er beregnet til retsmedicinske og forskningsm\u00e6ssige anvendelser.<\/p>\n<p>1 Produktnavn Furanylfentanyl (Fu-F)2 Fuldt kemisk navn N-(1-(2-phenylethyl)-4-piperidinyl)-N-phenylfuran- 2-carboxamid3 Formelt navn Fu-F4 CAS-nummer 101345-66-85 Molekylformel C24H26N2O26 Gennemsnitlig masse 374.484 g\/mol7 Renhed \u226599.3%8 Stabilitet 2 \u00e5r9 Opbevaring -20\u00b0C ~ 20\u00b0C Form<\/p>\n<p>1 t. 1 t. ting, der er vigtige, du b\u00f8r vide om Furanyl Fentanyl Powder<\/p>\n<p>Furanyl Fentanyl findes i tre forskellige former. Den kan v\u00e6re praktisk i meget fint hvidt til svagt hvidt pulver. P\u00e5 grund af dens exceptionelle form kan brugere nemt ryge eller injicere det. Du kan nemt k\u00f8be Furanyl Fentanyl Powder online og sende inden for USA og rundt om i verden. Furanyl Fentanyl Pulvere kan ogs\u00e5 opl\u00f8ses i vand for at danne en opl\u00f8sning. I denne form kan brugere placere Furanyl Fentanyl i en n\u00e6sespray med den hensigt at tage den nasalt. En anden form for Furanyl Fentanyl Powder er en blanding af heroin. P\u00e5 grund af denne kombination er denne form st\u00e6rkt vanedannende. Brugere bruger det til rygning og injektion.<\/p>\n<h2>Nogle negative virkninger af Furanylfentanyl ( fu-f )<\/h2>\n<p>Du hallucinerer.<br \/>\nDu kan v\u00e6re rastl\u00f8s med kameraet.<br \/>\nDer er stigning i angst ingen panik.<br \/>\nTanker om selvskade som selvmord eller forgiftning.<br \/>\nDu bliver s\u00e5 aggressiv over for andre og deprimerer over for dig selv.<\/p>\n<p>Med ovenst\u00e5ende r\u00e5der vi kraftigt til at dosis af dette kemiske produkt, du indtager, skal v\u00e6re gennemsnitlig. Men hvis du allerede er misbruger og \u00f8nsker at tr\u00e6kke dig, s\u00e5 v\u00e6r langsom med det. Pludselig tilbagetr\u00e6kning fra fentanyl kan f\u00f8re til d\u00f8den. I dag bruger nogle mennesker stadig alkohol som beroligende middel. Men med sit misbrug har forbrug nogle restriktioner ved lov. Alder er den mest v\u00e6rdifulde faktor. Du drikker og k\u00f8rer heller ikke.<\/p>\n<p>Da beroligende midler hj\u00e6lper med at slappe af centralnervesystemet, kalder vi dem downers. Andre navne er beroligende midler og depressiva. Nogle f\u00e5 af de l\u00e6gemidler eller produktkemikalier, der falder ind under denne kategori, omfatter.<\/p>\n<p>Benzodiazepiner.<br \/>\nbarbiturater.<br \/>\nopioide narkotiske l\u00e6gemidler.<br \/>\nDu er p\u00e5 det rigtige sted. bestille fentanyl kemisk nu. Ogs\u00e5 tilg\u00e6ngelige er u-47700 pulver overnight usa. Etizolam og Alprazolam og nogle gode overdele. Apvp og Meth. Sporingsnumre er tilg\u00e6ngelige for alle ordrer. Du beh\u00f8ver ikke at underskrive f\u00f8r du modtager din pakke. Igen har alle pakker et engangsgebyr for genforsendelse i deres priser. Du kan nu \u00e5bne vores butik for at afgive produktbestilling eller for foresp\u00f8rgsel om ethvert produkt kontakte vores kundeservice. Refusion er tilg\u00e6ngelig, hvis det ikke lykkes ved andet fors\u00f8g. Afslutningsvis Tilf\u00f8j et par varer til indk\u00f8bskurven nu. Gratis fragt p\u00e5 alle ordrer inden for USA. Hold \u00f8je med din e-mail, hver gang du bestiller. K\u00f8b furanylfentanyl usa nu Tak. K\u00f8b Furanylfentanyl Powder online\u00a0nu<\/p>\n<h2>Mere om K\u00f8b furanylfentanyl-pulver online<\/h2>\n<p>Fu-f findes i tre forskellige former. Furanylfentanyl kan v\u00e6re til stede i meget fint hvidt til r\u00e5hvidt pulver. P\u00e5 grund af dens fine form kan de let ryges eller du injicerer det. Pulverfuranylfentanyl kan k\u00f8bes fra vores\u00a0hjemmeside\u00a0og sendes fra USA. Furanyl fentanyl s\u00e6lges ogs\u00e5 som pulvere opl\u00f8ses i opl\u00f8sning. Denne form for furanylfentanyl kan placeres i n\u00e6sespray med intentioner om at blive indtaget nasalt af brugerne. Den sidste form for furanylfentanyl er i en blanding med heroin. P\u00e5 grund af fentanylen i heroinen bliver blandingen mere vanedannende. Brugere indtager dette gennem injektion og\u00a0<strong>rygning<\/strong>. K\u00f8b furanylfentanylpulver online<\/p>\n","protected":false},"excerpt":{"rendered":"<p>K\u00d8B Furanylfentanyl POWDER, Vi deler nogle meget gode oplysninger om produktet. Hvad er furanylfentanyl? Det er et opioidanalgetikum, som er en analog af fentanyl.<\/p>\n","protected":false},"featured_media":8203,"comment_status":"open","ping_status":"closed","template":"","meta":{"inline_featured_image":false},"product_brand":[],"product_cat":[59],"product_tag":[],"class_list":{"0":"post-8194","1":"product","2":"type-product","3":"status-publish","4":"has-post-thumbnail","6":"product_cat-kemikalier","8":"first","9":"instock","10":"sale","11":"shipping-taxable","12":"purchasable","13":"product-type-variable","14":"has-default-attributes"},"yoast_head":"<!-- This site is optimized with the Yoast SEO Premium plugin v19.2 (Yoast SEO v27.3) - https:\/\/yoast.com\/product\/yoast-seo-premium-wordpress\/ -->\n<title>K\u00f8b Furanyl Fentanyl Powder online - Everyday Chem Shop<\/title>\n<meta name=\"description\" content=\"K\u00f8b Furanyl Fentanyl Powder online. Vi s\u00e6lger Furanyl Fentanyl pulver af den bedste kvalitet online. Kontakt venligst for mere information og priser.\" \/>\n<meta name=\"robots\" content=\"index, follow, max-snippet:-1, max-image-preview:large, max-video-preview:-1\" \/>\n<link rel=\"canonical\" href=\"https:\/\/everydaychemshop.com\/da\/product\/furanylfentanyl-pulver\/\" \/>\n<meta property=\"og:locale\" content=\"en_US\" \/>\n<meta property=\"og:type\" content=\"article\" \/>\n<meta property=\"og:title\" content=\"Furanyl fentanyl pulver\" \/>\n<meta property=\"og:description\" content=\"K\u00f8b Furanyl Fentanyl Powder online. Vi s\u00e6lger Furanyl Fentanyl pulver af den bedste kvalitet online. Kontakt venligst for mere information og priser.\" \/>\n<meta property=\"og:url\" content=\"https:\/\/everydaychemshop.com\/da\/product\/furanylfentanyl-pulver\/\" \/>\n<meta property=\"og:site_name\" content=\"Everyday Chem Shop\" \/>\n<meta property=\"article:modified_time\" content=\"2023-04-08T05:33:59+00:00\" \/>\n<meta property=\"og:image\" content=\"https:\/\/everydaychemshop.com\/da\/wp-content\/uploads\/sites\/2\/2022\/11\/BUY-Furanylfentanyl-Fu-F-POWDER.jpg\" \/>\n\t<meta property=\"og:image:width\" content=\"591\" \/>\n\t<meta property=\"og:image:height\" content=\"471\" \/>\n\t<meta property=\"og:image:type\" content=\"image\/jpeg\" \/>\n<meta name=\"twitter:card\" content=\"summary_large_image\" \/>\n<meta name=\"twitter:label1\" content=\"Est. reading time\" \/>\n\t<meta name=\"twitter:data1\" content=\"4 minutes\" \/>\n<script type=\"application\/ld+json\" class=\"yoast-schema-graph\">{\"@context\":\"https:\\\/\\\/schema.org\",\"@graph\":[{\"@type\":\"WebPage\",\"@id\":\"https:\\\/\\\/everydaychemshop.com\\\/da\\\/product\\\/furanylfentanyl-pulver\\\/\",\"url\":\"https:\\\/\\\/everydaychemshop.com\\\/da\\\/product\\\/furanylfentanyl-pulver\\\/\",\"name\":\"K\u00f8b Furanyl Fentanyl Powder online - Everyday Chem Shop\",\"isPartOf\":{\"@id\":\"https:\\\/\\\/everydaychemshop.com\\\/da\\\/#website\"},\"primaryImageOfPage\":{\"@id\":\"https:\\\/\\\/everydaychemshop.com\\\/da\\\/product\\\/furanylfentanyl-pulver\\\/#primaryimage\"},\"image\":{\"@id\":\"https:\\\/\\\/everydaychemshop.com\\\/da\\\/product\\\/furanylfentanyl-pulver\\\/#primaryimage\"},\"thumbnailUrl\":\"https:\\\/\\\/everydaychemshop.com\\\/da\\\/wp-content\\\/uploads\\\/sites\\\/2\\\/2022\\\/11\\\/BUY-Furanylfentanyl-Fu-F-POWDER.jpg\",\"datePublished\":\"2022-11-19T17:16:18+00:00\",\"dateModified\":\"2023-04-08T05:33:59+00:00\",\"description\":\"K\u00f8b Furanyl Fentanyl Powder online. Vi s\u00e6lger Furanyl Fentanyl pulver af den bedste kvalitet online. Kontakt venligst for mere information og priser.\",\"breadcrumb\":{\"@id\":\"https:\\\/\\\/everydaychemshop.com\\\/da\\\/product\\\/furanylfentanyl-pulver\\\/#breadcrumb\"},\"inLanguage\":\"en-US\",\"potentialAction\":[{\"@type\":\"ReadAction\",\"target\":[\"https:\\\/\\\/everydaychemshop.com\\\/da\\\/product\\\/furanylfentanyl-pulver\\\/\"]}]},{\"@type\":\"ImageObject\",\"inLanguage\":\"en-US\",\"@id\":\"https:\\\/\\\/everydaychemshop.com\\\/da\\\/product\\\/furanylfentanyl-pulver\\\/#primaryimage\",\"url\":\"https:\\\/\\\/everydaychemshop.com\\\/da\\\/wp-content\\\/uploads\\\/sites\\\/2\\\/2022\\\/11\\\/BUY-Furanylfentanyl-Fu-F-POWDER.jpg\",\"contentUrl\":\"https:\\\/\\\/everydaychemshop.com\\\/da\\\/wp-content\\\/uploads\\\/sites\\\/2\\\/2022\\\/11\\\/BUY-Furanylfentanyl-Fu-F-POWDER.jpg\",\"width\":591,\"height\":471,\"caption\":\"K\u00f8b Furanyl Fentanyl Powder online\"},{\"@type\":\"BreadcrumbList\",\"@id\":\"https:\\\/\\\/everydaychemshop.com\\\/da\\\/product\\\/furanylfentanyl-pulver\\\/#breadcrumb\",\"itemListElement\":[{\"@type\":\"ListItem\",\"position\":1,\"name\":\"Home\",\"item\":\"https:\\\/\\\/everydaychemshop.com\\\/da\\\/\"},{\"@type\":\"ListItem\",\"position\":2,\"name\":\"Produkter\",\"item\":\"https:\\\/\\\/everydaychemshop.com\\\/da\\\/produkter\\\/\"},{\"@type\":\"ListItem\",\"position\":3,\"name\":\"Furanyl fentanyl pulver\"}]},{\"@type\":\"WebSite\",\"@id\":\"https:\\\/\\\/everydaychemshop.com\\\/da\\\/#website\",\"url\":\"https:\\\/\\\/everydaychemshop.com\\\/da\\\/\",\"name\":\"Everyday Chem Shop\",\"description\":\"\",\"potentialAction\":[{\"@type\":\"SearchAction\",\"target\":{\"@type\":\"EntryPoint\",\"urlTemplate\":\"https:\\\/\\\/everydaychemshop.com\\\/da\\\/?s={search_term_string}\"},\"query-input\":{\"@type\":\"PropertyValueSpecification\",\"valueRequired\":true,\"valueName\":\"search_term_string\"}}],\"inLanguage\":\"en-US\"}]}<\/script>\n<!-- \/ Yoast SEO Premium plugin. -->","yoast_head_json":{"title":"K\u00f8b Furanyl Fentanyl Powder online - Everyday Chem Shop","description":"K\u00f8b Furanyl Fentanyl Powder online. Vi s\u00e6lger Furanyl Fentanyl pulver af den bedste kvalitet online. Kontakt venligst for mere information og priser.","robots":{"index":"index","follow":"follow","max-snippet":"max-snippet:-1","max-image-preview":"max-image-preview:large","max-video-preview":"max-video-preview:-1"},"canonical":"https:\/\/everydaychemshop.com\/da\/product\/furanylfentanyl-pulver\/","og_locale":"en_US","og_type":"article","og_title":"Furanyl fentanyl pulver","og_description":"K\u00f8b Furanyl Fentanyl Powder online. Vi s\u00e6lger Furanyl Fentanyl pulver af den bedste kvalitet online. Kontakt venligst for mere information og priser.","og_url":"https:\/\/everydaychemshop.com\/da\/product\/furanylfentanyl-pulver\/","og_site_name":"Everyday Chem Shop","article_modified_time":"2023-04-08T05:33:59+00:00","og_image":[{"width":591,"height":471,"url":"https:\/\/everydaychemshop.com\/da\/wp-content\/uploads\/sites\/2\/2022\/11\/BUY-Furanylfentanyl-Fu-F-POWDER.jpg","type":"image\/jpeg"}],"twitter_card":"summary_large_image","twitter_misc":{"Est. reading time":"4 minutes"},"schema":{"@context":"https:\/\/schema.org","@graph":[{"@type":"WebPage","@id":"https:\/\/everydaychemshop.com\/da\/product\/furanylfentanyl-pulver\/","url":"https:\/\/everydaychemshop.com\/da\/product\/furanylfentanyl-pulver\/","name":"K\u00f8b Furanyl Fentanyl Powder online - Everyday Chem Shop","isPartOf":{"@id":"https:\/\/everydaychemshop.com\/da\/#website"},"primaryImageOfPage":{"@id":"https:\/\/everydaychemshop.com\/da\/product\/furanylfentanyl-pulver\/#primaryimage"},"image":{"@id":"https:\/\/everydaychemshop.com\/da\/product\/furanylfentanyl-pulver\/#primaryimage"},"thumbnailUrl":"https:\/\/everydaychemshop.com\/da\/wp-content\/uploads\/sites\/2\/2022\/11\/BUY-Furanylfentanyl-Fu-F-POWDER.jpg","datePublished":"2022-11-19T17:16:18+00:00","dateModified":"2023-04-08T05:33:59+00:00","description":"K\u00f8b Furanyl Fentanyl Powder online. Vi s\u00e6lger Furanyl Fentanyl pulver af den bedste kvalitet online. Kontakt venligst for mere information og priser.","breadcrumb":{"@id":"https:\/\/everydaychemshop.com\/da\/product\/furanylfentanyl-pulver\/#breadcrumb"},"inLanguage":"en-US","potentialAction":[{"@type":"ReadAction","target":["https:\/\/everydaychemshop.com\/da\/product\/furanylfentanyl-pulver\/"]}]},{"@type":"ImageObject","inLanguage":"en-US","@id":"https:\/\/everydaychemshop.com\/da\/product\/furanylfentanyl-pulver\/#primaryimage","url":"https:\/\/everydaychemshop.com\/da\/wp-content\/uploads\/sites\/2\/2022\/11\/BUY-Furanylfentanyl-Fu-F-POWDER.jpg","contentUrl":"https:\/\/everydaychemshop.com\/da\/wp-content\/uploads\/sites\/2\/2022\/11\/BUY-Furanylfentanyl-Fu-F-POWDER.jpg","width":591,"height":471,"caption":"K\u00f8b Furanyl Fentanyl Powder online"},{"@type":"BreadcrumbList","@id":"https:\/\/everydaychemshop.com\/da\/product\/furanylfentanyl-pulver\/#breadcrumb","itemListElement":[{"@type":"ListItem","position":1,"name":"Home","item":"https:\/\/everydaychemshop.com\/da\/"},{"@type":"ListItem","position":2,"name":"Produkter","item":"https:\/\/everydaychemshop.com\/da\/produkter\/"},{"@type":"ListItem","position":3,"name":"Furanyl fentanyl pulver"}]},{"@type":"WebSite","@id":"https:\/\/everydaychemshop.com\/da\/#website","url":"https:\/\/everydaychemshop.com\/da\/","name":"Everyday Chem Shop","description":"","potentialAction":[{"@type":"SearchAction","target":{"@type":"EntryPoint","urlTemplate":"https:\/\/everydaychemshop.com\/da\/?s={search_term_string}"},"query-input":{"@type":"PropertyValueSpecification","valueRequired":true,"valueName":"search_term_string"}}],"inLanguage":"en-US"}]}},"_links":{"self":[{"href":"https:\/\/everydaychemshop.com\/da\/wp-json\/wp\/v2\/product\/8194","targetHints":{"allow":["GET"]}}],"collection":[{"href":"https:\/\/everydaychemshop.com\/da\/wp-json\/wp\/v2\/product"}],"about":[{"href":"https:\/\/everydaychemshop.com\/da\/wp-json\/wp\/v2\/types\/product"}],"replies":[{"embeddable":true,"href":"https:\/\/everydaychemshop.com\/da\/wp-json\/wp\/v2\/comments?post=8194"}],"wp:featuredmedia":[{"embeddable":true,"href":"https:\/\/everydaychemshop.com\/da\/wp-json\/wp\/v2\/media\/8203"}],"wp:attachment":[{"href":"https:\/\/everydaychemshop.com\/da\/wp-json\/wp\/v2\/media?parent=8194"}],"wp:term":[{"taxonomy":"product_brand","embeddable":true,"href":"https:\/\/everydaychemshop.com\/da\/wp-json\/wp\/v2\/product_brand?post=8194"},{"taxonomy":"product_cat","embeddable":true,"href":"https:\/\/everydaychemshop.com\/da\/wp-json\/wp\/v2\/product_cat?post=8194"},{"taxonomy":"product_tag","embeddable":true,"href":"https:\/\/everydaychemshop.com\/da\/wp-json\/wp\/v2\/product_tag?post=8194"}],"curies":[{"name":"wp","href":"https:\/\/api.w.org\/{rel}","templated":true}]}}