{"id":8212,"date":"2022-11-19T17:41:35","date_gmt":"2022-11-19T17:41:35","guid":{"rendered":"https:\/\/everydaychemshop.com\/da\/?post_type=product&#038;p=8212"},"modified":"2023-04-08T05:30:23","modified_gmt":"2023-04-08T05:30:23","slug":"bmk-benzyl-methyl-keton-olie","status":"publish","type":"product","link":"https:\/\/everydaychemshop.com\/da\/product\/bmk-benzyl-methyl-keton-olie\/","title":{"rendered":"BMK (Benzyl Methyl Ketone) Olie"},"content":{"rendered":"<h1>K\u00f8b BMK (Benzyl Methyl Ketone) Oil online<\/h1>\n<p><a href=\"https:\/\/everydaychemshop.com\/da\/product\/bmk-benzyl-methyl-keton-olie\/\">K\u00f8b BMK (Benzyl Methyl Ketone) Oil online<\/a>. BMK (Benzyl Methyl Ketone) Oil er en kemisk forbindelse med C6H5CH2COCH3-formlen. Olien er farvel\u00f8s og opl\u00f8sningsmiddelopl\u00f8selig. Dette stof er almindeligvis kendt som P2P i produktionen af \u200b\u200bmetamfetamin og amfetamin. I USA blev det erkl\u00e6ret et kontrolleret stof i skema II i 1980 p\u00e5 grund af ulovlig anvendelse i hemmelig kemi. Hos mennesker opst\u00e5r phenylacetone gennem FMO3-medieret oxidativ deaminering som en <a href=\"https:\/\/en.wikipedia.org\/wiki\/Phenylacetone\">metabolit<\/a> af amfetamin og metamfetamin.<\/p>\n<p>Phenylacetone ogs\u00e5 kaldet benzylmethylketon (BMK) eller P2P, hovedforl\u00f8beren for produktionen af \u200b\u200bamfetamin. Det er opf\u00f8rt af Den Europ\u00e6iske Union (EU) under forordning (EF) 273\/2004 om narkotikapr\u00e6kursorer og R\u00e5dets forordning (EF) 111\/2005, som fastl\u00e6gger reglerne for overv\u00e5gning af handel med narkotikapr\u00e6kursorer. Som f\u00f8lge heraf skal operat\u00f8rer have en tilladelse udstedt af de kompetente myndigheder til at eje, importere eller eksportere det. Der har ikke v\u00e6ret store beslagl\u00e6ggelser af BMK inden for EU i de seneste \u00e5r.<\/p>\n<p>Phenylacetone kan ogs\u00e5 syntetiseres fra pr\u00e6-pr\u00e6kursorer s\u00e5som\u00a0APAAN\u00a0(alpha-phenylacetoacetonitril). I de senere \u00e5r har importen af \u200b\u200bAPAAN v\u00e6ret p\u00e5 et meget h\u00f8jt niveau, og det blev derfor sat under kontrol i EU i slutningen af \u200b\u200b2013. I marts 2014 stemte FN&#8217;s Kommission for Narkotiske Narkotika enstemmigt for at placere det under international kontrol.<\/p>\n<h5><strong>S\u00c5DAN BESTILLER DU ELLER K\u00d8BES BMK OIL ONLINE<\/strong><\/h5>\n<p>En Online BMK-leverand\u00f8r som vores er et perfekt valg, n\u00e5r det kommer til at k\u00f8be BMK online. Med assistance fra et trov\u00e6rdigt og professionelt Global Chemical Inc. kan du k\u00f8be de bedste produkter og sikre deres effektivitet og sikkerhedsudsigter.<\/p>\n<p>De professionelle leverand\u00f8rer f\u00f8lger altid deres pligter og ansvar over for kunder seri\u00f8st. Priserne hos onlineleverand\u00f8rerne for k\u00f8b af BMK olie eller andre relaterede produkter er rimelige og overkommelige for alle. Der er ingen grund til at bruge en formue p\u00e5 at k\u00f8be disse produkter.<\/p>\n<p>Teamet af ledere vil tage sig af dine ordreoplysninger og fors\u00f8ge at f\u00e6rdigg\u00f8re dem s\u00e5 hurtigt som muligt. Pakningsteamet vil pakke din ordre med den st\u00f8rste pr\u00e6cision for at sikre, at den ikke bliver beskadiget under transporten.<\/p>\n<p>Fremkomsten af \u200b\u200ben r\u00e6kke af vores online har\u00a0gjort\u00a0k\u00f8b af BMK-olie nemt og bekvemt. Den tid var g\u00e5et, hvor man plejede at k\u00e6mpe h\u00e5rdt for at k\u00f8be BMK-olie i butikkerne offline ved at rejse kilometer og kun hvis de var tilg\u00e6ngelige. Men med fremskridt inden for tid og teknologi er online-tilstanden kommet. Du kan nemt kontakte en online butik ved hj\u00e6lp af dine enheder lige ved dit sted. Der er ingen grund til at rejse nogen steder l\u00e6ngere, du kan altid bestille Phenylacetone-olie hos os.<\/p>\n","protected":false},"excerpt":{"rendered":"<p>BMK\u00a0(Benzyl Methyl Ketone) Oil er en kemisk forbindelse med C6H5CH2COCH3-formlen. Olien er farvel\u00f8s og opl\u00f8sningsmiddelopl\u00f8selig.<\/p>\n","protected":false},"featured_media":8215,"comment_status":"open","ping_status":"closed","template":"","meta":{"inline_featured_image":false},"product_brand":[],"product_cat":[59],"product_tag":[],"class_list":{"0":"post-8212","1":"product","2":"type-product","3":"status-publish","4":"has-post-thumbnail","6":"product_cat-kemikalier","8":"first","9":"instock","10":"shipping-taxable","11":"purchasable","12":"product-type-variable","13":"has-default-attributes"},"yoast_head":"<!-- This site is optimized with the Yoast SEO Premium plugin v19.2 (Yoast SEO v27.3) - https:\/\/yoast.com\/product\/yoast-seo-premium-wordpress\/ -->\n<title>K\u00f8b BMK (Benzyl Methyl Ketone) Oil online - Everyday Chem Shop<\/title>\n<meta name=\"description\" content=\"K\u00f8b BMK (Benzyl Methyl Ketone) Oil online. Vi s\u00e6lger den bedste kvalitet BMK (Benzyl Methyl Ketone) Oil online. Kontakt venligst for mere info og priser.\" \/>\n<meta name=\"robots\" content=\"index, follow, max-snippet:-1, max-image-preview:large, max-video-preview:-1\" \/>\n<link rel=\"canonical\" href=\"https:\/\/everydaychemshop.com\/da\/product\/bmk-benzyl-methyl-keton-olie\/\" \/>\n<meta property=\"og:locale\" content=\"en_US\" \/>\n<meta property=\"og:type\" content=\"article\" \/>\n<meta property=\"og:title\" content=\"BMK (Benzyl Methyl Ketone) Olie\" \/>\n<meta property=\"og:description\" content=\"K\u00f8b BMK (Benzyl Methyl Ketone) Oil online. Vi s\u00e6lger den bedste kvalitet BMK (Benzyl Methyl Ketone) Oil online. Kontakt venligst for mere info og priser.\" \/>\n<meta property=\"og:url\" content=\"https:\/\/everydaychemshop.com\/da\/product\/bmk-benzyl-methyl-keton-olie\/\" \/>\n<meta property=\"og:site_name\" content=\"Everyday Chem Shop\" \/>\n<meta property=\"article:modified_time\" content=\"2023-04-08T05:30:23+00:00\" \/>\n<meta property=\"og:image\" content=\"https:\/\/everydaychemshop.com\/da\/wp-content\/uploads\/sites\/2\/2022\/11\/phenol-liquid.jpg\" \/>\n\t<meta property=\"og:image:width\" content=\"500\" \/>\n\t<meta property=\"og:image:height\" content=\"500\" \/>\n\t<meta property=\"og:image:type\" content=\"image\/jpeg\" \/>\n<meta name=\"twitter:card\" content=\"summary_large_image\" \/>\n<meta name=\"twitter:label1\" content=\"Est. reading time\" \/>\n\t<meta name=\"twitter:data1\" content=\"2 minutes\" \/>\n<script type=\"application\/ld+json\" class=\"yoast-schema-graph\">{\"@context\":\"https:\\\/\\\/schema.org\",\"@graph\":[{\"@type\":\"WebPage\",\"@id\":\"https:\\\/\\\/everydaychemshop.com\\\/da\\\/product\\\/bmk-benzyl-methyl-keton-olie\\\/\",\"url\":\"https:\\\/\\\/everydaychemshop.com\\\/da\\\/product\\\/bmk-benzyl-methyl-keton-olie\\\/\",\"name\":\"K\u00f8b BMK (Benzyl Methyl Ketone) Oil online - Everyday Chem Shop\",\"isPartOf\":{\"@id\":\"https:\\\/\\\/everydaychemshop.com\\\/da\\\/#website\"},\"primaryImageOfPage\":{\"@id\":\"https:\\\/\\\/everydaychemshop.com\\\/da\\\/product\\\/bmk-benzyl-methyl-keton-olie\\\/#primaryimage\"},\"image\":{\"@id\":\"https:\\\/\\\/everydaychemshop.com\\\/da\\\/product\\\/bmk-benzyl-methyl-keton-olie\\\/#primaryimage\"},\"thumbnailUrl\":\"https:\\\/\\\/everydaychemshop.com\\\/da\\\/wp-content\\\/uploads\\\/sites\\\/2\\\/2022\\\/11\\\/phenol-liquid.jpg\",\"datePublished\":\"2022-11-19T17:41:35+00:00\",\"dateModified\":\"2023-04-08T05:30:23+00:00\",\"description\":\"K\u00f8b BMK (Benzyl Methyl Ketone) Oil online. Vi s\u00e6lger den bedste kvalitet BMK (Benzyl Methyl Ketone) Oil online. Kontakt venligst for mere info og priser.\",\"breadcrumb\":{\"@id\":\"https:\\\/\\\/everydaychemshop.com\\\/da\\\/product\\\/bmk-benzyl-methyl-keton-olie\\\/#breadcrumb\"},\"inLanguage\":\"en-US\",\"potentialAction\":[{\"@type\":\"ReadAction\",\"target\":[\"https:\\\/\\\/everydaychemshop.com\\\/da\\\/product\\\/bmk-benzyl-methyl-keton-olie\\\/\"]}]},{\"@type\":\"ImageObject\",\"inLanguage\":\"en-US\",\"@id\":\"https:\\\/\\\/everydaychemshop.com\\\/da\\\/product\\\/bmk-benzyl-methyl-keton-olie\\\/#primaryimage\",\"url\":\"https:\\\/\\\/everydaychemshop.com\\\/da\\\/wp-content\\\/uploads\\\/sites\\\/2\\\/2022\\\/11\\\/phenol-liquid.jpg\",\"contentUrl\":\"https:\\\/\\\/everydaychemshop.com\\\/da\\\/wp-content\\\/uploads\\\/sites\\\/2\\\/2022\\\/11\\\/phenol-liquid.jpg\",\"width\":500,\"height\":500,\"caption\":\"K\u00f8b BMK (Benzyl Methyl Ketone) Oil online\"},{\"@type\":\"BreadcrumbList\",\"@id\":\"https:\\\/\\\/everydaychemshop.com\\\/da\\\/product\\\/bmk-benzyl-methyl-keton-olie\\\/#breadcrumb\",\"itemListElement\":[{\"@type\":\"ListItem\",\"position\":1,\"name\":\"Home\",\"item\":\"https:\\\/\\\/everydaychemshop.com\\\/da\\\/\"},{\"@type\":\"ListItem\",\"position\":2,\"name\":\"Produkter\",\"item\":\"https:\\\/\\\/everydaychemshop.com\\\/da\\\/produkter\\\/\"},{\"@type\":\"ListItem\",\"position\":3,\"name\":\"BMK (Benzyl Methyl Ketone) Olie\"}]},{\"@type\":\"WebSite\",\"@id\":\"https:\\\/\\\/everydaychemshop.com\\\/da\\\/#website\",\"url\":\"https:\\\/\\\/everydaychemshop.com\\\/da\\\/\",\"name\":\"Everyday Chem Shop\",\"description\":\"\",\"potentialAction\":[{\"@type\":\"SearchAction\",\"target\":{\"@type\":\"EntryPoint\",\"urlTemplate\":\"https:\\\/\\\/everydaychemshop.com\\\/da\\\/?s={search_term_string}\"},\"query-input\":{\"@type\":\"PropertyValueSpecification\",\"valueRequired\":true,\"valueName\":\"search_term_string\"}}],\"inLanguage\":\"en-US\"}]}<\/script>\n<!-- \/ Yoast SEO Premium plugin. -->","yoast_head_json":{"title":"K\u00f8b BMK (Benzyl Methyl Ketone) Oil online - Everyday Chem Shop","description":"K\u00f8b BMK (Benzyl Methyl Ketone) Oil online. Vi s\u00e6lger den bedste kvalitet BMK (Benzyl Methyl Ketone) Oil online. Kontakt venligst for mere info og priser.","robots":{"index":"index","follow":"follow","max-snippet":"max-snippet:-1","max-image-preview":"max-image-preview:large","max-video-preview":"max-video-preview:-1"},"canonical":"https:\/\/everydaychemshop.com\/da\/product\/bmk-benzyl-methyl-keton-olie\/","og_locale":"en_US","og_type":"article","og_title":"BMK (Benzyl Methyl Ketone) Olie","og_description":"K\u00f8b BMK (Benzyl Methyl Ketone) Oil online. Vi s\u00e6lger den bedste kvalitet BMK (Benzyl Methyl Ketone) Oil online. Kontakt venligst for mere info og priser.","og_url":"https:\/\/everydaychemshop.com\/da\/product\/bmk-benzyl-methyl-keton-olie\/","og_site_name":"Everyday Chem Shop","article_modified_time":"2023-04-08T05:30:23+00:00","og_image":[{"width":500,"height":500,"url":"https:\/\/everydaychemshop.com\/da\/wp-content\/uploads\/sites\/2\/2022\/11\/phenol-liquid.jpg","type":"image\/jpeg"}],"twitter_card":"summary_large_image","twitter_misc":{"Est. reading time":"2 minutes"},"schema":{"@context":"https:\/\/schema.org","@graph":[{"@type":"WebPage","@id":"https:\/\/everydaychemshop.com\/da\/product\/bmk-benzyl-methyl-keton-olie\/","url":"https:\/\/everydaychemshop.com\/da\/product\/bmk-benzyl-methyl-keton-olie\/","name":"K\u00f8b BMK (Benzyl Methyl Ketone) Oil online - Everyday Chem Shop","isPartOf":{"@id":"https:\/\/everydaychemshop.com\/da\/#website"},"primaryImageOfPage":{"@id":"https:\/\/everydaychemshop.com\/da\/product\/bmk-benzyl-methyl-keton-olie\/#primaryimage"},"image":{"@id":"https:\/\/everydaychemshop.com\/da\/product\/bmk-benzyl-methyl-keton-olie\/#primaryimage"},"thumbnailUrl":"https:\/\/everydaychemshop.com\/da\/wp-content\/uploads\/sites\/2\/2022\/11\/phenol-liquid.jpg","datePublished":"2022-11-19T17:41:35+00:00","dateModified":"2023-04-08T05:30:23+00:00","description":"K\u00f8b BMK (Benzyl Methyl Ketone) Oil online. Vi s\u00e6lger den bedste kvalitet BMK (Benzyl Methyl Ketone) Oil online. Kontakt venligst for mere info og priser.","breadcrumb":{"@id":"https:\/\/everydaychemshop.com\/da\/product\/bmk-benzyl-methyl-keton-olie\/#breadcrumb"},"inLanguage":"en-US","potentialAction":[{"@type":"ReadAction","target":["https:\/\/everydaychemshop.com\/da\/product\/bmk-benzyl-methyl-keton-olie\/"]}]},{"@type":"ImageObject","inLanguage":"en-US","@id":"https:\/\/everydaychemshop.com\/da\/product\/bmk-benzyl-methyl-keton-olie\/#primaryimage","url":"https:\/\/everydaychemshop.com\/da\/wp-content\/uploads\/sites\/2\/2022\/11\/phenol-liquid.jpg","contentUrl":"https:\/\/everydaychemshop.com\/da\/wp-content\/uploads\/sites\/2\/2022\/11\/phenol-liquid.jpg","width":500,"height":500,"caption":"K\u00f8b BMK (Benzyl Methyl Ketone) Oil online"},{"@type":"BreadcrumbList","@id":"https:\/\/everydaychemshop.com\/da\/product\/bmk-benzyl-methyl-keton-olie\/#breadcrumb","itemListElement":[{"@type":"ListItem","position":1,"name":"Home","item":"https:\/\/everydaychemshop.com\/da\/"},{"@type":"ListItem","position":2,"name":"Produkter","item":"https:\/\/everydaychemshop.com\/da\/produkter\/"},{"@type":"ListItem","position":3,"name":"BMK (Benzyl Methyl Ketone) Olie"}]},{"@type":"WebSite","@id":"https:\/\/everydaychemshop.com\/da\/#website","url":"https:\/\/everydaychemshop.com\/da\/","name":"Everyday Chem Shop","description":"","potentialAction":[{"@type":"SearchAction","target":{"@type":"EntryPoint","urlTemplate":"https:\/\/everydaychemshop.com\/da\/?s={search_term_string}"},"query-input":{"@type":"PropertyValueSpecification","valueRequired":true,"valueName":"search_term_string"}}],"inLanguage":"en-US"}]}},"_links":{"self":[{"href":"https:\/\/everydaychemshop.com\/da\/wp-json\/wp\/v2\/product\/8212","targetHints":{"allow":["GET"]}}],"collection":[{"href":"https:\/\/everydaychemshop.com\/da\/wp-json\/wp\/v2\/product"}],"about":[{"href":"https:\/\/everydaychemshop.com\/da\/wp-json\/wp\/v2\/types\/product"}],"replies":[{"embeddable":true,"href":"https:\/\/everydaychemshop.com\/da\/wp-json\/wp\/v2\/comments?post=8212"}],"wp:featuredmedia":[{"embeddable":true,"href":"https:\/\/everydaychemshop.com\/da\/wp-json\/wp\/v2\/media\/8215"}],"wp:attachment":[{"href":"https:\/\/everydaychemshop.com\/da\/wp-json\/wp\/v2\/media?parent=8212"}],"wp:term":[{"taxonomy":"product_brand","embeddable":true,"href":"https:\/\/everydaychemshop.com\/da\/wp-json\/wp\/v2\/product_brand?post=8212"},{"taxonomy":"product_cat","embeddable":true,"href":"https:\/\/everydaychemshop.com\/da\/wp-json\/wp\/v2\/product_cat?post=8212"},{"taxonomy":"product_tag","embeddable":true,"href":"https:\/\/everydaychemshop.com\/da\/wp-json\/wp\/v2\/product_tag?post=8212"}],"curies":[{"name":"wp","href":"https:\/\/api.w.org\/{rel}","templated":true}]}}