{"id":8221,"date":"2022-11-19T19:32:52","date_gmt":"2022-11-19T19:32:52","guid":{"rendered":"https:\/\/everydaychemshop.com\/da\/?post_type=product&#038;p=8221"},"modified":"2023-04-08T05:29:12","modified_gmt":"2023-04-08T05:29:12","slug":"a-olie-amfetamin-olie","status":"publish","type":"product","link":"https:\/\/everydaychemshop.com\/da\/product\/a-olie-amfetamin-olie\/","title":{"rendered":"A-olie (amfetaminolie)"},"content":{"rendered":"<h1>K\u00f8b A-Oil (amfetaminolie) online<\/h1>\n<p><a href=\"https:\/\/everydaychemshop.com\/da\/product\/a-olie-amfetamin-olie\/\">K\u00f8b A-Oil (amfetaminolie) online<\/a>. Amfetaminolie (A-olie) bruges i \u00e9n reaktion i en gryde til at syntetisere amfetamin, men det er sv\u00e6rt at isolere og rense stoffet. N\u00e5r det opvarmes med myresyre, danner N-formylamphetamin en blanding af phenylacton og formamphetamid, som producerer amfetaminhydrochlorid i hydrolyse. Den olieagtige v\u00e6ske af amfetamin produceres efter neutralisering med en mildere base. Amfetaminolien destilleres derefter med damp <a href=\"https:\/\/da.wikipedia.org\/wiki\/Amfetamin\">for<\/a> at opn\u00e5 ren amfetamin. En svovlsyre bruges derefter til at behandle den basiske amfetamin for at f\u00e5 krystallinsk salt.<\/p>\n<p>En anden mulighed er at syntetisere amfetamin med aminering af phenylacetonereduktion. I tilf\u00e6lde af gasformig ammoniak dannes phenylacetone af amfetamin, hvis den reduceres katalytisk (Pd\/C eller Pt2O).<\/p>\n<p>Hemmelig metamfetamin- og amfetaminsyntese med reduceret a-olie-amfetamin. Et reduktivt trin i syntesen er p\u00e5 et tidspunkt centralt for de forskellige ruter\u00a0udgivet\u00a0til syntese af amfetamin og metamfetamin. Af de 95 referencer, der blev unders\u00f8gt til syntesen, bruger alle undtagen ti en reduktionistisk tilgang. I betragtning af at der er en s\u00e5dan mangfoldighed, f\u00f8lte vi, at den kemiske gennemgang og diskussion af sammensat litteratur.<\/p>\n<p>Vi er en p\u00e5lidelig grossist af amfetaminolie (A-olie), vi s\u00e6lger amfetaminolie (A-olie) verden over til gode priser og bedste priser. Du kan f\u00e5 Amfetaminolie (A-olie) hos os uden problemer b\u00e5de som grossist og forhandler. Vi s\u00e6lger amfetaminolie (A-olie) fra 1 liter s\u00e5vel som den st\u00f8rste m\u00e6ngde.<\/p>\n<h4>Hvad er amfetamin og dets anvendelser<\/h4>\n<p>Amfetamin er en st\u00e6rk centralnervesystemstimulator. Det bruges til at behandle visse medicinske tilstande, men med tidligere misbrug er det ogs\u00e5 st\u00e6rkt vanedannende.<\/p>\n<p>For at behandle opm\u00e6rksomhedsunderskud hyperaktivitetsforstyrrelser Stimulerende midler, s\u00e5som amfetamin (Adderall) og methylphenidater (Ritalin og Concerta) (ADHD). Stimulerende midler kan v\u00e6re sikre og effektive, n\u00e5r de bruges p\u00e5 recept.<\/p>\n<p>Sulfatamfetamin eller speed, bruges ogs\u00e5 til fritids- og ikke-medicinske form\u00e5l. Det kan f\u00f8re til eufori og undertrykke appetit, som kan f\u00f8re til v\u00e6gttab. Stimulerende midler kan have alvorlige bivirkninger uden for den medicinske kontekst.<\/p>\n<p>Vi vil se n\u00e6rmere p\u00e5 den medicinske brug af amfetamin, dets bivirkninger og hvordan det misbruges i denne artikel.<\/p>\n<h4><strong> Hurtig information om amfetamin<\/strong><\/h4>\n<p>Amfetaminer er stimulerende midler i centralnervesystemet (CNS). ADHD og narkolepsi behandles.<br \/>\nUsundhed, akne og sl\u00f8ret syn er bivirkninger. Kramper, hjerteproblemer og psykoser er mere sj\u00e6ldne bivirkninger. Til rekreative form\u00e5l bruges amfetamin. Din narkoman. Du afh\u00e6ngig.<\/p>\n<p><strong>S\u00e5dan bestiller eller k\u00f8ber du A-Oil (amfetaminolie) online.<\/strong><\/p>\n<p>En online leverand\u00f8r af amfetaminolie (A-olie) som vores er et perfekt valg, n\u00e5r det kommer til at k\u00f8be Amfetaminolie (A-olie) online. Med assistance fra et trov\u00e6rdigt og professionelt Global Chemical Inc. kan du k\u00f8be de bedste produkter og sikre deres effektivitet og sikkerhedsudsigter.<\/p>\n<p>De professionelle leverand\u00f8rer f\u00f8lger altid deres pligter og ansvar over for kunder seri\u00f8st. Priserne hos onlineleverand\u00f8rerne for k\u00f8b af amfetaminolie (A-olie) eller andre relaterede produkter er rimelige og overkommelige for alle. Der er ingen grund til at bruge en formue p\u00e5 at k\u00f8be disse produkter.<\/p>\n<p>Teamet af ledere vil tage sig af dine ordreoplysninger og fors\u00f8ge at f\u00e6rdigg\u00f8re dem s\u00e5 hurtigt som muligt. Pakningsteamet vil pakke din ordre med den st\u00f8rste pr\u00e6cision for at sikre, at den ikke bliver beskadiget under transporten.<\/p>\n<p>Fremkomsten af \u200b\u200ben r\u00e6kke af vores online har gjort k\u00f8bet af amfetaminolie (A-olie) nemt og praktisk. Den tid var g\u00e5et, hvor man plejede at k\u00e6mpe h\u00e5rdt for at k\u00f8be amfetaminolie (A-olie) i butikkerne offline ved at rejse kilometer og kun hvis de er tilg\u00e6ngelige. Men med fremskridt inden for tid og teknologi er online-tilstanden kommet. Du kan nemt kontakte en online butik ved hj\u00e6lp af dine enheder lige ved dit sted. Det er der ingen grund til rejse hvor som helst l\u00e6ngere, du kan altid bestille Amfetaminolie (A-olie) hos os.<\/p>\n","protected":false},"excerpt":{"rendered":"<p>Amfetaminolie (A-olie) bruges i en reaktion i en gryde til at syntetisere amfetamin, men det er sv\u00e6rt at isolere og rense stoffet.<\/p>\n","protected":false},"featured_media":8223,"comment_status":"open","ping_status":"closed","template":"","meta":{"inline_featured_image":false},"product_brand":[],"product_cat":[59],"product_tag":[],"class_list":{"0":"post-8221","1":"product","2":"type-product","3":"status-publish","4":"has-post-thumbnail","6":"product_cat-kemikalier","8":"first","9":"instock","10":"shipping-taxable","11":"purchasable","12":"product-type-variable","13":"has-default-attributes"},"yoast_head":"<!-- This site is optimized with the Yoast SEO Premium plugin v19.2 (Yoast SEO v27.3) - https:\/\/yoast.com\/product\/yoast-seo-premium-wordpress\/ -->\n<title>K\u00f8b A-Oil (amfetaminolie) online - Everyday Chem Shop<\/title>\n<meta name=\"description\" content=\"K\u00f8b A-Oil (amfetaminolie) online. Vi s\u00e6lger den bedste kvalitet A-olie (amfetaminolie) online. Kontakt venligst for mere info og priser.\" \/>\n<meta name=\"robots\" content=\"index, follow, max-snippet:-1, max-image-preview:large, max-video-preview:-1\" \/>\n<link rel=\"canonical\" href=\"https:\/\/everydaychemshop.com\/da\/product\/a-olie-amfetamin-olie\/\" \/>\n<meta property=\"og:locale\" content=\"en_US\" \/>\n<meta property=\"og:type\" content=\"article\" \/>\n<meta property=\"og:title\" content=\"A-olie (amfetaminolie)\" \/>\n<meta property=\"og:description\" content=\"K\u00f8b A-Oil (amfetaminolie) online. Vi s\u00e6lger den bedste kvalitet A-olie (amfetaminolie) online. Kontakt venligst for mere info og priser.\" \/>\n<meta property=\"og:url\" content=\"https:\/\/everydaychemshop.com\/da\/product\/a-olie-amfetamin-olie\/\" \/>\n<meta property=\"og:site_name\" content=\"Everyday Chem Shop\" \/>\n<meta property=\"article:modified_time\" content=\"2023-04-08T05:29:12+00:00\" \/>\n<meta property=\"og:image\" content=\"https:\/\/everydaychemshop.com\/da\/wp-content\/uploads\/sites\/2\/2022\/11\/A-Oil-Amphetamine-Oil.jpg\" \/>\n\t<meta property=\"og:image:width\" content=\"500\" \/>\n\t<meta property=\"og:image:height\" content=\"500\" \/>\n\t<meta property=\"og:image:type\" content=\"image\/jpeg\" \/>\n<meta name=\"twitter:card\" content=\"summary_large_image\" \/>\n<meta name=\"twitter:label1\" content=\"Est. reading time\" \/>\n\t<meta name=\"twitter:data1\" content=\"3 minutes\" \/>\n<script type=\"application\/ld+json\" class=\"yoast-schema-graph\">{\"@context\":\"https:\\\/\\\/schema.org\",\"@graph\":[{\"@type\":\"WebPage\",\"@id\":\"https:\\\/\\\/everydaychemshop.com\\\/da\\\/product\\\/a-olie-amfetamin-olie\\\/\",\"url\":\"https:\\\/\\\/everydaychemshop.com\\\/da\\\/product\\\/a-olie-amfetamin-olie\\\/\",\"name\":\"K\u00f8b A-Oil (amfetaminolie) online - Everyday Chem Shop\",\"isPartOf\":{\"@id\":\"https:\\\/\\\/everydaychemshop.com\\\/da\\\/#website\"},\"primaryImageOfPage\":{\"@id\":\"https:\\\/\\\/everydaychemshop.com\\\/da\\\/product\\\/a-olie-amfetamin-olie\\\/#primaryimage\"},\"image\":{\"@id\":\"https:\\\/\\\/everydaychemshop.com\\\/da\\\/product\\\/a-olie-amfetamin-olie\\\/#primaryimage\"},\"thumbnailUrl\":\"https:\\\/\\\/everydaychemshop.com\\\/da\\\/wp-content\\\/uploads\\\/sites\\\/2\\\/2022\\\/11\\\/A-Oil-Amphetamine-Oil.jpg\",\"datePublished\":\"2022-11-19T19:32:52+00:00\",\"dateModified\":\"2023-04-08T05:29:12+00:00\",\"description\":\"K\u00f8b A-Oil (amfetaminolie) online. Vi s\u00e6lger den bedste kvalitet A-olie (amfetaminolie) online. Kontakt venligst for mere info og priser.\",\"breadcrumb\":{\"@id\":\"https:\\\/\\\/everydaychemshop.com\\\/da\\\/product\\\/a-olie-amfetamin-olie\\\/#breadcrumb\"},\"inLanguage\":\"en-US\",\"potentialAction\":[{\"@type\":\"ReadAction\",\"target\":[\"https:\\\/\\\/everydaychemshop.com\\\/da\\\/product\\\/a-olie-amfetamin-olie\\\/\"]}]},{\"@type\":\"ImageObject\",\"inLanguage\":\"en-US\",\"@id\":\"https:\\\/\\\/everydaychemshop.com\\\/da\\\/product\\\/a-olie-amfetamin-olie\\\/#primaryimage\",\"url\":\"https:\\\/\\\/everydaychemshop.com\\\/da\\\/wp-content\\\/uploads\\\/sites\\\/2\\\/2022\\\/11\\\/A-Oil-Amphetamine-Oil.jpg\",\"contentUrl\":\"https:\\\/\\\/everydaychemshop.com\\\/da\\\/wp-content\\\/uploads\\\/sites\\\/2\\\/2022\\\/11\\\/A-Oil-Amphetamine-Oil.jpg\",\"width\":500,\"height\":500,\"caption\":\"K\u00f8b A-Oil (amfetaminolie) online\"},{\"@type\":\"BreadcrumbList\",\"@id\":\"https:\\\/\\\/everydaychemshop.com\\\/da\\\/product\\\/a-olie-amfetamin-olie\\\/#breadcrumb\",\"itemListElement\":[{\"@type\":\"ListItem\",\"position\":1,\"name\":\"Home\",\"item\":\"https:\\\/\\\/everydaychemshop.com\\\/da\\\/\"},{\"@type\":\"ListItem\",\"position\":2,\"name\":\"Produkter\",\"item\":\"https:\\\/\\\/everydaychemshop.com\\\/da\\\/produkter\\\/\"},{\"@type\":\"ListItem\",\"position\":3,\"name\":\"A-olie (amfetaminolie)\"}]},{\"@type\":\"WebSite\",\"@id\":\"https:\\\/\\\/everydaychemshop.com\\\/da\\\/#website\",\"url\":\"https:\\\/\\\/everydaychemshop.com\\\/da\\\/\",\"name\":\"Everyday Chem Shop\",\"description\":\"\",\"potentialAction\":[{\"@type\":\"SearchAction\",\"target\":{\"@type\":\"EntryPoint\",\"urlTemplate\":\"https:\\\/\\\/everydaychemshop.com\\\/da\\\/?s={search_term_string}\"},\"query-input\":{\"@type\":\"PropertyValueSpecification\",\"valueRequired\":true,\"valueName\":\"search_term_string\"}}],\"inLanguage\":\"en-US\"}]}<\/script>\n<!-- \/ Yoast SEO Premium plugin. -->","yoast_head_json":{"title":"K\u00f8b A-Oil (amfetaminolie) online - Everyday Chem Shop","description":"K\u00f8b A-Oil (amfetaminolie) online. Vi s\u00e6lger den bedste kvalitet A-olie (amfetaminolie) online. Kontakt venligst for mere info og priser.","robots":{"index":"index","follow":"follow","max-snippet":"max-snippet:-1","max-image-preview":"max-image-preview:large","max-video-preview":"max-video-preview:-1"},"canonical":"https:\/\/everydaychemshop.com\/da\/product\/a-olie-amfetamin-olie\/","og_locale":"en_US","og_type":"article","og_title":"A-olie (amfetaminolie)","og_description":"K\u00f8b A-Oil (amfetaminolie) online. Vi s\u00e6lger den bedste kvalitet A-olie (amfetaminolie) online. Kontakt venligst for mere info og priser.","og_url":"https:\/\/everydaychemshop.com\/da\/product\/a-olie-amfetamin-olie\/","og_site_name":"Everyday Chem Shop","article_modified_time":"2023-04-08T05:29:12+00:00","og_image":[{"width":500,"height":500,"url":"https:\/\/everydaychemshop.com\/da\/wp-content\/uploads\/sites\/2\/2022\/11\/A-Oil-Amphetamine-Oil.jpg","type":"image\/jpeg"}],"twitter_card":"summary_large_image","twitter_misc":{"Est. reading time":"3 minutes"},"schema":{"@context":"https:\/\/schema.org","@graph":[{"@type":"WebPage","@id":"https:\/\/everydaychemshop.com\/da\/product\/a-olie-amfetamin-olie\/","url":"https:\/\/everydaychemshop.com\/da\/product\/a-olie-amfetamin-olie\/","name":"K\u00f8b A-Oil (amfetaminolie) online - Everyday Chem Shop","isPartOf":{"@id":"https:\/\/everydaychemshop.com\/da\/#website"},"primaryImageOfPage":{"@id":"https:\/\/everydaychemshop.com\/da\/product\/a-olie-amfetamin-olie\/#primaryimage"},"image":{"@id":"https:\/\/everydaychemshop.com\/da\/product\/a-olie-amfetamin-olie\/#primaryimage"},"thumbnailUrl":"https:\/\/everydaychemshop.com\/da\/wp-content\/uploads\/sites\/2\/2022\/11\/A-Oil-Amphetamine-Oil.jpg","datePublished":"2022-11-19T19:32:52+00:00","dateModified":"2023-04-08T05:29:12+00:00","description":"K\u00f8b A-Oil (amfetaminolie) online. Vi s\u00e6lger den bedste kvalitet A-olie (amfetaminolie) online. Kontakt venligst for mere info og priser.","breadcrumb":{"@id":"https:\/\/everydaychemshop.com\/da\/product\/a-olie-amfetamin-olie\/#breadcrumb"},"inLanguage":"en-US","potentialAction":[{"@type":"ReadAction","target":["https:\/\/everydaychemshop.com\/da\/product\/a-olie-amfetamin-olie\/"]}]},{"@type":"ImageObject","inLanguage":"en-US","@id":"https:\/\/everydaychemshop.com\/da\/product\/a-olie-amfetamin-olie\/#primaryimage","url":"https:\/\/everydaychemshop.com\/da\/wp-content\/uploads\/sites\/2\/2022\/11\/A-Oil-Amphetamine-Oil.jpg","contentUrl":"https:\/\/everydaychemshop.com\/da\/wp-content\/uploads\/sites\/2\/2022\/11\/A-Oil-Amphetamine-Oil.jpg","width":500,"height":500,"caption":"K\u00f8b A-Oil (amfetaminolie) online"},{"@type":"BreadcrumbList","@id":"https:\/\/everydaychemshop.com\/da\/product\/a-olie-amfetamin-olie\/#breadcrumb","itemListElement":[{"@type":"ListItem","position":1,"name":"Home","item":"https:\/\/everydaychemshop.com\/da\/"},{"@type":"ListItem","position":2,"name":"Produkter","item":"https:\/\/everydaychemshop.com\/da\/produkter\/"},{"@type":"ListItem","position":3,"name":"A-olie (amfetaminolie)"}]},{"@type":"WebSite","@id":"https:\/\/everydaychemshop.com\/da\/#website","url":"https:\/\/everydaychemshop.com\/da\/","name":"Everyday Chem Shop","description":"","potentialAction":[{"@type":"SearchAction","target":{"@type":"EntryPoint","urlTemplate":"https:\/\/everydaychemshop.com\/da\/?s={search_term_string}"},"query-input":{"@type":"PropertyValueSpecification","valueRequired":true,"valueName":"search_term_string"}}],"inLanguage":"en-US"}]}},"_links":{"self":[{"href":"https:\/\/everydaychemshop.com\/da\/wp-json\/wp\/v2\/product\/8221","targetHints":{"allow":["GET"]}}],"collection":[{"href":"https:\/\/everydaychemshop.com\/da\/wp-json\/wp\/v2\/product"}],"about":[{"href":"https:\/\/everydaychemshop.com\/da\/wp-json\/wp\/v2\/types\/product"}],"replies":[{"embeddable":true,"href":"https:\/\/everydaychemshop.com\/da\/wp-json\/wp\/v2\/comments?post=8221"}],"wp:featuredmedia":[{"embeddable":true,"href":"https:\/\/everydaychemshop.com\/da\/wp-json\/wp\/v2\/media\/8223"}],"wp:attachment":[{"href":"https:\/\/everydaychemshop.com\/da\/wp-json\/wp\/v2\/media?parent=8221"}],"wp:term":[{"taxonomy":"product_brand","embeddable":true,"href":"https:\/\/everydaychemshop.com\/da\/wp-json\/wp\/v2\/product_brand?post=8221"},{"taxonomy":"product_cat","embeddable":true,"href":"https:\/\/everydaychemshop.com\/da\/wp-json\/wp\/v2\/product_cat?post=8221"},{"taxonomy":"product_tag","embeddable":true,"href":"https:\/\/everydaychemshop.com\/da\/wp-json\/wp\/v2\/product_tag?post=8221"}],"curies":[{"name":"wp","href":"https:\/\/api.w.org\/{rel}","templated":true}]}}