{"id":8237,"date":"2022-11-19T19:49:06","date_gmt":"2022-11-19T19:49:06","guid":{"rendered":"https:\/\/everydaychemshop.com\/da\/?post_type=product&#038;p=8237"},"modified":"2023-04-08T05:26:47","modified_gmt":"2023-04-08T05:26:47","slug":"pmk-piperonyl-methyl-keton-olie","status":"publish","type":"product","link":"https:\/\/everydaychemshop.com\/da\/product\/pmk-piperonyl-methyl-keton-olie\/","title":{"rendered":"PMK (Piperonyl Methyl Ketone) olie"},"content":{"rendered":"<h1>K\u00f8b PMK (Piperonyl Methyl Ketone) Oil online<\/h1>\n<p><a href=\"https:\/\/everydaychemshop.com\/da\/product\/pmk-piperonyl-methyl-keton-olie\/\">K\u00f8b PMK (Piperonyl Methyl Ketone) Oil online<\/a>. PMK (Piperonyl Methyl Ketone) Oil, 3 4-Methylendioxyphenylpropan-2-on eller piperonylmethylketon (MDP2P eller PMK) er en kemisk forbindelse best\u00e5ende af en phenylacetone-del substitueret med en funktionel methylendioxygruppe. Det syntetiseres almindeligvis fra enten safrol (som til sammenligning er 3-[3,4-(methylendioxy)phenyl]-2-propen) eller dets isomer isofrol via oxidation ved hj\u00e6lp af Wacker-oxidation eller peroxysyreoxidationsmetoder. MDP2P er ustabilt ved stuetemperatur og skal opbevares i <a href=\"https:\/\/en.wikipedia.org\/wiki\/3,4-Methylenedioxyphenylpropan-2-one\">fryseren<\/a> for at blive konserveret korrekt.<\/p>\n<p>MDP2P er en forl\u00f8ber i den kemiske syntese af methylendioxyphenethylamin (MDxx) klassen af \u200b\u200bforbindelser, hvor det klassiske eksempel er 3,4-methylendioxy-N-methylamfetamin (MDMA), og er ogs\u00e5 et mellemprodukt mellem MDxx-familien og deres lidt fjernere precursor safrol eller isosafrol. P\u00e5 grund af dets relation til MDxx kemikalieklassen er MDP2P, s\u00e5vel som safrol og isosafrol, i USA&#8217;s (US) Drug Enforcement Administration (DEA) liste I over kemikalier i loven om kontrollerede stoffer (CSA) via Chemical Diversion og menneskehandelsloven (CDTA). Det betragtes ogs\u00e5 som en kategori 1-pr\u00e6kursor i Den Europ\u00e6iske Union.<\/p>\n<p><strong>FREMSTILLING AF PIPERONYL METHYLKETONE<\/strong><\/p>\n<p>Dette kemikalie syntetiseres almindeligvis fra enten safrol eller dets isomer isosafrol via oxidation ved hj\u00e6lp af Wacker-oxidation eller\u00a0peroxysyre\u00a0oxidationsmetoder. P\u00e5 samme m\u00e5de kan det fremstilles af 5-(3-Methyl-oxiranyl)-benzo [1, 3] dioxol.<\/p>\n<p><strong>DET BEDSTE STED AT K\u00d8BE PIPERONYL METHYLKETONE<\/strong><\/p>\n<p>Vi tilbyder h\u00f8jkvalitets piperonylmethylketon til salg af global levering til 100 % sikker og lovlig indk\u00f8bsordrer. Vores forsendelses- og leveringsomkostninger er sikre og\u00a0praktiske. Vi er ogs\u00e5 klar til at s\u00e6lge minimumsm\u00e6ngder og store leverancer til verden af \u200b\u200bvores produkt. Vi leverer alle vores ordrer efter anmodning. Desuden er vores kvalitet den bedste, du kan finde rundt omkring, og da vi s\u00e6lger i sm\u00e5 eller store m\u00e6ngder med garanti for omhyggelig levering. Det bedste ved os er vores evne til at garantere 100% sikker levering. Ovenfor har vi listet detaljerede beskrivelser af vores produkter online. Vi har uafh\u00e6ngigt testet produkterne for at sikre, at leverand\u00f8rerne ogs\u00e5 holder deres h\u00f8je niveau<\/p>\n","protected":false},"excerpt":{"rendered":"<p>PMK (Piperonyl\u00a0Methyl Ketone) Oil, 3 4-Methylendioxyphenylpropan-2-on eller piperonylmethylketon (MDP2P eller PMK) er en kemisk forbindelse best\u00e5ende af en phenylacetone-del substitueret med en funktionel methylendioxygruppe.<\/p>\n","protected":false},"featured_media":8242,"comment_status":"open","ping_status":"closed","template":"","meta":{"inline_featured_image":false},"product_brand":[],"product_cat":[59],"product_tag":[],"class_list":{"0":"post-8237","1":"product","2":"type-product","3":"status-publish","4":"has-post-thumbnail","6":"product_cat-kemikalier","8":"first","9":"instock","10":"shipping-taxable","11":"purchasable","12":"product-type-variable","13":"has-default-attributes"},"yoast_head":"<!-- This site is optimized with the Yoast SEO Premium plugin v19.2 (Yoast SEO v27.3) - https:\/\/yoast.com\/product\/yoast-seo-premium-wordpress\/ -->\n<title>K\u00f8b PMK (Piperonyl Methyl Ketone) Oil - Everyday Chem Shop<\/title>\n<meta name=\"description\" content=\"K\u00f8b PMK (Piperonyl Methyl Ketone) Oil online. Vi s\u00e6lger den bedste kvalitet PMK (Piperonyl Methyl Ketone) Oil online. Kontakt venligst for mere info og priser.\" \/>\n<meta name=\"robots\" content=\"index, follow, max-snippet:-1, max-image-preview:large, max-video-preview:-1\" \/>\n<link rel=\"canonical\" href=\"https:\/\/everydaychemshop.com\/da\/product\/pmk-piperonyl-methyl-keton-olie\/\" \/>\n<meta property=\"og:locale\" content=\"en_US\" \/>\n<meta property=\"og:type\" content=\"article\" \/>\n<meta property=\"og:title\" content=\"PMK (Piperonyl Methyl Ketone) olie\" \/>\n<meta property=\"og:description\" content=\"K\u00f8b PMK (Piperonyl Methyl Ketone) Oil online. Vi s\u00e6lger den bedste kvalitet PMK (Piperonyl Methyl Ketone) Oil online. Kontakt venligst for mere info og priser.\" \/>\n<meta property=\"og:url\" content=\"https:\/\/everydaychemshop.com\/da\/product\/pmk-piperonyl-methyl-keton-olie\/\" \/>\n<meta property=\"og:site_name\" content=\"Everyday Chem Shop\" \/>\n<meta property=\"article:modified_time\" content=\"2023-04-08T05:26:47+00:00\" \/>\n<meta property=\"og:image\" content=\"https:\/\/everydaychemshop.com\/da\/wp-content\/uploads\/sites\/2\/2022\/11\/PMK-Piperonyl-Methyl-Ketone-Oil.webp\" \/>\n\t<meta property=\"og:image:width\" content=\"555\" \/>\n\t<meta property=\"og:image:height\" content=\"555\" \/>\n\t<meta property=\"og:image:type\" content=\"image\/webp\" \/>\n<meta name=\"twitter:card\" content=\"summary_large_image\" \/>\n<meta name=\"twitter:label1\" content=\"Est. reading time\" \/>\n\t<meta name=\"twitter:data1\" content=\"2 minutes\" \/>\n<script type=\"application\/ld+json\" class=\"yoast-schema-graph\">{\"@context\":\"https:\\\/\\\/schema.org\",\"@graph\":[{\"@type\":\"WebPage\",\"@id\":\"https:\\\/\\\/everydaychemshop.com\\\/da\\\/product\\\/pmk-piperonyl-methyl-keton-olie\\\/\",\"url\":\"https:\\\/\\\/everydaychemshop.com\\\/da\\\/product\\\/pmk-piperonyl-methyl-keton-olie\\\/\",\"name\":\"K\u00f8b PMK (Piperonyl Methyl Ketone) Oil - Everyday Chem Shop\",\"isPartOf\":{\"@id\":\"https:\\\/\\\/everydaychemshop.com\\\/da\\\/#website\"},\"primaryImageOfPage\":{\"@id\":\"https:\\\/\\\/everydaychemshop.com\\\/da\\\/product\\\/pmk-piperonyl-methyl-keton-olie\\\/#primaryimage\"},\"image\":{\"@id\":\"https:\\\/\\\/everydaychemshop.com\\\/da\\\/product\\\/pmk-piperonyl-methyl-keton-olie\\\/#primaryimage\"},\"thumbnailUrl\":\"https:\\\/\\\/everydaychemshop.com\\\/da\\\/wp-content\\\/uploads\\\/sites\\\/2\\\/2022\\\/11\\\/PMK-Piperonyl-Methyl-Ketone-Oil.webp\",\"datePublished\":\"2022-11-19T19:49:06+00:00\",\"dateModified\":\"2023-04-08T05:26:47+00:00\",\"description\":\"K\u00f8b PMK (Piperonyl Methyl Ketone) Oil online. Vi s\u00e6lger den bedste kvalitet PMK (Piperonyl Methyl Ketone) Oil online. Kontakt venligst for mere info og priser.\",\"breadcrumb\":{\"@id\":\"https:\\\/\\\/everydaychemshop.com\\\/da\\\/product\\\/pmk-piperonyl-methyl-keton-olie\\\/#breadcrumb\"},\"inLanguage\":\"en-US\",\"potentialAction\":[{\"@type\":\"ReadAction\",\"target\":[\"https:\\\/\\\/everydaychemshop.com\\\/da\\\/product\\\/pmk-piperonyl-methyl-keton-olie\\\/\"]}]},{\"@type\":\"ImageObject\",\"inLanguage\":\"en-US\",\"@id\":\"https:\\\/\\\/everydaychemshop.com\\\/da\\\/product\\\/pmk-piperonyl-methyl-keton-olie\\\/#primaryimage\",\"url\":\"https:\\\/\\\/everydaychemshop.com\\\/da\\\/wp-content\\\/uploads\\\/sites\\\/2\\\/2022\\\/11\\\/PMK-Piperonyl-Methyl-Ketone-Oil.webp\",\"contentUrl\":\"https:\\\/\\\/everydaychemshop.com\\\/da\\\/wp-content\\\/uploads\\\/sites\\\/2\\\/2022\\\/11\\\/PMK-Piperonyl-Methyl-Ketone-Oil.webp\",\"width\":555,\"height\":555,\"caption\":\"K\u00f8b PMK (Piperonyl Methyl Ketone) Oil online\"},{\"@type\":\"BreadcrumbList\",\"@id\":\"https:\\\/\\\/everydaychemshop.com\\\/da\\\/product\\\/pmk-piperonyl-methyl-keton-olie\\\/#breadcrumb\",\"itemListElement\":[{\"@type\":\"ListItem\",\"position\":1,\"name\":\"Home\",\"item\":\"https:\\\/\\\/everydaychemshop.com\\\/da\\\/\"},{\"@type\":\"ListItem\",\"position\":2,\"name\":\"Produkter\",\"item\":\"https:\\\/\\\/everydaychemshop.com\\\/da\\\/produkter\\\/\"},{\"@type\":\"ListItem\",\"position\":3,\"name\":\"PMK (Piperonyl Methyl Ketone) olie\"}]},{\"@type\":\"WebSite\",\"@id\":\"https:\\\/\\\/everydaychemshop.com\\\/da\\\/#website\",\"url\":\"https:\\\/\\\/everydaychemshop.com\\\/da\\\/\",\"name\":\"Everyday Chem Shop\",\"description\":\"\",\"potentialAction\":[{\"@type\":\"SearchAction\",\"target\":{\"@type\":\"EntryPoint\",\"urlTemplate\":\"https:\\\/\\\/everydaychemshop.com\\\/da\\\/?s={search_term_string}\"},\"query-input\":{\"@type\":\"PropertyValueSpecification\",\"valueRequired\":true,\"valueName\":\"search_term_string\"}}],\"inLanguage\":\"en-US\"}]}<\/script>\n<!-- \/ Yoast SEO Premium plugin. -->","yoast_head_json":{"title":"K\u00f8b PMK (Piperonyl Methyl Ketone) Oil - Everyday Chem Shop","description":"K\u00f8b PMK (Piperonyl Methyl Ketone) Oil online. Vi s\u00e6lger den bedste kvalitet PMK (Piperonyl Methyl Ketone) Oil online. Kontakt venligst for mere info og priser.","robots":{"index":"index","follow":"follow","max-snippet":"max-snippet:-1","max-image-preview":"max-image-preview:large","max-video-preview":"max-video-preview:-1"},"canonical":"https:\/\/everydaychemshop.com\/da\/product\/pmk-piperonyl-methyl-keton-olie\/","og_locale":"en_US","og_type":"article","og_title":"PMK (Piperonyl Methyl Ketone) olie","og_description":"K\u00f8b PMK (Piperonyl Methyl Ketone) Oil online. Vi s\u00e6lger den bedste kvalitet PMK (Piperonyl Methyl Ketone) Oil online. Kontakt venligst for mere info og priser.","og_url":"https:\/\/everydaychemshop.com\/da\/product\/pmk-piperonyl-methyl-keton-olie\/","og_site_name":"Everyday Chem Shop","article_modified_time":"2023-04-08T05:26:47+00:00","og_image":[{"width":555,"height":555,"url":"https:\/\/everydaychemshop.com\/da\/wp-content\/uploads\/sites\/2\/2022\/11\/PMK-Piperonyl-Methyl-Ketone-Oil.webp","type":"image\/webp"}],"twitter_card":"summary_large_image","twitter_misc":{"Est. reading time":"2 minutes"},"schema":{"@context":"https:\/\/schema.org","@graph":[{"@type":"WebPage","@id":"https:\/\/everydaychemshop.com\/da\/product\/pmk-piperonyl-methyl-keton-olie\/","url":"https:\/\/everydaychemshop.com\/da\/product\/pmk-piperonyl-methyl-keton-olie\/","name":"K\u00f8b PMK (Piperonyl Methyl Ketone) Oil - Everyday Chem Shop","isPartOf":{"@id":"https:\/\/everydaychemshop.com\/da\/#website"},"primaryImageOfPage":{"@id":"https:\/\/everydaychemshop.com\/da\/product\/pmk-piperonyl-methyl-keton-olie\/#primaryimage"},"image":{"@id":"https:\/\/everydaychemshop.com\/da\/product\/pmk-piperonyl-methyl-keton-olie\/#primaryimage"},"thumbnailUrl":"https:\/\/everydaychemshop.com\/da\/wp-content\/uploads\/sites\/2\/2022\/11\/PMK-Piperonyl-Methyl-Ketone-Oil.webp","datePublished":"2022-11-19T19:49:06+00:00","dateModified":"2023-04-08T05:26:47+00:00","description":"K\u00f8b PMK (Piperonyl Methyl Ketone) Oil online. Vi s\u00e6lger den bedste kvalitet PMK (Piperonyl Methyl Ketone) Oil online. Kontakt venligst for mere info og priser.","breadcrumb":{"@id":"https:\/\/everydaychemshop.com\/da\/product\/pmk-piperonyl-methyl-keton-olie\/#breadcrumb"},"inLanguage":"en-US","potentialAction":[{"@type":"ReadAction","target":["https:\/\/everydaychemshop.com\/da\/product\/pmk-piperonyl-methyl-keton-olie\/"]}]},{"@type":"ImageObject","inLanguage":"en-US","@id":"https:\/\/everydaychemshop.com\/da\/product\/pmk-piperonyl-methyl-keton-olie\/#primaryimage","url":"https:\/\/everydaychemshop.com\/da\/wp-content\/uploads\/sites\/2\/2022\/11\/PMK-Piperonyl-Methyl-Ketone-Oil.webp","contentUrl":"https:\/\/everydaychemshop.com\/da\/wp-content\/uploads\/sites\/2\/2022\/11\/PMK-Piperonyl-Methyl-Ketone-Oil.webp","width":555,"height":555,"caption":"K\u00f8b PMK (Piperonyl Methyl Ketone) Oil online"},{"@type":"BreadcrumbList","@id":"https:\/\/everydaychemshop.com\/da\/product\/pmk-piperonyl-methyl-keton-olie\/#breadcrumb","itemListElement":[{"@type":"ListItem","position":1,"name":"Home","item":"https:\/\/everydaychemshop.com\/da\/"},{"@type":"ListItem","position":2,"name":"Produkter","item":"https:\/\/everydaychemshop.com\/da\/produkter\/"},{"@type":"ListItem","position":3,"name":"PMK (Piperonyl Methyl Ketone) olie"}]},{"@type":"WebSite","@id":"https:\/\/everydaychemshop.com\/da\/#website","url":"https:\/\/everydaychemshop.com\/da\/","name":"Everyday Chem Shop","description":"","potentialAction":[{"@type":"SearchAction","target":{"@type":"EntryPoint","urlTemplate":"https:\/\/everydaychemshop.com\/da\/?s={search_term_string}"},"query-input":{"@type":"PropertyValueSpecification","valueRequired":true,"valueName":"search_term_string"}}],"inLanguage":"en-US"}]}},"_links":{"self":[{"href":"https:\/\/everydaychemshop.com\/da\/wp-json\/wp\/v2\/product\/8237","targetHints":{"allow":["GET"]}}],"collection":[{"href":"https:\/\/everydaychemshop.com\/da\/wp-json\/wp\/v2\/product"}],"about":[{"href":"https:\/\/everydaychemshop.com\/da\/wp-json\/wp\/v2\/types\/product"}],"replies":[{"embeddable":true,"href":"https:\/\/everydaychemshop.com\/da\/wp-json\/wp\/v2\/comments?post=8237"}],"wp:featuredmedia":[{"embeddable":true,"href":"https:\/\/everydaychemshop.com\/da\/wp-json\/wp\/v2\/media\/8242"}],"wp:attachment":[{"href":"https:\/\/everydaychemshop.com\/da\/wp-json\/wp\/v2\/media?parent=8237"}],"wp:term":[{"taxonomy":"product_brand","embeddable":true,"href":"https:\/\/everydaychemshop.com\/da\/wp-json\/wp\/v2\/product_brand?post=8237"},{"taxonomy":"product_cat","embeddable":true,"href":"https:\/\/everydaychemshop.com\/da\/wp-json\/wp\/v2\/product_cat?post=8237"},{"taxonomy":"product_tag","embeddable":true,"href":"https:\/\/everydaychemshop.com\/da\/wp-json\/wp\/v2\/product_tag?post=8237"}],"curies":[{"name":"wp","href":"https:\/\/api.w.org\/{rel}","templated":true}]}}