{"id":8243,"date":"2022-11-19T19:56:28","date_gmt":"2022-11-19T19:56:28","guid":{"rendered":"https:\/\/everydaychemshop.com\/da\/?post_type=product&#038;p=8243"},"modified":"2023-04-08T05:25:28","modified_gmt":"2023-04-08T05:25:28","slug":"ghb-gamma-hydroxybutyrat-vaeske","status":"publish","type":"product","link":"https:\/\/everydaychemshop.com\/da\/product\/ghb-gamma-hydroxybutyrat-vaeske\/","title":{"rendered":"GHB (Gamma-hydroxybutyrat) v\u00e6ske"},"content":{"rendered":"<h1>K\u00f8b GHB (Gamma-hydroxybutyrat) online<\/h1>\n<p><a href=\"https:\/\/everydaychemshop.com\/da\/product\/ghb-gamma-hydroxybutyrat-vaeske\/\">K\u00f8b GHB (Gamma-hydroxybutyrat) online<\/a>. GHB\u00a0 ( Ghb Til Salg ) er et psykoaktivt beroligende stof, der almindeligvis omtales som et &#8220;klubstof&#8221; eller &#8220;datevoldt\u00e6gt&#8221;. Selvom det lejlighedsvis bruges i sin receptpligtige form, Xyrem, til behandling af narkolepsi, bliver GHB oftest brugt ulovligt og er eftertragtet for dets euforiske <a href=\"https:\/\/da.wikipedia.org\/wiki\/GHB\">og<\/a> berusende virkninger. Samt virkningerne af sedation og hukommelsestab.<\/p>\n<p>Medikamentet har ogs\u00e5 en meget stor f\u00f8lgeskare ved de fleste rave-fester for dets euforiske virkninger. En af de alvorlige risici, der er forbundet med dets forbrug, er den kraftigt glidende skala for varians i toksicitet mellem partier og individuelle brugere. Dybest set metaboliserer og reagerer hver person p\u00e5\u00a0GHB\u00a0en smule forskelligt. Det betyder, at \u00e9n person kan v\u00e6re okay efter at have indtaget stoffet, mens en anden person kan lide en d\u00f8delig reaktion.<\/p>\n<h2>Ghb-pulver til salg<\/h2>\n<p>Dette stof k\u00f8bes p\u00e5 gaden eller over internettet i v\u00e6ske. Det tages oralt og kombineres ofte med alkohol. Meget af det GHB, der findes p\u00e5 gaden eller over internettet, produceres i illegale laboratorier. Fremstillingen af \u200b\u200bGHB involverer normalt brug af lud eller afl\u00f8bsrens blandet med GBL. En kemisk f\u00e6tter til GHB og et industrielt opl\u00f8sningsmiddel, der ofte bruges til at strippe gulve.<\/p>\n<p>I 1990 udsendte Food and Drug Administration (FDA) en r\u00e5dgivende erkl\u00e6ring. GHB-brug er usikker og ulovlig undtagen under FDA-godkendte, l\u00e6geoverv\u00e5gede protokoller.<\/p>\n","protected":false},"excerpt":{"rendered":"<p>Gamma-Butyrolactone (GBL) . \u00b5-Butyrolactone (GBL) er en farvel\u00f8s hygroskopisk vandblandbar v\u00e6ske med lav lugt.<\/p>\n","protected":false},"featured_media":8185,"comment_status":"open","ping_status":"closed","template":"","meta":{"inline_featured_image":false},"product_brand":[],"product_cat":[59],"product_tag":[],"class_list":{"0":"post-8243","1":"product","2":"type-product","3":"status-publish","4":"has-post-thumbnail","6":"product_cat-kemikalier","8":"first","9":"instock","10":"shipping-taxable","11":"purchasable","12":"product-type-variable","13":"has-default-attributes"},"yoast_head":"<!-- This site is optimized with the Yoast SEO Premium plugin v19.2 (Yoast SEO v27.3) - https:\/\/yoast.com\/product\/yoast-seo-premium-wordpress\/ -->\n<title>K\u00f8b GHB (Gamma-hydroxybutyrat) online - Everyday Chem Shop<\/title>\n<meta name=\"description\" content=\"K\u00f8b GHB (Gamma-hydroxybutyrat) online. Vi s\u00e6lger GHB (Gamma-hydroxybutyrat) af den bedste kvalitet online. Kontakt venligst for mere information.\" \/>\n<meta name=\"robots\" content=\"index, follow, max-snippet:-1, max-image-preview:large, max-video-preview:-1\" \/>\n<link rel=\"canonical\" href=\"https:\/\/everydaychemshop.com\/da\/product\/ghb-gamma-hydroxybutyrat-vaeske\/\" \/>\n<meta property=\"og:locale\" content=\"en_US\" \/>\n<meta property=\"og:type\" content=\"article\" \/>\n<meta property=\"og:title\" content=\"GHB (Gamma-hydroxybutyrat) v\u00e6ske\" \/>\n<meta property=\"og:description\" content=\"K\u00f8b GHB (Gamma-hydroxybutyrat) online. Vi s\u00e6lger GHB (Gamma-hydroxybutyrat) af den bedste kvalitet online. Kontakt venligst for mere information.\" \/>\n<meta property=\"og:url\" content=\"https:\/\/everydaychemshop.com\/da\/product\/ghb-gamma-hydroxybutyrat-vaeske\/\" \/>\n<meta property=\"og:site_name\" content=\"Everyday Chem Shop\" \/>\n<meta property=\"article:modified_time\" content=\"2023-04-08T05:25:28+00:00\" \/>\n<meta property=\"og:image\" content=\"https:\/\/everydaychemshop.com\/da\/wp-content\/uploads\/sites\/2\/2022\/11\/bottle-ghb-with-drug-powder-injection-needle-wooden-surface-ghb_38391-553.jpg\" \/>\n\t<meta property=\"og:image:width\" content=\"626\" \/>\n\t<meta property=\"og:image:height\" content=\"417\" \/>\n\t<meta property=\"og:image:type\" content=\"image\/jpeg\" \/>\n<meta name=\"twitter:card\" content=\"summary_large_image\" \/>\n<meta name=\"twitter:label1\" content=\"Est. reading time\" \/>\n\t<meta name=\"twitter:data1\" content=\"1 minute\" \/>\n<script type=\"application\/ld+json\" class=\"yoast-schema-graph\">{\"@context\":\"https:\\\/\\\/schema.org\",\"@graph\":[{\"@type\":\"WebPage\",\"@id\":\"https:\\\/\\\/everydaychemshop.com\\\/da\\\/product\\\/ghb-gamma-hydroxybutyrat-vaeske\\\/\",\"url\":\"https:\\\/\\\/everydaychemshop.com\\\/da\\\/product\\\/ghb-gamma-hydroxybutyrat-vaeske\\\/\",\"name\":\"K\u00f8b GHB (Gamma-hydroxybutyrat) online - Everyday Chem Shop\",\"isPartOf\":{\"@id\":\"https:\\\/\\\/everydaychemshop.com\\\/da\\\/#website\"},\"primaryImageOfPage\":{\"@id\":\"https:\\\/\\\/everydaychemshop.com\\\/da\\\/product\\\/ghb-gamma-hydroxybutyrat-vaeske\\\/#primaryimage\"},\"image\":{\"@id\":\"https:\\\/\\\/everydaychemshop.com\\\/da\\\/product\\\/ghb-gamma-hydroxybutyrat-vaeske\\\/#primaryimage\"},\"thumbnailUrl\":\"https:\\\/\\\/everydaychemshop.com\\\/da\\\/wp-content\\\/uploads\\\/sites\\\/2\\\/2022\\\/11\\\/bottle-ghb-with-drug-powder-injection-needle-wooden-surface-ghb_38391-553.jpg\",\"datePublished\":\"2022-11-19T19:56:28+00:00\",\"dateModified\":\"2023-04-08T05:25:28+00:00\",\"description\":\"K\u00f8b GHB (Gamma-hydroxybutyrat) online. Vi s\u00e6lger GHB (Gamma-hydroxybutyrat) af den bedste kvalitet online. Kontakt venligst for mere information.\",\"breadcrumb\":{\"@id\":\"https:\\\/\\\/everydaychemshop.com\\\/da\\\/product\\\/ghb-gamma-hydroxybutyrat-vaeske\\\/#breadcrumb\"},\"inLanguage\":\"en-US\",\"potentialAction\":[{\"@type\":\"ReadAction\",\"target\":[\"https:\\\/\\\/everydaychemshop.com\\\/da\\\/product\\\/ghb-gamma-hydroxybutyrat-vaeske\\\/\"]}]},{\"@type\":\"ImageObject\",\"inLanguage\":\"en-US\",\"@id\":\"https:\\\/\\\/everydaychemshop.com\\\/da\\\/product\\\/ghb-gamma-hydroxybutyrat-vaeske\\\/#primaryimage\",\"url\":\"https:\\\/\\\/everydaychemshop.com\\\/da\\\/wp-content\\\/uploads\\\/sites\\\/2\\\/2022\\\/11\\\/bottle-ghb-with-drug-powder-injection-needle-wooden-surface-ghb_38391-553.jpg\",\"contentUrl\":\"https:\\\/\\\/everydaychemshop.com\\\/da\\\/wp-content\\\/uploads\\\/sites\\\/2\\\/2022\\\/11\\\/bottle-ghb-with-drug-powder-injection-needle-wooden-surface-ghb_38391-553.jpg\",\"width\":626,\"height\":417,\"caption\":\"K\u00f8b GHB (Gamma-hydroxybutyrat) online\"},{\"@type\":\"BreadcrumbList\",\"@id\":\"https:\\\/\\\/everydaychemshop.com\\\/da\\\/product\\\/ghb-gamma-hydroxybutyrat-vaeske\\\/#breadcrumb\",\"itemListElement\":[{\"@type\":\"ListItem\",\"position\":1,\"name\":\"Home\",\"item\":\"https:\\\/\\\/everydaychemshop.com\\\/da\\\/\"},{\"@type\":\"ListItem\",\"position\":2,\"name\":\"Produkter\",\"item\":\"https:\\\/\\\/everydaychemshop.com\\\/da\\\/produkter\\\/\"},{\"@type\":\"ListItem\",\"position\":3,\"name\":\"GHB (Gamma-hydroxybutyrat) v\u00e6ske\"}]},{\"@type\":\"WebSite\",\"@id\":\"https:\\\/\\\/everydaychemshop.com\\\/da\\\/#website\",\"url\":\"https:\\\/\\\/everydaychemshop.com\\\/da\\\/\",\"name\":\"Everyday Chem Shop\",\"description\":\"\",\"potentialAction\":[{\"@type\":\"SearchAction\",\"target\":{\"@type\":\"EntryPoint\",\"urlTemplate\":\"https:\\\/\\\/everydaychemshop.com\\\/da\\\/?s={search_term_string}\"},\"query-input\":{\"@type\":\"PropertyValueSpecification\",\"valueRequired\":true,\"valueName\":\"search_term_string\"}}],\"inLanguage\":\"en-US\"}]}<\/script>\n<!-- \/ Yoast SEO Premium plugin. -->","yoast_head_json":{"title":"K\u00f8b GHB (Gamma-hydroxybutyrat) online - Everyday Chem Shop","description":"K\u00f8b GHB (Gamma-hydroxybutyrat) online. Vi s\u00e6lger GHB (Gamma-hydroxybutyrat) af den bedste kvalitet online. Kontakt venligst for mere information.","robots":{"index":"index","follow":"follow","max-snippet":"max-snippet:-1","max-image-preview":"max-image-preview:large","max-video-preview":"max-video-preview:-1"},"canonical":"https:\/\/everydaychemshop.com\/da\/product\/ghb-gamma-hydroxybutyrat-vaeske\/","og_locale":"en_US","og_type":"article","og_title":"GHB (Gamma-hydroxybutyrat) v\u00e6ske","og_description":"K\u00f8b GHB (Gamma-hydroxybutyrat) online. Vi s\u00e6lger GHB (Gamma-hydroxybutyrat) af den bedste kvalitet online. Kontakt venligst for mere information.","og_url":"https:\/\/everydaychemshop.com\/da\/product\/ghb-gamma-hydroxybutyrat-vaeske\/","og_site_name":"Everyday Chem Shop","article_modified_time":"2023-04-08T05:25:28+00:00","og_image":[{"width":626,"height":417,"url":"https:\/\/everydaychemshop.com\/da\/wp-content\/uploads\/sites\/2\/2022\/11\/bottle-ghb-with-drug-powder-injection-needle-wooden-surface-ghb_38391-553.jpg","type":"image\/jpeg"}],"twitter_card":"summary_large_image","twitter_misc":{"Est. reading time":"1 minute"},"schema":{"@context":"https:\/\/schema.org","@graph":[{"@type":"WebPage","@id":"https:\/\/everydaychemshop.com\/da\/product\/ghb-gamma-hydroxybutyrat-vaeske\/","url":"https:\/\/everydaychemshop.com\/da\/product\/ghb-gamma-hydroxybutyrat-vaeske\/","name":"K\u00f8b GHB (Gamma-hydroxybutyrat) online - Everyday Chem Shop","isPartOf":{"@id":"https:\/\/everydaychemshop.com\/da\/#website"},"primaryImageOfPage":{"@id":"https:\/\/everydaychemshop.com\/da\/product\/ghb-gamma-hydroxybutyrat-vaeske\/#primaryimage"},"image":{"@id":"https:\/\/everydaychemshop.com\/da\/product\/ghb-gamma-hydroxybutyrat-vaeske\/#primaryimage"},"thumbnailUrl":"https:\/\/everydaychemshop.com\/da\/wp-content\/uploads\/sites\/2\/2022\/11\/bottle-ghb-with-drug-powder-injection-needle-wooden-surface-ghb_38391-553.jpg","datePublished":"2022-11-19T19:56:28+00:00","dateModified":"2023-04-08T05:25:28+00:00","description":"K\u00f8b GHB (Gamma-hydroxybutyrat) online. Vi s\u00e6lger GHB (Gamma-hydroxybutyrat) af den bedste kvalitet online. Kontakt venligst for mere information.","breadcrumb":{"@id":"https:\/\/everydaychemshop.com\/da\/product\/ghb-gamma-hydroxybutyrat-vaeske\/#breadcrumb"},"inLanguage":"en-US","potentialAction":[{"@type":"ReadAction","target":["https:\/\/everydaychemshop.com\/da\/product\/ghb-gamma-hydroxybutyrat-vaeske\/"]}]},{"@type":"ImageObject","inLanguage":"en-US","@id":"https:\/\/everydaychemshop.com\/da\/product\/ghb-gamma-hydroxybutyrat-vaeske\/#primaryimage","url":"https:\/\/everydaychemshop.com\/da\/wp-content\/uploads\/sites\/2\/2022\/11\/bottle-ghb-with-drug-powder-injection-needle-wooden-surface-ghb_38391-553.jpg","contentUrl":"https:\/\/everydaychemshop.com\/da\/wp-content\/uploads\/sites\/2\/2022\/11\/bottle-ghb-with-drug-powder-injection-needle-wooden-surface-ghb_38391-553.jpg","width":626,"height":417,"caption":"K\u00f8b GHB (Gamma-hydroxybutyrat) online"},{"@type":"BreadcrumbList","@id":"https:\/\/everydaychemshop.com\/da\/product\/ghb-gamma-hydroxybutyrat-vaeske\/#breadcrumb","itemListElement":[{"@type":"ListItem","position":1,"name":"Home","item":"https:\/\/everydaychemshop.com\/da\/"},{"@type":"ListItem","position":2,"name":"Produkter","item":"https:\/\/everydaychemshop.com\/da\/produkter\/"},{"@type":"ListItem","position":3,"name":"GHB (Gamma-hydroxybutyrat) v\u00e6ske"}]},{"@type":"WebSite","@id":"https:\/\/everydaychemshop.com\/da\/#website","url":"https:\/\/everydaychemshop.com\/da\/","name":"Everyday Chem Shop","description":"","potentialAction":[{"@type":"SearchAction","target":{"@type":"EntryPoint","urlTemplate":"https:\/\/everydaychemshop.com\/da\/?s={search_term_string}"},"query-input":{"@type":"PropertyValueSpecification","valueRequired":true,"valueName":"search_term_string"}}],"inLanguage":"en-US"}]}},"_links":{"self":[{"href":"https:\/\/everydaychemshop.com\/da\/wp-json\/wp\/v2\/product\/8243","targetHints":{"allow":["GET"]}}],"collection":[{"href":"https:\/\/everydaychemshop.com\/da\/wp-json\/wp\/v2\/product"}],"about":[{"href":"https:\/\/everydaychemshop.com\/da\/wp-json\/wp\/v2\/types\/product"}],"replies":[{"embeddable":true,"href":"https:\/\/everydaychemshop.com\/da\/wp-json\/wp\/v2\/comments?post=8243"}],"wp:featuredmedia":[{"embeddable":true,"href":"https:\/\/everydaychemshop.com\/da\/wp-json\/wp\/v2\/media\/8185"}],"wp:attachment":[{"href":"https:\/\/everydaychemshop.com\/da\/wp-json\/wp\/v2\/media?parent=8243"}],"wp:term":[{"taxonomy":"product_brand","embeddable":true,"href":"https:\/\/everydaychemshop.com\/da\/wp-json\/wp\/v2\/product_brand?post=8243"},{"taxonomy":"product_cat","embeddable":true,"href":"https:\/\/everydaychemshop.com\/da\/wp-json\/wp\/v2\/product_cat?post=8243"},{"taxonomy":"product_tag","embeddable":true,"href":"https:\/\/everydaychemshop.com\/da\/wp-json\/wp\/v2\/product_tag?post=8243"}],"curies":[{"name":"wp","href":"https:\/\/api.w.org\/{rel}","templated":true}]}}