{"id":8251,"date":"2022-11-20T06:07:35","date_gmt":"2022-11-20T06:07:35","guid":{"rendered":"https:\/\/everydaychemshop.com\/da\/?post_type=product&#038;p=8251"},"modified":"2023-04-08T05:23:50","modified_gmt":"2023-04-08T05:23:50","slug":"ak-47-marihuana","status":"publish","type":"product","link":"https:\/\/everydaychemshop.com\/da\/product\/ak-47-marihuana\/","title":{"rendered":"AK-47 Marihuana"},"content":{"rendered":"<h1 id=\"description\">K\u00f8b AK-47 stamme online<\/h1>\n<div class=\"field-name-field-description field-items\">\n<p><a href=\"https:\/\/everydaychemshop.com\/da\/product\/ak-47-marihuana\/\">K\u00f8b AK-47 stamme online<\/a>. Denne letdyrkede plante er vores mest popul\u00e6re p\u00e5 grund af sin enest\u00e5ende kvalitet. <em>AK-47<\/em>\u00a0stammen er ofte blevet kopieret eller brugt af andre fr\u00f8firmaer til krydsninger.<\/p>\n<p>Denne plante er middelh\u00f8j og giver meget gode udbytter ret hurtigt. <strong>Ekstremt st\u00e6rk lugt og r\u00f8g<\/strong>. V\u00e6r <a href=\"https:\/\/da.wikipedia.org\/wiki\/Cannabinol\">ekstra<\/a> opm\u00e6rksom p\u00e5 lugtkontrol, n\u00e5r du vokser i n\u00e6rheden af \u200b\u200bnaboer!<\/p>\n<p>Navnet blev ikke givet ud fra nogen ide om vold, men mere i forbindelse med det &#8216;one hit wonder&#8217;, som r\u00f8gen er. Efter introduktionen besvimede bes\u00f8gende p\u00e5 coffeeshops i Amsterdam regelm\u00e6ssigt efter et hit af\u00a0<em>AK47-stammen<\/em>. Kvalitet uden kompromis g\u00f8r AK47 fr\u00f8 velegnede til kommerciel eller hjemmedyrkning. Til en for det meste sativa-kryds har disse planter en kort blomstringsperiode og producerer kompakte knopper med f\u00e5 blade, der skinner med et\u00a0<strong>lag af harpikskrystaller<\/strong>.<\/p>\n<p><strong>Vind 27\u00a0priser(! !!) i Cannabis-konkurrencer<\/strong>\u00a0beviser, at det er en favorit b\u00e5de at vokse og at ryge.<\/p>\n<p>Hun leverer en meget st\u00e6rk, langvarig og behagelig High. I 1999 ved Cannabis Cup, en uafh\u00e6ngig laboratorietest\u00a0<strong>beviste<\/strong>\u00a0<em>AK47<\/em>\u00a0ukrudt havde den\u00a0<strong>h\u00f8jeste THC-procentdel af alle tilmeldinger det \u00e5r<\/strong>. <strong>L\u00e6geplante fremragende til smertelindring<\/strong>.<\/p>\n<\/div>\n","protected":false},"excerpt":{"rendered":"<p>AK-47 stamme er vores mest popul\u00e6re sort. Det er en let at dyrke plante og med mere end 27 priser, og n\u00e5r man t\u00e6ller, er det officielt den mest prisbel\u00f8nnede cannabisstamme p\u00e5 markedet. Vores AK47-stamme er ofte blevet kopieret eller brugt af andre fr\u00f8firmaer til at opgradere krydsninger.<\/p>\n","protected":false},"featured_media":8253,"comment_status":"open","ping_status":"closed","template":"","meta":{"inline_featured_image":false},"product_brand":[],"product_cat":[60],"product_tag":[],"class_list":{"0":"post-8251","1":"product","2":"type-product","3":"status-publish","4":"has-post-thumbnail","6":"product_cat-cbd-hamp-blomst","8":"first","9":"instock","10":"sale","11":"shipping-taxable","12":"purchasable","13":"product-type-variable","14":"has-default-attributes"},"yoast_head":"<!-- This site is optimized with the Yoast SEO Premium plugin v19.2 (Yoast SEO v27.3) - https:\/\/yoast.com\/product\/yoast-seo-premium-wordpress\/ -->\n<title>K\u00f8b AK-47 stamme online - Everyday Chem Shop<\/title>\n<meta name=\"description\" content=\"K\u00f8b AK-47 stamme online. Vi s\u00e6lger f\u00f8rsteklasses AK-47 stamme online. Kontakt os venligst for mere information og priser.\" \/>\n<meta name=\"robots\" content=\"index, follow, max-snippet:-1, max-image-preview:large, max-video-preview:-1\" \/>\n<link rel=\"canonical\" href=\"https:\/\/everydaychemshop.com\/da\/product\/ak-47-marihuana\/\" \/>\n<meta property=\"og:locale\" content=\"en_US\" \/>\n<meta property=\"og:type\" content=\"article\" \/>\n<meta property=\"og:title\" content=\"AK-47 Marihuana\" \/>\n<meta property=\"og:description\" content=\"K\u00f8b AK-47 stamme online. Vi s\u00e6lger f\u00f8rsteklasses AK-47 stamme online. Kontakt os venligst for mere information og priser.\" \/>\n<meta property=\"og:url\" content=\"https:\/\/everydaychemshop.com\/da\/product\/ak-47-marihuana\/\" \/>\n<meta property=\"og:site_name\" content=\"Everyday Chem Shop\" \/>\n<meta property=\"article:modified_time\" content=\"2023-04-08T05:23:50+00:00\" \/>\n<meta property=\"og:image\" content=\"https:\/\/everydaychemshop.com\/da\/wp-content\/uploads\/sites\/2\/2022\/11\/1-4.jpg\" \/>\n\t<meta property=\"og:image:width\" content=\"300\" \/>\n\t<meta property=\"og:image:height\" content=\"300\" \/>\n\t<meta property=\"og:image:type\" content=\"image\/jpeg\" \/>\n<meta name=\"twitter:card\" content=\"summary_large_image\" \/>\n<meta name=\"twitter:label1\" content=\"Est. reading time\" \/>\n\t<meta name=\"twitter:data1\" content=\"1 minute\" \/>\n<script type=\"application\/ld+json\" class=\"yoast-schema-graph\">{\"@context\":\"https:\\\/\\\/schema.org\",\"@graph\":[{\"@type\":\"WebPage\",\"@id\":\"https:\\\/\\\/everydaychemshop.com\\\/da\\\/product\\\/ak-47-marihuana\\\/\",\"url\":\"https:\\\/\\\/everydaychemshop.com\\\/da\\\/product\\\/ak-47-marihuana\\\/\",\"name\":\"K\u00f8b AK-47 stamme online - Everyday Chem Shop\",\"isPartOf\":{\"@id\":\"https:\\\/\\\/everydaychemshop.com\\\/da\\\/#website\"},\"primaryImageOfPage\":{\"@id\":\"https:\\\/\\\/everydaychemshop.com\\\/da\\\/product\\\/ak-47-marihuana\\\/#primaryimage\"},\"image\":{\"@id\":\"https:\\\/\\\/everydaychemshop.com\\\/da\\\/product\\\/ak-47-marihuana\\\/#primaryimage\"},\"thumbnailUrl\":\"https:\\\/\\\/everydaychemshop.com\\\/da\\\/wp-content\\\/uploads\\\/sites\\\/2\\\/2022\\\/11\\\/1-4.jpg\",\"datePublished\":\"2022-11-20T06:07:35+00:00\",\"dateModified\":\"2023-04-08T05:23:50+00:00\",\"description\":\"K\u00f8b AK-47 stamme online. Vi s\u00e6lger f\u00f8rsteklasses AK-47 stamme online. Kontakt os venligst for mere information og priser.\",\"breadcrumb\":{\"@id\":\"https:\\\/\\\/everydaychemshop.com\\\/da\\\/product\\\/ak-47-marihuana\\\/#breadcrumb\"},\"inLanguage\":\"en-US\",\"potentialAction\":[{\"@type\":\"ReadAction\",\"target\":[\"https:\\\/\\\/everydaychemshop.com\\\/da\\\/product\\\/ak-47-marihuana\\\/\"]}]},{\"@type\":\"ImageObject\",\"inLanguage\":\"en-US\",\"@id\":\"https:\\\/\\\/everydaychemshop.com\\\/da\\\/product\\\/ak-47-marihuana\\\/#primaryimage\",\"url\":\"https:\\\/\\\/everydaychemshop.com\\\/da\\\/wp-content\\\/uploads\\\/sites\\\/2\\\/2022\\\/11\\\/1-4.jpg\",\"contentUrl\":\"https:\\\/\\\/everydaychemshop.com\\\/da\\\/wp-content\\\/uploads\\\/sites\\\/2\\\/2022\\\/11\\\/1-4.jpg\",\"width\":300,\"height\":300,\"caption\":\"K\u00f8b AK-47 stamme online\"},{\"@type\":\"BreadcrumbList\",\"@id\":\"https:\\\/\\\/everydaychemshop.com\\\/da\\\/product\\\/ak-47-marihuana\\\/#breadcrumb\",\"itemListElement\":[{\"@type\":\"ListItem\",\"position\":1,\"name\":\"Home\",\"item\":\"https:\\\/\\\/everydaychemshop.com\\\/da\\\/\"},{\"@type\":\"ListItem\",\"position\":2,\"name\":\"Produkter\",\"item\":\"https:\\\/\\\/everydaychemshop.com\\\/da\\\/produkter\\\/\"},{\"@type\":\"ListItem\",\"position\":3,\"name\":\"AK-47 Marihuana\"}]},{\"@type\":\"WebSite\",\"@id\":\"https:\\\/\\\/everydaychemshop.com\\\/da\\\/#website\",\"url\":\"https:\\\/\\\/everydaychemshop.com\\\/da\\\/\",\"name\":\"Everyday Chem Shop\",\"description\":\"\",\"potentialAction\":[{\"@type\":\"SearchAction\",\"target\":{\"@type\":\"EntryPoint\",\"urlTemplate\":\"https:\\\/\\\/everydaychemshop.com\\\/da\\\/?s={search_term_string}\"},\"query-input\":{\"@type\":\"PropertyValueSpecification\",\"valueRequired\":true,\"valueName\":\"search_term_string\"}}],\"inLanguage\":\"en-US\"}]}<\/script>\n<!-- \/ Yoast SEO Premium plugin. -->","yoast_head_json":{"title":"K\u00f8b AK-47 stamme online - Everyday Chem Shop","description":"K\u00f8b AK-47 stamme online. Vi s\u00e6lger f\u00f8rsteklasses AK-47 stamme online. Kontakt os venligst for mere information og priser.","robots":{"index":"index","follow":"follow","max-snippet":"max-snippet:-1","max-image-preview":"max-image-preview:large","max-video-preview":"max-video-preview:-1"},"canonical":"https:\/\/everydaychemshop.com\/da\/product\/ak-47-marihuana\/","og_locale":"en_US","og_type":"article","og_title":"AK-47 Marihuana","og_description":"K\u00f8b AK-47 stamme online. Vi s\u00e6lger f\u00f8rsteklasses AK-47 stamme online. Kontakt os venligst for mere information og priser.","og_url":"https:\/\/everydaychemshop.com\/da\/product\/ak-47-marihuana\/","og_site_name":"Everyday Chem Shop","article_modified_time":"2023-04-08T05:23:50+00:00","og_image":[{"width":300,"height":300,"url":"https:\/\/everydaychemshop.com\/da\/wp-content\/uploads\/sites\/2\/2022\/11\/1-4.jpg","type":"image\/jpeg"}],"twitter_card":"summary_large_image","twitter_misc":{"Est. reading time":"1 minute"},"schema":{"@context":"https:\/\/schema.org","@graph":[{"@type":"WebPage","@id":"https:\/\/everydaychemshop.com\/da\/product\/ak-47-marihuana\/","url":"https:\/\/everydaychemshop.com\/da\/product\/ak-47-marihuana\/","name":"K\u00f8b AK-47 stamme online - Everyday Chem Shop","isPartOf":{"@id":"https:\/\/everydaychemshop.com\/da\/#website"},"primaryImageOfPage":{"@id":"https:\/\/everydaychemshop.com\/da\/product\/ak-47-marihuana\/#primaryimage"},"image":{"@id":"https:\/\/everydaychemshop.com\/da\/product\/ak-47-marihuana\/#primaryimage"},"thumbnailUrl":"https:\/\/everydaychemshop.com\/da\/wp-content\/uploads\/sites\/2\/2022\/11\/1-4.jpg","datePublished":"2022-11-20T06:07:35+00:00","dateModified":"2023-04-08T05:23:50+00:00","description":"K\u00f8b AK-47 stamme online. Vi s\u00e6lger f\u00f8rsteklasses AK-47 stamme online. Kontakt os venligst for mere information og priser.","breadcrumb":{"@id":"https:\/\/everydaychemshop.com\/da\/product\/ak-47-marihuana\/#breadcrumb"},"inLanguage":"en-US","potentialAction":[{"@type":"ReadAction","target":["https:\/\/everydaychemshop.com\/da\/product\/ak-47-marihuana\/"]}]},{"@type":"ImageObject","inLanguage":"en-US","@id":"https:\/\/everydaychemshop.com\/da\/product\/ak-47-marihuana\/#primaryimage","url":"https:\/\/everydaychemshop.com\/da\/wp-content\/uploads\/sites\/2\/2022\/11\/1-4.jpg","contentUrl":"https:\/\/everydaychemshop.com\/da\/wp-content\/uploads\/sites\/2\/2022\/11\/1-4.jpg","width":300,"height":300,"caption":"K\u00f8b AK-47 stamme online"},{"@type":"BreadcrumbList","@id":"https:\/\/everydaychemshop.com\/da\/product\/ak-47-marihuana\/#breadcrumb","itemListElement":[{"@type":"ListItem","position":1,"name":"Home","item":"https:\/\/everydaychemshop.com\/da\/"},{"@type":"ListItem","position":2,"name":"Produkter","item":"https:\/\/everydaychemshop.com\/da\/produkter\/"},{"@type":"ListItem","position":3,"name":"AK-47 Marihuana"}]},{"@type":"WebSite","@id":"https:\/\/everydaychemshop.com\/da\/#website","url":"https:\/\/everydaychemshop.com\/da\/","name":"Everyday Chem Shop","description":"","potentialAction":[{"@type":"SearchAction","target":{"@type":"EntryPoint","urlTemplate":"https:\/\/everydaychemshop.com\/da\/?s={search_term_string}"},"query-input":{"@type":"PropertyValueSpecification","valueRequired":true,"valueName":"search_term_string"}}],"inLanguage":"en-US"}]}},"_links":{"self":[{"href":"https:\/\/everydaychemshop.com\/da\/wp-json\/wp\/v2\/product\/8251","targetHints":{"allow":["GET"]}}],"collection":[{"href":"https:\/\/everydaychemshop.com\/da\/wp-json\/wp\/v2\/product"}],"about":[{"href":"https:\/\/everydaychemshop.com\/da\/wp-json\/wp\/v2\/types\/product"}],"replies":[{"embeddable":true,"href":"https:\/\/everydaychemshop.com\/da\/wp-json\/wp\/v2\/comments?post=8251"}],"wp:featuredmedia":[{"embeddable":true,"href":"https:\/\/everydaychemshop.com\/da\/wp-json\/wp\/v2\/media\/8253"}],"wp:attachment":[{"href":"https:\/\/everydaychemshop.com\/da\/wp-json\/wp\/v2\/media?parent=8251"}],"wp:term":[{"taxonomy":"product_brand","embeddable":true,"href":"https:\/\/everydaychemshop.com\/da\/wp-json\/wp\/v2\/product_brand?post=8251"},{"taxonomy":"product_cat","embeddable":true,"href":"https:\/\/everydaychemshop.com\/da\/wp-json\/wp\/v2\/product_cat?post=8251"},{"taxonomy":"product_tag","embeddable":true,"href":"https:\/\/everydaychemshop.com\/da\/wp-json\/wp\/v2\/product_tag?post=8251"}],"curies":[{"name":"wp","href":"https:\/\/api.w.org\/{rel}","templated":true}]}}