{"id":8258,"date":"2022-11-20T06:13:42","date_gmt":"2022-11-20T06:13:42","guid":{"rendered":"https:\/\/everydaychemshop.com\/da\/?post_type=product&#038;p=8258"},"modified":"2023-04-08T05:22:49","modified_gmt":"2023-04-08T05:22:49","slug":"amnesi-dis-marihuana","status":"publish","type":"product","link":"https:\/\/everydaychemshop.com\/da\/product\/amnesi-dis-marihuana\/","title":{"rendered":"Amnesia Haze Marihuana"},"content":{"rendered":"<h1>K\u00f8b Amnesia Haze stamme online<\/h1>\n<p><a href=\"https:\/\/everydaychemshop.com\/da\/product\/amnesi-dis-marihuana\/\">K\u00f8b Amnesia Haze stamme online<\/a>. Med jordiske smag af citroner og citrus, Amnesia\u00a0Haze er den perfekte\u00a0<b>sativa-stamme<\/b>\u00a0til at starte din dag med et smil. Den opl\u00f8ftende, energiske buzz er en, du sent vil glemme. \u2026 Med jordiske <a href=\"https:\/\/da.wikipedia.org\/wiki\/Cannabinol\">smage<\/a> af citroner og citrus er Amnesia Haze den perfekte sativa-stamme til at starte din dag med et smil.<\/p>\n<div class=\"wWOJcd\" role=\"button\" aria-labelledby=\"exacc_VJZrYdLkLtGbgQaatL7QCA58\"><\/div>\n<div id=\"exacc_VJZrYdLkLtGbgQaatL7QCA59\" class=\"MBtdbb\" data-ved=\"2ahUKEwjS3vu0vtDzAhXRTcAKHRqaD4oQ7NUEegQIPxAD\">\n<div class=\" ymu2Hb\">\n<div id=\"_VJZrYdLkLtGbgQaatL7QCA60\" class=\"t0bRye r2fjmd\" data-hveid=\"CD8QBA\">\n<div class=\"LGOjhe\" role=\"heading\" data-attrid=\"wa:\/description\" data-hveid=\"CDIQAA\"><span class=\"ILfuVd NA6bn\"> <span class=\"hgKElc\">I mods\u00e6tning til navnet antyder,\u00a0<b>Amnesia Haze vil faktisk ikke have dig s\u00e5 h\u00f8jt<\/b>\u00a0og ude af dit sind, at du vil begynde at glemme alt. Tv\u00e6rtimod har det en tendens til at v\u00e6kke interesse for kreative afs\u00e6tningsmuligheder, hvilket medf\u00f8rer stigninger i motivation og produktiv energi.<\/span><\/span><\/div>\n<div role=\"heading\" data-attrid=\" wa:\/description\" data-hveid=\"CDIQAA\">\n<div class=\"wWOJcd\" role=\"button\" aria-labelledby=\"exacc_VJZrYdLkLtGbgQaatL7QCA53\"><\/div>\n<div id=\"exacc_VJZrYdLkLtGbgQaatL7QCA54\" class=\"MBtdbb\" data-ved=\"2ahUKEwjS3vu0vtDzAhXRTcAKHRqaD4oQ7NUEegQIOhAD\">\n<div class=\"ymu2Hb\">\n<div id=\"_VJZrYdLkLtGbgQaatL7QCA56\" class=\"t0bRye r2fjmd\" data-hveid=\"CDoQBA\" data-ved=\"2ahUKEwjS3vu0vtDzAhXRTcAKHRqaD4oQu04oAHoECDoQBA\">\n<div>\n<div>&lt;xh classhe 1&#8243; data <span class=\"ILfuVd NA6bn\"><span class=\"hgKElc\">I betragtning af dets hum\u00f8r- forst\u00e6rkende effekter, anbefaler mange mennesker Amnesia Haze mod\u00a0<b>angst<\/b>. Der er nogle beviser p\u00e5, at dets mest aktive ingrediens, THC, kan hj\u00e6lpe nogle mennesker med at slappe af. Desv\u00e6rre er dette m\u00e5ske ikke tilf\u00e6ldet for alle. Amnesia Hazes afstamning involverer adskillige h\u00f8j-THC-stammer.<\/span><\/span><\/div>\n<\/div>\n<\/div>\n<\/div>\n<\/div>\n<\/div>\n<\/div>\n<\/div>\n<\/div>\n","protected":false},"excerpt":{"rendered":"<p>Med jordiske smag af citroner og citrus er Amnesia Haze en perfekt variant til at starte din dag med et smil. Den opl\u00f8ftende, energiske buzz er en, du sent vil glemme. Dens genetik er blevet sporet tilbage til de sydasiatiske og jamaicanske landracestammer, og denne Cannabis Cup-vinder (1. plads 2004, 1. plads Sativa Cup 2012) er siden blevet popul\u00e6r i kaffebarerne i Amsterdam.<\/p>\n","protected":false},"featured_media":8260,"comment_status":"open","ping_status":"closed","template":"","meta":{"inline_featured_image":false},"product_brand":[],"product_cat":[60],"product_tag":[],"class_list":{"0":"post-8258","1":"product","2":"type-product","3":"status-publish","4":"has-post-thumbnail","6":"product_cat-cbd-hamp-blomst","8":"first","9":"instock","10":"shipping-taxable","11":"purchasable","12":"product-type-variable","13":"has-default-attributes"},"yoast_head":"<!-- This site is optimized with the Yoast SEO Premium plugin v19.2 (Yoast SEO v27.3) - https:\/\/yoast.com\/product\/yoast-seo-premium-wordpress\/ -->\n<title>K\u00f8b Amnesia Haze stamme online- Everyday Chem Shop<\/title>\n<meta name=\"description\" content=\"K\u00f8b Amnesia Haze stamme online. Vi s\u00e6lger Amnesia Haze-stamme af den bedste kvalitet online. Kontakt os venligst for mere information og priser.\" \/>\n<meta name=\"robots\" content=\"index, follow, max-snippet:-1, max-image-preview:large, max-video-preview:-1\" \/>\n<link rel=\"canonical\" href=\"https:\/\/everydaychemshop.com\/da\/product\/amnesi-dis-marihuana\/\" \/>\n<meta property=\"og:locale\" content=\"en_US\" \/>\n<meta property=\"og:type\" content=\"article\" \/>\n<meta property=\"og:title\" content=\"Amnesia Haze Marihuana\" \/>\n<meta property=\"og:description\" content=\"K\u00f8b Amnesia Haze stamme online. Vi s\u00e6lger Amnesia Haze-stamme af den bedste kvalitet online. Kontakt os venligst for mere information og priser.\" \/>\n<meta property=\"og:url\" content=\"https:\/\/everydaychemshop.com\/da\/product\/amnesi-dis-marihuana\/\" \/>\n<meta property=\"og:site_name\" content=\"Everyday Chem Shop\" \/>\n<meta property=\"article:modified_time\" content=\"2023-04-08T05:22:49+00:00\" \/>\n<meta property=\"og:image\" content=\"https:\/\/everydaychemshop.com\/da\/wp-content\/uploads\/sites\/2\/2022\/11\/Amnesia-haze.jpg\" \/>\n\t<meta property=\"og:image:width\" content=\"620\" \/>\n\t<meta property=\"og:image:height\" content=\"620\" \/>\n\t<meta property=\"og:image:type\" content=\"image\/jpeg\" \/>\n<meta name=\"twitter:card\" content=\"summary_large_image\" \/>\n<meta name=\"twitter:label1\" content=\"Est. reading time\" \/>\n\t<meta name=\"twitter:data1\" content=\"1 minute\" \/>\n<script type=\"application\/ld+json\" class=\"yoast-schema-graph\">{\"@context\":\"https:\\\/\\\/schema.org\",\"@graph\":[{\"@type\":\"WebPage\",\"@id\":\"https:\\\/\\\/everydaychemshop.com\\\/da\\\/product\\\/amnesi-dis-marihuana\\\/\",\"url\":\"https:\\\/\\\/everydaychemshop.com\\\/da\\\/product\\\/amnesi-dis-marihuana\\\/\",\"name\":\"K\u00f8b Amnesia Haze stamme online- Everyday Chem Shop\",\"isPartOf\":{\"@id\":\"https:\\\/\\\/everydaychemshop.com\\\/da\\\/#website\"},\"primaryImageOfPage\":{\"@id\":\"https:\\\/\\\/everydaychemshop.com\\\/da\\\/product\\\/amnesi-dis-marihuana\\\/#primaryimage\"},\"image\":{\"@id\":\"https:\\\/\\\/everydaychemshop.com\\\/da\\\/product\\\/amnesi-dis-marihuana\\\/#primaryimage\"},\"thumbnailUrl\":\"https:\\\/\\\/everydaychemshop.com\\\/da\\\/wp-content\\\/uploads\\\/sites\\\/2\\\/2022\\\/11\\\/Amnesia-haze.jpg\",\"datePublished\":\"2022-11-20T06:13:42+00:00\",\"dateModified\":\"2023-04-08T05:22:49+00:00\",\"description\":\"K\u00f8b Amnesia Haze stamme online. Vi s\u00e6lger Amnesia Haze-stamme af den bedste kvalitet online. Kontakt os venligst for mere information og priser.\",\"breadcrumb\":{\"@id\":\"https:\\\/\\\/everydaychemshop.com\\\/da\\\/product\\\/amnesi-dis-marihuana\\\/#breadcrumb\"},\"inLanguage\":\"en-US\",\"potentialAction\":[{\"@type\":\"ReadAction\",\"target\":[\"https:\\\/\\\/everydaychemshop.com\\\/da\\\/product\\\/amnesi-dis-marihuana\\\/\"]}]},{\"@type\":\"ImageObject\",\"inLanguage\":\"en-US\",\"@id\":\"https:\\\/\\\/everydaychemshop.com\\\/da\\\/product\\\/amnesi-dis-marihuana\\\/#primaryimage\",\"url\":\"https:\\\/\\\/everydaychemshop.com\\\/da\\\/wp-content\\\/uploads\\\/sites\\\/2\\\/2022\\\/11\\\/Amnesia-haze.jpg\",\"contentUrl\":\"https:\\\/\\\/everydaychemshop.com\\\/da\\\/wp-content\\\/uploads\\\/sites\\\/2\\\/2022\\\/11\\\/Amnesia-haze.jpg\",\"width\":620,\"height\":620,\"caption\":\"K\u00f8b Amnesia Haze stamme online\"},{\"@type\":\"BreadcrumbList\",\"@id\":\"https:\\\/\\\/everydaychemshop.com\\\/da\\\/product\\\/amnesi-dis-marihuana\\\/#breadcrumb\",\"itemListElement\":[{\"@type\":\"ListItem\",\"position\":1,\"name\":\"Home\",\"item\":\"https:\\\/\\\/everydaychemshop.com\\\/da\\\/\"},{\"@type\":\"ListItem\",\"position\":2,\"name\":\"Produkter\",\"item\":\"https:\\\/\\\/everydaychemshop.com\\\/da\\\/produkter\\\/\"},{\"@type\":\"ListItem\",\"position\":3,\"name\":\"Amnesia Haze Marihuana\"}]},{\"@type\":\"WebSite\",\"@id\":\"https:\\\/\\\/everydaychemshop.com\\\/da\\\/#website\",\"url\":\"https:\\\/\\\/everydaychemshop.com\\\/da\\\/\",\"name\":\"Everyday Chem Shop\",\"description\":\"\",\"potentialAction\":[{\"@type\":\"SearchAction\",\"target\":{\"@type\":\"EntryPoint\",\"urlTemplate\":\"https:\\\/\\\/everydaychemshop.com\\\/da\\\/?s={search_term_string}\"},\"query-input\":{\"@type\":\"PropertyValueSpecification\",\"valueRequired\":true,\"valueName\":\"search_term_string\"}}],\"inLanguage\":\"en-US\"}]}<\/script>\n<!-- \/ Yoast SEO Premium plugin. -->","yoast_head_json":{"title":"K\u00f8b Amnesia Haze stamme online- Everyday Chem Shop","description":"K\u00f8b Amnesia Haze stamme online. Vi s\u00e6lger Amnesia Haze-stamme af den bedste kvalitet online. Kontakt os venligst for mere information og priser.","robots":{"index":"index","follow":"follow","max-snippet":"max-snippet:-1","max-image-preview":"max-image-preview:large","max-video-preview":"max-video-preview:-1"},"canonical":"https:\/\/everydaychemshop.com\/da\/product\/amnesi-dis-marihuana\/","og_locale":"en_US","og_type":"article","og_title":"Amnesia Haze Marihuana","og_description":"K\u00f8b Amnesia Haze stamme online. Vi s\u00e6lger Amnesia Haze-stamme af den bedste kvalitet online. Kontakt os venligst for mere information og priser.","og_url":"https:\/\/everydaychemshop.com\/da\/product\/amnesi-dis-marihuana\/","og_site_name":"Everyday Chem Shop","article_modified_time":"2023-04-08T05:22:49+00:00","og_image":[{"width":620,"height":620,"url":"https:\/\/everydaychemshop.com\/da\/wp-content\/uploads\/sites\/2\/2022\/11\/Amnesia-haze.jpg","type":"image\/jpeg"}],"twitter_card":"summary_large_image","twitter_misc":{"Est. reading time":"1 minute"},"schema":{"@context":"https:\/\/schema.org","@graph":[{"@type":"WebPage","@id":"https:\/\/everydaychemshop.com\/da\/product\/amnesi-dis-marihuana\/","url":"https:\/\/everydaychemshop.com\/da\/product\/amnesi-dis-marihuana\/","name":"K\u00f8b Amnesia Haze stamme online- Everyday Chem Shop","isPartOf":{"@id":"https:\/\/everydaychemshop.com\/da\/#website"},"primaryImageOfPage":{"@id":"https:\/\/everydaychemshop.com\/da\/product\/amnesi-dis-marihuana\/#primaryimage"},"image":{"@id":"https:\/\/everydaychemshop.com\/da\/product\/amnesi-dis-marihuana\/#primaryimage"},"thumbnailUrl":"https:\/\/everydaychemshop.com\/da\/wp-content\/uploads\/sites\/2\/2022\/11\/Amnesia-haze.jpg","datePublished":"2022-11-20T06:13:42+00:00","dateModified":"2023-04-08T05:22:49+00:00","description":"K\u00f8b Amnesia Haze stamme online. Vi s\u00e6lger Amnesia Haze-stamme af den bedste kvalitet online. Kontakt os venligst for mere information og priser.","breadcrumb":{"@id":"https:\/\/everydaychemshop.com\/da\/product\/amnesi-dis-marihuana\/#breadcrumb"},"inLanguage":"en-US","potentialAction":[{"@type":"ReadAction","target":["https:\/\/everydaychemshop.com\/da\/product\/amnesi-dis-marihuana\/"]}]},{"@type":"ImageObject","inLanguage":"en-US","@id":"https:\/\/everydaychemshop.com\/da\/product\/amnesi-dis-marihuana\/#primaryimage","url":"https:\/\/everydaychemshop.com\/da\/wp-content\/uploads\/sites\/2\/2022\/11\/Amnesia-haze.jpg","contentUrl":"https:\/\/everydaychemshop.com\/da\/wp-content\/uploads\/sites\/2\/2022\/11\/Amnesia-haze.jpg","width":620,"height":620,"caption":"K\u00f8b Amnesia Haze stamme online"},{"@type":"BreadcrumbList","@id":"https:\/\/everydaychemshop.com\/da\/product\/amnesi-dis-marihuana\/#breadcrumb","itemListElement":[{"@type":"ListItem","position":1,"name":"Home","item":"https:\/\/everydaychemshop.com\/da\/"},{"@type":"ListItem","position":2,"name":"Produkter","item":"https:\/\/everydaychemshop.com\/da\/produkter\/"},{"@type":"ListItem","position":3,"name":"Amnesia Haze Marihuana"}]},{"@type":"WebSite","@id":"https:\/\/everydaychemshop.com\/da\/#website","url":"https:\/\/everydaychemshop.com\/da\/","name":"Everyday Chem Shop","description":"","potentialAction":[{"@type":"SearchAction","target":{"@type":"EntryPoint","urlTemplate":"https:\/\/everydaychemshop.com\/da\/?s={search_term_string}"},"query-input":{"@type":"PropertyValueSpecification","valueRequired":true,"valueName":"search_term_string"}}],"inLanguage":"en-US"}]}},"_links":{"self":[{"href":"https:\/\/everydaychemshop.com\/da\/wp-json\/wp\/v2\/product\/8258","targetHints":{"allow":["GET"]}}],"collection":[{"href":"https:\/\/everydaychemshop.com\/da\/wp-json\/wp\/v2\/product"}],"about":[{"href":"https:\/\/everydaychemshop.com\/da\/wp-json\/wp\/v2\/types\/product"}],"replies":[{"embeddable":true,"href":"https:\/\/everydaychemshop.com\/da\/wp-json\/wp\/v2\/comments?post=8258"}],"wp:featuredmedia":[{"embeddable":true,"href":"https:\/\/everydaychemshop.com\/da\/wp-json\/wp\/v2\/media\/8260"}],"wp:attachment":[{"href":"https:\/\/everydaychemshop.com\/da\/wp-json\/wp\/v2\/media?parent=8258"}],"wp:term":[{"taxonomy":"product_brand","embeddable":true,"href":"https:\/\/everydaychemshop.com\/da\/wp-json\/wp\/v2\/product_brand?post=8258"},{"taxonomy":"product_cat","embeddable":true,"href":"https:\/\/everydaychemshop.com\/da\/wp-json\/wp\/v2\/product_cat?post=8258"},{"taxonomy":"product_tag","embeddable":true,"href":"https:\/\/everydaychemshop.com\/da\/wp-json\/wp\/v2\/product_tag?post=8258"}],"curies":[{"name":"wp","href":"https:\/\/api.w.org\/{rel}","templated":true}]}}