{"id":8268,"date":"2022-11-20T06:26:14","date_gmt":"2022-11-20T06:26:14","guid":{"rendered":"https:\/\/everydaychemshop.com\/da\/?post_type=product&#038;p=8268"},"modified":"2023-04-08T05:21:31","modified_gmt":"2023-04-08T05:21:31","slug":"apollo-11-marihuana","status":"publish","type":"product","link":"https:\/\/everydaychemshop.com\/da\/product\/apollo-11-marihuana\/","title":{"rendered":"Apollo 11 Marihuana"},"content":{"rendered":"<h1 id=\"about\">Bedste karakter Apollo 11 Marihuana online<\/h1>\n<div class=\"Detail Body\">\n<p><a href=\"https:\/\/everydaychemshop.com\/da\/product\/apollo-11-marihuana\/\">Bedste karakter Apollo 11 Marihuana online<\/a>. Apollo 11 er en indica-dominerende hybrid cannabisstamme, der producerer knopper formet som r\u00e6vehaler, som er en salviegr\u00f8n i farve og med tynde klynger af ravst\u00f8vler <a href=\"https:\/\/da.wikipedia.org\/wiki\/Cannabinol\">sammen<\/a> med et sandet lag af trichomer. Dens duft er skarpt citrusagtig, og dens smag er af subtile citroner og tr\u00e6.<\/p>\n<p>THC-niveauer er i gennemsnit mellem 16-20 %. Dens h\u00f8je er kendt for at stimulere cerebral aktivitet, der giver energi til b\u00e5de krop og sind til en tankeforst\u00e6rkende trance. Det kan til tider efterlade forbrugeren med plads, hvilket g\u00f8r det nemt at komme distraktioner. Kroppen vil slappe af i en sofal\u00e5s, efterh\u00e5nden som den h\u00f8je gradvist vokser, hvilket fremkalder mundhyttene \u2013 s\u00e5 hav snacks ved h\u00e5nden. Apollo 11&#8217;s high er ofte blevet beskrevet som ude af denne verden!<\/p>\n<p>Ud over t\u00f8rre \u00f8jne og mund, omfatter negative bivirkninger svimmelhed, hovedpine og paranoia ved indtagelse over toleranceniveauer.<\/p>\n<p>Det tager mellem seks og syv uger for Apollo 11 at blomstre fuldt ud til h\u00f8st, hvilket er den perfekte stamme for den ut\u00e5lmodige kultivator.<\/p>\n<\/div>\n<h2 id=\"labs\">Laboratoriedata<\/h2>\n<p>Cannabinoid Lab Data<\/p>\n<p>CannabinoidM\u00e6ngdeTHC :16-20 %CBD:&lt;1 %<\/p>\n<h2 id=\"history\">Historie<\/h2>\n<div class=\"Detail Body\">\n<p>Apollo 11 er datterstammen til at krydse hybriden Askepot 99 og sativaen Jack Herer. Den blomstrede f\u00f8rst<br \/>\nunder pleje af br\u00f8drene Grimm.<\/p>\n<\/div>\n","protected":false},"excerpt":{"rendered":"<p>Apollo 11 er en indica-dominerende hybrid cannabisstamme, der producerer knopper, der er formet som r\u00e6vehaler, er en salviegr\u00f8n farve og har tynde klynger af ravst\u00f8vler sammen med et sandet lag af trichomer. Dens\u00a0duft er skarpt citrusagtig, og dens smag er af subtile citroner og tr\u00e6.<\/p>\n","protected":false},"featured_media":8270,"comment_status":"open","ping_status":"closed","template":"","meta":{"inline_featured_image":false},"product_brand":[],"product_cat":[60],"product_tag":[],"class_list":{"0":"post-8268","1":"product","2":"type-product","3":"status-publish","4":"has-post-thumbnail","6":"product_cat-cbd-hamp-blomst","8":"first","9":"instock","10":"shipping-taxable","11":"purchasable","12":"product-type-simple"},"yoast_head":"<!-- This site is optimized with the Yoast SEO Premium plugin v19.2 (Yoast SEO v27.3) - https:\/\/yoast.com\/product\/yoast-seo-premium-wordpress\/ -->\n<title>Bedste karakter Apollo 11 Marihuana online - Everyday Chem Shop<\/title>\n<meta name=\"description\" content=\"Bedste karakter Apollo 11 Marihuana online. Vi s\u00e6lger bedste kvalitet Apollo 11 Marihuana, kontakt venligst for mere information og priser.\" \/>\n<meta name=\"robots\" content=\"index, follow, max-snippet:-1, max-image-preview:large, max-video-preview:-1\" \/>\n<link rel=\"canonical\" href=\"https:\/\/everydaychemshop.com\/da\/product\/apollo-11-marihuana\/\" \/>\n<meta property=\"og:locale\" content=\"en_US\" \/>\n<meta property=\"og:type\" content=\"article\" \/>\n<meta property=\"og:title\" content=\"Apollo 11 Marihuana\" \/>\n<meta property=\"og:description\" content=\"Bedste karakter Apollo 11 Marihuana online. Vi s\u00e6lger bedste kvalitet Apollo 11 Marihuana, kontakt venligst for mere information og priser.\" \/>\n<meta property=\"og:url\" content=\"https:\/\/everydaychemshop.com\/da\/product\/apollo-11-marihuana\/\" \/>\n<meta property=\"og:site_name\" content=\"Everyday Chem Shop\" \/>\n<meta property=\"article:modified_time\" content=\"2023-04-08T05:21:31+00:00\" \/>\n<meta property=\"og:image\" content=\"https:\/\/everydaychemshop.com\/da\/wp-content\/uploads\/sites\/2\/2022\/11\/Apollo-11.webp\" \/>\n\t<meta property=\"og:image:width\" content=\"800\" \/>\n\t<meta property=\"og:image:height\" content=\"1200\" \/>\n\t<meta property=\"og:image:type\" content=\"image\/webp\" \/>\n<meta name=\"twitter:card\" content=\"summary_large_image\" \/>\n<meta name=\"twitter:label1\" content=\"Est. reading time\" \/>\n\t<meta name=\"twitter:data1\" content=\"1 minute\" \/>\n<script type=\"application\/ld+json\" class=\"yoast-schema-graph\">{\"@context\":\"https:\\\/\\\/schema.org\",\"@graph\":[{\"@type\":\"WebPage\",\"@id\":\"https:\\\/\\\/everydaychemshop.com\\\/da\\\/product\\\/apollo-11-marihuana\\\/\",\"url\":\"https:\\\/\\\/everydaychemshop.com\\\/da\\\/product\\\/apollo-11-marihuana\\\/\",\"name\":\"Bedste karakter Apollo 11 Marihuana online - Everyday Chem Shop\",\"isPartOf\":{\"@id\":\"https:\\\/\\\/everydaychemshop.com\\\/da\\\/#website\"},\"primaryImageOfPage\":{\"@id\":\"https:\\\/\\\/everydaychemshop.com\\\/da\\\/product\\\/apollo-11-marihuana\\\/#primaryimage\"},\"image\":{\"@id\":\"https:\\\/\\\/everydaychemshop.com\\\/da\\\/product\\\/apollo-11-marihuana\\\/#primaryimage\"},\"thumbnailUrl\":\"https:\\\/\\\/everydaychemshop.com\\\/da\\\/wp-content\\\/uploads\\\/sites\\\/2\\\/2022\\\/11\\\/Apollo-11.webp\",\"datePublished\":\"2022-11-20T06:26:14+00:00\",\"dateModified\":\"2023-04-08T05:21:31+00:00\",\"description\":\"Bedste karakter Apollo 11 Marihuana online. Vi s\u00e6lger bedste kvalitet Apollo 11 Marihuana, kontakt venligst for mere information og priser.\",\"breadcrumb\":{\"@id\":\"https:\\\/\\\/everydaychemshop.com\\\/da\\\/product\\\/apollo-11-marihuana\\\/#breadcrumb\"},\"inLanguage\":\"en-US\",\"potentialAction\":[{\"@type\":\"ReadAction\",\"target\":[\"https:\\\/\\\/everydaychemshop.com\\\/da\\\/product\\\/apollo-11-marihuana\\\/\"]}]},{\"@type\":\"ImageObject\",\"inLanguage\":\"en-US\",\"@id\":\"https:\\\/\\\/everydaychemshop.com\\\/da\\\/product\\\/apollo-11-marihuana\\\/#primaryimage\",\"url\":\"https:\\\/\\\/everydaychemshop.com\\\/da\\\/wp-content\\\/uploads\\\/sites\\\/2\\\/2022\\\/11\\\/Apollo-11.webp\",\"contentUrl\":\"https:\\\/\\\/everydaychemshop.com\\\/da\\\/wp-content\\\/uploads\\\/sites\\\/2\\\/2022\\\/11\\\/Apollo-11.webp\",\"width\":800,\"height\":1200,\"caption\":\"Bedste karakter Apollo 11 Marihuana online\"},{\"@type\":\"BreadcrumbList\",\"@id\":\"https:\\\/\\\/everydaychemshop.com\\\/da\\\/product\\\/apollo-11-marihuana\\\/#breadcrumb\",\"itemListElement\":[{\"@type\":\"ListItem\",\"position\":1,\"name\":\"Home\",\"item\":\"https:\\\/\\\/everydaychemshop.com\\\/da\\\/\"},{\"@type\":\"ListItem\",\"position\":2,\"name\":\"Produkter\",\"item\":\"https:\\\/\\\/everydaychemshop.com\\\/da\\\/produkter\\\/\"},{\"@type\":\"ListItem\",\"position\":3,\"name\":\"Apollo 11 Marihuana\"}]},{\"@type\":\"WebSite\",\"@id\":\"https:\\\/\\\/everydaychemshop.com\\\/da\\\/#website\",\"url\":\"https:\\\/\\\/everydaychemshop.com\\\/da\\\/\",\"name\":\"Everyday Chem Shop\",\"description\":\"\",\"potentialAction\":[{\"@type\":\"SearchAction\",\"target\":{\"@type\":\"EntryPoint\",\"urlTemplate\":\"https:\\\/\\\/everydaychemshop.com\\\/da\\\/?s={search_term_string}\"},\"query-input\":{\"@type\":\"PropertyValueSpecification\",\"valueRequired\":true,\"valueName\":\"search_term_string\"}}],\"inLanguage\":\"en-US\"}]}<\/script>\n<!-- \/ Yoast SEO Premium plugin. -->","yoast_head_json":{"title":"Bedste karakter Apollo 11 Marihuana online - Everyday Chem Shop","description":"Bedste karakter Apollo 11 Marihuana online. Vi s\u00e6lger bedste kvalitet Apollo 11 Marihuana, kontakt venligst for mere information og priser.","robots":{"index":"index","follow":"follow","max-snippet":"max-snippet:-1","max-image-preview":"max-image-preview:large","max-video-preview":"max-video-preview:-1"},"canonical":"https:\/\/everydaychemshop.com\/da\/product\/apollo-11-marihuana\/","og_locale":"en_US","og_type":"article","og_title":"Apollo 11 Marihuana","og_description":"Bedste karakter Apollo 11 Marihuana online. Vi s\u00e6lger bedste kvalitet Apollo 11 Marihuana, kontakt venligst for mere information og priser.","og_url":"https:\/\/everydaychemshop.com\/da\/product\/apollo-11-marihuana\/","og_site_name":"Everyday Chem Shop","article_modified_time":"2023-04-08T05:21:31+00:00","og_image":[{"width":800,"height":1200,"url":"https:\/\/everydaychemshop.com\/da\/wp-content\/uploads\/sites\/2\/2022\/11\/Apollo-11.webp","type":"image\/webp"}],"twitter_card":"summary_large_image","twitter_misc":{"Est. reading time":"1 minute"},"schema":{"@context":"https:\/\/schema.org","@graph":[{"@type":"WebPage","@id":"https:\/\/everydaychemshop.com\/da\/product\/apollo-11-marihuana\/","url":"https:\/\/everydaychemshop.com\/da\/product\/apollo-11-marihuana\/","name":"Bedste karakter Apollo 11 Marihuana online - Everyday Chem Shop","isPartOf":{"@id":"https:\/\/everydaychemshop.com\/da\/#website"},"primaryImageOfPage":{"@id":"https:\/\/everydaychemshop.com\/da\/product\/apollo-11-marihuana\/#primaryimage"},"image":{"@id":"https:\/\/everydaychemshop.com\/da\/product\/apollo-11-marihuana\/#primaryimage"},"thumbnailUrl":"https:\/\/everydaychemshop.com\/da\/wp-content\/uploads\/sites\/2\/2022\/11\/Apollo-11.webp","datePublished":"2022-11-20T06:26:14+00:00","dateModified":"2023-04-08T05:21:31+00:00","description":"Bedste karakter Apollo 11 Marihuana online. Vi s\u00e6lger bedste kvalitet Apollo 11 Marihuana, kontakt venligst for mere information og priser.","breadcrumb":{"@id":"https:\/\/everydaychemshop.com\/da\/product\/apollo-11-marihuana\/#breadcrumb"},"inLanguage":"en-US","potentialAction":[{"@type":"ReadAction","target":["https:\/\/everydaychemshop.com\/da\/product\/apollo-11-marihuana\/"]}]},{"@type":"ImageObject","inLanguage":"en-US","@id":"https:\/\/everydaychemshop.com\/da\/product\/apollo-11-marihuana\/#primaryimage","url":"https:\/\/everydaychemshop.com\/da\/wp-content\/uploads\/sites\/2\/2022\/11\/Apollo-11.webp","contentUrl":"https:\/\/everydaychemshop.com\/da\/wp-content\/uploads\/sites\/2\/2022\/11\/Apollo-11.webp","width":800,"height":1200,"caption":"Bedste karakter Apollo 11 Marihuana online"},{"@type":"BreadcrumbList","@id":"https:\/\/everydaychemshop.com\/da\/product\/apollo-11-marihuana\/#breadcrumb","itemListElement":[{"@type":"ListItem","position":1,"name":"Home","item":"https:\/\/everydaychemshop.com\/da\/"},{"@type":"ListItem","position":2,"name":"Produkter","item":"https:\/\/everydaychemshop.com\/da\/produkter\/"},{"@type":"ListItem","position":3,"name":"Apollo 11 Marihuana"}]},{"@type":"WebSite","@id":"https:\/\/everydaychemshop.com\/da\/#website","url":"https:\/\/everydaychemshop.com\/da\/","name":"Everyday Chem Shop","description":"","potentialAction":[{"@type":"SearchAction","target":{"@type":"EntryPoint","urlTemplate":"https:\/\/everydaychemshop.com\/da\/?s={search_term_string}"},"query-input":{"@type":"PropertyValueSpecification","valueRequired":true,"valueName":"search_term_string"}}],"inLanguage":"en-US"}]}},"_links":{"self":[{"href":"https:\/\/everydaychemshop.com\/da\/wp-json\/wp\/v2\/product\/8268","targetHints":{"allow":["GET"]}}],"collection":[{"href":"https:\/\/everydaychemshop.com\/da\/wp-json\/wp\/v2\/product"}],"about":[{"href":"https:\/\/everydaychemshop.com\/da\/wp-json\/wp\/v2\/types\/product"}],"replies":[{"embeddable":true,"href":"https:\/\/everydaychemshop.com\/da\/wp-json\/wp\/v2\/comments?post=8268"}],"wp:featuredmedia":[{"embeddable":true,"href":"https:\/\/everydaychemshop.com\/da\/wp-json\/wp\/v2\/media\/8270"}],"wp:attachment":[{"href":"https:\/\/everydaychemshop.com\/da\/wp-json\/wp\/v2\/media?parent=8268"}],"wp:term":[{"taxonomy":"product_brand","embeddable":true,"href":"https:\/\/everydaychemshop.com\/da\/wp-json\/wp\/v2\/product_brand?post=8268"},{"taxonomy":"product_cat","embeddable":true,"href":"https:\/\/everydaychemshop.com\/da\/wp-json\/wp\/v2\/product_cat?post=8268"},{"taxonomy":"product_tag","embeddable":true,"href":"https:\/\/everydaychemshop.com\/da\/wp-json\/wp\/v2\/product_tag?post=8268"}],"curies":[{"name":"wp","href":"https:\/\/api.w.org\/{rel}","templated":true}]}}