{"id":8271,"date":"2022-11-20T06:36:40","date_gmt":"2022-11-20T06:36:40","guid":{"rendered":"https:\/\/everydaychemshop.com\/da\/?post_type=product&#038;p=8271"},"modified":"2023-04-08T05:20:27","modified_gmt":"2023-04-08T05:20:27","slug":"brombaer-kush","status":"publish","type":"product","link":"https:\/\/everydaychemshop.com\/da\/product\/brombaer-kush\/","title":{"rendered":"Blackberry Kush"},"content":{"rendered":"<h1 class=\"fusion-woocommerce-tab-title fusion-responsive-typography-calculated\" data-fontsize=\"29\" data-lineheight=\"33.06px\">K\u00f8b Premium kvalitet Blackberry Kush online<\/h1>\n<p><a href=\"https:\/\/everydaychemshop.com\/da\/product\/brombaer-kush\/\">K\u00f8b Premium kvalitet Blackberry Kush online<\/a>. Best kendte Blackberry Kush marihuana er p\u00e5 grund af sin karakteristiske, skunkede, men frugtagtige aroma en af \u200b\u200bde for det meste indica-stammer, der er kraftfuldt beroligende og fremragende til at h\u00e5ndtere kroniske smerter.<\/p>\n<p>Med mellem 16 % og 20 % THC, Blackberry Kush marihuana er p\u00e5 den potente side, men denne heavy-hitter er fremragende til at vende en sur stemning og levere en dosis s\u00f8d afslapning, der fjerner stress og angst. Sammen med sin tiltalende profil er Blackberry Kush blevet popul\u00e6r i det medicinske samfund p\u00e5 grund af sin evne til beh\u00e6ndigt at vende mentale lidelser, s\u00f8vnl\u00f8shed og bivirkninger relateret til kr\u00e6ft.<\/p>\n<p>Blackberry Kush marihuanafr\u00f8 anses for at v\u00e6re nemme at dyrke og producere planter, <a href=\"https:\/\/da.wikipedia.org\/wiki\/Cannabinol\">der<\/a> er modstandsdygtige over for skimmelsvamp og andre almindelige skadedyr, men det er bedst at dyrke indend\u00f8rs, hvor man kan s\u00f8rge for at bevare dens h\u00f8jde og form. Blackberry Kush vil bruge alt fra 7 til 9 uger i blomstring og vil v\u00e6re klar med et imponerende udbytte \u2013 mellem 14 og 42 ounce, afh\u00e6ngigt af dit valgte milj\u00f8.<\/p>\n","protected":false},"excerpt":{"rendered":"<p>Blackberry Kush marihuana er kendt for sin s\u00f8de duft og alsidige profil. Let for begyndere, den blomstrer hurtigt og giver et imponerende udbytte.<\/p>\n","protected":false},"featured_media":8273,"comment_status":"open","ping_status":"closed","template":"","meta":{"inline_featured_image":false},"product_brand":[],"product_cat":[60],"product_tag":[],"class_list":{"0":"post-8271","1":"product","2":"type-product","3":"status-publish","4":"has-post-thumbnail","6":"product_cat-cbd-hamp-blomst","8":"first","9":"instock","10":"shipping-taxable","11":"purchasable","12":"product-type-variable","13":"has-default-attributes"},"yoast_head":"<!-- This site is optimized with the Yoast SEO Premium plugin v19.2 (Yoast SEO v27.3) - https:\/\/yoast.com\/product\/yoast-seo-premium-wordpress\/ -->\n<title>K\u00f8b Premium kvalitet Blackberry Kush - Everyday Chem Shop<\/title>\n<meta name=\"description\" content=\"K\u00f8b Premium kvalitet Blackberry Kush online. Vi s\u00e6lger den bedste kvalitet Blackberry Kush online. Kontakt venligst for mere information og priser.\" \/>\n<meta name=\"robots\" content=\"index, follow, max-snippet:-1, max-image-preview:large, max-video-preview:-1\" \/>\n<link rel=\"canonical\" href=\"https:\/\/everydaychemshop.com\/da\/product\/brombaer-kush\/\" \/>\n<meta property=\"og:locale\" content=\"en_US\" \/>\n<meta property=\"og:type\" content=\"article\" \/>\n<meta property=\"og:title\" content=\"Blackberry Kush\" \/>\n<meta property=\"og:description\" content=\"K\u00f8b Premium kvalitet Blackberry Kush online. Vi s\u00e6lger den bedste kvalitet Blackberry Kush online. Kontakt venligst for mere information og priser.\" \/>\n<meta property=\"og:url\" content=\"https:\/\/everydaychemshop.com\/da\/product\/brombaer-kush\/\" \/>\n<meta property=\"og:site_name\" content=\"Everyday Chem Shop\" \/>\n<meta property=\"article:modified_time\" content=\"2023-04-08T05:20:27+00:00\" \/>\n<meta property=\"og:image\" content=\"https:\/\/everydaychemshop.com\/da\/wp-content\/uploads\/sites\/2\/2022\/11\/buy-best-marijuana-seeds-backberry-kush.jpg\" \/>\n\t<meta property=\"og:image:width\" content=\"360\" \/>\n\t<meta property=\"og:image:height\" content=\"450\" \/>\n\t<meta property=\"og:image:type\" content=\"image\/jpeg\" \/>\n<meta name=\"twitter:card\" content=\"summary_large_image\" \/>\n<meta name=\"twitter:label1\" content=\"Est. reading time\" \/>\n\t<meta name=\"twitter:data1\" content=\"1 minute\" \/>\n<script type=\"application\/ld+json\" class=\"yoast-schema-graph\">{\"@context\":\"https:\\\/\\\/schema.org\",\"@graph\":[{\"@type\":\"WebPage\",\"@id\":\"https:\\\/\\\/everydaychemshop.com\\\/da\\\/product\\\/brombaer-kush\\\/\",\"url\":\"https:\\\/\\\/everydaychemshop.com\\\/da\\\/product\\\/brombaer-kush\\\/\",\"name\":\"K\u00f8b Premium kvalitet Blackberry Kush - Everyday Chem Shop\",\"isPartOf\":{\"@id\":\"https:\\\/\\\/everydaychemshop.com\\\/da\\\/#website\"},\"primaryImageOfPage\":{\"@id\":\"https:\\\/\\\/everydaychemshop.com\\\/da\\\/product\\\/brombaer-kush\\\/#primaryimage\"},\"image\":{\"@id\":\"https:\\\/\\\/everydaychemshop.com\\\/da\\\/product\\\/brombaer-kush\\\/#primaryimage\"},\"thumbnailUrl\":\"https:\\\/\\\/everydaychemshop.com\\\/da\\\/wp-content\\\/uploads\\\/sites\\\/2\\\/2022\\\/11\\\/buy-best-marijuana-seeds-backberry-kush.jpg\",\"datePublished\":\"2022-11-20T06:36:40+00:00\",\"dateModified\":\"2023-04-08T05:20:27+00:00\",\"description\":\"K\u00f8b Premium kvalitet Blackberry Kush online. Vi s\u00e6lger den bedste kvalitet Blackberry Kush online. Kontakt venligst for mere information og priser.\",\"breadcrumb\":{\"@id\":\"https:\\\/\\\/everydaychemshop.com\\\/da\\\/product\\\/brombaer-kush\\\/#breadcrumb\"},\"inLanguage\":\"en-US\",\"potentialAction\":[{\"@type\":\"ReadAction\",\"target\":[\"https:\\\/\\\/everydaychemshop.com\\\/da\\\/product\\\/brombaer-kush\\\/\"]}]},{\"@type\":\"ImageObject\",\"inLanguage\":\"en-US\",\"@id\":\"https:\\\/\\\/everydaychemshop.com\\\/da\\\/product\\\/brombaer-kush\\\/#primaryimage\",\"url\":\"https:\\\/\\\/everydaychemshop.com\\\/da\\\/wp-content\\\/uploads\\\/sites\\\/2\\\/2022\\\/11\\\/buy-best-marijuana-seeds-backberry-kush.jpg\",\"contentUrl\":\"https:\\\/\\\/everydaychemshop.com\\\/da\\\/wp-content\\\/uploads\\\/sites\\\/2\\\/2022\\\/11\\\/buy-best-marijuana-seeds-backberry-kush.jpg\",\"width\":360,\"height\":450,\"caption\":\"K\u00f8b Premium kvalitet Blackberry Kush online\"},{\"@type\":\"BreadcrumbList\",\"@id\":\"https:\\\/\\\/everydaychemshop.com\\\/da\\\/product\\\/brombaer-kush\\\/#breadcrumb\",\"itemListElement\":[{\"@type\":\"ListItem\",\"position\":1,\"name\":\"Home\",\"item\":\"https:\\\/\\\/everydaychemshop.com\\\/da\\\/\"},{\"@type\":\"ListItem\",\"position\":2,\"name\":\"Produkter\",\"item\":\"https:\\\/\\\/everydaychemshop.com\\\/da\\\/produkter\\\/\"},{\"@type\":\"ListItem\",\"position\":3,\"name\":\"Blackberry Kush\"}]},{\"@type\":\"WebSite\",\"@id\":\"https:\\\/\\\/everydaychemshop.com\\\/da\\\/#website\",\"url\":\"https:\\\/\\\/everydaychemshop.com\\\/da\\\/\",\"name\":\"Everyday Chem Shop\",\"description\":\"\",\"potentialAction\":[{\"@type\":\"SearchAction\",\"target\":{\"@type\":\"EntryPoint\",\"urlTemplate\":\"https:\\\/\\\/everydaychemshop.com\\\/da\\\/?s={search_term_string}\"},\"query-input\":{\"@type\":\"PropertyValueSpecification\",\"valueRequired\":true,\"valueName\":\"search_term_string\"}}],\"inLanguage\":\"en-US\"}]}<\/script>\n<!-- \/ Yoast SEO Premium plugin. -->","yoast_head_json":{"title":"K\u00f8b Premium kvalitet Blackberry Kush - Everyday Chem Shop","description":"K\u00f8b Premium kvalitet Blackberry Kush online. Vi s\u00e6lger den bedste kvalitet Blackberry Kush online. Kontakt venligst for mere information og priser.","robots":{"index":"index","follow":"follow","max-snippet":"max-snippet:-1","max-image-preview":"max-image-preview:large","max-video-preview":"max-video-preview:-1"},"canonical":"https:\/\/everydaychemshop.com\/da\/product\/brombaer-kush\/","og_locale":"en_US","og_type":"article","og_title":"Blackberry Kush","og_description":"K\u00f8b Premium kvalitet Blackberry Kush online. Vi s\u00e6lger den bedste kvalitet Blackberry Kush online. Kontakt venligst for mere information og priser.","og_url":"https:\/\/everydaychemshop.com\/da\/product\/brombaer-kush\/","og_site_name":"Everyday Chem Shop","article_modified_time":"2023-04-08T05:20:27+00:00","og_image":[{"width":360,"height":450,"url":"https:\/\/everydaychemshop.com\/da\/wp-content\/uploads\/sites\/2\/2022\/11\/buy-best-marijuana-seeds-backberry-kush.jpg","type":"image\/jpeg"}],"twitter_card":"summary_large_image","twitter_misc":{"Est. reading time":"1 minute"},"schema":{"@context":"https:\/\/schema.org","@graph":[{"@type":"WebPage","@id":"https:\/\/everydaychemshop.com\/da\/product\/brombaer-kush\/","url":"https:\/\/everydaychemshop.com\/da\/product\/brombaer-kush\/","name":"K\u00f8b Premium kvalitet Blackberry Kush - Everyday Chem Shop","isPartOf":{"@id":"https:\/\/everydaychemshop.com\/da\/#website"},"primaryImageOfPage":{"@id":"https:\/\/everydaychemshop.com\/da\/product\/brombaer-kush\/#primaryimage"},"image":{"@id":"https:\/\/everydaychemshop.com\/da\/product\/brombaer-kush\/#primaryimage"},"thumbnailUrl":"https:\/\/everydaychemshop.com\/da\/wp-content\/uploads\/sites\/2\/2022\/11\/buy-best-marijuana-seeds-backberry-kush.jpg","datePublished":"2022-11-20T06:36:40+00:00","dateModified":"2023-04-08T05:20:27+00:00","description":"K\u00f8b Premium kvalitet Blackberry Kush online. Vi s\u00e6lger den bedste kvalitet Blackberry Kush online. Kontakt venligst for mere information og priser.","breadcrumb":{"@id":"https:\/\/everydaychemshop.com\/da\/product\/brombaer-kush\/#breadcrumb"},"inLanguage":"en-US","potentialAction":[{"@type":"ReadAction","target":["https:\/\/everydaychemshop.com\/da\/product\/brombaer-kush\/"]}]},{"@type":"ImageObject","inLanguage":"en-US","@id":"https:\/\/everydaychemshop.com\/da\/product\/brombaer-kush\/#primaryimage","url":"https:\/\/everydaychemshop.com\/da\/wp-content\/uploads\/sites\/2\/2022\/11\/buy-best-marijuana-seeds-backberry-kush.jpg","contentUrl":"https:\/\/everydaychemshop.com\/da\/wp-content\/uploads\/sites\/2\/2022\/11\/buy-best-marijuana-seeds-backberry-kush.jpg","width":360,"height":450,"caption":"K\u00f8b Premium kvalitet Blackberry Kush online"},{"@type":"BreadcrumbList","@id":"https:\/\/everydaychemshop.com\/da\/product\/brombaer-kush\/#breadcrumb","itemListElement":[{"@type":"ListItem","position":1,"name":"Home","item":"https:\/\/everydaychemshop.com\/da\/"},{"@type":"ListItem","position":2,"name":"Produkter","item":"https:\/\/everydaychemshop.com\/da\/produkter\/"},{"@type":"ListItem","position":3,"name":"Blackberry Kush"}]},{"@type":"WebSite","@id":"https:\/\/everydaychemshop.com\/da\/#website","url":"https:\/\/everydaychemshop.com\/da\/","name":"Everyday Chem Shop","description":"","potentialAction":[{"@type":"SearchAction","target":{"@type":"EntryPoint","urlTemplate":"https:\/\/everydaychemshop.com\/da\/?s={search_term_string}"},"query-input":{"@type":"PropertyValueSpecification","valueRequired":true,"valueName":"search_term_string"}}],"inLanguage":"en-US"}]}},"_links":{"self":[{"href":"https:\/\/everydaychemshop.com\/da\/wp-json\/wp\/v2\/product\/8271","targetHints":{"allow":["GET"]}}],"collection":[{"href":"https:\/\/everydaychemshop.com\/da\/wp-json\/wp\/v2\/product"}],"about":[{"href":"https:\/\/everydaychemshop.com\/da\/wp-json\/wp\/v2\/types\/product"}],"replies":[{"embeddable":true,"href":"https:\/\/everydaychemshop.com\/da\/wp-json\/wp\/v2\/comments?post=8271"}],"wp:featuredmedia":[{"embeddable":true,"href":"https:\/\/everydaychemshop.com\/da\/wp-json\/wp\/v2\/media\/8273"}],"wp:attachment":[{"href":"https:\/\/everydaychemshop.com\/da\/wp-json\/wp\/v2\/media?parent=8271"}],"wp:term":[{"taxonomy":"product_brand","embeddable":true,"href":"https:\/\/everydaychemshop.com\/da\/wp-json\/wp\/v2\/product_brand?post=8271"},{"taxonomy":"product_cat","embeddable":true,"href":"https:\/\/everydaychemshop.com\/da\/wp-json\/wp\/v2\/product_cat?post=8271"},{"taxonomy":"product_tag","embeddable":true,"href":"https:\/\/everydaychemshop.com\/da\/wp-json\/wp\/v2\/product_tag?post=8271"}],"curies":[{"name":"wp","href":"https:\/\/api.w.org\/{rel}","templated":true}]}}