{"id":8278,"date":"2022-11-20T06:44:49","date_gmt":"2022-11-20T06:44:49","guid":{"rendered":"https:\/\/everydaychemshop.com\/da\/?post_type=product&#038;p=8278"},"modified":"2023-04-08T05:19:18","modified_gmt":"2023-04-08T05:19:18","slug":"bla-dromme-stamme","status":"publish","type":"product","link":"https:\/\/everydaychemshop.com\/da\/product\/bla-dromme-stamme\/","title":{"rendered":"Blue Dream Strain"},"content":{"rendered":"<h1>Blue Dream feminiserede fr\u00f8<\/h1>\n<p><a href=\"https:\/\/everydaychemshop.com\/da\/product\/bla-dromme-stamme\/\">Blue Dream feminiserede fr\u00f8<\/a>, Uden tvivl er Blue Dream-fr\u00f8 en af \u200b\u200bde mest popul\u00e6re marihuana-stammer i USA. Blue Dream giver den &#8216;Cool West Coast Vibe&#8217; h\u00f8j sativa-dominante\u00a0hybrider er kendt for. Det er din ideelle start p\u00e5 en afslappende og forfriskende dag, der senere bringer dig ind i en let eufori. Hvis du leder efter en fantastisk dagtid, <a href=\"https:\/\/da.wikipedia.org\/wiki\/Cannabinol\">skal<\/a> du ikke lede l\u00e6ngere.<\/p>\n<p>Blue Dream har en\u00a0h\u00f8jt THC-niveau\u00a0p\u00e5 21 %, den s\u00f8de duft af b\u00e6r, n\u00e5r de tokes, og en beroligende effekt, der medf\u00f8rer lindring af forskellige symptomer. Hvis du leder efter hj\u00e6lp til kvalme, depression eller smerte, vil du elske den h\u00f8je THC-oplevelse, Blue Dream bringer!<\/p>\n<p>td&gt;<\/p>\n<table>\n<tbody>\n<tr>\n<td>Plantetype<\/td>\n<td>20 %\u00a0indica\u00a080 %\u00a0sativa<\/td>\n<\/tr>\n<tr>\n<td>THC<\/td>\n<td>Op til 21 %<\/td>\n<\/tr>\n<tr>\n<td>CBD<\/td>\n<td>Op til 2 %<\/td>\n<\/tr>\n<tr>\n<td>Sv\u00e6rhedsgrad<\/td>\n<td>Moderat<\/td>\n<\/tr>\n<tr>\n<td>Klima<\/td>\n<td>Indend\u00f8rs\u00a0| Tempereret\u00a0| Middelhavet<\/td>\n<\/tr>\n<tr>\n<td>Plantest\u00f8rrelse<\/td>\n<td>H\u00f8j<\/td>\n<\/tr>\n<tr>\n<td>Vegetativt stadium<\/td>\n<td>4 til 8 uger<\/td>\n<\/tr>\n<tr>\n<td>Blomstringstid<\/td>\n<td>9 til 12 uger<\/td>\n<\/tr>\n<tr>\n<td>Udbytte<\/td>\n<td>21 oz pr. plante<\/td>\n<\/tr>\n<tr>\n<td>Smag og lugt<\/td>\n<td>B\u00e6r | Jordisk | Urte | S\u00f8d | Vanilla<\/td>\n<\/tr>\n<\/tbody>\n<\/table>\n<h3>Blue Dream Strain Origin<\/h3>\n<p>Denne stamme stammer fra den californiske medicinske marihuana-scene. Det blev kendt for at levere den californiske stemning, der er synonymt med fantastiske h\u00f8jdepunkter i dagtimerne. Stammen er en af \u200b\u200bde mest efterspurgte p\u00e5 markedet p\u00e5 grund af dens fantastiske blanding mellem\u00a0Blueberry indica\u00a0og\u00a0Super Silver Haze.<\/p>\n<p>Blue Dream er Cannabis fra \u00f8verste hylde. Den har et fantastisk ry for at v\u00e6re afslappet hele dagen, hvilket g\u00f8r den til det foretrukne valg for dagrygere. Hvis du vil have en god high, der kan b\u00e6re dig gennem dagen uden at gipse dig p\u00e5 sofaen &#8211; dette er for dig.<\/p>\n<p>For\u00e6ldre til Blue Dream<\/p>\n<ul>\n<li>Blueberry indicali&gt;<\/li>\n<li>Haze sativa<\/li>\n<\/ul>\n","protected":false},"excerpt":{"rendered":"<p>20 % indica 80 % sativa hybrid<br \/>\nfluebenH\u00f8je THC-niveauer op til 21 %<br \/>\nfluebenKonsekvent store udbytter<br \/>\nflueben Nemt at g\u00e5 h\u00f8jt til hverdagsbrug<br \/>\nfluebenFeminiserede fr\u00f8 for garanteret knop<\/p>\n","protected":false},"featured_media":8280,"comment_status":"open","ping_status":"closed","template":"","meta":{"inline_featured_image":false},"product_brand":[],"product_cat":[60],"product_tag":[],"class_list":{"0":"post-8278","1":"product","2":"type-product","3":"status-publish","4":"has-post-thumbnail","6":"product_cat-cbd-hamp-blomst","8":"first","9":"instock","10":"shipping-taxable","11":"purchasable","12":"product-type-variable","13":"has-default-attributes"},"yoast_head":"<!-- This site is optimized with the Yoast SEO Premium plugin v19.2 (Yoast SEO v27.3) - https:\/\/yoast.com\/product\/yoast-seo-premium-wordpress\/ -->\n<title>Blue Dream feminiserede fr\u00f8 - Everyday Chem Shop<\/title>\n<meta name=\"description\" content=\"Blue Dream feminiserede fr\u00f8. Uden tvivl er Blue Dream fr\u00f8 en af de mest popul\u00e6re marihuana-stammer i USA.\" \/>\n<meta name=\"robots\" content=\"index, follow, max-snippet:-1, max-image-preview:large, max-video-preview:-1\" \/>\n<link rel=\"canonical\" href=\"https:\/\/everydaychemshop.com\/da\/product\/bla-dromme-stamme\/\" \/>\n<meta property=\"og:locale\" content=\"en_US\" \/>\n<meta property=\"og:type\" content=\"article\" \/>\n<meta property=\"og:title\" content=\"Blue Dream Strain\" \/>\n<meta property=\"og:description\" content=\"Blue Dream feminiserede fr\u00f8. Uden tvivl er Blue Dream fr\u00f8 en af de mest popul\u00e6re marihuana-stammer i USA.\" \/>\n<meta property=\"og:url\" content=\"https:\/\/everydaychemshop.com\/da\/product\/bla-dromme-stamme\/\" \/>\n<meta property=\"og:site_name\" content=\"Everyday Chem Shop\" \/>\n<meta property=\"article:modified_time\" content=\"2023-04-08T05:19:18+00:00\" \/>\n<meta property=\"og:image\" content=\"https:\/\/everydaychemshop.com\/da\/wp-content\/uploads\/sites\/2\/2022\/11\/blue-dream-marijuana-seeds_feminized.jpg\" \/>\n\t<meta property=\"og:image:width\" content=\"480\" \/>\n\t<meta property=\"og:image:height\" content=\"480\" \/>\n\t<meta property=\"og:image:type\" content=\"image\/jpeg\" \/>\n<meta name=\"twitter:card\" content=\"summary_large_image\" \/>\n<meta name=\"twitter:label1\" content=\"Est. reading time\" \/>\n\t<meta name=\"twitter:data1\" content=\"2 minutes\" \/>\n<script type=\"application\/ld+json\" class=\"yoast-schema-graph\">{\"@context\":\"https:\\\/\\\/schema.org\",\"@graph\":[{\"@type\":\"WebPage\",\"@id\":\"https:\\\/\\\/everydaychemshop.com\\\/da\\\/product\\\/bla-dromme-stamme\\\/\",\"url\":\"https:\\\/\\\/everydaychemshop.com\\\/da\\\/product\\\/bla-dromme-stamme\\\/\",\"name\":\"Blue Dream feminiserede fr\u00f8 - Everyday Chem Shop\",\"isPartOf\":{\"@id\":\"https:\\\/\\\/everydaychemshop.com\\\/da\\\/#website\"},\"primaryImageOfPage\":{\"@id\":\"https:\\\/\\\/everydaychemshop.com\\\/da\\\/product\\\/bla-dromme-stamme\\\/#primaryimage\"},\"image\":{\"@id\":\"https:\\\/\\\/everydaychemshop.com\\\/da\\\/product\\\/bla-dromme-stamme\\\/#primaryimage\"},\"thumbnailUrl\":\"https:\\\/\\\/everydaychemshop.com\\\/da\\\/wp-content\\\/uploads\\\/sites\\\/2\\\/2022\\\/11\\\/blue-dream-marijuana-seeds_feminized.jpg\",\"datePublished\":\"2022-11-20T06:44:49+00:00\",\"dateModified\":\"2023-04-08T05:19:18+00:00\",\"description\":\"Blue Dream feminiserede fr\u00f8. Uden tvivl er Blue Dream fr\u00f8 en af de mest popul\u00e6re marihuana-stammer i USA.\",\"breadcrumb\":{\"@id\":\"https:\\\/\\\/everydaychemshop.com\\\/da\\\/product\\\/bla-dromme-stamme\\\/#breadcrumb\"},\"inLanguage\":\"en-US\",\"potentialAction\":[{\"@type\":\"ReadAction\",\"target\":[\"https:\\\/\\\/everydaychemshop.com\\\/da\\\/product\\\/bla-dromme-stamme\\\/\"]}]},{\"@type\":\"ImageObject\",\"inLanguage\":\"en-US\",\"@id\":\"https:\\\/\\\/everydaychemshop.com\\\/da\\\/product\\\/bla-dromme-stamme\\\/#primaryimage\",\"url\":\"https:\\\/\\\/everydaychemshop.com\\\/da\\\/wp-content\\\/uploads\\\/sites\\\/2\\\/2022\\\/11\\\/blue-dream-marijuana-seeds_feminized.jpg\",\"contentUrl\":\"https:\\\/\\\/everydaychemshop.com\\\/da\\\/wp-content\\\/uploads\\\/sites\\\/2\\\/2022\\\/11\\\/blue-dream-marijuana-seeds_feminized.jpg\",\"width\":480,\"height\":480,\"caption\":\"Blue Dream feminiserede fr\u00f8\"},{\"@type\":\"BreadcrumbList\",\"@id\":\"https:\\\/\\\/everydaychemshop.com\\\/da\\\/product\\\/bla-dromme-stamme\\\/#breadcrumb\",\"itemListElement\":[{\"@type\":\"ListItem\",\"position\":1,\"name\":\"Home\",\"item\":\"https:\\\/\\\/everydaychemshop.com\\\/da\\\/\"},{\"@type\":\"ListItem\",\"position\":2,\"name\":\"Produkter\",\"item\":\"https:\\\/\\\/everydaychemshop.com\\\/da\\\/produkter\\\/\"},{\"@type\":\"ListItem\",\"position\":3,\"name\":\"Blue Dream Strain\"}]},{\"@type\":\"WebSite\",\"@id\":\"https:\\\/\\\/everydaychemshop.com\\\/da\\\/#website\",\"url\":\"https:\\\/\\\/everydaychemshop.com\\\/da\\\/\",\"name\":\"Everyday Chem Shop\",\"description\":\"\",\"potentialAction\":[{\"@type\":\"SearchAction\",\"target\":{\"@type\":\"EntryPoint\",\"urlTemplate\":\"https:\\\/\\\/everydaychemshop.com\\\/da\\\/?s={search_term_string}\"},\"query-input\":{\"@type\":\"PropertyValueSpecification\",\"valueRequired\":true,\"valueName\":\"search_term_string\"}}],\"inLanguage\":\"en-US\"}]}<\/script>\n<!-- \/ Yoast SEO Premium plugin. -->","yoast_head_json":{"title":"Blue Dream feminiserede fr\u00f8 - Everyday Chem Shop","description":"Blue Dream feminiserede fr\u00f8. Uden tvivl er Blue Dream fr\u00f8 en af de mest popul\u00e6re marihuana-stammer i USA.","robots":{"index":"index","follow":"follow","max-snippet":"max-snippet:-1","max-image-preview":"max-image-preview:large","max-video-preview":"max-video-preview:-1"},"canonical":"https:\/\/everydaychemshop.com\/da\/product\/bla-dromme-stamme\/","og_locale":"en_US","og_type":"article","og_title":"Blue Dream Strain","og_description":"Blue Dream feminiserede fr\u00f8. Uden tvivl er Blue Dream fr\u00f8 en af de mest popul\u00e6re marihuana-stammer i USA.","og_url":"https:\/\/everydaychemshop.com\/da\/product\/bla-dromme-stamme\/","og_site_name":"Everyday Chem Shop","article_modified_time":"2023-04-08T05:19:18+00:00","og_image":[{"width":480,"height":480,"url":"https:\/\/everydaychemshop.com\/da\/wp-content\/uploads\/sites\/2\/2022\/11\/blue-dream-marijuana-seeds_feminized.jpg","type":"image\/jpeg"}],"twitter_card":"summary_large_image","twitter_misc":{"Est. reading time":"2 minutes"},"schema":{"@context":"https:\/\/schema.org","@graph":[{"@type":"WebPage","@id":"https:\/\/everydaychemshop.com\/da\/product\/bla-dromme-stamme\/","url":"https:\/\/everydaychemshop.com\/da\/product\/bla-dromme-stamme\/","name":"Blue Dream feminiserede fr\u00f8 - Everyday Chem Shop","isPartOf":{"@id":"https:\/\/everydaychemshop.com\/da\/#website"},"primaryImageOfPage":{"@id":"https:\/\/everydaychemshop.com\/da\/product\/bla-dromme-stamme\/#primaryimage"},"image":{"@id":"https:\/\/everydaychemshop.com\/da\/product\/bla-dromme-stamme\/#primaryimage"},"thumbnailUrl":"https:\/\/everydaychemshop.com\/da\/wp-content\/uploads\/sites\/2\/2022\/11\/blue-dream-marijuana-seeds_feminized.jpg","datePublished":"2022-11-20T06:44:49+00:00","dateModified":"2023-04-08T05:19:18+00:00","description":"Blue Dream feminiserede fr\u00f8. Uden tvivl er Blue Dream fr\u00f8 en af de mest popul\u00e6re marihuana-stammer i USA.","breadcrumb":{"@id":"https:\/\/everydaychemshop.com\/da\/product\/bla-dromme-stamme\/#breadcrumb"},"inLanguage":"en-US","potentialAction":[{"@type":"ReadAction","target":["https:\/\/everydaychemshop.com\/da\/product\/bla-dromme-stamme\/"]}]},{"@type":"ImageObject","inLanguage":"en-US","@id":"https:\/\/everydaychemshop.com\/da\/product\/bla-dromme-stamme\/#primaryimage","url":"https:\/\/everydaychemshop.com\/da\/wp-content\/uploads\/sites\/2\/2022\/11\/blue-dream-marijuana-seeds_feminized.jpg","contentUrl":"https:\/\/everydaychemshop.com\/da\/wp-content\/uploads\/sites\/2\/2022\/11\/blue-dream-marijuana-seeds_feminized.jpg","width":480,"height":480,"caption":"Blue Dream feminiserede fr\u00f8"},{"@type":"BreadcrumbList","@id":"https:\/\/everydaychemshop.com\/da\/product\/bla-dromme-stamme\/#breadcrumb","itemListElement":[{"@type":"ListItem","position":1,"name":"Home","item":"https:\/\/everydaychemshop.com\/da\/"},{"@type":"ListItem","position":2,"name":"Produkter","item":"https:\/\/everydaychemshop.com\/da\/produkter\/"},{"@type":"ListItem","position":3,"name":"Blue Dream Strain"}]},{"@type":"WebSite","@id":"https:\/\/everydaychemshop.com\/da\/#website","url":"https:\/\/everydaychemshop.com\/da\/","name":"Everyday Chem Shop","description":"","potentialAction":[{"@type":"SearchAction","target":{"@type":"EntryPoint","urlTemplate":"https:\/\/everydaychemshop.com\/da\/?s={search_term_string}"},"query-input":{"@type":"PropertyValueSpecification","valueRequired":true,"valueName":"search_term_string"}}],"inLanguage":"en-US"}]}},"_links":{"self":[{"href":"https:\/\/everydaychemshop.com\/da\/wp-json\/wp\/v2\/product\/8278","targetHints":{"allow":["GET"]}}],"collection":[{"href":"https:\/\/everydaychemshop.com\/da\/wp-json\/wp\/v2\/product"}],"about":[{"href":"https:\/\/everydaychemshop.com\/da\/wp-json\/wp\/v2\/types\/product"}],"replies":[{"embeddable":true,"href":"https:\/\/everydaychemshop.com\/da\/wp-json\/wp\/v2\/comments?post=8278"}],"wp:featuredmedia":[{"embeddable":true,"href":"https:\/\/everydaychemshop.com\/da\/wp-json\/wp\/v2\/media\/8280"}],"wp:attachment":[{"href":"https:\/\/everydaychemshop.com\/da\/wp-json\/wp\/v2\/media?parent=8278"}],"wp:term":[{"taxonomy":"product_brand","embeddable":true,"href":"https:\/\/everydaychemshop.com\/da\/wp-json\/wp\/v2\/product_brand?post=8278"},{"taxonomy":"product_cat","embeddable":true,"href":"https:\/\/everydaychemshop.com\/da\/wp-json\/wp\/v2\/product_cat?post=8278"},{"taxonomy":"product_tag","embeddable":true,"href":"https:\/\/everydaychemshop.com\/da\/wp-json\/wp\/v2\/product_tag?post=8278"}],"curies":[{"name":"wp","href":"https:\/\/api.w.org\/{rel}","templated":true}]}}