{"id":8284,"date":"2022-11-20T06:47:12","date_gmt":"2022-11-20T06:47:12","guid":{"rendered":"https:\/\/everydaychemshop.com\/da\/?post_type=product&#038;p=8284"},"modified":"2023-04-08T05:18:08","modified_gmt":"2023-04-08T05:18:08","slug":"kirsebaer-gorilla-lim","status":"publish","type":"product","link":"https:\/\/everydaychemshop.com\/da\/product\/kirsebaer-gorilla-lim\/","title":{"rendered":"Cherry Gorilla aka Cherry Gorilla Lim"},"content":{"rendered":"<h1>K\u00f8b f\u00f8rsteklasses Cherry Gorilla Online<\/h1>\n<p><a href=\"https:\/\/everydaychemshop.com\/da\/product\/kirsebaer-gorilla-lim\/\">K\u00f8b f\u00f8rsteklasses Cherry Gorilla Online<\/a>. Cherry Gorilla, ogs\u00e5 kendt som &#8220;Cherry Gorilla Glue&#8221;, er en hybrid marihuana-stamme. Virkningerne af Cherry Gorilla er mere beroligende end energigivende. Forbrugere siger, at denne stamme tilbyder en utrolig h\u00f8j med \u00f8jeblikkelige f\u00f8lelser af eufori, f\u00f8r den til sidst f\u00f8rer dig til en s\u00f8vnig tilstand. Cherry Gorilla er 17% THC, men varianter af denne stamme har testet s\u00e5 h\u00f8jt som 20% THC eller mere. Af denne grund er Cherry Gorilla bedst reserveret til erfarne cannabisforbrugere med en h\u00f8j THC-tolerance. Denne stamme frembringer en jordagtig smagsprofil, der underst\u00f8ttes af noter af b\u00e6r og diesel. Medicinske marihuanapatienter kan v\u00e6lge Cherry Gorilla for at lindre <a href=\"https:\/\/da.wikipedia.org\/wiki\/Cannabinol\">symptomer<\/a> forbundet med depression, stress og smerte.<\/p>\n","protected":false},"excerpt":{"rendered":"<p>Cherry Gorilla, ogs\u00e5 kendt som &#8220;Cherry Gorilla Glue&#8221;, er en hybrid marihuana-stamme. Virkningerne af Cherry Gorilla er mere beroligende end energigivende. Forbrugere siger, at denne stamme tilbyder en utrolig h\u00f8j med \u00f8jeblikkelige f\u00f8lelser af eufori, f\u00f8r den til sidst f\u00f8rer dig til en s\u00f8vnig tilstand.<\/p>\n","protected":false},"featured_media":8286,"comment_status":"open","ping_status":"closed","template":"","meta":{"inline_featured_image":false},"product_brand":[],"product_cat":[60],"product_tag":[],"class_list":{"0":"post-8284","1":"product","2":"type-product","3":"status-publish","4":"has-post-thumbnail","6":"product_cat-cbd-hamp-blomst","8":"first","9":"instock","10":"shipping-taxable","11":"purchasable","12":"product-type-variable","13":"has-default-attributes"},"yoast_head":"<!-- This site is optimized with the Yoast SEO Premium plugin v19.2 (Yoast SEO v27.3) - https:\/\/yoast.com\/product\/yoast-seo-premium-wordpress\/ -->\n<title>K\u00f8b f\u00f8rsteklasses Cherry Gorilla Online - Everyday Chem Shop<\/title>\n<meta name=\"description\" content=\"K\u00f8b f\u00f8rsteklasses Cherry Gorilla Online. Vi s\u00e6lger Cherry Gorilla af den bedste kvalitet online. Kontakt venligst for mere information og priser.\" \/>\n<meta name=\"robots\" content=\"index, follow, max-snippet:-1, max-image-preview:large, max-video-preview:-1\" \/>\n<link rel=\"canonical\" href=\"https:\/\/everydaychemshop.com\/da\/product\/kirsebaer-gorilla-lim\/\" \/>\n<meta property=\"og:locale\" content=\"en_US\" \/>\n<meta property=\"og:type\" content=\"article\" \/>\n<meta property=\"og:title\" content=\"Cherry Gorilla aka Cherry Gorilla Lim\" \/>\n<meta property=\"og:description\" content=\"K\u00f8b f\u00f8rsteklasses Cherry Gorilla Online. Vi s\u00e6lger Cherry Gorilla af den bedste kvalitet online. Kontakt venligst for mere information og priser.\" \/>\n<meta property=\"og:url\" content=\"https:\/\/everydaychemshop.com\/da\/product\/kirsebaer-gorilla-lim\/\" \/>\n<meta property=\"og:site_name\" content=\"Everyday Chem Shop\" \/>\n<meta property=\"article:modified_time\" content=\"2023-04-08T05:18:08+00:00\" \/>\n<meta property=\"og:image\" content=\"https:\/\/everydaychemshop.com\/da\/wp-content\/uploads\/sites\/2\/2022\/11\/Cherry-Gorilla-C-scaled-1.jpeg\" \/>\n\t<meta property=\"og:image:width\" content=\"1920\" \/>\n\t<meta property=\"og:image:height\" content=\"2560\" \/>\n\t<meta property=\"og:image:type\" content=\"image\/jpeg\" \/>\n<meta name=\"twitter:card\" content=\"summary_large_image\" \/>\n<meta name=\"twitter:label1\" content=\"Est. reading time\" \/>\n\t<meta name=\"twitter:data1\" content=\"1 minute\" \/>\n<script type=\"application\/ld+json\" class=\"yoast-schema-graph\">{\"@context\":\"https:\\\/\\\/schema.org\",\"@graph\":[{\"@type\":\"WebPage\",\"@id\":\"https:\\\/\\\/everydaychemshop.com\\\/da\\\/product\\\/kirsebaer-gorilla-lim\\\/\",\"url\":\"https:\\\/\\\/everydaychemshop.com\\\/da\\\/product\\\/kirsebaer-gorilla-lim\\\/\",\"name\":\"K\u00f8b f\u00f8rsteklasses Cherry Gorilla Online - Everyday Chem Shop\",\"isPartOf\":{\"@id\":\"https:\\\/\\\/everydaychemshop.com\\\/da\\\/#website\"},\"primaryImageOfPage\":{\"@id\":\"https:\\\/\\\/everydaychemshop.com\\\/da\\\/product\\\/kirsebaer-gorilla-lim\\\/#primaryimage\"},\"image\":{\"@id\":\"https:\\\/\\\/everydaychemshop.com\\\/da\\\/product\\\/kirsebaer-gorilla-lim\\\/#primaryimage\"},\"thumbnailUrl\":\"https:\\\/\\\/everydaychemshop.com\\\/da\\\/wp-content\\\/uploads\\\/sites\\\/2\\\/2022\\\/11\\\/Cherry-Gorilla-C-scaled-1.jpeg\",\"datePublished\":\"2022-11-20T06:47:12+00:00\",\"dateModified\":\"2023-04-08T05:18:08+00:00\",\"description\":\"K\u00f8b f\u00f8rsteklasses Cherry Gorilla Online. Vi s\u00e6lger Cherry Gorilla af den bedste kvalitet online. Kontakt venligst for mere information og priser.\",\"breadcrumb\":{\"@id\":\"https:\\\/\\\/everydaychemshop.com\\\/da\\\/product\\\/kirsebaer-gorilla-lim\\\/#breadcrumb\"},\"inLanguage\":\"en-US\",\"potentialAction\":[{\"@type\":\"ReadAction\",\"target\":[\"https:\\\/\\\/everydaychemshop.com\\\/da\\\/product\\\/kirsebaer-gorilla-lim\\\/\"]}]},{\"@type\":\"ImageObject\",\"inLanguage\":\"en-US\",\"@id\":\"https:\\\/\\\/everydaychemshop.com\\\/da\\\/product\\\/kirsebaer-gorilla-lim\\\/#primaryimage\",\"url\":\"https:\\\/\\\/everydaychemshop.com\\\/da\\\/wp-content\\\/uploads\\\/sites\\\/2\\\/2022\\\/11\\\/Cherry-Gorilla-C-scaled-1.jpeg\",\"contentUrl\":\"https:\\\/\\\/everydaychemshop.com\\\/da\\\/wp-content\\\/uploads\\\/sites\\\/2\\\/2022\\\/11\\\/Cherry-Gorilla-C-scaled-1.jpeg\",\"width\":1920,\"height\":2560,\"caption\":\"K\u00f8b f\u00f8rsteklasses Cherry Gorilla Online\"},{\"@type\":\"BreadcrumbList\",\"@id\":\"https:\\\/\\\/everydaychemshop.com\\\/da\\\/product\\\/kirsebaer-gorilla-lim\\\/#breadcrumb\",\"itemListElement\":[{\"@type\":\"ListItem\",\"position\":1,\"name\":\"Home\",\"item\":\"https:\\\/\\\/everydaychemshop.com\\\/da\\\/\"},{\"@type\":\"ListItem\",\"position\":2,\"name\":\"Produkter\",\"item\":\"https:\\\/\\\/everydaychemshop.com\\\/da\\\/produkter\\\/\"},{\"@type\":\"ListItem\",\"position\":3,\"name\":\"Cherry Gorilla aka Cherry Gorilla Lim\"}]},{\"@type\":\"WebSite\",\"@id\":\"https:\\\/\\\/everydaychemshop.com\\\/da\\\/#website\",\"url\":\"https:\\\/\\\/everydaychemshop.com\\\/da\\\/\",\"name\":\"Everyday Chem Shop\",\"description\":\"\",\"potentialAction\":[{\"@type\":\"SearchAction\",\"target\":{\"@type\":\"EntryPoint\",\"urlTemplate\":\"https:\\\/\\\/everydaychemshop.com\\\/da\\\/?s={search_term_string}\"},\"query-input\":{\"@type\":\"PropertyValueSpecification\",\"valueRequired\":true,\"valueName\":\"search_term_string\"}}],\"inLanguage\":\"en-US\"}]}<\/script>\n<!-- \/ Yoast SEO Premium plugin. -->","yoast_head_json":{"title":"K\u00f8b f\u00f8rsteklasses Cherry Gorilla Online - Everyday Chem Shop","description":"K\u00f8b f\u00f8rsteklasses Cherry Gorilla Online. Vi s\u00e6lger Cherry Gorilla af den bedste kvalitet online. Kontakt venligst for mere information og priser.","robots":{"index":"index","follow":"follow","max-snippet":"max-snippet:-1","max-image-preview":"max-image-preview:large","max-video-preview":"max-video-preview:-1"},"canonical":"https:\/\/everydaychemshop.com\/da\/product\/kirsebaer-gorilla-lim\/","og_locale":"en_US","og_type":"article","og_title":"Cherry Gorilla aka Cherry Gorilla Lim","og_description":"K\u00f8b f\u00f8rsteklasses Cherry Gorilla Online. Vi s\u00e6lger Cherry Gorilla af den bedste kvalitet online. Kontakt venligst for mere information og priser.","og_url":"https:\/\/everydaychemshop.com\/da\/product\/kirsebaer-gorilla-lim\/","og_site_name":"Everyday Chem Shop","article_modified_time":"2023-04-08T05:18:08+00:00","og_image":[{"width":1920,"height":2560,"url":"https:\/\/everydaychemshop.com\/da\/wp-content\/uploads\/sites\/2\/2022\/11\/Cherry-Gorilla-C-scaled-1.jpeg","type":"image\/jpeg"}],"twitter_card":"summary_large_image","twitter_misc":{"Est. reading time":"1 minute"},"schema":{"@context":"https:\/\/schema.org","@graph":[{"@type":"WebPage","@id":"https:\/\/everydaychemshop.com\/da\/product\/kirsebaer-gorilla-lim\/","url":"https:\/\/everydaychemshop.com\/da\/product\/kirsebaer-gorilla-lim\/","name":"K\u00f8b f\u00f8rsteklasses Cherry Gorilla Online - Everyday Chem Shop","isPartOf":{"@id":"https:\/\/everydaychemshop.com\/da\/#website"},"primaryImageOfPage":{"@id":"https:\/\/everydaychemshop.com\/da\/product\/kirsebaer-gorilla-lim\/#primaryimage"},"image":{"@id":"https:\/\/everydaychemshop.com\/da\/product\/kirsebaer-gorilla-lim\/#primaryimage"},"thumbnailUrl":"https:\/\/everydaychemshop.com\/da\/wp-content\/uploads\/sites\/2\/2022\/11\/Cherry-Gorilla-C-scaled-1.jpeg","datePublished":"2022-11-20T06:47:12+00:00","dateModified":"2023-04-08T05:18:08+00:00","description":"K\u00f8b f\u00f8rsteklasses Cherry Gorilla Online. Vi s\u00e6lger Cherry Gorilla af den bedste kvalitet online. Kontakt venligst for mere information og priser.","breadcrumb":{"@id":"https:\/\/everydaychemshop.com\/da\/product\/kirsebaer-gorilla-lim\/#breadcrumb"},"inLanguage":"en-US","potentialAction":[{"@type":"ReadAction","target":["https:\/\/everydaychemshop.com\/da\/product\/kirsebaer-gorilla-lim\/"]}]},{"@type":"ImageObject","inLanguage":"en-US","@id":"https:\/\/everydaychemshop.com\/da\/product\/kirsebaer-gorilla-lim\/#primaryimage","url":"https:\/\/everydaychemshop.com\/da\/wp-content\/uploads\/sites\/2\/2022\/11\/Cherry-Gorilla-C-scaled-1.jpeg","contentUrl":"https:\/\/everydaychemshop.com\/da\/wp-content\/uploads\/sites\/2\/2022\/11\/Cherry-Gorilla-C-scaled-1.jpeg","width":1920,"height":2560,"caption":"K\u00f8b f\u00f8rsteklasses Cherry Gorilla Online"},{"@type":"BreadcrumbList","@id":"https:\/\/everydaychemshop.com\/da\/product\/kirsebaer-gorilla-lim\/#breadcrumb","itemListElement":[{"@type":"ListItem","position":1,"name":"Home","item":"https:\/\/everydaychemshop.com\/da\/"},{"@type":"ListItem","position":2,"name":"Produkter","item":"https:\/\/everydaychemshop.com\/da\/produkter\/"},{"@type":"ListItem","position":3,"name":"Cherry Gorilla aka Cherry Gorilla Lim"}]},{"@type":"WebSite","@id":"https:\/\/everydaychemshop.com\/da\/#website","url":"https:\/\/everydaychemshop.com\/da\/","name":"Everyday Chem Shop","description":"","potentialAction":[{"@type":"SearchAction","target":{"@type":"EntryPoint","urlTemplate":"https:\/\/everydaychemshop.com\/da\/?s={search_term_string}"},"query-input":{"@type":"PropertyValueSpecification","valueRequired":true,"valueName":"search_term_string"}}],"inLanguage":"en-US"}]}},"_links":{"self":[{"href":"https:\/\/everydaychemshop.com\/da\/wp-json\/wp\/v2\/product\/8284","targetHints":{"allow":["GET"]}}],"collection":[{"href":"https:\/\/everydaychemshop.com\/da\/wp-json\/wp\/v2\/product"}],"about":[{"href":"https:\/\/everydaychemshop.com\/da\/wp-json\/wp\/v2\/types\/product"}],"replies":[{"embeddable":true,"href":"https:\/\/everydaychemshop.com\/da\/wp-json\/wp\/v2\/comments?post=8284"}],"wp:featuredmedia":[{"embeddable":true,"href":"https:\/\/everydaychemshop.com\/da\/wp-json\/wp\/v2\/media\/8286"}],"wp:attachment":[{"href":"https:\/\/everydaychemshop.com\/da\/wp-json\/wp\/v2\/media?parent=8284"}],"wp:term":[{"taxonomy":"product_brand","embeddable":true,"href":"https:\/\/everydaychemshop.com\/da\/wp-json\/wp\/v2\/product_brand?post=8284"},{"taxonomy":"product_cat","embeddable":true,"href":"https:\/\/everydaychemshop.com\/da\/wp-json\/wp\/v2\/product_cat?post=8284"},{"taxonomy":"product_tag","embeddable":true,"href":"https:\/\/everydaychemshop.com\/da\/wp-json\/wp\/v2\/product_tag?post=8284"}],"curies":[{"name":"wp","href":"https:\/\/api.w.org\/{rel}","templated":true}]}}