{"id":8293,"date":"2022-11-20T06:59:04","date_gmt":"2022-11-20T06:59:04","guid":{"rendered":"https:\/\/everydaychemshop.com\/da\/?post_type=product&#038;p=8293"},"modified":"2023-04-08T05:16:46","modified_gmt":"2023-04-08T05:16:46","slug":"hawaiiansk-fyr-hamp-blomst","status":"publish","type":"product","link":"https:\/\/everydaychemshop.com\/da\/product\/hawaiiansk-fyr-hamp-blomst\/","title":{"rendered":"Hawaiian Pine Hamp Flower"},"content":{"rendered":"<h1><strong>K\u00f8b Hawaiian Pine Hamp Flower online<\/strong><\/h1>\n<p><a href=\"https:\/\/everydaychemshop.com\/da\/product\/hawaiiansk-fyr-hamp-blomst\/\">K\u00f8b Hawaiian Pine Hamp Flower online<\/a>. Flyd v\u00e6k til troperne med vores l\u00e6skende hybrid, Hawaiian Haze! Denne almindelige Jane specielle CBD-stamme kan prale af enest\u00e5ende smag og effekter, der vil efterlade dig rolig og glad. Dyrket under Oregons solrige himmel kommer Hawaiian Haze CBD-blomster perfekt trimmede, klar til brug. Hendes friske knopper frigiver en intens tropisk aroma, der ligner papaya, ananas og passionsfrugt. De s\u00f8de frugtige smage skabt af hendes terpener komplimenteres yderligere med bl\u00f8de fyrretr\u00e6er og tr\u00e6agtige noter. Hawaiian Haze hampblomster er dristige og smukke! De har en rig fyrregr\u00f8n farve og er ofte d\u00e6kket af et tykt lag af livlige blodorange pistiller. Nu indeholder Plain Jane Hawaiian Haze CBD-blomsterne en overflod af cannabinoider og terpener, begge virker i synergi og skaber beroligende og afslappende effekter. N\u00e5r de er r\u00f8get eller dampet, beskriver fans ofte virkningerne som energigivende kombineret med en gradvis muskel- og sindafslapning. Det vigtigste CBD-niveau for denne stamme er 11,0226 %. Og de vigtigste terpener, der findes i hendes blomster, omfatter alfa-pinen, myrcen og terpinolen.<\/p>\n<p>Alle almindelige Jane hampblomster overholder 2018 Farm Bill, s\u00e5ledes at de indeholder THC-niveauer p\u00e5 mindre end 0,3 %. Dette betyder, at vores Hawaiian Haze hampblomster ikke vil resultere i psykoaktive berusende effekter. Plain Jane Hawaiian Haze CBD-blomster indeholder CBD-niveauer p\u00e5\u00a011,0226%.<\/p>\n<h2><strong>Vejledning<\/strong><\/h2>\n<p>Almindelige Jane Hawaiian Haze CBD-hampblomster indtages bedst ved rygning eller dampning. Mange fans v\u00e6lger at male op, rulle og ryge deres Plain Jane hamp blomster. Du kan dog ogs\u00e5 spise hampblomster gennem bongs og t\u00f8rre vaporizers.<\/p>\n<p>Tjek vores r\u00e5, helt naturlige\u00a0Plain Jane rullende papirer!<\/p>\n<h2><strong>Hvad er CBD?<\/strong><\/h2>\n<p>CBD, alias cannabidiol, er en velunders\u00f8gt cannabinoid, der dominerer i vores almindelige Jane-hampblomster . CBD-rige hampblomster er ikke-psykoaktive, hvilket betyder, at de ikke vil g\u00f8re dens bruger h\u00f8j. I dag betragtes CBD som en af \u200b\u200bhampplantens mest unders\u00f8gte cannabinoider, prim\u00e6rt fordi den menes at <a href=\"https:\/\/da.wikipedia.org\/wiki\/Cannabinol\">have<\/a> en r\u00e6kke terapeutiske egenskaber.<\/p>\n<p>Nogle af de mest almindelige fordele, der rapporteres fra kunder, omfatter:<\/p>\n<ul>\n<li style=\"list-style-type: none\">\n<ul>\n<li>Lettelse fra angst<\/li>\n<\/ul>\n<\/li>\n<\/ul>\n<p>&nbsp;<\/p>\n<ul>\n<li style=\"list-style-type: none\">\n<ul>\n<li>Lettelse af migr\u00e6ne og hovedpine<\/li>\n<\/ul>\n<\/li>\n<\/ul>\n<p>Plain Jane lagerf\u00f8rer i \u00f8jeblikket h\u00f8jkvalitets CBD produceret i USA. Nogle af vores tops\u00e6lgere inkluderer vores\u00a0CBD-olier og topicals,\u00a0CBD-hampblomster,\u00a0CBD-gummi og mere !<\/p>\n<h2><strong>Forsigtig<\/strong><\/h2>\n<p>&nbsp;<\/p>\n<ul>\n<li style=\"list-style-type: none\">\n<ul>\n<li>Brug ikke produktet, mens du betjener et k\u00f8ret\u00f8j eller tunge maskiner.<\/li>\n<\/ul>\n<\/li>\n<\/ul>\n<p>&nbsp;<\/p>\n<ul>\n<li>\n<ul>\n<li>Brug ansvarligt og opbevar utilg\u00e6ngeligt for b\u00f8rn.<\/li>\n<\/ul>\n<\/li>\n<\/ul>\n<p>&nbsp;<\/p>\n<ul>\n<li style=\"list-style-type: none\">\n<ul>\n<li>\u00a0Hvis du er genstand for regelm\u00e6ssig eller tilf\u00e6ldig l\u00e6gemiddelscreening, er det bedst ikke at indtage dette produkt. De fleste standard narkotikatests vil ikke v\u00e6re i stand til at se forskel p\u00e5 Delta-8-THC og Delta-9.<\/li>\n<\/ul>\n<\/li>\n<\/ul>\n<p>&nbsp;<\/p>\n<ul>\n<li style=\"list-style-type: none\">\n<ul>\n<li>\u00a0Plain Jane kan ikke holdes ansvarlig for nogen person, der bruger dette produkt.<\/li>\n<\/ul>\n<\/li>\n<\/ul>\n<p>&nbsp;<\/p>\n<ul>\n<li style=\"list-style-type: none\">\n<ul>\n<li>\u00a0The\u00a0Food and Drug Administration\u00a0har ikke evalueret disse udsagn.<\/li>\n<\/ul>\n<\/li>\n<\/ul>\n<p>&nbsp;<\/p>\n<ul>\n<li style=\"list-style-type: none\">\n<ul>\n<li>\u00a0Dette produkt er ikke beregnet til at diagnosticere, behandle, helbrede eller forebygge nogen sygdom. Brug med forsigtighed.<\/li>\n<\/ul>\n<\/li>\n<\/ul>\n<p>&nbsp;<\/p>\n<ul>\n<li style=\"list-style-type: none\">\n<ul>\n<li>Brug ikke, hvis du er gravid.<\/li>\n<\/ul>\n<\/li>\n<\/ul>\n<p>&nbsp;<\/p>\n<h2><strong>Plain Jane-forsendelsespolitik<\/strong><\/h2>\n<p>Plain Jane sigter altid efter at sende ordrer fra vores leveringscenter inden for 1-3 hverdage. Den tid, det tager for din pakke at ankomme, afh\u00e6nger dog af din valgte forsendelsesmetode.<\/p>\n<p>Hvis du v\u00e6lger ekspresforsendelse, vil produktet ankomme 1-2 hverdage efter afsendelse.<\/p>\n<p>Bem\u00e6rk: Vores estimerede leveringstid starter, n\u00e5r din pakke er blevet afsendt, hvilket kan tage s\u00e5 mange som 3 til 7 hverdage efter dit k\u00f8b er blevet behandlet.<\/p>\n<p>Vi tilbyder gratis fragt p\u00e5 alle amerikanske ordrer over 40 USD . Disse ordrer vil blive sendt via USPS f\u00f8rsteklasses forsendelse. Hvis du har brug for dit produkt tidligere, har du stadig mulighed for at v\u00e6lge en anden forsendelsesmetode under kassen. P\u00e5 grund af g\u00e6ldende regler er voksenunderskrift p\u00e5kr\u00e6vet p\u00e5 nogle varer og vil blive sendt UPS. Yderligere forsendelsesomkostninger vil kunne ses ved kassen.<\/p>\n<p>Vi sender en bekr\u00e6ftelses-e-mail med et sporingsnummer, n\u00e5r din ordre er blevet afsendt. Forsendelsesomkostninger kan ikke refunderes. Vi sender kun til USA og USA&#8217;s territorier.<\/p>\n<p>Plain Jane str\u00e6ber efter at sikre maksimal kundetilfredshed med hvert k\u00f8b.<\/p>\n<p>Send os en e-mail p\u00e5\u00a0hi@tryplainjane.com\u00a0for at fort\u00e6lle os det du returnerer et produkt. Vi giver dig en leveringsadresse. Overvej venligst at bruge sporbare forsendelsestjenester for alle returneringer over 75 USD. Vi kan ikke garantere, at vi modtager dine returnerede produkter. N\u00e5r produkterne er modtaget, refunderer vi u\u00e5bnede og ubrugte varer. Forsendelsesomkostninger kan ikke refunderes. Der kan g\u00e5 op til 10 hverdage, f\u00f8r tilbagebetalingen behandles.<\/p>\n<p>Hvis du modtager beskadigede eller defekte produkter, skal du fort\u00e6lle os det, s\u00e5 refunderer eller erstatter vi dine varer. Vi accepterer kun returnering og refusion for k\u00f8b foretaget gennem vores onlinebutik.<\/p>\n<p>Vi har ikke en pengene-tilbage-garanti, da CBD p\u00e5virker hver enkelt individuel forskelligt.<\/p>\n<p>Vi tilbyder ikke refusion p\u00e5 produkter, der er blevet brugt eller \u00e5bnet.<\/p>\n<p>Hvis din pakke bliver v\u00e6k eller forsinket, anbefaler vi, at du kontakter din fragtmand. Dette vil normalt v\u00e6re USPS. Hvis du har sp\u00f8rgsm\u00e5l, kan du kontakte USPS p\u00e5 800-ASK-USPS. Hvis du har v\u00e6ret igennem UPS, skal du kontakte dem p\u00e5 866-PICK-UPS.<\/p>\n<p>For blomsterbestillinger med First Class Mail er der ingen forsikring. Hvis pakken g\u00e5r tabt, vil vi derfor ikke tilbyde en erstatning eller en refusion.<\/p>\n<p>Vi er ikke ansvarlige for pakker, der er stj\u00e5let fra din postkasse eller d\u00f8rtrin<\/p>\n","protected":false},"excerpt":{"rendered":"<p>Flyd v\u00e6k til troperne med vores l\u00e6skende hybrid, Hawaiian Haze! Denne almindelige Jane specielle CBD-stamme kan prale af enest\u00e5ende smag og effekter, der vil efterlade dig rolig og glad.<\/p>\n","protected":false},"featured_media":8295,"comment_status":"open","ping_status":"closed","template":"","meta":{"inline_featured_image":false},"product_brand":[],"product_cat":[60],"product_tag":[],"class_list":{"0":"post-8293","1":"product","2":"type-product","3":"status-publish","4":"has-post-thumbnail","6":"product_cat-cbd-hamp-blomst","8":"first","9":"instock","10":"shipping-taxable","11":"purchasable","12":"product-type-variable","13":"has-default-attributes"},"yoast_head":"<!-- This site is optimized with the Yoast SEO Premium plugin v19.2 (Yoast SEO v27.3) - https:\/\/yoast.com\/product\/yoast-seo-premium-wordpress\/ -->\n<title>K\u00f8b Hawaiian Pine Hamp Flower online - Everyday Chem Shop<\/title>\n<meta name=\"description\" content=\"K\u00f8b Hawaiian Pine Hamp Flower online. Vi s\u00e6lger Hawaiian Pine Hemp Flower i premium kvalitet online. Kontakt venligst for mere info og priser.\" \/>\n<meta name=\"robots\" content=\"index, follow, max-snippet:-1, max-image-preview:large, max-video-preview:-1\" \/>\n<link rel=\"canonical\" href=\"https:\/\/everydaychemshop.com\/da\/product\/hawaiiansk-fyr-hamp-blomst\/\" \/>\n<meta property=\"og:locale\" content=\"en_US\" \/>\n<meta property=\"og:type\" content=\"article\" \/>\n<meta property=\"og:title\" content=\"Hawaiian Pine Hamp Flower\" \/>\n<meta property=\"og:description\" content=\"K\u00f8b Hawaiian Pine Hamp Flower online. Vi s\u00e6lger Hawaiian Pine Hemp Flower i premium kvalitet online. Kontakt venligst for mere info og priser.\" \/>\n<meta property=\"og:url\" content=\"https:\/\/everydaychemshop.com\/da\/product\/hawaiiansk-fyr-hamp-blomst\/\" \/>\n<meta property=\"og:site_name\" content=\"Everyday Chem Shop\" \/>\n<meta property=\"article:modified_time\" content=\"2023-04-08T05:16:46+00:00\" \/>\n<meta property=\"og:image\" content=\"https:\/\/everydaychemshop.com\/da\/wp-content\/uploads\/sites\/2\/2022\/11\/plain_jane_-_hawaiian_haze_02__46672_1592418041_1280_1280__73248.jpg\" \/>\n\t<meta property=\"og:image:width\" content=\"640\" \/>\n\t<meta property=\"og:image:height\" content=\"640\" \/>\n\t<meta property=\"og:image:type\" content=\"image\/jpeg\" \/>\n<meta name=\"twitter:card\" content=\"summary_large_image\" \/>\n<meta name=\"twitter:label1\" content=\"Est. reading time\" \/>\n\t<meta name=\"twitter:data1\" content=\"4 minutes\" \/>\n<script type=\"application\/ld+json\" class=\"yoast-schema-graph\">{\"@context\":\"https:\\\/\\\/schema.org\",\"@graph\":[{\"@type\":\"WebPage\",\"@id\":\"https:\\\/\\\/everydaychemshop.com\\\/da\\\/product\\\/hawaiiansk-fyr-hamp-blomst\\\/\",\"url\":\"https:\\\/\\\/everydaychemshop.com\\\/da\\\/product\\\/hawaiiansk-fyr-hamp-blomst\\\/\",\"name\":\"K\u00f8b Hawaiian Pine Hamp Flower online - Everyday Chem Shop\",\"isPartOf\":{\"@id\":\"https:\\\/\\\/everydaychemshop.com\\\/da\\\/#website\"},\"primaryImageOfPage\":{\"@id\":\"https:\\\/\\\/everydaychemshop.com\\\/da\\\/product\\\/hawaiiansk-fyr-hamp-blomst\\\/#primaryimage\"},\"image\":{\"@id\":\"https:\\\/\\\/everydaychemshop.com\\\/da\\\/product\\\/hawaiiansk-fyr-hamp-blomst\\\/#primaryimage\"},\"thumbnailUrl\":\"https:\\\/\\\/everydaychemshop.com\\\/da\\\/wp-content\\\/uploads\\\/sites\\\/2\\\/2022\\\/11\\\/plain_jane_-_hawaiian_haze_02__46672_1592418041_1280_1280__73248.jpg\",\"datePublished\":\"2022-11-20T06:59:04+00:00\",\"dateModified\":\"2023-04-08T05:16:46+00:00\",\"description\":\"K\u00f8b Hawaiian Pine Hamp Flower online. Vi s\u00e6lger Hawaiian Pine Hemp Flower i premium kvalitet online. Kontakt venligst for mere info og priser.\",\"breadcrumb\":{\"@id\":\"https:\\\/\\\/everydaychemshop.com\\\/da\\\/product\\\/hawaiiansk-fyr-hamp-blomst\\\/#breadcrumb\"},\"inLanguage\":\"en-US\",\"potentialAction\":[{\"@type\":\"ReadAction\",\"target\":[\"https:\\\/\\\/everydaychemshop.com\\\/da\\\/product\\\/hawaiiansk-fyr-hamp-blomst\\\/\"]}]},{\"@type\":\"ImageObject\",\"inLanguage\":\"en-US\",\"@id\":\"https:\\\/\\\/everydaychemshop.com\\\/da\\\/product\\\/hawaiiansk-fyr-hamp-blomst\\\/#primaryimage\",\"url\":\"https:\\\/\\\/everydaychemshop.com\\\/da\\\/wp-content\\\/uploads\\\/sites\\\/2\\\/2022\\\/11\\\/plain_jane_-_hawaiian_haze_02__46672_1592418041_1280_1280__73248.jpg\",\"contentUrl\":\"https:\\\/\\\/everydaychemshop.com\\\/da\\\/wp-content\\\/uploads\\\/sites\\\/2\\\/2022\\\/11\\\/plain_jane_-_hawaiian_haze_02__46672_1592418041_1280_1280__73248.jpg\",\"width\":640,\"height\":640,\"caption\":\"K\u00f8b Hawaiian Pine Hamp Flower online\"},{\"@type\":\"BreadcrumbList\",\"@id\":\"https:\\\/\\\/everydaychemshop.com\\\/da\\\/product\\\/hawaiiansk-fyr-hamp-blomst\\\/#breadcrumb\",\"itemListElement\":[{\"@type\":\"ListItem\",\"position\":1,\"name\":\"Home\",\"item\":\"https:\\\/\\\/everydaychemshop.com\\\/da\\\/\"},{\"@type\":\"ListItem\",\"position\":2,\"name\":\"Produkter\",\"item\":\"https:\\\/\\\/everydaychemshop.com\\\/da\\\/produkter\\\/\"},{\"@type\":\"ListItem\",\"position\":3,\"name\":\"Hawaiian Pine Hamp Flower\"}]},{\"@type\":\"WebSite\",\"@id\":\"https:\\\/\\\/everydaychemshop.com\\\/da\\\/#website\",\"url\":\"https:\\\/\\\/everydaychemshop.com\\\/da\\\/\",\"name\":\"Everyday Chem Shop\",\"description\":\"\",\"potentialAction\":[{\"@type\":\"SearchAction\",\"target\":{\"@type\":\"EntryPoint\",\"urlTemplate\":\"https:\\\/\\\/everydaychemshop.com\\\/da\\\/?s={search_term_string}\"},\"query-input\":{\"@type\":\"PropertyValueSpecification\",\"valueRequired\":true,\"valueName\":\"search_term_string\"}}],\"inLanguage\":\"en-US\"}]}<\/script>\n<!-- \/ Yoast SEO Premium plugin. -->","yoast_head_json":{"title":"K\u00f8b Hawaiian Pine Hamp Flower online - Everyday Chem Shop","description":"K\u00f8b Hawaiian Pine Hamp Flower online. Vi s\u00e6lger Hawaiian Pine Hemp Flower i premium kvalitet online. Kontakt venligst for mere info og priser.","robots":{"index":"index","follow":"follow","max-snippet":"max-snippet:-1","max-image-preview":"max-image-preview:large","max-video-preview":"max-video-preview:-1"},"canonical":"https:\/\/everydaychemshop.com\/da\/product\/hawaiiansk-fyr-hamp-blomst\/","og_locale":"en_US","og_type":"article","og_title":"Hawaiian Pine Hamp Flower","og_description":"K\u00f8b Hawaiian Pine Hamp Flower online. Vi s\u00e6lger Hawaiian Pine Hemp Flower i premium kvalitet online. Kontakt venligst for mere info og priser.","og_url":"https:\/\/everydaychemshop.com\/da\/product\/hawaiiansk-fyr-hamp-blomst\/","og_site_name":"Everyday Chem Shop","article_modified_time":"2023-04-08T05:16:46+00:00","og_image":[{"width":640,"height":640,"url":"https:\/\/everydaychemshop.com\/da\/wp-content\/uploads\/sites\/2\/2022\/11\/plain_jane_-_hawaiian_haze_02__46672_1592418041_1280_1280__73248.jpg","type":"image\/jpeg"}],"twitter_card":"summary_large_image","twitter_misc":{"Est. reading time":"4 minutes"},"schema":{"@context":"https:\/\/schema.org","@graph":[{"@type":"WebPage","@id":"https:\/\/everydaychemshop.com\/da\/product\/hawaiiansk-fyr-hamp-blomst\/","url":"https:\/\/everydaychemshop.com\/da\/product\/hawaiiansk-fyr-hamp-blomst\/","name":"K\u00f8b Hawaiian Pine Hamp Flower online - Everyday Chem Shop","isPartOf":{"@id":"https:\/\/everydaychemshop.com\/da\/#website"},"primaryImageOfPage":{"@id":"https:\/\/everydaychemshop.com\/da\/product\/hawaiiansk-fyr-hamp-blomst\/#primaryimage"},"image":{"@id":"https:\/\/everydaychemshop.com\/da\/product\/hawaiiansk-fyr-hamp-blomst\/#primaryimage"},"thumbnailUrl":"https:\/\/everydaychemshop.com\/da\/wp-content\/uploads\/sites\/2\/2022\/11\/plain_jane_-_hawaiian_haze_02__46672_1592418041_1280_1280__73248.jpg","datePublished":"2022-11-20T06:59:04+00:00","dateModified":"2023-04-08T05:16:46+00:00","description":"K\u00f8b Hawaiian Pine Hamp Flower online. Vi s\u00e6lger Hawaiian Pine Hemp Flower i premium kvalitet online. Kontakt venligst for mere info og priser.","breadcrumb":{"@id":"https:\/\/everydaychemshop.com\/da\/product\/hawaiiansk-fyr-hamp-blomst\/#breadcrumb"},"inLanguage":"en-US","potentialAction":[{"@type":"ReadAction","target":["https:\/\/everydaychemshop.com\/da\/product\/hawaiiansk-fyr-hamp-blomst\/"]}]},{"@type":"ImageObject","inLanguage":"en-US","@id":"https:\/\/everydaychemshop.com\/da\/product\/hawaiiansk-fyr-hamp-blomst\/#primaryimage","url":"https:\/\/everydaychemshop.com\/da\/wp-content\/uploads\/sites\/2\/2022\/11\/plain_jane_-_hawaiian_haze_02__46672_1592418041_1280_1280__73248.jpg","contentUrl":"https:\/\/everydaychemshop.com\/da\/wp-content\/uploads\/sites\/2\/2022\/11\/plain_jane_-_hawaiian_haze_02__46672_1592418041_1280_1280__73248.jpg","width":640,"height":640,"caption":"K\u00f8b Hawaiian Pine Hamp Flower online"},{"@type":"BreadcrumbList","@id":"https:\/\/everydaychemshop.com\/da\/product\/hawaiiansk-fyr-hamp-blomst\/#breadcrumb","itemListElement":[{"@type":"ListItem","position":1,"name":"Home","item":"https:\/\/everydaychemshop.com\/da\/"},{"@type":"ListItem","position":2,"name":"Produkter","item":"https:\/\/everydaychemshop.com\/da\/produkter\/"},{"@type":"ListItem","position":3,"name":"Hawaiian Pine Hamp Flower"}]},{"@type":"WebSite","@id":"https:\/\/everydaychemshop.com\/da\/#website","url":"https:\/\/everydaychemshop.com\/da\/","name":"Everyday Chem Shop","description":"","potentialAction":[{"@type":"SearchAction","target":{"@type":"EntryPoint","urlTemplate":"https:\/\/everydaychemshop.com\/da\/?s={search_term_string}"},"query-input":{"@type":"PropertyValueSpecification","valueRequired":true,"valueName":"search_term_string"}}],"inLanguage":"en-US"}]}},"_links":{"self":[{"href":"https:\/\/everydaychemshop.com\/da\/wp-json\/wp\/v2\/product\/8293","targetHints":{"allow":["GET"]}}],"collection":[{"href":"https:\/\/everydaychemshop.com\/da\/wp-json\/wp\/v2\/product"}],"about":[{"href":"https:\/\/everydaychemshop.com\/da\/wp-json\/wp\/v2\/types\/product"}],"replies":[{"embeddable":true,"href":"https:\/\/everydaychemshop.com\/da\/wp-json\/wp\/v2\/comments?post=8293"}],"wp:featuredmedia":[{"embeddable":true,"href":"https:\/\/everydaychemshop.com\/da\/wp-json\/wp\/v2\/media\/8295"}],"wp:attachment":[{"href":"https:\/\/everydaychemshop.com\/da\/wp-json\/wp\/v2\/media?parent=8293"}],"wp:term":[{"taxonomy":"product_brand","embeddable":true,"href":"https:\/\/everydaychemshop.com\/da\/wp-json\/wp\/v2\/product_brand?post=8293"},{"taxonomy":"product_cat","embeddable":true,"href":"https:\/\/everydaychemshop.com\/da\/wp-json\/wp\/v2\/product_cat?post=8293"},{"taxonomy":"product_tag","embeddable":true,"href":"https:\/\/everydaychemshop.com\/da\/wp-json\/wp\/v2\/product_tag?post=8293"}],"curies":[{"name":"wp","href":"https:\/\/api.w.org\/{rel}","templated":true}]}}