{"id":8309,"date":"2022-11-20T07:19:03","date_gmt":"2022-11-20T07:19:03","guid":{"rendered":"https:\/\/everydaychemshop.com\/da\/?post_type=product&#038;p=8309"},"modified":"2023-04-08T05:14:16","modified_gmt":"2023-04-08T05:14:16","slug":"sur-diesel-cbd-hamp-blomst","status":"publish","type":"product","link":"https:\/\/everydaychemshop.com\/da\/product\/sur-diesel-cbd-hamp-blomst\/","title":{"rendered":"Sur Diesel CBD Hampeblomst"},"content":{"rendered":"<h1><strong>K\u00f8b Sour Diesel CBD Hamp Flower Online<\/strong><\/h1>\n<p><a href=\"https:\/\/everydaychemshop.com\/da\/product\/sur-diesel-cbd-hamp-blomst\/\">K\u00f8b Sour Diesel CBD Hamp Flower Online<\/a>. De originale Sour Diesel CBD hampblomster er en hybridstamme, der deler sin afstamning med den ikoniske Chemdog 91 og Super Skunk-stamme. Almindelige Jane Sour Diesel hampblomster er det perfekte valg for feinschmeckere, der \u00f8nsker at opleve den fugtige benzinsmag, vi ofte forbinder med Sour Diesel-stammen. N\u00e5r du f\u00f8rst k\u00f8ber disse Oregon-dyrkede CBD-blomster, vil du bem\u00e6rke, at de er ret t\u00e6tte og saftige i st\u00f8rrelse. Hver h\u00e5ndtrimmede CBD-blomst vil frigive en intens benzin-citrusagtig aroma, der vil udvaskes gennem emballagen. N\u00e5r de er r\u00f8get eller fordampet, skaber disse aromatiske blomster en glat tr\u00e6k og cremet r\u00f8g, der vil efterlade en s\u00e6rlig saftig citrussmag p\u00e5 dine smagsl\u00f8g. Indtr\u00e6den af \u200b\u200beffekter har en tendens til at v\u00e6re en kombination af b\u00e5de afslappende og energigivende. Det kan starte som en dyb b\u00f8lge af ro, der lindrer muskelsp\u00e6ndinger og stress. Gradvist kan virkningerne af CBD udvikle sig, give dens bruger energi og rense sindet. Plain Jane&#8217;s Sour Diesel CBD hampblomster har en forskelligartet profil af cannabinoider, s\u00e5 det er et glimrende valg for dem, der \u00f8nsker at nyde fordelene ved entourage-effekten. De vigtigste cannabinoider, der blomstrer i hendes nugs, er CBDA, CBGA, CBD og THCA. Hvis du nu spekulerer p\u00e5, om terpenprofilen er lige s\u00e5 farverig, s\u00e5 har vi gode nyheder! Sure dieselhampblomster har faktisk en forskelligartet profil af terpener, hvoraf de fleste omfatter caryophyllen, d-limonen, myrcen, beta-pinen og linalool.<\/p>\n<p>Alle almindelige Jane hampblomster overholder 2018 Farm Bill s\u00e5dan at de indeholder THC-niveauer mindre end 0,3%. Det betyder, at vores Sour Diesel hampblomster ikke vil resultere i psykoaktive berusende effekter. Almindelige Jane Sour Diesel CBD-blomster kan indeholde CBD-niveauer fra 19 % til 25 %.<\/p>\n<h2><b>Vejledning<\/b><\/h2>\n<p>Almindelige Jane Sour Diesel CBD hampblomster er <a href=\"https:\/\/da.wikipedia.org\/wiki\/Cannabinol\">bedst<\/a> at indtage ved at ryge eller dampe. Mange fans v\u00e6lger at male op, rulle og ryge deres Plain Jane hamp blomster. Du kan dog ogs\u00e5 indtage hampblomster gennem bongs og t\u00f8rre vaporizers.<\/p>\n<h2><b>Hvad er CBD?<\/b><\/h2>\n<p>CBD, alias cannabidiol, er en velunders\u00f8gt cannabinoid dominerende i vores almindelige Jane hamp blomster. CBD-rige hampblomster er ikke-psykoaktive, hvilket betyder, at de ikke vil g\u00f8re dens bruger h\u00f8j. I dag betragtes CBD som en af \u200b\u200bhampplantens mest unders\u00f8gte cannabinoider, prim\u00e6rt fordi den menes at have en r\u00e6kke terapeutiske egenskaber.<\/p>\n<p>Nogle af de mest almindelige fordele, der rapporteres fra kunder, omfatter:<\/p>\n<ul>\n<li style=\"list-style-type: none\">\n<ul>\n<li>Lettelse fra angst<\/li>\n<\/ul>\n<\/li>\n<\/ul>\n<p>&nbsp;<\/p>\n<ul>\n<li style=\"list-style-type: none\">\n<ul>\n<li>Lettelse af migr\u00e6ne og hovedpine<\/li>\n<\/ul>\n<\/li>\n<\/ul>\n<p>Plain Jane lagerf\u00f8rer i \u00f8jeblikket h\u00f8jkvalitets CBD produceret i USA. Nogle af vores tops\u00e6lgere inkluderer vores\u00a0CBD-olier og topikaler,\u00a0CBD-hampblomster,\u00a0CBD-gummi og meget mere!<\/p>\n<h2><b>Forsigtig<\/b><\/h2>\n<p>&nbsp;<\/p>\n<ul>\n<li>\n<ul>\n<li style=\"list-style-type: none\">\n<ul>\n<li>Brug ikke produktet, mens du betjener et k\u00f8ret\u00f8j eller tunge maskiner.<\/li>\n<\/ul>\n<\/li>\n<\/ul>\n<ul>\n<li style=\"list-style-type: none\">\n<ul>\n<li>Brug ansvarligt og opbevar utilg\u00e6ngeligt for b\u00f8rn.<\/li>\n<\/ul>\n<\/li>\n<\/ul>\n<ul>\n<li style=\"list-style-type: none\">\n<ul>\n<li>\u00a0Hvis du er underlagt regelm\u00e6ssig eller tilf\u00e6ldig medicinscreening, er det bedst ikke at indtage dette produkt. De fleste standard narkotikatests vil ikke v\u00e6re i stand til at se forskel p\u00e5 Delta-8-THC og Delta-9.<\/li>\n<\/ul>\n<\/li>\n<\/ul>\n<ul>\n<li>\n<ul>\n<li>\u00a0Plain Jane kan ikke holdes ansvarlig for nogen person, der bruger dette produkt.<\/li>\n<\/ul>\n<\/li>\n<\/ul>\n<ul>\n<li style=\"list-style-type: none\">\n<ul>\n<li>\u00a0Food and Drug Administration\u00a0har ikke evalueret disse udsagn.<\/li>\n<\/ul>\n<\/li>\n<\/ul>\n<ul>\n<li style=\"list-style-type: none\">\n<ul>\n<li>\u00a0Dette produkt er ikke beregnet til at diagnosticere, behandle, helbrede eller forebygge nogen sygdom. Brug med forsigtighed.<\/li>\n<\/ul>\n<\/li>\n<\/ul>\n<ul>\n<li>Brug ikke, hvis du er gravid.<\/li>\n<\/ul>\n<\/li>\n<\/ul>\n","protected":false},"excerpt":{"rendered":"<p>De originale Sour Diesel CBD hampeblomster er en hybridstamme, der deler sin afstamning med den ikoniske Chemdog 91 og Super Skunk-stamme.<\/p>\n","protected":false},"featured_media":8311,"comment_status":"open","ping_status":"closed","template":"","meta":{"inline_featured_image":false},"product_brand":[],"product_cat":[60],"product_tag":[],"class_list":{"0":"post-8309","1":"product","2":"type-product","3":"status-publish","4":"has-post-thumbnail","6":"product_cat-cbd-hamp-blomst","8":"first","9":"instock","10":"shipping-taxable","11":"purchasable","12":"product-type-variable","13":"has-default-attributes"},"yoast_head":"<!-- This site is optimized with the Yoast SEO Premium plugin v19.2 (Yoast SEO v27.3) - https:\/\/yoast.com\/product\/yoast-seo-premium-wordpress\/ -->\n<title>K\u00f8b Sour Diesel CBD Hamp Flower Online - Everyday Chem Shop<\/title>\n<meta name=\"description\" content=\"K\u00f8b Sour Diesel CBD Hamp Flower Online. Vi s\u00e6lger h\u00f8jkvalitets Sour Diesel CBD Hamp Flower online. Kontakt venligst for mere info og priser.\" \/>\n<meta name=\"robots\" content=\"index, follow, max-snippet:-1, max-image-preview:large, max-video-preview:-1\" \/>\n<link rel=\"canonical\" href=\"https:\/\/everydaychemshop.com\/da\/product\/sur-diesel-cbd-hamp-blomst\/\" \/>\n<meta property=\"og:locale\" content=\"en_US\" \/>\n<meta property=\"og:type\" content=\"article\" \/>\n<meta property=\"og:title\" content=\"Sur Diesel CBD Hampeblomst\" \/>\n<meta property=\"og:description\" content=\"K\u00f8b Sour Diesel CBD Hamp Flower Online. Vi s\u00e6lger h\u00f8jkvalitets Sour Diesel CBD Hamp Flower online. Kontakt venligst for mere info og priser.\" \/>\n<meta property=\"og:url\" content=\"https:\/\/everydaychemshop.com\/da\/product\/sur-diesel-cbd-hamp-blomst\/\" \/>\n<meta property=\"og:site_name\" content=\"Everyday Chem Shop\" \/>\n<meta property=\"article:modified_time\" content=\"2023-04-08T05:14:16+00:00\" \/>\n<meta property=\"og:image\" content=\"https:\/\/everydaychemshop.com\/da\/wp-content\/uploads\/sites\/2\/2022\/11\/Sour-Diesel-CBD-Hemp-Flower.jpg\" \/>\n\t<meta property=\"og:image:width\" content=\"640\" \/>\n\t<meta property=\"og:image:height\" content=\"965\" \/>\n\t<meta property=\"og:image:type\" content=\"image\/jpeg\" \/>\n<meta name=\"twitter:card\" content=\"summary_large_image\" \/>\n<meta name=\"twitter:label1\" content=\"Est. reading time\" \/>\n\t<meta name=\"twitter:data1\" content=\"3 minutes\" \/>\n<script type=\"application\/ld+json\" class=\"yoast-schema-graph\">{\"@context\":\"https:\\\/\\\/schema.org\",\"@graph\":[{\"@type\":\"WebPage\",\"@id\":\"https:\\\/\\\/everydaychemshop.com\\\/da\\\/product\\\/sur-diesel-cbd-hamp-blomst\\\/\",\"url\":\"https:\\\/\\\/everydaychemshop.com\\\/da\\\/product\\\/sur-diesel-cbd-hamp-blomst\\\/\",\"name\":\"K\u00f8b Sour Diesel CBD Hamp Flower Online - Everyday Chem Shop\",\"isPartOf\":{\"@id\":\"https:\\\/\\\/everydaychemshop.com\\\/da\\\/#website\"},\"primaryImageOfPage\":{\"@id\":\"https:\\\/\\\/everydaychemshop.com\\\/da\\\/product\\\/sur-diesel-cbd-hamp-blomst\\\/#primaryimage\"},\"image\":{\"@id\":\"https:\\\/\\\/everydaychemshop.com\\\/da\\\/product\\\/sur-diesel-cbd-hamp-blomst\\\/#primaryimage\"},\"thumbnailUrl\":\"https:\\\/\\\/everydaychemshop.com\\\/da\\\/wp-content\\\/uploads\\\/sites\\\/2\\\/2022\\\/11\\\/Sour-Diesel-CBD-Hemp-Flower.jpg\",\"datePublished\":\"2022-11-20T07:19:03+00:00\",\"dateModified\":\"2023-04-08T05:14:16+00:00\",\"description\":\"K\u00f8b Sour Diesel CBD Hamp Flower Online. Vi s\u00e6lger h\u00f8jkvalitets Sour Diesel CBD Hamp Flower online. Kontakt venligst for mere info og priser.\",\"breadcrumb\":{\"@id\":\"https:\\\/\\\/everydaychemshop.com\\\/da\\\/product\\\/sur-diesel-cbd-hamp-blomst\\\/#breadcrumb\"},\"inLanguage\":\"en-US\",\"potentialAction\":[{\"@type\":\"ReadAction\",\"target\":[\"https:\\\/\\\/everydaychemshop.com\\\/da\\\/product\\\/sur-diesel-cbd-hamp-blomst\\\/\"]}]},{\"@type\":\"ImageObject\",\"inLanguage\":\"en-US\",\"@id\":\"https:\\\/\\\/everydaychemshop.com\\\/da\\\/product\\\/sur-diesel-cbd-hamp-blomst\\\/#primaryimage\",\"url\":\"https:\\\/\\\/everydaychemshop.com\\\/da\\\/wp-content\\\/uploads\\\/sites\\\/2\\\/2022\\\/11\\\/Sour-Diesel-CBD-Hemp-Flower.jpg\",\"contentUrl\":\"https:\\\/\\\/everydaychemshop.com\\\/da\\\/wp-content\\\/uploads\\\/sites\\\/2\\\/2022\\\/11\\\/Sour-Diesel-CBD-Hemp-Flower.jpg\",\"width\":640,\"height\":965,\"caption\":\"K\u00f8b Sour Diesel CBD Hamp Flower Online\"},{\"@type\":\"BreadcrumbList\",\"@id\":\"https:\\\/\\\/everydaychemshop.com\\\/da\\\/product\\\/sur-diesel-cbd-hamp-blomst\\\/#breadcrumb\",\"itemListElement\":[{\"@type\":\"ListItem\",\"position\":1,\"name\":\"Home\",\"item\":\"https:\\\/\\\/everydaychemshop.com\\\/da\\\/\"},{\"@type\":\"ListItem\",\"position\":2,\"name\":\"Produkter\",\"item\":\"https:\\\/\\\/everydaychemshop.com\\\/da\\\/produkter\\\/\"},{\"@type\":\"ListItem\",\"position\":3,\"name\":\"Sur Diesel CBD Hampeblomst\"}]},{\"@type\":\"WebSite\",\"@id\":\"https:\\\/\\\/everydaychemshop.com\\\/da\\\/#website\",\"url\":\"https:\\\/\\\/everydaychemshop.com\\\/da\\\/\",\"name\":\"Everyday Chem Shop\",\"description\":\"\",\"potentialAction\":[{\"@type\":\"SearchAction\",\"target\":{\"@type\":\"EntryPoint\",\"urlTemplate\":\"https:\\\/\\\/everydaychemshop.com\\\/da\\\/?s={search_term_string}\"},\"query-input\":{\"@type\":\"PropertyValueSpecification\",\"valueRequired\":true,\"valueName\":\"search_term_string\"}}],\"inLanguage\":\"en-US\"}]}<\/script>\n<!-- \/ Yoast SEO Premium plugin. -->","yoast_head_json":{"title":"K\u00f8b Sour Diesel CBD Hamp Flower Online - Everyday Chem Shop","description":"K\u00f8b Sour Diesel CBD Hamp Flower Online. Vi s\u00e6lger h\u00f8jkvalitets Sour Diesel CBD Hamp Flower online. Kontakt venligst for mere info og priser.","robots":{"index":"index","follow":"follow","max-snippet":"max-snippet:-1","max-image-preview":"max-image-preview:large","max-video-preview":"max-video-preview:-1"},"canonical":"https:\/\/everydaychemshop.com\/da\/product\/sur-diesel-cbd-hamp-blomst\/","og_locale":"en_US","og_type":"article","og_title":"Sur Diesel CBD Hampeblomst","og_description":"K\u00f8b Sour Diesel CBD Hamp Flower Online. Vi s\u00e6lger h\u00f8jkvalitets Sour Diesel CBD Hamp Flower online. Kontakt venligst for mere info og priser.","og_url":"https:\/\/everydaychemshop.com\/da\/product\/sur-diesel-cbd-hamp-blomst\/","og_site_name":"Everyday Chem Shop","article_modified_time":"2023-04-08T05:14:16+00:00","og_image":[{"width":640,"height":965,"url":"https:\/\/everydaychemshop.com\/da\/wp-content\/uploads\/sites\/2\/2022\/11\/Sour-Diesel-CBD-Hemp-Flower.jpg","type":"image\/jpeg"}],"twitter_card":"summary_large_image","twitter_misc":{"Est. reading time":"3 minutes"},"schema":{"@context":"https:\/\/schema.org","@graph":[{"@type":"WebPage","@id":"https:\/\/everydaychemshop.com\/da\/product\/sur-diesel-cbd-hamp-blomst\/","url":"https:\/\/everydaychemshop.com\/da\/product\/sur-diesel-cbd-hamp-blomst\/","name":"K\u00f8b Sour Diesel CBD Hamp Flower Online - Everyday Chem Shop","isPartOf":{"@id":"https:\/\/everydaychemshop.com\/da\/#website"},"primaryImageOfPage":{"@id":"https:\/\/everydaychemshop.com\/da\/product\/sur-diesel-cbd-hamp-blomst\/#primaryimage"},"image":{"@id":"https:\/\/everydaychemshop.com\/da\/product\/sur-diesel-cbd-hamp-blomst\/#primaryimage"},"thumbnailUrl":"https:\/\/everydaychemshop.com\/da\/wp-content\/uploads\/sites\/2\/2022\/11\/Sour-Diesel-CBD-Hemp-Flower.jpg","datePublished":"2022-11-20T07:19:03+00:00","dateModified":"2023-04-08T05:14:16+00:00","description":"K\u00f8b Sour Diesel CBD Hamp Flower Online. Vi s\u00e6lger h\u00f8jkvalitets Sour Diesel CBD Hamp Flower online. Kontakt venligst for mere info og priser.","breadcrumb":{"@id":"https:\/\/everydaychemshop.com\/da\/product\/sur-diesel-cbd-hamp-blomst\/#breadcrumb"},"inLanguage":"en-US","potentialAction":[{"@type":"ReadAction","target":["https:\/\/everydaychemshop.com\/da\/product\/sur-diesel-cbd-hamp-blomst\/"]}]},{"@type":"ImageObject","inLanguage":"en-US","@id":"https:\/\/everydaychemshop.com\/da\/product\/sur-diesel-cbd-hamp-blomst\/#primaryimage","url":"https:\/\/everydaychemshop.com\/da\/wp-content\/uploads\/sites\/2\/2022\/11\/Sour-Diesel-CBD-Hemp-Flower.jpg","contentUrl":"https:\/\/everydaychemshop.com\/da\/wp-content\/uploads\/sites\/2\/2022\/11\/Sour-Diesel-CBD-Hemp-Flower.jpg","width":640,"height":965,"caption":"K\u00f8b Sour Diesel CBD Hamp Flower Online"},{"@type":"BreadcrumbList","@id":"https:\/\/everydaychemshop.com\/da\/product\/sur-diesel-cbd-hamp-blomst\/#breadcrumb","itemListElement":[{"@type":"ListItem","position":1,"name":"Home","item":"https:\/\/everydaychemshop.com\/da\/"},{"@type":"ListItem","position":2,"name":"Produkter","item":"https:\/\/everydaychemshop.com\/da\/produkter\/"},{"@type":"ListItem","position":3,"name":"Sur Diesel CBD Hampeblomst"}]},{"@type":"WebSite","@id":"https:\/\/everydaychemshop.com\/da\/#website","url":"https:\/\/everydaychemshop.com\/da\/","name":"Everyday Chem Shop","description":"","potentialAction":[{"@type":"SearchAction","target":{"@type":"EntryPoint","urlTemplate":"https:\/\/everydaychemshop.com\/da\/?s={search_term_string}"},"query-input":{"@type":"PropertyValueSpecification","valueRequired":true,"valueName":"search_term_string"}}],"inLanguage":"en-US"}]}},"_links":{"self":[{"href":"https:\/\/everydaychemshop.com\/da\/wp-json\/wp\/v2\/product\/8309","targetHints":{"allow":["GET"]}}],"collection":[{"href":"https:\/\/everydaychemshop.com\/da\/wp-json\/wp\/v2\/product"}],"about":[{"href":"https:\/\/everydaychemshop.com\/da\/wp-json\/wp\/v2\/types\/product"}],"replies":[{"embeddable":true,"href":"https:\/\/everydaychemshop.com\/da\/wp-json\/wp\/v2\/comments?post=8309"}],"wp:featuredmedia":[{"embeddable":true,"href":"https:\/\/everydaychemshop.com\/da\/wp-json\/wp\/v2\/media\/8311"}],"wp:attachment":[{"href":"https:\/\/everydaychemshop.com\/da\/wp-json\/wp\/v2\/media?parent=8309"}],"wp:term":[{"taxonomy":"product_brand","embeddable":true,"href":"https:\/\/everydaychemshop.com\/da\/wp-json\/wp\/v2\/product_brand?post=8309"},{"taxonomy":"product_cat","embeddable":true,"href":"https:\/\/everydaychemshop.com\/da\/wp-json\/wp\/v2\/product_cat?post=8309"},{"taxonomy":"product_tag","embeddable":true,"href":"https:\/\/everydaychemshop.com\/da\/wp-json\/wp\/v2\/product_tag?post=8309"}],"curies":[{"name":"wp","href":"https:\/\/api.w.org\/{rel}","templated":true}]}}