{"id":8315,"date":"2022-11-20T07:29:18","date_gmt":"2022-11-20T07:29:18","guid":{"rendered":"https:\/\/everydaychemshop.com\/da\/?post_type=product&#038;p=8315"},"modified":"2023-04-08T05:12:46","modified_gmt":"2023-04-08T05:12:46","slug":"suzy-q-cbd-hamp-blomst","status":"publish","type":"product","link":"https:\/\/everydaychemshop.com\/da\/product\/suzy-q-cbd-hamp-blomst\/","title":{"rendered":"Suzy Q CBD hampeblomst"},"content":{"rendered":"<h1>K\u00f8b Suzy Q CBD Hamp Flower Online<\/h1>\n<p><a href=\"https:\/\/everydaychemshop.com\/da\/product\/suzy-q-cbd-hamp-blomst\/\">K\u00f8b Suzy Q CBD Hamp Flower Online<\/a>. Sikring af hampblomstkvalitet fra g\u00e5rd til salg<\/p>\n<p>Suzy Q hampblomst dyrkes p\u00e5 en smuk 100 hektar stor g\u00e5rd i det nordlige Californien. Det idylliske klima i det nordlige Californien f\u00f8les som endel\u00f8s sommer, og de t\u00f8rre, lyse dage betyder store afgr\u00f8der af smukke blomster, der ikke lider af mug eller meldug.<\/p>\n<p>Vores g\u00e5rd er \u00f8kologisk, hvilket betyder, at vi aldrig bruge kunstg\u00f8dning eller pesticider. Vi l\u00e6gger stor v\u00e6gt p\u00e5 at sikre ordentlig permakultur &#8211; et landbrugs\u00f8kosystem, der er b\u00e6redygtigt og selvforsynende. En m\u00e5de vi g\u00f8r det p\u00e5 er med topdressing foder, som f\u00e5r r\u00f8dderne til at arbejde h\u00e5rdere for at fremme en sund jord, som vores planter vil <a href=\"https:\/\/da.wikipedia.org\/wiki\/Cannabinol\">trives<\/a> i.<\/p>\n<p>N\u00e5r de har n\u00e5et deres fulde potentiale, h\u00e6nges vores hampplanter op. p\u00e5 hovedet for at t\u00f8rre, derefter t\u00f8rh\u00e6rdet og trimmet i h\u00e5nden. Cannabis er en delikat afgr\u00f8de. Selv sm\u00e5 fejl under dyrkning eller h\u00f8st kan hurtigt forringe kvaliteten af \u200b\u200bknopperne. Vi insisterer p\u00e5 total gennemsigtighed og kvalitetskontrol &#8230; og det b\u00f8r du ogs\u00e5. Hampblomster kr\u00e6ver intet mindre.<\/p>\n<p>Uafh\u00e6ngig test af vores CBD Hampblomst<br \/>\nHver afgr\u00f8de er testet for renhed og styrke p\u00e5 en\u00a0uafh\u00e6ngigt\u00a0laboratorium, der er DEA-registreret, ISO 17025-akkrediteret, AHCA-akkrediteret og CLIA-akkrediteret. Fuldpanel-testen screener for:<\/p>\n<p>Styrken af \u200b\u200bCBD, THC og andre cannabinoider.<br \/>\nTungmetaller (bly, kviks\u00f8lv, arsen, cadmium).<br \/>\nBakterier s\u00e5som coli og andre patogener.<br \/>\nMykotoksiner og andre forurenende stoffer.<br \/>\nVi inkluderer et analysecertifikat med hver ordre, s\u00e5 du altid ved pr\u00e6cis, hvad du f\u00e5r, n\u00e5r du k\u00f8ber Crescent Flower.<\/p>\n","protected":false},"excerpt":{"rendered":"<p>K\u00f8b Suzy Q CBD Hamp Flower Full Spectrum Hamp Flower. Suzy Q er en h\u00f8j-CBD, lav-THC-stamme med en piney-smag, der hj\u00e6lper med at behandle symptomer med lidt eller ingen euforisk h\u00f8j.<\/p>\n<p>Suzy Q er en h\u00f8j CBD, lav-THC-stamme med en piney-smag, der hj\u00e6lper med at behandle symptomer med lidt eller ingen h\u00f8j. En stor belastning at tilf\u00f8je til CBD-familien.<br \/>\nCbd : 15-17 %<\/p>\n<p>Thc : 0,2 %<\/p>\n","protected":false},"featured_media":8317,"comment_status":"open","ping_status":"closed","template":"","meta":{"inline_featured_image":false},"product_brand":[],"product_cat":[60],"product_tag":[],"class_list":{"0":"post-8315","1":"product","2":"type-product","3":"status-publish","4":"has-post-thumbnail","6":"product_cat-cbd-hamp-blomst","8":"first","9":"instock","10":"shipping-taxable","11":"purchasable","12":"product-type-variable","13":"has-default-attributes"},"yoast_head":"<!-- This site is optimized with the Yoast SEO Premium plugin v19.2 (Yoast SEO v27.3) - https:\/\/yoast.com\/product\/yoast-seo-premium-wordpress\/ -->\n<title>K\u00f8b Suzy Q CBD Hamp Flower Online- Everyday Chem Shop<\/title>\n<meta name=\"description\" content=\"K\u00f8b Suzy Q CBD Hamp Flower Online. Vi s\u00e6lger Suzy Q CBD Hamp Flower af h\u00f8j kvalitet. Kontakt for mere info og priser p\u00e5 hvordan du bestiller.\" \/>\n<meta name=\"robots\" content=\"index, follow, max-snippet:-1, max-image-preview:large, max-video-preview:-1\" \/>\n<link rel=\"canonical\" href=\"https:\/\/everydaychemshop.com\/da\/product\/suzy-q-cbd-hamp-blomst\/\" \/>\n<meta property=\"og:locale\" content=\"en_US\" \/>\n<meta property=\"og:type\" content=\"article\" \/>\n<meta property=\"og:title\" content=\"Suzy Q CBD hampeblomst\" \/>\n<meta property=\"og:description\" content=\"K\u00f8b Suzy Q CBD Hamp Flower Online. Vi s\u00e6lger Suzy Q CBD Hamp Flower af h\u00f8j kvalitet. Kontakt for mere info og priser p\u00e5 hvordan du bestiller.\" \/>\n<meta property=\"og:url\" content=\"https:\/\/everydaychemshop.com\/da\/product\/suzy-q-cbd-hamp-blomst\/\" \/>\n<meta property=\"og:site_name\" content=\"Everyday Chem Shop\" \/>\n<meta property=\"article:modified_time\" content=\"2023-04-08T05:12:46+00:00\" \/>\n<meta property=\"og:image\" content=\"https:\/\/everydaychemshop.com\/da\/wp-content\/uploads\/sites\/2\/2022\/11\/Buy-Suzy-Q-CBD-Hemp-Flower-Online.jpg\" \/>\n\t<meta property=\"og:image:width\" content=\"600\" \/>\n\t<meta property=\"og:image:height\" content=\"600\" \/>\n\t<meta property=\"og:image:type\" content=\"image\/jpeg\" \/>\n<meta name=\"twitter:card\" content=\"summary_large_image\" \/>\n<meta name=\"twitter:label1\" content=\"Est. reading time\" \/>\n\t<meta name=\"twitter:data1\" content=\"2 minutes\" \/>\n<script type=\"application\/ld+json\" class=\"yoast-schema-graph\">{\"@context\":\"https:\\\/\\\/schema.org\",\"@graph\":[{\"@type\":\"WebPage\",\"@id\":\"https:\\\/\\\/everydaychemshop.com\\\/da\\\/product\\\/suzy-q-cbd-hamp-blomst\\\/\",\"url\":\"https:\\\/\\\/everydaychemshop.com\\\/da\\\/product\\\/suzy-q-cbd-hamp-blomst\\\/\",\"name\":\"K\u00f8b Suzy Q CBD Hamp Flower Online- Everyday Chem Shop\",\"isPartOf\":{\"@id\":\"https:\\\/\\\/everydaychemshop.com\\\/da\\\/#website\"},\"primaryImageOfPage\":{\"@id\":\"https:\\\/\\\/everydaychemshop.com\\\/da\\\/product\\\/suzy-q-cbd-hamp-blomst\\\/#primaryimage\"},\"image\":{\"@id\":\"https:\\\/\\\/everydaychemshop.com\\\/da\\\/product\\\/suzy-q-cbd-hamp-blomst\\\/#primaryimage\"},\"thumbnailUrl\":\"https:\\\/\\\/everydaychemshop.com\\\/da\\\/wp-content\\\/uploads\\\/sites\\\/2\\\/2022\\\/11\\\/Buy-Suzy-Q-CBD-Hemp-Flower-Online.jpg\",\"datePublished\":\"2022-11-20T07:29:18+00:00\",\"dateModified\":\"2023-04-08T05:12:46+00:00\",\"description\":\"K\u00f8b Suzy Q CBD Hamp Flower Online. Vi s\u00e6lger Suzy Q CBD Hamp Flower af h\u00f8j kvalitet. Kontakt for mere info og priser p\u00e5 hvordan du bestiller.\",\"breadcrumb\":{\"@id\":\"https:\\\/\\\/everydaychemshop.com\\\/da\\\/product\\\/suzy-q-cbd-hamp-blomst\\\/#breadcrumb\"},\"inLanguage\":\"en-US\",\"potentialAction\":[{\"@type\":\"ReadAction\",\"target\":[\"https:\\\/\\\/everydaychemshop.com\\\/da\\\/product\\\/suzy-q-cbd-hamp-blomst\\\/\"]}]},{\"@type\":\"ImageObject\",\"inLanguage\":\"en-US\",\"@id\":\"https:\\\/\\\/everydaychemshop.com\\\/da\\\/product\\\/suzy-q-cbd-hamp-blomst\\\/#primaryimage\",\"url\":\"https:\\\/\\\/everydaychemshop.com\\\/da\\\/wp-content\\\/uploads\\\/sites\\\/2\\\/2022\\\/11\\\/Buy-Suzy-Q-CBD-Hemp-Flower-Online.jpg\",\"contentUrl\":\"https:\\\/\\\/everydaychemshop.com\\\/da\\\/wp-content\\\/uploads\\\/sites\\\/2\\\/2022\\\/11\\\/Buy-Suzy-Q-CBD-Hemp-Flower-Online.jpg\",\"width\":600,\"height\":600,\"caption\":\"K\u00f8b Suzy Q CBD Hamp Flower Online\"},{\"@type\":\"BreadcrumbList\",\"@id\":\"https:\\\/\\\/everydaychemshop.com\\\/da\\\/product\\\/suzy-q-cbd-hamp-blomst\\\/#breadcrumb\",\"itemListElement\":[{\"@type\":\"ListItem\",\"position\":1,\"name\":\"Home\",\"item\":\"https:\\\/\\\/everydaychemshop.com\\\/da\\\/\"},{\"@type\":\"ListItem\",\"position\":2,\"name\":\"Produkter\",\"item\":\"https:\\\/\\\/everydaychemshop.com\\\/da\\\/produkter\\\/\"},{\"@type\":\"ListItem\",\"position\":3,\"name\":\"Suzy Q CBD hampeblomst\"}]},{\"@type\":\"WebSite\",\"@id\":\"https:\\\/\\\/everydaychemshop.com\\\/da\\\/#website\",\"url\":\"https:\\\/\\\/everydaychemshop.com\\\/da\\\/\",\"name\":\"Everyday Chem Shop\",\"description\":\"\",\"potentialAction\":[{\"@type\":\"SearchAction\",\"target\":{\"@type\":\"EntryPoint\",\"urlTemplate\":\"https:\\\/\\\/everydaychemshop.com\\\/da\\\/?s={search_term_string}\"},\"query-input\":{\"@type\":\"PropertyValueSpecification\",\"valueRequired\":true,\"valueName\":\"search_term_string\"}}],\"inLanguage\":\"en-US\"}]}<\/script>\n<!-- \/ Yoast SEO Premium plugin. -->","yoast_head_json":{"title":"K\u00f8b Suzy Q CBD Hamp Flower Online- Everyday Chem Shop","description":"K\u00f8b Suzy Q CBD Hamp Flower Online. Vi s\u00e6lger Suzy Q CBD Hamp Flower af h\u00f8j kvalitet. Kontakt for mere info og priser p\u00e5 hvordan du bestiller.","robots":{"index":"index","follow":"follow","max-snippet":"max-snippet:-1","max-image-preview":"max-image-preview:large","max-video-preview":"max-video-preview:-1"},"canonical":"https:\/\/everydaychemshop.com\/da\/product\/suzy-q-cbd-hamp-blomst\/","og_locale":"en_US","og_type":"article","og_title":"Suzy Q CBD hampeblomst","og_description":"K\u00f8b Suzy Q CBD Hamp Flower Online. Vi s\u00e6lger Suzy Q CBD Hamp Flower af h\u00f8j kvalitet. Kontakt for mere info og priser p\u00e5 hvordan du bestiller.","og_url":"https:\/\/everydaychemshop.com\/da\/product\/suzy-q-cbd-hamp-blomst\/","og_site_name":"Everyday Chem Shop","article_modified_time":"2023-04-08T05:12:46+00:00","og_image":[{"width":600,"height":600,"url":"https:\/\/everydaychemshop.com\/da\/wp-content\/uploads\/sites\/2\/2022\/11\/Buy-Suzy-Q-CBD-Hemp-Flower-Online.jpg","type":"image\/jpeg"}],"twitter_card":"summary_large_image","twitter_misc":{"Est. reading time":"2 minutes"},"schema":{"@context":"https:\/\/schema.org","@graph":[{"@type":"WebPage","@id":"https:\/\/everydaychemshop.com\/da\/product\/suzy-q-cbd-hamp-blomst\/","url":"https:\/\/everydaychemshop.com\/da\/product\/suzy-q-cbd-hamp-blomst\/","name":"K\u00f8b Suzy Q CBD Hamp Flower Online- Everyday Chem Shop","isPartOf":{"@id":"https:\/\/everydaychemshop.com\/da\/#website"},"primaryImageOfPage":{"@id":"https:\/\/everydaychemshop.com\/da\/product\/suzy-q-cbd-hamp-blomst\/#primaryimage"},"image":{"@id":"https:\/\/everydaychemshop.com\/da\/product\/suzy-q-cbd-hamp-blomst\/#primaryimage"},"thumbnailUrl":"https:\/\/everydaychemshop.com\/da\/wp-content\/uploads\/sites\/2\/2022\/11\/Buy-Suzy-Q-CBD-Hemp-Flower-Online.jpg","datePublished":"2022-11-20T07:29:18+00:00","dateModified":"2023-04-08T05:12:46+00:00","description":"K\u00f8b Suzy Q CBD Hamp Flower Online. Vi s\u00e6lger Suzy Q CBD Hamp Flower af h\u00f8j kvalitet. Kontakt for mere info og priser p\u00e5 hvordan du bestiller.","breadcrumb":{"@id":"https:\/\/everydaychemshop.com\/da\/product\/suzy-q-cbd-hamp-blomst\/#breadcrumb"},"inLanguage":"en-US","potentialAction":[{"@type":"ReadAction","target":["https:\/\/everydaychemshop.com\/da\/product\/suzy-q-cbd-hamp-blomst\/"]}]},{"@type":"ImageObject","inLanguage":"en-US","@id":"https:\/\/everydaychemshop.com\/da\/product\/suzy-q-cbd-hamp-blomst\/#primaryimage","url":"https:\/\/everydaychemshop.com\/da\/wp-content\/uploads\/sites\/2\/2022\/11\/Buy-Suzy-Q-CBD-Hemp-Flower-Online.jpg","contentUrl":"https:\/\/everydaychemshop.com\/da\/wp-content\/uploads\/sites\/2\/2022\/11\/Buy-Suzy-Q-CBD-Hemp-Flower-Online.jpg","width":600,"height":600,"caption":"K\u00f8b Suzy Q CBD Hamp Flower Online"},{"@type":"BreadcrumbList","@id":"https:\/\/everydaychemshop.com\/da\/product\/suzy-q-cbd-hamp-blomst\/#breadcrumb","itemListElement":[{"@type":"ListItem","position":1,"name":"Home","item":"https:\/\/everydaychemshop.com\/da\/"},{"@type":"ListItem","position":2,"name":"Produkter","item":"https:\/\/everydaychemshop.com\/da\/produkter\/"},{"@type":"ListItem","position":3,"name":"Suzy Q CBD hampeblomst"}]},{"@type":"WebSite","@id":"https:\/\/everydaychemshop.com\/da\/#website","url":"https:\/\/everydaychemshop.com\/da\/","name":"Everyday Chem Shop","description":"","potentialAction":[{"@type":"SearchAction","target":{"@type":"EntryPoint","urlTemplate":"https:\/\/everydaychemshop.com\/da\/?s={search_term_string}"},"query-input":{"@type":"PropertyValueSpecification","valueRequired":true,"valueName":"search_term_string"}}],"inLanguage":"en-US"}]}},"_links":{"self":[{"href":"https:\/\/everydaychemshop.com\/da\/wp-json\/wp\/v2\/product\/8315","targetHints":{"allow":["GET"]}}],"collection":[{"href":"https:\/\/everydaychemshop.com\/da\/wp-json\/wp\/v2\/product"}],"about":[{"href":"https:\/\/everydaychemshop.com\/da\/wp-json\/wp\/v2\/types\/product"}],"replies":[{"embeddable":true,"href":"https:\/\/everydaychemshop.com\/da\/wp-json\/wp\/v2\/comments?post=8315"}],"wp:featuredmedia":[{"embeddable":true,"href":"https:\/\/everydaychemshop.com\/da\/wp-json\/wp\/v2\/media\/8317"}],"wp:attachment":[{"href":"https:\/\/everydaychemshop.com\/da\/wp-json\/wp\/v2\/media?parent=8315"}],"wp:term":[{"taxonomy":"product_brand","embeddable":true,"href":"https:\/\/everydaychemshop.com\/da\/wp-json\/wp\/v2\/product_brand?post=8315"},{"taxonomy":"product_cat","embeddable":true,"href":"https:\/\/everydaychemshop.com\/da\/wp-json\/wp\/v2\/product_cat?post=8315"},{"taxonomy":"product_tag","embeddable":true,"href":"https:\/\/everydaychemshop.com\/da\/wp-json\/wp\/v2\/product_tag?post=8315"}],"curies":[{"name":"wp","href":"https:\/\/api.w.org\/{rel}","templated":true}]}}