{"id":8320,"date":"2022-11-20T07:45:50","date_gmt":"2022-11-20T07:45:50","guid":{"rendered":"https:\/\/everydaychemshop.com\/da\/?post_type=product&#038;p=8320"},"modified":"2023-04-08T05:11:38","modified_gmt":"2023-04-08T05:11:38","slug":"rick-simpson-olie-kob-rso-cbd-olie","status":"publish","type":"product","link":"https:\/\/everydaychemshop.com\/da\/product\/rick-simpson-olie-kob-rso-cbd-olie\/","title":{"rendered":"Rick Simpson olie | K\u00f8b RSO CBD olie"},"content":{"rendered":"<h1>K\u00f8b Rick Simpson (RSO) CBD-olie online<\/h1>\n<p><a href=\"https:\/\/everydaychemshop.com\/da\/product\/rick-simpson-olie-kob-rso-cbd-olie\/\">K\u00f8b Rick Simpson (RSO) CBD-olie online<\/a>\u2013 Rick Simpson cannabisolie er en type hampolie formuleret af den medicinske marihuana-aktivist Rick Simpson. Efter at have opdaget cannabisoliens helbredende kr\u00e6fter og helbredt sig selv for sin metastaserende hudkr\u00e6ft i 2003, besluttede Rick Simpson at dele sin viden.<\/p>\n<p>Cannabisens medicinske kraft<br \/>\nBrugt som behandling for kr\u00e6ft og en r\u00e6kke andre lidelser, olien hedder Rick Simpson Cannabisolie og Rick Simpson hampolie. Olien udnytter cannabisplantens helbredende kr\u00e6fter, hvoraf dele er blevet brugt til medicinske form\u00e5l i \u00e5rhundreder. Olien er et af de mest effektive moderne helbredende produkter afledt af cannabisplanten.<\/p>\n<p>du kan ikke kun l\u00e6re at lave olien selv, men nemt k\u00f8be klar til brug cannabisolie <a href=\"https:\/\/da.wikipedia.org\/wiki\/Cannabinol\">til<\/a> de bedste priser.<\/p>\n<p>Rick Simpson-olieopskrift<br \/>\nMange mennesker leder efter Rick Simpson-olieopskriften for at skabe kuren mod kr\u00e6ft og mange andre tilstande. Nedenfor er proceduren til fremstilling af Rick Simpson-cannabisolie. Du kan f\u00f8lge instruktionerne, men husk, at det er ret sv\u00e6rt at finde cannabisplanten og dens fiber (hamp) lovligt. Det er derfor, vi leverer b\u00e5de Rick Simpson-olieopskriften og selve olien for at begynde at bruge den lige ud af flasken.<\/p>\n<p>S\u00e5dan laver du Rick Simpson Cannabisolie<br \/>\nVigtigt:V\u00e6r MEGET forsigtig, n\u00e5r du kog opl\u00f8sningsmidlet. Brug ikke komfurer eller r\u00f8dgl\u00f8dende varmeelementer. Undg\u00e5 ogs\u00e5 gnister, rygning og s\u00f8rg for at bruge en ventilator til at afv\u00e6rge dampe fra gryden. Hele processen skal udf\u00f8res i et godt ventileret omr\u00e5de.<\/p>\n<p>1. L\u00e6g den fuldt t\u00f8rrede plante i en plastikbeholder.<\/p>\n<p>2. Brug et opl\u00f8sningsmiddel (ether, ren naphtha, butan, 99 % er opropylalkohol eller vand) til at fugte materialet. For et pund materiale skal du bruge to gallons opl\u00f8sningsmiddel. For 1 oz. er 500 ml nok.<\/p>\n<p>3. Brug en ren (ubehandlet) tr\u00e6pind til at knuse planten. Et andet lignende v\u00e6rkt\u00f8j kan ogs\u00e5 bruges.<\/p>\n<p>4. Gennembl\u00f8d plantematerialet fuldst\u00e6ndigt med opl\u00f8sningsmidlet, mens du forts\u00e6tter med knusningen. R\u00f8r blandingen i tre minutter.<\/p>\n<p>5. H\u00e6ld blandingen i en anden beholder.<\/p>\n<p>6. Tilf\u00f8j mere opl\u00f8sningsmiddel til blandingen og omr\u00f8r derefter i yderligere tre minutter.<\/p>\n<p>7. H\u00e6ld denne opl\u00f8sningsmiddelolieblanding i spanden.<\/p>\n<p>8. Fjern plantematerialet.<\/p>\n<p>9. Brug et kaffefilter til at h\u00e6lde blandingen i en anden ren beholder.<\/p>\n<p>10. Kog opl\u00f8sningsmidlet. S\u00f8rg for, at du altid er sikker. En riskoger vil hj\u00e6lpe dig med at klare det perfekt.<\/p>\n<p>11. Fyld 75 % af komfuret med opl\u00f8sningsmidlet, og drej det til H\u00d8J varme. Bliv ved med at tils\u00e6tte blandingen, mens opl\u00f8sningsmidlet fordamper. H\u00e6ld hele blandingen i komfuret.<\/p>\n<p>12. N\u00e5r blandingens niveau falder for sidste gang, tils\u00e6t lidt vand (10 dr\u00e5ber for 1 lb. t\u00f8rt materiale).<\/p>\n<p>13. Tag komfuret op (brug ovnluffer), og vend blandingen rundt, n\u00e5r der er en tomme af blandingen tilbage.<\/p>\n<p>14. Drej enheden til LAV varme, n\u00e5r du har kogt opl\u00f8sningsmidlet af. Husk, at olien altid skal forblive under 140\u00b0C (290\u00b0F).<\/p>\n<p>15. H\u00e6ld forsigtigt olien i en beholder af rustfrit st\u00e5l.<\/p>\n<p>16. S\u00e6t denne beholder i en dehydrator eller p\u00e5 en blid opvarmningsanordning som en kaffevarmer. Vent til de flygtige terpener og vand er fordampet. N\u00e5r overfladeaktiviteten aftager i olien, er den klar til brug.<\/p>\n<p>17. Fyld olien i en plastikspr\u00f8jte eller en anden beholder efter eget valg.<\/p>\n<p>Cannabismateriale og Rick Simpson-olie til salg<br \/>\nHvis du er til en enklere metode til at f\u00e5 den fantastiske Rick Simpson hampolie , f\u00e5 det nemt her til de mest rimelige priser, du kan finde online.<\/p>\n<p>Vi bringer dig cannabis af h\u00f8j kvalitet til at lave Risk Simpson cannabisolie lige her. Du kan ogs\u00e5 k\u00f8be den brugsklare olie til de bedste priser. Fort\u00e6l os, hvad du har brug for, og vi vil hj\u00e6lpe dig med at komme meget t\u00e6ttere p\u00e5 at sl\u00e5 kr\u00e6ft eller andre lidelser, du \u00f8nsker at besejre.<\/p>\n<p>&nbsp;<\/p>\n","protected":false},"excerpt":{"rendered":"<ul>\n<li>Forsendelse til hele verden<\/li>\n<li><strong>Kontakt os<\/strong>\u00a0for st\u00f8rre ordrer<\/li>\n<\/ul>\n<p>Vi leverer produkter af h\u00f8j renhed med en meget god og diskret forsendelse system. Med 12 \u00e5rs erfaring med levering inden for forskningskemikalier; vi koncentrerer os om sikkerhed.<\/p>\n<p>Vi er p\u00e5lidelige, trov\u00e6rdige, hurtig levering og produkter af h\u00f8j kvalitet kun til en overkommelig pris.<\/p>\n","protected":false},"featured_media":8328,"comment_status":"open","ping_status":"closed","template":"","meta":{"inline_featured_image":false},"product_brand":[],"product_cat":[61],"product_tag":[554,556,555,560,562,559,563,548,571,584,570,569,566,567,551,549,572,575,552,574,546,543,553,581,565,568,579,541,545,547,564,558,561,557,544,542,550,583,573,577,582,576,580,578],"class_list":{"0":"post-8320","1":"product","2":"type-product","3":"status-publish","4":"has-post-thumbnail","6":"product_cat-cannabis-produkter","7":"product_tag-best-cbd-oil","8":"product_tag-buy-cbd-oil-online-alberta","9":"product_tag-buy-cbd-oil-online-california","10":"product_tag-buy-cbd-oil-online-canada-reddit","11":"product_tag-buy-cbd-oil-online-coupon","12":"product_tag-buy-cbd-oil-online-ny","13":"product_tag-buy-cbd-oil-online-spain","14":"product_tag-buy-cbd-oil-wholesale","15":"product_tag-buy-legal-cbd-oil-online","16":"product_tag-buy-rso-cannabis-oil","17":"product_tag-buy-sunmed-cbd-oil-online","18":"product_tag-buying-cbd-oil-online","19":"product_tag-can-you-buy-cbd-oil-online-legally","20":"product_tag-can-you-buy-cbd-oil-online-uk","21":"product_tag-cannabidiol-buy","22":"product_tag-cbd-oil","23":"product_tag-cbd-oil-amazon","24":"product_tag-cbd-oil-reviews","25":"product_tag-cbd-olie-fordele","26":"product_tag-cbd-olie-nr-mig","27":"product_tag-cbd-olie-for-angst","28":"product_tag-cbd-olie-til-smerte","29":"product_tag-cbd-produkter","30":"product_tag-cbd-rso-effekter","31":"product_tag-er-det-lovligt-at-kbe-cbd-olie-online","32":"product_tag-er-det-sikkert-at-kbe-cbd-olie-online","33":"product_tag-hj-cbd-rso","34":"product_tag-kb-cbd-olie","35":"product_tag-kb-cbd-olie-amazon","36":"product_tag-kb-cbd-olie-online","37":"product_tag-kb-cbd-olie-online-edmonton","38":"product_tag-kb-cbd-olie-online-europa","39":"product_tag-kb-cbd-olie-online-frankrig","40":"product_tag-kb-cbd-olie-online-international-forsendelse","41":"product_tag-organisk-cbd-olie","42":"product_tag-ren-cbd-olie","43":"product_tag-ren-naturlig-cbd-olie","44":"product_tag-rick-simpson-olie-kb-florida","45":"product_tag-royal-cbd-olie","46":"product_tag-rso-cbd-olie-for-angst","47":"product_tag-rso-oil-for-sale-in-ohio","48":"product_tag-rso-olie-for-smerte","49":"product_tag-rso-olie-pris","50":"product_tag-rso-online","52":"first","53":"instock","54":"shipping-taxable","55":"purchasable","56":"product-type-variable","57":"has-default-attributes"},"yoast_head":"<!-- This site is optimized with the Yoast SEO Premium plugin v19.2 (Yoast SEO v27.3) - https:\/\/yoast.com\/product\/yoast-seo-premium-wordpress\/ -->\n<title>K\u00f8b Rick Simpson (RSO) CBD-olie online- Everyday Chem Shop<\/title>\n<meta name=\"description\" content=\"K\u00f8b Rick Simpson (RSO) CBD-olie online. Vi s\u00e6lger Rick Simpson (RSO) CBD-olie af h\u00f8j kvalitet. Kontakt venligst for mere info om priser og hvordan du bestiller.\" \/>\n<meta name=\"robots\" content=\"index, follow, max-snippet:-1, max-image-preview:large, max-video-preview:-1\" \/>\n<link rel=\"canonical\" href=\"https:\/\/everydaychemshop.com\/da\/product\/rick-simpson-olie-kob-rso-cbd-olie\/\" \/>\n<meta property=\"og:locale\" content=\"en_US\" \/>\n<meta property=\"og:type\" content=\"article\" \/>\n<meta property=\"og:title\" content=\"Rick Simpson olie | K\u00f8b RSO CBD olie\" \/>\n<meta property=\"og:description\" content=\"K\u00f8b Rick Simpson (RSO) CBD-olie online. Vi s\u00e6lger Rick Simpson (RSO) CBD-olie af h\u00f8j kvalitet. Kontakt venligst for mere info om priser og hvordan du bestiller.\" \/>\n<meta property=\"og:url\" content=\"https:\/\/everydaychemshop.com\/da\/product\/rick-simpson-olie-kob-rso-cbd-olie\/\" \/>\n<meta property=\"og:site_name\" content=\"Everyday Chem Shop\" \/>\n<meta property=\"article:modified_time\" content=\"2023-04-08T05:11:38+00:00\" \/>\n<meta property=\"og:image\" content=\"https:\/\/everydaychemshop.com\/da\/wp-content\/uploads\/sites\/2\/2022\/11\/Buy-RSO-CBD-Oil.jpg\" \/>\n\t<meta property=\"og:image:width\" content=\"600\" \/>\n\t<meta property=\"og:image:height\" content=\"600\" \/>\n\t<meta property=\"og:image:type\" content=\"image\/jpeg\" \/>\n<meta name=\"twitter:card\" content=\"summary_large_image\" \/>\n<meta name=\"twitter:label1\" content=\"Est. reading time\" \/>\n\t<meta name=\"twitter:data1\" content=\"3 minutes\" \/>\n<script type=\"application\/ld+json\" class=\"yoast-schema-graph\">{\"@context\":\"https:\\\/\\\/schema.org\",\"@graph\":[{\"@type\":\"WebPage\",\"@id\":\"https:\\\/\\\/everydaychemshop.com\\\/da\\\/product\\\/rick-simpson-olie-kob-rso-cbd-olie\\\/\",\"url\":\"https:\\\/\\\/everydaychemshop.com\\\/da\\\/product\\\/rick-simpson-olie-kob-rso-cbd-olie\\\/\",\"name\":\"K\u00f8b Rick Simpson (RSO) CBD-olie online- Everyday Chem Shop\",\"isPartOf\":{\"@id\":\"https:\\\/\\\/everydaychemshop.com\\\/da\\\/#website\"},\"primaryImageOfPage\":{\"@id\":\"https:\\\/\\\/everydaychemshop.com\\\/da\\\/product\\\/rick-simpson-olie-kob-rso-cbd-olie\\\/#primaryimage\"},\"image\":{\"@id\":\"https:\\\/\\\/everydaychemshop.com\\\/da\\\/product\\\/rick-simpson-olie-kob-rso-cbd-olie\\\/#primaryimage\"},\"thumbnailUrl\":\"https:\\\/\\\/everydaychemshop.com\\\/da\\\/wp-content\\\/uploads\\\/sites\\\/2\\\/2022\\\/11\\\/Buy-RSO-CBD-Oil.jpg\",\"datePublished\":\"2022-11-20T07:45:50+00:00\",\"dateModified\":\"2023-04-08T05:11:38+00:00\",\"description\":\"K\u00f8b Rick Simpson (RSO) CBD-olie online. Vi s\u00e6lger Rick Simpson (RSO) CBD-olie af h\u00f8j kvalitet. Kontakt venligst for mere info om priser og hvordan du bestiller.\",\"breadcrumb\":{\"@id\":\"https:\\\/\\\/everydaychemshop.com\\\/da\\\/product\\\/rick-simpson-olie-kob-rso-cbd-olie\\\/#breadcrumb\"},\"inLanguage\":\"en-US\",\"potentialAction\":[{\"@type\":\"ReadAction\",\"target\":[\"https:\\\/\\\/everydaychemshop.com\\\/da\\\/product\\\/rick-simpson-olie-kob-rso-cbd-olie\\\/\"]}]},{\"@type\":\"ImageObject\",\"inLanguage\":\"en-US\",\"@id\":\"https:\\\/\\\/everydaychemshop.com\\\/da\\\/product\\\/rick-simpson-olie-kob-rso-cbd-olie\\\/#primaryimage\",\"url\":\"https:\\\/\\\/everydaychemshop.com\\\/da\\\/wp-content\\\/uploads\\\/sites\\\/2\\\/2022\\\/11\\\/Buy-RSO-CBD-Oil.jpg\",\"contentUrl\":\"https:\\\/\\\/everydaychemshop.com\\\/da\\\/wp-content\\\/uploads\\\/sites\\\/2\\\/2022\\\/11\\\/Buy-RSO-CBD-Oil.jpg\",\"width\":600,\"height\":600,\"caption\":\"K\u00f8b Rick Simpson (RSO) CBD-olie online\"},{\"@type\":\"BreadcrumbList\",\"@id\":\"https:\\\/\\\/everydaychemshop.com\\\/da\\\/product\\\/rick-simpson-olie-kob-rso-cbd-olie\\\/#breadcrumb\",\"itemListElement\":[{\"@type\":\"ListItem\",\"position\":1,\"name\":\"Home\",\"item\":\"https:\\\/\\\/everydaychemshop.com\\\/da\\\/\"},{\"@type\":\"ListItem\",\"position\":2,\"name\":\"Produkter\",\"item\":\"https:\\\/\\\/everydaychemshop.com\\\/da\\\/produkter\\\/\"},{\"@type\":\"ListItem\",\"position\":3,\"name\":\"Rick Simpson olie | K\u00f8b RSO CBD olie\"}]},{\"@type\":\"WebSite\",\"@id\":\"https:\\\/\\\/everydaychemshop.com\\\/da\\\/#website\",\"url\":\"https:\\\/\\\/everydaychemshop.com\\\/da\\\/\",\"name\":\"Everyday Chem Shop\",\"description\":\"\",\"potentialAction\":[{\"@type\":\"SearchAction\",\"target\":{\"@type\":\"EntryPoint\",\"urlTemplate\":\"https:\\\/\\\/everydaychemshop.com\\\/da\\\/?s={search_term_string}\"},\"query-input\":{\"@type\":\"PropertyValueSpecification\",\"valueRequired\":true,\"valueName\":\"search_term_string\"}}],\"inLanguage\":\"en-US\"}]}<\/script>\n<!-- \/ Yoast SEO Premium plugin. -->","yoast_head_json":{"title":"K\u00f8b Rick Simpson (RSO) CBD-olie online- Everyday Chem Shop","description":"K\u00f8b Rick Simpson (RSO) CBD-olie online. Vi s\u00e6lger Rick Simpson (RSO) CBD-olie af h\u00f8j kvalitet. Kontakt venligst for mere info om priser og hvordan du bestiller.","robots":{"index":"index","follow":"follow","max-snippet":"max-snippet:-1","max-image-preview":"max-image-preview:large","max-video-preview":"max-video-preview:-1"},"canonical":"https:\/\/everydaychemshop.com\/da\/product\/rick-simpson-olie-kob-rso-cbd-olie\/","og_locale":"en_US","og_type":"article","og_title":"Rick Simpson olie | K\u00f8b RSO CBD olie","og_description":"K\u00f8b Rick Simpson (RSO) CBD-olie online. Vi s\u00e6lger Rick Simpson (RSO) CBD-olie af h\u00f8j kvalitet. Kontakt venligst for mere info om priser og hvordan du bestiller.","og_url":"https:\/\/everydaychemshop.com\/da\/product\/rick-simpson-olie-kob-rso-cbd-olie\/","og_site_name":"Everyday Chem Shop","article_modified_time":"2023-04-08T05:11:38+00:00","og_image":[{"width":600,"height":600,"url":"https:\/\/everydaychemshop.com\/da\/wp-content\/uploads\/sites\/2\/2022\/11\/Buy-RSO-CBD-Oil.jpg","type":"image\/jpeg"}],"twitter_card":"summary_large_image","twitter_misc":{"Est. reading time":"3 minutes"},"schema":{"@context":"https:\/\/schema.org","@graph":[{"@type":"WebPage","@id":"https:\/\/everydaychemshop.com\/da\/product\/rick-simpson-olie-kob-rso-cbd-olie\/","url":"https:\/\/everydaychemshop.com\/da\/product\/rick-simpson-olie-kob-rso-cbd-olie\/","name":"K\u00f8b Rick Simpson (RSO) CBD-olie online- Everyday Chem Shop","isPartOf":{"@id":"https:\/\/everydaychemshop.com\/da\/#website"},"primaryImageOfPage":{"@id":"https:\/\/everydaychemshop.com\/da\/product\/rick-simpson-olie-kob-rso-cbd-olie\/#primaryimage"},"image":{"@id":"https:\/\/everydaychemshop.com\/da\/product\/rick-simpson-olie-kob-rso-cbd-olie\/#primaryimage"},"thumbnailUrl":"https:\/\/everydaychemshop.com\/da\/wp-content\/uploads\/sites\/2\/2022\/11\/Buy-RSO-CBD-Oil.jpg","datePublished":"2022-11-20T07:45:50+00:00","dateModified":"2023-04-08T05:11:38+00:00","description":"K\u00f8b Rick Simpson (RSO) CBD-olie online. Vi s\u00e6lger Rick Simpson (RSO) CBD-olie af h\u00f8j kvalitet. Kontakt venligst for mere info om priser og hvordan du bestiller.","breadcrumb":{"@id":"https:\/\/everydaychemshop.com\/da\/product\/rick-simpson-olie-kob-rso-cbd-olie\/#breadcrumb"},"inLanguage":"en-US","potentialAction":[{"@type":"ReadAction","target":["https:\/\/everydaychemshop.com\/da\/product\/rick-simpson-olie-kob-rso-cbd-olie\/"]}]},{"@type":"ImageObject","inLanguage":"en-US","@id":"https:\/\/everydaychemshop.com\/da\/product\/rick-simpson-olie-kob-rso-cbd-olie\/#primaryimage","url":"https:\/\/everydaychemshop.com\/da\/wp-content\/uploads\/sites\/2\/2022\/11\/Buy-RSO-CBD-Oil.jpg","contentUrl":"https:\/\/everydaychemshop.com\/da\/wp-content\/uploads\/sites\/2\/2022\/11\/Buy-RSO-CBD-Oil.jpg","width":600,"height":600,"caption":"K\u00f8b Rick Simpson (RSO) CBD-olie online"},{"@type":"BreadcrumbList","@id":"https:\/\/everydaychemshop.com\/da\/product\/rick-simpson-olie-kob-rso-cbd-olie\/#breadcrumb","itemListElement":[{"@type":"ListItem","position":1,"name":"Home","item":"https:\/\/everydaychemshop.com\/da\/"},{"@type":"ListItem","position":2,"name":"Produkter","item":"https:\/\/everydaychemshop.com\/da\/produkter\/"},{"@type":"ListItem","position":3,"name":"Rick Simpson olie | K\u00f8b RSO CBD olie"}]},{"@type":"WebSite","@id":"https:\/\/everydaychemshop.com\/da\/#website","url":"https:\/\/everydaychemshop.com\/da\/","name":"Everyday Chem Shop","description":"","potentialAction":[{"@type":"SearchAction","target":{"@type":"EntryPoint","urlTemplate":"https:\/\/everydaychemshop.com\/da\/?s={search_term_string}"},"query-input":{"@type":"PropertyValueSpecification","valueRequired":true,"valueName":"search_term_string"}}],"inLanguage":"en-US"}]}},"_links":{"self":[{"href":"https:\/\/everydaychemshop.com\/da\/wp-json\/wp\/v2\/product\/8320","targetHints":{"allow":["GET"]}}],"collection":[{"href":"https:\/\/everydaychemshop.com\/da\/wp-json\/wp\/v2\/product"}],"about":[{"href":"https:\/\/everydaychemshop.com\/da\/wp-json\/wp\/v2\/types\/product"}],"replies":[{"embeddable":true,"href":"https:\/\/everydaychemshop.com\/da\/wp-json\/wp\/v2\/comments?post=8320"}],"wp:featuredmedia":[{"embeddable":true,"href":"https:\/\/everydaychemshop.com\/da\/wp-json\/wp\/v2\/media\/8328"}],"wp:attachment":[{"href":"https:\/\/everydaychemshop.com\/da\/wp-json\/wp\/v2\/media?parent=8320"}],"wp:term":[{"taxonomy":"product_brand","embeddable":true,"href":"https:\/\/everydaychemshop.com\/da\/wp-json\/wp\/v2\/product_brand?post=8320"},{"taxonomy":"product_cat","embeddable":true,"href":"https:\/\/everydaychemshop.com\/da\/wp-json\/wp\/v2\/product_cat?post=8320"},{"taxonomy":"product_tag","embeddable":true,"href":"https:\/\/everydaychemshop.com\/da\/wp-json\/wp\/v2\/product_tag?post=8320"}],"curies":[{"name":"wp","href":"https:\/\/api.w.org\/{rel}","templated":true}]}}