{"id":8332,"date":"2022-11-22T22:31:34","date_gmt":"2022-11-22T22:31:34","guid":{"rendered":"https:\/\/everydaychemshop.com\/da\/?post_type=product&#038;p=8332"},"modified":"2023-04-08T05:10:22","modified_gmt":"2023-04-08T05:10:22","slug":"kob-bryllupskage-thc-destillat-overste-hylde","status":"publish","type":"product","link":"https:\/\/everydaychemshop.com\/da\/product\/kob-bryllupskage-thc-destillat-overste-hylde\/","title":{"rendered":"K\u00f8b bryllupskage THC destillat \u2013 \u00f8verste hylde"},"content":{"rendered":"<h1>K\u00f8b bryllupskage THC destillat online<\/h1>\n<p><a href=\"https:\/\/everydaychemshop.com\/da\/product\/kob-bryllupskage-thc-destillat-overste-hylde\/\">K\u00f8b bryllupskage THC destillat online<\/a> \u2013 \u00f8verste hylde \u2013 THC\u00a0destillat \u00a0er et renset, opl\u00f8sningsmiddelfrit cannabisekstrakt, der har en\u00a0THC niveauer\u00a0p\u00e5 98 % . Det er et klart gyldent koncentrat, der renses for al voks, fedt og olie under filtrering\/destillationsprocessen ved hj\u00e6lp af den mest avancerede teknologi til at producere <a href=\"https:\/\/da.wikipedia.org\/wiki\/Tetrahydrocannabinol\">en<\/a> ren tyk klar olie, der kan indtages som spiselig, bruges som topisk eller r\u00f8get\/fordampet ! Dette er en ekstremt tyk olie i en glasspr\u00f8jte. Varm forsigtigt spr\u00f8jten op f\u00f8r brug.<\/p>\n","protected":false},"excerpt":{"rendered":"<p>Forsendelse til hele verden<br \/>\nMinimum ordrem\u00e6ngde er 2<br \/>\nKontakt os for st\u00f8rre ordrer<br \/>\nVi leverer produkter med h\u00f8j renhed med et meget godt og diskret forsendelsessystem. Med 12 \u00e5rs erfaring med levering inden for forskningskemikalier; vi koncentrerer os om sikkerhed.<\/p>\n<p>Vi er p\u00e5lidelige, trov\u00e6rdige, hurtig levering og produkter af h\u00f8j kvalitet kun til en overkommelig pris.<\/p>\n","protected":false},"featured_media":8340,"comment_status":"open","ping_status":"closed","template":"","meta":{"inline_featured_image":false},"product_brand":[],"product_cat":[61],"product_tag":[620,616,612,613,615,617,618,614,619,601,593,599,591,592,588,586,621,606,605,611,595,597,596,607,609,594,585,598,590,587,589,610,608,604,600,602,603],"class_list":{"0":"post-8332","1":"product","2":"type-product","3":"status-publish","4":"has-post-thumbnail","6":"product_cat-cannabis-produkter","7":"product_tag-ordre-cbd-destillat-uk","8":"product_tag-bestille-thc-destillat-sprjte","9":"product_tag-bestille-thc-destillat-online","10":"product_tag-ordre-thc-destillat-online-usa","11":"product_tag-bestil-thc-destillat-olie-online","12":"product_tag-bestille-thc-destillat-olie-online-canada","13":"product_tag-bestille-thc-destillat-olie-online-dk","14":"product_tag-bestille-thc-destillat-olie-online-usa","15":"product_tag-ordre-cbd-destillat","16":"product_tag-orden-thc-destillat","17":"product_tag-buy-cbd-distillate","18":"product_tag-buy-oz-of-thc-distillate","19":"product_tag-buy-thc-distillate-oil-online-canada","20":"product_tag-buy-thc-distillate-oil-online-uk","21":"product_tag-buy-thc-distillate-oil-online-usa","22":"product_tag-buy-thc-distillate-online","23":"product_tag-buy-wedding-cake-thc-distillate","24":"product_tag-thc-destillat-temperatur","25":"product_tag-thc-destillationstemperatur","26":"product_tag-engros-thc-destillat","27":"product_tag-hvor-kan-kbes-thc-destillat","28":"product_tag-hvor-kan-kbes-thc-destillat-i-californien","29":"product_tag-hvor-kan-kbes-thc-destillat-online","30":"product_tag-kb-billigt-thc-destillat","31":"product_tag-buy-bulk-thc-destillat","32":"product_tag-kb-cbd-destillat-uk","33":"product_tag-kb-thc-destillat","34":"product_tag-kb-thc-destillat-farvet","35":"product_tag-kb-thc-destillat-sprjte","36":"product_tag-kb-thc-destillat-online-usa","37":"product_tag-kb-thc-destillat-olie-online","38":"product_tag-price-for-distillate-thc-bulk","39":"product_tag-thc-destillat-kemikalie","40":"product_tag-thc-destillat-kb","41":"product_tag-thc-destillat-pris","42":"product_tag-thc-destillat-til-salg","43":"product_tag-thc-destillationsudstyr","45":"first","46":"instock","47":"shipping-taxable","48":"purchasable","49":"product-type-variable","50":"has-default-attributes"},"yoast_head":"<!-- This site is optimized with the Yoast SEO Premium plugin v19.2 (Yoast SEO v27.3) - https:\/\/yoast.com\/product\/yoast-seo-premium-wordpress\/ -->\n<title>K\u00f8b bryllupskage THC destillat online- Everyday Chem Shop<\/title>\n<meta name=\"description\" content=\"K\u00f8b bryllupskage THC destillat online. Vi s\u00e6lger premium kvalitet THC destillat. Kontakt for mere information om priser og hvordan du bestiller.\" \/>\n<meta name=\"robots\" content=\"index, follow, max-snippet:-1, max-image-preview:large, max-video-preview:-1\" \/>\n<link rel=\"canonical\" href=\"https:\/\/everydaychemshop.com\/da\/product\/kob-bryllupskage-thc-destillat-overste-hylde\/\" \/>\n<meta property=\"og:locale\" content=\"en_US\" \/>\n<meta property=\"og:type\" content=\"article\" \/>\n<meta property=\"og:title\" content=\"K\u00f8b bryllupskage THC destillat \u2013 \u00f8verste hylde\" \/>\n<meta property=\"og:description\" content=\"K\u00f8b bryllupskage THC destillat online. Vi s\u00e6lger premium kvalitet THC destillat. Kontakt for mere information om priser og hvordan du bestiller.\" \/>\n<meta property=\"og:url\" content=\"https:\/\/everydaychemshop.com\/da\/product\/kob-bryllupskage-thc-destillat-overste-hylde\/\" \/>\n<meta property=\"og:site_name\" content=\"Everyday Chem Shop\" \/>\n<meta property=\"article:modified_time\" content=\"2023-04-08T05:10:22+00:00\" \/>\n<meta property=\"og:image\" content=\"https:\/\/everydaychemshop.com\/da\/wp-content\/uploads\/sites\/2\/2022\/11\/Buy-Wedding-Cake-THC-Distillate-\u2013-Top-Shelf.jpg\" \/>\n\t<meta property=\"og:image:width\" content=\"600\" \/>\n\t<meta property=\"og:image:height\" content=\"600\" \/>\n\t<meta property=\"og:image:type\" content=\"image\/jpeg\" \/>\n<meta name=\"twitter:card\" content=\"summary_large_image\" \/>\n<meta name=\"twitter:label1\" content=\"Est. reading time\" \/>\n\t<meta name=\"twitter:data1\" content=\"1 minute\" \/>\n<script type=\"application\/ld+json\" class=\"yoast-schema-graph\">{\"@context\":\"https:\\\/\\\/schema.org\",\"@graph\":[{\"@type\":\"WebPage\",\"@id\":\"https:\\\/\\\/everydaychemshop.com\\\/da\\\/product\\\/kob-bryllupskage-thc-destillat-overste-hylde\\\/\",\"url\":\"https:\\\/\\\/everydaychemshop.com\\\/da\\\/product\\\/kob-bryllupskage-thc-destillat-overste-hylde\\\/\",\"name\":\"K\u00f8b bryllupskage THC destillat online- Everyday Chem Shop\",\"isPartOf\":{\"@id\":\"https:\\\/\\\/everydaychemshop.com\\\/da\\\/#website\"},\"primaryImageOfPage\":{\"@id\":\"https:\\\/\\\/everydaychemshop.com\\\/da\\\/product\\\/kob-bryllupskage-thc-destillat-overste-hylde\\\/#primaryimage\"},\"image\":{\"@id\":\"https:\\\/\\\/everydaychemshop.com\\\/da\\\/product\\\/kob-bryllupskage-thc-destillat-overste-hylde\\\/#primaryimage\"},\"thumbnailUrl\":\"https:\\\/\\\/everydaychemshop.com\\\/da\\\/wp-content\\\/uploads\\\/sites\\\/2\\\/2022\\\/11\\\/Buy-Wedding-Cake-THC-Distillate-\u2013-Top-Shelf.jpg\",\"datePublished\":\"2022-11-22T22:31:34+00:00\",\"dateModified\":\"2023-04-08T05:10:22+00:00\",\"description\":\"K\u00f8b bryllupskage THC destillat online. Vi s\u00e6lger premium kvalitet THC destillat. Kontakt for mere information om priser og hvordan du bestiller.\",\"breadcrumb\":{\"@id\":\"https:\\\/\\\/everydaychemshop.com\\\/da\\\/product\\\/kob-bryllupskage-thc-destillat-overste-hylde\\\/#breadcrumb\"},\"inLanguage\":\"en-US\",\"potentialAction\":[{\"@type\":\"ReadAction\",\"target\":[\"https:\\\/\\\/everydaychemshop.com\\\/da\\\/product\\\/kob-bryllupskage-thc-destillat-overste-hylde\\\/\"]}]},{\"@type\":\"ImageObject\",\"inLanguage\":\"en-US\",\"@id\":\"https:\\\/\\\/everydaychemshop.com\\\/da\\\/product\\\/kob-bryllupskage-thc-destillat-overste-hylde\\\/#primaryimage\",\"url\":\"https:\\\/\\\/everydaychemshop.com\\\/da\\\/wp-content\\\/uploads\\\/sites\\\/2\\\/2022\\\/11\\\/Buy-Wedding-Cake-THC-Distillate-\u2013-Top-Shelf.jpg\",\"contentUrl\":\"https:\\\/\\\/everydaychemshop.com\\\/da\\\/wp-content\\\/uploads\\\/sites\\\/2\\\/2022\\\/11\\\/Buy-Wedding-Cake-THC-Distillate-\u2013-Top-Shelf.jpg\",\"width\":600,\"height\":600,\"caption\":\"K\u00f8b bryllupskage THC destillat online\"},{\"@type\":\"BreadcrumbList\",\"@id\":\"https:\\\/\\\/everydaychemshop.com\\\/da\\\/product\\\/kob-bryllupskage-thc-destillat-overste-hylde\\\/#breadcrumb\",\"itemListElement\":[{\"@type\":\"ListItem\",\"position\":1,\"name\":\"Home\",\"item\":\"https:\\\/\\\/everydaychemshop.com\\\/da\\\/\"},{\"@type\":\"ListItem\",\"position\":2,\"name\":\"Produkter\",\"item\":\"https:\\\/\\\/everydaychemshop.com\\\/da\\\/produkter\\\/\"},{\"@type\":\"ListItem\",\"position\":3,\"name\":\"K\u00f8b bryllupskage THC destillat \u2013 \u00f8verste hylde\"}]},{\"@type\":\"WebSite\",\"@id\":\"https:\\\/\\\/everydaychemshop.com\\\/da\\\/#website\",\"url\":\"https:\\\/\\\/everydaychemshop.com\\\/da\\\/\",\"name\":\"Everyday Chem Shop\",\"description\":\"\",\"potentialAction\":[{\"@type\":\"SearchAction\",\"target\":{\"@type\":\"EntryPoint\",\"urlTemplate\":\"https:\\\/\\\/everydaychemshop.com\\\/da\\\/?s={search_term_string}\"},\"query-input\":{\"@type\":\"PropertyValueSpecification\",\"valueRequired\":true,\"valueName\":\"search_term_string\"}}],\"inLanguage\":\"en-US\"}]}<\/script>\n<!-- \/ Yoast SEO Premium plugin. -->","yoast_head_json":{"title":"K\u00f8b bryllupskage THC destillat online- Everyday Chem Shop","description":"K\u00f8b bryllupskage THC destillat online. Vi s\u00e6lger premium kvalitet THC destillat. Kontakt for mere information om priser og hvordan du bestiller.","robots":{"index":"index","follow":"follow","max-snippet":"max-snippet:-1","max-image-preview":"max-image-preview:large","max-video-preview":"max-video-preview:-1"},"canonical":"https:\/\/everydaychemshop.com\/da\/product\/kob-bryllupskage-thc-destillat-overste-hylde\/","og_locale":"en_US","og_type":"article","og_title":"K\u00f8b bryllupskage THC destillat \u2013 \u00f8verste hylde","og_description":"K\u00f8b bryllupskage THC destillat online. Vi s\u00e6lger premium kvalitet THC destillat. Kontakt for mere information om priser og hvordan du bestiller.","og_url":"https:\/\/everydaychemshop.com\/da\/product\/kob-bryllupskage-thc-destillat-overste-hylde\/","og_site_name":"Everyday Chem Shop","article_modified_time":"2023-04-08T05:10:22+00:00","og_image":[{"width":600,"height":600,"url":"https:\/\/everydaychemshop.com\/da\/wp-content\/uploads\/sites\/2\/2022\/11\/Buy-Wedding-Cake-THC-Distillate-\u2013-Top-Shelf.jpg","type":"image\/jpeg"}],"twitter_card":"summary_large_image","twitter_misc":{"Est. reading time":"1 minute"},"schema":{"@context":"https:\/\/schema.org","@graph":[{"@type":"WebPage","@id":"https:\/\/everydaychemshop.com\/da\/product\/kob-bryllupskage-thc-destillat-overste-hylde\/","url":"https:\/\/everydaychemshop.com\/da\/product\/kob-bryllupskage-thc-destillat-overste-hylde\/","name":"K\u00f8b bryllupskage THC destillat online- Everyday Chem Shop","isPartOf":{"@id":"https:\/\/everydaychemshop.com\/da\/#website"},"primaryImageOfPage":{"@id":"https:\/\/everydaychemshop.com\/da\/product\/kob-bryllupskage-thc-destillat-overste-hylde\/#primaryimage"},"image":{"@id":"https:\/\/everydaychemshop.com\/da\/product\/kob-bryllupskage-thc-destillat-overste-hylde\/#primaryimage"},"thumbnailUrl":"https:\/\/everydaychemshop.com\/da\/wp-content\/uploads\/sites\/2\/2022\/11\/Buy-Wedding-Cake-THC-Distillate-\u2013-Top-Shelf.jpg","datePublished":"2022-11-22T22:31:34+00:00","dateModified":"2023-04-08T05:10:22+00:00","description":"K\u00f8b bryllupskage THC destillat online. Vi s\u00e6lger premium kvalitet THC destillat. Kontakt for mere information om priser og hvordan du bestiller.","breadcrumb":{"@id":"https:\/\/everydaychemshop.com\/da\/product\/kob-bryllupskage-thc-destillat-overste-hylde\/#breadcrumb"},"inLanguage":"en-US","potentialAction":[{"@type":"ReadAction","target":["https:\/\/everydaychemshop.com\/da\/product\/kob-bryllupskage-thc-destillat-overste-hylde\/"]}]},{"@type":"ImageObject","inLanguage":"en-US","@id":"https:\/\/everydaychemshop.com\/da\/product\/kob-bryllupskage-thc-destillat-overste-hylde\/#primaryimage","url":"https:\/\/everydaychemshop.com\/da\/wp-content\/uploads\/sites\/2\/2022\/11\/Buy-Wedding-Cake-THC-Distillate-\u2013-Top-Shelf.jpg","contentUrl":"https:\/\/everydaychemshop.com\/da\/wp-content\/uploads\/sites\/2\/2022\/11\/Buy-Wedding-Cake-THC-Distillate-\u2013-Top-Shelf.jpg","width":600,"height":600,"caption":"K\u00f8b bryllupskage THC destillat online"},{"@type":"BreadcrumbList","@id":"https:\/\/everydaychemshop.com\/da\/product\/kob-bryllupskage-thc-destillat-overste-hylde\/#breadcrumb","itemListElement":[{"@type":"ListItem","position":1,"name":"Home","item":"https:\/\/everydaychemshop.com\/da\/"},{"@type":"ListItem","position":2,"name":"Produkter","item":"https:\/\/everydaychemshop.com\/da\/produkter\/"},{"@type":"ListItem","position":3,"name":"K\u00f8b bryllupskage THC destillat \u2013 \u00f8verste hylde"}]},{"@type":"WebSite","@id":"https:\/\/everydaychemshop.com\/da\/#website","url":"https:\/\/everydaychemshop.com\/da\/","name":"Everyday Chem Shop","description":"","potentialAction":[{"@type":"SearchAction","target":{"@type":"EntryPoint","urlTemplate":"https:\/\/everydaychemshop.com\/da\/?s={search_term_string}"},"query-input":{"@type":"PropertyValueSpecification","valueRequired":true,"valueName":"search_term_string"}}],"inLanguage":"en-US"}]}},"_links":{"self":[{"href":"https:\/\/everydaychemshop.com\/da\/wp-json\/wp\/v2\/product\/8332","targetHints":{"allow":["GET"]}}],"collection":[{"href":"https:\/\/everydaychemshop.com\/da\/wp-json\/wp\/v2\/product"}],"about":[{"href":"https:\/\/everydaychemshop.com\/da\/wp-json\/wp\/v2\/types\/product"}],"replies":[{"embeddable":true,"href":"https:\/\/everydaychemshop.com\/da\/wp-json\/wp\/v2\/comments?post=8332"}],"wp:featuredmedia":[{"embeddable":true,"href":"https:\/\/everydaychemshop.com\/da\/wp-json\/wp\/v2\/media\/8340"}],"wp:attachment":[{"href":"https:\/\/everydaychemshop.com\/da\/wp-json\/wp\/v2\/media?parent=8332"}],"wp:term":[{"taxonomy":"product_brand","embeddable":true,"href":"https:\/\/everydaychemshop.com\/da\/wp-json\/wp\/v2\/product_brand?post=8332"},{"taxonomy":"product_cat","embeddable":true,"href":"https:\/\/everydaychemshop.com\/da\/wp-json\/wp\/v2\/product_cat?post=8332"},{"taxonomy":"product_tag","embeddable":true,"href":"https:\/\/everydaychemshop.com\/da\/wp-json\/wp\/v2\/product_tag?post=8332"}],"curies":[{"name":"wp","href":"https:\/\/api.w.org\/{rel}","templated":true}]}}