{"id":8341,"date":"2022-11-22T22:43:59","date_gmt":"2022-11-22T22:43:59","guid":{"rendered":"https:\/\/everydaychemshop.com\/da\/?post_type=product&#038;p=8341"},"modified":"2023-04-08T05:09:13","modified_gmt":"2023-04-08T05:09:13","slug":"cbd-premium-co2-ekstraheret-olie","status":"publish","type":"product","link":"https:\/\/everydaychemshop.com\/da\/product\/cbd-premium-co2-ekstraheret-olie\/","title":{"rendered":"CBD Premium CO2-ekstraheret olie"},"content":{"rendered":"<h1>CBD Premium CO2-ekstraheret olie online<\/h1>\n<p><a href=\"https:\/\/everydaychemshop.com\/da\/product\/cbd-premium-co2-ekstraheret-olie\/\">CBD Premium CO2-ekstraheret olie online<\/a>. Cannabinoiderne opsamles under CO2-ekstraktion. Som tilsyneladende producerer en olie, der er meget nemmere at inhalere uden h\u00e5rdhed.<br \/>\nDenne s\u00e6rlige batch af medicin er afledt af\u00a0ACDC, en cannabisstamme, som er kendt for at teste h\u00f8jt i CBD.<\/p>\n<p>&nbsp;<\/p>\n<p>Cannabinoider blev opsamlet under CO2-ekstraktion. Det ser ud til at give en olie, der er <a href=\"https:\/\/da.wikipedia.org\/wiki\/Cannabinol\">meget<\/a> nemmere at ind\u00e5nde uden at v\u00e6re h\u00e5rd.<br \/>\nDenne s\u00e6rlige batch af stoffer er lavet af ACDC, en cannabisstamme, der vides at blive testet for h\u00f8je niveauer af CBD.<\/p>\n<p>Vores vape-oliepatroner er blandt de kraftigste p\u00e5 markedet. Det du ser er det du gaber. Vores laboratorietests for hver batch er trykt p\u00e5 emballagen, og de fleste batches tester for mere end 70 % THC. Derudover er smagen og udvindingen af \u200b\u200bvores patroner meget delikat p\u00e5 grund af vores naturlige proces, hvor vi bruger terpener, som findes naturligt i blomstringen. men<\/p>\n<p>K\u00f8b Oliepatron med THC Vape Pen, THC Patron til salg online, Oliepatron til Vape Pen, Forfyldt patron med Hash Oil til salg<\/p>\n<p>Vores olie er en af \u200b\u200bde st\u00e6rkeste p\u00e5 markedet. I mods\u00e6tning til mange andre m\u00e6rker, der giver dig et r\u00e5t og derefter fortyndet udbytte, med Pure, er det, du ser, det, du fordamper. Vores laboratorietests for hver batch er trykt p\u00e5 emballagen, og de fleste batches tester for mere end 70 % THC. Derudover er smagen og udvindingen af \u200b\u200bvores patroner meget delikat p\u00e5 grund af vores naturlige proces, hvor vi bruger terpener, som findes naturligt i blomstringen.<\/p>\n","protected":false},"excerpt":{"rendered":"<p>H\u00f8j CBD Premium CO2-ekstraheret olie ved Green Valley CBD USA. H\u00f8j CBD premium CO2 olie. Samlet antal aktive cannabinoider: 80 % THC: 24 % CBD: 56 % CO2 ekstraktion marihuana olie patron. Leveres i 1 g. Bestil online cbd Co2 olie.<\/p>\n<p>&nbsp;<\/p>\n<p>Samlet antal aktive cannabinoider: 80%<br \/>\nTHC: 24%<br \/>\nCBD: 56%<\/p>\n<h3>K\u00f8b THC Cannabisoliepatroner<\/h3>\n<p>produktprisen er som: pr. 1g patron<br \/>\n<strong>Minimum ordrem\u00e6ngde er: 3 patroner<\/strong><\/p>\n","protected":false},"featured_media":8349,"comment_status":"open","ping_status":"closed","template":"","meta":{"inline_featured_image":false},"product_brand":[],"product_cat":[61],"product_tag":[627,623,631,625,629,632,630,635,640,634,639,636,643,637,638,642,633,641,626,624,628,622],"class_list":{"0":"post-8341","1":"product","2":"type-product","3":"status-publish","4":"has-post-thumbnail","6":"product_cat-cannabis-produkter","7":"product_tag-buy-cbd-premium-co2","8":"product_tag-buy-cbd-premium-co2-online","9":"product_tag-buy-co2-extracted-oil","10":"product_tag-buy-co2-extracted-oil-online-usa","11":"product_tag-buy-high-cbd-premium-co2","12":"product_tag-buy-high-cbd-premium-co2-extracted-oil","13":"product_tag-buy-high-cbd-premium-co2-extracted-oil-online","14":"product_tag-cbd-premium-co2-ekstraheret-olie-til-salg","15":"product_tag-cbd-premium-co2-ekstraheret-legal-i-usa","16":"product_tag-cbd-premium-co2-ekstraheret-olie","17":"product_tag-co2-ekstraheret-olie","18":"product_tag-co2-udvundet-olie-til-salg","19":"product_tag-er-cbd-premium-co2-ekstraheret-lovlig-i-canada","20":"product_tag-high-thc-cannabis-oil-for-sale","21":"product_tag-high-high-cbd-premium-til-salg","22":"product_tag-hvordan-bestiller-man-cbd-premium-co2-ekstraheret","23":"product_tag-kb-cbd-premium-co2-ekstraheret","24":"product_tag-buy-cbd-premium-co2-extracted-online-usa","25":"product_tag-kb-cbd-premium-co2-ekstraheret-online","26":"product_tag-kb-cbd-premium-co2-ekstraheret-olie-online","27":"product_tag-kb-co2-ekstraheret-cannabis-olie","28":"product_tag-kb-hj-cbd-premium-co2-ekstraheret-olie-online-usa-cbd-premium-co2-ekstraheret-olie-til-salg-online","30":"first","31":"instock","32":"shipping-taxable","33":"purchasable","34":"product-type-variable","35":"has-default-attributes"},"yoast_head":"<!-- This site is optimized with the Yoast SEO Premium plugin v19.2 (Yoast SEO v27.3) - https:\/\/yoast.com\/product\/yoast-seo-premium-wordpress\/ -->\n<title>CBD Premium CO2-ekstraheret olie online - Everyday Chem Shop<\/title>\n<meta name=\"description\" content=\"CBD Premium CO2-ekstraheret olie online. Du kan k\u00f8be CBD Premium CO2 Extracted Oil Online USA online. Kontakt for mere info og priser.\" \/>\n<meta name=\"robots\" content=\"index, follow, max-snippet:-1, max-image-preview:large, max-video-preview:-1\" \/>\n<link rel=\"canonical\" href=\"https:\/\/everydaychemshop.com\/da\/product\/cbd-premium-co2-ekstraheret-olie\/\" \/>\n<meta property=\"og:locale\" content=\"en_US\" \/>\n<meta property=\"og:type\" content=\"article\" \/>\n<meta property=\"og:title\" content=\"CBD Premium CO2-ekstraheret olie\" \/>\n<meta property=\"og:description\" content=\"CBD Premium CO2-ekstraheret olie online. Du kan k\u00f8be CBD Premium CO2 Extracted Oil Online USA online. Kontakt for mere info og priser.\" \/>\n<meta property=\"og:url\" content=\"https:\/\/everydaychemshop.com\/da\/product\/cbd-premium-co2-ekstraheret-olie\/\" \/>\n<meta property=\"og:site_name\" content=\"Everyday Chem Shop\" \/>\n<meta property=\"article:modified_time\" content=\"2023-04-08T05:09:13+00:00\" \/>\n<meta property=\"og:image\" content=\"https:\/\/everydaychemshop.com\/da\/wp-content\/uploads\/sites\/2\/2022\/11\/Buy-High-CBD-Premium-CO2-Extracted-Oil-Online-USA.jpg\" \/>\n\t<meta property=\"og:image:width\" content=\"600\" \/>\n\t<meta property=\"og:image:height\" content=\"600\" \/>\n\t<meta property=\"og:image:type\" content=\"image\/jpeg\" \/>\n<meta name=\"twitter:card\" content=\"summary_large_image\" \/>\n<meta name=\"twitter:label1\" content=\"Est. reading time\" \/>\n\t<meta name=\"twitter:data1\" content=\"2 minutes\" \/>\n<script type=\"application\/ld+json\" class=\"yoast-schema-graph\">{\"@context\":\"https:\\\/\\\/schema.org\",\"@graph\":[{\"@type\":\"WebPage\",\"@id\":\"https:\\\/\\\/everydaychemshop.com\\\/da\\\/product\\\/cbd-premium-co2-ekstraheret-olie\\\/\",\"url\":\"https:\\\/\\\/everydaychemshop.com\\\/da\\\/product\\\/cbd-premium-co2-ekstraheret-olie\\\/\",\"name\":\"CBD Premium CO2-ekstraheret olie online - Everyday Chem Shop\",\"isPartOf\":{\"@id\":\"https:\\\/\\\/everydaychemshop.com\\\/da\\\/#website\"},\"primaryImageOfPage\":{\"@id\":\"https:\\\/\\\/everydaychemshop.com\\\/da\\\/product\\\/cbd-premium-co2-ekstraheret-olie\\\/#primaryimage\"},\"image\":{\"@id\":\"https:\\\/\\\/everydaychemshop.com\\\/da\\\/product\\\/cbd-premium-co2-ekstraheret-olie\\\/#primaryimage\"},\"thumbnailUrl\":\"https:\\\/\\\/everydaychemshop.com\\\/da\\\/wp-content\\\/uploads\\\/sites\\\/2\\\/2022\\\/11\\\/Buy-High-CBD-Premium-CO2-Extracted-Oil-Online-USA.jpg\",\"datePublished\":\"2022-11-22T22:43:59+00:00\",\"dateModified\":\"2023-04-08T05:09:13+00:00\",\"description\":\"CBD Premium CO2-ekstraheret olie online. Du kan k\u00f8be CBD Premium CO2 Extracted Oil Online USA online. Kontakt for mere info og priser.\",\"breadcrumb\":{\"@id\":\"https:\\\/\\\/everydaychemshop.com\\\/da\\\/product\\\/cbd-premium-co2-ekstraheret-olie\\\/#breadcrumb\"},\"inLanguage\":\"en-US\",\"potentialAction\":[{\"@type\":\"ReadAction\",\"target\":[\"https:\\\/\\\/everydaychemshop.com\\\/da\\\/product\\\/cbd-premium-co2-ekstraheret-olie\\\/\"]}]},{\"@type\":\"ImageObject\",\"inLanguage\":\"en-US\",\"@id\":\"https:\\\/\\\/everydaychemshop.com\\\/da\\\/product\\\/cbd-premium-co2-ekstraheret-olie\\\/#primaryimage\",\"url\":\"https:\\\/\\\/everydaychemshop.com\\\/da\\\/wp-content\\\/uploads\\\/sites\\\/2\\\/2022\\\/11\\\/Buy-High-CBD-Premium-CO2-Extracted-Oil-Online-USA.jpg\",\"contentUrl\":\"https:\\\/\\\/everydaychemshop.com\\\/da\\\/wp-content\\\/uploads\\\/sites\\\/2\\\/2022\\\/11\\\/Buy-High-CBD-Premium-CO2-Extracted-Oil-Online-USA.jpg\",\"width\":600,\"height\":600,\"caption\":\"CBD Premium CO2-ekstraheret olie online\"},{\"@type\":\"BreadcrumbList\",\"@id\":\"https:\\\/\\\/everydaychemshop.com\\\/da\\\/product\\\/cbd-premium-co2-ekstraheret-olie\\\/#breadcrumb\",\"itemListElement\":[{\"@type\":\"ListItem\",\"position\":1,\"name\":\"Home\",\"item\":\"https:\\\/\\\/everydaychemshop.com\\\/da\\\/\"},{\"@type\":\"ListItem\",\"position\":2,\"name\":\"Produkter\",\"item\":\"https:\\\/\\\/everydaychemshop.com\\\/da\\\/produkter\\\/\"},{\"@type\":\"ListItem\",\"position\":3,\"name\":\"CBD Premium CO2-ekstraheret olie\"}]},{\"@type\":\"WebSite\",\"@id\":\"https:\\\/\\\/everydaychemshop.com\\\/da\\\/#website\",\"url\":\"https:\\\/\\\/everydaychemshop.com\\\/da\\\/\",\"name\":\"Everyday Chem Shop\",\"description\":\"\",\"potentialAction\":[{\"@type\":\"SearchAction\",\"target\":{\"@type\":\"EntryPoint\",\"urlTemplate\":\"https:\\\/\\\/everydaychemshop.com\\\/da\\\/?s={search_term_string}\"},\"query-input\":{\"@type\":\"PropertyValueSpecification\",\"valueRequired\":true,\"valueName\":\"search_term_string\"}}],\"inLanguage\":\"en-US\"}]}<\/script>\n<!-- \/ Yoast SEO Premium plugin. -->","yoast_head_json":{"title":"CBD Premium CO2-ekstraheret olie online - Everyday Chem Shop","description":"CBD Premium CO2-ekstraheret olie online. Du kan k\u00f8be CBD Premium CO2 Extracted Oil Online USA online. Kontakt for mere info og priser.","robots":{"index":"index","follow":"follow","max-snippet":"max-snippet:-1","max-image-preview":"max-image-preview:large","max-video-preview":"max-video-preview:-1"},"canonical":"https:\/\/everydaychemshop.com\/da\/product\/cbd-premium-co2-ekstraheret-olie\/","og_locale":"en_US","og_type":"article","og_title":"CBD Premium CO2-ekstraheret olie","og_description":"CBD Premium CO2-ekstraheret olie online. Du kan k\u00f8be CBD Premium CO2 Extracted Oil Online USA online. Kontakt for mere info og priser.","og_url":"https:\/\/everydaychemshop.com\/da\/product\/cbd-premium-co2-ekstraheret-olie\/","og_site_name":"Everyday Chem Shop","article_modified_time":"2023-04-08T05:09:13+00:00","og_image":[{"width":600,"height":600,"url":"https:\/\/everydaychemshop.com\/da\/wp-content\/uploads\/sites\/2\/2022\/11\/Buy-High-CBD-Premium-CO2-Extracted-Oil-Online-USA.jpg","type":"image\/jpeg"}],"twitter_card":"summary_large_image","twitter_misc":{"Est. reading time":"2 minutes"},"schema":{"@context":"https:\/\/schema.org","@graph":[{"@type":"WebPage","@id":"https:\/\/everydaychemshop.com\/da\/product\/cbd-premium-co2-ekstraheret-olie\/","url":"https:\/\/everydaychemshop.com\/da\/product\/cbd-premium-co2-ekstraheret-olie\/","name":"CBD Premium CO2-ekstraheret olie online - Everyday Chem Shop","isPartOf":{"@id":"https:\/\/everydaychemshop.com\/da\/#website"},"primaryImageOfPage":{"@id":"https:\/\/everydaychemshop.com\/da\/product\/cbd-premium-co2-ekstraheret-olie\/#primaryimage"},"image":{"@id":"https:\/\/everydaychemshop.com\/da\/product\/cbd-premium-co2-ekstraheret-olie\/#primaryimage"},"thumbnailUrl":"https:\/\/everydaychemshop.com\/da\/wp-content\/uploads\/sites\/2\/2022\/11\/Buy-High-CBD-Premium-CO2-Extracted-Oil-Online-USA.jpg","datePublished":"2022-11-22T22:43:59+00:00","dateModified":"2023-04-08T05:09:13+00:00","description":"CBD Premium CO2-ekstraheret olie online. Du kan k\u00f8be CBD Premium CO2 Extracted Oil Online USA online. Kontakt for mere info og priser.","breadcrumb":{"@id":"https:\/\/everydaychemshop.com\/da\/product\/cbd-premium-co2-ekstraheret-olie\/#breadcrumb"},"inLanguage":"en-US","potentialAction":[{"@type":"ReadAction","target":["https:\/\/everydaychemshop.com\/da\/product\/cbd-premium-co2-ekstraheret-olie\/"]}]},{"@type":"ImageObject","inLanguage":"en-US","@id":"https:\/\/everydaychemshop.com\/da\/product\/cbd-premium-co2-ekstraheret-olie\/#primaryimage","url":"https:\/\/everydaychemshop.com\/da\/wp-content\/uploads\/sites\/2\/2022\/11\/Buy-High-CBD-Premium-CO2-Extracted-Oil-Online-USA.jpg","contentUrl":"https:\/\/everydaychemshop.com\/da\/wp-content\/uploads\/sites\/2\/2022\/11\/Buy-High-CBD-Premium-CO2-Extracted-Oil-Online-USA.jpg","width":600,"height":600,"caption":"CBD Premium CO2-ekstraheret olie online"},{"@type":"BreadcrumbList","@id":"https:\/\/everydaychemshop.com\/da\/product\/cbd-premium-co2-ekstraheret-olie\/#breadcrumb","itemListElement":[{"@type":"ListItem","position":1,"name":"Home","item":"https:\/\/everydaychemshop.com\/da\/"},{"@type":"ListItem","position":2,"name":"Produkter","item":"https:\/\/everydaychemshop.com\/da\/produkter\/"},{"@type":"ListItem","position":3,"name":"CBD Premium CO2-ekstraheret olie"}]},{"@type":"WebSite","@id":"https:\/\/everydaychemshop.com\/da\/#website","url":"https:\/\/everydaychemshop.com\/da\/","name":"Everyday Chem Shop","description":"","potentialAction":[{"@type":"SearchAction","target":{"@type":"EntryPoint","urlTemplate":"https:\/\/everydaychemshop.com\/da\/?s={search_term_string}"},"query-input":{"@type":"PropertyValueSpecification","valueRequired":true,"valueName":"search_term_string"}}],"inLanguage":"en-US"}]}},"_links":{"self":[{"href":"https:\/\/everydaychemshop.com\/da\/wp-json\/wp\/v2\/product\/8341","targetHints":{"allow":["GET"]}}],"collection":[{"href":"https:\/\/everydaychemshop.com\/da\/wp-json\/wp\/v2\/product"}],"about":[{"href":"https:\/\/everydaychemshop.com\/da\/wp-json\/wp\/v2\/types\/product"}],"replies":[{"embeddable":true,"href":"https:\/\/everydaychemshop.com\/da\/wp-json\/wp\/v2\/comments?post=8341"}],"wp:featuredmedia":[{"embeddable":true,"href":"https:\/\/everydaychemshop.com\/da\/wp-json\/wp\/v2\/media\/8349"}],"wp:attachment":[{"href":"https:\/\/everydaychemshop.com\/da\/wp-json\/wp\/v2\/media?parent=8341"}],"wp:term":[{"taxonomy":"product_brand","embeddable":true,"href":"https:\/\/everydaychemshop.com\/da\/wp-json\/wp\/v2\/product_brand?post=8341"},{"taxonomy":"product_cat","embeddable":true,"href":"https:\/\/everydaychemshop.com\/da\/wp-json\/wp\/v2\/product_cat?post=8341"},{"taxonomy":"product_tag","embeddable":true,"href":"https:\/\/everydaychemshop.com\/da\/wp-json\/wp\/v2\/product_tag?post=8341"}],"curies":[{"name":"wp","href":"https:\/\/api.w.org\/{rel}","templated":true}]}}