{"id":8350,"date":"2022-11-22T22:49:42","date_gmt":"2022-11-22T22:49:42","guid":{"rendered":"https:\/\/everydaychemshop.com\/da\/?post_type=product&#038;p=8350"},"modified":"2023-04-08T05:08:11","modified_gmt":"2023-04-08T05:08:11","slug":"100mg-thc-hamp-fro-olie-kapsler","status":"publish","type":"product","link":"https:\/\/everydaychemshop.com\/da\/product\/100mg-thc-hamp-fro-olie-kapsler\/","title":{"rendered":"100mg THC hampefr\u00f8oliekapsler"},"content":{"rendered":"<h1>100mg THC hampefr\u00f8oliekapsler<\/h1>\n<p><a href=\"https:\/\/everydaychemshop.com\/da\/product\/100mg-thc-hamp-fro-olie-kapsler\/\">100mg THC hampefr\u00f8oliekapsler<\/a>. Ikke at tage fejl af de popul\u00e6re, men ringere THC pulverkapsler, hver af disse kapsler indeholder 100 mg THC hampefr\u00f8olie. S\u00e6lges i pakker af 3<\/p>\n<p>Vores THC-oliekapsler er formuleret fra hele Cannabis-planten og er rige p\u00e5 terpener. <a href=\"https:\/\/da.wikipedia.org\/wiki\/Cannabinol\">Disse<\/a> kapsler indeholder THC og hampefr\u00f8olie af h\u00f8jeste kvalitet. Hampefr\u00f8olie har et forhold p\u00e5 3 til 1 mellem omega 6 og omega 3, hvilket giver de optimale krav til langsigtet sundhed. Al vores THC-olie er laboratorietestet for at sikre den h\u00f8jeste kvalitet og sikkerhed.<\/p>\n","protected":false},"excerpt":{"rendered":"<p>Hampolie bruges j\u00e6vnligt som h\u00e5rbalsam eller hudcreme. Nogle f\u00e5 unders\u00f8gelser observerede, at hampefr\u00f8olie kan virke p\u00e5 t\u00f8r, irriteret hud og hj\u00e6lpe p\u00e5 bivirkninger af dermatitis, en typisk hudlidelse. N\u00e5r det bruges til dermatitis-manifestationer, kan det mindske behovet for l\u00e6gegodkendt l\u00e6gemiddel<\/p>\n<p>&nbsp;<\/p>\n<ul>\n<li>Verdensomsp\u00e6ndende forsendelse<\/li>\n<li>Hver kapsel indeholder 100 mg THC .<\/li>\n<li>Hver flaske indeholder 3 kapsler.<\/li>\n<li>Mindste bestillingsm\u00e6ngde er\u00a0<strong><em>3 flasker<\/em><\/strong><\/li>\n<li>Kontakt os for st\u00f8rre ordrer<\/li>\n<\/ul>\n","protected":false},"featured_media":8357,"comment_status":"open","ping_status":"closed","template":"","meta":{"inline_featured_image":false},"product_brand":[],"product_cat":[61],"product_tag":[648,652,645,654,660,661,664,647,651,663,662,644,650,646,656,658,657,659,649,655,653],"class_list":{"0":"post-8350","1":"product","2":"type-product","3":"status-publish","4":"has-post-thumbnail","6":"product_cat-cannabis-produkter","7":"product_tag-1000mg-thc-hamp-fr-olie-kapsel-til-salg","8":"product_tag-1000mg-thc-olie-til-salg-i-usa","9":"product_tag-buy-hemp-seed","10":"product_tag-canada","11":"product_tag-du-kan-stadig-f-1000mg-thc-kapsel","12":"product_tag-er-1000mg-thc-hamp-fr-olie-kapsel-lovlig-i-usa","13":"product_tag-er-1000mg-thc-hamp-olie-lovlig-i-canada","14":"product_tag-hvor-kan-kbes-1000mg-thc-hampe-olie","15":"product_tag-hvor-kan-kbes-thc-olie-online","16":"product_tag-hvordan-man-bestiller-1000mg-thc-kapsel","17":"product_tag-buy-1000mg-thc-online-oil-usa","18":"product_tag-kb-100mg-thc-hamp-fr-olie-kapsler-kb-thc-kapsler","19":"product_tag-kb-thc-hampefr-online","20":"product_tag-kb-thc-kapsler-online","21":"product_tag-kbe","22":"product_tag-leverandrer","23":"product_tag-online","24":"product_tag-sikker-levering","25":"product_tag-thc-hamp-fr-til-salg","26":"product_tag-uk","27":"product_tag-usa","29":"first","30":"instock","31":"shipping-taxable","32":"purchasable","33":"product-type-variable","34":"has-default-attributes"},"yoast_head":"<!-- This site is optimized with the Yoast SEO Premium plugin v19.2 (Yoast SEO v27.3) - https:\/\/yoast.com\/product\/yoast-seo-premium-wordpress\/ -->\n<title>100mg THC hampefr\u00f8oliekapsler - Everyday Chem Shop<\/title>\n<meta name=\"description\" content=\"100mg THC hampefr\u00f8oliekapsler. Vi s\u00e6lger de bedste 100mg THC hampefr\u00f8oliekapsler, kontakt venligst for mere information og priser.\" \/>\n<meta name=\"robots\" content=\"index, follow, max-snippet:-1, max-image-preview:large, max-video-preview:-1\" \/>\n<link rel=\"canonical\" href=\"https:\/\/everydaychemshop.com\/da\/product\/100mg-thc-hamp-fro-olie-kapsler\/\" \/>\n<meta property=\"og:locale\" content=\"en_US\" \/>\n<meta property=\"og:type\" content=\"article\" \/>\n<meta property=\"og:title\" content=\"100mg THC hampefr\u00f8oliekapsler\" \/>\n<meta property=\"og:description\" content=\"100mg THC hampefr\u00f8oliekapsler. Vi s\u00e6lger de bedste 100mg THC hampefr\u00f8oliekapsler, kontakt venligst for mere information og priser.\" \/>\n<meta property=\"og:url\" content=\"https:\/\/everydaychemshop.com\/da\/product\/100mg-thc-hamp-fro-olie-kapsler\/\" \/>\n<meta property=\"og:site_name\" content=\"Everyday Chem Shop\" \/>\n<meta property=\"article:modified_time\" content=\"2023-04-08T05:08:11+00:00\" \/>\n<meta property=\"og:image\" content=\"https:\/\/everydaychemshop.com\/da\/wp-content\/uploads\/sites\/2\/2022\/11\/Buy-100mg-THC-Hemp-Seed-Oil-Capsules.jpg\" \/>\n\t<meta property=\"og:image:width\" content=\"600\" \/>\n\t<meta property=\"og:image:height\" content=\"600\" \/>\n\t<meta property=\"og:image:type\" content=\"image\/jpeg\" \/>\n<meta name=\"twitter:card\" content=\"summary_large_image\" \/>\n<meta name=\"twitter:label1\" content=\"Est. reading time\" \/>\n\t<meta name=\"twitter:data1\" content=\"1 minute\" \/>\n<script type=\"application\/ld+json\" class=\"yoast-schema-graph\">{\"@context\":\"https:\\\/\\\/schema.org\",\"@graph\":[{\"@type\":\"WebPage\",\"@id\":\"https:\\\/\\\/everydaychemshop.com\\\/da\\\/product\\\/100mg-thc-hamp-fro-olie-kapsler\\\/\",\"url\":\"https:\\\/\\\/everydaychemshop.com\\\/da\\\/product\\\/100mg-thc-hamp-fro-olie-kapsler\\\/\",\"name\":\"100mg THC hampefr\u00f8oliekapsler - Everyday Chem Shop\",\"isPartOf\":{\"@id\":\"https:\\\/\\\/everydaychemshop.com\\\/da\\\/#website\"},\"primaryImageOfPage\":{\"@id\":\"https:\\\/\\\/everydaychemshop.com\\\/da\\\/product\\\/100mg-thc-hamp-fro-olie-kapsler\\\/#primaryimage\"},\"image\":{\"@id\":\"https:\\\/\\\/everydaychemshop.com\\\/da\\\/product\\\/100mg-thc-hamp-fro-olie-kapsler\\\/#primaryimage\"},\"thumbnailUrl\":\"https:\\\/\\\/everydaychemshop.com\\\/da\\\/wp-content\\\/uploads\\\/sites\\\/2\\\/2022\\\/11\\\/Buy-100mg-THC-Hemp-Seed-Oil-Capsules.jpg\",\"datePublished\":\"2022-11-22T22:49:42+00:00\",\"dateModified\":\"2023-04-08T05:08:11+00:00\",\"description\":\"100mg THC hampefr\u00f8oliekapsler. Vi s\u00e6lger de bedste 100mg THC hampefr\u00f8oliekapsler, kontakt venligst for mere information og priser.\",\"breadcrumb\":{\"@id\":\"https:\\\/\\\/everydaychemshop.com\\\/da\\\/product\\\/100mg-thc-hamp-fro-olie-kapsler\\\/#breadcrumb\"},\"inLanguage\":\"en-US\",\"potentialAction\":[{\"@type\":\"ReadAction\",\"target\":[\"https:\\\/\\\/everydaychemshop.com\\\/da\\\/product\\\/100mg-thc-hamp-fro-olie-kapsler\\\/\"]}]},{\"@type\":\"ImageObject\",\"inLanguage\":\"en-US\",\"@id\":\"https:\\\/\\\/everydaychemshop.com\\\/da\\\/product\\\/100mg-thc-hamp-fro-olie-kapsler\\\/#primaryimage\",\"url\":\"https:\\\/\\\/everydaychemshop.com\\\/da\\\/wp-content\\\/uploads\\\/sites\\\/2\\\/2022\\\/11\\\/Buy-100mg-THC-Hemp-Seed-Oil-Capsules.jpg\",\"contentUrl\":\"https:\\\/\\\/everydaychemshop.com\\\/da\\\/wp-content\\\/uploads\\\/sites\\\/2\\\/2022\\\/11\\\/Buy-100mg-THC-Hemp-Seed-Oil-Capsules.jpg\",\"width\":600,\"height\":600,\"caption\":\"100mg THC hampefr\u00f8oliekapsler\"},{\"@type\":\"BreadcrumbList\",\"@id\":\"https:\\\/\\\/everydaychemshop.com\\\/da\\\/product\\\/100mg-thc-hamp-fro-olie-kapsler\\\/#breadcrumb\",\"itemListElement\":[{\"@type\":\"ListItem\",\"position\":1,\"name\":\"Home\",\"item\":\"https:\\\/\\\/everydaychemshop.com\\\/da\\\/\"},{\"@type\":\"ListItem\",\"position\":2,\"name\":\"Produkter\",\"item\":\"https:\\\/\\\/everydaychemshop.com\\\/da\\\/produkter\\\/\"},{\"@type\":\"ListItem\",\"position\":3,\"name\":\"100mg THC hampefr\u00f8oliekapsler\"}]},{\"@type\":\"WebSite\",\"@id\":\"https:\\\/\\\/everydaychemshop.com\\\/da\\\/#website\",\"url\":\"https:\\\/\\\/everydaychemshop.com\\\/da\\\/\",\"name\":\"Everyday Chem Shop\",\"description\":\"\",\"potentialAction\":[{\"@type\":\"SearchAction\",\"target\":{\"@type\":\"EntryPoint\",\"urlTemplate\":\"https:\\\/\\\/everydaychemshop.com\\\/da\\\/?s={search_term_string}\"},\"query-input\":{\"@type\":\"PropertyValueSpecification\",\"valueRequired\":true,\"valueName\":\"search_term_string\"}}],\"inLanguage\":\"en-US\"}]}<\/script>\n<!-- \/ Yoast SEO Premium plugin. -->","yoast_head_json":{"title":"100mg THC hampefr\u00f8oliekapsler - Everyday Chem Shop","description":"100mg THC hampefr\u00f8oliekapsler. Vi s\u00e6lger de bedste 100mg THC hampefr\u00f8oliekapsler, kontakt venligst for mere information og priser.","robots":{"index":"index","follow":"follow","max-snippet":"max-snippet:-1","max-image-preview":"max-image-preview:large","max-video-preview":"max-video-preview:-1"},"canonical":"https:\/\/everydaychemshop.com\/da\/product\/100mg-thc-hamp-fro-olie-kapsler\/","og_locale":"en_US","og_type":"article","og_title":"100mg THC hampefr\u00f8oliekapsler","og_description":"100mg THC hampefr\u00f8oliekapsler. Vi s\u00e6lger de bedste 100mg THC hampefr\u00f8oliekapsler, kontakt venligst for mere information og priser.","og_url":"https:\/\/everydaychemshop.com\/da\/product\/100mg-thc-hamp-fro-olie-kapsler\/","og_site_name":"Everyday Chem Shop","article_modified_time":"2023-04-08T05:08:11+00:00","og_image":[{"width":600,"height":600,"url":"https:\/\/everydaychemshop.com\/da\/wp-content\/uploads\/sites\/2\/2022\/11\/Buy-100mg-THC-Hemp-Seed-Oil-Capsules.jpg","type":"image\/jpeg"}],"twitter_card":"summary_large_image","twitter_misc":{"Est. reading time":"1 minute"},"schema":{"@context":"https:\/\/schema.org","@graph":[{"@type":"WebPage","@id":"https:\/\/everydaychemshop.com\/da\/product\/100mg-thc-hamp-fro-olie-kapsler\/","url":"https:\/\/everydaychemshop.com\/da\/product\/100mg-thc-hamp-fro-olie-kapsler\/","name":"100mg THC hampefr\u00f8oliekapsler - Everyday Chem Shop","isPartOf":{"@id":"https:\/\/everydaychemshop.com\/da\/#website"},"primaryImageOfPage":{"@id":"https:\/\/everydaychemshop.com\/da\/product\/100mg-thc-hamp-fro-olie-kapsler\/#primaryimage"},"image":{"@id":"https:\/\/everydaychemshop.com\/da\/product\/100mg-thc-hamp-fro-olie-kapsler\/#primaryimage"},"thumbnailUrl":"https:\/\/everydaychemshop.com\/da\/wp-content\/uploads\/sites\/2\/2022\/11\/Buy-100mg-THC-Hemp-Seed-Oil-Capsules.jpg","datePublished":"2022-11-22T22:49:42+00:00","dateModified":"2023-04-08T05:08:11+00:00","description":"100mg THC hampefr\u00f8oliekapsler. Vi s\u00e6lger de bedste 100mg THC hampefr\u00f8oliekapsler, kontakt venligst for mere information og priser.","breadcrumb":{"@id":"https:\/\/everydaychemshop.com\/da\/product\/100mg-thc-hamp-fro-olie-kapsler\/#breadcrumb"},"inLanguage":"en-US","potentialAction":[{"@type":"ReadAction","target":["https:\/\/everydaychemshop.com\/da\/product\/100mg-thc-hamp-fro-olie-kapsler\/"]}]},{"@type":"ImageObject","inLanguage":"en-US","@id":"https:\/\/everydaychemshop.com\/da\/product\/100mg-thc-hamp-fro-olie-kapsler\/#primaryimage","url":"https:\/\/everydaychemshop.com\/da\/wp-content\/uploads\/sites\/2\/2022\/11\/Buy-100mg-THC-Hemp-Seed-Oil-Capsules.jpg","contentUrl":"https:\/\/everydaychemshop.com\/da\/wp-content\/uploads\/sites\/2\/2022\/11\/Buy-100mg-THC-Hemp-Seed-Oil-Capsules.jpg","width":600,"height":600,"caption":"100mg THC hampefr\u00f8oliekapsler"},{"@type":"BreadcrumbList","@id":"https:\/\/everydaychemshop.com\/da\/product\/100mg-thc-hamp-fro-olie-kapsler\/#breadcrumb","itemListElement":[{"@type":"ListItem","position":1,"name":"Home","item":"https:\/\/everydaychemshop.com\/da\/"},{"@type":"ListItem","position":2,"name":"Produkter","item":"https:\/\/everydaychemshop.com\/da\/produkter\/"},{"@type":"ListItem","position":3,"name":"100mg THC hampefr\u00f8oliekapsler"}]},{"@type":"WebSite","@id":"https:\/\/everydaychemshop.com\/da\/#website","url":"https:\/\/everydaychemshop.com\/da\/","name":"Everyday Chem Shop","description":"","potentialAction":[{"@type":"SearchAction","target":{"@type":"EntryPoint","urlTemplate":"https:\/\/everydaychemshop.com\/da\/?s={search_term_string}"},"query-input":{"@type":"PropertyValueSpecification","valueRequired":true,"valueName":"search_term_string"}}],"inLanguage":"en-US"}]}},"_links":{"self":[{"href":"https:\/\/everydaychemshop.com\/da\/wp-json\/wp\/v2\/product\/8350","targetHints":{"allow":["GET"]}}],"collection":[{"href":"https:\/\/everydaychemshop.com\/da\/wp-json\/wp\/v2\/product"}],"about":[{"href":"https:\/\/everydaychemshop.com\/da\/wp-json\/wp\/v2\/types\/product"}],"replies":[{"embeddable":true,"href":"https:\/\/everydaychemshop.com\/da\/wp-json\/wp\/v2\/comments?post=8350"}],"wp:featuredmedia":[{"embeddable":true,"href":"https:\/\/everydaychemshop.com\/da\/wp-json\/wp\/v2\/media\/8357"}],"wp:attachment":[{"href":"https:\/\/everydaychemshop.com\/da\/wp-json\/wp\/v2\/media?parent=8350"}],"wp:term":[{"taxonomy":"product_brand","embeddable":true,"href":"https:\/\/everydaychemshop.com\/da\/wp-json\/wp\/v2\/product_brand?post=8350"},{"taxonomy":"product_cat","embeddable":true,"href":"https:\/\/everydaychemshop.com\/da\/wp-json\/wp\/v2\/product_cat?post=8350"},{"taxonomy":"product_tag","embeddable":true,"href":"https:\/\/everydaychemshop.com\/da\/wp-json\/wp\/v2\/product_tag?post=8350"}],"curies":[{"name":"wp","href":"https:\/\/api.w.org\/{rel}","templated":true}]}}