{"id":8358,"date":"2022-11-22T22:53:32","date_gmt":"2022-11-22T22:53:32","guid":{"rendered":"https:\/\/everydaychemshop.com\/da\/?post_type=product&#038;p=8358"},"modified":"2023-04-08T05:06:44","modified_gmt":"2023-04-08T05:06:44","slug":"kob-1000mg-thc-flavoured-tincture-key","status":"publish","type":"product","link":"https:\/\/everydaychemshop.com\/da\/product\/kob-1000mg-thc-flavoured-tincture-key\/","title":{"rendered":"K\u00f8b 1000mg THC-flavored tinktur \u2013 Keey"},"content":{"rendered":"<h1>1000mg THC-flavored tinktur \u2013 Keey<\/h1>\n<p><a href=\"https:\/\/everydaychemshop.com\/da\/product\/kob-1000mg-thc-flavoured-tincture-key\/\">1000mg THC-flavored tinktur<\/a> \u2013 Keey. K\u00f8b 1000 mg THC-flavored tinktur \u2013 Keey er nok det mest popul\u00e6re produkt p\u00e5 markedet. Det er nemlig en fantastisk dosis for b\u00e5de begyndere og tunge brugere, og den holder dig l\u00e6nge, \u200b\u200bf\u00f8r du har brug for mere. Der er ogs\u00e5 mange sundhedsm\u00e6ssige fordele forbundet med at bruge THC.<\/p>\n<p>Vi er her for at hj\u00e6lpe dig med alle dine behov og krav. Bare kontakt vores online shop og foretag dit k\u00f8b bekvemt. Dine krav er nu kun et klik v\u00e6k. Kontakt os med det samme!<\/p>\n<p>THC-tinkturer kan ligeledes tilf\u00f8jes til din elskede mad og forfriskninger, for personer, der s\u00f8ger efter p\u00e5lidelige effekter. Husk; under alle omst\u00e6ndigheder kan den varme korrumpere cannabinoider, s\u00e5 <a href=\"https:\/\/da.wikipedia.org\/wiki\/Tetrahydrocannabinol\">tilf\u00f8j<\/a> din THC-portion til din aftensmad eller forfriskning, n\u00e5r den er egnet til at blive serveret<\/p>\n<p>Verdensomsp\u00e6ndende forsendelse<br \/>\n1000 mg THC pr. 30 ml<br \/>\nMinimum ordrem\u00e6ngde er 2<br \/>\nKontakt os for st\u00f8rre ordrer<\/p>\n","protected":false},"excerpt":{"rendered":"<p>Tinkturer tilbyder enorme fordele i forhold til forskellige teknikker til regulering af kliniske cannabinoider. Vores Keey THC-tinkturer kommer i en 30 ml glasflaske med et enkelt at bruge perleredskab, der tager h\u00f8jde for n\u00f8jagtige og kontrollerede doser uden fejl. Tinkturer kan kontrolleres p\u00e5 en r\u00e6kke m\u00e5der og foresl\u00e5 en opm\u00e6rksom m\u00e5de for enkeltpersoner at sedere p\u00e5. THC-olie kan tages sublingualt ved at p\u00e5f\u00f8re tinkturerne under tungen og holde den i 60 sekunder for at overveje tilbageholdelse af den sublinguale korridor under tungen. Unders\u00f8gelser har observeret, at denne overf\u00f8rselsstrategi tager h\u00f8jde for cannabinoider for at vise sig at v\u00e6re s\u00e5 meget desto mere effektiv og hurtig tilg\u00e6ngelig for kroppen at optage i cirkulationssystemet.<\/p>\n<p>&nbsp;<\/p>\n<ul>\n<li>Forsendelse til hele verden<\/li>\n<li>Minimumsordrem\u00e6ngde er\u00a0<strong>2<\/strong><\/li>\n<li>Kontakt os for st\u00f8rre ordrer<\/li>\n<\/ul>\n<p>&nbsp;<\/p>\n","protected":false},"featured_media":8360,"comment_status":"open","ping_status":"closed","template":"","meta":{"inline_featured_image":false},"product_brand":[],"product_cat":[61],"product_tag":[669,673,665,671,654,674,678,675,668,672,677,676,666,667,656,658,657,659,670,655,653],"class_list":{"0":"post-8358","1":"product","2":"type-product","3":"status-publish","4":"has-post-thumbnail","6":"product_cat-cannabis-produkter","7":"product_tag-1000mg-thc-tinktur-til-salg","8":"product_tag-1000mg-thc-tinktur-til-salg-i-usa","9":"product_tag-buy-1000mg-thc-flavoured-tincture-buy-thc-tincture","10":"product_tag-buy-tincture-online","11":"product_tag-canada","12":"product_tag-du-kan-stadig-f-1000mg-thc-tinktur","13":"product_tag-er-1000mg-thc-tinktur-lovlig-i-canada","14":"product_tag-er-1000mg-thc-flavoured-tinktur-lovlig-i-usa","15":"product_tag-hvor-kan-kbes-1000mg-thc-tinktur","16":"product_tag-hvor-kan-kbes-thc-tincture-online","17":"product_tag-hvordan-man-bestiller-1000mg-thc-tinktur","18":"product_tag-kb-1000mg-thc-tincture-online-usa","19":"product_tag-kb-smags-tinktur","20":"product_tag-kb-thc-tincture-online","21":"product_tag-kbe","22":"product_tag-leverandrer","23":"product_tag-online","24":"product_tag-sikker-levering","25":"product_tag-thc-tinktur-til-salg","26":"product_tag-uk","27":"product_tag-usa","29":"first","30":"instock","31":"shipping-taxable","32":"purchasable","33":"product-type-simple"},"yoast_head":"<!-- This site is optimized with the Yoast SEO Premium plugin v19.2 (Yoast SEO v27.3) - https:\/\/yoast.com\/product\/yoast-seo-premium-wordpress\/ -->\n<title>1000mg THC-flavored tinktur \u2013 Keey- Everyday Chem Shop<\/title>\n<meta name=\"description\" content=\"1000mg THC-flavored tinktur \u2013 Keey. Tinkturer tilbyder enorme fordele i forhold til forskellige teknikker til regulering af kliniske cannabinoider.\" \/>\n<meta name=\"robots\" content=\"index, follow, max-snippet:-1, max-image-preview:large, max-video-preview:-1\" \/>\n<link rel=\"canonical\" href=\"https:\/\/everydaychemshop.com\/da\/product\/kob-1000mg-thc-flavoured-tincture-key\/\" \/>\n<meta property=\"og:locale\" content=\"en_US\" \/>\n<meta property=\"og:type\" content=\"article\" \/>\n<meta property=\"og:title\" content=\"K\u00f8b 1000mg THC-flavored tinktur \u2013 Keey\" \/>\n<meta property=\"og:description\" content=\"1000mg THC-flavored tinktur \u2013 Keey. Tinkturer tilbyder enorme fordele i forhold til forskellige teknikker til regulering af kliniske cannabinoider.\" \/>\n<meta property=\"og:url\" content=\"https:\/\/everydaychemshop.com\/da\/product\/kob-1000mg-thc-flavoured-tincture-key\/\" \/>\n<meta property=\"og:site_name\" content=\"Everyday Chem Shop\" \/>\n<meta property=\"article:modified_time\" content=\"2023-04-08T05:06:44+00:00\" \/>\n<meta property=\"og:image\" content=\"https:\/\/everydaychemshop.com\/da\/wp-content\/uploads\/sites\/2\/2022\/11\/Buy-1000mg-THC-Flavoured-Tincture.jpg\" \/>\n\t<meta property=\"og:image:width\" content=\"600\" \/>\n\t<meta property=\"og:image:height\" content=\"600\" \/>\n\t<meta property=\"og:image:type\" content=\"image\/jpeg\" \/>\n<meta name=\"twitter:card\" content=\"summary_large_image\" \/>\n<meta name=\"twitter:label1\" content=\"Est. reading time\" \/>\n\t<meta name=\"twitter:data1\" content=\"1 minute\" \/>\n<script type=\"application\/ld+json\" class=\"yoast-schema-graph\">{\"@context\":\"https:\\\/\\\/schema.org\",\"@graph\":[{\"@type\":\"WebPage\",\"@id\":\"https:\\\/\\\/everydaychemshop.com\\\/da\\\/product\\\/kob-1000mg-thc-flavoured-tincture-key\\\/\",\"url\":\"https:\\\/\\\/everydaychemshop.com\\\/da\\\/product\\\/kob-1000mg-thc-flavoured-tincture-key\\\/\",\"name\":\"1000mg THC-flavored tinktur \u2013 Keey- Everyday Chem Shop\",\"isPartOf\":{\"@id\":\"https:\\\/\\\/everydaychemshop.com\\\/da\\\/#website\"},\"primaryImageOfPage\":{\"@id\":\"https:\\\/\\\/everydaychemshop.com\\\/da\\\/product\\\/kob-1000mg-thc-flavoured-tincture-key\\\/#primaryimage\"},\"image\":{\"@id\":\"https:\\\/\\\/everydaychemshop.com\\\/da\\\/product\\\/kob-1000mg-thc-flavoured-tincture-key\\\/#primaryimage\"},\"thumbnailUrl\":\"https:\\\/\\\/everydaychemshop.com\\\/da\\\/wp-content\\\/uploads\\\/sites\\\/2\\\/2022\\\/11\\\/Buy-1000mg-THC-Flavoured-Tincture.jpg\",\"datePublished\":\"2022-11-22T22:53:32+00:00\",\"dateModified\":\"2023-04-08T05:06:44+00:00\",\"description\":\"1000mg THC-flavored tinktur \u2013 Keey. Tinkturer tilbyder enorme fordele i forhold til forskellige teknikker til regulering af kliniske cannabinoider.\",\"breadcrumb\":{\"@id\":\"https:\\\/\\\/everydaychemshop.com\\\/da\\\/product\\\/kob-1000mg-thc-flavoured-tincture-key\\\/#breadcrumb\"},\"inLanguage\":\"en-US\",\"potentialAction\":[{\"@type\":\"ReadAction\",\"target\":[\"https:\\\/\\\/everydaychemshop.com\\\/da\\\/product\\\/kob-1000mg-thc-flavoured-tincture-key\\\/\"]}]},{\"@type\":\"ImageObject\",\"inLanguage\":\"en-US\",\"@id\":\"https:\\\/\\\/everydaychemshop.com\\\/da\\\/product\\\/kob-1000mg-thc-flavoured-tincture-key\\\/#primaryimage\",\"url\":\"https:\\\/\\\/everydaychemshop.com\\\/da\\\/wp-content\\\/uploads\\\/sites\\\/2\\\/2022\\\/11\\\/Buy-1000mg-THC-Flavoured-Tincture.jpg\",\"contentUrl\":\"https:\\\/\\\/everydaychemshop.com\\\/da\\\/wp-content\\\/uploads\\\/sites\\\/2\\\/2022\\\/11\\\/Buy-1000mg-THC-Flavoured-Tincture.jpg\",\"width\":600,\"height\":600,\"caption\":\"1000mg THC-flavored tinktur \u2013 Keey\"},{\"@type\":\"BreadcrumbList\",\"@id\":\"https:\\\/\\\/everydaychemshop.com\\\/da\\\/product\\\/kob-1000mg-thc-flavoured-tincture-key\\\/#breadcrumb\",\"itemListElement\":[{\"@type\":\"ListItem\",\"position\":1,\"name\":\"Home\",\"item\":\"https:\\\/\\\/everydaychemshop.com\\\/da\\\/\"},{\"@type\":\"ListItem\",\"position\":2,\"name\":\"Produkter\",\"item\":\"https:\\\/\\\/everydaychemshop.com\\\/da\\\/produkter\\\/\"},{\"@type\":\"ListItem\",\"position\":3,\"name\":\"K\u00f8b 1000mg THC-flavored tinktur \u2013 Keey\"}]},{\"@type\":\"WebSite\",\"@id\":\"https:\\\/\\\/everydaychemshop.com\\\/da\\\/#website\",\"url\":\"https:\\\/\\\/everydaychemshop.com\\\/da\\\/\",\"name\":\"Everyday Chem Shop\",\"description\":\"\",\"potentialAction\":[{\"@type\":\"SearchAction\",\"target\":{\"@type\":\"EntryPoint\",\"urlTemplate\":\"https:\\\/\\\/everydaychemshop.com\\\/da\\\/?s={search_term_string}\"},\"query-input\":{\"@type\":\"PropertyValueSpecification\",\"valueRequired\":true,\"valueName\":\"search_term_string\"}}],\"inLanguage\":\"en-US\"}]}<\/script>\n<!-- \/ Yoast SEO Premium plugin. -->","yoast_head_json":{"title":"1000mg THC-flavored tinktur \u2013 Keey- Everyday Chem Shop","description":"1000mg THC-flavored tinktur \u2013 Keey. Tinkturer tilbyder enorme fordele i forhold til forskellige teknikker til regulering af kliniske cannabinoider.","robots":{"index":"index","follow":"follow","max-snippet":"max-snippet:-1","max-image-preview":"max-image-preview:large","max-video-preview":"max-video-preview:-1"},"canonical":"https:\/\/everydaychemshop.com\/da\/product\/kob-1000mg-thc-flavoured-tincture-key\/","og_locale":"en_US","og_type":"article","og_title":"K\u00f8b 1000mg THC-flavored tinktur \u2013 Keey","og_description":"1000mg THC-flavored tinktur \u2013 Keey. Tinkturer tilbyder enorme fordele i forhold til forskellige teknikker til regulering af kliniske cannabinoider.","og_url":"https:\/\/everydaychemshop.com\/da\/product\/kob-1000mg-thc-flavoured-tincture-key\/","og_site_name":"Everyday Chem Shop","article_modified_time":"2023-04-08T05:06:44+00:00","og_image":[{"width":600,"height":600,"url":"https:\/\/everydaychemshop.com\/da\/wp-content\/uploads\/sites\/2\/2022\/11\/Buy-1000mg-THC-Flavoured-Tincture.jpg","type":"image\/jpeg"}],"twitter_card":"summary_large_image","twitter_misc":{"Est. reading time":"1 minute"},"schema":{"@context":"https:\/\/schema.org","@graph":[{"@type":"WebPage","@id":"https:\/\/everydaychemshop.com\/da\/product\/kob-1000mg-thc-flavoured-tincture-key\/","url":"https:\/\/everydaychemshop.com\/da\/product\/kob-1000mg-thc-flavoured-tincture-key\/","name":"1000mg THC-flavored tinktur \u2013 Keey- Everyday Chem Shop","isPartOf":{"@id":"https:\/\/everydaychemshop.com\/da\/#website"},"primaryImageOfPage":{"@id":"https:\/\/everydaychemshop.com\/da\/product\/kob-1000mg-thc-flavoured-tincture-key\/#primaryimage"},"image":{"@id":"https:\/\/everydaychemshop.com\/da\/product\/kob-1000mg-thc-flavoured-tincture-key\/#primaryimage"},"thumbnailUrl":"https:\/\/everydaychemshop.com\/da\/wp-content\/uploads\/sites\/2\/2022\/11\/Buy-1000mg-THC-Flavoured-Tincture.jpg","datePublished":"2022-11-22T22:53:32+00:00","dateModified":"2023-04-08T05:06:44+00:00","description":"1000mg THC-flavored tinktur \u2013 Keey. Tinkturer tilbyder enorme fordele i forhold til forskellige teknikker til regulering af kliniske cannabinoider.","breadcrumb":{"@id":"https:\/\/everydaychemshop.com\/da\/product\/kob-1000mg-thc-flavoured-tincture-key\/#breadcrumb"},"inLanguage":"en-US","potentialAction":[{"@type":"ReadAction","target":["https:\/\/everydaychemshop.com\/da\/product\/kob-1000mg-thc-flavoured-tincture-key\/"]}]},{"@type":"ImageObject","inLanguage":"en-US","@id":"https:\/\/everydaychemshop.com\/da\/product\/kob-1000mg-thc-flavoured-tincture-key\/#primaryimage","url":"https:\/\/everydaychemshop.com\/da\/wp-content\/uploads\/sites\/2\/2022\/11\/Buy-1000mg-THC-Flavoured-Tincture.jpg","contentUrl":"https:\/\/everydaychemshop.com\/da\/wp-content\/uploads\/sites\/2\/2022\/11\/Buy-1000mg-THC-Flavoured-Tincture.jpg","width":600,"height":600,"caption":"1000mg THC-flavored tinktur \u2013 Keey"},{"@type":"BreadcrumbList","@id":"https:\/\/everydaychemshop.com\/da\/product\/kob-1000mg-thc-flavoured-tincture-key\/#breadcrumb","itemListElement":[{"@type":"ListItem","position":1,"name":"Home","item":"https:\/\/everydaychemshop.com\/da\/"},{"@type":"ListItem","position":2,"name":"Produkter","item":"https:\/\/everydaychemshop.com\/da\/produkter\/"},{"@type":"ListItem","position":3,"name":"K\u00f8b 1000mg THC-flavored tinktur \u2013 Keey"}]},{"@type":"WebSite","@id":"https:\/\/everydaychemshop.com\/da\/#website","url":"https:\/\/everydaychemshop.com\/da\/","name":"Everyday Chem Shop","description":"","potentialAction":[{"@type":"SearchAction","target":{"@type":"EntryPoint","urlTemplate":"https:\/\/everydaychemshop.com\/da\/?s={search_term_string}"},"query-input":{"@type":"PropertyValueSpecification","valueRequired":true,"valueName":"search_term_string"}}],"inLanguage":"en-US"}]}},"_links":{"self":[{"href":"https:\/\/everydaychemshop.com\/da\/wp-json\/wp\/v2\/product\/8358","targetHints":{"allow":["GET"]}}],"collection":[{"href":"https:\/\/everydaychemshop.com\/da\/wp-json\/wp\/v2\/product"}],"about":[{"href":"https:\/\/everydaychemshop.com\/da\/wp-json\/wp\/v2\/types\/product"}],"replies":[{"embeddable":true,"href":"https:\/\/everydaychemshop.com\/da\/wp-json\/wp\/v2\/comments?post=8358"}],"wp:featuredmedia":[{"embeddable":true,"href":"https:\/\/everydaychemshop.com\/da\/wp-json\/wp\/v2\/media\/8360"}],"wp:attachment":[{"href":"https:\/\/everydaychemshop.com\/da\/wp-json\/wp\/v2\/media?parent=8358"}],"wp:term":[{"taxonomy":"product_brand","embeddable":true,"href":"https:\/\/everydaychemshop.com\/da\/wp-json\/wp\/v2\/product_brand?post=8358"},{"taxonomy":"product_cat","embeddable":true,"href":"https:\/\/everydaychemshop.com\/da\/wp-json\/wp\/v2\/product_cat?post=8358"},{"taxonomy":"product_tag","embeddable":true,"href":"https:\/\/everydaychemshop.com\/da\/wp-json\/wp\/v2\/product_tag?post=8358"}],"curies":[{"name":"wp","href":"https:\/\/api.w.org\/{rel}","templated":true}]}}