{"id":7583,"date":"2022-11-16T09:42:03","date_gmt":"2022-11-16T09:42:03","guid":{"rendered":"https:\/\/everydaychemshop.com\/de\/?post_type=product&#038;p=7583"},"modified":"2023-04-06T19:50:21","modified_gmt":"2023-04-06T19:50:21","slug":"aprobarbiton-online-kaufen","status":"publish","type":"product","link":"https:\/\/everydaychemshop.com\/de\/product\/aprobarbiton-online-kaufen\/","title":{"rendered":"Kaufen Sie Aprobarbiton online"},"content":{"rendered":"<h1>Kaufen Sie Aprobarbiton-Pillen online<\/h1>\n<p class=\"tt\"><a href=\"https:\/\/everydaychemshop.com\/de\/product\/aprobarbiton-online-kaufen\/\">Kaufen Sie Aprobarbiton-Pillen online<\/a>. Kaufen Sie Aprobarbiton online bei der erstklassigen Online-Nembutal-Apotheke<\/p>\n<p>Die Online-Nembutal-Apotheke ist seit langem in dieser Branche t\u00e4tig. Wir haben die Perspektiven und Anforderungen von Kunden aus aller Welt inzwischen vollst\u00e4ndig verstanden. Wir sind hier, um alle Anforderungen <a href=\"https:\/\/en.wikipedia.org\/wiki\/Aprobarbital\">in<\/a> Bezug auf Aprobarbiton zu erf\u00fcllen. Wenn Sie Aprobarbitone online kaufen m\u00f6chten, dann ist unsere Apotheke die beste Wahl daf\u00fcr. Wir sind mit diesem Arzneimittel zu moderaten Preisen erh\u00e4ltlich. Sie k\u00f6nnen es bequem bei uns kaufen und wir liefern es Ihnen innerhalb der genannten Zeitspanne.<\/p>\n<h4 class=\"tt\">Was kann Aprobarbiton f\u00fcr Sie tun?<\/h4>\n<p>Die Einnahme von Aprobarbiton kann Ihnen helfen, gut zu schlafen. Kurz gesagt, es ist eine perfekte Behandlung f\u00fcr Menschen mit Schlaflosigkeit. Es ist bekannt f\u00fcr seine unglaublichen Eigenschaften als Beruhigungsmittel, Hypnotikum und Antikonvulsivum.<\/p>\n<h4 class=\"tt\">Warum sollten Sie uns w\u00e4hlen, um Aprobarbiton online zu kaufen?<\/h4>\n<p>Wir sind ein spezialisiertes Team von Personen mit umfassender Erfahrung auf dem Gebiet der Arzneimittel und Arzneimittel. Dar\u00fcber hinaus stellen wir Aprobarbitone und andere Produkte in allen Teilen der Welt zur Verf\u00fcgung. Sie k\u00f6nnen Aprobarbitone jetzt online zum besten Preis von zu Hause aus kaufen. Wir sind nur einen Klick entfernt. Geben Sie noch heute Ihre Bestellung auf, um Aprobarbitone online zu kaufen, und Sie erhalten es bald an Ihre angegebene Adresse geliefert.<\/p>\n<p><strong>Wissen Sie, wo Sie Aprobarbitone ohne Rezept kaufen k\u00f6nnen?<\/strong><\/p>\n<p>Aprobarbitone zu verkaufen, Brallobarbital Stra\u00dfenwert, Aprobarbitone Dosierung, wie man Aprobarbitone herstellt, wo kann ich Aprobarbitone online bekommen, wo man Aprobarbitone bekommt, was ist Aprobarbitone, Aprobarbitone in Premiumqualit\u00e4t zum Verkauf. All diese unbeantworteten Fragen k\u00f6nnen durch uns beantwortet werden. Sie m\u00fcssen nur unsere Website durchgehen und Sie erhalten die Antworten darauf, wie und wo Sie Aprobarbitone-Pillen ohne Rezept online kaufen k\u00f6nnen.<\/p>\n<p>Was ist mit Aprobarbitone? Wissen Sie auch, wo Sie Aprobarbitone ohne Rezept online kaufen k\u00f6nnen? Kaufen Sie Aprobarbitone zum Verkauf, wie man Aprobarbitone herstellt, wie sieht Aprobarbitone aus, Aprobarbitone Stra\u00dfenpreis, Aprobarbitone Preis, wo kann man Aprobarbitone kaufen, reines Aprobarbitone, wo kann ich Aprobarbitone online ohne Rezept kaufen, kaufen Sie reines Aprobarbitone online ohne Rezept.<\/p>\n<p>Gute Qualit\u00e4t von Aprobarbiton (Vesparax) online: Es versteht sich von selbst, dass Menschen der Qualit\u00e4t von Aprobarbiton online, das online verkauft wird, nicht schnell vertrauen, weil sie es nicht physisch untersuchen k\u00f6nnen. Aber es ist nicht dasselbe mit Online Aprobarbitone Online-Anbietern. Die Produkte hier sind ihrer Beschreibung treu, mit hochwertiger Wartung, die unter der Aufsicht von Experten durchgef\u00fchrt wird.<\/p>\n<p>Schnell &amp; Diskreter Versand: Die Lieferung des Aprobarbitons online nach Eingang der Bestellung erfolgt innerhalb des versprochenen Zeitrahmens. Das Versandteam setzt alles daran, den Versand- und Liefervorgang reibungslos und schnell zu gestalten. Auch beim Online-Kauf von Aprobarbitone vom Profi auf der Online-Plattform k\u00f6nnen Sie hervorragende Services erwarten.<\/p>\n","protected":false},"excerpt":{"rendered":"<p><strong>Wie bestelle ich Aprobarbiton bei der Online-Nembutal-Apotheke?<\/strong><\/p>\n<p>Die Online-Nembutal-Apotheke ist ein perfektes Ziel, um Ihre Bed\u00fcrfnisse und Anforderungen in Bezug auf Aprobarbiton zu erf\u00fcllen. Sie k\u00f6nnen Ihr Medikament einfach in den Warenkorb legen, den Zahlungsvorgang abschlie\u00dfen und es auf unserer Website bestellen. Erreichen Sie jetzt unsere Apotheke und holen Sie sich das Beste f\u00fcr Ihre Gesundheit. Holen Sie sich Aprobarbital noch heute zum Verkauf!<\/p>\n","protected":false},"featured_media":7613,"comment_status":"open","ping_status":"closed","template":"","meta":{"inline_featured_image":false},"product_brand":[],"product_cat":[58],"product_tag":[],"class_list":{"0":"post-7583","1":"product","2":"type-product","3":"status-publish","4":"has-post-thumbnail","6":"product_cat-nembutal-produkte","8":"first","9":"instock","10":"featured","11":"shipping-taxable","12":"purchasable","13":"product-type-variable","14":"has-default-attributes"},"yoast_head":"<!-- This site is optimized with the Yoast SEO Premium plugin v19.2 (Yoast SEO v27.3) - https:\/\/yoast.com\/product\/yoast-seo-premium-wordpress\/ -->\n<title>Kaufen Sie Aprobarbiton-Pillen online - Everyday Chem Shop<\/title>\n<meta name=\"description\" content=\"Kaufen Sie Aprobarbiton-Pillen online. Wenn Sie suchen, wie Sie Aprobarbitone kaufen k\u00f6nnen, dann sind Sie hier genau richtig, um Aprobarbitone online zu kaufen.\" \/>\n<meta name=\"robots\" content=\"index, follow, max-snippet:-1, max-image-preview:large, max-video-preview:-1\" \/>\n<link rel=\"canonical\" href=\"https:\/\/everydaychemshop.com\/de\/product\/aprobarbiton-online-kaufen\/\" \/>\n<meta property=\"og:locale\" content=\"en_US\" \/>\n<meta property=\"og:type\" content=\"article\" \/>\n<meta property=\"og:title\" content=\"Kaufen Sie Aprobarbiton online\" \/>\n<meta property=\"og:description\" content=\"Kaufen Sie Aprobarbiton-Pillen online. Wenn Sie suchen, wie Sie Aprobarbitone kaufen k\u00f6nnen, dann sind Sie hier genau richtig, um Aprobarbitone online zu kaufen.\" \/>\n<meta property=\"og:url\" content=\"https:\/\/everydaychemshop.com\/de\/product\/aprobarbiton-online-kaufen\/\" \/>\n<meta property=\"og:site_name\" content=\"Everyday Chem Shop\" \/>\n<meta property=\"article:modified_time\" content=\"2023-04-06T19:50:21+00:00\" \/>\n<meta property=\"og:image\" content=\"https:\/\/everydaychemshop.com\/de\/wp-content\/uploads\/sites\/3\/2022\/11\/Aprobarbitone-1.jpg\" \/>\n\t<meta property=\"og:image:width\" content=\"600\" \/>\n\t<meta property=\"og:image:height\" content=\"600\" \/>\n\t<meta property=\"og:image:type\" content=\"image\/jpeg\" \/>\n<meta name=\"twitter:card\" content=\"summary_large_image\" \/>\n<meta name=\"twitter:label1\" content=\"Est. reading time\" \/>\n\t<meta name=\"twitter:data1\" content=\"2 minutes\" \/>\n<script type=\"application\/ld+json\" class=\"yoast-schema-graph\">{\"@context\":\"https:\\\/\\\/schema.org\",\"@graph\":[{\"@type\":\"WebPage\",\"@id\":\"https:\\\/\\\/everydaychemshop.com\\\/de\\\/product\\\/aprobarbiton-online-kaufen\\\/\",\"url\":\"https:\\\/\\\/everydaychemshop.com\\\/de\\\/product\\\/aprobarbiton-online-kaufen\\\/\",\"name\":\"Kaufen Sie Aprobarbiton-Pillen online - Everyday Chem Shop\",\"isPartOf\":{\"@id\":\"https:\\\/\\\/everydaychemshop.com\\\/de\\\/#website\"},\"primaryImageOfPage\":{\"@id\":\"https:\\\/\\\/everydaychemshop.com\\\/de\\\/product\\\/aprobarbiton-online-kaufen\\\/#primaryimage\"},\"image\":{\"@id\":\"https:\\\/\\\/everydaychemshop.com\\\/de\\\/product\\\/aprobarbiton-online-kaufen\\\/#primaryimage\"},\"thumbnailUrl\":\"https:\\\/\\\/everydaychemshop.com\\\/de\\\/wp-content\\\/uploads\\\/sites\\\/3\\\/2022\\\/11\\\/Aprobarbitone-1.jpg\",\"datePublished\":\"2022-11-16T09:42:03+00:00\",\"dateModified\":\"2023-04-06T19:50:21+00:00\",\"description\":\"Kaufen Sie Aprobarbiton-Pillen online. Wenn Sie suchen, wie Sie Aprobarbitone kaufen k\u00f6nnen, dann sind Sie hier genau richtig, um Aprobarbitone online zu kaufen.\",\"breadcrumb\":{\"@id\":\"https:\\\/\\\/everydaychemshop.com\\\/de\\\/product\\\/aprobarbiton-online-kaufen\\\/#breadcrumb\"},\"inLanguage\":\"en-US\",\"potentialAction\":[{\"@type\":\"ReadAction\",\"target\":[\"https:\\\/\\\/everydaychemshop.com\\\/de\\\/product\\\/aprobarbiton-online-kaufen\\\/\"]}]},{\"@type\":\"ImageObject\",\"inLanguage\":\"en-US\",\"@id\":\"https:\\\/\\\/everydaychemshop.com\\\/de\\\/product\\\/aprobarbiton-online-kaufen\\\/#primaryimage\",\"url\":\"https:\\\/\\\/everydaychemshop.com\\\/de\\\/wp-content\\\/uploads\\\/sites\\\/3\\\/2022\\\/11\\\/Aprobarbitone-1.jpg\",\"contentUrl\":\"https:\\\/\\\/everydaychemshop.com\\\/de\\\/wp-content\\\/uploads\\\/sites\\\/3\\\/2022\\\/11\\\/Aprobarbitone-1.jpg\",\"width\":600,\"height\":600,\"caption\":\"Kaufen Sie Aprobarbiton-Pillen online\"},{\"@type\":\"BreadcrumbList\",\"@id\":\"https:\\\/\\\/everydaychemshop.com\\\/de\\\/product\\\/aprobarbiton-online-kaufen\\\/#breadcrumb\",\"itemListElement\":[{\"@type\":\"ListItem\",\"position\":1,\"name\":\"Home\",\"item\":\"https:\\\/\\\/everydaychemshop.com\\\/de\\\/\"},{\"@type\":\"ListItem\",\"position\":2,\"name\":\"Produkte\",\"item\":\"https:\\\/\\\/everydaychemshop.com\\\/de\\\/produkte\\\/\"},{\"@type\":\"ListItem\",\"position\":3,\"name\":\"Kaufen Sie Aprobarbiton online\"}]},{\"@type\":\"WebSite\",\"@id\":\"https:\\\/\\\/everydaychemshop.com\\\/de\\\/#website\",\"url\":\"https:\\\/\\\/everydaychemshop.com\\\/de\\\/\",\"name\":\"Everyday Chem Shop\",\"description\":\"\",\"potentialAction\":[{\"@type\":\"SearchAction\",\"target\":{\"@type\":\"EntryPoint\",\"urlTemplate\":\"https:\\\/\\\/everydaychemshop.com\\\/de\\\/?s={search_term_string}\"},\"query-input\":{\"@type\":\"PropertyValueSpecification\",\"valueRequired\":true,\"valueName\":\"search_term_string\"}}],\"inLanguage\":\"en-US\"}]}<\/script>\n<!-- \/ Yoast SEO Premium plugin. -->","yoast_head_json":{"title":"Kaufen Sie Aprobarbiton-Pillen online - Everyday Chem Shop","description":"Kaufen Sie Aprobarbiton-Pillen online. Wenn Sie suchen, wie Sie Aprobarbitone kaufen k\u00f6nnen, dann sind Sie hier genau richtig, um Aprobarbitone online zu kaufen.","robots":{"index":"index","follow":"follow","max-snippet":"max-snippet:-1","max-image-preview":"max-image-preview:large","max-video-preview":"max-video-preview:-1"},"canonical":"https:\/\/everydaychemshop.com\/de\/product\/aprobarbiton-online-kaufen\/","og_locale":"en_US","og_type":"article","og_title":"Kaufen Sie Aprobarbiton online","og_description":"Kaufen Sie Aprobarbiton-Pillen online. Wenn Sie suchen, wie Sie Aprobarbitone kaufen k\u00f6nnen, dann sind Sie hier genau richtig, um Aprobarbitone online zu kaufen.","og_url":"https:\/\/everydaychemshop.com\/de\/product\/aprobarbiton-online-kaufen\/","og_site_name":"Everyday Chem Shop","article_modified_time":"2023-04-06T19:50:21+00:00","og_image":[{"width":600,"height":600,"url":"https:\/\/everydaychemshop.com\/de\/wp-content\/uploads\/sites\/3\/2022\/11\/Aprobarbitone-1.jpg","type":"image\/jpeg"}],"twitter_card":"summary_large_image","twitter_misc":{"Est. reading time":"2 minutes"},"schema":{"@context":"https:\/\/schema.org","@graph":[{"@type":"WebPage","@id":"https:\/\/everydaychemshop.com\/de\/product\/aprobarbiton-online-kaufen\/","url":"https:\/\/everydaychemshop.com\/de\/product\/aprobarbiton-online-kaufen\/","name":"Kaufen Sie Aprobarbiton-Pillen online - Everyday Chem Shop","isPartOf":{"@id":"https:\/\/everydaychemshop.com\/de\/#website"},"primaryImageOfPage":{"@id":"https:\/\/everydaychemshop.com\/de\/product\/aprobarbiton-online-kaufen\/#primaryimage"},"image":{"@id":"https:\/\/everydaychemshop.com\/de\/product\/aprobarbiton-online-kaufen\/#primaryimage"},"thumbnailUrl":"https:\/\/everydaychemshop.com\/de\/wp-content\/uploads\/sites\/3\/2022\/11\/Aprobarbitone-1.jpg","datePublished":"2022-11-16T09:42:03+00:00","dateModified":"2023-04-06T19:50:21+00:00","description":"Kaufen Sie Aprobarbiton-Pillen online. Wenn Sie suchen, wie Sie Aprobarbitone kaufen k\u00f6nnen, dann sind Sie hier genau richtig, um Aprobarbitone online zu kaufen.","breadcrumb":{"@id":"https:\/\/everydaychemshop.com\/de\/product\/aprobarbiton-online-kaufen\/#breadcrumb"},"inLanguage":"en-US","potentialAction":[{"@type":"ReadAction","target":["https:\/\/everydaychemshop.com\/de\/product\/aprobarbiton-online-kaufen\/"]}]},{"@type":"ImageObject","inLanguage":"en-US","@id":"https:\/\/everydaychemshop.com\/de\/product\/aprobarbiton-online-kaufen\/#primaryimage","url":"https:\/\/everydaychemshop.com\/de\/wp-content\/uploads\/sites\/3\/2022\/11\/Aprobarbitone-1.jpg","contentUrl":"https:\/\/everydaychemshop.com\/de\/wp-content\/uploads\/sites\/3\/2022\/11\/Aprobarbitone-1.jpg","width":600,"height":600,"caption":"Kaufen Sie Aprobarbiton-Pillen online"},{"@type":"BreadcrumbList","@id":"https:\/\/everydaychemshop.com\/de\/product\/aprobarbiton-online-kaufen\/#breadcrumb","itemListElement":[{"@type":"ListItem","position":1,"name":"Home","item":"https:\/\/everydaychemshop.com\/de\/"},{"@type":"ListItem","position":2,"name":"Produkte","item":"https:\/\/everydaychemshop.com\/de\/produkte\/"},{"@type":"ListItem","position":3,"name":"Kaufen Sie Aprobarbiton online"}]},{"@type":"WebSite","@id":"https:\/\/everydaychemshop.com\/de\/#website","url":"https:\/\/everydaychemshop.com\/de\/","name":"Everyday Chem Shop","description":"","potentialAction":[{"@type":"SearchAction","target":{"@type":"EntryPoint","urlTemplate":"https:\/\/everydaychemshop.com\/de\/?s={search_term_string}"},"query-input":{"@type":"PropertyValueSpecification","valueRequired":true,"valueName":"search_term_string"}}],"inLanguage":"en-US"}]}},"_links":{"self":[{"href":"https:\/\/everydaychemshop.com\/de\/wp-json\/wp\/v2\/product\/7583","targetHints":{"allow":["GET"]}}],"collection":[{"href":"https:\/\/everydaychemshop.com\/de\/wp-json\/wp\/v2\/product"}],"about":[{"href":"https:\/\/everydaychemshop.com\/de\/wp-json\/wp\/v2\/types\/product"}],"replies":[{"embeddable":true,"href":"https:\/\/everydaychemshop.com\/de\/wp-json\/wp\/v2\/comments?post=7583"}],"wp:featuredmedia":[{"embeddable":true,"href":"https:\/\/everydaychemshop.com\/de\/wp-json\/wp\/v2\/media\/7613"}],"wp:attachment":[{"href":"https:\/\/everydaychemshop.com\/de\/wp-json\/wp\/v2\/media?parent=7583"}],"wp:term":[{"taxonomy":"product_brand","embeddable":true,"href":"https:\/\/everydaychemshop.com\/de\/wp-json\/wp\/v2\/product_brand?post=7583"},{"taxonomy":"product_cat","embeddable":true,"href":"https:\/\/everydaychemshop.com\/de\/wp-json\/wp\/v2\/product_cat?post=7583"},{"taxonomy":"product_tag","embeddable":true,"href":"https:\/\/everydaychemshop.com\/de\/wp-json\/wp\/v2\/product_tag?post=7583"}],"curies":[{"name":"wp","href":"https:\/\/api.w.org\/{rel}","templated":true}]}}