{"id":7584,"date":"2022-11-16T09:42:03","date_gmt":"2022-11-16T09:42:03","guid":{"rendered":"https:\/\/everydaychemshop.com\/de\/?post_type=product&#038;p=7584"},"modified":"2023-04-06T19:48:50","modified_gmt":"2023-04-06T19:48:50","slug":"kaufen-brallobarbital-vesparax-online","status":"publish","type":"product","link":"https:\/\/everydaychemshop.com\/de\/product\/kaufen-brallobarbital-vesparax-online\/","title":{"rendered":"Brallobarbital (Vesparax)"},"content":{"rendered":"<h1>Kaufen Sie Brallobarbital-Pillen online<\/h1>\n<p class=\"tt\"><a href=\"https:\/\/everydaychemshop.com\/de\/product\/kaufen-brallobarbital-vesparax-online\/\">Kaufen Sie Brallobarbital-Pillen online<\/a>. Kaufen Sie Brallobarbital (Vesparax) online bei der professionellen Apotheke<\/p>\n<p>Die Online-Apotheke Nembutal befasst sich mit Brallobarbital (Vesparax) auf der Online-Plattform und liefert es innerhalb des Zeitrahmens an Kunden, die eine Bestellung aufgegeben haben. Wir sind eine professionelle Online-Apotheke, in der Sie Vesparax online zu den besten verf\u00fcgbaren Preisen kaufen k\u00f6nnen. Unsere Preise sind unvergleichlich und f\u00fcr alle erschwinglich. Wir haben auch ein Team das Ihre Bed\u00fcrfnisse und Anforderungen in Bezug auf Nembutal-Brallobarbital auf bequeme Weise erf\u00fcllen wird. Sie k\u00f6nnen Nembutal Brallobarbital jetzt effizient in unserer Apotheke kaufen und erhalten es in K\u00fcrze vor Ihrer Haust\u00fcr.<\/p>\n<h4 class=\"tt\">Was ist Brallobarbital (Vesparax) und wof\u00fcr wird es verwendet?<\/h4>\n<p>Vesparax gilt weithin als atypisches Antipsychotikum. Es wirkt, indem es die Aktivit\u00e4ten der im Gehirn vorhandenen Chemikalien ver\u00e4ndert. Dieses Medikament wurde nur f\u00fcr Erwachsene <a href=\"https:\/\/de.wikipedia.org\/wiki\/Barbiturate\">als<\/a> geeignet befunden und sollte nicht an Personen unter 18 Jahren verabreicht werden.<\/p>\n<h4><strong>Die Verwendung von Vesparax umfasst Folgendes:<\/strong><\/h4>\n<ul>\n<li>Hilft bei der Behandlung von Schizophrenie bei Erwachsenen und Kindern<\/li>\n<li>Indiziert f\u00fcr die Behandlung von bipolaren St\u00f6rungen bei Erwachsenen und Kindern<\/li>\n<li>wird in Kombination mit Antidepressiva zur Behandlung von schweren Depressionen verwendet St\u00f6rung bei Erwachsenen&nbsp;\n<p>&nbsp;<\/p>\n<p><strong>Wissen Sie, wo Sie Brallobarbital (Vesparax) ohne Rezept kaufen k\u00f6nnen?<\/strong><\/p>\n<p>Brallobarbital f\u00fcr Verkauf, Brallobarbital Stra\u00dfenwert, Brallobarbital Dosierung, wie man Brallobarbital herstellt, wo kann ich Brallobarbital online bekommen, wo man Brallobarbital bekommt, was ist Brallobarbital, Brallobarbital in Premiumqualit\u00e4t zum Verkauf. All diese unbeantworteten Fragen k\u00f6nnen durch uns beantwortet werden. Sie m\u00fcssen nur unsere Website durchgehen und Sie erhalten Antworten darauf, wie und wo Sie Brallobarbital-Pillen ohne Rezept online kaufen k\u00f6nnen.<\/p>\n<p>Was ist mit Brallobarbital (Vesparax)? Wissen Sie auch, wo Sie Brallobarbital ohne Rezept online kaufen k\u00f6nnen? kaufen Brallobarbital zum Verkauf, wie man Brallobarbital macht, wie sieht Brallobarbital aus, Brallobarbital Stra\u00dfenpreis, Butabarbital Preis, wo kann man Brallobarbital kaufen, reines Brallobarbital, wo kann ich Brallobarbital online ohne Rezept kaufen, reines Brallobarbital online ohne Rezept kaufen.<\/p>\n<p>Brallobarbital (Vesparax) von guter Qualit\u00e4t online: Es versteht sich von selbst, dass Menschen der Qualit\u00e4t von online verkauftem Brallobarbital nicht schnell vertrauen, weil sie es nicht physisch untersuchen k\u00f6nnen. Aber es ist nicht dasselbe mit Online-Brallobarbital-Online-Anbietern. Die Produkte hier sind ihrer Beschreibung treu, mit hochwertiger Wartung, die unter der Aufsicht von Experten durchgef\u00fchrt wird.<\/p>\n<p>Schnell &amp; Diskreter Versand: Die Lieferung des Brallobarbital online nach Eingang der Bestellung erfolgt innerhalb des versprochenen Zeitrahmens. Das Versandteam setzt alles daran, den Versand- und Liefervorgang reibungslos und schnell zu gestalten. Auch beim Online-Kauf von Brallobarbital vom Profi auf der Online-Plattform k\u00f6nnen Sie exzellenten Service erwarten.<\/li>\n<\/ul>\n<p>&nbsp;<\/p>\n","protected":false},"excerpt":{"rendered":"<p><strong>Kontakt mit der Online-Nembutal-Apotheke aufnehmen<\/strong><\/p>\n<p>Die Online-Nembutal-Apotheke ist jetzt nur noch einen Klick entfernt! Sie k\u00f6nnen uns anrufen, eine SMS oder eine E-Mail senden, um Ihre Fragen zu l\u00f6sen. Wir werden Ihre Bestellung sicher innerhalb des versprochenen Zeitraums ausf\u00fchren. Klicken Sie jetzt auf Ihre Bestellung, um Vesparax online zu kaufen!<\/p>\n","protected":false},"featured_media":7614,"comment_status":"open","ping_status":"closed","template":"","meta":{"inline_featured_image":false},"product_brand":[],"product_cat":[58],"product_tag":[],"class_list":{"0":"post-7584","1":"product","2":"type-product","3":"status-publish","4":"has-post-thumbnail","6":"product_cat-nembutal-produkte","8":"first","9":"instock","10":"shipping-taxable","11":"purchasable","12":"product-type-variable","13":"has-default-attributes"},"yoast_head":"<!-- This site is optimized with the Yoast SEO Premium plugin v19.2 (Yoast SEO v27.3) - https:\/\/yoast.com\/product\/yoast-seo-premium-wordpress\/ -->\n<title>Kaufen Sie Brallobarbital-Pillen online - Everyday Chem Shop<\/title>\n<meta name=\"description\" content=\"Kaufen Sie Brallobarbital-Pillen online. Wenn Sie Brallobarbital kaufen m\u00f6chten, dann sind Sie hier genau richtig, um Brallobarbital online zu kaufen.\" \/>\n<meta name=\"robots\" content=\"index, follow, max-snippet:-1, max-image-preview:large, max-video-preview:-1\" \/>\n<link rel=\"canonical\" href=\"https:\/\/everydaychemshop.com\/de\/product\/kaufen-brallobarbital-vesparax-online\/\" \/>\n<meta property=\"og:locale\" content=\"en_US\" \/>\n<meta property=\"og:type\" content=\"article\" \/>\n<meta property=\"og:title\" content=\"Brallobarbital (Vesparax)\" \/>\n<meta property=\"og:description\" content=\"Kaufen Sie Brallobarbital-Pillen online. Wenn Sie Brallobarbital kaufen m\u00f6chten, dann sind Sie hier genau richtig, um Brallobarbital online zu kaufen.\" \/>\n<meta property=\"og:url\" content=\"https:\/\/everydaychemshop.com\/de\/product\/kaufen-brallobarbital-vesparax-online\/\" \/>\n<meta property=\"og:site_name\" content=\"Everyday Chem Shop\" \/>\n<meta property=\"article:modified_time\" content=\"2023-04-06T19:48:50+00:00\" \/>\n<meta property=\"og:image\" content=\"https:\/\/everydaychemshop.com\/de\/wp-content\/uploads\/sites\/3\/2022\/11\/brallobarbital-Vesparax.jpg\" \/>\n\t<meta property=\"og:image:width\" content=\"600\" \/>\n\t<meta property=\"og:image:height\" content=\"600\" \/>\n\t<meta property=\"og:image:type\" content=\"image\/jpeg\" \/>\n<meta name=\"twitter:card\" content=\"summary_large_image\" \/>\n<meta name=\"twitter:label1\" content=\"Est. reading time\" \/>\n\t<meta name=\"twitter:data1\" content=\"2 minutes\" \/>\n<script type=\"application\/ld+json\" class=\"yoast-schema-graph\">{\"@context\":\"https:\\\/\\\/schema.org\",\"@graph\":[{\"@type\":\"WebPage\",\"@id\":\"https:\\\/\\\/everydaychemshop.com\\\/de\\\/product\\\/kaufen-brallobarbital-vesparax-online\\\/\",\"url\":\"https:\\\/\\\/everydaychemshop.com\\\/de\\\/product\\\/kaufen-brallobarbital-vesparax-online\\\/\",\"name\":\"Kaufen Sie Brallobarbital-Pillen online - Everyday Chem Shop\",\"isPartOf\":{\"@id\":\"https:\\\/\\\/everydaychemshop.com\\\/de\\\/#website\"},\"primaryImageOfPage\":{\"@id\":\"https:\\\/\\\/everydaychemshop.com\\\/de\\\/product\\\/kaufen-brallobarbital-vesparax-online\\\/#primaryimage\"},\"image\":{\"@id\":\"https:\\\/\\\/everydaychemshop.com\\\/de\\\/product\\\/kaufen-brallobarbital-vesparax-online\\\/#primaryimage\"},\"thumbnailUrl\":\"https:\\\/\\\/everydaychemshop.com\\\/de\\\/wp-content\\\/uploads\\\/sites\\\/3\\\/2022\\\/11\\\/brallobarbital-Vesparax.jpg\",\"datePublished\":\"2022-11-16T09:42:03+00:00\",\"dateModified\":\"2023-04-06T19:48:50+00:00\",\"description\":\"Kaufen Sie Brallobarbital-Pillen online. Wenn Sie Brallobarbital kaufen m\u00f6chten, dann sind Sie hier genau richtig, um Brallobarbital online zu kaufen.\",\"breadcrumb\":{\"@id\":\"https:\\\/\\\/everydaychemshop.com\\\/de\\\/product\\\/kaufen-brallobarbital-vesparax-online\\\/#breadcrumb\"},\"inLanguage\":\"en-US\",\"potentialAction\":[{\"@type\":\"ReadAction\",\"target\":[\"https:\\\/\\\/everydaychemshop.com\\\/de\\\/product\\\/kaufen-brallobarbital-vesparax-online\\\/\"]}]},{\"@type\":\"ImageObject\",\"inLanguage\":\"en-US\",\"@id\":\"https:\\\/\\\/everydaychemshop.com\\\/de\\\/product\\\/kaufen-brallobarbital-vesparax-online\\\/#primaryimage\",\"url\":\"https:\\\/\\\/everydaychemshop.com\\\/de\\\/wp-content\\\/uploads\\\/sites\\\/3\\\/2022\\\/11\\\/brallobarbital-Vesparax.jpg\",\"contentUrl\":\"https:\\\/\\\/everydaychemshop.com\\\/de\\\/wp-content\\\/uploads\\\/sites\\\/3\\\/2022\\\/11\\\/brallobarbital-Vesparax.jpg\",\"width\":600,\"height\":600,\"caption\":\"Kaufen Sie Brallobarbital-Pillen online\"},{\"@type\":\"BreadcrumbList\",\"@id\":\"https:\\\/\\\/everydaychemshop.com\\\/de\\\/product\\\/kaufen-brallobarbital-vesparax-online\\\/#breadcrumb\",\"itemListElement\":[{\"@type\":\"ListItem\",\"position\":1,\"name\":\"Home\",\"item\":\"https:\\\/\\\/everydaychemshop.com\\\/de\\\/\"},{\"@type\":\"ListItem\",\"position\":2,\"name\":\"Produkte\",\"item\":\"https:\\\/\\\/everydaychemshop.com\\\/de\\\/produkte\\\/\"},{\"@type\":\"ListItem\",\"position\":3,\"name\":\"Brallobarbital (Vesparax)\"}]},{\"@type\":\"WebSite\",\"@id\":\"https:\\\/\\\/everydaychemshop.com\\\/de\\\/#website\",\"url\":\"https:\\\/\\\/everydaychemshop.com\\\/de\\\/\",\"name\":\"Everyday Chem Shop\",\"description\":\"\",\"potentialAction\":[{\"@type\":\"SearchAction\",\"target\":{\"@type\":\"EntryPoint\",\"urlTemplate\":\"https:\\\/\\\/everydaychemshop.com\\\/de\\\/?s={search_term_string}\"},\"query-input\":{\"@type\":\"PropertyValueSpecification\",\"valueRequired\":true,\"valueName\":\"search_term_string\"}}],\"inLanguage\":\"en-US\"}]}<\/script>\n<!-- \/ Yoast SEO Premium plugin. -->","yoast_head_json":{"title":"Kaufen Sie Brallobarbital-Pillen online - Everyday Chem Shop","description":"Kaufen Sie Brallobarbital-Pillen online. Wenn Sie Brallobarbital kaufen m\u00f6chten, dann sind Sie hier genau richtig, um Brallobarbital online zu kaufen.","robots":{"index":"index","follow":"follow","max-snippet":"max-snippet:-1","max-image-preview":"max-image-preview:large","max-video-preview":"max-video-preview:-1"},"canonical":"https:\/\/everydaychemshop.com\/de\/product\/kaufen-brallobarbital-vesparax-online\/","og_locale":"en_US","og_type":"article","og_title":"Brallobarbital (Vesparax)","og_description":"Kaufen Sie Brallobarbital-Pillen online. Wenn Sie Brallobarbital kaufen m\u00f6chten, dann sind Sie hier genau richtig, um Brallobarbital online zu kaufen.","og_url":"https:\/\/everydaychemshop.com\/de\/product\/kaufen-brallobarbital-vesparax-online\/","og_site_name":"Everyday Chem Shop","article_modified_time":"2023-04-06T19:48:50+00:00","og_image":[{"width":600,"height":600,"url":"https:\/\/everydaychemshop.com\/de\/wp-content\/uploads\/sites\/3\/2022\/11\/brallobarbital-Vesparax.jpg","type":"image\/jpeg"}],"twitter_card":"summary_large_image","twitter_misc":{"Est. reading time":"2 minutes"},"schema":{"@context":"https:\/\/schema.org","@graph":[{"@type":"WebPage","@id":"https:\/\/everydaychemshop.com\/de\/product\/kaufen-brallobarbital-vesparax-online\/","url":"https:\/\/everydaychemshop.com\/de\/product\/kaufen-brallobarbital-vesparax-online\/","name":"Kaufen Sie Brallobarbital-Pillen online - Everyday Chem Shop","isPartOf":{"@id":"https:\/\/everydaychemshop.com\/de\/#website"},"primaryImageOfPage":{"@id":"https:\/\/everydaychemshop.com\/de\/product\/kaufen-brallobarbital-vesparax-online\/#primaryimage"},"image":{"@id":"https:\/\/everydaychemshop.com\/de\/product\/kaufen-brallobarbital-vesparax-online\/#primaryimage"},"thumbnailUrl":"https:\/\/everydaychemshop.com\/de\/wp-content\/uploads\/sites\/3\/2022\/11\/brallobarbital-Vesparax.jpg","datePublished":"2022-11-16T09:42:03+00:00","dateModified":"2023-04-06T19:48:50+00:00","description":"Kaufen Sie Brallobarbital-Pillen online. Wenn Sie Brallobarbital kaufen m\u00f6chten, dann sind Sie hier genau richtig, um Brallobarbital online zu kaufen.","breadcrumb":{"@id":"https:\/\/everydaychemshop.com\/de\/product\/kaufen-brallobarbital-vesparax-online\/#breadcrumb"},"inLanguage":"en-US","potentialAction":[{"@type":"ReadAction","target":["https:\/\/everydaychemshop.com\/de\/product\/kaufen-brallobarbital-vesparax-online\/"]}]},{"@type":"ImageObject","inLanguage":"en-US","@id":"https:\/\/everydaychemshop.com\/de\/product\/kaufen-brallobarbital-vesparax-online\/#primaryimage","url":"https:\/\/everydaychemshop.com\/de\/wp-content\/uploads\/sites\/3\/2022\/11\/brallobarbital-Vesparax.jpg","contentUrl":"https:\/\/everydaychemshop.com\/de\/wp-content\/uploads\/sites\/3\/2022\/11\/brallobarbital-Vesparax.jpg","width":600,"height":600,"caption":"Kaufen Sie Brallobarbital-Pillen online"},{"@type":"BreadcrumbList","@id":"https:\/\/everydaychemshop.com\/de\/product\/kaufen-brallobarbital-vesparax-online\/#breadcrumb","itemListElement":[{"@type":"ListItem","position":1,"name":"Home","item":"https:\/\/everydaychemshop.com\/de\/"},{"@type":"ListItem","position":2,"name":"Produkte","item":"https:\/\/everydaychemshop.com\/de\/produkte\/"},{"@type":"ListItem","position":3,"name":"Brallobarbital (Vesparax)"}]},{"@type":"WebSite","@id":"https:\/\/everydaychemshop.com\/de\/#website","url":"https:\/\/everydaychemshop.com\/de\/","name":"Everyday Chem Shop","description":"","potentialAction":[{"@type":"SearchAction","target":{"@type":"EntryPoint","urlTemplate":"https:\/\/everydaychemshop.com\/de\/?s={search_term_string}"},"query-input":{"@type":"PropertyValueSpecification","valueRequired":true,"valueName":"search_term_string"}}],"inLanguage":"en-US"}]}},"_links":{"self":[{"href":"https:\/\/everydaychemshop.com\/de\/wp-json\/wp\/v2\/product\/7584","targetHints":{"allow":["GET"]}}],"collection":[{"href":"https:\/\/everydaychemshop.com\/de\/wp-json\/wp\/v2\/product"}],"about":[{"href":"https:\/\/everydaychemshop.com\/de\/wp-json\/wp\/v2\/types\/product"}],"replies":[{"embeddable":true,"href":"https:\/\/everydaychemshop.com\/de\/wp-json\/wp\/v2\/comments?post=7584"}],"wp:featuredmedia":[{"embeddable":true,"href":"https:\/\/everydaychemshop.com\/de\/wp-json\/wp\/v2\/media\/7614"}],"wp:attachment":[{"href":"https:\/\/everydaychemshop.com\/de\/wp-json\/wp\/v2\/media?parent=7584"}],"wp:term":[{"taxonomy":"product_brand","embeddable":true,"href":"https:\/\/everydaychemshop.com\/de\/wp-json\/wp\/v2\/product_brand?post=7584"},{"taxonomy":"product_cat","embeddable":true,"href":"https:\/\/everydaychemshop.com\/de\/wp-json\/wp\/v2\/product_cat?post=7584"},{"taxonomy":"product_tag","embeddable":true,"href":"https:\/\/everydaychemshop.com\/de\/wp-json\/wp\/v2\/product_tag?post=7584"}],"curies":[{"name":"wp","href":"https:\/\/api.w.org\/{rel}","templated":true}]}}