{"id":7585,"date":"2022-11-16T09:42:03","date_gmt":"2022-11-16T09:42:03","guid":{"rendered":"https:\/\/everydaychemshop.com\/de\/?post_type=product&#038;p=7585"},"modified":"2023-04-06T19:47:26","modified_gmt":"2023-04-06T19:47:26","slug":"kaufen-butabarbital-online","status":"publish","type":"product","link":"https:\/\/everydaychemshop.com\/de\/product\/kaufen-butabarbital-online\/","title":{"rendered":"Butabarbital"},"content":{"rendered":"<h1>Kaufen Sie Butabarbital-Pillen online<\/h1>\n<p class=\"tt\"><a href=\"https:\/\/everydaychemshop.com\/de\/product\/kaufen-butabarbital-online\/\">Kaufen Sie Butabarbital-Pillen online<\/a>. Kaufen Sie Butabarbital-Natrium 50 mg Tabletten online von der Top-Apotheke<\/p>\n<p>Online Nembutal Pharmacy ist eine ideale Apotheke, um Butabarbital-Natrium 50 mg Tabletten <a href=\"https:\/\/de.wikipedia.org\/wiki\/Barbiturate\">zu<\/a> den besten Preisen zu kaufen. Wir sind \u00fcber einen l\u00e4ngeren Zeitraum in dieser Medizinbranche t\u00e4tig. Sie k\u00f6nnen sich auf verlassen, wenn es darum geht, das Beste f\u00fcr Ihre Gesundheit zu erhalten. Unsere professionellen Teammitglieder werden Ihre Erwartungen sowieso nicht entt\u00e4uschen. Kaufen Sie jetzt!<\/p>\n<h4 class=\"tt\">Wie k\u00f6nnen Sie Butabarbital-Natrium nach dem Kauf bei uns optimal nutzen?<\/h4>\n<p>Butabarbital-Natrium ist ein perfektes Medikament, das f\u00fcr die Behandlung von Schlaflosigkeit bei Menschen. Es ist normalerweise ein kurzfristiges Medikament. Die medizinische Industrie kann dieses Produkt als Beruhigungsmittel vor jeder Operation verwenden.<\/p>\n<p>Um eine ordnungsgem\u00e4\u00dfe Medikation mit Butabarbital-Natrium sicherzustellen, bieten wir unseren Kunden eine manuelle Anleitung an. In diesem Handbuch werden alle Anweisungen zu dem Medikament erw\u00e4hnt. Sie k\u00f6nnen sie einfach einzeln lesen und f\u00fcr Ihre beabsichtigten Zwecke verwenden. Vertrauen Sie voll und ganz auf unsere professionelle Online-Apotheke. Wir denken immer das Beste f\u00fcr unsere wertvollen Kunden. Wir sorgen uns immer um die Gesundheit der Menschen und \u00fcberpr\u00fcfen alle Produkte, bevor wir sie ausliefern.<\/p>\n<p>Um Butabarbital-Natrium zum besten Preis zu kaufen, k\u00f6nnen Sie uns kontaktieren. Unser Team wird Ihre Bestellung interpretieren und im n\u00e4chsten Moment f\u00fcr die Lieferung vorbereiten. Ihre Medikamente werden Sie innerhalb der von unserer Online-Apotheke zugewiesenen Zeit erreichen. Bestellen Sie jetzt g\u00fcnstiges Nembutal!<\/p>\n<p><strong>Wissen Sie, wo Sie Butabarbital ohne Rezept kaufen k\u00f6nnen?<\/strong><\/p>\n<p>Butabarbital zum Verkauf, Butabarbital Stra\u00dfenpreis, Butabarbital Dosierung, wie man es herstellt Butabarbital, wo kann ich Butabarbital online kaufen, wo bekomme ich Butabarbital, was ist Butabarbital, hochwertiges Butabarbital zum Verkauf? All diese unbeantworteten Fragen k\u00f6nnen durch uns beantwortet werden. Sie m\u00fcssen nur unsere Website durchgehen und Sie erhalten die Antworten darauf, wie und wo Sie Butabarbital-Pillen ohne Rezept online kaufen k\u00f6nnen.<\/p>\n<p>Was ist mit Butabarbital? Wissen Sie auch, wo Sie Butabarbital ohne Rezept online kaufen k\u00f6nnen? Kaufen Sie Butabarbital zum Verkauf, wie man Butabarbital herstellt, wie sieht Butalbital aus, Butabarbital-Stra\u00dfenpreis, Butabarbital-Preis, wo kann man Butabarbital kaufen, reines Butabarbital, wo kann ich Butabarbital online ohne Rezept kaufen, reines Butabarbital online ohne Rezept kaufen.<\/p>\n<p>Butabarbital von guter Qualit\u00e4t online: Es versteht sich von selbst, dass Menschen der Qualit\u00e4t von online verkauftem Butabarbital nicht schnell vertrauen, weil sie es nicht physisch untersuchen k\u00f6nnen. Aber es ist nicht dasselbe mit Online-Butabarbital-Online-Anbietern. Die Produkte hier sind ihrer Beschreibung treu, mit hochwertiger Wartung, die unter der Aufsicht von Experten durchgef\u00fchrt wird.<\/p>\n<p>Schnell &amp; Diskreter Versand: Die Lieferung des Butabarbital online nach Eingang der Bestellung erfolgt innerhalb des versprochenen Zeitrahmens. Das Versandteam setzt alles daran, den Versand- und Liefervorgang reibungslos und schnell zu gestalten. Auch beim Online-Kauf von Butabarbital vom Profi auf der Online-Plattform k\u00f6nnen Sie einen exzellenten Service erwarten.<\/p>\n","protected":false},"excerpt":{"rendered":"<p><strong>Wie bestelle ich Butabarbital-Natrium bei der Online-Nembutal-Apotheke?<\/strong><\/p>\n<p>Die Online-Nembutal-Apotheke ist jetzt online verf\u00fcgbar. Geben Sie Ihre Bestelldaten ein, um Butabarbital-Natrium 50 mg Tabletten auf unserer offiziellen Website zu kaufen, gefolgt von der Zahlung daf\u00fcr. Sobald die Bestellung aufgegeben wurde, wird sie innerhalb des angegebenen Zeitrahmens abgeschlossen. Bestellen Sie noch heute!<\/p>\n","protected":false},"featured_media":7615,"comment_status":"closed","ping_status":"closed","template":"","meta":{"inline_featured_image":false},"product_brand":[],"product_cat":[58],"product_tag":[],"class_list":{"0":"post-7585","1":"product","2":"type-product","3":"status-publish","4":"has-post-thumbnail","6":"product_cat-nembutal-produkte","8":"first","9":"instock","10":"featured","11":"shipping-taxable","12":"purchasable","13":"product-type-variable","14":"has-default-attributes"},"yoast_head":"<!-- This site is optimized with the Yoast SEO Premium plugin v19.2 (Yoast SEO v27.3) - https:\/\/yoast.com\/product\/yoast-seo-premium-wordpress\/ -->\n<title>Kaufen Sie Butabarbital-Pillen online - Everyday Chem Shop<\/title>\n<meta name=\"description\" content=\"Kaufen Sie Butabarbital-Pillen online. Wenn Sie nach M\u00f6glichkeiten suchen, Butabarbital zu kaufen, dann sind Sie hier genau richtig, um Butabarbital online zu kaufen.\" \/>\n<meta name=\"robots\" content=\"index, follow, max-snippet:-1, max-image-preview:large, max-video-preview:-1\" \/>\n<link rel=\"canonical\" href=\"https:\/\/everydaychemshop.com\/de\/product\/kaufen-butabarbital-online\/\" \/>\n<meta property=\"og:locale\" content=\"en_US\" \/>\n<meta property=\"og:type\" content=\"article\" \/>\n<meta property=\"og:title\" content=\"Butabarbital\" \/>\n<meta property=\"og:description\" content=\"Kaufen Sie Butabarbital-Pillen online. Wenn Sie nach M\u00f6glichkeiten suchen, Butabarbital zu kaufen, dann sind Sie hier genau richtig, um Butabarbital online zu kaufen.\" \/>\n<meta property=\"og:url\" content=\"https:\/\/everydaychemshop.com\/de\/product\/kaufen-butabarbital-online\/\" \/>\n<meta property=\"og:site_name\" content=\"Everyday Chem Shop\" \/>\n<meta property=\"article:modified_time\" content=\"2023-04-06T19:47:26+00:00\" \/>\n<meta property=\"og:image\" content=\"https:\/\/everydaychemshop.com\/de\/wp-content\/uploads\/sites\/3\/2022\/11\/Butabarbital.jpg\" \/>\n\t<meta property=\"og:image:width\" content=\"600\" \/>\n\t<meta property=\"og:image:height\" content=\"600\" \/>\n\t<meta property=\"og:image:type\" content=\"image\/jpeg\" \/>\n<meta name=\"twitter:card\" content=\"summary_large_image\" \/>\n<meta name=\"twitter:label1\" content=\"Est. reading time\" \/>\n\t<meta name=\"twitter:data1\" content=\"2 minutes\" \/>\n<script type=\"application\/ld+json\" class=\"yoast-schema-graph\">{\"@context\":\"https:\\\/\\\/schema.org\",\"@graph\":[{\"@type\":\"WebPage\",\"@id\":\"https:\\\/\\\/everydaychemshop.com\\\/de\\\/product\\\/kaufen-butabarbital-online\\\/\",\"url\":\"https:\\\/\\\/everydaychemshop.com\\\/de\\\/product\\\/kaufen-butabarbital-online\\\/\",\"name\":\"Kaufen Sie Butabarbital-Pillen online - Everyday Chem Shop\",\"isPartOf\":{\"@id\":\"https:\\\/\\\/everydaychemshop.com\\\/de\\\/#website\"},\"primaryImageOfPage\":{\"@id\":\"https:\\\/\\\/everydaychemshop.com\\\/de\\\/product\\\/kaufen-butabarbital-online\\\/#primaryimage\"},\"image\":{\"@id\":\"https:\\\/\\\/everydaychemshop.com\\\/de\\\/product\\\/kaufen-butabarbital-online\\\/#primaryimage\"},\"thumbnailUrl\":\"https:\\\/\\\/everydaychemshop.com\\\/de\\\/wp-content\\\/uploads\\\/sites\\\/3\\\/2022\\\/11\\\/Butabarbital.jpg\",\"datePublished\":\"2022-11-16T09:42:03+00:00\",\"dateModified\":\"2023-04-06T19:47:26+00:00\",\"description\":\"Kaufen Sie Butabarbital-Pillen online. Wenn Sie nach M\u00f6glichkeiten suchen, Butabarbital zu kaufen, dann sind Sie hier genau richtig, um Butabarbital online zu kaufen.\",\"breadcrumb\":{\"@id\":\"https:\\\/\\\/everydaychemshop.com\\\/de\\\/product\\\/kaufen-butabarbital-online\\\/#breadcrumb\"},\"inLanguage\":\"en-US\",\"potentialAction\":[{\"@type\":\"ReadAction\",\"target\":[\"https:\\\/\\\/everydaychemshop.com\\\/de\\\/product\\\/kaufen-butabarbital-online\\\/\"]}]},{\"@type\":\"ImageObject\",\"inLanguage\":\"en-US\",\"@id\":\"https:\\\/\\\/everydaychemshop.com\\\/de\\\/product\\\/kaufen-butabarbital-online\\\/#primaryimage\",\"url\":\"https:\\\/\\\/everydaychemshop.com\\\/de\\\/wp-content\\\/uploads\\\/sites\\\/3\\\/2022\\\/11\\\/Butabarbital.jpg\",\"contentUrl\":\"https:\\\/\\\/everydaychemshop.com\\\/de\\\/wp-content\\\/uploads\\\/sites\\\/3\\\/2022\\\/11\\\/Butabarbital.jpg\",\"width\":600,\"height\":600,\"caption\":\"Kaufen Sie Butabarbital-Pillen online\"},{\"@type\":\"BreadcrumbList\",\"@id\":\"https:\\\/\\\/everydaychemshop.com\\\/de\\\/product\\\/kaufen-butabarbital-online\\\/#breadcrumb\",\"itemListElement\":[{\"@type\":\"ListItem\",\"position\":1,\"name\":\"Home\",\"item\":\"https:\\\/\\\/everydaychemshop.com\\\/de\\\/\"},{\"@type\":\"ListItem\",\"position\":2,\"name\":\"Produkte\",\"item\":\"https:\\\/\\\/everydaychemshop.com\\\/de\\\/produkte\\\/\"},{\"@type\":\"ListItem\",\"position\":3,\"name\":\"Butabarbital\"}]},{\"@type\":\"WebSite\",\"@id\":\"https:\\\/\\\/everydaychemshop.com\\\/de\\\/#website\",\"url\":\"https:\\\/\\\/everydaychemshop.com\\\/de\\\/\",\"name\":\"Everyday Chem Shop\",\"description\":\"\",\"potentialAction\":[{\"@type\":\"SearchAction\",\"target\":{\"@type\":\"EntryPoint\",\"urlTemplate\":\"https:\\\/\\\/everydaychemshop.com\\\/de\\\/?s={search_term_string}\"},\"query-input\":{\"@type\":\"PropertyValueSpecification\",\"valueRequired\":true,\"valueName\":\"search_term_string\"}}],\"inLanguage\":\"en-US\"}]}<\/script>\n<!-- \/ Yoast SEO Premium plugin. -->","yoast_head_json":{"title":"Kaufen Sie Butabarbital-Pillen online - Everyday Chem Shop","description":"Kaufen Sie Butabarbital-Pillen online. Wenn Sie nach M\u00f6glichkeiten suchen, Butabarbital zu kaufen, dann sind Sie hier genau richtig, um Butabarbital online zu kaufen.","robots":{"index":"index","follow":"follow","max-snippet":"max-snippet:-1","max-image-preview":"max-image-preview:large","max-video-preview":"max-video-preview:-1"},"canonical":"https:\/\/everydaychemshop.com\/de\/product\/kaufen-butabarbital-online\/","og_locale":"en_US","og_type":"article","og_title":"Butabarbital","og_description":"Kaufen Sie Butabarbital-Pillen online. Wenn Sie nach M\u00f6glichkeiten suchen, Butabarbital zu kaufen, dann sind Sie hier genau richtig, um Butabarbital online zu kaufen.","og_url":"https:\/\/everydaychemshop.com\/de\/product\/kaufen-butabarbital-online\/","og_site_name":"Everyday Chem Shop","article_modified_time":"2023-04-06T19:47:26+00:00","og_image":[{"width":600,"height":600,"url":"https:\/\/everydaychemshop.com\/de\/wp-content\/uploads\/sites\/3\/2022\/11\/Butabarbital.jpg","type":"image\/jpeg"}],"twitter_card":"summary_large_image","twitter_misc":{"Est. reading time":"2 minutes"},"schema":{"@context":"https:\/\/schema.org","@graph":[{"@type":"WebPage","@id":"https:\/\/everydaychemshop.com\/de\/product\/kaufen-butabarbital-online\/","url":"https:\/\/everydaychemshop.com\/de\/product\/kaufen-butabarbital-online\/","name":"Kaufen Sie Butabarbital-Pillen online - Everyday Chem Shop","isPartOf":{"@id":"https:\/\/everydaychemshop.com\/de\/#website"},"primaryImageOfPage":{"@id":"https:\/\/everydaychemshop.com\/de\/product\/kaufen-butabarbital-online\/#primaryimage"},"image":{"@id":"https:\/\/everydaychemshop.com\/de\/product\/kaufen-butabarbital-online\/#primaryimage"},"thumbnailUrl":"https:\/\/everydaychemshop.com\/de\/wp-content\/uploads\/sites\/3\/2022\/11\/Butabarbital.jpg","datePublished":"2022-11-16T09:42:03+00:00","dateModified":"2023-04-06T19:47:26+00:00","description":"Kaufen Sie Butabarbital-Pillen online. Wenn Sie nach M\u00f6glichkeiten suchen, Butabarbital zu kaufen, dann sind Sie hier genau richtig, um Butabarbital online zu kaufen.","breadcrumb":{"@id":"https:\/\/everydaychemshop.com\/de\/product\/kaufen-butabarbital-online\/#breadcrumb"},"inLanguage":"en-US","potentialAction":[{"@type":"ReadAction","target":["https:\/\/everydaychemshop.com\/de\/product\/kaufen-butabarbital-online\/"]}]},{"@type":"ImageObject","inLanguage":"en-US","@id":"https:\/\/everydaychemshop.com\/de\/product\/kaufen-butabarbital-online\/#primaryimage","url":"https:\/\/everydaychemshop.com\/de\/wp-content\/uploads\/sites\/3\/2022\/11\/Butabarbital.jpg","contentUrl":"https:\/\/everydaychemshop.com\/de\/wp-content\/uploads\/sites\/3\/2022\/11\/Butabarbital.jpg","width":600,"height":600,"caption":"Kaufen Sie Butabarbital-Pillen online"},{"@type":"BreadcrumbList","@id":"https:\/\/everydaychemshop.com\/de\/product\/kaufen-butabarbital-online\/#breadcrumb","itemListElement":[{"@type":"ListItem","position":1,"name":"Home","item":"https:\/\/everydaychemshop.com\/de\/"},{"@type":"ListItem","position":2,"name":"Produkte","item":"https:\/\/everydaychemshop.com\/de\/produkte\/"},{"@type":"ListItem","position":3,"name":"Butabarbital"}]},{"@type":"WebSite","@id":"https:\/\/everydaychemshop.com\/de\/#website","url":"https:\/\/everydaychemshop.com\/de\/","name":"Everyday Chem Shop","description":"","potentialAction":[{"@type":"SearchAction","target":{"@type":"EntryPoint","urlTemplate":"https:\/\/everydaychemshop.com\/de\/?s={search_term_string}"},"query-input":{"@type":"PropertyValueSpecification","valueRequired":true,"valueName":"search_term_string"}}],"inLanguage":"en-US"}]}},"_links":{"self":[{"href":"https:\/\/everydaychemshop.com\/de\/wp-json\/wp\/v2\/product\/7585","targetHints":{"allow":["GET"]}}],"collection":[{"href":"https:\/\/everydaychemshop.com\/de\/wp-json\/wp\/v2\/product"}],"about":[{"href":"https:\/\/everydaychemshop.com\/de\/wp-json\/wp\/v2\/types\/product"}],"replies":[{"embeddable":true,"href":"https:\/\/everydaychemshop.com\/de\/wp-json\/wp\/v2\/comments?post=7585"}],"wp:featuredmedia":[{"embeddable":true,"href":"https:\/\/everydaychemshop.com\/de\/wp-json\/wp\/v2\/media\/7615"}],"wp:attachment":[{"href":"https:\/\/everydaychemshop.com\/de\/wp-json\/wp\/v2\/media?parent=7585"}],"wp:term":[{"taxonomy":"product_brand","embeddable":true,"href":"https:\/\/everydaychemshop.com\/de\/wp-json\/wp\/v2\/product_brand?post=7585"},{"taxonomy":"product_cat","embeddable":true,"href":"https:\/\/everydaychemshop.com\/de\/wp-json\/wp\/v2\/product_cat?post=7585"},{"taxonomy":"product_tag","embeddable":true,"href":"https:\/\/everydaychemshop.com\/de\/wp-json\/wp\/v2\/product_tag?post=7585"}],"curies":[{"name":"wp","href":"https:\/\/api.w.org\/{rel}","templated":true}]}}