{"id":7586,"date":"2022-11-16T09:42:04","date_gmt":"2022-11-16T09:42:04","guid":{"rendered":"https:\/\/everydaychemshop.com\/de\/?post_type=product&#038;p=7586"},"modified":"2023-04-06T19:41:22","modified_gmt":"2023-04-06T19:41:22","slug":"kaufen-butalbital-online","status":"publish","type":"product","link":"https:\/\/everydaychemshop.com\/de\/product\/kaufen-butalbital-online\/","title":{"rendered":"Kaufen Sie Butalbital online"},"content":{"rendered":"<h1>Kaufen Sie Butalbital-Pillen online<\/h1>\n<p class=\"tt\"><a href=\"https:\/\/everydaychemshop.com\/de\/product\/kaufen-butalbital-online\/\">Kaufen Sie Butalbital-Pillen online<\/a>. Kaufen Sie Butalbital online ohne Rezept von der besten Online-Apotheke. Hier k\u00f6nnen Sie Butalbital bequem rezeptfrei online kaufen. Wir sind konsequent dabei, das qualitativ hochwertige Produkt an Kunden weltweit zu verkaufen. Wir k\u00fcmmern uns um alle Bed\u00fcrfnisse und Anforderungen unserer Kunden <a href=\"https:\/\/de.wikipedia.org\/wiki\/Butalbital\">und<\/a> erledigen sie immer innerhalb des Zeitrahmens.<\/p>\n<p>\u00dcber die Online-Plattform k\u00f6nnen Sie sich sofort mit uns in Verbindung setzen und erhalten die gew\u00fcnschten Medikamente in kurzer Zeit. Bestellen Sie Butalbital noch heute online!<\/p>\n<p class=\"tt\"><strong>Wie profitieren Sie von Butalbital?<\/strong><\/p>\n<p>Butalbital ist ein Kurzzeitmedikament. Sie k\u00f6nnen dieses Medikament bequem in Kombination mit anderen Arzneimitteln wie Paracetamol (Acetaminophen) oder Aspirin zur Behandlung von Schmerzen und Kopfschmerzen verwenden. Es wurde auch f\u00fcr die Behandlung von Spannungskopfschmerzen zugelassen.<\/p>\n<p>Um Butalbital online zum besten Preis zu kaufen, k\u00f6nnen Sie damit beginnen, es in den Warenkorb zu legen. Sobald die Hinzuf\u00fcgung abgeschlossen ist, k\u00f6nnen Sie mit dem Zahlungsabschluss fortfahren. Wir haben eine Reihe von Zahlungsgateways bereitgestellt. Sie k\u00f6nnen das passende ausw\u00e4hlen und Ihr Produkt bezahlen.<\/p>\n<p class=\"tt\"><strong>Wo k\u00f6nnen Sie Butalbital online zum besten Preis bestellen?<\/strong><\/p>\n<p>Wenn Ihnen Butalbital verschrieben wurde, ist es an der Zeit, Butalbital zum Verkauf in der Online Nembutal Pharmacy zu kaufen. Die Verbindung mit unserer Online-Apotheke ist so einfach wie nie zuvor. Wir haben eine sehr einfache und benutzerfreundliche Website, damit sich unsere Kunden bei der Bestellung ihrer Produkte wohl f\u00fchlen.<\/p>\n<p><strong>Wissen Sie, wo Sie Butalbital ohne Rezept kaufen k\u00f6nnen?<\/strong><\/p>\n<p>Butalbital zum Verkauf, Butalbital-Stra\u00dfenwert, Butalbital-Dosierung, wie man Butalbital herstellt, wo kann ich Butalbital online kaufen, wo man Butalbital bekommt, was ist Butalbital, Butalbital in Premiumqualit\u00e4t zum Verkauf. All diese unbeantworteten Fragen k\u00f6nnen durch uns beantwortet werden. Sie m\u00fcssen nur unsere Website durchgehen und Sie erhalten die Antworten darauf, wie und wo Sie Methadon-Pillen ohne Rezept online kaufen k\u00f6nnen.<\/p>\n<p>Was ist mit Butalbital? Wissen Sie auch, wo Sie Butalbital ohne Rezept online kaufen k\u00f6nnen? Kaufen Sie Butalbital zum Verkauf, wie man Butalbital herstellt, wie sieht Butalbital aus, Butalbital-Stra\u00dfenpreis, Butalbital-Preis, wo kann man Butalbital kaufen, reines Butalbital, wo kann ich Butalbital online ohne Rezept kaufen, reines Butalbital online ohne Rezept kaufen.<\/p>\n<p>Butalbital von guter Qualit\u00e4t online: Es versteht sich von selbst, dass Menschen der Qualit\u00e4t von online verkauftem Butalbital nicht schnell vertrauen, weil sie es nicht physisch untersuchen k\u00f6nnen. Aber es ist nicht dasselbe mit Online-Butalbital-Online-Anbietern. Die Produkte hier sind ihrer Beschreibung treu, mit hochwertiger Wartung, die unter der Aufsicht von Experten durchgef\u00fchrt wird.<\/p>\n<p>Schnell &amp; Diskreter Versand: Die Lieferung des Butalbital online nach Eingang der Bestellung erfolgt innerhalb des versprochenen Zeitrahmens. Das Versandteam setzt alles daran, den Versand- und Liefervorgang reibungslos und schnell zu gestalten. Auch beim Online-Kauf von Butalbital vom Profi auf der Online-Plattform k\u00f6nnen Sie hervorragende Services erwarten.<\/p>\n","protected":false},"excerpt":{"rendered":"<p>In dem Moment, in dem Ihre Bestellung aufgegeben wird; Es wird von unserer Online-Apotheke empfangen. Wir werden es vorrangig behandeln und so schnell wie m\u00f6glich erledigen. Wir nehmen uns normalerweise eine Woche Zeit f\u00fcr die Lieferung der Produkte und es umfasst nur die Werktage. Innerhalb einer Woche erhalten Sie Butalbital in bester Weise. Schlagen Sie Ihre Bestellung sofort auf!<\/p>\n","protected":false},"featured_media":7616,"comment_status":"closed","ping_status":"closed","template":"","meta":{"inline_featured_image":false},"product_brand":[],"product_cat":[58],"product_tag":[],"class_list":{"0":"post-7586","1":"product","2":"type-product","3":"status-publish","4":"has-post-thumbnail","6":"product_cat-nembutal-produkte","8":"first","9":"instock","10":"featured","11":"shipping-taxable","12":"purchasable","13":"product-type-variable","14":"has-default-attributes"},"yoast_head":"<!-- This site is optimized with the Yoast SEO Premium plugin v19.2 (Yoast SEO v27.3) - https:\/\/yoast.com\/product\/yoast-seo-premium-wordpress\/ -->\n<title>Kaufen Sie Butalbital-Pillen online - Everyday Chem Shop<\/title>\n<meta name=\"description\" content=\"Kaufen Sie Butalbital-Pillen online. Wenn Sie nach M\u00f6glichkeiten suchen, Butalbital zu kaufen, dann sind Sie hier genau richtig, um Butalbital online zu kaufen.\" \/>\n<meta name=\"robots\" content=\"index, follow, max-snippet:-1, max-image-preview:large, max-video-preview:-1\" \/>\n<link rel=\"canonical\" href=\"https:\/\/everydaychemshop.com\/de\/product\/kaufen-butalbital-online\/\" \/>\n<meta property=\"og:locale\" content=\"en_US\" \/>\n<meta property=\"og:type\" content=\"article\" \/>\n<meta property=\"og:title\" content=\"Kaufen Sie Butalbital online\" \/>\n<meta property=\"og:description\" content=\"Kaufen Sie Butalbital-Pillen online. Wenn Sie nach M\u00f6glichkeiten suchen, Butalbital zu kaufen, dann sind Sie hier genau richtig, um Butalbital online zu kaufen.\" \/>\n<meta property=\"og:url\" content=\"https:\/\/everydaychemshop.com\/de\/product\/kaufen-butalbital-online\/\" \/>\n<meta property=\"og:site_name\" content=\"Everyday Chem Shop\" \/>\n<meta property=\"article:modified_time\" content=\"2023-04-06T19:41:22+00:00\" \/>\n<meta property=\"og:image\" content=\"https:\/\/everydaychemshop.com\/de\/wp-content\/uploads\/sites\/3\/2022\/11\/Butalbital.jpg\" \/>\n\t<meta property=\"og:image:width\" content=\"600\" \/>\n\t<meta property=\"og:image:height\" content=\"600\" \/>\n\t<meta property=\"og:image:type\" content=\"image\/jpeg\" \/>\n<meta name=\"twitter:card\" content=\"summary_large_image\" \/>\n<meta name=\"twitter:label1\" content=\"Est. reading time\" \/>\n\t<meta name=\"twitter:data1\" content=\"2 minutes\" \/>\n<script type=\"application\/ld+json\" class=\"yoast-schema-graph\">{\"@context\":\"https:\\\/\\\/schema.org\",\"@graph\":[{\"@type\":\"WebPage\",\"@id\":\"https:\\\/\\\/everydaychemshop.com\\\/de\\\/product\\\/kaufen-butalbital-online\\\/\",\"url\":\"https:\\\/\\\/everydaychemshop.com\\\/de\\\/product\\\/kaufen-butalbital-online\\\/\",\"name\":\"Kaufen Sie Butalbital-Pillen online - Everyday Chem Shop\",\"isPartOf\":{\"@id\":\"https:\\\/\\\/everydaychemshop.com\\\/de\\\/#website\"},\"primaryImageOfPage\":{\"@id\":\"https:\\\/\\\/everydaychemshop.com\\\/de\\\/product\\\/kaufen-butalbital-online\\\/#primaryimage\"},\"image\":{\"@id\":\"https:\\\/\\\/everydaychemshop.com\\\/de\\\/product\\\/kaufen-butalbital-online\\\/#primaryimage\"},\"thumbnailUrl\":\"https:\\\/\\\/everydaychemshop.com\\\/de\\\/wp-content\\\/uploads\\\/sites\\\/3\\\/2022\\\/11\\\/Butalbital.jpg\",\"datePublished\":\"2022-11-16T09:42:04+00:00\",\"dateModified\":\"2023-04-06T19:41:22+00:00\",\"description\":\"Kaufen Sie Butalbital-Pillen online. Wenn Sie nach M\u00f6glichkeiten suchen, Butalbital zu kaufen, dann sind Sie hier genau richtig, um Butalbital online zu kaufen.\",\"breadcrumb\":{\"@id\":\"https:\\\/\\\/everydaychemshop.com\\\/de\\\/product\\\/kaufen-butalbital-online\\\/#breadcrumb\"},\"inLanguage\":\"en-US\",\"potentialAction\":[{\"@type\":\"ReadAction\",\"target\":[\"https:\\\/\\\/everydaychemshop.com\\\/de\\\/product\\\/kaufen-butalbital-online\\\/\"]}]},{\"@type\":\"ImageObject\",\"inLanguage\":\"en-US\",\"@id\":\"https:\\\/\\\/everydaychemshop.com\\\/de\\\/product\\\/kaufen-butalbital-online\\\/#primaryimage\",\"url\":\"https:\\\/\\\/everydaychemshop.com\\\/de\\\/wp-content\\\/uploads\\\/sites\\\/3\\\/2022\\\/11\\\/Butalbital.jpg\",\"contentUrl\":\"https:\\\/\\\/everydaychemshop.com\\\/de\\\/wp-content\\\/uploads\\\/sites\\\/3\\\/2022\\\/11\\\/Butalbital.jpg\",\"width\":600,\"height\":600,\"caption\":\"Kaufen Sie Butalbital-Pillen online\"},{\"@type\":\"BreadcrumbList\",\"@id\":\"https:\\\/\\\/everydaychemshop.com\\\/de\\\/product\\\/kaufen-butalbital-online\\\/#breadcrumb\",\"itemListElement\":[{\"@type\":\"ListItem\",\"position\":1,\"name\":\"Home\",\"item\":\"https:\\\/\\\/everydaychemshop.com\\\/de\\\/\"},{\"@type\":\"ListItem\",\"position\":2,\"name\":\"Produkte\",\"item\":\"https:\\\/\\\/everydaychemshop.com\\\/de\\\/produkte\\\/\"},{\"@type\":\"ListItem\",\"position\":3,\"name\":\"Kaufen Sie Butalbital online\"}]},{\"@type\":\"WebSite\",\"@id\":\"https:\\\/\\\/everydaychemshop.com\\\/de\\\/#website\",\"url\":\"https:\\\/\\\/everydaychemshop.com\\\/de\\\/\",\"name\":\"Everyday Chem Shop\",\"description\":\"\",\"potentialAction\":[{\"@type\":\"SearchAction\",\"target\":{\"@type\":\"EntryPoint\",\"urlTemplate\":\"https:\\\/\\\/everydaychemshop.com\\\/de\\\/?s={search_term_string}\"},\"query-input\":{\"@type\":\"PropertyValueSpecification\",\"valueRequired\":true,\"valueName\":\"search_term_string\"}}],\"inLanguage\":\"en-US\"}]}<\/script>\n<!-- \/ Yoast SEO Premium plugin. -->","yoast_head_json":{"title":"Kaufen Sie Butalbital-Pillen online - Everyday Chem Shop","description":"Kaufen Sie Butalbital-Pillen online. Wenn Sie nach M\u00f6glichkeiten suchen, Butalbital zu kaufen, dann sind Sie hier genau richtig, um Butalbital online zu kaufen.","robots":{"index":"index","follow":"follow","max-snippet":"max-snippet:-1","max-image-preview":"max-image-preview:large","max-video-preview":"max-video-preview:-1"},"canonical":"https:\/\/everydaychemshop.com\/de\/product\/kaufen-butalbital-online\/","og_locale":"en_US","og_type":"article","og_title":"Kaufen Sie Butalbital online","og_description":"Kaufen Sie Butalbital-Pillen online. Wenn Sie nach M\u00f6glichkeiten suchen, Butalbital zu kaufen, dann sind Sie hier genau richtig, um Butalbital online zu kaufen.","og_url":"https:\/\/everydaychemshop.com\/de\/product\/kaufen-butalbital-online\/","og_site_name":"Everyday Chem Shop","article_modified_time":"2023-04-06T19:41:22+00:00","og_image":[{"width":600,"height":600,"url":"https:\/\/everydaychemshop.com\/de\/wp-content\/uploads\/sites\/3\/2022\/11\/Butalbital.jpg","type":"image\/jpeg"}],"twitter_card":"summary_large_image","twitter_misc":{"Est. reading time":"2 minutes"},"schema":{"@context":"https:\/\/schema.org","@graph":[{"@type":"WebPage","@id":"https:\/\/everydaychemshop.com\/de\/product\/kaufen-butalbital-online\/","url":"https:\/\/everydaychemshop.com\/de\/product\/kaufen-butalbital-online\/","name":"Kaufen Sie Butalbital-Pillen online - Everyday Chem Shop","isPartOf":{"@id":"https:\/\/everydaychemshop.com\/de\/#website"},"primaryImageOfPage":{"@id":"https:\/\/everydaychemshop.com\/de\/product\/kaufen-butalbital-online\/#primaryimage"},"image":{"@id":"https:\/\/everydaychemshop.com\/de\/product\/kaufen-butalbital-online\/#primaryimage"},"thumbnailUrl":"https:\/\/everydaychemshop.com\/de\/wp-content\/uploads\/sites\/3\/2022\/11\/Butalbital.jpg","datePublished":"2022-11-16T09:42:04+00:00","dateModified":"2023-04-06T19:41:22+00:00","description":"Kaufen Sie Butalbital-Pillen online. Wenn Sie nach M\u00f6glichkeiten suchen, Butalbital zu kaufen, dann sind Sie hier genau richtig, um Butalbital online zu kaufen.","breadcrumb":{"@id":"https:\/\/everydaychemshop.com\/de\/product\/kaufen-butalbital-online\/#breadcrumb"},"inLanguage":"en-US","potentialAction":[{"@type":"ReadAction","target":["https:\/\/everydaychemshop.com\/de\/product\/kaufen-butalbital-online\/"]}]},{"@type":"ImageObject","inLanguage":"en-US","@id":"https:\/\/everydaychemshop.com\/de\/product\/kaufen-butalbital-online\/#primaryimage","url":"https:\/\/everydaychemshop.com\/de\/wp-content\/uploads\/sites\/3\/2022\/11\/Butalbital.jpg","contentUrl":"https:\/\/everydaychemshop.com\/de\/wp-content\/uploads\/sites\/3\/2022\/11\/Butalbital.jpg","width":600,"height":600,"caption":"Kaufen Sie Butalbital-Pillen online"},{"@type":"BreadcrumbList","@id":"https:\/\/everydaychemshop.com\/de\/product\/kaufen-butalbital-online\/#breadcrumb","itemListElement":[{"@type":"ListItem","position":1,"name":"Home","item":"https:\/\/everydaychemshop.com\/de\/"},{"@type":"ListItem","position":2,"name":"Produkte","item":"https:\/\/everydaychemshop.com\/de\/produkte\/"},{"@type":"ListItem","position":3,"name":"Kaufen Sie Butalbital online"}]},{"@type":"WebSite","@id":"https:\/\/everydaychemshop.com\/de\/#website","url":"https:\/\/everydaychemshop.com\/de\/","name":"Everyday Chem Shop","description":"","potentialAction":[{"@type":"SearchAction","target":{"@type":"EntryPoint","urlTemplate":"https:\/\/everydaychemshop.com\/de\/?s={search_term_string}"},"query-input":{"@type":"PropertyValueSpecification","valueRequired":true,"valueName":"search_term_string"}}],"inLanguage":"en-US"}]}},"_links":{"self":[{"href":"https:\/\/everydaychemshop.com\/de\/wp-json\/wp\/v2\/product\/7586","targetHints":{"allow":["GET"]}}],"collection":[{"href":"https:\/\/everydaychemshop.com\/de\/wp-json\/wp\/v2\/product"}],"about":[{"href":"https:\/\/everydaychemshop.com\/de\/wp-json\/wp\/v2\/types\/product"}],"replies":[{"embeddable":true,"href":"https:\/\/everydaychemshop.com\/de\/wp-json\/wp\/v2\/comments?post=7586"}],"wp:featuredmedia":[{"embeddable":true,"href":"https:\/\/everydaychemshop.com\/de\/wp-json\/wp\/v2\/media\/7616"}],"wp:attachment":[{"href":"https:\/\/everydaychemshop.com\/de\/wp-json\/wp\/v2\/media?parent=7586"}],"wp:term":[{"taxonomy":"product_brand","embeddable":true,"href":"https:\/\/everydaychemshop.com\/de\/wp-json\/wp\/v2\/product_brand?post=7586"},{"taxonomy":"product_cat","embeddable":true,"href":"https:\/\/everydaychemshop.com\/de\/wp-json\/wp\/v2\/product_cat?post=7586"},{"taxonomy":"product_tag","embeddable":true,"href":"https:\/\/everydaychemshop.com\/de\/wp-json\/wp\/v2\/product_tag?post=7586"}],"curies":[{"name":"wp","href":"https:\/\/api.w.org\/{rel}","templated":true}]}}