{"id":7587,"date":"2022-11-16T09:42:04","date_gmt":"2022-11-16T09:42:04","guid":{"rendered":"https:\/\/everydaychemshop.com\/de\/?post_type=product&#038;p=7587"},"modified":"2023-04-06T19:42:47","modified_gmt":"2023-04-06T19:42:47","slug":"nembutal-kapseln-online-kaufen","status":"publish","type":"product","link":"https:\/\/everydaychemshop.com\/de\/product\/nembutal-kapseln-online-kaufen\/","title":{"rendered":"Nembutal-Kapseln"},"content":{"rendered":"<h1><strong>Kaufen Sie Nembutal-Kapseln online<\/strong><\/h1>\n<p><a href=\"https:\/\/everydaychemshop.com\/de\/product\/nembutal-kapseln-online-kaufen\/\">Kaufen Sie Nembutal-Kapseln online<\/a>. Treffen Sie die besten Lieferanten und H\u00e4ndler von Nembutal-Kapseln in unserer Online-Nembutal-Apotheke<\/p>\n<p>Suchen Sie eine zuverl\u00e4ssige und professionelle Online-Apotheke, die Ihnen dabei helfen kann, Nembutal-Kapseln zum besten Preis online zu kaufen? Wenn ja, dann sind Sie bei uns genau richtig. Wir sind eine anerkannte Online-Apotheke, die unter dem Namen Online Nembutal Pharmacy bekannt ist. Als die besten Verk\u00e4ufer und Lieferanten auf dem Online-Markt haben wir viele treue Kunden gewonnen, die regelm\u00e4\u00dfig Nembutal-Kapseln in unserer Online-Apotheke kaufen.<\/p>\n<p>Auch wenn Sie zum ersten Mal Nembutal-Kapseln kaufen aus unserer Online-Apotheke, machen <a href=\"https:\/\/de.wikipedia.org\/wiki\/Pentobarbital\">Sie<\/a> sich keine Sorgen. Hier bekommen Sie nur das Beste. Wir sind immer f\u00fcr Sie da, um Ihnen dabei zu helfen, Nembutal-Kapseln bequem online zu kaufen. Wir befolgen angemessene Industriestandards und stellen unseren Kunden ihre Produkte auf die gleiche Weise zur Verf\u00fcgung. Bei der Qualit\u00e4t, Verpackung oder Lieferung der Nembutal-Kapseln durch unsere Online-Apotheke werden keine Kompromisse eingegangen. Wenn Sie sich auf den Kauf von Nembutal-Kapseln freuen, dann kontaktieren Sie uns noch heute und lassen Sie Ihre Anforderungen in kurzer Zeit erf\u00fcllen.<\/p>\n<p class=\"tt\"><strong>Warum die Wahl der Online-Nembutal-Apotheke die beste Kaufentscheidung ist Nembutal-Kapseln?<\/strong><\/p>\n<p>Wenn Sie Nembutal-Kapseln auf pr\u00e4zise Weise mit gepr\u00fcfter Qualit\u00e4t und schneller Lieferung w\u00fcnschen, dann ist die Wahl von uns immer die beste Wahl. Online Nembutal Pharmacy verkauft Nembutal-Kapseln von bester Qualit\u00e4t zu erschwinglichen Preisen auf der ganzen Welt. Eine Sache, die uns auf Kurs h\u00e4lt, ist, dass wir in unserem Transaktionsprozess keine Vermittler einsetzen. Wir kommunizieren direkt mit den Kunden und erledigen deren Bestellung rechtzeitig.<\/p>\n<p>F\u00fcr die langj\u00e4hrige Arbeit in diesem Bereich werden wir von unseren Kunden in Form von positiven Bewertungen und R\u00fcckmeldungen gesch\u00e4tzt. Unser Team stellt sicher, dass Nembutal-Kapseln die Kunden auf sichere Weise erreichen. Jedem Produkt liegt eine beigef\u00fcgte Anleitung bei. Diese Anweisungen helfen Ihnen, Ihre Medikamente auf Nembutal-Kapseln auf gesch\u00fctzte Weise zu verwalten.<\/p>\n<p>Unser exzellenter Service steht Ihnen jederzeit zur Verf\u00fcgung. Weitere Informationen \u00fcber das Medikament auf Nembutal-Kapseln erhalten Sie mit Hilfe unserer Online-Apotheke. Fr\u00fcher hatten die Menschen Probleme mit dem Kauf von Nembutal-Kapseln. Aber mit dem Fortschritt der Zeit ist unsere Online-Apotheke mit Nembutal-Produkten angekommen. Sie k\u00f6nnen sie jederzeit und \u00fcberall kaufen.<\/p>\n<p><strong>Wissen Sie, wo Sie Nembutal-Kapseln online kaufen k\u00f6nnen?<\/strong><\/p>\n<p>Nembutal-Kapseln zum Verkauf, Nembutal-Kapseln zum Stra\u00dfenpreis, Nembutal Dosierung von Kapseln, wie man Nembutal-Pillen herstellt, wo kann ich Nembutal-Kapseln online kaufen, wo bekomme ich Nembutal-Kapseln, was sind Nembutal-Kapseln, hochwertige Nembutal-Kapseln zum Verkauf. All diese unbeantworteten Fragen k\u00f6nnen durch uns beantwortet werden. Sie m\u00fcssen nur unsere Website durchgehen und Sie erhalten die Antworten, wie und wo Sie Nembutal-Kapseln online kaufen k\u00f6nnen.<\/p>\n","protected":false},"excerpt":{"rendered":"<p><strong>Wie gebe ich eine Online-Bestellung f\u00fcr Nembutal-Kapseln auf?<\/strong><\/p>\n<p>Auf unserer offiziellen Website k\u00f6nnen Sie Ihre Anforderung zum Online-Kauf von Nembutal-Kapseln zum besten Preis hinzuf\u00fcgen und erledigen in einem kurzen Zeitraum. Ihre Bestellung liegt in unserer Verantwortung. Kontaktieren Sie uns noch heute und erhalten Sie auf einfachste Weise Nembutal-Kapseln zum Verkauf!<\/p>\n","protected":false},"featured_media":7617,"comment_status":"closed","ping_status":"closed","template":"","meta":{"inline_featured_image":false},"product_brand":[],"product_cat":[58],"product_tag":[],"class_list":{"0":"post-7587","1":"product","2":"type-product","3":"status-publish","4":"has-post-thumbnail","6":"product_cat-nembutal-produkte","8":"first","9":"instock","10":"featured","11":"shipping-taxable","12":"purchasable","13":"product-type-variable","14":"has-default-attributes"},"yoast_head":"<!-- This site is optimized with the Yoast SEO Premium plugin v19.2 (Yoast SEO v27.3) - https:\/\/yoast.com\/product\/yoast-seo-premium-wordpress\/ -->\n<title>Kaufen Sie Nembutal-Kapseln online - Everyday Chem Shop<\/title>\n<meta name=\"description\" content=\"Kaufen Sie Nembutal-Kapseln online. Wenn Sie nach M\u00f6glichkeiten suchen, Nembutal-Kapseln zu kaufen, dann sind Sie hier genau richtig, um Nembutal-Kapseln online zu kaufen.\" \/>\n<meta name=\"robots\" content=\"index, follow, max-snippet:-1, max-image-preview:large, max-video-preview:-1\" \/>\n<link rel=\"canonical\" href=\"https:\/\/everydaychemshop.com\/de\/product\/nembutal-kapseln-online-kaufen\/\" \/>\n<meta property=\"og:locale\" content=\"en_US\" \/>\n<meta property=\"og:type\" content=\"article\" \/>\n<meta property=\"og:title\" content=\"Nembutal-Kapseln\" \/>\n<meta property=\"og:description\" content=\"Kaufen Sie Nembutal-Kapseln online. Wenn Sie nach M\u00f6glichkeiten suchen, Nembutal-Kapseln zu kaufen, dann sind Sie hier genau richtig, um Nembutal-Kapseln online zu kaufen.\" \/>\n<meta property=\"og:url\" content=\"https:\/\/everydaychemshop.com\/de\/product\/nembutal-kapseln-online-kaufen\/\" \/>\n<meta property=\"og:site_name\" content=\"Everyday Chem Shop\" \/>\n<meta property=\"article:modified_time\" content=\"2023-04-06T19:42:47+00:00\" \/>\n<meta property=\"og:image\" content=\"https:\/\/everydaychemshop.com\/de\/wp-content\/uploads\/sites\/3\/2022\/11\/nembutal-capsules.jpg\" \/>\n\t<meta property=\"og:image:width\" content=\"600\" \/>\n\t<meta property=\"og:image:height\" content=\"600\" \/>\n\t<meta property=\"og:image:type\" content=\"image\/jpeg\" \/>\n<meta name=\"twitter:card\" content=\"summary_large_image\" \/>\n<meta name=\"twitter:label1\" content=\"Est. reading time\" \/>\n\t<meta name=\"twitter:data1\" content=\"2 minutes\" \/>\n<script type=\"application\/ld+json\" class=\"yoast-schema-graph\">{\"@context\":\"https:\\\/\\\/schema.org\",\"@graph\":[{\"@type\":\"WebPage\",\"@id\":\"https:\\\/\\\/everydaychemshop.com\\\/de\\\/product\\\/nembutal-kapseln-online-kaufen\\\/\",\"url\":\"https:\\\/\\\/everydaychemshop.com\\\/de\\\/product\\\/nembutal-kapseln-online-kaufen\\\/\",\"name\":\"Kaufen Sie Nembutal-Kapseln online - Everyday Chem Shop\",\"isPartOf\":{\"@id\":\"https:\\\/\\\/everydaychemshop.com\\\/de\\\/#website\"},\"primaryImageOfPage\":{\"@id\":\"https:\\\/\\\/everydaychemshop.com\\\/de\\\/product\\\/nembutal-kapseln-online-kaufen\\\/#primaryimage\"},\"image\":{\"@id\":\"https:\\\/\\\/everydaychemshop.com\\\/de\\\/product\\\/nembutal-kapseln-online-kaufen\\\/#primaryimage\"},\"thumbnailUrl\":\"https:\\\/\\\/everydaychemshop.com\\\/de\\\/wp-content\\\/uploads\\\/sites\\\/3\\\/2022\\\/11\\\/nembutal-capsules.jpg\",\"datePublished\":\"2022-11-16T09:42:04+00:00\",\"dateModified\":\"2023-04-06T19:42:47+00:00\",\"description\":\"Kaufen Sie Nembutal-Kapseln online. Wenn Sie nach M\u00f6glichkeiten suchen, Nembutal-Kapseln zu kaufen, dann sind Sie hier genau richtig, um Nembutal-Kapseln online zu kaufen.\",\"breadcrumb\":{\"@id\":\"https:\\\/\\\/everydaychemshop.com\\\/de\\\/product\\\/nembutal-kapseln-online-kaufen\\\/#breadcrumb\"},\"inLanguage\":\"en-US\",\"potentialAction\":[{\"@type\":\"ReadAction\",\"target\":[\"https:\\\/\\\/everydaychemshop.com\\\/de\\\/product\\\/nembutal-kapseln-online-kaufen\\\/\"]}]},{\"@type\":\"ImageObject\",\"inLanguage\":\"en-US\",\"@id\":\"https:\\\/\\\/everydaychemshop.com\\\/de\\\/product\\\/nembutal-kapseln-online-kaufen\\\/#primaryimage\",\"url\":\"https:\\\/\\\/everydaychemshop.com\\\/de\\\/wp-content\\\/uploads\\\/sites\\\/3\\\/2022\\\/11\\\/nembutal-capsules.jpg\",\"contentUrl\":\"https:\\\/\\\/everydaychemshop.com\\\/de\\\/wp-content\\\/uploads\\\/sites\\\/3\\\/2022\\\/11\\\/nembutal-capsules.jpg\",\"width\":600,\"height\":600,\"caption\":\"Kaufen Sie Nembutal-Kapseln online\"},{\"@type\":\"BreadcrumbList\",\"@id\":\"https:\\\/\\\/everydaychemshop.com\\\/de\\\/product\\\/nembutal-kapseln-online-kaufen\\\/#breadcrumb\",\"itemListElement\":[{\"@type\":\"ListItem\",\"position\":1,\"name\":\"Home\",\"item\":\"https:\\\/\\\/everydaychemshop.com\\\/de\\\/\"},{\"@type\":\"ListItem\",\"position\":2,\"name\":\"Produkte\",\"item\":\"https:\\\/\\\/everydaychemshop.com\\\/de\\\/produkte\\\/\"},{\"@type\":\"ListItem\",\"position\":3,\"name\":\"Nembutal-Kapseln\"}]},{\"@type\":\"WebSite\",\"@id\":\"https:\\\/\\\/everydaychemshop.com\\\/de\\\/#website\",\"url\":\"https:\\\/\\\/everydaychemshop.com\\\/de\\\/\",\"name\":\"Everyday Chem Shop\",\"description\":\"\",\"potentialAction\":[{\"@type\":\"SearchAction\",\"target\":{\"@type\":\"EntryPoint\",\"urlTemplate\":\"https:\\\/\\\/everydaychemshop.com\\\/de\\\/?s={search_term_string}\"},\"query-input\":{\"@type\":\"PropertyValueSpecification\",\"valueRequired\":true,\"valueName\":\"search_term_string\"}}],\"inLanguage\":\"en-US\"}]}<\/script>\n<!-- \/ Yoast SEO Premium plugin. -->","yoast_head_json":{"title":"Kaufen Sie Nembutal-Kapseln online - Everyday Chem Shop","description":"Kaufen Sie Nembutal-Kapseln online. Wenn Sie nach M\u00f6glichkeiten suchen, Nembutal-Kapseln zu kaufen, dann sind Sie hier genau richtig, um Nembutal-Kapseln online zu kaufen.","robots":{"index":"index","follow":"follow","max-snippet":"max-snippet:-1","max-image-preview":"max-image-preview:large","max-video-preview":"max-video-preview:-1"},"canonical":"https:\/\/everydaychemshop.com\/de\/product\/nembutal-kapseln-online-kaufen\/","og_locale":"en_US","og_type":"article","og_title":"Nembutal-Kapseln","og_description":"Kaufen Sie Nembutal-Kapseln online. Wenn Sie nach M\u00f6glichkeiten suchen, Nembutal-Kapseln zu kaufen, dann sind Sie hier genau richtig, um Nembutal-Kapseln online zu kaufen.","og_url":"https:\/\/everydaychemshop.com\/de\/product\/nembutal-kapseln-online-kaufen\/","og_site_name":"Everyday Chem Shop","article_modified_time":"2023-04-06T19:42:47+00:00","og_image":[{"width":600,"height":600,"url":"https:\/\/everydaychemshop.com\/de\/wp-content\/uploads\/sites\/3\/2022\/11\/nembutal-capsules.jpg","type":"image\/jpeg"}],"twitter_card":"summary_large_image","twitter_misc":{"Est. reading time":"2 minutes"},"schema":{"@context":"https:\/\/schema.org","@graph":[{"@type":"WebPage","@id":"https:\/\/everydaychemshop.com\/de\/product\/nembutal-kapseln-online-kaufen\/","url":"https:\/\/everydaychemshop.com\/de\/product\/nembutal-kapseln-online-kaufen\/","name":"Kaufen Sie Nembutal-Kapseln online - Everyday Chem Shop","isPartOf":{"@id":"https:\/\/everydaychemshop.com\/de\/#website"},"primaryImageOfPage":{"@id":"https:\/\/everydaychemshop.com\/de\/product\/nembutal-kapseln-online-kaufen\/#primaryimage"},"image":{"@id":"https:\/\/everydaychemshop.com\/de\/product\/nembutal-kapseln-online-kaufen\/#primaryimage"},"thumbnailUrl":"https:\/\/everydaychemshop.com\/de\/wp-content\/uploads\/sites\/3\/2022\/11\/nembutal-capsules.jpg","datePublished":"2022-11-16T09:42:04+00:00","dateModified":"2023-04-06T19:42:47+00:00","description":"Kaufen Sie Nembutal-Kapseln online. Wenn Sie nach M\u00f6glichkeiten suchen, Nembutal-Kapseln zu kaufen, dann sind Sie hier genau richtig, um Nembutal-Kapseln online zu kaufen.","breadcrumb":{"@id":"https:\/\/everydaychemshop.com\/de\/product\/nembutal-kapseln-online-kaufen\/#breadcrumb"},"inLanguage":"en-US","potentialAction":[{"@type":"ReadAction","target":["https:\/\/everydaychemshop.com\/de\/product\/nembutal-kapseln-online-kaufen\/"]}]},{"@type":"ImageObject","inLanguage":"en-US","@id":"https:\/\/everydaychemshop.com\/de\/product\/nembutal-kapseln-online-kaufen\/#primaryimage","url":"https:\/\/everydaychemshop.com\/de\/wp-content\/uploads\/sites\/3\/2022\/11\/nembutal-capsules.jpg","contentUrl":"https:\/\/everydaychemshop.com\/de\/wp-content\/uploads\/sites\/3\/2022\/11\/nembutal-capsules.jpg","width":600,"height":600,"caption":"Kaufen Sie Nembutal-Kapseln online"},{"@type":"BreadcrumbList","@id":"https:\/\/everydaychemshop.com\/de\/product\/nembutal-kapseln-online-kaufen\/#breadcrumb","itemListElement":[{"@type":"ListItem","position":1,"name":"Home","item":"https:\/\/everydaychemshop.com\/de\/"},{"@type":"ListItem","position":2,"name":"Produkte","item":"https:\/\/everydaychemshop.com\/de\/produkte\/"},{"@type":"ListItem","position":3,"name":"Nembutal-Kapseln"}]},{"@type":"WebSite","@id":"https:\/\/everydaychemshop.com\/de\/#website","url":"https:\/\/everydaychemshop.com\/de\/","name":"Everyday Chem Shop","description":"","potentialAction":[{"@type":"SearchAction","target":{"@type":"EntryPoint","urlTemplate":"https:\/\/everydaychemshop.com\/de\/?s={search_term_string}"},"query-input":{"@type":"PropertyValueSpecification","valueRequired":true,"valueName":"search_term_string"}}],"inLanguage":"en-US"}]}},"_links":{"self":[{"href":"https:\/\/everydaychemshop.com\/de\/wp-json\/wp\/v2\/product\/7587","targetHints":{"allow":["GET"]}}],"collection":[{"href":"https:\/\/everydaychemshop.com\/de\/wp-json\/wp\/v2\/product"}],"about":[{"href":"https:\/\/everydaychemshop.com\/de\/wp-json\/wp\/v2\/types\/product"}],"replies":[{"embeddable":true,"href":"https:\/\/everydaychemshop.com\/de\/wp-json\/wp\/v2\/comments?post=7587"}],"wp:featuredmedia":[{"embeddable":true,"href":"https:\/\/everydaychemshop.com\/de\/wp-json\/wp\/v2\/media\/7617"}],"wp:attachment":[{"href":"https:\/\/everydaychemshop.com\/de\/wp-json\/wp\/v2\/media?parent=7587"}],"wp:term":[{"taxonomy":"product_brand","embeddable":true,"href":"https:\/\/everydaychemshop.com\/de\/wp-json\/wp\/v2\/product_brand?post=7587"},{"taxonomy":"product_cat","embeddable":true,"href":"https:\/\/everydaychemshop.com\/de\/wp-json\/wp\/v2\/product_cat?post=7587"},{"taxonomy":"product_tag","embeddable":true,"href":"https:\/\/everydaychemshop.com\/de\/wp-json\/wp\/v2\/product_tag?post=7587"}],"curies":[{"name":"wp","href":"https:\/\/api.w.org\/{rel}","templated":true}]}}