{"id":7626,"date":"2022-11-16T09:42:44","date_gmt":"2022-11-16T09:42:44","guid":{"rendered":"https:\/\/everydaychemshop.com\/de\/?post_type=product&#038;p=7626"},"modified":"2023-04-06T19:38:16","modified_gmt":"2023-04-06T19:38:16","slug":"seconal-natrium-online-kaufen","status":"publish","type":"product","link":"https:\/\/everydaychemshop.com\/de\/product\/seconal-natrium-online-kaufen\/","title":{"rendered":"Seconal Natrium"},"content":{"rendered":"<h1 class=\"tt\">Kaufen Sie Seconal Natrium online<\/h1>\n<p><a href=\"https:\/\/everydaychemshop.com\/de\/product\/seconal-natrium-online-kaufen\/\">Kaufen Sie Seconal Natrium online<\/a>. Everyday Chem Shop ist jetzt mit Seconal Sodium zu den besten Preisen erh\u00e4ltlich. Wenn Sie Seconal-Natrium online kaufen m\u00f6chten, treffen Sie noch heute Ihre Anforderungen in unserer Online-Apotheke und erledigen Sie sie innerhalb kurzer Zeit. Alles, was Sie tun m\u00fcssen, ist Seconal Sodium zu bestellen und unsere Teammitglieder werden es f\u00fcr Sie vorbereiten und verpacken, gefolgt von einer rechtzeitigen Lieferung. Wir sind eine professionelle und zuverl\u00e4ssige Apotheke, die seit Jahrzehnten konsequent in dieser Branche t\u00e4tig ist. Sie k\u00f6nnen sich auf uns verlassen, wenn es darum geht, Medikamente von bester Qualit\u00e4t zu erhalten, und das auch noch innerhalb des genannten Zeitraums.<\/p>\n<h3 class=\"tt\">Was kann Seconal Sodium Ihnen bieten? Warum sollten Sie uns w\u00e4hlen, um es zu kaufen?<\/h3>\n<p>Seconal Sodium wird verwendet, um Sie kurz vor der Operation zu beruhigen. Seconal Sodium hat <a href=\"https:\/\/de.wikipedia.org\/wiki\/Secobarbital\">einen<\/a> Platz in einer Klasse von Medikamenten, die als Barbiturat-Hypnotika bekannt sind. Es funktioniert, indem es bestimmte Teile des Gehirns beeinflusst, um Sie zu beruhigen. \u00dcber die Risiken und Vorteile dieses Medikaments sollten \u00e4ltere Erwachsene mit ihrem Arzt oder Arzneimittelspezialisten sprechen, ebenso wie \u00fcber andere wirksame und m\u00f6glicherweise sicherere Behandlungen. Lesen Sie den Medikationsleitfaden, der zusammen mit dem Produkt von unserer Online-Apotheke bereitgestellt wird, bevor Sie mit der Einnahme von Seconal-Natrium beginnen und jedes Mal, wenn Sie eine Aufstockung erhalten. Wenden Sie sich bei Fragen an Ihren Arzt oder Arzneimittelspezialisten. Nehmen Sie dieses Medikament oral auf einem ungef\u00fcllten Magen ein, wie von Ihrem Arzt vor der Operation abgestimmt.<\/p>\n<p><strong>Seconal Sodium wird ausschlie\u00dflich f\u00fcr die folgenden Erkrankungen verwendet:<\/strong><\/p>\n<ul>\n<li>Zus\u00e4tzliche Lokalan\u00e4sthesie<\/li>\n<li>Zus\u00e4tzliches Mittel zur Einleitung einer Vollnarkose<\/li>\n<\/ul>\n<p>Seconal Sodium Secobarbital zum Verkauf in der Online Nembutal Pharmacy und wir liefern es so schnell wie m\u00f6glich an Ihren bevorzugten Ort m\u00f6glich. Erlauben Sie uns, Sie so gut wie m\u00f6glich zu bedienen. Sie k\u00f6nnen sich voll und ganz auf unsere Online-Nembutal-Apotheke verlassen und das Beste von uns erwarten. Wir stehen unseren bedeutenden Kunden immer zur Verf\u00fcgung, um ihre Bed\u00fcrfnisse und Anforderungen zu erf\u00fcllen. Kontaktieren Sie uns gleich!<\/p>\n<p><strong>Wissen Sie, wo Sie Seconal Sodium online kaufen k\u00f6nnen?<\/strong><\/p>\n<p>Seconal Sodium zu verkaufen, Seconal Sodium Stra\u00dfenpreis, Seconal Sodium Dosierung, wie man Seconal-Natrium herstellt, wo kann ich Seconal-Natrium online kaufen, wo bekomme ich Seconal-Natrium, was ist Seconal-Natrium, Seconal-Natrium in Premium-Qualit\u00e4t zum Verkauf. All diese unbeantworteten Fragen k\u00f6nnen durch uns beantwortet werden. Sie m\u00fcssen nur unsere Website durchgehen und Sie erhalten Antworten darauf, wie und wo Sie Seconal Sodium online kaufen k\u00f6nnen.<\/p>\n<p>Was ist mit Seconal Sodium? Wissen Sie auch, wo Sie Seconal Sodium online kaufen k\u00f6nnen? Kaufen Sie Seconal-Natrium zum Verkauf, wie man Seconal-Natrium herstellt, wie sieht Seconal-Natrium aus, Seconal-Natrium-Stra\u00dfenpreis, Seconal-Natrium-Preis, wo kann man Seconal-Natrium kaufen, reines Seconal-Natrium, wo kann ich Seconal-Natrium online kaufen, Seconal-Natrium-Lieferanten, Kaufen Sie reines Seconal-Natrium online.<\/p>\n<p>Seconal-Natrium von guter Qualit\u00e4t online: Es versteht sich von selbst, dass Menschen der Qualit\u00e4t von online verkauftem Seconal-Natrium nicht so schnell vertrauen, weil sie es nicht physisch untersuchen k\u00f6nnen. Aber es ist nicht dasselbe mit Online-Seconal-Sodium-Online-Anbietern. Die Produkte hier sind ihrer Beschreibung treu, mit hochwertiger Wartung, die unter der Aufsicht von Experten durchgef\u00fchrt wird.<\/p>\n<p>Schnell &amp; Diskreter Versand: Die Lieferung des Seconal Sodium online nach Eingang der Bestellung erfolgt innerhalb des versprochenen Zeitrahmens. Das Versandteam setzt alles daran, den Versand- und Liefervorgang reibungslos und schnell zu gestalten. Auch beim Online-Kauf von Seconal-Natrium vom Profi auf der Online-Plattform k\u00f6nnen Sie einen exzellenten Service erwarten.<\/p>\n","protected":false},"excerpt":{"rendered":"<p><strong>Kontakt mit der Online-Nembutal-Apotheke aufnehmen<\/strong><\/p>\n<p>Die Online-Nembutal-Apotheke steht allen Menschen weltweit zur Verf\u00fcgung. Sie k\u00f6nnen uns jederzeit und \u00fcberall erreichen. Wir antworten unseren Kunden immer innerhalb weniger Augenblicke und helfen ihnen bei ihren Fragen. Nachdem wir die Bestelldaten von Ihnen erhalten haben, beginnen wir im n\u00e4chsten Moment mit der Verpackung derselben. Wir sorgen daf\u00fcr, dass alle Medikamente unbeschadet und sicher verpackt bei unseren Kunden ankommen. Bei uns m\u00fcssen Sie sich weder um die Qualit\u00e4t der Medikamente noch um den Lieferstatus Gedanken machen. Wir sind anwesend, um alle Verantwortlichkeiten zu \u00fcbernehmen. Hier erhalten Sie nur das Beste f\u00fcr Ihre Gesundheit. Sie k\u00f6nnen uns anrufen, eine E-Mail oder eine SMS senden. Kaufen Sie noch heute Seconal Sodium Secobarbital 100 mg und lassen Sie es sich in kurzer Zeit von der Online Nembutal Pharmacy liefern.<\/p>\n","protected":false},"featured_media":7629,"comment_status":"closed","ping_status":"closed","template":"","meta":{"inline_featured_image":false},"product_brand":[],"product_cat":[58],"product_tag":[],"class_list":{"0":"post-7626","1":"product","2":"type-product","3":"status-publish","4":"has-post-thumbnail","6":"product_cat-nembutal-produkte","8":"first","9":"instock","10":"shipping-taxable","11":"purchasable","12":"product-type-variable","13":"has-default-attributes"},"yoast_head":"<!-- This site is optimized with the Yoast SEO Premium plugin v19.2 (Yoast SEO v27.3) - https:\/\/yoast.com\/product\/yoast-seo-premium-wordpress\/ -->\n<title>Kaufen Sie Seconal Natrium online - Everyday Chem Shop<\/title>\n<meta name=\"description\" content=\"Kaufen Sie Seconal Natrium online. Bei Everyday Chem Shop verkaufen wir Seconal Sodium online zu einem guten und erschwinglichen Preis. Z\u00f6gern Sie nicht, uns zu kontaktieren, wenn Sie Seconal Natrium online kaufen m\u00f6chten\" \/>\n<meta name=\"robots\" content=\"index, follow, max-snippet:-1, max-image-preview:large, max-video-preview:-1\" \/>\n<link rel=\"canonical\" href=\"https:\/\/everydaychemshop.com\/de\/product\/seconal-natrium-online-kaufen\/\" \/>\n<meta property=\"og:locale\" content=\"en_US\" \/>\n<meta property=\"og:type\" content=\"article\" \/>\n<meta property=\"og:title\" content=\"Seconal Natrium\" \/>\n<meta property=\"og:description\" content=\"Kaufen Sie Seconal Natrium online. Bei Everyday Chem Shop verkaufen wir Seconal Sodium online zu einem guten und erschwinglichen Preis. Z\u00f6gern Sie nicht, uns zu kontaktieren, wenn Sie Seconal Natrium online kaufen m\u00f6chten\" \/>\n<meta property=\"og:url\" content=\"https:\/\/everydaychemshop.com\/de\/product\/seconal-natrium-online-kaufen\/\" \/>\n<meta property=\"og:site_name\" content=\"Everyday Chem Shop\" \/>\n<meta property=\"article:modified_time\" content=\"2023-04-06T19:38:16+00:00\" \/>\n<meta property=\"og:image\" content=\"https:\/\/everydaychemshop.com\/de\/wp-content\/uploads\/sites\/3\/2022\/11\/seconal-sodium.jpg\" \/>\n\t<meta property=\"og:image:width\" content=\"600\" \/>\n\t<meta property=\"og:image:height\" content=\"600\" \/>\n\t<meta property=\"og:image:type\" content=\"image\/jpeg\" \/>\n<meta name=\"twitter:card\" content=\"summary_large_image\" \/>\n<meta name=\"twitter:label1\" content=\"Est. reading time\" \/>\n\t<meta name=\"twitter:data1\" content=\"3 minutes\" \/>\n<script type=\"application\/ld+json\" class=\"yoast-schema-graph\">{\"@context\":\"https:\\\/\\\/schema.org\",\"@graph\":[{\"@type\":\"WebPage\",\"@id\":\"https:\\\/\\\/everydaychemshop.com\\\/de\\\/product\\\/seconal-natrium-online-kaufen\\\/\",\"url\":\"https:\\\/\\\/everydaychemshop.com\\\/de\\\/product\\\/seconal-natrium-online-kaufen\\\/\",\"name\":\"Kaufen Sie Seconal Natrium online - Everyday Chem Shop\",\"isPartOf\":{\"@id\":\"https:\\\/\\\/everydaychemshop.com\\\/de\\\/#website\"},\"primaryImageOfPage\":{\"@id\":\"https:\\\/\\\/everydaychemshop.com\\\/de\\\/product\\\/seconal-natrium-online-kaufen\\\/#primaryimage\"},\"image\":{\"@id\":\"https:\\\/\\\/everydaychemshop.com\\\/de\\\/product\\\/seconal-natrium-online-kaufen\\\/#primaryimage\"},\"thumbnailUrl\":\"https:\\\/\\\/everydaychemshop.com\\\/de\\\/wp-content\\\/uploads\\\/sites\\\/3\\\/2022\\\/11\\\/seconal-sodium.jpg\",\"datePublished\":\"2022-11-16T09:42:44+00:00\",\"dateModified\":\"2023-04-06T19:38:16+00:00\",\"description\":\"Kaufen Sie Seconal Natrium online. Bei Everyday Chem Shop verkaufen wir Seconal Sodium online zu einem guten und erschwinglichen Preis. Z\u00f6gern Sie nicht, uns zu kontaktieren, wenn Sie Seconal Natrium online kaufen m\u00f6chten\",\"breadcrumb\":{\"@id\":\"https:\\\/\\\/everydaychemshop.com\\\/de\\\/product\\\/seconal-natrium-online-kaufen\\\/#breadcrumb\"},\"inLanguage\":\"en-US\",\"potentialAction\":[{\"@type\":\"ReadAction\",\"target\":[\"https:\\\/\\\/everydaychemshop.com\\\/de\\\/product\\\/seconal-natrium-online-kaufen\\\/\"]}]},{\"@type\":\"ImageObject\",\"inLanguage\":\"en-US\",\"@id\":\"https:\\\/\\\/everydaychemshop.com\\\/de\\\/product\\\/seconal-natrium-online-kaufen\\\/#primaryimage\",\"url\":\"https:\\\/\\\/everydaychemshop.com\\\/de\\\/wp-content\\\/uploads\\\/sites\\\/3\\\/2022\\\/11\\\/seconal-sodium.jpg\",\"contentUrl\":\"https:\\\/\\\/everydaychemshop.com\\\/de\\\/wp-content\\\/uploads\\\/sites\\\/3\\\/2022\\\/11\\\/seconal-sodium.jpg\",\"width\":600,\"height\":600,\"caption\":\"Kaufen Sie Seconal Natrium online\"},{\"@type\":\"BreadcrumbList\",\"@id\":\"https:\\\/\\\/everydaychemshop.com\\\/de\\\/product\\\/seconal-natrium-online-kaufen\\\/#breadcrumb\",\"itemListElement\":[{\"@type\":\"ListItem\",\"position\":1,\"name\":\"Home\",\"item\":\"https:\\\/\\\/everydaychemshop.com\\\/de\\\/\"},{\"@type\":\"ListItem\",\"position\":2,\"name\":\"Produkte\",\"item\":\"https:\\\/\\\/everydaychemshop.com\\\/de\\\/produkte\\\/\"},{\"@type\":\"ListItem\",\"position\":3,\"name\":\"Seconal Natrium\"}]},{\"@type\":\"WebSite\",\"@id\":\"https:\\\/\\\/everydaychemshop.com\\\/de\\\/#website\",\"url\":\"https:\\\/\\\/everydaychemshop.com\\\/de\\\/\",\"name\":\"Everyday Chem Shop\",\"description\":\"\",\"potentialAction\":[{\"@type\":\"SearchAction\",\"target\":{\"@type\":\"EntryPoint\",\"urlTemplate\":\"https:\\\/\\\/everydaychemshop.com\\\/de\\\/?s={search_term_string}\"},\"query-input\":{\"@type\":\"PropertyValueSpecification\",\"valueRequired\":true,\"valueName\":\"search_term_string\"}}],\"inLanguage\":\"en-US\"}]}<\/script>\n<!-- \/ Yoast SEO Premium plugin. -->","yoast_head_json":{"title":"Kaufen Sie Seconal Natrium online - Everyday Chem Shop","description":"Kaufen Sie Seconal Natrium online. Bei Everyday Chem Shop verkaufen wir Seconal Sodium online zu einem guten und erschwinglichen Preis. Z\u00f6gern Sie nicht, uns zu kontaktieren, wenn Sie Seconal Natrium online kaufen m\u00f6chten","robots":{"index":"index","follow":"follow","max-snippet":"max-snippet:-1","max-image-preview":"max-image-preview:large","max-video-preview":"max-video-preview:-1"},"canonical":"https:\/\/everydaychemshop.com\/de\/product\/seconal-natrium-online-kaufen\/","og_locale":"en_US","og_type":"article","og_title":"Seconal Natrium","og_description":"Kaufen Sie Seconal Natrium online. Bei Everyday Chem Shop verkaufen wir Seconal Sodium online zu einem guten und erschwinglichen Preis. Z\u00f6gern Sie nicht, uns zu kontaktieren, wenn Sie Seconal Natrium online kaufen m\u00f6chten","og_url":"https:\/\/everydaychemshop.com\/de\/product\/seconal-natrium-online-kaufen\/","og_site_name":"Everyday Chem Shop","article_modified_time":"2023-04-06T19:38:16+00:00","og_image":[{"width":600,"height":600,"url":"https:\/\/everydaychemshop.com\/de\/wp-content\/uploads\/sites\/3\/2022\/11\/seconal-sodium.jpg","type":"image\/jpeg"}],"twitter_card":"summary_large_image","twitter_misc":{"Est. reading time":"3 minutes"},"schema":{"@context":"https:\/\/schema.org","@graph":[{"@type":"WebPage","@id":"https:\/\/everydaychemshop.com\/de\/product\/seconal-natrium-online-kaufen\/","url":"https:\/\/everydaychemshop.com\/de\/product\/seconal-natrium-online-kaufen\/","name":"Kaufen Sie Seconal Natrium online - Everyday Chem Shop","isPartOf":{"@id":"https:\/\/everydaychemshop.com\/de\/#website"},"primaryImageOfPage":{"@id":"https:\/\/everydaychemshop.com\/de\/product\/seconal-natrium-online-kaufen\/#primaryimage"},"image":{"@id":"https:\/\/everydaychemshop.com\/de\/product\/seconal-natrium-online-kaufen\/#primaryimage"},"thumbnailUrl":"https:\/\/everydaychemshop.com\/de\/wp-content\/uploads\/sites\/3\/2022\/11\/seconal-sodium.jpg","datePublished":"2022-11-16T09:42:44+00:00","dateModified":"2023-04-06T19:38:16+00:00","description":"Kaufen Sie Seconal Natrium online. Bei Everyday Chem Shop verkaufen wir Seconal Sodium online zu einem guten und erschwinglichen Preis. Z\u00f6gern Sie nicht, uns zu kontaktieren, wenn Sie Seconal Natrium online kaufen m\u00f6chten","breadcrumb":{"@id":"https:\/\/everydaychemshop.com\/de\/product\/seconal-natrium-online-kaufen\/#breadcrumb"},"inLanguage":"en-US","potentialAction":[{"@type":"ReadAction","target":["https:\/\/everydaychemshop.com\/de\/product\/seconal-natrium-online-kaufen\/"]}]},{"@type":"ImageObject","inLanguage":"en-US","@id":"https:\/\/everydaychemshop.com\/de\/product\/seconal-natrium-online-kaufen\/#primaryimage","url":"https:\/\/everydaychemshop.com\/de\/wp-content\/uploads\/sites\/3\/2022\/11\/seconal-sodium.jpg","contentUrl":"https:\/\/everydaychemshop.com\/de\/wp-content\/uploads\/sites\/3\/2022\/11\/seconal-sodium.jpg","width":600,"height":600,"caption":"Kaufen Sie Seconal Natrium online"},{"@type":"BreadcrumbList","@id":"https:\/\/everydaychemshop.com\/de\/product\/seconal-natrium-online-kaufen\/#breadcrumb","itemListElement":[{"@type":"ListItem","position":1,"name":"Home","item":"https:\/\/everydaychemshop.com\/de\/"},{"@type":"ListItem","position":2,"name":"Produkte","item":"https:\/\/everydaychemshop.com\/de\/produkte\/"},{"@type":"ListItem","position":3,"name":"Seconal Natrium"}]},{"@type":"WebSite","@id":"https:\/\/everydaychemshop.com\/de\/#website","url":"https:\/\/everydaychemshop.com\/de\/","name":"Everyday Chem Shop","description":"","potentialAction":[{"@type":"SearchAction","target":{"@type":"EntryPoint","urlTemplate":"https:\/\/everydaychemshop.com\/de\/?s={search_term_string}"},"query-input":{"@type":"PropertyValueSpecification","valueRequired":true,"valueName":"search_term_string"}}],"inLanguage":"en-US"}]}},"_links":{"self":[{"href":"https:\/\/everydaychemshop.com\/de\/wp-json\/wp\/v2\/product\/7626","targetHints":{"allow":["GET"]}}],"collection":[{"href":"https:\/\/everydaychemshop.com\/de\/wp-json\/wp\/v2\/product"}],"about":[{"href":"https:\/\/everydaychemshop.com\/de\/wp-json\/wp\/v2\/types\/product"}],"replies":[{"embeddable":true,"href":"https:\/\/everydaychemshop.com\/de\/wp-json\/wp\/v2\/comments?post=7626"}],"wp:featuredmedia":[{"embeddable":true,"href":"https:\/\/everydaychemshop.com\/de\/wp-json\/wp\/v2\/media\/7629"}],"wp:attachment":[{"href":"https:\/\/everydaychemshop.com\/de\/wp-json\/wp\/v2\/media?parent=7626"}],"wp:term":[{"taxonomy":"product_brand","embeddable":true,"href":"https:\/\/everydaychemshop.com\/de\/wp-json\/wp\/v2\/product_brand?post=7626"},{"taxonomy":"product_cat","embeddable":true,"href":"https:\/\/everydaychemshop.com\/de\/wp-json\/wp\/v2\/product_cat?post=7626"},{"taxonomy":"product_tag","embeddable":true,"href":"https:\/\/everydaychemshop.com\/de\/wp-json\/wp\/v2\/product_tag?post=7626"}],"curies":[{"name":"wp","href":"https:\/\/api.w.org\/{rel}","templated":true}]}}