{"id":7634,"date":"2022-11-16T09:43:11","date_gmt":"2022-11-16T09:43:11","guid":{"rendered":"https:\/\/everydaychemshop.com\/de\/?post_type=product&#038;p=7634"},"modified":"2023-04-06T19:36:40","modified_gmt":"2023-04-06T19:36:40","slug":"kaufen-phenobarbital-phenobarbital-luminal","status":"publish","type":"product","link":"https:\/\/everydaychemshop.com\/de\/product\/kaufen-phenobarbital-phenobarbital-luminal\/","title":{"rendered":"Phenobarbital (Phenobarbital) \/ Luminal"},"content":{"rendered":"<h1 class=\"tt\">Kaufen Sie Phenobarbital-Pillen online<\/h1>\n<p><a href=\"https:\/\/everydaychemshop.com\/de\/product\/kaufen-phenobarbital-phenobarbital-luminal\/\">Kaufen Sie Phenobarbital-Pillen online<\/a>. Everyday Chem Shop ist eine zuverl\u00e4ssige Apotheke, die Menschen hilft, ihre Medikamente und Medikamente bequem zu erhalten. Wenn Sie Phenobarbital Luminal online kaufen m\u00f6chten, verpassen Sie keine Gelegenheit, uns online zu besuchen. Wir verkaufen dieses Medikament hier zu erschwinglichen Preisen.<\/p>\n<p>Unsere Online-Apotheke versorgt Kunden konsequent mit erstklassigen Qualit\u00e4tsmedikamenten. Alle Medikamente werden hier innerhalb der den Kunden zugeteilten Zeit geliefert. Wir haben keine Verz\u00f6gerungen in unserer Arbeit und sind schnell bei jeder Bearbeitung. Wenn Sie nach einer Online-Apotheke wie uns suchen, dann kontaktieren <a href=\"https:\/\/de.wikipedia.org\/wiki\/Phenobarbital\">Sie<\/a> uns noch heute und bestellen Sie Phenobarbital Luminal online zum besten Preis und erhalten Sie es bald geliefert!<\/p>\n<h3 class=\"tt\">Wie k\u00f6nnen wir Ihnen sicher helfen Verwenden Sie Phenobarbital Luminal?<\/h3>\n<p>Phenobarbital Luminal ist ein wirksames Medikament, das h\u00e4ufig zur Kontrolle bestimmter Arten von Anf\u00e4llen eingesetzt wird. Sie k\u00f6nnen dieses Medikament auch zur Behandlung von Angstzust\u00e4nden, Schlafproblemen und anderen verwenden. Es ist sehr wichtig, dass Sie mit Ihrem Arzt sprechen, bevor Sie dieses Arzneimittel anwenden. Sprechen Sie mit Ihrem Arzt, um alle Einzelheiten zu erfahren, und beginnen Sie dann mit der Medikation mit Phenobarbital Luminal.<\/p>\n<p>Unsere Online-Apotheke bietet einen Medikationsleitfaden zusammen mit allen Produkten. Daher k\u00f6nnen Sie den Anweisungen folgen und dieses Medikament sicher verwenden. Wir sind hier, um Ihnen zu helfen, Phenobarbital Luminal auf einfache Weise online zu kaufen. Wenden Sie sich noch heute an uns und nutzen Sie die Vorteile dieses Medikaments. Wir sind hier, um Ihnen mit konsequenter Unterst\u00fctzung zu dienen.<\/p>\n<p><strong>Wissen Sie, wo Sie Phenobarbital Luminal online kaufen k\u00f6nnen?<\/strong><\/p>\n<p>Phenobarbital Luminal zum Verkauf, Phenobarbital Luminal Stra\u00dfenpreis , Dosierung von Phenobarbital Luminal, wie man Phenobarbital Luminal herstellt, wo kann ich Phenobarbital Luminal online kaufen, wo bekomme ich Phenobarbital Luminal online, was ist Phenobarbital Luminal, Phenobarbital Luminal in Premiumqualit\u00e4t zum Verkauf. All diese unbeantworteten Fragen k\u00f6nnen durch uns beantwortet werden. Gehen Sie einfach durch unsere Website und Sie erhalten die Antworten, wie und wo Sie Phenobarbital Luminal online kaufen k\u00f6nnen.<\/p>\n<p>Was ist mit Phenobarbital Luminal? Wissen Sie auch, wo Sie Phenobarbital online kaufen k\u00f6nnen? Kaufen Sie Phenobarbital Luminal Phenobarbital Luminal zum Verkauf, wie man Phenobarbital Luminal herstellt, wie sieht Phenobarbital Luminal aus, Phenobarbital Luminal Stra\u00dfenpreis, Phenobarbital Luminal Preis, wo kann man Phenobarbital Luminal kaufen, reines Phenobarbital, wo kann ich Phenobarbital Luminal online kaufen, Fentanylpulverpulver Lieferanten, kaufen Sie reines Phenobarbital Luminal online.<\/p>\n<p>Gute Qualit\u00e4t Phenobarbital Luminal online online: Es versteht sich von selbst, dass Menschen der Qualit\u00e4t von online verkauftem Phenobarbital Luminal nicht schnell vertrauen, weil sie es nicht physisch untersuchen k\u00f6nnen. Aber es ist nicht dasselbe mit Online Phenobarbital Luminal Online-Anbietern. Die Produkte hier sind ihrer Beschreibung treu, mit hochwertiger Wartung, die unter der Aufsicht von Experten durchgef\u00fchrt wird.<\/p>\n<p>Schnell &amp; Diskreter Versand: Die Lieferung des Phenobarbital Luminal online nach Eingang der Bestellung erfolgt innerhalb des versprochenen Zeitrahmens. Das Versandteam setzt alles daran, den Versand- und Liefervorgang reibungslos und schnell zu gestalten. Auch beim Online-Kauf von Phenobarbital Luminal vom Profi auf der Online-Plattform k\u00f6nnen Sie exzellenten Service erwarten.<\/p>\n","protected":false},"excerpt":{"rendered":"<p><strong>Wo kann ich Phenobarbital Luminal zum besten Preis kaufen?<\/strong><\/p>\n<p>Sie k\u00f6nnen Phenobarbital Luminal jetzt bei der Online Nembutal Pharmacy kaufen. Ihre Bestellung bei Phenobarbital Luminal zum Verkauf wird in k\u00fcrzester Zeit abgeschlossen. Alles, was Sie tun m\u00fcssen, ist, uns noch heute anzurufen, eine SMS oder eine E-Mail zu senden, und Ihre Medikamente werden bald geliefert. Jetzt verbinden!<\/p>\n","protected":false},"featured_media":7660,"comment_status":"closed","ping_status":"closed","template":"","meta":{"inline_featured_image":false},"product_brand":[],"product_cat":[58],"product_tag":[],"class_list":{"0":"post-7634","1":"product","2":"type-product","3":"status-publish","4":"has-post-thumbnail","6":"product_cat-nembutal-produkte","8":"first","9":"instock","10":"shipping-taxable","11":"purchasable","12":"product-type-variable","13":"has-default-attributes"},"yoast_head":"<!-- This site is optimized with the Yoast SEO Premium plugin v19.2 (Yoast SEO v27.3) - https:\/\/yoast.com\/product\/yoast-seo-premium-wordpress\/ -->\n<title>Kaufen Sie Phenobarbital-Pillen online - Everyday Chem Sho[<\/title>\n<meta name=\"description\" content=\"Kaufen Sie Phenobarbital-Pillen online. Wenn Sie suchen, wie Sie Phenobarbital Luminal online kaufen k\u00f6nnen, dann sind Sie hier genau richtig, um Phenobarbital Luminal online zu kaufen.\" \/>\n<meta name=\"robots\" content=\"index, follow, max-snippet:-1, max-image-preview:large, max-video-preview:-1\" \/>\n<link rel=\"canonical\" href=\"https:\/\/everydaychemshop.com\/de\/product\/kaufen-phenobarbital-phenobarbital-luminal\/\" \/>\n<meta property=\"og:locale\" content=\"en_US\" \/>\n<meta property=\"og:type\" content=\"article\" \/>\n<meta property=\"og:title\" content=\"Phenobarbital (Phenobarbital) \/ Luminal\" \/>\n<meta property=\"og:description\" content=\"Kaufen Sie Phenobarbital-Pillen online. Wenn Sie suchen, wie Sie Phenobarbital Luminal online kaufen k\u00f6nnen, dann sind Sie hier genau richtig, um Phenobarbital Luminal online zu kaufen.\" \/>\n<meta property=\"og:url\" content=\"https:\/\/everydaychemshop.com\/de\/product\/kaufen-phenobarbital-phenobarbital-luminal\/\" \/>\n<meta property=\"og:site_name\" content=\"Everyday Chem Shop\" \/>\n<meta property=\"article:modified_time\" content=\"2023-04-06T19:36:40+00:00\" \/>\n<meta property=\"og:image\" content=\"https:\/\/everydaychemshop.com\/de\/wp-content\/uploads\/sites\/3\/2022\/11\/PhenobarbitalLuminal.jpg\" \/>\n\t<meta property=\"og:image:width\" content=\"600\" \/>\n\t<meta property=\"og:image:height\" content=\"600\" \/>\n\t<meta property=\"og:image:type\" content=\"image\/jpeg\" \/>\n<meta name=\"twitter:card\" content=\"summary_large_image\" \/>\n<meta name=\"twitter:label1\" content=\"Est. reading time\" \/>\n\t<meta name=\"twitter:data1\" content=\"3 minutes\" \/>\n<script type=\"application\/ld+json\" class=\"yoast-schema-graph\">{\"@context\":\"https:\\\/\\\/schema.org\",\"@graph\":[{\"@type\":\"WebPage\",\"@id\":\"https:\\\/\\\/everydaychemshop.com\\\/de\\\/product\\\/kaufen-phenobarbital-phenobarbital-luminal\\\/\",\"url\":\"https:\\\/\\\/everydaychemshop.com\\\/de\\\/product\\\/kaufen-phenobarbital-phenobarbital-luminal\\\/\",\"name\":\"Kaufen Sie Phenobarbital-Pillen online - Everyday Chem Sho[\",\"isPartOf\":{\"@id\":\"https:\\\/\\\/everydaychemshop.com\\\/de\\\/#website\"},\"primaryImageOfPage\":{\"@id\":\"https:\\\/\\\/everydaychemshop.com\\\/de\\\/product\\\/kaufen-phenobarbital-phenobarbital-luminal\\\/#primaryimage\"},\"image\":{\"@id\":\"https:\\\/\\\/everydaychemshop.com\\\/de\\\/product\\\/kaufen-phenobarbital-phenobarbital-luminal\\\/#primaryimage\"},\"thumbnailUrl\":\"https:\\\/\\\/everydaychemshop.com\\\/de\\\/wp-content\\\/uploads\\\/sites\\\/3\\\/2022\\\/11\\\/PhenobarbitalLuminal.jpg\",\"datePublished\":\"2022-11-16T09:43:11+00:00\",\"dateModified\":\"2023-04-06T19:36:40+00:00\",\"description\":\"Kaufen Sie Phenobarbital-Pillen online. Wenn Sie suchen, wie Sie Phenobarbital Luminal online kaufen k\u00f6nnen, dann sind Sie hier genau richtig, um Phenobarbital Luminal online zu kaufen.\",\"breadcrumb\":{\"@id\":\"https:\\\/\\\/everydaychemshop.com\\\/de\\\/product\\\/kaufen-phenobarbital-phenobarbital-luminal\\\/#breadcrumb\"},\"inLanguage\":\"en-US\",\"potentialAction\":[{\"@type\":\"ReadAction\",\"target\":[\"https:\\\/\\\/everydaychemshop.com\\\/de\\\/product\\\/kaufen-phenobarbital-phenobarbital-luminal\\\/\"]}]},{\"@type\":\"ImageObject\",\"inLanguage\":\"en-US\",\"@id\":\"https:\\\/\\\/everydaychemshop.com\\\/de\\\/product\\\/kaufen-phenobarbital-phenobarbital-luminal\\\/#primaryimage\",\"url\":\"https:\\\/\\\/everydaychemshop.com\\\/de\\\/wp-content\\\/uploads\\\/sites\\\/3\\\/2022\\\/11\\\/PhenobarbitalLuminal.jpg\",\"contentUrl\":\"https:\\\/\\\/everydaychemshop.com\\\/de\\\/wp-content\\\/uploads\\\/sites\\\/3\\\/2022\\\/11\\\/PhenobarbitalLuminal.jpg\",\"width\":600,\"height\":600,\"caption\":\"Kaufen Sie Phenobarbital-Pillen online\"},{\"@type\":\"BreadcrumbList\",\"@id\":\"https:\\\/\\\/everydaychemshop.com\\\/de\\\/product\\\/kaufen-phenobarbital-phenobarbital-luminal\\\/#breadcrumb\",\"itemListElement\":[{\"@type\":\"ListItem\",\"position\":1,\"name\":\"Home\",\"item\":\"https:\\\/\\\/everydaychemshop.com\\\/de\\\/\"},{\"@type\":\"ListItem\",\"position\":2,\"name\":\"Produkte\",\"item\":\"https:\\\/\\\/everydaychemshop.com\\\/de\\\/produkte\\\/\"},{\"@type\":\"ListItem\",\"position\":3,\"name\":\"Phenobarbital (Phenobarbital) \\\/ Luminal\"}]},{\"@type\":\"WebSite\",\"@id\":\"https:\\\/\\\/everydaychemshop.com\\\/de\\\/#website\",\"url\":\"https:\\\/\\\/everydaychemshop.com\\\/de\\\/\",\"name\":\"Everyday Chem Shop\",\"description\":\"\",\"potentialAction\":[{\"@type\":\"SearchAction\",\"target\":{\"@type\":\"EntryPoint\",\"urlTemplate\":\"https:\\\/\\\/everydaychemshop.com\\\/de\\\/?s={search_term_string}\"},\"query-input\":{\"@type\":\"PropertyValueSpecification\",\"valueRequired\":true,\"valueName\":\"search_term_string\"}}],\"inLanguage\":\"en-US\"}]}<\/script>\n<!-- \/ Yoast SEO Premium plugin. -->","yoast_head_json":{"title":"Kaufen Sie Phenobarbital-Pillen online - Everyday Chem Sho[","description":"Kaufen Sie Phenobarbital-Pillen online. Wenn Sie suchen, wie Sie Phenobarbital Luminal online kaufen k\u00f6nnen, dann sind Sie hier genau richtig, um Phenobarbital Luminal online zu kaufen.","robots":{"index":"index","follow":"follow","max-snippet":"max-snippet:-1","max-image-preview":"max-image-preview:large","max-video-preview":"max-video-preview:-1"},"canonical":"https:\/\/everydaychemshop.com\/de\/product\/kaufen-phenobarbital-phenobarbital-luminal\/","og_locale":"en_US","og_type":"article","og_title":"Phenobarbital (Phenobarbital) \/ Luminal","og_description":"Kaufen Sie Phenobarbital-Pillen online. Wenn Sie suchen, wie Sie Phenobarbital Luminal online kaufen k\u00f6nnen, dann sind Sie hier genau richtig, um Phenobarbital Luminal online zu kaufen.","og_url":"https:\/\/everydaychemshop.com\/de\/product\/kaufen-phenobarbital-phenobarbital-luminal\/","og_site_name":"Everyday Chem Shop","article_modified_time":"2023-04-06T19:36:40+00:00","og_image":[{"width":600,"height":600,"url":"https:\/\/everydaychemshop.com\/de\/wp-content\/uploads\/sites\/3\/2022\/11\/PhenobarbitalLuminal.jpg","type":"image\/jpeg"}],"twitter_card":"summary_large_image","twitter_misc":{"Est. reading time":"3 minutes"},"schema":{"@context":"https:\/\/schema.org","@graph":[{"@type":"WebPage","@id":"https:\/\/everydaychemshop.com\/de\/product\/kaufen-phenobarbital-phenobarbital-luminal\/","url":"https:\/\/everydaychemshop.com\/de\/product\/kaufen-phenobarbital-phenobarbital-luminal\/","name":"Kaufen Sie Phenobarbital-Pillen online - Everyday Chem Sho[","isPartOf":{"@id":"https:\/\/everydaychemshop.com\/de\/#website"},"primaryImageOfPage":{"@id":"https:\/\/everydaychemshop.com\/de\/product\/kaufen-phenobarbital-phenobarbital-luminal\/#primaryimage"},"image":{"@id":"https:\/\/everydaychemshop.com\/de\/product\/kaufen-phenobarbital-phenobarbital-luminal\/#primaryimage"},"thumbnailUrl":"https:\/\/everydaychemshop.com\/de\/wp-content\/uploads\/sites\/3\/2022\/11\/PhenobarbitalLuminal.jpg","datePublished":"2022-11-16T09:43:11+00:00","dateModified":"2023-04-06T19:36:40+00:00","description":"Kaufen Sie Phenobarbital-Pillen online. Wenn Sie suchen, wie Sie Phenobarbital Luminal online kaufen k\u00f6nnen, dann sind Sie hier genau richtig, um Phenobarbital Luminal online zu kaufen.","breadcrumb":{"@id":"https:\/\/everydaychemshop.com\/de\/product\/kaufen-phenobarbital-phenobarbital-luminal\/#breadcrumb"},"inLanguage":"en-US","potentialAction":[{"@type":"ReadAction","target":["https:\/\/everydaychemshop.com\/de\/product\/kaufen-phenobarbital-phenobarbital-luminal\/"]}]},{"@type":"ImageObject","inLanguage":"en-US","@id":"https:\/\/everydaychemshop.com\/de\/product\/kaufen-phenobarbital-phenobarbital-luminal\/#primaryimage","url":"https:\/\/everydaychemshop.com\/de\/wp-content\/uploads\/sites\/3\/2022\/11\/PhenobarbitalLuminal.jpg","contentUrl":"https:\/\/everydaychemshop.com\/de\/wp-content\/uploads\/sites\/3\/2022\/11\/PhenobarbitalLuminal.jpg","width":600,"height":600,"caption":"Kaufen Sie Phenobarbital-Pillen online"},{"@type":"BreadcrumbList","@id":"https:\/\/everydaychemshop.com\/de\/product\/kaufen-phenobarbital-phenobarbital-luminal\/#breadcrumb","itemListElement":[{"@type":"ListItem","position":1,"name":"Home","item":"https:\/\/everydaychemshop.com\/de\/"},{"@type":"ListItem","position":2,"name":"Produkte","item":"https:\/\/everydaychemshop.com\/de\/produkte\/"},{"@type":"ListItem","position":3,"name":"Phenobarbital (Phenobarbital) \/ Luminal"}]},{"@type":"WebSite","@id":"https:\/\/everydaychemshop.com\/de\/#website","url":"https:\/\/everydaychemshop.com\/de\/","name":"Everyday Chem Shop","description":"","potentialAction":[{"@type":"SearchAction","target":{"@type":"EntryPoint","urlTemplate":"https:\/\/everydaychemshop.com\/de\/?s={search_term_string}"},"query-input":{"@type":"PropertyValueSpecification","valueRequired":true,"valueName":"search_term_string"}}],"inLanguage":"en-US"}]}},"_links":{"self":[{"href":"https:\/\/everydaychemshop.com\/de\/wp-json\/wp\/v2\/product\/7634","targetHints":{"allow":["GET"]}}],"collection":[{"href":"https:\/\/everydaychemshop.com\/de\/wp-json\/wp\/v2\/product"}],"about":[{"href":"https:\/\/everydaychemshop.com\/de\/wp-json\/wp\/v2\/types\/product"}],"replies":[{"embeddable":true,"href":"https:\/\/everydaychemshop.com\/de\/wp-json\/wp\/v2\/comments?post=7634"}],"wp:featuredmedia":[{"embeddable":true,"href":"https:\/\/everydaychemshop.com\/de\/wp-json\/wp\/v2\/media\/7660"}],"wp:attachment":[{"href":"https:\/\/everydaychemshop.com\/de\/wp-json\/wp\/v2\/media?parent=7634"}],"wp:term":[{"taxonomy":"product_brand","embeddable":true,"href":"https:\/\/everydaychemshop.com\/de\/wp-json\/wp\/v2\/product_brand?post=7634"},{"taxonomy":"product_cat","embeddable":true,"href":"https:\/\/everydaychemshop.com\/de\/wp-json\/wp\/v2\/product_cat?post=7634"},{"taxonomy":"product_tag","embeddable":true,"href":"https:\/\/everydaychemshop.com\/de\/wp-json\/wp\/v2\/product_tag?post=7634"}],"curies":[{"name":"wp","href":"https:\/\/api.w.org\/{rel}","templated":true}]}}