{"id":7639,"date":"2022-11-16T09:43:12","date_gmt":"2022-11-16T09:43:12","guid":{"rendered":"https:\/\/everydaychemshop.com\/de\/?post_type=product&#038;p=7639"},"modified":"2025-11-23T14:51:46","modified_gmt":"2025-11-23T14:51:46","slug":"pentobarbital-natrium-flussigkeit","status":"publish","type":"product","link":"https:\/\/everydaychemshop.com\/de\/product\/pentobarbital-natrium-flussigkeit\/","title":{"rendered":"Pentobarbital-Natrium (fl\u00fcssig)"},"content":{"rendered":"<h1>Pentobarbital-Natrium-L\u00f6sung online kaufen | Premium-Nembutal-Euthanasiel\u00f6sung f\u00fcr die Veterin\u00e4rmedizin<\/h1>\n<p><a href=\"https:\/\/everydaychemshop.com\/de\/product\/pentobarbital-natrium-flussigkeit\/\">Pentobarbital-Natrium-L\u00f6sung online kaufen<\/a>. Suchen Sie einen zuverl\u00e4ssigen Lieferanten f\u00fcr Pentobarbital-Natrium-L\u00f6sung? Bei Everyday Chem Shop bieten wir Ihnen Nembutal-L\u00f6sung in pharmazeutischer Qualit\u00e4t \u2013 die bew\u00e4hrte Wahl f\u00fcr die humane Euthanasie und Sedierung von Tieren. Unsere Pentobarbital-Natrium-Injektionsl\u00f6sung gew\u00e4hrleistet schnelle und schmerzfreie Eingriffe und ist daher unverzichtbar f\u00fcr Tier\u00e4rzte, Tierheime und Forschungseinrichtungen weltweit.<\/p>\n<p>Dank diskreter Verpackung und Expressversand weltweit war die Bestellung von fl\u00fcssiger Euthanasiel\u00f6sung noch nie so einfach und sicher. Entdecken Sie noch heute unsere hochreine Formel und erfahren Sie, warum Fachleute uns f\u00fcr Pentobarbital-L\u00f6sung in der Veterin\u00e4rmedizin w\u00e4hlen.<\/p>\n<p>Was ist Pentobarbital-Natrium-L\u00f6sung?<\/p>\n<p>Pentobarbital-Natrium-L\u00f6sung, allgemein bekannt als Nembutal-L\u00f6sung, ist ein schnell wirkendes Barbiturat-Sedativum in fl\u00fcssiger Form. Diese farblose, sterile L\u00f6sung ist zur intraven\u00f6sen oder oralen Verabreichung bestimmt und erm\u00f6glicht einen schnellen Wirkungseintritt bei Euthanasie oder tiefer Narkose bei Tieren.<\/p>\n<p>Hauptbestandteile: Natrium-Pentobarbital (Wirkstoff), Propylenglykol (L\u00f6sungsmittel) und gereinigtes Wasser.<br \/>\nKonzentration: 6,5 g\/100 ml (Standard-Veterin\u00e4rst\u00e4rke).<br \/>\nDarreichungsform: Klare Injektionsl\u00f6sung in 100-ml-Braunglasfl\u00e4schchen zum Schutz vor Licht.<\/p>\n<p>Synonyme: Natrium-Pentobarbital-L\u00f6sung, fl\u00fcssiges Nembutal, Euthanasiel\u00f6sung.<\/p>\n<p>Im Gegensatz zu Pulverformen erm\u00f6glicht unsere Pentobarbital-Natrium-L\u00f6sung eine pr\u00e4zise Dosierung und sofortige Wirkung und reduziert so den Stress w\u00e4hrend des Eingriffs. Sie wird in GMP-zertifizierten Laboren hergestellt und entspricht internationalen Veterin\u00e4rstandards.<\/p>\n<p>Hauptanwendungsgebiete von Pentobarbital-Natrium-L\u00f6sung<\/p>\n<p>Als f\u00fchrende Euthanasiel\u00f6sung findet Pentobarbital-Natrium-L\u00f6sung breite Anwendung in der professionellen Tiermedizin. Seine stark sedierende Wirkung gew\u00e4hrleistet ein friedliches und w\u00fcrdevolles Sterben.<\/p>\n<p>Tier\u00e4rztliche Euthanasie<br \/>\nHumane Euthanasie von Haustieren: Ideal f\u00fcr Katzen, Hunde und Nutztiere. F\u00fchrt innerhalb von Sekunden zur Bewusstlosigkeit und anschlie\u00dfend zum Herzstillstand. Anwendung in Tierheimen: Effizient f\u00fcr Gro\u00dfveranstaltungen und minimiert Traumata. Wildtiermanagement: Wird von Natursch\u00fctzern zur kontrollierten Populationskontrolle eingesetzt.<br \/>\nSedierung und An\u00e4sthesie<br \/>\nKurzzeitige Immobilisierung f\u00fcr Operationen oder diagnostische Ma\u00dfnahmen.<br \/>\nNotfallm\u00e4\u00dfige Aufhebung einer \u00dcberdosierung bei bestimmten Tierarten (unter tier\u00e4rztlicher Aufsicht).<\/p>\n<p>Warum die fl\u00fcssige Form w\u00e4hlen? Fl\u00fcssiges Nembutal wird schneller aufgenommen als Tabletten und gew\u00e4hrleistet so Zuverl\u00e4ssigkeit in zeitkritischen Situationen. Konsultieren Sie zur ethischen Anwendung immer einen Tierarzt.<\/p>\n<p>Dosierungsrichtlinien f\u00fcr Pentobarbital-Natrium-L\u00f6sung<\/p>\n<p>Die korrekte Dosierung ist entscheidend f\u00fcr Sicherheit und Wirksamkeit. Unser fl\u00fcssiges Pentobarbital-Natrium wird mit einer ausf\u00fchrlichen Gebrauchsanweisung geliefert. Hier eine allgemeine \u00dcbersicht (nur f\u00fcr die Anwendung in der Veterin\u00e4rmedizin):<\/p>\n<p>Tierart Dosierung (ml\/100-ml-Ampulle) Verabreichungsmethode Wirkungseintritt<br \/>\nKleintiere (z. B. Katzen, kleine Hunde) 1\u20133 ml i.v. Intraven\u00f6se Injektion 5\u201310 Sekunden<br \/>\nMittelgro\u00dfe\/Gro\u00dfe Hunde 3\u20136 ml i.v. Intraven\u00f6s oder intrakardial 10\u201320 Sekunden<br \/>\nNutztiere (z. B. Pferde) 10\u201320 ml i.v. Intraven\u00f6s 15\u201330 Sekunden<br \/>\nOral (alternativ) Doppelte i.v.-Dosis Orale Spritze 5\u201315 Minuten<\/p>\n<p>Wichtig: Die Dosierung variiert je nach Gewicht und Gesundheitszustand. Zu den Risiken einer \u00dcberdosierung geh\u00f6rt Atemdepression \u2013 die empfohlene Menge darf niemals \u00fcberschritten werden. Eine Checkliste zur Best\u00e4tigung der Euthanasie ist enthalten.<\/p>\n<p>Sicherheits-, Lagerungs- und Rechtshinweise<\/p>\n<p>Fl\u00fcssiges Pentobarbital-Natrium unterliegt dem Bet\u00e4ubungsmittelgesetz (Schedule II in vielen L\u00e4ndern). Wir versenden ausschlie\u00dflich an verifizierte K\u00e4ufer mit g\u00fcltigen Dokumenten.<\/p>\n<p>Sicherheitshinweise: Mit Handschuhen handhaben; Kontakt mit Menschen vermeiden. F\u00fchrt zu tiefem Koma \u2013 nur in gut bel\u00fcfteten R\u00e4umen anwenden. Nicht zur Selbstverabreichung.<br \/>\nAufbewahrung: Bei Raumtemperatur (15\u201330 \u00b0C) lagern, vor Licht und Kindern sch\u00fctzen. Unge\u00f6ffnet 2 Jahre haltbar.<br \/>\nNebenwirkungen: Minimal bei den Zieltieren; m\u00f6gliche Reizung der Injektionsstelle.<br \/>\nRechtlicher Hinweis: Erh\u00e4ltlich f\u00fcr zugelassene Tier\u00e4rzte. Entspricht den DEA- und internationalen Vorschriften. Bedarfsnachweis ist beim Bezahlvorgang erforderlich.<\/p>\n<p>Bei Everyday Chem Shop hat Ihre Privatsph\u00e4re h\u00f6chste Priorit\u00e4t \u2013 alle Bestellungen werden dreifach versiegelt.<\/p>\n<p>Warum Pentobarbital-Natrium-L\u00f6sung bei Everyday Chem Shop kaufen?<br \/>\nGarantierte Reinheit: Laborgepr\u00fcftes Nembutal-Pr\u00e4parat mit \u00fcber 99 % Reinheit \u2013 Zertifikate von Drittanbietern verf\u00fcgbar.<br \/>\nAttraktive Preise: Ab 250 $ pro 100-ml-Ampulle (Mengenrabatte ab 5 Ampullen).<\/p>\n<p>Schneller &amp; diskreter Versand: Weltweite Lieferung in 3\u20137 Tagen per sicherem Kurierdienst. Kostenlose Sendungsverfolgung inklusive.<br \/>\nKundenservice: Rund um die Uhr per Chat f\u00fcr Fragen zur Dosierung oder zum Bestellstatus.<br \/>\nGeld-zur\u00fcck-Garantie: Nicht zufrieden? Volle R\u00fcckerstattung innerhalb von 30 Tagen.<\/p>\n<p>Schlie\u00dfen Sie sich Tausenden zufriedener Tier\u00e4rzte an, die uns beim Online-Kauf von fl\u00fcssigem Pentobarbital-Natrium vertrauen. Gehen Sie keine Kompromisse bei der Qualit\u00e4t ein \u2013 jetzt in den Warenkorb legen!<\/p>\n<p>H\u00e4ufig gestellte Fragen (FAQ)<br \/>\n1. Ist fl\u00fcssiges Pentobarbital-Natrium dasselbe wie Nembutal?<\/p>\n<p>Ja, Nembutal ist ein Markenname f\u00fcr fl\u00fcssiges Pentobarbital-Natrium und wird in der Veterin\u00e4rmedizin synonym verwendet.<\/p>\n<p>2. Wie kann ich fl\u00fcssige Euthanasiel\u00f6sung legal erwerben?<\/p>\n<p>Geben Sie beim Bestellvorgang Ihre tier\u00e4rztlichen Nachweise an. Wir k\u00fcmmern uns um alle Formalit\u00e4ten f\u00fcr eine tierschutzgerechte Euthanasie Ihres Haustieres.<\/p>\n<p>3. Wie lange ist Ihre Pentobarbital-Natrium-Injektionsl\u00f6sung haltbar?<\/p>\n<p>Bis zu 24 Monate bei sachgem\u00e4\u00dfer Lagerung. So bleibt die Wirksamkeit f\u00fcr die Anwendung als Sedativum in der Veterin\u00e4rmedizin erhalten.<\/p>\n<p>4. Kann ich fl\u00fcssiges Pentobarbital international versenden?<\/p>\n<p>Selbstverst\u00e4ndlich \u2013 wir bieten diskreten weltweiten Versand an zugelassene Ziell\u00e4nder, darunter die USA, die EU und Asien.<\/p>\n<p>5. Was ist der Unterschied zwischen fl\u00fcssigem und pulverf\u00f6rmigem Nembutal?<\/p>\n<p>Fl\u00fcssiges Nembutal wird schneller vom K\u00f6rper aufgenommen und erm\u00f6glicht so eine sofortige Euthanasie. Pulver muss hingegen rekonstituiert werden.<\/p>\n<p>Bereit zu bestellen? Kontaktieren Sie uns f\u00fcr Mengenrabatte auf Pentobarbital. Ethische Tierhaltung beginnt hier.<\/p>\n","protected":false},"excerpt":{"rendered":"<p>Pentobarbital-Natrium-Injektion ist eine sterile L\u00f6sung zur intraven\u00f6sen oder intramuskul\u00e4ren Injektion. Jeder ml enth\u00e4lt 50 mg Pentobarbital-Natrium in einem Vehikel aus Propylenglykol, 40 %, Alkohol, 10 % und Wasser f\u00fcr Injektionszwecke, auf Volumen. Der pH-Wert wird mit Salzs\u00e4ure und\/oder Natriumhydroxid auf ungef\u00e4hr 9,5 eingestellt.<\/p>\n","protected":false},"featured_media":7661,"comment_status":"closed","ping_status":"closed","template":"","meta":{"inline_featured_image":false},"product_brand":[],"product_cat":[58],"product_tag":[63,67,68,107,106,70,64,65,66,69,101,103,102,105,104,71,72,73,77,78,79,84,85,86,87,92,93,94,95,99,76,80,75,88,89,98,74,81,82,83,90,91,96,97,100,110,111,113,114,115,108,109,112],"class_list":{"0":"post-7639","1":"product","2":"type-product","3":"status-publish","4":"has-post-thumbnail","6":"product_cat-nembutal-produkte","7":"product_tag-buy-nembutal-pentobarbital-sodium","8":"product_tag-buy-sodium-pentobarbital-uk","9":"product_tag-can-i-buy-pentobarbital","10":"product_tag-natrium-pentobarbital-haltbarkeit","11":"product_tag-natrium-pentobarbital-hersteller","12":"product_tag-kann-man-natriumpentobarbital-kaufen","13":"product_tag-kaufen-pentobarbital-natrium","14":"product_tag-kaufen-pentobarbital-natrium-2021","15":"product_tag-kaufen-pentobarbital-natrium-pentobarbital-natrium-salz","16":"product_tag-kann-man-pentobarbital-natrium-rezeptfrei-kaufen","17":"product_tag-natrium","18":"product_tag-natrium-pentobarbital-kosten","19":"product_tag-natrium-pentobarbital-nembutal","20":"product_tag-natrium-pentobarbital-fr-euthanasie","21":"product_tag-natrium-pentobarbital-fr-tier-euthanasie","22":"product_tag-nembutal","23":"product_tag-pentobarbital","24":"product_tag-pentobarbital-de-sodium-dose-letale","25":"product_tag-pentobarbital-sodium-death","26":"product_tag-pentobarbital-sodium-dosage","27":"product_tag-pentobarbital-sodium-for-dogs","28":"product_tag-pentobarbital-sodium-injection-solution","29":"product_tag-pentobarbital-sodium-injection-usp","30":"product_tag-pentobarbital-sodium-liquid","31":"product_tag-pentobarbital-sodium-nz","32":"product_tag-pentobarbital-sodium-prescription","33":"product_tag-pentobarbital-sodium-price","34":"product_tag-pentobarbital-sodium-salt","35":"product_tag-pentobarbital-sodium-sleeping-pills","36":"product_tag-pentobarbital-gebrauch","37":"product_tag-pentobarbital-natrium-porzellan","38":"product_tag-pentobarbital-natrium-fr-menschen","39":"product_tag-pentobarbital-natrium-kaufen","40":"product_tag-pentobarbital-natrium-oral","41":"product_tag-pentobarbital-natrium-over-the-counter","42":"product_tag-pentobarbital-natrium-wo-zu-kaufen","43":"product_tag-pentobarbital-natrium-ansthesie","44":"product_tag-pentobarbital-natrium-gruppe","45":"product_tag-pentobarbital-natrium-injektion-fr-hunde","46":"product_tag-pentobarbital-natrium-injektion-fr-den-menschen","47":"product_tag-pentobarbital-natrium-pillen","48":"product_tag-pentobarbital-natrium-pulver","49":"product_tag-pentobarbital-natrium-schlaftabletten-over-the-counter","50":"product_tag-pentobarbital-natrium-tabletten","51":"product_tag-phenobarbital-natrium-intravens","52":"product_tag-where-can-i-buy-pentobarbital-sodium-sleeping-pills","53":"product_tag-where-can-i-buy-sodium-pentobarbital","54":"product_tag-where-to-buy-pentobarbital-sodium","55":"product_tag-where-to-buy-pentobarbital-sodium-for-dogs","56":"product_tag-wo-man-pentobarbital-natrium-bekommt","57":"product_tag-wo-kann-ich-nembutal-natrium-pentobarbital-kaufen","58":"product_tag-wo-kann-ich-pentobarbital-natrium-kaufen","59":"product_tag-wo-kann-man-pentobarbital-natrium-kaufen","61":"first","62":"instock","63":"shipping-taxable","64":"product-type-grouped"},"yoast_head":"<!-- This site is optimized with the Yoast SEO Premium plugin v19.2 (Yoast SEO v27.3) - https:\/\/yoast.com\/product\/yoast-seo-premium-wordpress\/ -->\n<title>Pentobarbital-Natrium-L\u00f6sung online kaufen - Everyday Chem Shop<\/title>\n<meta name=\"description\" content=\"Entdecken Sie hochwertiges Pentobarbital-Natrium (Nembutal-L\u00f6sung) f\u00fcr die humane Euthanasie von Tieren. Schneller, diskreter weltweiter Versand. Kaufen Sie hochwertige fl\u00fcssige Euthanasie-Medikamente online bei Everyday Chem Shop.\" \/>\n<meta name=\"robots\" content=\"index, follow, max-snippet:-1, max-image-preview:large, max-video-preview:-1\" \/>\n<link rel=\"canonical\" href=\"https:\/\/everydaychemshop.com\/de\/product\/pentobarbital-natrium-flussigkeit\/\" \/>\n<meta property=\"og:locale\" content=\"en_US\" \/>\n<meta property=\"og:type\" content=\"article\" \/>\n<meta property=\"og:title\" content=\"Pentobarbital-Natrium (fl\u00fcssig)\" \/>\n<meta property=\"og:description\" content=\"Entdecken Sie hochwertiges Pentobarbital-Natrium (Nembutal-L\u00f6sung) f\u00fcr die humane Euthanasie von Tieren. Schneller, diskreter weltweiter Versand. Kaufen Sie hochwertige fl\u00fcssige Euthanasie-Medikamente online bei Everyday Chem Shop.\" \/>\n<meta property=\"og:url\" content=\"https:\/\/everydaychemshop.com\/de\/product\/pentobarbital-natrium-flussigkeit\/\" \/>\n<meta property=\"og:site_name\" content=\"Everyday Chem Shop\" \/>\n<meta property=\"article:modified_time\" content=\"2025-11-23T14:51:46+00:00\" \/>\n<meta property=\"og:image\" content=\"https:\/\/everydaychemshop.com\/de\/wp-content\/uploads\/sites\/3\/2022\/11\/Buy-Pentobarbital-Sodium-Liquid-Injectable-Online-20210624231650.00.jpg\" \/>\n\t<meta property=\"og:image:width\" content=\"1200\" \/>\n\t<meta property=\"og:image:height\" content=\"1200\" \/>\n\t<meta property=\"og:image:type\" content=\"image\/jpeg\" \/>\n<meta name=\"twitter:card\" content=\"summary_large_image\" \/>\n<meta name=\"twitter:label1\" content=\"Est. reading time\" \/>\n\t<meta name=\"twitter:data1\" content=\"4 minutes\" \/>\n<script type=\"application\/ld+json\" class=\"yoast-schema-graph\">{\"@context\":\"https:\\\/\\\/schema.org\",\"@graph\":[{\"@type\":\"WebPage\",\"@id\":\"https:\\\/\\\/everydaychemshop.com\\\/de\\\/product\\\/pentobarbital-natrium-flussigkeit\\\/\",\"url\":\"https:\\\/\\\/everydaychemshop.com\\\/de\\\/product\\\/pentobarbital-natrium-flussigkeit\\\/\",\"name\":\"Pentobarbital-Natrium-L\u00f6sung online kaufen - Everyday Chem Shop\",\"isPartOf\":{\"@id\":\"https:\\\/\\\/everydaychemshop.com\\\/de\\\/#website\"},\"primaryImageOfPage\":{\"@id\":\"https:\\\/\\\/everydaychemshop.com\\\/de\\\/product\\\/pentobarbital-natrium-flussigkeit\\\/#primaryimage\"},\"image\":{\"@id\":\"https:\\\/\\\/everydaychemshop.com\\\/de\\\/product\\\/pentobarbital-natrium-flussigkeit\\\/#primaryimage\"},\"thumbnailUrl\":\"https:\\\/\\\/everydaychemshop.com\\\/de\\\/wp-content\\\/uploads\\\/sites\\\/3\\\/2022\\\/11\\\/Buy-Pentobarbital-Sodium-Liquid-Injectable-Online-20210624231650.00.jpg\",\"datePublished\":\"2022-11-16T09:43:12+00:00\",\"dateModified\":\"2025-11-23T14:51:46+00:00\",\"description\":\"Entdecken Sie hochwertiges Pentobarbital-Natrium (Nembutal-L\u00f6sung) f\u00fcr die humane Euthanasie von Tieren. Schneller, diskreter weltweiter Versand. Kaufen Sie hochwertige fl\u00fcssige Euthanasie-Medikamente online bei Everyday Chem Shop.\",\"breadcrumb\":{\"@id\":\"https:\\\/\\\/everydaychemshop.com\\\/de\\\/product\\\/pentobarbital-natrium-flussigkeit\\\/#breadcrumb\"},\"inLanguage\":\"en-US\",\"potentialAction\":[{\"@type\":\"ReadAction\",\"target\":[\"https:\\\/\\\/everydaychemshop.com\\\/de\\\/product\\\/pentobarbital-natrium-flussigkeit\\\/\"]}]},{\"@type\":\"ImageObject\",\"inLanguage\":\"en-US\",\"@id\":\"https:\\\/\\\/everydaychemshop.com\\\/de\\\/product\\\/pentobarbital-natrium-flussigkeit\\\/#primaryimage\",\"url\":\"https:\\\/\\\/everydaychemshop.com\\\/de\\\/wp-content\\\/uploads\\\/sites\\\/3\\\/2022\\\/11\\\/Buy-Pentobarbital-Sodium-Liquid-Injectable-Online-20210624231650.00.jpg\",\"contentUrl\":\"https:\\\/\\\/everydaychemshop.com\\\/de\\\/wp-content\\\/uploads\\\/sites\\\/3\\\/2022\\\/11\\\/Buy-Pentobarbital-Sodium-Liquid-Injectable-Online-20210624231650.00.jpg\",\"width\":1200,\"height\":1200,\"caption\":\"Pentobarbital-Natrium-L\u00f6sung online kaufen\"},{\"@type\":\"BreadcrumbList\",\"@id\":\"https:\\\/\\\/everydaychemshop.com\\\/de\\\/product\\\/pentobarbital-natrium-flussigkeit\\\/#breadcrumb\",\"itemListElement\":[{\"@type\":\"ListItem\",\"position\":1,\"name\":\"Home\",\"item\":\"https:\\\/\\\/everydaychemshop.com\\\/de\\\/\"},{\"@type\":\"ListItem\",\"position\":2,\"name\":\"Produkte\",\"item\":\"https:\\\/\\\/everydaychemshop.com\\\/de\\\/produkte\\\/\"},{\"@type\":\"ListItem\",\"position\":3,\"name\":\"Pentobarbital-Natrium (fl\u00fcssig)\"}]},{\"@type\":\"WebSite\",\"@id\":\"https:\\\/\\\/everydaychemshop.com\\\/de\\\/#website\",\"url\":\"https:\\\/\\\/everydaychemshop.com\\\/de\\\/\",\"name\":\"Everyday Chem Shop\",\"description\":\"\",\"potentialAction\":[{\"@type\":\"SearchAction\",\"target\":{\"@type\":\"EntryPoint\",\"urlTemplate\":\"https:\\\/\\\/everydaychemshop.com\\\/de\\\/?s={search_term_string}\"},\"query-input\":{\"@type\":\"PropertyValueSpecification\",\"valueRequired\":true,\"valueName\":\"search_term_string\"}}],\"inLanguage\":\"en-US\"}]}<\/script>\n<!-- \/ Yoast SEO Premium plugin. -->","yoast_head_json":{"title":"Pentobarbital-Natrium-L\u00f6sung online kaufen - Everyday Chem Shop","description":"Entdecken Sie hochwertiges Pentobarbital-Natrium (Nembutal-L\u00f6sung) f\u00fcr die humane Euthanasie von Tieren. Schneller, diskreter weltweiter Versand. Kaufen Sie hochwertige fl\u00fcssige Euthanasie-Medikamente online bei Everyday Chem Shop.","robots":{"index":"index","follow":"follow","max-snippet":"max-snippet:-1","max-image-preview":"max-image-preview:large","max-video-preview":"max-video-preview:-1"},"canonical":"https:\/\/everydaychemshop.com\/de\/product\/pentobarbital-natrium-flussigkeit\/","og_locale":"en_US","og_type":"article","og_title":"Pentobarbital-Natrium (fl\u00fcssig)","og_description":"Entdecken Sie hochwertiges Pentobarbital-Natrium (Nembutal-L\u00f6sung) f\u00fcr die humane Euthanasie von Tieren. Schneller, diskreter weltweiter Versand. Kaufen Sie hochwertige fl\u00fcssige Euthanasie-Medikamente online bei Everyday Chem Shop.","og_url":"https:\/\/everydaychemshop.com\/de\/product\/pentobarbital-natrium-flussigkeit\/","og_site_name":"Everyday Chem Shop","article_modified_time":"2025-11-23T14:51:46+00:00","og_image":[{"width":1200,"height":1200,"url":"https:\/\/everydaychemshop.com\/de\/wp-content\/uploads\/sites\/3\/2022\/11\/Buy-Pentobarbital-Sodium-Liquid-Injectable-Online-20210624231650.00.jpg","type":"image\/jpeg"}],"twitter_card":"summary_large_image","twitter_misc":{"Est. reading time":"4 minutes"},"schema":{"@context":"https:\/\/schema.org","@graph":[{"@type":"WebPage","@id":"https:\/\/everydaychemshop.com\/de\/product\/pentobarbital-natrium-flussigkeit\/","url":"https:\/\/everydaychemshop.com\/de\/product\/pentobarbital-natrium-flussigkeit\/","name":"Pentobarbital-Natrium-L\u00f6sung online kaufen - Everyday Chem Shop","isPartOf":{"@id":"https:\/\/everydaychemshop.com\/de\/#website"},"primaryImageOfPage":{"@id":"https:\/\/everydaychemshop.com\/de\/product\/pentobarbital-natrium-flussigkeit\/#primaryimage"},"image":{"@id":"https:\/\/everydaychemshop.com\/de\/product\/pentobarbital-natrium-flussigkeit\/#primaryimage"},"thumbnailUrl":"https:\/\/everydaychemshop.com\/de\/wp-content\/uploads\/sites\/3\/2022\/11\/Buy-Pentobarbital-Sodium-Liquid-Injectable-Online-20210624231650.00.jpg","datePublished":"2022-11-16T09:43:12+00:00","dateModified":"2025-11-23T14:51:46+00:00","description":"Entdecken Sie hochwertiges Pentobarbital-Natrium (Nembutal-L\u00f6sung) f\u00fcr die humane Euthanasie von Tieren. Schneller, diskreter weltweiter Versand. Kaufen Sie hochwertige fl\u00fcssige Euthanasie-Medikamente online bei Everyday Chem Shop.","breadcrumb":{"@id":"https:\/\/everydaychemshop.com\/de\/product\/pentobarbital-natrium-flussigkeit\/#breadcrumb"},"inLanguage":"en-US","potentialAction":[{"@type":"ReadAction","target":["https:\/\/everydaychemshop.com\/de\/product\/pentobarbital-natrium-flussigkeit\/"]}]},{"@type":"ImageObject","inLanguage":"en-US","@id":"https:\/\/everydaychemshop.com\/de\/product\/pentobarbital-natrium-flussigkeit\/#primaryimage","url":"https:\/\/everydaychemshop.com\/de\/wp-content\/uploads\/sites\/3\/2022\/11\/Buy-Pentobarbital-Sodium-Liquid-Injectable-Online-20210624231650.00.jpg","contentUrl":"https:\/\/everydaychemshop.com\/de\/wp-content\/uploads\/sites\/3\/2022\/11\/Buy-Pentobarbital-Sodium-Liquid-Injectable-Online-20210624231650.00.jpg","width":1200,"height":1200,"caption":"Pentobarbital-Natrium-L\u00f6sung online kaufen"},{"@type":"BreadcrumbList","@id":"https:\/\/everydaychemshop.com\/de\/product\/pentobarbital-natrium-flussigkeit\/#breadcrumb","itemListElement":[{"@type":"ListItem","position":1,"name":"Home","item":"https:\/\/everydaychemshop.com\/de\/"},{"@type":"ListItem","position":2,"name":"Produkte","item":"https:\/\/everydaychemshop.com\/de\/produkte\/"},{"@type":"ListItem","position":3,"name":"Pentobarbital-Natrium (fl\u00fcssig)"}]},{"@type":"WebSite","@id":"https:\/\/everydaychemshop.com\/de\/#website","url":"https:\/\/everydaychemshop.com\/de\/","name":"Everyday Chem Shop","description":"","potentialAction":[{"@type":"SearchAction","target":{"@type":"EntryPoint","urlTemplate":"https:\/\/everydaychemshop.com\/de\/?s={search_term_string}"},"query-input":{"@type":"PropertyValueSpecification","valueRequired":true,"valueName":"search_term_string"}}],"inLanguage":"en-US"}]}},"_links":{"self":[{"href":"https:\/\/everydaychemshop.com\/de\/wp-json\/wp\/v2\/product\/7639","targetHints":{"allow":["GET"]}}],"collection":[{"href":"https:\/\/everydaychemshop.com\/de\/wp-json\/wp\/v2\/product"}],"about":[{"href":"https:\/\/everydaychemshop.com\/de\/wp-json\/wp\/v2\/types\/product"}],"replies":[{"embeddable":true,"href":"https:\/\/everydaychemshop.com\/de\/wp-json\/wp\/v2\/comments?post=7639"}],"wp:featuredmedia":[{"embeddable":true,"href":"https:\/\/everydaychemshop.com\/de\/wp-json\/wp\/v2\/media\/7661"}],"wp:attachment":[{"href":"https:\/\/everydaychemshop.com\/de\/wp-json\/wp\/v2\/media?parent=7639"}],"wp:term":[{"taxonomy":"product_brand","embeddable":true,"href":"https:\/\/everydaychemshop.com\/de\/wp-json\/wp\/v2\/product_brand?post=7639"},{"taxonomy":"product_cat","embeddable":true,"href":"https:\/\/everydaychemshop.com\/de\/wp-json\/wp\/v2\/product_cat?post=7639"},{"taxonomy":"product_tag","embeddable":true,"href":"https:\/\/everydaychemshop.com\/de\/wp-json\/wp\/v2\/product_tag?post=7639"}],"curies":[{"name":"wp","href":"https:\/\/api.w.org\/{rel}","templated":true}]}}