{"id":7648,"date":"2022-11-16T09:43:14","date_gmt":"2022-11-16T09:43:14","guid":{"rendered":"https:\/\/everydaychemshop.com\/de\/?post_type=product&#038;p=7648"},"modified":"2023-04-06T19:30:56","modified_gmt":"2023-04-06T19:30:56","slug":"kaufen-xanax-pillen-online","status":"publish","type":"product","link":"https:\/\/everydaychemshop.com\/de\/product\/kaufen-xanax-pillen-online\/","title":{"rendered":"Xanax-Pillen"},"content":{"rendered":"<h1>Kaufen Sie Xanax-Pillen online<\/h1>\n<p><a href=\"https:\/\/everydaychemshop.com\/de\/product\/kaufen-xanax-pillen-online\/\">Kaufen Sie Xanax-Pillen online<\/a>, auch Aprazolam genannt, ist ein Arzneimittel der Benzodiazepin-Klasse, das verwendet wird, um Manifestationen im Zusammenhang mit Anspannung und Angstzust\u00e4nden zu lindern wie Elend, PMS (pr\u00e4menstrueller Zustand), bestimmte \u00c4ngste und Anf\u00e4lle. XANAX wird f\u00fcr die Behandlung von Nervosit\u00e4t und die vor\u00fcbergehende Hilfe von Nebenwirkungen von Unwohlsein bei Erwachsenen gezeigt. XANAX ist auch f\u00fcr die Behandlung von Rasereiproblemen bei Erwachsenen mit oder ohne Angst vor Flecken und Umst\u00e4nden, die Raserei, Wehrlosigkeit <a href=\"https:\/\/de.wikipedia.org\/wiki\/Alprazolam\">oder<\/a> Scham (Agoraphobie) verursachen k\u00f6nnen, nachgewiesen. Kaufen Sie Xanax-Pillen im Internet<\/p>\n<p>Ist es richtig zu sagen, dass Sie Qualen erleben?? Derzeit k\u00f6nnen Sie Ihre Qualrezepte bequem von zu Hause oder vom B\u00fcro aus erhalten. Wir verkaufen erstklassige klinische Agoniepillen zur Linderung von Beschwerden und zahlreichen anderen Krankheiten wie z. Xanax, Oxycontin, Oxycodon, Dilaudid, Demerol, Methadon (Dolophin, Methadose), Roxycodon, Diazepam, Ritalin, Percocet, Concerta, Tramadol, Adderall, Hydrocodon, Morphin. Wir haben eine 100%ige Erfolgsbilanz bei fruchtbaren Bef\u00f6rderungen. Kaufen Sie Xanax-Pillen im Internet<\/p>\n<p>Wir haben Medikamente zur Behandlung von anhaltenden R\u00fcckenschmerzen, Hack, Nervosit\u00e4t, Angstproblemen, Mutlosigkeit, erektiler Dysfunktion, sexueller Dysfunktion, Narkolepsie, Korpulenz, Elend, M\u00fcdigkeit, Erg\u00e4nzung zur Gewichtsreduktion und mehr im Internet (keine Abhilfe erforderlich).<\/p>\n<p>&#8211; Keine Abhilfe erforderlich<\/p>\n<p>&#8211; Express vorerst fr\u00fcher oder 24 Stunden Transport<\/p>\n<p>&#8211; Verpackung ist au\u00dfergew\u00f6hnlich feinf\u00fchlig fixiert, mit Alufolie umwickelt, frei von Gefahren<\/p>\n<p>&#8211; No Mark Endlosverpackung<\/p>\n<p>&#8211; 100% Kundenbetreuung und Betreuung.<\/p>\n<p>&#8211; Geld-zur\u00fcck-Garantie<\/p>\n<p>&#8211; Wir bieten Transportverwaltungen von Haus zu Haus<\/p>\n<p>&#8211; Ausgezeichnete und un\u00fcbertreffliche Kosten.<\/p>\n<p>Wir verpacken die B\u00fcndel sorgf\u00e4ltig mit Wolfram- und Kohlepapieren Vermeiden Sie durch Traditionen X-Beam-Maschinen an Flugterminals. B\u00fcndel werden perfekt mit Segenspapieren von au\u00dfen best\u00fcckt. Kaufen Sie Xanax-Pillen im Internet<\/p>\n<p>Suchen Sie online nach billigem XANAX 2mg? Bestellen Sie XANAX 2 mg von Global Home Med zu erschwinglichen Preisen und Lieferung direkt zu Ihnen nach Hause!<\/p>\n<p>Kaufen Sie Alprazolam in Gro\u00dfbritannien \u2026 Alprazolam (Xanax) 2 mg UK\/EU Marke \u2026 Die 2 mg Tablette ist eine st\u00e4rkere Version von dieses wirksame Medikament gegen Angstzust\u00e4nde in Gro\u00dfbritannien<\/p>\n<p>Kaufen Sie Xanax online \u2013 Xanax-Riegel zum Verkauf \u2013 Kaufen Sie Xanax 2 mg online \u2013 Kaufen Sie Xanax 1 mg online \u2013 Xanax kann sich sedierend und beruhigend anf\u00fchlen, sodass Sie sich entspannt und ruhig f\u00fchlen<\/p>\n<p>Kaufen Sie Xanax 2Mg Uk Materialisierung ergonomisch Bestellen Sie Xanax \u00fcber Nacht konvex gesalzen? Fustier Wilburn verbietet den Kauf von Xanax Online Reddit subtiling Angebot<\/p>\n<p>Kaufen Sie g\u00fcnstig, Xanax online ohne Rezept. Generisches Zoloft beste Online-Apotheken billig Xanax online kaufen Phentermine. Bilder von generischen Xanax 2mg Riegeln<\/p>\n<p>Kaufen Sie Xanax 2 mg Alprazolam 0,5 MG, 1MG, 2MG Tablette wird verwendet, um Panikst\u00f6rungen und Angstzust\u00e4nde zu behandeln, wie unerwartete extreme Angst und Anspannung aufgrund von Stress. Es wird empfohlen, mit einer kleinen Dosis zu beginnen und diese allm\u00e4hlich zu steigern. Brechen Sie die Einnahme dieses Arzneimittels nicht pl\u00f6tzlich ab, da es zu Entzugserscheinungen wie Krampfanf\u00e4llen, aggressivem Verhalten, verschwommenem Sehen usw. f\u00fchren kann.<\/p>\n<p>Nehmen Sie Alprazolam 0,5 MG Tablette mit oder ohne Nahrung ein. Nehmen Sie keine gr\u00f6\u00dferen Mengen als empfohlen ein. Konsultieren Sie den Arzt, wenn Sie Nebenwirkungen bemerken. Brechen Sie die Einnahme des Arzneimittels nicht ohne R\u00fccksprache mit Ihrem Arzt ab, da dies zu Entzugserscheinungen f\u00fchren kann.<\/p>\n<p>Wie wirkt es?<br \/>\nDieses Arzneimittel bindet an die Chloridkan\u00e4le und erleichtert den Einstrom von Chloridionen, wodurch eine Hyperpolarisation verursacht wird Stabilisierung der neuronalen Membran, wodurch eine weitere Erregung der Zelle verhindert wird.<\/p>\n<p><strong>Wissen Sie, wo Sie Xanax-Pillen ohne Rezept kaufen k\u00f6nnen?<\/strong><\/p>\n<p>Xanax-Pillen zum Verkauf, Xanax-Pillen-Stra\u00dfenwert, Xanax-Pillen-Dosierung, wie man Xanax-Pillen herstellt, wo kann ich &#8230; Xanax-Pillen online, wo man Xanax-Pillen bekommt, was sind Xanax-Pillen, Xanax-Pillen in Premium-Qualit\u00e4t zum Verkauf. All diese unbeantworteten Fragen k\u00f6nnen durch uns beantwortet werden. Sie m\u00fcssen nur unsere Website durchgehen und Sie erhalten Antworten darauf, wie und wo Sie Methadon-Pillen ohne Rezept online kaufen k\u00f6nnen.<\/p>\n<p>Was ist mit Xanax-Pillen? Wissen Sie auch, wo Sie Xanax-Pillen ohne Rezept online kaufen k\u00f6nnen? Kaufen Sie Xanax-Pillen zum Verkauf, wie man Xanax-Pillen herstellt, wie sehen Xanax-Pillen aus, Xanax-Pillen-Stra\u00dfenpreis, Xanax-Pillen-Preis, wo kann man Xanax-Pillen kaufen, reine Xanax-Pillen, wo kann ich Xanax-Pillen online ohne Rezept kaufen, pur kaufen Xanax-Pillen online ohne Rezept.<\/p>\n<p>Gute Qualit\u00e4t Xanax-Pillen online: Es versteht sich von selbst, dass Menschen der Qualit\u00e4t von online verkauften Xanax-Pillen nicht schnell vertrauen, weil sie sie nicht physisch untersuchen k\u00f6nnen. Aber es ist nicht dasselbe mit den Online-Anbietern von Xanax-Pillen. Die Produkte hier sind ihrer Beschreibung treu, mit hochwertiger Wartung, die unter der Aufsicht von Experten durchgef\u00fchrt wird.<\/p>\n<p>Schnell &amp; Diskreter Versand: Die Lieferung der Xanax-Pillen online nach Eingang der Bestellung erfolgt innerhalb des zugesagten Zeitrahmens. Das Versandteam setzt alles daran, den Versand- und Liefervorgang reibungslos und schnell zu gestalten. Auch beim Online-Kauf von Xanax-Pillen vom Profi auf der Online-Plattform k\u00f6nnen Sie exzellenten Service erwarten.<\/p>\n","protected":false},"excerpt":{"rendered":"<p>Kaufen Sie Xanax 2 MG Tablette wird verwendet, um Panikst\u00f6rungen und Angstzust\u00e4nde zu behandeln, wie unerwartete extreme Angst und Anspannung aufgrund von Stress. Es wird empfohlen, mit einer kleinen Dosis zu beginnen und diese allm\u00e4hlich zu steigern. Brechen Sie die Einnahme dieses Arzneimittels nicht pl\u00f6tzlich ab, da es zu Entzugserscheinungen wie Krampfanf\u00e4llen, aggressivem Verhalten, verschwommenem Sehen usw. kommen kann.<\/p>\n","protected":false},"featured_media":7675,"comment_status":"open","ping_status":"closed","template":"","meta":{"inline_featured_image":false},"product_brand":[],"product_cat":[116],"product_tag":[117,118,121,687,135,119,123,704,125,120,126,129,130,131,134,132,133,127,128],"class_list":{"0":"post-7648","1":"product","2":"type-product","3":"status-publish","4":"has-post-thumbnail","6":"product_cat-schmerzmittel","7":"product_tag-2mg-xanax-zum-verkauf","8":"product_tag-alprazolam-for-sale","9":"product_tag-alprazolam-online-bestellen","10":"product_tag-der-beste-ort","11":"product_tag-gelbe-xanax-barren-zu-verkaufen","12":"product_tag-alprazolam-online-kaufen","13":"product_tag-kaufen-xanax-pillen-im-web","14":"product_tag-um-alprazolam-online-zu-kaufen","15":"product_tag-where-to-buy-alprazolam-online","16":"product_tag-wie-kauft-man-alprazolam-online","17":"product_tag-xanax-2mg-zu-verkaufen","18":"product_tag-xanax-for-sale","19":"product_tag-xanax-for-sale-online","20":"product_tag-xanax-zum-verkauf-ohne-rezept","21":"product_tag-xanax-tabletten-zum-verkauf","22":"product_tag-xanax-pillen-zum-verkauf","23":"product_tag-xanax-pillen-zum-verkauf-online","24":"product_tag-xanax-riegel-zum-verkauf","25":"product_tag-xanax-bars-zum-verkauf-online","27":"first","28":"instock","29":"featured","30":"shipping-taxable","31":"purchasable","32":"product-type-variable","33":"has-default-attributes"},"yoast_head":"<!-- This site is optimized with the Yoast SEO Premium plugin v19.2 (Yoast SEO v27.3) - https:\/\/yoast.com\/product\/yoast-seo-premium-wordpress\/ -->\n<title>Kaufen Sie Xanax-Pillen online - Everyday Chem Shop<\/title>\n<meta name=\"description\" content=\"Kaufen Sie Xanax-Pillen online. Wenn Sie suchen, wie Sie Xanax-Pillen online kaufen k\u00f6nnen, dann sind Sie hier genau richtig, um Xanax-Pillen online zu kaufen.\" \/>\n<meta name=\"robots\" content=\"index, follow, max-snippet:-1, max-image-preview:large, max-video-preview:-1\" \/>\n<link rel=\"canonical\" href=\"https:\/\/everydaychemshop.com\/de\/product\/kaufen-xanax-pillen-online\/\" \/>\n<meta property=\"og:locale\" content=\"en_US\" \/>\n<meta property=\"og:type\" content=\"article\" \/>\n<meta property=\"og:title\" content=\"Xanax-Pillen\" \/>\n<meta property=\"og:description\" content=\"Kaufen Sie Xanax-Pillen online. Wenn Sie suchen, wie Sie Xanax-Pillen online kaufen k\u00f6nnen, dann sind Sie hier genau richtig, um Xanax-Pillen online zu kaufen.\" \/>\n<meta property=\"og:url\" content=\"https:\/\/everydaychemshop.com\/de\/product\/kaufen-xanax-pillen-online\/\" \/>\n<meta property=\"og:site_name\" content=\"Everyday Chem Shop\" \/>\n<meta property=\"article:modified_time\" content=\"2023-04-06T19:30:56+00:00\" \/>\n<meta property=\"og:image\" content=\"https:\/\/everydaychemshop.com\/de\/wp-content\/uploads\/sites\/3\/2022\/11\/Buy-XANAX-XR-ALPRAZOLAM-EXTENDED-RELEASE-TABLETS-2-Mg-50-TABLETS-RX-ONLY.jpg\" \/>\n\t<meta property=\"og:image:width\" content=\"1200\" \/>\n\t<meta property=\"og:image:height\" content=\"1200\" \/>\n\t<meta property=\"og:image:type\" content=\"image\/jpeg\" \/>\n<meta name=\"twitter:card\" content=\"summary_large_image\" \/>\n<meta name=\"twitter:label1\" content=\"Est. reading time\" \/>\n\t<meta name=\"twitter:data1\" content=\"4 minutes\" \/>\n<script type=\"application\/ld+json\" class=\"yoast-schema-graph\">{\"@context\":\"https:\\\/\\\/schema.org\",\"@graph\":[{\"@type\":\"WebPage\",\"@id\":\"https:\\\/\\\/everydaychemshop.com\\\/de\\\/product\\\/kaufen-xanax-pillen-online\\\/\",\"url\":\"https:\\\/\\\/everydaychemshop.com\\\/de\\\/product\\\/kaufen-xanax-pillen-online\\\/\",\"name\":\"Kaufen Sie Xanax-Pillen online - Everyday Chem Shop\",\"isPartOf\":{\"@id\":\"https:\\\/\\\/everydaychemshop.com\\\/de\\\/#website\"},\"primaryImageOfPage\":{\"@id\":\"https:\\\/\\\/everydaychemshop.com\\\/de\\\/product\\\/kaufen-xanax-pillen-online\\\/#primaryimage\"},\"image\":{\"@id\":\"https:\\\/\\\/everydaychemshop.com\\\/de\\\/product\\\/kaufen-xanax-pillen-online\\\/#primaryimage\"},\"thumbnailUrl\":\"https:\\\/\\\/everydaychemshop.com\\\/de\\\/wp-content\\\/uploads\\\/sites\\\/3\\\/2022\\\/11\\\/Buy-XANAX-XR-ALPRAZOLAM-EXTENDED-RELEASE-TABLETS-2-Mg-50-TABLETS-RX-ONLY.jpg\",\"datePublished\":\"2022-11-16T09:43:14+00:00\",\"dateModified\":\"2023-04-06T19:30:56+00:00\",\"description\":\"Kaufen Sie Xanax-Pillen online. Wenn Sie suchen, wie Sie Xanax-Pillen online kaufen k\u00f6nnen, dann sind Sie hier genau richtig, um Xanax-Pillen online zu kaufen.\",\"breadcrumb\":{\"@id\":\"https:\\\/\\\/everydaychemshop.com\\\/de\\\/product\\\/kaufen-xanax-pillen-online\\\/#breadcrumb\"},\"inLanguage\":\"en-US\",\"potentialAction\":[{\"@type\":\"ReadAction\",\"target\":[\"https:\\\/\\\/everydaychemshop.com\\\/de\\\/product\\\/kaufen-xanax-pillen-online\\\/\"]}]},{\"@type\":\"ImageObject\",\"inLanguage\":\"en-US\",\"@id\":\"https:\\\/\\\/everydaychemshop.com\\\/de\\\/product\\\/kaufen-xanax-pillen-online\\\/#primaryimage\",\"url\":\"https:\\\/\\\/everydaychemshop.com\\\/de\\\/wp-content\\\/uploads\\\/sites\\\/3\\\/2022\\\/11\\\/Buy-XANAX-XR-ALPRAZOLAM-EXTENDED-RELEASE-TABLETS-2-Mg-50-TABLETS-RX-ONLY.jpg\",\"contentUrl\":\"https:\\\/\\\/everydaychemshop.com\\\/de\\\/wp-content\\\/uploads\\\/sites\\\/3\\\/2022\\\/11\\\/Buy-XANAX-XR-ALPRAZOLAM-EXTENDED-RELEASE-TABLETS-2-Mg-50-TABLETS-RX-ONLY.jpg\",\"width\":1200,\"height\":1200,\"caption\":\"Kaufen Sie Xanax-Pillen online\"},{\"@type\":\"BreadcrumbList\",\"@id\":\"https:\\\/\\\/everydaychemshop.com\\\/de\\\/product\\\/kaufen-xanax-pillen-online\\\/#breadcrumb\",\"itemListElement\":[{\"@type\":\"ListItem\",\"position\":1,\"name\":\"Home\",\"item\":\"https:\\\/\\\/everydaychemshop.com\\\/de\\\/\"},{\"@type\":\"ListItem\",\"position\":2,\"name\":\"Produkte\",\"item\":\"https:\\\/\\\/everydaychemshop.com\\\/de\\\/produkte\\\/\"},{\"@type\":\"ListItem\",\"position\":3,\"name\":\"Xanax-Pillen\"}]},{\"@type\":\"WebSite\",\"@id\":\"https:\\\/\\\/everydaychemshop.com\\\/de\\\/#website\",\"url\":\"https:\\\/\\\/everydaychemshop.com\\\/de\\\/\",\"name\":\"Everyday Chem Shop\",\"description\":\"\",\"potentialAction\":[{\"@type\":\"SearchAction\",\"target\":{\"@type\":\"EntryPoint\",\"urlTemplate\":\"https:\\\/\\\/everydaychemshop.com\\\/de\\\/?s={search_term_string}\"},\"query-input\":{\"@type\":\"PropertyValueSpecification\",\"valueRequired\":true,\"valueName\":\"search_term_string\"}}],\"inLanguage\":\"en-US\"}]}<\/script>\n<!-- \/ Yoast SEO Premium plugin. -->","yoast_head_json":{"title":"Kaufen Sie Xanax-Pillen online - Everyday Chem Shop","description":"Kaufen Sie Xanax-Pillen online. Wenn Sie suchen, wie Sie Xanax-Pillen online kaufen k\u00f6nnen, dann sind Sie hier genau richtig, um Xanax-Pillen online zu kaufen.","robots":{"index":"index","follow":"follow","max-snippet":"max-snippet:-1","max-image-preview":"max-image-preview:large","max-video-preview":"max-video-preview:-1"},"canonical":"https:\/\/everydaychemshop.com\/de\/product\/kaufen-xanax-pillen-online\/","og_locale":"en_US","og_type":"article","og_title":"Xanax-Pillen","og_description":"Kaufen Sie Xanax-Pillen online. Wenn Sie suchen, wie Sie Xanax-Pillen online kaufen k\u00f6nnen, dann sind Sie hier genau richtig, um Xanax-Pillen online zu kaufen.","og_url":"https:\/\/everydaychemshop.com\/de\/product\/kaufen-xanax-pillen-online\/","og_site_name":"Everyday Chem Shop","article_modified_time":"2023-04-06T19:30:56+00:00","og_image":[{"width":1200,"height":1200,"url":"https:\/\/everydaychemshop.com\/de\/wp-content\/uploads\/sites\/3\/2022\/11\/Buy-XANAX-XR-ALPRAZOLAM-EXTENDED-RELEASE-TABLETS-2-Mg-50-TABLETS-RX-ONLY.jpg","type":"image\/jpeg"}],"twitter_card":"summary_large_image","twitter_misc":{"Est. reading time":"4 minutes"},"schema":{"@context":"https:\/\/schema.org","@graph":[{"@type":"WebPage","@id":"https:\/\/everydaychemshop.com\/de\/product\/kaufen-xanax-pillen-online\/","url":"https:\/\/everydaychemshop.com\/de\/product\/kaufen-xanax-pillen-online\/","name":"Kaufen Sie Xanax-Pillen online - Everyday Chem Shop","isPartOf":{"@id":"https:\/\/everydaychemshop.com\/de\/#website"},"primaryImageOfPage":{"@id":"https:\/\/everydaychemshop.com\/de\/product\/kaufen-xanax-pillen-online\/#primaryimage"},"image":{"@id":"https:\/\/everydaychemshop.com\/de\/product\/kaufen-xanax-pillen-online\/#primaryimage"},"thumbnailUrl":"https:\/\/everydaychemshop.com\/de\/wp-content\/uploads\/sites\/3\/2022\/11\/Buy-XANAX-XR-ALPRAZOLAM-EXTENDED-RELEASE-TABLETS-2-Mg-50-TABLETS-RX-ONLY.jpg","datePublished":"2022-11-16T09:43:14+00:00","dateModified":"2023-04-06T19:30:56+00:00","description":"Kaufen Sie Xanax-Pillen online. Wenn Sie suchen, wie Sie Xanax-Pillen online kaufen k\u00f6nnen, dann sind Sie hier genau richtig, um Xanax-Pillen online zu kaufen.","breadcrumb":{"@id":"https:\/\/everydaychemshop.com\/de\/product\/kaufen-xanax-pillen-online\/#breadcrumb"},"inLanguage":"en-US","potentialAction":[{"@type":"ReadAction","target":["https:\/\/everydaychemshop.com\/de\/product\/kaufen-xanax-pillen-online\/"]}]},{"@type":"ImageObject","inLanguage":"en-US","@id":"https:\/\/everydaychemshop.com\/de\/product\/kaufen-xanax-pillen-online\/#primaryimage","url":"https:\/\/everydaychemshop.com\/de\/wp-content\/uploads\/sites\/3\/2022\/11\/Buy-XANAX-XR-ALPRAZOLAM-EXTENDED-RELEASE-TABLETS-2-Mg-50-TABLETS-RX-ONLY.jpg","contentUrl":"https:\/\/everydaychemshop.com\/de\/wp-content\/uploads\/sites\/3\/2022\/11\/Buy-XANAX-XR-ALPRAZOLAM-EXTENDED-RELEASE-TABLETS-2-Mg-50-TABLETS-RX-ONLY.jpg","width":1200,"height":1200,"caption":"Kaufen Sie Xanax-Pillen online"},{"@type":"BreadcrumbList","@id":"https:\/\/everydaychemshop.com\/de\/product\/kaufen-xanax-pillen-online\/#breadcrumb","itemListElement":[{"@type":"ListItem","position":1,"name":"Home","item":"https:\/\/everydaychemshop.com\/de\/"},{"@type":"ListItem","position":2,"name":"Produkte","item":"https:\/\/everydaychemshop.com\/de\/produkte\/"},{"@type":"ListItem","position":3,"name":"Xanax-Pillen"}]},{"@type":"WebSite","@id":"https:\/\/everydaychemshop.com\/de\/#website","url":"https:\/\/everydaychemshop.com\/de\/","name":"Everyday Chem Shop","description":"","potentialAction":[{"@type":"SearchAction","target":{"@type":"EntryPoint","urlTemplate":"https:\/\/everydaychemshop.com\/de\/?s={search_term_string}"},"query-input":{"@type":"PropertyValueSpecification","valueRequired":true,"valueName":"search_term_string"}}],"inLanguage":"en-US"}]}},"_links":{"self":[{"href":"https:\/\/everydaychemshop.com\/de\/wp-json\/wp\/v2\/product\/7648","targetHints":{"allow":["GET"]}}],"collection":[{"href":"https:\/\/everydaychemshop.com\/de\/wp-json\/wp\/v2\/product"}],"about":[{"href":"https:\/\/everydaychemshop.com\/de\/wp-json\/wp\/v2\/types\/product"}],"replies":[{"embeddable":true,"href":"https:\/\/everydaychemshop.com\/de\/wp-json\/wp\/v2\/comments?post=7648"}],"wp:featuredmedia":[{"embeddable":true,"href":"https:\/\/everydaychemshop.com\/de\/wp-json\/wp\/v2\/media\/7675"}],"wp:attachment":[{"href":"https:\/\/everydaychemshop.com\/de\/wp-json\/wp\/v2\/media?parent=7648"}],"wp:term":[{"taxonomy":"product_brand","embeddable":true,"href":"https:\/\/everydaychemshop.com\/de\/wp-json\/wp\/v2\/product_brand?post=7648"},{"taxonomy":"product_cat","embeddable":true,"href":"https:\/\/everydaychemshop.com\/de\/wp-json\/wp\/v2\/product_cat?post=7648"},{"taxonomy":"product_tag","embeddable":true,"href":"https:\/\/everydaychemshop.com\/de\/wp-json\/wp\/v2\/product_tag?post=7648"}],"curies":[{"name":"wp","href":"https:\/\/api.w.org\/{rel}","templated":true}]}}