{"id":7653,"date":"2022-11-16T09:43:15","date_gmt":"2022-11-16T09:43:15","guid":{"rendered":"https:\/\/everydaychemshop.com\/de\/?post_type=product&#038;p=7653"},"modified":"2023-04-06T19:29:32","modified_gmt":"2023-04-06T19:29:32","slug":"kaufen-oxycodon-pillen-online","status":"publish","type":"product","link":"https:\/\/everydaychemshop.com\/de\/product\/kaufen-oxycodon-pillen-online\/","title":{"rendered":"Oxycodon-Pillen"},"content":{"rendered":"<h1>Kaufen Sie Oxycodon-Pillen online<\/h1>\n<p><a href=\"https:\/\/everydaychemshop.com\/de\/product\/kaufen-oxycodon-pillen-online\/\">Kaufen Sie Oxycodon-Pillen online<\/a>. Oxycodon ist die solide grundlegende Fixierung in zahlreichen Schmerzmitteln, die Personen mit m\u00e4\u00dfiger bis schwerer Qual empfohlen werden. Diese Pillen gibt es in verschiedenen Formen, Gr\u00f6\u00dfen und Schattierungen, je nach Portion und Marke. Oxycodon wird auch hin und wieder in fl\u00fcssiger Form empfohlen. Es wird regelm\u00e4\u00dfig als Mischarzneimittel mit verschiedenen Rezepten empfohlen, darunter Paracetamol, Kopfschmerzmittel und Ibuprofen, wobei verschiedene Markennamen auf die Mischung angewiesen sind. Die absolut normalsten Markennamen f\u00fcr Medikamente auf Oxycodon-Basis sind: Kaufen Sie Oxycodon-Pillen im Internet<\/p>\n<p>Ist es richtig zu sagen, dass Sie Qualen erleben? Derzeit k\u00f6nnen Sie Ihre Agonie-Medizin bequem von zu Hause oder vom B\u00fcro aus erhalten. Wir verkaufen erstklassige klinische Qualpillen zur Linderung von Beschwerden und zahlreichen anderen Krankheiten wie Include; Xanax, Oxycontin, Oxycodon, Dilaudid, Demerol, Methadon (Dolophin, Methadose), Roxycodon, Diazepam, Ritalin, Percocet, Concerta, Tramadol, Adderall, Hydrocodon, Morphin. Wir haben <a href=\"https:\/\/de.wikipedia.org\/wiki\/Oxycodon\">eine<\/a> 100%ige Erfolgsbilanz bei fruchtbaren Bef\u00f6rderungen. Wir bieten unseren Kunden eine breite Palette von Dienstleistungen an, um Oxycodon problemlos online zu kaufen.<\/p>\n<p>Wir haben Medikamente f\u00fcr die Therapie von st\u00e4ndigen R\u00fcckenschmerzen, Hack, Nervosit\u00e4t, Alarmproblemen, Schwermut, erektiler Gebrochenheit, sexueller Gebrochenheit , Narkolepsie, Korpulenz, Elend, Schw\u00e4che, Nahrungserg\u00e4nzungsmittel zur Gewichtsreduktion und mehr im Internet (keine Abhilfe erforderlich)<\/p>\n<p>&#8211; Keine L\u00f6sung erforderlich<\/p>\n<p>&#8211; Vorerst Express oder 24-Stunden-Bef\u00f6rderung<\/p>\n<p>&#8211; Das Paket ist sorgf\u00e4ltig fixiert, mit einer Aluminiumfolie umwickelt und frei von jeglichen Sch\u00e4den<\/p>\n<p>&#8211; Keine Markierung erforderlich, wenn das Paket erscheint<\/p>\n<p>&#8211; 100 % Kundenbetreuung und Unterst\u00fctzung.<\/p>\n<p>&#8211; Geld-zur\u00fcck-Garantie<\/p>\n<p>&#8211; Wir bieten Haus-zu-Haus-\u00dcbertragungsverwaltung an<\/p>\n<p>&#8211; Hervorragende und unglaubliche Kosten.<\/p>\n<p>Wir wickeln B\u00fcndel vorsichtig mit Wolfram- und Kohlepapier ein, um Zoll-R\u00f6ntgenstrahlmaschinen an Flugterminals zu \u00fcberspringen. Mit Geschenkpapieren werden B\u00fcndel aus der Au\u00dfenperspektive reizvoll verpackt. Rolland Meds bietet verschiedene Dienstleistungen an und stellt es auch zur Verf\u00fcgung, um Kunden mit hochwertigen Medikamenten zu versorgen. Wir haben auch fertiges und verf\u00fcgbares Oxycodon, das online gekauft werden kann. Z\u00f6gern Sie nicht, uns zu kontaktieren, wenn Sie Oxycodon online bestellen m\u00f6chten, und wir stehen Ihnen gerne zur Verf\u00fcgung.<\/p>\n<p><strong>Wissen Sie, wo Sie Oxycodon-Pillen ohne Rezept kaufen k\u00f6nnen?<\/strong><\/p>\n<p>Oxycodon-Pillen zum Verkauf, Oxycodon-Pillen Stra\u00dfenwert, Oxycodon-Pillen-Dosierung, wie man Oxycodon-Pillen herstellt, wo kann ich Oxycodon-Pillen online kaufen, wo man Oxycodon-Pillen bekommt, was sind Oxycodon-Pillen, Oxycodon-Pillen in Premium-Qualit\u00e4t zum Verkauf. All diese unbeantworteten Fragen k\u00f6nnen durch uns beantwortet werden. Sie m\u00fcssen nur unsere Website durchgehen und Sie erhalten Antworten darauf, wie und wo Sie Methadon-Pillen ohne Rezept online kaufen k\u00f6nnen.<\/p>\n<p>Was ist mit Oxycodon-Pillen? Wissen Sie auch, wo Sie Oxycodon-Pillen ohne Rezept online kaufen k\u00f6nnen? Oxycodon-Pillen zum Verkauf kaufen, wie man Oxycodon-Pillen herstellt, wie Oxycodon-Pillen aussehen, Oxycodon-Pillen-Stra\u00dfenpreis, Oxycodon-Pillen-Preis, wo man Oxycodon-Pillen kaufen kann, reine Oxycodon-Pillen, wo kann ich Oxycodon-Pillen ohne Rezept online kaufen, rein kaufen Oxycodone Pillen online ohne Rezept.<\/p>\n<p>Gute Qualit\u00e4t Oxycodone Pillen online: Es versteht sich von selbst, dass Menschen der Qualit\u00e4t von online verkauften Oxycodone Pillen nicht schnell vertrauen, weil sie sie nicht physisch untersuchen k\u00f6nnen. Aber es ist nicht dasselbe mit Online-Anbietern von Oxycodon-Pillen. Die Produkte hier sind ihrer Beschreibung treu, mit hochwertiger Wartung, die unter der Aufsicht von Experten durchgef\u00fchrt wird.<\/p>\n<p>Schnell &amp; Diskreter Versand: Die Lieferung der Oxycodon-Pillen online nach Eingang der Bestellung erfolgt innerhalb des zugesagten Zeitrahmens. Das Das Versandteam setzt alles daran, den Versand- und Liefervorgang reibungslos und schnell zu gestalten. Auch beim Online-Kauf von Oxycodone-Pillen vom Profi auf der Online-Plattform k\u00f6nnen Sie exzellenten Service erwarten.<\/p>\n","protected":false},"excerpt":{"rendered":"<p>Oxycodon ist ein preisg\u00fcnstiges Medikament zur Behandlung von m\u00e4\u00dfigen bis starken Schmerzen. Dieses Medikament ist etwas beliebter als vergleichbare Medikamente.<\/p>\n","protected":false},"featured_media":7676,"comment_status":"open","ping_status":"closed","template":"","meta":{"inline_featured_image":false},"product_brand":[],"product_cat":[116],"product_tag":[136,137,141,140,142,139,143,144,145,148,149,150,146,147,138,151,152],"class_list":{"0":"post-7653","1":"product","2":"type-product","3":"status-publish","4":"has-post-thumbnail","6":"product_cat-schmerzmittel","7":"product_tag-buy-roxycodone-online","8":"product_tag-how-to-get-roxycodone","9":"product_tag-oxycodon-zum-verkauf-bersee","10":"product_tag-oxycodon-zum-verkauf-ohne-rezept","11":"product_tag-oxycodon-pillen-zum-online-verkauf","12":"product_tag-oxycodone-30mg-for-sale","13":"product_tag-oxycodon-pulver-zum-verkauf","14":"product_tag-oxycontin-80mg-zu-verkaufen","15":"product_tag-oxycontin-80mg-zum-online-verkauf","16":"product_tag-oxycontin-for-sale-online","17":"product_tag-oxycontin-pills-for-sale","18":"product_tag-oxycontin-tabletten-zum-verkauf","19":"product_tag-oxycontin-zum-verkauf","20":"product_tag-oxycontin-zum-verkauf-ohne-rezept","21":"product_tag-bestel-roxycodon","22":"product_tag-roxycodon-zum-verkauf","23":"product_tag-roxycodon-pillen-zum-online-verkauf","25":"first","26":"instock","27":"shipping-taxable","28":"purchasable","29":"product-type-variable","30":"has-default-attributes"},"yoast_head":"<!-- This site is optimized with the Yoast SEO Premium plugin v19.2 (Yoast SEO v27.3) - https:\/\/yoast.com\/product\/yoast-seo-premium-wordpress\/ -->\n<title>Kaufen Sie Oxycodon-Pillen online - Everyday Chem Shop<\/title>\n<meta name=\"description\" content=\"Kaufen Sie Oxycodon-Pillen online. Wenn Sie nach M\u00f6glichkeiten suchen, Oxycodon-Pillen online zu kaufen, dann sind Sie hier genau richtig, um Oxycodon-Pillen online zu kaufen.\" \/>\n<meta name=\"robots\" content=\"index, follow, max-snippet:-1, max-image-preview:large, max-video-preview:-1\" \/>\n<link rel=\"canonical\" href=\"https:\/\/everydaychemshop.com\/de\/product\/kaufen-oxycodon-pillen-online\/\" \/>\n<meta property=\"og:locale\" content=\"en_US\" \/>\n<meta property=\"og:type\" content=\"article\" \/>\n<meta property=\"og:title\" content=\"Oxycodon-Pillen\" \/>\n<meta property=\"og:description\" content=\"Kaufen Sie Oxycodon-Pillen online. Wenn Sie nach M\u00f6glichkeiten suchen, Oxycodon-Pillen online zu kaufen, dann sind Sie hier genau richtig, um Oxycodon-Pillen online zu kaufen.\" \/>\n<meta property=\"og:url\" content=\"https:\/\/everydaychemshop.com\/de\/product\/kaufen-oxycodon-pillen-online\/\" \/>\n<meta property=\"og:site_name\" content=\"Everyday Chem Shop\" \/>\n<meta property=\"article:modified_time\" content=\"2023-04-06T19:29:32+00:00\" \/>\n<meta property=\"og:image\" content=\"https:\/\/everydaychemshop.com\/de\/wp-content\/uploads\/sites\/3\/2022\/11\/OXYCODONE-30mg-15-MG-1.png\" \/>\n\t<meta property=\"og:image:width\" content=\"590\" \/>\n\t<meta property=\"og:image:height\" content=\"472\" \/>\n\t<meta property=\"og:image:type\" content=\"image\/png\" \/>\n<meta name=\"twitter:card\" content=\"summary_large_image\" \/>\n<meta name=\"twitter:label1\" content=\"Est. reading time\" \/>\n\t<meta name=\"twitter:data1\" content=\"3 minutes\" \/>\n<script type=\"application\/ld+json\" class=\"yoast-schema-graph\">{\"@context\":\"https:\\\/\\\/schema.org\",\"@graph\":[{\"@type\":\"WebPage\",\"@id\":\"https:\\\/\\\/everydaychemshop.com\\\/de\\\/product\\\/kaufen-oxycodon-pillen-online\\\/\",\"url\":\"https:\\\/\\\/everydaychemshop.com\\\/de\\\/product\\\/kaufen-oxycodon-pillen-online\\\/\",\"name\":\"Kaufen Sie Oxycodon-Pillen online - Everyday Chem Shop\",\"isPartOf\":{\"@id\":\"https:\\\/\\\/everydaychemshop.com\\\/de\\\/#website\"},\"primaryImageOfPage\":{\"@id\":\"https:\\\/\\\/everydaychemshop.com\\\/de\\\/product\\\/kaufen-oxycodon-pillen-online\\\/#primaryimage\"},\"image\":{\"@id\":\"https:\\\/\\\/everydaychemshop.com\\\/de\\\/product\\\/kaufen-oxycodon-pillen-online\\\/#primaryimage\"},\"thumbnailUrl\":\"https:\\\/\\\/everydaychemshop.com\\\/de\\\/wp-content\\\/uploads\\\/sites\\\/3\\\/2022\\\/11\\\/OXYCODONE-30mg-15-MG-1.png\",\"datePublished\":\"2022-11-16T09:43:15+00:00\",\"dateModified\":\"2023-04-06T19:29:32+00:00\",\"description\":\"Kaufen Sie Oxycodon-Pillen online. Wenn Sie nach M\u00f6glichkeiten suchen, Oxycodon-Pillen online zu kaufen, dann sind Sie hier genau richtig, um Oxycodon-Pillen online zu kaufen.\",\"breadcrumb\":{\"@id\":\"https:\\\/\\\/everydaychemshop.com\\\/de\\\/product\\\/kaufen-oxycodon-pillen-online\\\/#breadcrumb\"},\"inLanguage\":\"en-US\",\"potentialAction\":[{\"@type\":\"ReadAction\",\"target\":[\"https:\\\/\\\/everydaychemshop.com\\\/de\\\/product\\\/kaufen-oxycodon-pillen-online\\\/\"]}]},{\"@type\":\"ImageObject\",\"inLanguage\":\"en-US\",\"@id\":\"https:\\\/\\\/everydaychemshop.com\\\/de\\\/product\\\/kaufen-oxycodon-pillen-online\\\/#primaryimage\",\"url\":\"https:\\\/\\\/everydaychemshop.com\\\/de\\\/wp-content\\\/uploads\\\/sites\\\/3\\\/2022\\\/11\\\/OXYCODONE-30mg-15-MG-1.png\",\"contentUrl\":\"https:\\\/\\\/everydaychemshop.com\\\/de\\\/wp-content\\\/uploads\\\/sites\\\/3\\\/2022\\\/11\\\/OXYCODONE-30mg-15-MG-1.png\",\"width\":590,\"height\":472,\"caption\":\"Kaufen Sie Oxycodon-Pillen online\"},{\"@type\":\"BreadcrumbList\",\"@id\":\"https:\\\/\\\/everydaychemshop.com\\\/de\\\/product\\\/kaufen-oxycodon-pillen-online\\\/#breadcrumb\",\"itemListElement\":[{\"@type\":\"ListItem\",\"position\":1,\"name\":\"Home\",\"item\":\"https:\\\/\\\/everydaychemshop.com\\\/de\\\/\"},{\"@type\":\"ListItem\",\"position\":2,\"name\":\"Produkte\",\"item\":\"https:\\\/\\\/everydaychemshop.com\\\/de\\\/produkte\\\/\"},{\"@type\":\"ListItem\",\"position\":3,\"name\":\"Oxycodon-Pillen\"}]},{\"@type\":\"WebSite\",\"@id\":\"https:\\\/\\\/everydaychemshop.com\\\/de\\\/#website\",\"url\":\"https:\\\/\\\/everydaychemshop.com\\\/de\\\/\",\"name\":\"Everyday Chem Shop\",\"description\":\"\",\"potentialAction\":[{\"@type\":\"SearchAction\",\"target\":{\"@type\":\"EntryPoint\",\"urlTemplate\":\"https:\\\/\\\/everydaychemshop.com\\\/de\\\/?s={search_term_string}\"},\"query-input\":{\"@type\":\"PropertyValueSpecification\",\"valueRequired\":true,\"valueName\":\"search_term_string\"}}],\"inLanguage\":\"en-US\"}]}<\/script>\n<!-- \/ Yoast SEO Premium plugin. -->","yoast_head_json":{"title":"Kaufen Sie Oxycodon-Pillen online - Everyday Chem Shop","description":"Kaufen Sie Oxycodon-Pillen online. Wenn Sie nach M\u00f6glichkeiten suchen, Oxycodon-Pillen online zu kaufen, dann sind Sie hier genau richtig, um Oxycodon-Pillen online zu kaufen.","robots":{"index":"index","follow":"follow","max-snippet":"max-snippet:-1","max-image-preview":"max-image-preview:large","max-video-preview":"max-video-preview:-1"},"canonical":"https:\/\/everydaychemshop.com\/de\/product\/kaufen-oxycodon-pillen-online\/","og_locale":"en_US","og_type":"article","og_title":"Oxycodon-Pillen","og_description":"Kaufen Sie Oxycodon-Pillen online. Wenn Sie nach M\u00f6glichkeiten suchen, Oxycodon-Pillen online zu kaufen, dann sind Sie hier genau richtig, um Oxycodon-Pillen online zu kaufen.","og_url":"https:\/\/everydaychemshop.com\/de\/product\/kaufen-oxycodon-pillen-online\/","og_site_name":"Everyday Chem Shop","article_modified_time":"2023-04-06T19:29:32+00:00","og_image":[{"width":590,"height":472,"url":"https:\/\/everydaychemshop.com\/de\/wp-content\/uploads\/sites\/3\/2022\/11\/OXYCODONE-30mg-15-MG-1.png","type":"image\/png"}],"twitter_card":"summary_large_image","twitter_misc":{"Est. reading time":"3 minutes"},"schema":{"@context":"https:\/\/schema.org","@graph":[{"@type":"WebPage","@id":"https:\/\/everydaychemshop.com\/de\/product\/kaufen-oxycodon-pillen-online\/","url":"https:\/\/everydaychemshop.com\/de\/product\/kaufen-oxycodon-pillen-online\/","name":"Kaufen Sie Oxycodon-Pillen online - Everyday Chem Shop","isPartOf":{"@id":"https:\/\/everydaychemshop.com\/de\/#website"},"primaryImageOfPage":{"@id":"https:\/\/everydaychemshop.com\/de\/product\/kaufen-oxycodon-pillen-online\/#primaryimage"},"image":{"@id":"https:\/\/everydaychemshop.com\/de\/product\/kaufen-oxycodon-pillen-online\/#primaryimage"},"thumbnailUrl":"https:\/\/everydaychemshop.com\/de\/wp-content\/uploads\/sites\/3\/2022\/11\/OXYCODONE-30mg-15-MG-1.png","datePublished":"2022-11-16T09:43:15+00:00","dateModified":"2023-04-06T19:29:32+00:00","description":"Kaufen Sie Oxycodon-Pillen online. Wenn Sie nach M\u00f6glichkeiten suchen, Oxycodon-Pillen online zu kaufen, dann sind Sie hier genau richtig, um Oxycodon-Pillen online zu kaufen.","breadcrumb":{"@id":"https:\/\/everydaychemshop.com\/de\/product\/kaufen-oxycodon-pillen-online\/#breadcrumb"},"inLanguage":"en-US","potentialAction":[{"@type":"ReadAction","target":["https:\/\/everydaychemshop.com\/de\/product\/kaufen-oxycodon-pillen-online\/"]}]},{"@type":"ImageObject","inLanguage":"en-US","@id":"https:\/\/everydaychemshop.com\/de\/product\/kaufen-oxycodon-pillen-online\/#primaryimage","url":"https:\/\/everydaychemshop.com\/de\/wp-content\/uploads\/sites\/3\/2022\/11\/OXYCODONE-30mg-15-MG-1.png","contentUrl":"https:\/\/everydaychemshop.com\/de\/wp-content\/uploads\/sites\/3\/2022\/11\/OXYCODONE-30mg-15-MG-1.png","width":590,"height":472,"caption":"Kaufen Sie Oxycodon-Pillen online"},{"@type":"BreadcrumbList","@id":"https:\/\/everydaychemshop.com\/de\/product\/kaufen-oxycodon-pillen-online\/#breadcrumb","itemListElement":[{"@type":"ListItem","position":1,"name":"Home","item":"https:\/\/everydaychemshop.com\/de\/"},{"@type":"ListItem","position":2,"name":"Produkte","item":"https:\/\/everydaychemshop.com\/de\/produkte\/"},{"@type":"ListItem","position":3,"name":"Oxycodon-Pillen"}]},{"@type":"WebSite","@id":"https:\/\/everydaychemshop.com\/de\/#website","url":"https:\/\/everydaychemshop.com\/de\/","name":"Everyday Chem Shop","description":"","potentialAction":[{"@type":"SearchAction","target":{"@type":"EntryPoint","urlTemplate":"https:\/\/everydaychemshop.com\/de\/?s={search_term_string}"},"query-input":{"@type":"PropertyValueSpecification","valueRequired":true,"valueName":"search_term_string"}}],"inLanguage":"en-US"}]}},"_links":{"self":[{"href":"https:\/\/everydaychemshop.com\/de\/wp-json\/wp\/v2\/product\/7653","targetHints":{"allow":["GET"]}}],"collection":[{"href":"https:\/\/everydaychemshop.com\/de\/wp-json\/wp\/v2\/product"}],"about":[{"href":"https:\/\/everydaychemshop.com\/de\/wp-json\/wp\/v2\/types\/product"}],"replies":[{"embeddable":true,"href":"https:\/\/everydaychemshop.com\/de\/wp-json\/wp\/v2\/comments?post=7653"}],"wp:featuredmedia":[{"embeddable":true,"href":"https:\/\/everydaychemshop.com\/de\/wp-json\/wp\/v2\/media\/7676"}],"wp:attachment":[{"href":"https:\/\/everydaychemshop.com\/de\/wp-json\/wp\/v2\/media?parent=7653"}],"wp:term":[{"taxonomy":"product_brand","embeddable":true,"href":"https:\/\/everydaychemshop.com\/de\/wp-json\/wp\/v2\/product_brand?post=7653"},{"taxonomy":"product_cat","embeddable":true,"href":"https:\/\/everydaychemshop.com\/de\/wp-json\/wp\/v2\/product_cat?post=7653"},{"taxonomy":"product_tag","embeddable":true,"href":"https:\/\/everydaychemshop.com\/de\/wp-json\/wp\/v2\/product_tag?post=7653"}],"curies":[{"name":"wp","href":"https:\/\/api.w.org\/{rel}","templated":true}]}}