{"id":7666,"date":"2022-11-16T09:43:44","date_gmt":"2022-11-16T09:43:44","guid":{"rendered":"https:\/\/everydaychemshop.com\/de\/?post_type=product&#038;p=7666"},"modified":"2023-04-06T19:27:45","modified_gmt":"2023-04-06T19:27:45","slug":"kaufen-adderall-pillen-online","status":"publish","type":"product","link":"https:\/\/everydaychemshop.com\/de\/product\/kaufen-adderall-pillen-online\/","title":{"rendered":"Adderall-Pillen"},"content":{"rendered":"<h1>Kaufen Sie Adderall-Pillen online<\/h1>\n<p><a href=\"https:\/\/everydaychemshop.com\/de\/product\/kaufen-adderall-pillen-online\/\">Kaufen Sie Adderall-Pillen online<\/a>.\u00a0 Adderall 30 MG ist eine Art Droge, die durch die Kombination von Dextroamphetamin gebildet wird. Diese beiden Komponenten dienen als prim\u00e4re Stimulanzien <a href=\"https:\/\/de.wikipedia.org\/wiki\/Amphetamin#Handelsnamen\">eines<\/a> Nervensystems. Au\u00dferdem wirken sich diese Stimulanzien auf Gehirnchemikalien und Nerven aus, um Impulse und Hyperaktivit\u00e4t zu kontrollieren. Das Medikament wird im Wesentlichen zur Heilung von Narkolepsie und Hyperaktivit\u00e4tsst\u00f6rung (ADHS) eingesetzt. Es darf in bestimmten L\u00e4ndern konsumiert werden, vor allem in Kanada und den Vereinigten Staaten.<\/p>\n<p>Das gr\u00f6\u00dfte Problem beim\u00a0<em>Kaufen Sie Adderall 30\u00a0mg<\/em>\u00a0online l\u00e4uft auf dieses Wort hinaus, das mit \u201eWEvery daughter or son is\u201c beginnt geboren mit einem anst\u00e4ndigen Ged\u00e4chtnis<\/p>\n<p><em>Kaufen Sie Adderall 30mg<\/em>. Kein Rezept erforderlich. 100% sicherer und diskreter Versand. Eine Lieferung \u00fcber Nacht ist m\u00f6glich. Geld-zur\u00fcck-Garantie.<\/p>\n<p>Sie k\u00f6nnen\u00a0<em>Adderall<\/em>\u00a0Pillen ohne Rezept online kaufen, Adderall auf dem Computer \u00f6ffnen, Kann ich\u00a0<em>Adderall<\/em> online kaufen?<\/p>\n<h4><strong>Vorsichtsma\u00dfnahmen bez\u00fcglich der Dosierung:<\/strong><\/h4>\n<p>Es k\u00f6nnte notwendig sein, Adderall XR<strong><em>\u00a0<\/em><\/strong>bei einer Person einzunehmen, aber man muss einen Arzt konsultieren vor der ersten Dosis, wenn er\/sie an einer Schilddr\u00fcsen\u00fcberfunktion, mittelschwerem bis schwerem Bluthochdruck, Glaukom, irgendeiner Herzerkrankung leidet oder sogar wenn eine Person zuvor drogen- oder alkoholabh\u00e4ngig war. Es wird auch empfohlen, die Dosierung nicht zu missbrauchen, da dies zu schwerwiegenden Nebenwirkungen auf das Herz oder noch schlimmer zum Tod f\u00fchren kann.<\/p>\n<h4><strong>Positives Ergebnis:<\/strong><\/h4>\n<p>Da der Konsum von Drogen jeglicher Art negative oder positive Auswirkungen hat. Adderall 30 MG<strong><em>\u00a0<\/em><\/strong>hat das auch. Es wurde beobachtet, dass die Verwendung f\u00fcr eine k\u00fcrzere Zeitspanne, wie vom Arzt verordnet, sich aufgrund der Vorbeugung von ADHS-Symptomen positiv auf die Gesundheit der Person auswirkt. Dies geschieht aus folgenden Gr\u00fcnden:<\/p>\n<ul>\n<li>Es erh\u00f6ht das Vorhandensein von Neurotransmittern in unserem Gehirn wie Dopamin und Noradrenalin. Diese spezifischen Chemikalien im Gehirn wirken auch so, dass sie das Energieniveau, die Wachsamkeit und die Aufmerksamkeit steigern.<\/li>\n<li>Das Medikament kann die Herzfrequenz erh\u00f6hen und den Blutfluss zu den Muskeln aufrechterhalten.<\/li>\n<li>Konstant Die Verwendung nach \u00e4rztlicher Anweisung kann eine h\u00f6here Energie und Belebung erzeugen, die dem Kokainkonsum \u00e4hnlich sein soll.<\/li>\n<\/ul>\n<h4><strong>Negatives Ergebnis:<\/strong><\/h4>\n<p>Da es zu den empfindlichen Arzneimitteln geh\u00f6rt, kann der Konsum von Adderall 30 MG<strong><em>\u00a0<\/em><\/strong>selbst nach fachkundiger Verschreibung negative Auswirkungen auf die Gesundheit haben.<\/p>\n<ul>\n<li>Reizbarkeit<\/li>\n<li>Ungesunder Gewichtsverlust durch Unterdr\u00fcckung des Appetits<\/li>\n<li>Ruhelosigkeit und Schlafst\u00f6rungen<\/li>\n<li>Schwere Herzprobleme<\/li>\n<\/ul>\n<h4><strong> Im Falle eines Missbrauchs:<\/strong><\/h4>\n<p>\u00c4rzte haben Patienten immer davor gewarnt, Medikamente scharf einzunehmen, und selbst wenn die Einnahme von Adderall 30 MG widerwillig missbraucht wurde, w\u00fcrde dies zu einem gesteigerten Energieniveau und einer intensiven Kr\u00e4ftigung f\u00fchren. Dar\u00fcber hinaus kann der Missbrauch des letzteren Medikaments unangenehme Symptome hervorrufen wie:<\/p>\n<ul>\n<li>Weniger Konzentration auf Dinge<\/li>\n<li>Depression und Lethargie<\/li>\n<li>M\u00fcdigkeit<\/li>\n<\/ul>\n<h4><strong>Zu beachtende Punkte:<\/strong><\/h4>\n<p>Au\u00dferdem gibt es vor der Einnahme von Adderall 30 MG<strong><em>\u00a0<\/em><\/strong>wenige Punkte Punkte zum Nachdenken.<\/p>\n<p>Forscher schlugen Personen vor, es nicht zu konsumieren, wenn sie in den letzten 14 Tagen MAO-Hemmer einschlie\u00dflich Linezoild, Methylenblau-Injektion, Isocarboxazid, Rasagilin und andere verwendet haben, da dies zu intensiven Arzneimittelwechselwirkungen f\u00fchren kann was zweifellos nicht gesund ist.<\/p>\n<p>Au\u00dferdem sollte eine Person mit Allergien gegen Stimulanzien dies vermeiden oder wenn sie\/er bereits mit Folgendem zu tun hat:<\/p>\n<ul>\n<li>Jeder schwere Herz- oder Koronararterie Krankheit<\/li>\n<li>Blutdruck (normal bis hoch)<\/li>\n<li>Intensive Angst und Anspannung<\/li>\n<li>Drogen- oder Alkoholabh\u00e4ngigkeit<\/li>\n<\/ul>\n<h4><strong>Was ist, wenn eine Person von Adderall XR abh\u00e4ngig ist?<\/strong><\/h4>\n<p>Abh\u00e4ngigkeit davon Das Medikament h\u00e4tte zwei Arten von Ergebnissen, n\u00e4mlich psychologische und physische.<\/p>\n<p>A Person w\u00fcrde ihn psychisch abh\u00e4ngig oder s\u00fcchtig danach finden, wenn er es t\u00e4glich nimmt und es Teil seines Lebens wird. Au\u00dferdem k\u00f6nnte ein geringerer Zugang dazu aus irgendeinem Grund st\u00f6rend sein und Stress oder Kopfschmerzen w\u00fcrden h\u00e4ufig bei psychisch s\u00fcchtigen Menschen auftreten.<\/p>\n<p>Dar\u00fcber hinaus nahm erstens f\u00fcr psychisch abh\u00e4ngige Menschen der Konsum oft gef\u00e4hrliche Ausma\u00dfe an und das haben sie auch ihre Einnahme fortzusetzen, auch wenn dies bedeutet, ihr Leben aufs Spiel zu setzen. In einem solchen Fall ist jedoch ein Heilmittel verf\u00fcgbar. Diese Gewohnheit kann durch psychologische Behandlung verbessert werden, um Verhaltensmuster zu \u00e4ndern. Experten zufolge k\u00f6nnte eine Therapie namens kognitive Verhaltenstherapie hilfreich sein.<\/p>\n<p>Zweitens, wenn die Person an die Verf\u00fcgbarkeit von h\u00f6herem Dopamin in ihrem Gehirn und die Einschr\u00e4nkung von Adderall XR gew\u00f6hnt ist<em><strong>\u00a0<\/strong> <\/em>in einem solchen Fall kann der Dopaminspiegel sinken und die Person wird konfrontiert mit:<\/p>\n<p>&nbsp;<\/p>\n<ul>\n<li>Depression oder M\u00fcdigkeit<\/li>\n<li>Unnormalem Schlafen oder Wachbleiben f\u00fcr ungew\u00f6hnliche Stunden<\/li>\n<\/ul>\n<p>Es ist angebracht, hier zu erw\u00e4hnen, dass diese k\u00f6rperliche Abh\u00e4ngigkeit <a href=\"https:\/\/cs.wikipedia.org\/wiki\/Adderall\">erwecken<\/a> den Drang, es mehr zu konsumieren, um zufrieden zu bleiben, was eine Person zu mehreren Effekten und einer \u00dcberdosierung f\u00fchren kann.<\/p>\n<p>Der Konsum nur nach fachkundiger Beratung oder das Ermessen aller m\u00f6glichen Vorsichtsma\u00dfnahmen kann Menschen jedoch vor negativen Folgen bewahren.<\/p>\n<p>&nbsp;<\/p>\n","protected":false},"excerpt":{"rendered":"<p>Adderall 30 MG ist eine Art Droge, die durch die Kombination von und Dextroamphetamin gebildet wird. Diese beiden Komponenten dienen als prim\u00e4re Stimulanzien eines Nervensystems. Au\u00dferdem wirken sich diese Stimulanzien auf Gehirnchemikalien und Nerven aus, um Impulse und Hyperaktivit\u00e4t zu kontrollieren<\/p>\n","protected":false},"featured_media":7692,"comment_status":"open","ping_status":"closed","template":"","meta":{"inline_featured_image":false},"product_brand":[],"product_cat":[116],"product_tag":[153,156,687,154,157,155,703,159],"class_list":{"0":"post-7666","1":"product","2":"type-product","3":"status-publish","4":"has-post-thumbnail","6":"product_cat-schmerzmittel","7":"product_tag-adderall-30-mg-for-sale","8":"product_tag-adderall-30-mg-online-bestellen","9":"product_tag-der-beste-ort","10":"product_tag-kaufen-adderall-30-mg-online","11":"product_tag-purchase-adderall-30-mg-online","12":"product_tag-how-to-buy-adderall-30-mg-online","13":"product_tag-um-adderall-30-mg-online-zu-kaufen","14":"product_tag-wo-zu-kaufen-adderall-30-mg-online","16":"first","17":"instock","18":"shipping-taxable","19":"purchasable","20":"product-type-variable","21":"has-default-attributes"},"yoast_head":"<!-- This site is optimized with the Yoast SEO Premium plugin v19.2 (Yoast SEO v27.3) - https:\/\/yoast.com\/product\/yoast-seo-premium-wordpress\/ -->\n<title>Kaufen Sie Adderall-Pillen online - Everyday Chem Shop<\/title>\n<meta name=\"description\" content=\"Kaufen Sie Adderall-Pillen online. Wenn Sie suchen, wie Sie Adderall-Pillen online kaufen k\u00f6nnen, dann sind Sie hier genau richtig, um Adderall-Pillen online zu kaufen.\" \/>\n<meta name=\"robots\" content=\"index, follow, max-snippet:-1, max-image-preview:large, max-video-preview:-1\" \/>\n<link rel=\"canonical\" href=\"https:\/\/everydaychemshop.com\/de\/product\/kaufen-adderall-pillen-online\/\" \/>\n<meta property=\"og:locale\" content=\"en_US\" \/>\n<meta property=\"og:type\" content=\"article\" \/>\n<meta property=\"og:title\" content=\"Adderall-Pillen\" \/>\n<meta property=\"og:description\" content=\"Kaufen Sie Adderall-Pillen online. Wenn Sie suchen, wie Sie Adderall-Pillen online kaufen k\u00f6nnen, dann sind Sie hier genau richtig, um Adderall-Pillen online zu kaufen.\" \/>\n<meta property=\"og:url\" content=\"https:\/\/everydaychemshop.com\/de\/product\/kaufen-adderall-pillen-online\/\" \/>\n<meta property=\"og:site_name\" content=\"Everyday Chem Shop\" \/>\n<meta property=\"article:modified_time\" content=\"2023-04-06T19:27:45+00:00\" \/>\n<meta property=\"og:image\" content=\"https:\/\/everydaychemshop.com\/de\/wp-content\/uploads\/sites\/3\/2022\/11\/Buy-Adderall-30-MG.jpg\" \/>\n\t<meta property=\"og:image:width\" content=\"1200\" \/>\n\t<meta property=\"og:image:height\" content=\"1200\" \/>\n\t<meta property=\"og:image:type\" content=\"image\/jpeg\" \/>\n<meta name=\"twitter:card\" content=\"summary_large_image\" \/>\n<meta name=\"twitter:label1\" content=\"Est. reading time\" \/>\n\t<meta name=\"twitter:data1\" content=\"4 minutes\" \/>\n<script type=\"application\/ld+json\" class=\"yoast-schema-graph\">{\"@context\":\"https:\\\/\\\/schema.org\",\"@graph\":[{\"@type\":\"WebPage\",\"@id\":\"https:\\\/\\\/everydaychemshop.com\\\/de\\\/product\\\/kaufen-adderall-pillen-online\\\/\",\"url\":\"https:\\\/\\\/everydaychemshop.com\\\/de\\\/product\\\/kaufen-adderall-pillen-online\\\/\",\"name\":\"Kaufen Sie Adderall-Pillen online - Everyday Chem Shop\",\"isPartOf\":{\"@id\":\"https:\\\/\\\/everydaychemshop.com\\\/de\\\/#website\"},\"primaryImageOfPage\":{\"@id\":\"https:\\\/\\\/everydaychemshop.com\\\/de\\\/product\\\/kaufen-adderall-pillen-online\\\/#primaryimage\"},\"image\":{\"@id\":\"https:\\\/\\\/everydaychemshop.com\\\/de\\\/product\\\/kaufen-adderall-pillen-online\\\/#primaryimage\"},\"thumbnailUrl\":\"https:\\\/\\\/everydaychemshop.com\\\/de\\\/wp-content\\\/uploads\\\/sites\\\/3\\\/2022\\\/11\\\/Buy-Adderall-30-MG.jpg\",\"datePublished\":\"2022-11-16T09:43:44+00:00\",\"dateModified\":\"2023-04-06T19:27:45+00:00\",\"description\":\"Kaufen Sie Adderall-Pillen online. Wenn Sie suchen, wie Sie Adderall-Pillen online kaufen k\u00f6nnen, dann sind Sie hier genau richtig, um Adderall-Pillen online zu kaufen.\",\"breadcrumb\":{\"@id\":\"https:\\\/\\\/everydaychemshop.com\\\/de\\\/product\\\/kaufen-adderall-pillen-online\\\/#breadcrumb\"},\"inLanguage\":\"en-US\",\"potentialAction\":[{\"@type\":\"ReadAction\",\"target\":[\"https:\\\/\\\/everydaychemshop.com\\\/de\\\/product\\\/kaufen-adderall-pillen-online\\\/\"]}]},{\"@type\":\"ImageObject\",\"inLanguage\":\"en-US\",\"@id\":\"https:\\\/\\\/everydaychemshop.com\\\/de\\\/product\\\/kaufen-adderall-pillen-online\\\/#primaryimage\",\"url\":\"https:\\\/\\\/everydaychemshop.com\\\/de\\\/wp-content\\\/uploads\\\/sites\\\/3\\\/2022\\\/11\\\/Buy-Adderall-30-MG.jpg\",\"contentUrl\":\"https:\\\/\\\/everydaychemshop.com\\\/de\\\/wp-content\\\/uploads\\\/sites\\\/3\\\/2022\\\/11\\\/Buy-Adderall-30-MG.jpg\",\"width\":1200,\"height\":1200,\"caption\":\"Kaufen Sie Adderall-Pillen online\"},{\"@type\":\"BreadcrumbList\",\"@id\":\"https:\\\/\\\/everydaychemshop.com\\\/de\\\/product\\\/kaufen-adderall-pillen-online\\\/#breadcrumb\",\"itemListElement\":[{\"@type\":\"ListItem\",\"position\":1,\"name\":\"Home\",\"item\":\"https:\\\/\\\/everydaychemshop.com\\\/de\\\/\"},{\"@type\":\"ListItem\",\"position\":2,\"name\":\"Produkte\",\"item\":\"https:\\\/\\\/everydaychemshop.com\\\/de\\\/produkte\\\/\"},{\"@type\":\"ListItem\",\"position\":3,\"name\":\"Adderall-Pillen\"}]},{\"@type\":\"WebSite\",\"@id\":\"https:\\\/\\\/everydaychemshop.com\\\/de\\\/#website\",\"url\":\"https:\\\/\\\/everydaychemshop.com\\\/de\\\/\",\"name\":\"Everyday Chem Shop\",\"description\":\"\",\"potentialAction\":[{\"@type\":\"SearchAction\",\"target\":{\"@type\":\"EntryPoint\",\"urlTemplate\":\"https:\\\/\\\/everydaychemshop.com\\\/de\\\/?s={search_term_string}\"},\"query-input\":{\"@type\":\"PropertyValueSpecification\",\"valueRequired\":true,\"valueName\":\"search_term_string\"}}],\"inLanguage\":\"en-US\"}]}<\/script>\n<!-- \/ Yoast SEO Premium plugin. -->","yoast_head_json":{"title":"Kaufen Sie Adderall-Pillen online - Everyday Chem Shop","description":"Kaufen Sie Adderall-Pillen online. Wenn Sie suchen, wie Sie Adderall-Pillen online kaufen k\u00f6nnen, dann sind Sie hier genau richtig, um Adderall-Pillen online zu kaufen.","robots":{"index":"index","follow":"follow","max-snippet":"max-snippet:-1","max-image-preview":"max-image-preview:large","max-video-preview":"max-video-preview:-1"},"canonical":"https:\/\/everydaychemshop.com\/de\/product\/kaufen-adderall-pillen-online\/","og_locale":"en_US","og_type":"article","og_title":"Adderall-Pillen","og_description":"Kaufen Sie Adderall-Pillen online. Wenn Sie suchen, wie Sie Adderall-Pillen online kaufen k\u00f6nnen, dann sind Sie hier genau richtig, um Adderall-Pillen online zu kaufen.","og_url":"https:\/\/everydaychemshop.com\/de\/product\/kaufen-adderall-pillen-online\/","og_site_name":"Everyday Chem Shop","article_modified_time":"2023-04-06T19:27:45+00:00","og_image":[{"width":1200,"height":1200,"url":"https:\/\/everydaychemshop.com\/de\/wp-content\/uploads\/sites\/3\/2022\/11\/Buy-Adderall-30-MG.jpg","type":"image\/jpeg"}],"twitter_card":"summary_large_image","twitter_misc":{"Est. reading time":"4 minutes"},"schema":{"@context":"https:\/\/schema.org","@graph":[{"@type":"WebPage","@id":"https:\/\/everydaychemshop.com\/de\/product\/kaufen-adderall-pillen-online\/","url":"https:\/\/everydaychemshop.com\/de\/product\/kaufen-adderall-pillen-online\/","name":"Kaufen Sie Adderall-Pillen online - Everyday Chem Shop","isPartOf":{"@id":"https:\/\/everydaychemshop.com\/de\/#website"},"primaryImageOfPage":{"@id":"https:\/\/everydaychemshop.com\/de\/product\/kaufen-adderall-pillen-online\/#primaryimage"},"image":{"@id":"https:\/\/everydaychemshop.com\/de\/product\/kaufen-adderall-pillen-online\/#primaryimage"},"thumbnailUrl":"https:\/\/everydaychemshop.com\/de\/wp-content\/uploads\/sites\/3\/2022\/11\/Buy-Adderall-30-MG.jpg","datePublished":"2022-11-16T09:43:44+00:00","dateModified":"2023-04-06T19:27:45+00:00","description":"Kaufen Sie Adderall-Pillen online. Wenn Sie suchen, wie Sie Adderall-Pillen online kaufen k\u00f6nnen, dann sind Sie hier genau richtig, um Adderall-Pillen online zu kaufen.","breadcrumb":{"@id":"https:\/\/everydaychemshop.com\/de\/product\/kaufen-adderall-pillen-online\/#breadcrumb"},"inLanguage":"en-US","potentialAction":[{"@type":"ReadAction","target":["https:\/\/everydaychemshop.com\/de\/product\/kaufen-adderall-pillen-online\/"]}]},{"@type":"ImageObject","inLanguage":"en-US","@id":"https:\/\/everydaychemshop.com\/de\/product\/kaufen-adderall-pillen-online\/#primaryimage","url":"https:\/\/everydaychemshop.com\/de\/wp-content\/uploads\/sites\/3\/2022\/11\/Buy-Adderall-30-MG.jpg","contentUrl":"https:\/\/everydaychemshop.com\/de\/wp-content\/uploads\/sites\/3\/2022\/11\/Buy-Adderall-30-MG.jpg","width":1200,"height":1200,"caption":"Kaufen Sie Adderall-Pillen online"},{"@type":"BreadcrumbList","@id":"https:\/\/everydaychemshop.com\/de\/product\/kaufen-adderall-pillen-online\/#breadcrumb","itemListElement":[{"@type":"ListItem","position":1,"name":"Home","item":"https:\/\/everydaychemshop.com\/de\/"},{"@type":"ListItem","position":2,"name":"Produkte","item":"https:\/\/everydaychemshop.com\/de\/produkte\/"},{"@type":"ListItem","position":3,"name":"Adderall-Pillen"}]},{"@type":"WebSite","@id":"https:\/\/everydaychemshop.com\/de\/#website","url":"https:\/\/everydaychemshop.com\/de\/","name":"Everyday Chem Shop","description":"","potentialAction":[{"@type":"SearchAction","target":{"@type":"EntryPoint","urlTemplate":"https:\/\/everydaychemshop.com\/de\/?s={search_term_string}"},"query-input":{"@type":"PropertyValueSpecification","valueRequired":true,"valueName":"search_term_string"}}],"inLanguage":"en-US"}]}},"_links":{"self":[{"href":"https:\/\/everydaychemshop.com\/de\/wp-json\/wp\/v2\/product\/7666","targetHints":{"allow":["GET"]}}],"collection":[{"href":"https:\/\/everydaychemshop.com\/de\/wp-json\/wp\/v2\/product"}],"about":[{"href":"https:\/\/everydaychemshop.com\/de\/wp-json\/wp\/v2\/types\/product"}],"replies":[{"embeddable":true,"href":"https:\/\/everydaychemshop.com\/de\/wp-json\/wp\/v2\/comments?post=7666"}],"wp:featuredmedia":[{"embeddable":true,"href":"https:\/\/everydaychemshop.com\/de\/wp-json\/wp\/v2\/media\/7692"}],"wp:attachment":[{"href":"https:\/\/everydaychemshop.com\/de\/wp-json\/wp\/v2\/media?parent=7666"}],"wp:term":[{"taxonomy":"product_brand","embeddable":true,"href":"https:\/\/everydaychemshop.com\/de\/wp-json\/wp\/v2\/product_brand?post=7666"},{"taxonomy":"product_cat","embeddable":true,"href":"https:\/\/everydaychemshop.com\/de\/wp-json\/wp\/v2\/product_cat?post=7666"},{"taxonomy":"product_tag","embeddable":true,"href":"https:\/\/everydaychemshop.com\/de\/wp-json\/wp\/v2\/product_tag?post=7666"}],"curies":[{"name":"wp","href":"https:\/\/api.w.org\/{rel}","templated":true}]}}