{"id":7672,"date":"2022-11-16T09:43:46","date_gmt":"2022-11-16T09:43:46","guid":{"rendered":"https:\/\/everydaychemshop.com\/de\/?post_type=product&#038;p=7672"},"modified":"2023-04-06T19:26:28","modified_gmt":"2023-04-06T19:26:28","slug":"methadon-pillen-online-kaufen","status":"publish","type":"product","link":"https:\/\/everydaychemshop.com\/de\/product\/methadon-pillen-online-kaufen\/","title":{"rendered":"Kaufen Sie Methadon-Pillen online"},"content":{"rendered":"<h1>Kaufen Sie Methadon-Pillen online<\/h1>\n<p><a href=\"https:\/\/everydaychemshop.com\/de\/product\/methadon-pillen-online-kaufen\/\">Kaufen Sie Methadon-Pillen online<\/a>, Methadon ist ein lang wirkendes Opioid-Medikament, das verwendet wird, um die k\u00fcrzer wirkenden Opioide zu ersetzen, von denen jemand abh\u00e4ngig sein kann, wie Heroin, Oxycodon, Fentanyl oder Hydromorphon. Langwirkend bedeutet, dass das Medikament im K\u00f6rper langsamer und \u00fcber einen l\u00e4ngeren Zeitraum <a href=\"https:\/\/de.wikipedia.org\/wiki\/Methadon\">wirkt<\/a>. Die Wirkung von Methadon h\u00e4lt 24 bis 36 Stunden an. Im Gegensatz dazu muss eine Person, die kurz wirkende Opioide verwendet, um einen Entzug zu vermeiden, drei- bis viermal t\u00e4glich einnehmen. Kaufen Sie Methadon-Pillen im Internet<\/p>\n<p>Wenn Methadon in der richtigen Dosis eingenommen wird, verhindert es Entzugserscheinungen und reduziert das Verlangen nach der Droge, ohne dass sich die Person high (euphorisch) oder schl\u00e4frig f\u00fchlt. Dies verringert die mit Opioidmissbrauch verbundenen Sch\u00e4den und gibt Menschen, die von Opioiden abh\u00e4ngig sind, eine Chance, ihr Leben zu stabilisieren. Diese Behandlung ist als Methadon-Erhaltungstherapie bekannt, bei der es sich um eine Art Opioid-Agonisten-Therapie handelt. Die Methadontherapie bei Opioidabh\u00e4ngigkeit wirkt \u00e4hnlich wie Buprenorphin, eine andere Opioidagonistentherapie. Kaufen Sie Methadontabletten online<\/p>\n<p>Leiden Sie unter Schmerzen? Jetzt k\u00f6nnen Sie Ihre Schmerzmittel bequem von zu Hause oder vom B\u00fcro aus erhalten. Wir verkaufen erstklassige medizinische Schmerztabletten zur Schmerzlinderung und f\u00fcr viele andere Erkrankungen wie z. Xanax, Oxycontin, Oxycodon, Dilaudid, Demerol, Methadon (Dolophine, Methadose), Roxycodon, Diazepam, Ritalin, Percocet, Concerta, Tramadol, Adderall, Hydrocodon, Morphin. Wir haben eine 100-prozentige Erfolgsbilanz erfolgreicher Lieferungen.<\/p>\n<p>Wir haben Medikamente zur Behandlung von chronischen R\u00fcckenschmerzen, Husten, Angstzust\u00e4nden, Panikst\u00f6rungen, Depressionen, erektiler Dysfunktion, sexueller Dysfunktion, Narkolepsie, Fettleibigkeit, Depressionen und M\u00fcdigkeit , Nahrungserg\u00e4nzungsmittel zur Gewichtsabnahme und mehr online (kein Rezept erforderlich) Kaufen Sie Methadonpillen online<\/p>\n<p>&#8211; Kein Rezept erforderlich<br \/>\n&#8211; Expresslieferung \u00fcber Nacht oder am n\u00e4chsten Tag<br \/>\n&#8211; Die Verpackung ist sehr diskret versiegelt und verpackt mit Aluminiumfolie, sicher und gesch\u00fctzt<br \/>\n&#8211; Keine Unterschrift erforderlich, wenn das Paket ankommt<br \/>\n&#8211; 100% Kundenservice und Support.<br \/>\n&#8211; Geld-zur\u00fcck-Garantie<br \/>\n&#8211; Wir bieten Haus-zu-Haus-Lieferung Service<br \/>\n&#8211; Exzellente und unschlagbare Preise.<\/p>\n<p>Wir verpacken Pakete sorgf\u00e4ltig mit Wolfram- und Kohlepapier, um Zollr\u00f6ntgenmaschinen an Flugh\u00e4fen zu umgehen. Die Pakete sind von au\u00dfen sch\u00f6n mit Geschenkpapier umwickelt.<\/p>\n<h4>Dolophine (Methadon)<\/h4>\n<p>Dolophine Methadon 10MG,\u00a0dieses\u00a0Medikament\u00a0wird verwendet, um starke anhaltende Schmerzen (z. B. aufgrund von Krebs) zu behandeln. Methadon geh\u00f6rt zu einer Klasse von Arzneimitteln, die als Opioid- (narkotische) Analgetika bekannt sind. Es wirkt im Gehirn, um zu ver\u00e4ndern, wie sich Ihr K\u00f6rper anf\u00fchlt und auf Schmerzen reagiert.<\/p>\n<p>Dolophine Methadone 10MG, Verwenden Sie dieses Medikament nicht, um Schmerzen zu lindern, die leicht sind oder die in ein paar Tagen verschwinden (wie z Schmerzen durch OP). Dieses Medikament ist nicht f\u00fcr den gelegentlichen Gebrauch (\u201enach Bedarf\u201c) bestimmt.<\/p>\n<p>Dolophine Methadone 10MG, dieses Medikament wird auch zur Behandlung der Abh\u00e4ngigkeit von Opioiden (wie Heriod) als Teil eines zugelassenen Behandlungsprogramms verwendet. Es hilft, Entzugserscheinungen zu vermeiden, die durch das Absetzen anderer Opioide verursacht werden.<\/p>\n<h4>Wie ist Dolophine (Methadone) 10MG anzuwenden?<\/h4>\n<p>Siehe auch den Abschnitt Warnhinweise.<\/p>\n<p>Lesen Sie das\u00a0Dolophine Methadone 10MG Anleitung und Packungsbeilage f\u00fcr Patienten, falls verf\u00fcgbar, von Ihrem Apotheker, bevor Sie mit der Anwendung von Methadon beginnen und jedes Mal, wenn Sie eine Nachf\u00fcllung erhalten. Wenn Sie Fragen haben, wenden Sie sich an Ihren Arzt oder Apotheker.<\/p>\n<p>Dolophine Methadone 10MG, Nehmen Sie dieses Medikament regelm\u00e4\u00dfig ein, wie von Ihrem Arzt verordnet und nicht nach Bedarf bei pl\u00f6tzlichen (Durchbruch-)Schmerzen. Sie k\u00f6nnen dieses Medikament mit oder ohne Nahrung einnehmen. Wenn Sie unter \u00dcbelkeit leiden, kann es hilfreich sein, dieses Medikament zusammen mit Nahrung einzunehmen. Fragen Sie Ihren Arzt oder Apotheker nach anderen M\u00f6glichkeiten, um \u00dcbelkeit zu verringern (z. B. sich 1 bis 2 Stunden lang mit so wenig Kopfbewegung wie m\u00f6glich hinzulegen).<\/p>\n<p>Wenn Sie die fl\u00fcssige Form dieses Medikaments verwenden, messen Sie die vorsichtig dosieren mit einem speziellen Messger\u00e4t\/L\u00f6ffel. Verwenden Sie keinen Haushaltsl\u00f6ffel, da Sie m\u00f6glicherweise nicht die richtige Dosis erhalten.<\/p>\n<p>Die Dosierung richtet sich nach Ihrem Gesundheitszustand und dem Ansprechen auf die Behandlung.<\/p>\n<p>Dolophine Methadone 10MG,\u00a0dieses\u00a0Medikament\u00a0wird verwendet zur Behandlung starker anhaltender Schmerzen (z. B. aufgrund von Krebs). Methadon geh\u00f6rt zu einer Klasse von Arzneimitteln, die als Opioid- (narkotische) Analgetika bekannt sind. Es wirkt im Gehirn, um zu ver\u00e4ndern, wie sich Ihr K\u00f6rper anf\u00fchlt und auf Schmerzen reagiert. Dieses Medikament kann Entzugsreaktionen hervorrufen, insbesondere wenn es regelm\u00e4\u00dfig \u00fcber einen langen Zeitraum oder in hohen Dosen angewendet wurde. In solchen F\u00e4llen k\u00f6nnen Entzugserscheinungen (wie Unruhe, tr\u00e4nende Augen, laufende Ger\u00e4usche, \u00dcbelkeit, Schwitzen, Muskelschmerzen) auftreten, wenn Sie die Anwendung dieses Arzneimittels pl\u00f6tzlich abbrechen. Um Absetzreaktionen vorzubeugen, kann Ihr Arzt Ihre Dosis schrittweise reduzieren. Wenden Sie sich f\u00fcr weitere Einzelheiten an Ihren Arzt oder Apotheker und melden Sie alle Entzugsreaktionen sofort.<\/p>\n<p>Obwohl es vielen Menschen hilft, kann dieses Medikament manchmal zu einer zus\u00e4tzlichen Wirkung f\u00fchren. Dieses Risiko kann h\u00f6her sein, wenn Sie an einer Substanzgebrauchsst\u00f6rung leiden (z. B. \u00fcberm\u00e4\u00dfiger Konsum oder Abh\u00e4ngigkeit von Drogen\/Alkohol). Nehmen Sie dieses Medikament genau wie vorgeschrieben ein, um das Suchtrisiko zu senken. Das Absetzen der Methadon-Erhaltungsbehandlung birgt ein hohes Risiko, dass der Missbrauch von Dolophine Methadon 10 mg wieder auftritt. Fragen Sie Ihren Arzt oder Apotheker nach weiteren Einzelheiten.<\/p>\n<p>Informieren Sie Ihren Arzt, wenn Ihr Zustand anh\u00e4lt oder sich verschlechtert. Dolophine (Methadon) 10MG.<\/p>\n<p>Methadon-Pillen zum Verkauf, Methadon zum Verkauf, Methadon zum Verkauf online, Methadon-Tabletten zum Verkauf, Methadon zum Verkauf ohne Rezept, Methadon-Stra\u00dfenwert, Methadon-Pillen im Internet kaufen.<\/p>\n<p>&nbsp;<\/p>\n","protected":false},"excerpt":{"rendered":"<p>METHADON ist ein Schmerzmittel. Es wird verwendet, um starke Schmerzen zu behandeln. Das Arzneimittel wird auch zur Vorbeugung von Entzugserscheinungen bei Menschen angewendet, die von anderen Drogen abh\u00e4ngig sind<\/p>\n","protected":false},"featured_media":7693,"comment_status":"open","ping_status":"closed","template":"","meta":{"inline_featured_image":false},"product_brand":[],"product_cat":[116],"product_tag":[160,161,166,162,163,164,165,167],"class_list":{"0":"post-7672","1":"product","2":"type-product","3":"status-publish","4":"has-post-thumbnail","6":"product_cat-schmerzmittel","7":"product_tag-how-to-get-methadone","8":"product_tag-methadon-10mg-pillen","9":"product_tag-methadon-street-value","10":"product_tag-methadon-zum-verkauf","11":"product_tag-methadon-zum-verkauf-ohne-rezept","12":"product_tag-methadon-zum-online-verkauf","13":"product_tag-methadon-pillen-zum-verkauf","14":"product_tag-methadon-tabletten-zum-verkauf","16":"first","17":"instock","18":"shipping-taxable","19":"purchasable","20":"product-type-variable","21":"has-default-attributes"},"yoast_head":"<!-- This site is optimized with the Yoast SEO Premium plugin v19.2 (Yoast SEO v27.3) - https:\/\/yoast.com\/product\/yoast-seo-premium-wordpress\/ -->\n<title>Kaufen Sie Methadon-Pillen online - Everyday Chem Shop<\/title>\n<meta name=\"description\" content=\"Kaufen Sie Methadon-Pillen online. Wenn Sie suchen, wie Sie Methadon-Pillen online kaufen k\u00f6nnen, dann sind Sie hier genau richtig, um Methadon-Pillen online zu kaufen.\" \/>\n<meta name=\"robots\" content=\"index, follow, max-snippet:-1, max-image-preview:large, max-video-preview:-1\" \/>\n<link rel=\"canonical\" href=\"https:\/\/everydaychemshop.com\/de\/product\/methadon-pillen-online-kaufen\/\" \/>\n<meta property=\"og:locale\" content=\"en_US\" \/>\n<meta property=\"og:type\" content=\"article\" \/>\n<meta property=\"og:title\" content=\"Kaufen Sie Methadon-Pillen online\" \/>\n<meta property=\"og:description\" content=\"Kaufen Sie Methadon-Pillen online. Wenn Sie suchen, wie Sie Methadon-Pillen online kaufen k\u00f6nnen, dann sind Sie hier genau richtig, um Methadon-Pillen online zu kaufen.\" \/>\n<meta property=\"og:url\" content=\"https:\/\/everydaychemshop.com\/de\/product\/methadon-pillen-online-kaufen\/\" \/>\n<meta property=\"og:site_name\" content=\"Everyday Chem Shop\" \/>\n<meta property=\"article:modified_time\" content=\"2023-04-06T19:26:28+00:00\" \/>\n<meta property=\"og:image\" content=\"https:\/\/everydaychemshop.com\/de\/wp-content\/uploads\/sites\/3\/2022\/11\/Dolophine-Methadone-10-MG.jpg\" \/>\n\t<meta property=\"og:image:width\" content=\"1200\" \/>\n\t<meta property=\"og:image:height\" content=\"1200\" \/>\n\t<meta property=\"og:image:type\" content=\"image\/jpeg\" \/>\n<meta name=\"twitter:card\" content=\"summary_large_image\" \/>\n<meta name=\"twitter:label1\" content=\"Est. reading time\" \/>\n\t<meta name=\"twitter:data1\" content=\"4 minutes\" \/>\n<script type=\"application\/ld+json\" class=\"yoast-schema-graph\">{\"@context\":\"https:\\\/\\\/schema.org\",\"@graph\":[{\"@type\":\"WebPage\",\"@id\":\"https:\\\/\\\/everydaychemshop.com\\\/de\\\/product\\\/methadon-pillen-online-kaufen\\\/\",\"url\":\"https:\\\/\\\/everydaychemshop.com\\\/de\\\/product\\\/methadon-pillen-online-kaufen\\\/\",\"name\":\"Kaufen Sie Methadon-Pillen online - Everyday Chem Shop\",\"isPartOf\":{\"@id\":\"https:\\\/\\\/everydaychemshop.com\\\/de\\\/#website\"},\"primaryImageOfPage\":{\"@id\":\"https:\\\/\\\/everydaychemshop.com\\\/de\\\/product\\\/methadon-pillen-online-kaufen\\\/#primaryimage\"},\"image\":{\"@id\":\"https:\\\/\\\/everydaychemshop.com\\\/de\\\/product\\\/methadon-pillen-online-kaufen\\\/#primaryimage\"},\"thumbnailUrl\":\"https:\\\/\\\/everydaychemshop.com\\\/de\\\/wp-content\\\/uploads\\\/sites\\\/3\\\/2022\\\/11\\\/Dolophine-Methadone-10-MG.jpg\",\"datePublished\":\"2022-11-16T09:43:46+00:00\",\"dateModified\":\"2023-04-06T19:26:28+00:00\",\"description\":\"Kaufen Sie Methadon-Pillen online. Wenn Sie suchen, wie Sie Methadon-Pillen online kaufen k\u00f6nnen, dann sind Sie hier genau richtig, um Methadon-Pillen online zu kaufen.\",\"breadcrumb\":{\"@id\":\"https:\\\/\\\/everydaychemshop.com\\\/de\\\/product\\\/methadon-pillen-online-kaufen\\\/#breadcrumb\"},\"inLanguage\":\"en-US\",\"potentialAction\":[{\"@type\":\"ReadAction\",\"target\":[\"https:\\\/\\\/everydaychemshop.com\\\/de\\\/product\\\/methadon-pillen-online-kaufen\\\/\"]}]},{\"@type\":\"ImageObject\",\"inLanguage\":\"en-US\",\"@id\":\"https:\\\/\\\/everydaychemshop.com\\\/de\\\/product\\\/methadon-pillen-online-kaufen\\\/#primaryimage\",\"url\":\"https:\\\/\\\/everydaychemshop.com\\\/de\\\/wp-content\\\/uploads\\\/sites\\\/3\\\/2022\\\/11\\\/Dolophine-Methadone-10-MG.jpg\",\"contentUrl\":\"https:\\\/\\\/everydaychemshop.com\\\/de\\\/wp-content\\\/uploads\\\/sites\\\/3\\\/2022\\\/11\\\/Dolophine-Methadone-10-MG.jpg\",\"width\":1200,\"height\":1200,\"caption\":\"Kaufen Sie Methadon-Pillen online\"},{\"@type\":\"BreadcrumbList\",\"@id\":\"https:\\\/\\\/everydaychemshop.com\\\/de\\\/product\\\/methadon-pillen-online-kaufen\\\/#breadcrumb\",\"itemListElement\":[{\"@type\":\"ListItem\",\"position\":1,\"name\":\"Home\",\"item\":\"https:\\\/\\\/everydaychemshop.com\\\/de\\\/\"},{\"@type\":\"ListItem\",\"position\":2,\"name\":\"Produkte\",\"item\":\"https:\\\/\\\/everydaychemshop.com\\\/de\\\/produkte\\\/\"},{\"@type\":\"ListItem\",\"position\":3,\"name\":\"Kaufen Sie Methadon-Pillen online\"}]},{\"@type\":\"WebSite\",\"@id\":\"https:\\\/\\\/everydaychemshop.com\\\/de\\\/#website\",\"url\":\"https:\\\/\\\/everydaychemshop.com\\\/de\\\/\",\"name\":\"Everyday Chem Shop\",\"description\":\"\",\"potentialAction\":[{\"@type\":\"SearchAction\",\"target\":{\"@type\":\"EntryPoint\",\"urlTemplate\":\"https:\\\/\\\/everydaychemshop.com\\\/de\\\/?s={search_term_string}\"},\"query-input\":{\"@type\":\"PropertyValueSpecification\",\"valueRequired\":true,\"valueName\":\"search_term_string\"}}],\"inLanguage\":\"en-US\"}]}<\/script>\n<!-- \/ Yoast SEO Premium plugin. -->","yoast_head_json":{"title":"Kaufen Sie Methadon-Pillen online - Everyday Chem Shop","description":"Kaufen Sie Methadon-Pillen online. Wenn Sie suchen, wie Sie Methadon-Pillen online kaufen k\u00f6nnen, dann sind Sie hier genau richtig, um Methadon-Pillen online zu kaufen.","robots":{"index":"index","follow":"follow","max-snippet":"max-snippet:-1","max-image-preview":"max-image-preview:large","max-video-preview":"max-video-preview:-1"},"canonical":"https:\/\/everydaychemshop.com\/de\/product\/methadon-pillen-online-kaufen\/","og_locale":"en_US","og_type":"article","og_title":"Kaufen Sie Methadon-Pillen online","og_description":"Kaufen Sie Methadon-Pillen online. Wenn Sie suchen, wie Sie Methadon-Pillen online kaufen k\u00f6nnen, dann sind Sie hier genau richtig, um Methadon-Pillen online zu kaufen.","og_url":"https:\/\/everydaychemshop.com\/de\/product\/methadon-pillen-online-kaufen\/","og_site_name":"Everyday Chem Shop","article_modified_time":"2023-04-06T19:26:28+00:00","og_image":[{"width":1200,"height":1200,"url":"https:\/\/everydaychemshop.com\/de\/wp-content\/uploads\/sites\/3\/2022\/11\/Dolophine-Methadone-10-MG.jpg","type":"image\/jpeg"}],"twitter_card":"summary_large_image","twitter_misc":{"Est. reading time":"4 minutes"},"schema":{"@context":"https:\/\/schema.org","@graph":[{"@type":"WebPage","@id":"https:\/\/everydaychemshop.com\/de\/product\/methadon-pillen-online-kaufen\/","url":"https:\/\/everydaychemshop.com\/de\/product\/methadon-pillen-online-kaufen\/","name":"Kaufen Sie Methadon-Pillen online - Everyday Chem Shop","isPartOf":{"@id":"https:\/\/everydaychemshop.com\/de\/#website"},"primaryImageOfPage":{"@id":"https:\/\/everydaychemshop.com\/de\/product\/methadon-pillen-online-kaufen\/#primaryimage"},"image":{"@id":"https:\/\/everydaychemshop.com\/de\/product\/methadon-pillen-online-kaufen\/#primaryimage"},"thumbnailUrl":"https:\/\/everydaychemshop.com\/de\/wp-content\/uploads\/sites\/3\/2022\/11\/Dolophine-Methadone-10-MG.jpg","datePublished":"2022-11-16T09:43:46+00:00","dateModified":"2023-04-06T19:26:28+00:00","description":"Kaufen Sie Methadon-Pillen online. Wenn Sie suchen, wie Sie Methadon-Pillen online kaufen k\u00f6nnen, dann sind Sie hier genau richtig, um Methadon-Pillen online zu kaufen.","breadcrumb":{"@id":"https:\/\/everydaychemshop.com\/de\/product\/methadon-pillen-online-kaufen\/#breadcrumb"},"inLanguage":"en-US","potentialAction":[{"@type":"ReadAction","target":["https:\/\/everydaychemshop.com\/de\/product\/methadon-pillen-online-kaufen\/"]}]},{"@type":"ImageObject","inLanguage":"en-US","@id":"https:\/\/everydaychemshop.com\/de\/product\/methadon-pillen-online-kaufen\/#primaryimage","url":"https:\/\/everydaychemshop.com\/de\/wp-content\/uploads\/sites\/3\/2022\/11\/Dolophine-Methadone-10-MG.jpg","contentUrl":"https:\/\/everydaychemshop.com\/de\/wp-content\/uploads\/sites\/3\/2022\/11\/Dolophine-Methadone-10-MG.jpg","width":1200,"height":1200,"caption":"Kaufen Sie Methadon-Pillen online"},{"@type":"BreadcrumbList","@id":"https:\/\/everydaychemshop.com\/de\/product\/methadon-pillen-online-kaufen\/#breadcrumb","itemListElement":[{"@type":"ListItem","position":1,"name":"Home","item":"https:\/\/everydaychemshop.com\/de\/"},{"@type":"ListItem","position":2,"name":"Produkte","item":"https:\/\/everydaychemshop.com\/de\/produkte\/"},{"@type":"ListItem","position":3,"name":"Kaufen Sie Methadon-Pillen online"}]},{"@type":"WebSite","@id":"https:\/\/everydaychemshop.com\/de\/#website","url":"https:\/\/everydaychemshop.com\/de\/","name":"Everyday Chem Shop","description":"","potentialAction":[{"@type":"SearchAction","target":{"@type":"EntryPoint","urlTemplate":"https:\/\/everydaychemshop.com\/de\/?s={search_term_string}"},"query-input":{"@type":"PropertyValueSpecification","valueRequired":true,"valueName":"search_term_string"}}],"inLanguage":"en-US"}]}},"_links":{"self":[{"href":"https:\/\/everydaychemshop.com\/de\/wp-json\/wp\/v2\/product\/7672","targetHints":{"allow":["GET"]}}],"collection":[{"href":"https:\/\/everydaychemshop.com\/de\/wp-json\/wp\/v2\/product"}],"about":[{"href":"https:\/\/everydaychemshop.com\/de\/wp-json\/wp\/v2\/types\/product"}],"replies":[{"embeddable":true,"href":"https:\/\/everydaychemshop.com\/de\/wp-json\/wp\/v2\/comments?post=7672"}],"wp:featuredmedia":[{"embeddable":true,"href":"https:\/\/everydaychemshop.com\/de\/wp-json\/wp\/v2\/media\/7693"}],"wp:attachment":[{"href":"https:\/\/everydaychemshop.com\/de\/wp-json\/wp\/v2\/media?parent=7672"}],"wp:term":[{"taxonomy":"product_brand","embeddable":true,"href":"https:\/\/everydaychemshop.com\/de\/wp-json\/wp\/v2\/product_brand?post=7672"},{"taxonomy":"product_cat","embeddable":true,"href":"https:\/\/everydaychemshop.com\/de\/wp-json\/wp\/v2\/product_cat?post=7672"},{"taxonomy":"product_tag","embeddable":true,"href":"https:\/\/everydaychemshop.com\/de\/wp-json\/wp\/v2\/product_tag?post=7672"}],"curies":[{"name":"wp","href":"https:\/\/api.w.org\/{rel}","templated":true}]}}