{"id":7680,"date":"2022-11-16T09:44:11","date_gmt":"2022-11-16T09:44:11","guid":{"rendered":"https:\/\/everydaychemshop.com\/de\/?post_type=product&#038;p=7680"},"modified":"2023-04-06T19:25:05","modified_gmt":"2023-04-06T19:25:05","slug":"kaufen-percocet-pillen-online","status":"publish","type":"product","link":"https:\/\/everydaychemshop.com\/de\/product\/kaufen-percocet-pillen-online\/","title":{"rendered":"Percocet-Pillen"},"content":{"rendered":"<h1>Kaufen Sie Percocet-Pillen online<\/h1>\n<p><span class=\"MUxGbd wuQ4Ob WZ8Tjf\"><a href=\"https:\/\/everydaychemshop.com\/de\/product\/kaufen-percocet-pillen-online\/\">Kaufen Sie Percocet-Pillen online<\/a>. <\/span><em>Kaufen Sie Percocet<\/em>\u00a0Online mit Bitcoins | Kein Empfang. <em>Percocet kaufen<\/em>\u00a0ohne Rezept online. <em>percocet 10\u00a0325<\/em> zu verkaufen. <em>Kauf<\/em><\/p>\n<p>Hochwertiges Generikum und Original\u00a0<em>Percocet<\/em>. G\u00fcnstige Pillen online ohne Rezept JETZT. Vertrauensw\u00fcrdig RX genehmigt. 100 % sicher und anonym. <em>Kauf<\/em><\/p>\n<p>PERCOCET 10\/325 wird in die Klasse von Arzneimitteln eingeordnet, <a href=\"https:\/\/de.wikipedia.org\/wiki\/Oxycodon\">die<\/a> durch die Kombination von zwei oder mehr Salzen hergestellt werden, um ihre Wirkung zu verbessern.<\/p>\n<p>Kauf Percocet, Kaufen Sie Percocet USA, Kaufen Sie Percocet im Gro\u00dfhandel, Kaufen Sie Percocet Kanada<\/p>\n<p>Dieses Kombinationsmedikament wird verwendet, um m\u00e4\u00dfige bis starke Schmerzen zu lindern. Es enth\u00e4lt ein Opioid- (narkotisches) Schmerzmittel (Oxycodon) und ein Nicht-Opioid-Schmerzmittel (Acetaminophen). Oxycodon wirkt im Gehirn, um zu ver\u00e4ndern, wie sich Ihr K\u00f6rper anf\u00fchlt und auf Schmerzen reagiert. Acetaminophen kann auch Fieber senken.<\/p>\n<p><strong>Wissen Sie, wo Sie Percocet-Pillen ohne Rezept kaufen k\u00f6nnen?<\/strong><\/p>\n<p>Percocet-Pillen zum Verkauf, Percocet-Pillen zum Stra\u00dfenpreis, Percocet Pillendosierung, wie man Percocet-Pillen herstellt, wo kann ich Percocet-Pillen online bekommen, wo man Percocet-Pillen bekommt, was Percocet-Pillen sind, Percocet-Pillen in Premium-Qualit\u00e4t zum Verkauf. All diese unbeantworteten Fragen k\u00f6nnen durch uns beantwortet werden. Sie m\u00fcssen nur unsere Website durchgehen und Sie erhalten Antworten darauf, wie und wo Sie Percocet-Pillen ohne Rezept online kaufen k\u00f6nnen.<\/p>\n<p>Was ist mit Percocet-Pillen? Wissen Sie auch, wo Sie Percocet-Pillen ohne Rezept online kaufen k\u00f6nnen? Kaufen Sie Percocet-Pillen zum Verkauf, wie man Percocet-Pillen herstellt, wie sehen Percocet-Pillen aus, Percocet-Pillen-Stra\u00dfenpreis, Percocet-Pillen-Preis, wo kann man Percocet-Pillen kaufen, reine Percocet-Pillen, wo kann ich Percocet-Pillen ohne Rezept online kaufen, rein kaufen Percocet-Pillen online ohne Rezept.<\/p>\n<p>Percocet-Pillen von guter Qualit\u00e4t online: Es versteht sich von selbst, dass Menschen der Qualit\u00e4t von online verkauften Percocet-Pillen nicht schnell vertrauen, weil sie sie nicht physisch untersuchen k\u00f6nnen. Aber es ist nicht dasselbe mit den Online-Anbietern von Percocet-Pillen. Die Produkte hier sind ihrer Beschreibung treu, mit hochwertiger Wartung, die unter der Aufsicht von Experten durchgef\u00fchrt wird.<\/p>\n<p>Schnell &amp; Diskreter Versand: Die Lieferung der Percocet-Pillen online nach Eingang der Bestellung erfolgt innerhalb des zugesagten Zeitrahmens. Das Versandteam setzt alles daran, den Versand- und Liefervorgang reibungslos und schnell zu gestalten. Auch beim Online-Kauf von Percocet-Pillen vom Profi auf der Online-Plattform k\u00f6nnen Sie exzellenten Service erwarten.<\/p>\n","protected":false},"excerpt":{"rendered":"<p>Dieses Medikament wird zur Behandlung von m\u00e4\u00dfigen bis starken Schmerzen verwendet.<\/p>\n","protected":false},"featured_media":7694,"comment_status":"open","ping_status":"closed","template":"","meta":{"inline_featured_image":false},"product_brand":[],"product_cat":[116],"product_tag":[170,168,687,172,171,702,174,169],"class_list":{"0":"post-7680","1":"product","2":"type-product","3":"status-publish","4":"has-post-thumbnail","6":"product_cat-schmerzmittel","7":"product_tag-percocet-10-325-online-bestellen","8":"product_tag-buy-percocet-10-325-online","9":"product_tag-der-beste-ort","10":"product_tag-kaufen-percocet-10-325-online","11":"product_tag-percocet-10-325-zu-verkaufen","12":"product_tag-um-percocet-10-325-online-zu-kaufen","13":"product_tag-where-to-buy-percocet-10-325-online","14":"product_tag-how-to-buy-percocet-10-325-online","16":"first","17":"instock","18":"shipping-taxable","19":"purchasable","20":"product-type-variable","21":"has-default-attributes"},"yoast_head":"<!-- This site is optimized with the Yoast SEO Premium plugin v19.2 (Yoast SEO v27.3) - https:\/\/yoast.com\/product\/yoast-seo-premium-wordpress\/ -->\n<title>Kaufen Sie Percocet-Pillen online - Everyday Chem Shop<\/title>\n<meta name=\"description\" content=\"Kaufen Sie Percocet-Pillen online. Wenn Sie Percocet-Pillen online kaufen m\u00f6chten, sind Sie hier genau richtig, um Percocet-Pillen online zu kaufen.\" \/>\n<meta name=\"robots\" content=\"index, follow, max-snippet:-1, max-image-preview:large, max-video-preview:-1\" \/>\n<link rel=\"canonical\" href=\"https:\/\/everydaychemshop.com\/de\/product\/kaufen-percocet-pillen-online\/\" \/>\n<meta property=\"og:locale\" content=\"en_US\" \/>\n<meta property=\"og:type\" content=\"article\" \/>\n<meta property=\"og:title\" content=\"Percocet-Pillen\" \/>\n<meta property=\"og:description\" content=\"Kaufen Sie Percocet-Pillen online. Wenn Sie Percocet-Pillen online kaufen m\u00f6chten, sind Sie hier genau richtig, um Percocet-Pillen online zu kaufen.\" \/>\n<meta property=\"og:url\" content=\"https:\/\/everydaychemshop.com\/de\/product\/kaufen-percocet-pillen-online\/\" \/>\n<meta property=\"og:site_name\" content=\"Everyday Chem Shop\" \/>\n<meta property=\"article:modified_time\" content=\"2023-04-06T19:25:05+00:00\" \/>\n<meta property=\"og:image\" content=\"https:\/\/everydaychemshop.com\/de\/wp-content\/uploads\/sites\/3\/2022\/11\/Buy-PERCOCET-10-mg.jpg\" \/>\n\t<meta property=\"og:image:width\" content=\"1200\" \/>\n\t<meta property=\"og:image:height\" content=\"1200\" \/>\n\t<meta property=\"og:image:type\" content=\"image\/jpeg\" \/>\n<meta name=\"twitter:card\" content=\"summary_large_image\" \/>\n<meta name=\"twitter:label1\" content=\"Est. reading time\" \/>\n\t<meta name=\"twitter:data1\" content=\"2 minutes\" \/>\n<script type=\"application\/ld+json\" class=\"yoast-schema-graph\">{\"@context\":\"https:\\\/\\\/schema.org\",\"@graph\":[{\"@type\":\"WebPage\",\"@id\":\"https:\\\/\\\/everydaychemshop.com\\\/de\\\/product\\\/kaufen-percocet-pillen-online\\\/\",\"url\":\"https:\\\/\\\/everydaychemshop.com\\\/de\\\/product\\\/kaufen-percocet-pillen-online\\\/\",\"name\":\"Kaufen Sie Percocet-Pillen online - Everyday Chem Shop\",\"isPartOf\":{\"@id\":\"https:\\\/\\\/everydaychemshop.com\\\/de\\\/#website\"},\"primaryImageOfPage\":{\"@id\":\"https:\\\/\\\/everydaychemshop.com\\\/de\\\/product\\\/kaufen-percocet-pillen-online\\\/#primaryimage\"},\"image\":{\"@id\":\"https:\\\/\\\/everydaychemshop.com\\\/de\\\/product\\\/kaufen-percocet-pillen-online\\\/#primaryimage\"},\"thumbnailUrl\":\"https:\\\/\\\/everydaychemshop.com\\\/de\\\/wp-content\\\/uploads\\\/sites\\\/3\\\/2022\\\/11\\\/Buy-PERCOCET-10-mg.jpg\",\"datePublished\":\"2022-11-16T09:44:11+00:00\",\"dateModified\":\"2023-04-06T19:25:05+00:00\",\"description\":\"Kaufen Sie Percocet-Pillen online. Wenn Sie Percocet-Pillen online kaufen m\u00f6chten, sind Sie hier genau richtig, um Percocet-Pillen online zu kaufen.\",\"breadcrumb\":{\"@id\":\"https:\\\/\\\/everydaychemshop.com\\\/de\\\/product\\\/kaufen-percocet-pillen-online\\\/#breadcrumb\"},\"inLanguage\":\"en-US\",\"potentialAction\":[{\"@type\":\"ReadAction\",\"target\":[\"https:\\\/\\\/everydaychemshop.com\\\/de\\\/product\\\/kaufen-percocet-pillen-online\\\/\"]}]},{\"@type\":\"ImageObject\",\"inLanguage\":\"en-US\",\"@id\":\"https:\\\/\\\/everydaychemshop.com\\\/de\\\/product\\\/kaufen-percocet-pillen-online\\\/#primaryimage\",\"url\":\"https:\\\/\\\/everydaychemshop.com\\\/de\\\/wp-content\\\/uploads\\\/sites\\\/3\\\/2022\\\/11\\\/Buy-PERCOCET-10-mg.jpg\",\"contentUrl\":\"https:\\\/\\\/everydaychemshop.com\\\/de\\\/wp-content\\\/uploads\\\/sites\\\/3\\\/2022\\\/11\\\/Buy-PERCOCET-10-mg.jpg\",\"width\":1200,\"height\":1200,\"caption\":\"Kaufen Sie Percocet-Pillen online\"},{\"@type\":\"BreadcrumbList\",\"@id\":\"https:\\\/\\\/everydaychemshop.com\\\/de\\\/product\\\/kaufen-percocet-pillen-online\\\/#breadcrumb\",\"itemListElement\":[{\"@type\":\"ListItem\",\"position\":1,\"name\":\"Home\",\"item\":\"https:\\\/\\\/everydaychemshop.com\\\/de\\\/\"},{\"@type\":\"ListItem\",\"position\":2,\"name\":\"Produkte\",\"item\":\"https:\\\/\\\/everydaychemshop.com\\\/de\\\/produkte\\\/\"},{\"@type\":\"ListItem\",\"position\":3,\"name\":\"Percocet-Pillen\"}]},{\"@type\":\"WebSite\",\"@id\":\"https:\\\/\\\/everydaychemshop.com\\\/de\\\/#website\",\"url\":\"https:\\\/\\\/everydaychemshop.com\\\/de\\\/\",\"name\":\"Everyday Chem Shop\",\"description\":\"\",\"potentialAction\":[{\"@type\":\"SearchAction\",\"target\":{\"@type\":\"EntryPoint\",\"urlTemplate\":\"https:\\\/\\\/everydaychemshop.com\\\/de\\\/?s={search_term_string}\"},\"query-input\":{\"@type\":\"PropertyValueSpecification\",\"valueRequired\":true,\"valueName\":\"search_term_string\"}}],\"inLanguage\":\"en-US\"}]}<\/script>\n<!-- \/ Yoast SEO Premium plugin. -->","yoast_head_json":{"title":"Kaufen Sie Percocet-Pillen online - Everyday Chem Shop","description":"Kaufen Sie Percocet-Pillen online. Wenn Sie Percocet-Pillen online kaufen m\u00f6chten, sind Sie hier genau richtig, um Percocet-Pillen online zu kaufen.","robots":{"index":"index","follow":"follow","max-snippet":"max-snippet:-1","max-image-preview":"max-image-preview:large","max-video-preview":"max-video-preview:-1"},"canonical":"https:\/\/everydaychemshop.com\/de\/product\/kaufen-percocet-pillen-online\/","og_locale":"en_US","og_type":"article","og_title":"Percocet-Pillen","og_description":"Kaufen Sie Percocet-Pillen online. Wenn Sie Percocet-Pillen online kaufen m\u00f6chten, sind Sie hier genau richtig, um Percocet-Pillen online zu kaufen.","og_url":"https:\/\/everydaychemshop.com\/de\/product\/kaufen-percocet-pillen-online\/","og_site_name":"Everyday Chem Shop","article_modified_time":"2023-04-06T19:25:05+00:00","og_image":[{"width":1200,"height":1200,"url":"https:\/\/everydaychemshop.com\/de\/wp-content\/uploads\/sites\/3\/2022\/11\/Buy-PERCOCET-10-mg.jpg","type":"image\/jpeg"}],"twitter_card":"summary_large_image","twitter_misc":{"Est. reading time":"2 minutes"},"schema":{"@context":"https:\/\/schema.org","@graph":[{"@type":"WebPage","@id":"https:\/\/everydaychemshop.com\/de\/product\/kaufen-percocet-pillen-online\/","url":"https:\/\/everydaychemshop.com\/de\/product\/kaufen-percocet-pillen-online\/","name":"Kaufen Sie Percocet-Pillen online - Everyday Chem Shop","isPartOf":{"@id":"https:\/\/everydaychemshop.com\/de\/#website"},"primaryImageOfPage":{"@id":"https:\/\/everydaychemshop.com\/de\/product\/kaufen-percocet-pillen-online\/#primaryimage"},"image":{"@id":"https:\/\/everydaychemshop.com\/de\/product\/kaufen-percocet-pillen-online\/#primaryimage"},"thumbnailUrl":"https:\/\/everydaychemshop.com\/de\/wp-content\/uploads\/sites\/3\/2022\/11\/Buy-PERCOCET-10-mg.jpg","datePublished":"2022-11-16T09:44:11+00:00","dateModified":"2023-04-06T19:25:05+00:00","description":"Kaufen Sie Percocet-Pillen online. Wenn Sie Percocet-Pillen online kaufen m\u00f6chten, sind Sie hier genau richtig, um Percocet-Pillen online zu kaufen.","breadcrumb":{"@id":"https:\/\/everydaychemshop.com\/de\/product\/kaufen-percocet-pillen-online\/#breadcrumb"},"inLanguage":"en-US","potentialAction":[{"@type":"ReadAction","target":["https:\/\/everydaychemshop.com\/de\/product\/kaufen-percocet-pillen-online\/"]}]},{"@type":"ImageObject","inLanguage":"en-US","@id":"https:\/\/everydaychemshop.com\/de\/product\/kaufen-percocet-pillen-online\/#primaryimage","url":"https:\/\/everydaychemshop.com\/de\/wp-content\/uploads\/sites\/3\/2022\/11\/Buy-PERCOCET-10-mg.jpg","contentUrl":"https:\/\/everydaychemshop.com\/de\/wp-content\/uploads\/sites\/3\/2022\/11\/Buy-PERCOCET-10-mg.jpg","width":1200,"height":1200,"caption":"Kaufen Sie Percocet-Pillen online"},{"@type":"BreadcrumbList","@id":"https:\/\/everydaychemshop.com\/de\/product\/kaufen-percocet-pillen-online\/#breadcrumb","itemListElement":[{"@type":"ListItem","position":1,"name":"Home","item":"https:\/\/everydaychemshop.com\/de\/"},{"@type":"ListItem","position":2,"name":"Produkte","item":"https:\/\/everydaychemshop.com\/de\/produkte\/"},{"@type":"ListItem","position":3,"name":"Percocet-Pillen"}]},{"@type":"WebSite","@id":"https:\/\/everydaychemshop.com\/de\/#website","url":"https:\/\/everydaychemshop.com\/de\/","name":"Everyday Chem Shop","description":"","potentialAction":[{"@type":"SearchAction","target":{"@type":"EntryPoint","urlTemplate":"https:\/\/everydaychemshop.com\/de\/?s={search_term_string}"},"query-input":{"@type":"PropertyValueSpecification","valueRequired":true,"valueName":"search_term_string"}}],"inLanguage":"en-US"}]}},"_links":{"self":[{"href":"https:\/\/everydaychemshop.com\/de\/wp-json\/wp\/v2\/product\/7680","targetHints":{"allow":["GET"]}}],"collection":[{"href":"https:\/\/everydaychemshop.com\/de\/wp-json\/wp\/v2\/product"}],"about":[{"href":"https:\/\/everydaychemshop.com\/de\/wp-json\/wp\/v2\/types\/product"}],"replies":[{"embeddable":true,"href":"https:\/\/everydaychemshop.com\/de\/wp-json\/wp\/v2\/comments?post=7680"}],"wp:featuredmedia":[{"embeddable":true,"href":"https:\/\/everydaychemshop.com\/de\/wp-json\/wp\/v2\/media\/7694"}],"wp:attachment":[{"href":"https:\/\/everydaychemshop.com\/de\/wp-json\/wp\/v2\/media?parent=7680"}],"wp:term":[{"taxonomy":"product_brand","embeddable":true,"href":"https:\/\/everydaychemshop.com\/de\/wp-json\/wp\/v2\/product_brand?post=7680"},{"taxonomy":"product_cat","embeddable":true,"href":"https:\/\/everydaychemshop.com\/de\/wp-json\/wp\/v2\/product_cat?post=7680"},{"taxonomy":"product_tag","embeddable":true,"href":"https:\/\/everydaychemshop.com\/de\/wp-json\/wp\/v2\/product_tag?post=7680"}],"curies":[{"name":"wp","href":"https:\/\/api.w.org\/{rel}","templated":true}]}}