{"id":7699,"date":"2022-11-16T09:44:40","date_gmt":"2022-11-16T09:44:40","guid":{"rendered":"https:\/\/everydaychemshop.com\/de\/?post_type=product&#038;p=7699"},"modified":"2023-04-06T19:21:37","modified_gmt":"2023-04-06T19:21:37","slug":"kaufen-dilaudid-pillen-online","status":"publish","type":"product","link":"https:\/\/everydaychemshop.com\/de\/product\/kaufen-dilaudid-pillen-online\/","title":{"rendered":"Dilaudid-Pillen"},"content":{"rendered":"<h1>Kaufen Sie Dilaudid-Pillen online<\/h1>\n<p><a href=\"https:\/\/everydaychemshop.com\/de\/product\/kaufen-dilaudid-pillen-online\/\">Kaufen Sie Dilaudid-Pillen online<\/a>. Kaufen Sie Dilaudid 8 mg, Hydromorphon ist ein Opioid-Schmerzmittel. Ein Opioid wird manchmal als Bet\u00e4ubungsmittel bezeichnet.<\/p>\n<p>Dilaudid 8 mg wird zur Behandlung von m\u00e4\u00dfigen bis starken Schmerzen verwendet .<\/p>\n<p>Die Retardform dieses Arzneimittels ist f\u00fcr die Rund-um-die-Uhr-Behandlung von m\u00e4\u00dfigen bis starken Schmerzen bestimmt. Diese Form von Dilaudid 8 mg ist nicht zur bedarfsgerechten Anwendung bei Schmerzen bestimmt.<\/p>\n<p>Dilaudid 8 mg Hydromorphon kann auch f\u00fcr Zwecke verwendet werden, <a href=\"https:\/\/de.wikipedia.org\/wiki\/Hydromorphon\">die<\/a> nicht in diesem Arzneimittelleitfaden aufgef\u00fchrt sind.<\/p>\n<h4>Was sind die wichtigsten Informationen, die ich \u00fcber Hydromorphon wissen sollte?<\/h4>\n<p>Sie sollten Hydromorphon nicht einnehmen, wenn Sie schwere Atemprobleme oder einen Magen- oder Darmverschluss haben.<\/p>\n<p><b> Dilaudid 8 mg Hydromorphon kann Ihre Atmung verlangsamen oder stoppen und kann zu einer Gewohnheit f\u00fchren.<\/b>\u00a0Verwenden Sie nur die verschriebene Dosis und schlucken Sie eine Tablette mit verl\u00e4ngerter Wirkstofffreisetzung im Ganzen, um eine m\u00f6glicherweise t\u00f6dliche Dosis zu vermeiden. Teilen Sie niemals Dilaudid 8 mg mit einer anderen Person.<\/p>\n<figure class=\"promo-box vmig slideshow ga-event\" data-ga_event-category=\"Slideshow\" data-ga_event-action=\"SS-Promo-Impression\" data-ga_event-noninteraction=\"true\"><figcaption><\/figcaption><\/figure>\n<p><strong>Missbrauch von Bet\u00e4ubungsmitteln kann zu Sucht, \u00dcberdosis oder Tod f\u00fchren, insbesondere bei einem Kind oder einer anderen Person, die das Medikament verwendet ohne Rezept.<\/strong><\/p>\n<p><strong>Dilaudid 8 mg kann bei einem Neugeborenen lebensbedrohliche Entzugserscheinungen hervorrufen, wenn die Mutter dieses Arzneimittel w\u00e4hrend der Schwangerschaft eingenommen hat.<\/strong><\/p>\n<p><b>Trinken Sie keinen Alkohol.<\/b> Es k\u00f6nnten gef\u00e4hrliche Nebenwirkungen oder der Tod eintreten.<\/p>\n<p>Was sollte ich vor der Anwendung von Hydromorphon mit meinem Arzt besprechen?<\/p>\n<p>Das sollten Sie Nehmen Sie dieses Arzneimittel nicht ein, wenn Sie jemals eine allergische Reaktion auf Hydromorphon oder andere Bet\u00e4ubungsmittel hatten oder wenn Sie:<\/p>\n<ul>\n<li>schweres Asthma oder Atemprobleme haben;<\/li>\n<li>eine Verstopfung des Magen-Darm-Trakts haben Ihr Magen oder Darm; oder<\/li>\n<li>ein Darmverschluss namens paralytischer Ileus.<\/li>\n<\/ul>\n<p>Dilaudid 8 mg Hydromorphon, wenn Sie in den letzten 14 Tagen einen MAO-Hemmer angewendet haben. Es kann zu einer gef\u00e4hrlichen Wechselwirkung mit anderen Arzneimitteln kommen. Zu den MAO-Hemmern geh\u00f6ren Isocarboxazid, Linezolid, Methylenblau-Injektion, Phenelzin, Rasagilin, Selegilin, Tranylcypromin und andere.<\/p>\n<p>Einige Arzneimittel k\u00f6nnen mit Hydromorphon interagieren und eine schwerwiegende Erkrankung namens Serotonin-Syndrom verursachen. Stellen Sie sicher, dass Ihr Arzt wei\u00df, ob Sie auch Medikamente gegen Depressionen, Geisteskrankheiten, die Parkinson-Krankheit, Migr\u00e4ne, schwere Infektionen oder zur Vorbeugung von \u00dcbelkeit und Erbrechen einnehmen. Fragen Sie Ihren Arzt, bevor Sie die Art und Weise oder den Zeitpunkt der Einnahme Ihrer Medikamente \u00e4ndern.<\/p>\n<p>Sie k\u00f6nnen Dilaudid 8 mg Hydromorphon m\u00f6glicherweise nicht einnehmen, wenn Sie NICHT bereits mit einem \u00e4hnlichen Opioid (narkotisches) Schmerzmittel behandelt werden und sind tolerant gegen\u00fcber. Sprechen Sie mit Ihrem Arzt, wenn Sie sich nicht sicher sind, ob Sie Opioid vertragen.<\/p>\n<p>Um sicherzugehen, dass Hydromorphon f\u00fcr Sie sicher ist, informieren Sie Ihren Arzt, wenn Sie:<\/p>\n<ul>\n<li>jede Art haben von Atemproblemen oder Lungenerkrankungen;<\/li>\n<li>eine Vorgeschichte von Kopfverletzungen, Gehirntumoren oder Krampfanf\u00e4llen;<\/li>\n<li>eine Vorgeschichte von Drogenmissbrauch, Alkoholabh\u00e4ngigkeit oder psychischen Erkrankungen;<\/li>\n<li>Probleme beim Wasserlassen;<\/li>\n<li>Leber- oder Nierenerkrankung;<\/li>\n<li>Sulfitallergie;<\/li>\n<li>Addison-Krankheit oder andere Nebennierenerkrankungen;<\/li>\n<li>Probleme mit Ihrer Gallenblase, Bauchspeicheldr\u00fcse oder Schilddr\u00fcse; oder<\/li>\n<li>wenn Sie ein Beruhigungsmittel wie Valium (Diazepam, Alprazolam, Lorazepam, Ativan, Klonopin, Restoril, Tranxene, Versed, Xanax und andere) verwenden.<\/li>\n<\/ul>\n<p><strong>Wissen Sie, wo Sie Dilaudid-Pillen ohne Rezept kaufen k\u00f6nnen?<\/strong><\/p>\n<p>Dilaudid-Pillen zum Verkauf, Dilaudid-Pillen zum Stra\u00dfenpreis, Dilaudid-Pillen-Dosierung, wie man Dilaudid-Pillen herstellt, wo kann ich Dilaudid-Pillen online kaufen , wo man Dilaudid-Pillen bekommt , was sind Dilaudid-Pillen , Dilaudid in Premium-Qualit\u00e4t Pillen zu verkaufen. All diese unbeantworteten Fragen k\u00f6nnen durch uns beantwortet werden. Sie m\u00fcssen nur unsere Website durchgehen und Sie erhalten Antworten darauf, wie und wo Sie Fentanyl-Pillen ohne Rezept online kaufen k\u00f6nnen.<\/p>\n<p>&nbsp;<\/p>\n","protected":false},"excerpt":{"rendered":"<p><b>Dilaudid 8\u00a0mg Hydromorphon kann Ihre Atmung verlangsamen oder stoppen und kann zur Gewohnheit f\u00fchren.<\/b>\u00a0Verwenden Sie nur die verschriebene Dosis und schlucken Sie eine Tablette mit verl\u00e4ngerter Wirkstofffreisetzung im Ganzen, um eine m\u00f6glicherweise t\u00f6dliche Dosis zu vermeiden. Teilen Sie niemals Dilaudid 8 mg mit einer anderen Person.<\/p>\n","protected":false},"featured_media":7715,"comment_status":"open","ping_status":"closed","template":"","meta":{"inline_featured_image":false},"product_brand":[],"product_cat":[116],"product_tag":[189,687,187,186,190,701,192,188],"class_list":{"0":"post-7699","1":"product","2":"type-product","3":"status-publish","4":"has-post-thumbnail","6":"product_cat-schmerzmittel","7":"product_tag-dilaudid-8-mg-online-bestellen","8":"product_tag-der-beste-ort","9":"product_tag-dilaudid-8-mg-zum-verkauf","10":"product_tag-kaufen-dilaudid-8-mg-online","11":"product_tag-purchase-dilaudid-8-mg-online","12":"product_tag-um-dilaudid-8-mg-online-zu-kaufen","13":"product_tag-where-to-buy-dilaudid-8-mg-online","14":"product_tag-wie-kauft-man-dilaudid-8-mg-online","16":"first","17":"instock","18":"shipping-taxable","19":"purchasable","20":"product-type-variable","21":"has-default-attributes"},"yoast_head":"<!-- This site is optimized with the Yoast SEO Premium plugin v19.2 (Yoast SEO v27.3) - https:\/\/yoast.com\/product\/yoast-seo-premium-wordpress\/ -->\n<title>Kaufen Sie Dilaudid-Pillen online - Everyday Chem Shop<\/title>\n<meta name=\"description\" content=\"Kaufen Sie Dilaudid-Pillen online. Wenn Sie nach M\u00f6glichkeiten suchen, Dilaudid-Pillen online zu kaufen, dann sind Sie hier genau richtig, um Dilaudid-Pillen online zu kaufen.\" \/>\n<meta name=\"robots\" content=\"index, follow, max-snippet:-1, max-image-preview:large, max-video-preview:-1\" \/>\n<link rel=\"canonical\" href=\"https:\/\/everydaychemshop.com\/de\/product\/kaufen-dilaudid-pillen-online\/\" \/>\n<meta property=\"og:locale\" content=\"en_US\" \/>\n<meta property=\"og:type\" content=\"article\" \/>\n<meta property=\"og:title\" content=\"Dilaudid-Pillen\" \/>\n<meta property=\"og:description\" content=\"Kaufen Sie Dilaudid-Pillen online. Wenn Sie nach M\u00f6glichkeiten suchen, Dilaudid-Pillen online zu kaufen, dann sind Sie hier genau richtig, um Dilaudid-Pillen online zu kaufen.\" \/>\n<meta property=\"og:url\" content=\"https:\/\/everydaychemshop.com\/de\/product\/kaufen-dilaudid-pillen-online\/\" \/>\n<meta property=\"og:site_name\" content=\"Everyday Chem Shop\" \/>\n<meta property=\"article:modified_time\" content=\"2023-04-06T19:21:37+00:00\" \/>\n<meta property=\"og:image\" content=\"https:\/\/everydaychemshop.com\/de\/wp-content\/uploads\/sites\/3\/2022\/11\/Buy-Dilaudid-8-mg.jpg\" \/>\n\t<meta property=\"og:image:width\" content=\"1200\" \/>\n\t<meta property=\"og:image:height\" content=\"1200\" \/>\n\t<meta property=\"og:image:type\" content=\"image\/jpeg\" \/>\n<meta name=\"twitter:card\" content=\"summary_large_image\" \/>\n<meta name=\"twitter:label1\" content=\"Est. reading time\" \/>\n\t<meta name=\"twitter:data1\" content=\"3 minutes\" \/>\n<script type=\"application\/ld+json\" class=\"yoast-schema-graph\">{\"@context\":\"https:\\\/\\\/schema.org\",\"@graph\":[{\"@type\":\"WebPage\",\"@id\":\"https:\\\/\\\/everydaychemshop.com\\\/de\\\/product\\\/kaufen-dilaudid-pillen-online\\\/\",\"url\":\"https:\\\/\\\/everydaychemshop.com\\\/de\\\/product\\\/kaufen-dilaudid-pillen-online\\\/\",\"name\":\"Kaufen Sie Dilaudid-Pillen online - Everyday Chem Shop\",\"isPartOf\":{\"@id\":\"https:\\\/\\\/everydaychemshop.com\\\/de\\\/#website\"},\"primaryImageOfPage\":{\"@id\":\"https:\\\/\\\/everydaychemshop.com\\\/de\\\/product\\\/kaufen-dilaudid-pillen-online\\\/#primaryimage\"},\"image\":{\"@id\":\"https:\\\/\\\/everydaychemshop.com\\\/de\\\/product\\\/kaufen-dilaudid-pillen-online\\\/#primaryimage\"},\"thumbnailUrl\":\"https:\\\/\\\/everydaychemshop.com\\\/de\\\/wp-content\\\/uploads\\\/sites\\\/3\\\/2022\\\/11\\\/Buy-Dilaudid-8-mg.jpg\",\"datePublished\":\"2022-11-16T09:44:40+00:00\",\"dateModified\":\"2023-04-06T19:21:37+00:00\",\"description\":\"Kaufen Sie Dilaudid-Pillen online. Wenn Sie nach M\u00f6glichkeiten suchen, Dilaudid-Pillen online zu kaufen, dann sind Sie hier genau richtig, um Dilaudid-Pillen online zu kaufen.\",\"breadcrumb\":{\"@id\":\"https:\\\/\\\/everydaychemshop.com\\\/de\\\/product\\\/kaufen-dilaudid-pillen-online\\\/#breadcrumb\"},\"inLanguage\":\"en-US\",\"potentialAction\":[{\"@type\":\"ReadAction\",\"target\":[\"https:\\\/\\\/everydaychemshop.com\\\/de\\\/product\\\/kaufen-dilaudid-pillen-online\\\/\"]}]},{\"@type\":\"ImageObject\",\"inLanguage\":\"en-US\",\"@id\":\"https:\\\/\\\/everydaychemshop.com\\\/de\\\/product\\\/kaufen-dilaudid-pillen-online\\\/#primaryimage\",\"url\":\"https:\\\/\\\/everydaychemshop.com\\\/de\\\/wp-content\\\/uploads\\\/sites\\\/3\\\/2022\\\/11\\\/Buy-Dilaudid-8-mg.jpg\",\"contentUrl\":\"https:\\\/\\\/everydaychemshop.com\\\/de\\\/wp-content\\\/uploads\\\/sites\\\/3\\\/2022\\\/11\\\/Buy-Dilaudid-8-mg.jpg\",\"width\":1200,\"height\":1200,\"caption\":\"Kaufen Sie Dilaudid-Pillen online\"},{\"@type\":\"BreadcrumbList\",\"@id\":\"https:\\\/\\\/everydaychemshop.com\\\/de\\\/product\\\/kaufen-dilaudid-pillen-online\\\/#breadcrumb\",\"itemListElement\":[{\"@type\":\"ListItem\",\"position\":1,\"name\":\"Home\",\"item\":\"https:\\\/\\\/everydaychemshop.com\\\/de\\\/\"},{\"@type\":\"ListItem\",\"position\":2,\"name\":\"Produkte\",\"item\":\"https:\\\/\\\/everydaychemshop.com\\\/de\\\/produkte\\\/\"},{\"@type\":\"ListItem\",\"position\":3,\"name\":\"Dilaudid-Pillen\"}]},{\"@type\":\"WebSite\",\"@id\":\"https:\\\/\\\/everydaychemshop.com\\\/de\\\/#website\",\"url\":\"https:\\\/\\\/everydaychemshop.com\\\/de\\\/\",\"name\":\"Everyday Chem Shop\",\"description\":\"\",\"potentialAction\":[{\"@type\":\"SearchAction\",\"target\":{\"@type\":\"EntryPoint\",\"urlTemplate\":\"https:\\\/\\\/everydaychemshop.com\\\/de\\\/?s={search_term_string}\"},\"query-input\":{\"@type\":\"PropertyValueSpecification\",\"valueRequired\":true,\"valueName\":\"search_term_string\"}}],\"inLanguage\":\"en-US\"}]}<\/script>\n<!-- \/ Yoast SEO Premium plugin. -->","yoast_head_json":{"title":"Kaufen Sie Dilaudid-Pillen online - Everyday Chem Shop","description":"Kaufen Sie Dilaudid-Pillen online. Wenn Sie nach M\u00f6glichkeiten suchen, Dilaudid-Pillen online zu kaufen, dann sind Sie hier genau richtig, um Dilaudid-Pillen online zu kaufen.","robots":{"index":"index","follow":"follow","max-snippet":"max-snippet:-1","max-image-preview":"max-image-preview:large","max-video-preview":"max-video-preview:-1"},"canonical":"https:\/\/everydaychemshop.com\/de\/product\/kaufen-dilaudid-pillen-online\/","og_locale":"en_US","og_type":"article","og_title":"Dilaudid-Pillen","og_description":"Kaufen Sie Dilaudid-Pillen online. Wenn Sie nach M\u00f6glichkeiten suchen, Dilaudid-Pillen online zu kaufen, dann sind Sie hier genau richtig, um Dilaudid-Pillen online zu kaufen.","og_url":"https:\/\/everydaychemshop.com\/de\/product\/kaufen-dilaudid-pillen-online\/","og_site_name":"Everyday Chem Shop","article_modified_time":"2023-04-06T19:21:37+00:00","og_image":[{"width":1200,"height":1200,"url":"https:\/\/everydaychemshop.com\/de\/wp-content\/uploads\/sites\/3\/2022\/11\/Buy-Dilaudid-8-mg.jpg","type":"image\/jpeg"}],"twitter_card":"summary_large_image","twitter_misc":{"Est. reading time":"3 minutes"},"schema":{"@context":"https:\/\/schema.org","@graph":[{"@type":"WebPage","@id":"https:\/\/everydaychemshop.com\/de\/product\/kaufen-dilaudid-pillen-online\/","url":"https:\/\/everydaychemshop.com\/de\/product\/kaufen-dilaudid-pillen-online\/","name":"Kaufen Sie Dilaudid-Pillen online - Everyday Chem Shop","isPartOf":{"@id":"https:\/\/everydaychemshop.com\/de\/#website"},"primaryImageOfPage":{"@id":"https:\/\/everydaychemshop.com\/de\/product\/kaufen-dilaudid-pillen-online\/#primaryimage"},"image":{"@id":"https:\/\/everydaychemshop.com\/de\/product\/kaufen-dilaudid-pillen-online\/#primaryimage"},"thumbnailUrl":"https:\/\/everydaychemshop.com\/de\/wp-content\/uploads\/sites\/3\/2022\/11\/Buy-Dilaudid-8-mg.jpg","datePublished":"2022-11-16T09:44:40+00:00","dateModified":"2023-04-06T19:21:37+00:00","description":"Kaufen Sie Dilaudid-Pillen online. Wenn Sie nach M\u00f6glichkeiten suchen, Dilaudid-Pillen online zu kaufen, dann sind Sie hier genau richtig, um Dilaudid-Pillen online zu kaufen.","breadcrumb":{"@id":"https:\/\/everydaychemshop.com\/de\/product\/kaufen-dilaudid-pillen-online\/#breadcrumb"},"inLanguage":"en-US","potentialAction":[{"@type":"ReadAction","target":["https:\/\/everydaychemshop.com\/de\/product\/kaufen-dilaudid-pillen-online\/"]}]},{"@type":"ImageObject","inLanguage":"en-US","@id":"https:\/\/everydaychemshop.com\/de\/product\/kaufen-dilaudid-pillen-online\/#primaryimage","url":"https:\/\/everydaychemshop.com\/de\/wp-content\/uploads\/sites\/3\/2022\/11\/Buy-Dilaudid-8-mg.jpg","contentUrl":"https:\/\/everydaychemshop.com\/de\/wp-content\/uploads\/sites\/3\/2022\/11\/Buy-Dilaudid-8-mg.jpg","width":1200,"height":1200,"caption":"Kaufen Sie Dilaudid-Pillen online"},{"@type":"BreadcrumbList","@id":"https:\/\/everydaychemshop.com\/de\/product\/kaufen-dilaudid-pillen-online\/#breadcrumb","itemListElement":[{"@type":"ListItem","position":1,"name":"Home","item":"https:\/\/everydaychemshop.com\/de\/"},{"@type":"ListItem","position":2,"name":"Produkte","item":"https:\/\/everydaychemshop.com\/de\/produkte\/"},{"@type":"ListItem","position":3,"name":"Dilaudid-Pillen"}]},{"@type":"WebSite","@id":"https:\/\/everydaychemshop.com\/de\/#website","url":"https:\/\/everydaychemshop.com\/de\/","name":"Everyday Chem Shop","description":"","potentialAction":[{"@type":"SearchAction","target":{"@type":"EntryPoint","urlTemplate":"https:\/\/everydaychemshop.com\/de\/?s={search_term_string}"},"query-input":{"@type":"PropertyValueSpecification","valueRequired":true,"valueName":"search_term_string"}}],"inLanguage":"en-US"}]}},"_links":{"self":[{"href":"https:\/\/everydaychemshop.com\/de\/wp-json\/wp\/v2\/product\/7699","targetHints":{"allow":["GET"]}}],"collection":[{"href":"https:\/\/everydaychemshop.com\/de\/wp-json\/wp\/v2\/product"}],"about":[{"href":"https:\/\/everydaychemshop.com\/de\/wp-json\/wp\/v2\/types\/product"}],"replies":[{"embeddable":true,"href":"https:\/\/everydaychemshop.com\/de\/wp-json\/wp\/v2\/comments?post=7699"}],"wp:featuredmedia":[{"embeddable":true,"href":"https:\/\/everydaychemshop.com\/de\/wp-json\/wp\/v2\/media\/7715"}],"wp:attachment":[{"href":"https:\/\/everydaychemshop.com\/de\/wp-json\/wp\/v2\/media?parent=7699"}],"wp:term":[{"taxonomy":"product_brand","embeddable":true,"href":"https:\/\/everydaychemshop.com\/de\/wp-json\/wp\/v2\/product_brand?post=7699"},{"taxonomy":"product_cat","embeddable":true,"href":"https:\/\/everydaychemshop.com\/de\/wp-json\/wp\/v2\/product_cat?post=7699"},{"taxonomy":"product_tag","embeddable":true,"href":"https:\/\/everydaychemshop.com\/de\/wp-json\/wp\/v2\/product_tag?post=7699"}],"curies":[{"name":"wp","href":"https:\/\/api.w.org\/{rel}","templated":true}]}}