{"id":7762,"date":"2022-11-16T09:46:33","date_gmt":"2022-11-16T09:46:33","guid":{"rendered":"https:\/\/everydaychemshop.com\/de\/?post_type=product&#038;p=7762"},"modified":"2023-04-06T19:08:25","modified_gmt":"2023-04-06T19:08:25","slug":"jwh-250-online-kaufen","status":"publish","type":"product","link":"https:\/\/everydaychemshop.com\/de\/product\/jwh-250-online-kaufen\/","title":{"rendered":"JWH-250"},"content":{"rendered":"<h1>Kaufen Sie JWH-250 Pulver online<\/h1>\n<p><a href=\"https:\/\/everydaychemshop.com\/de\/product\/jwh-250-online-kaufen\/\">Kaufen Sie JWH-250 Pulver online<\/a>.\u00a0 JWH-250 ist ein hergestellter Cannabinoid-Rezeptor-Agonist, der seit Ende der 2000er Jahre in Artikeln identifiziert wurde. Es wurde von Dr. John W. Huffman erstellt und <a href=\"https:\/\/en.wikipedia.org\/wiki\/JWH-250\">ein<\/a> Bericht dar\u00fcber wurde 2005 von Huffman et al. verbreitet. Kaufen Sie JWH-250 im Internet.<\/p>\n<p>Das Medikament ist ein Phenylacetylindol und gilt als Agonist an CB1- und CB2-Rezeptoren. Es hat eine Partialit\u00e4t von ~11 nM bei CB1 und ~33 nM bei CB2.<\/p>\n<p>Ein paar Jahre nachdem es erstmals in Schreiben kam JWH-250 auf den Markt, wobei die erste Identifizierung von der deutschen Polizei im Mai 2009 kam. Sie entdeckten das Medikament in einer nat\u00fcrlichen Mischung zum Rauchen. Kaufen Sie JWH-250 im Internet<\/p>\n<p>Es wurde auch in Pulvern und Kombinationen erkannt, die \u00fcber das Internet an Analysten in Japan verkauft wurden. Diese Beispiele enthielten 77\u2013165 mg f\u00fcr jeden Artikel.<\/p>\n<p>Aufgrund der Art und Weise, wie es verkauft wurde, sind mit ziemlicher Sicherheit Einzelpersonen mit JWH-250 in Kontakt gekommen, ohne es zu wissen.<\/p>\n<p>Molmasse: 335,439 g\/mol<\/p>\n<p>ChEMBL Id: 188031<\/p>\n<p>ChemSpider ID: 23256117<\/p>\n<p>PubChem CID: 44397540<\/p>\n<p>Rezeptur: C22H25NO2<\/p>\n<p><strong>Wissen Sie, wo Sie JWH-250 kaufen k\u00f6nnen?<\/strong><\/p>\n<p>JWH-250 zu verkaufen, JWH-250 Stra\u00dfenwert, JWH-250 Dosierung, wie um JWH-250 herzustellen, wo kann ich JWH-250 online bekommen, wo bekomme ich JWH-250, was ist JWH-250, JWH-250 in Premiumqualit\u00e4t zum Verkauf. All diese unbeantworteten Fragen k\u00f6nnen durch uns beantwortet werden. Gehen Sie einfach durch unsere Website und Sie erhalten die Antworten, wie und wo Sie JWH-250 online kaufen k\u00f6nnen.<\/p>\n<p>Was ist mit JWH-250? Wissen Sie auch, wo Sie JWH-250 online kaufen k\u00f6nnen? kaufe JWH-250 zum Verkauf, wie man JWH-250 herstellt, wie sieht JWH-250 aus, JWH-250 Stra\u00dfenpreis, JWH-250 Preis, wo man JWH-250 kauft, reines JWH-250, wo kann ich JWH kaufen -250 online kaufen, reines JWH-250 online kaufen.<\/p>\n<p>Gute Qualit\u00e4t JWH-250 online: Es versteht sich von selbst, dass Menschen der Qualit\u00e4t von online verkauftem JWH-250 nicht schnell vertrauen, weil sie es nicht k\u00f6nnen Untersuchen Sie es k\u00f6rperlich. Aber es ist nicht dasselbe mit Online JWH-250 Online-Anbietern. Die Produkte hier sind ihrer Beschreibung treu, mit hochwertiger Wartung, die unter der Aufsicht von Experten durchgef\u00fchrt wird.<\/p>\n<p>Schnell &amp; Diskreter Versand: Die Lieferung des JWH-250 online nach Eingang der Bestellung erfolgt innerhalb des versprochenen Zeitrahmens. Das Versandteam setzt alles daran, den Versand- und Liefervorgang reibungslos und schnell zu gestalten. Auch beim Online-Kauf von JWH-250 vom Profi auf der Online-Plattform k\u00f6nnen Sie exzellenten Service erwarten.<\/p>\n","protected":false},"excerpt":{"rendered":"<p>Kaufen Sie\u00a0<a href=\"https:\/\/en.wikipedia.org\/wiki\/JWH-250\">JWH-250<\/a>\u00a0im Internet. JWH-250 ist ein hergestellter Cannabinoid-Rezeptor-Agonist, der seit Ende der 2000er Jahre in Artikeln identifiziert wurde. Es wurde von Dr. John W. Huffman erstellt und ein Bericht dar\u00fcber wurde 2005 von Huffman et al. Purchase JWH-250 on the web ver\u00f6ffentlicht.<\/p>\n","protected":false},"featured_media":7790,"comment_status":"open","ping_status":"closed","template":"","meta":{"inline_featured_image":false},"product_brand":[],"product_cat":[264],"product_tag":[352,351,691,349,350,353,694,374,354,365,368,346,363,360,358,361,366,367,359,356,364,357,377,373,380,693,348,375,372,347,376,369,378,379,355,692,381,385,386,384,382],"class_list":{"0":"post-7762","1":"product","2":"type-product","3":"status-publish","4":"has-post-thumbnail","6":"product_cat-forschungschemikalie","7":"product_tag-bescheiden-jwh-250-online-kaufen","8":"product_tag-kaufe-modest-jwh-250-fr-den-pflanzengebrauch","9":"product_tag-beste-ort","10":"product_tag-buy-jwh-250-online","11":"product_tag-buy-legit-jwh-250-for-sale-webpage","12":"product_tag-buy-modest-mephedrone-online","13":"product_tag-das-sie-kaufen-konnen-seite","14":"product_tag-kauf-jwh-250-zur-individuellen-nutzung","15":"product_tag-how-to-buy-cheap-jwh-250-worlwide-shipping","16":"product_tag-jwh-250-duschsalz-kuflich-zu-erwerben","17":"product_tag-jwh-250-grohandel","18":"product_tag-buy-jwh-250","19":"product_tag-jwh-250-kaufseiten","20":"product_tag-jwh-250-medication-available-to-be-purchased","21":"product_tag-jwh-250-droge-zu-verkaufen","22":"product_tag-jwh-250-plant-nourishment-for-sale","23":"product_tag-jwh-250-store","24":"product_tag-jwh-250-where-to-purchase","25":"product_tag-jwh-250-zu-verkaufen","26":"product_tag-jwh-250-kuflich-zu-erwerben","27":"product_tag-jwh-250-anfrage","28":"product_tag-jwh-250-deal","29":"product_tag-kauf-modest-jwh-250","30":"product_tag-kauf-jwh-250-zum-kauf-verfgbar","31":"product_tag-shop-jwh-250","32":"product_tag-kaufen-sie-das-original-jwh-250","33":"product_tag-kaufen-jwh-250-fr-den-persnlichen-gebrauch","34":"product_tag-kaufen-jwh-250-im-web","35":"product_tag-kauf-jwh-250-zu-bescheidenem-wert","36":"product_tag-kaufen-jwh-250-zu-erschwinglichen-preisen","37":"product_tag-kaufmasse-jwh-250","38":"product_tag-mjwh-250-anbieter","39":"product_tag-qualitt-jwh-250-kuflich-zu-erwerben","40":"product_tag-quality-jwh-250-for-sale","41":"product_tag-wie-kauft-man-modest-jwh-250-weltweiten-versand","42":"product_tag-um-jwh-250-zu-kaufen","43":"product_tag-unverflscht-jwh-250","44":"product_tag-where-to-purchase-modest-jwh-250-shop","45":"product_tag-where-would-i-be-able-to-purchase-jwh-250","46":"product_tag-wo-zu-kaufen-jwh-250fr-den-individuellen-gebrauch","47":"product_tag-wo-kann-jwh-250-erhltlich-gekauft-werden","49":"first","50":"instock","51":"sale","52":"featured","53":"shipping-taxable","54":"purchasable","55":"product-type-variable","56":"has-default-attributes"},"yoast_head":"<!-- This site is optimized with the Yoast SEO Premium plugin v19.2 (Yoast SEO v27.3) - https:\/\/yoast.com\/product\/yoast-seo-premium-wordpress\/ -->\n<title>Kaufen Sie JWH-250 Pulver online - Everyday Chem Shop<\/title>\n<meta name=\"description\" content=\"Kaufen Sie JWH-250 Pulver online. Wenn Sie suchen, wie Sie JWH-250 online kaufen k\u00f6nnen, dann sind Sie hier genau richtig, um JWH-250 online zu kaufen.\" \/>\n<meta name=\"robots\" content=\"index, follow, max-snippet:-1, max-image-preview:large, max-video-preview:-1\" \/>\n<link rel=\"canonical\" href=\"https:\/\/everydaychemshop.com\/de\/product\/jwh-250-online-kaufen\/\" \/>\n<meta property=\"og:locale\" content=\"en_US\" \/>\n<meta property=\"og:type\" content=\"article\" \/>\n<meta property=\"og:title\" content=\"JWH-250\" \/>\n<meta property=\"og:description\" content=\"Kaufen Sie JWH-250 Pulver online. Wenn Sie suchen, wie Sie JWH-250 online kaufen k\u00f6nnen, dann sind Sie hier genau richtig, um JWH-250 online zu kaufen.\" \/>\n<meta property=\"og:url\" content=\"https:\/\/everydaychemshop.com\/de\/product\/jwh-250-online-kaufen\/\" \/>\n<meta property=\"og:site_name\" content=\"Everyday Chem Shop\" \/>\n<meta property=\"article:modified_time\" content=\"2023-04-06T19:08:25+00:00\" \/>\n<meta property=\"og:image\" content=\"https:\/\/everydaychemshop.com\/de\/wp-content\/uploads\/sites\/3\/2022\/11\/jwh-250.jpg\" \/>\n\t<meta property=\"og:image:width\" content=\"1200\" \/>\n\t<meta property=\"og:image:height\" content=\"1200\" \/>\n\t<meta property=\"og:image:type\" content=\"image\/jpeg\" \/>\n<meta name=\"twitter:card\" content=\"summary_large_image\" \/>\n<meta name=\"twitter:label1\" content=\"Est. reading time\" \/>\n\t<meta name=\"twitter:data1\" content=\"2 minutes\" \/>\n<script type=\"application\/ld+json\" class=\"yoast-schema-graph\">{\"@context\":\"https:\\\/\\\/schema.org\",\"@graph\":[{\"@type\":\"WebPage\",\"@id\":\"https:\\\/\\\/everydaychemshop.com\\\/de\\\/product\\\/jwh-250-online-kaufen\\\/\",\"url\":\"https:\\\/\\\/everydaychemshop.com\\\/de\\\/product\\\/jwh-250-online-kaufen\\\/\",\"name\":\"Kaufen Sie JWH-250 Pulver online - Everyday Chem Shop\",\"isPartOf\":{\"@id\":\"https:\\\/\\\/everydaychemshop.com\\\/de\\\/#website\"},\"primaryImageOfPage\":{\"@id\":\"https:\\\/\\\/everydaychemshop.com\\\/de\\\/product\\\/jwh-250-online-kaufen\\\/#primaryimage\"},\"image\":{\"@id\":\"https:\\\/\\\/everydaychemshop.com\\\/de\\\/product\\\/jwh-250-online-kaufen\\\/#primaryimage\"},\"thumbnailUrl\":\"https:\\\/\\\/everydaychemshop.com\\\/de\\\/wp-content\\\/uploads\\\/sites\\\/3\\\/2022\\\/11\\\/jwh-250.jpg\",\"datePublished\":\"2022-11-16T09:46:33+00:00\",\"dateModified\":\"2023-04-06T19:08:25+00:00\",\"description\":\"Kaufen Sie JWH-250 Pulver online. Wenn Sie suchen, wie Sie JWH-250 online kaufen k\u00f6nnen, dann sind Sie hier genau richtig, um JWH-250 online zu kaufen.\",\"breadcrumb\":{\"@id\":\"https:\\\/\\\/everydaychemshop.com\\\/de\\\/product\\\/jwh-250-online-kaufen\\\/#breadcrumb\"},\"inLanguage\":\"en-US\",\"potentialAction\":[{\"@type\":\"ReadAction\",\"target\":[\"https:\\\/\\\/everydaychemshop.com\\\/de\\\/product\\\/jwh-250-online-kaufen\\\/\"]}]},{\"@type\":\"ImageObject\",\"inLanguage\":\"en-US\",\"@id\":\"https:\\\/\\\/everydaychemshop.com\\\/de\\\/product\\\/jwh-250-online-kaufen\\\/#primaryimage\",\"url\":\"https:\\\/\\\/everydaychemshop.com\\\/de\\\/wp-content\\\/uploads\\\/sites\\\/3\\\/2022\\\/11\\\/jwh-250.jpg\",\"contentUrl\":\"https:\\\/\\\/everydaychemshop.com\\\/de\\\/wp-content\\\/uploads\\\/sites\\\/3\\\/2022\\\/11\\\/jwh-250.jpg\",\"width\":1200,\"height\":1200,\"caption\":\"Kaufen Sie JWH-250 Pulver online\"},{\"@type\":\"BreadcrumbList\",\"@id\":\"https:\\\/\\\/everydaychemshop.com\\\/de\\\/product\\\/jwh-250-online-kaufen\\\/#breadcrumb\",\"itemListElement\":[{\"@type\":\"ListItem\",\"position\":1,\"name\":\"Home\",\"item\":\"https:\\\/\\\/everydaychemshop.com\\\/de\\\/\"},{\"@type\":\"ListItem\",\"position\":2,\"name\":\"Produkte\",\"item\":\"https:\\\/\\\/everydaychemshop.com\\\/de\\\/produkte\\\/\"},{\"@type\":\"ListItem\",\"position\":3,\"name\":\"JWH-250\"}]},{\"@type\":\"WebSite\",\"@id\":\"https:\\\/\\\/everydaychemshop.com\\\/de\\\/#website\",\"url\":\"https:\\\/\\\/everydaychemshop.com\\\/de\\\/\",\"name\":\"Everyday Chem Shop\",\"description\":\"\",\"potentialAction\":[{\"@type\":\"SearchAction\",\"target\":{\"@type\":\"EntryPoint\",\"urlTemplate\":\"https:\\\/\\\/everydaychemshop.com\\\/de\\\/?s={search_term_string}\"},\"query-input\":{\"@type\":\"PropertyValueSpecification\",\"valueRequired\":true,\"valueName\":\"search_term_string\"}}],\"inLanguage\":\"en-US\"}]}<\/script>\n<!-- \/ Yoast SEO Premium plugin. -->","yoast_head_json":{"title":"Kaufen Sie JWH-250 Pulver online - Everyday Chem Shop","description":"Kaufen Sie JWH-250 Pulver online. Wenn Sie suchen, wie Sie JWH-250 online kaufen k\u00f6nnen, dann sind Sie hier genau richtig, um JWH-250 online zu kaufen.","robots":{"index":"index","follow":"follow","max-snippet":"max-snippet:-1","max-image-preview":"max-image-preview:large","max-video-preview":"max-video-preview:-1"},"canonical":"https:\/\/everydaychemshop.com\/de\/product\/jwh-250-online-kaufen\/","og_locale":"en_US","og_type":"article","og_title":"JWH-250","og_description":"Kaufen Sie JWH-250 Pulver online. Wenn Sie suchen, wie Sie JWH-250 online kaufen k\u00f6nnen, dann sind Sie hier genau richtig, um JWH-250 online zu kaufen.","og_url":"https:\/\/everydaychemshop.com\/de\/product\/jwh-250-online-kaufen\/","og_site_name":"Everyday Chem Shop","article_modified_time":"2023-04-06T19:08:25+00:00","og_image":[{"width":1200,"height":1200,"url":"https:\/\/everydaychemshop.com\/de\/wp-content\/uploads\/sites\/3\/2022\/11\/jwh-250.jpg","type":"image\/jpeg"}],"twitter_card":"summary_large_image","twitter_misc":{"Est. reading time":"2 minutes"},"schema":{"@context":"https:\/\/schema.org","@graph":[{"@type":"WebPage","@id":"https:\/\/everydaychemshop.com\/de\/product\/jwh-250-online-kaufen\/","url":"https:\/\/everydaychemshop.com\/de\/product\/jwh-250-online-kaufen\/","name":"Kaufen Sie JWH-250 Pulver online - Everyday Chem Shop","isPartOf":{"@id":"https:\/\/everydaychemshop.com\/de\/#website"},"primaryImageOfPage":{"@id":"https:\/\/everydaychemshop.com\/de\/product\/jwh-250-online-kaufen\/#primaryimage"},"image":{"@id":"https:\/\/everydaychemshop.com\/de\/product\/jwh-250-online-kaufen\/#primaryimage"},"thumbnailUrl":"https:\/\/everydaychemshop.com\/de\/wp-content\/uploads\/sites\/3\/2022\/11\/jwh-250.jpg","datePublished":"2022-11-16T09:46:33+00:00","dateModified":"2023-04-06T19:08:25+00:00","description":"Kaufen Sie JWH-250 Pulver online. Wenn Sie suchen, wie Sie JWH-250 online kaufen k\u00f6nnen, dann sind Sie hier genau richtig, um JWH-250 online zu kaufen.","breadcrumb":{"@id":"https:\/\/everydaychemshop.com\/de\/product\/jwh-250-online-kaufen\/#breadcrumb"},"inLanguage":"en-US","potentialAction":[{"@type":"ReadAction","target":["https:\/\/everydaychemshop.com\/de\/product\/jwh-250-online-kaufen\/"]}]},{"@type":"ImageObject","inLanguage":"en-US","@id":"https:\/\/everydaychemshop.com\/de\/product\/jwh-250-online-kaufen\/#primaryimage","url":"https:\/\/everydaychemshop.com\/de\/wp-content\/uploads\/sites\/3\/2022\/11\/jwh-250.jpg","contentUrl":"https:\/\/everydaychemshop.com\/de\/wp-content\/uploads\/sites\/3\/2022\/11\/jwh-250.jpg","width":1200,"height":1200,"caption":"Kaufen Sie JWH-250 Pulver online"},{"@type":"BreadcrumbList","@id":"https:\/\/everydaychemshop.com\/de\/product\/jwh-250-online-kaufen\/#breadcrumb","itemListElement":[{"@type":"ListItem","position":1,"name":"Home","item":"https:\/\/everydaychemshop.com\/de\/"},{"@type":"ListItem","position":2,"name":"Produkte","item":"https:\/\/everydaychemshop.com\/de\/produkte\/"},{"@type":"ListItem","position":3,"name":"JWH-250"}]},{"@type":"WebSite","@id":"https:\/\/everydaychemshop.com\/de\/#website","url":"https:\/\/everydaychemshop.com\/de\/","name":"Everyday Chem Shop","description":"","potentialAction":[{"@type":"SearchAction","target":{"@type":"EntryPoint","urlTemplate":"https:\/\/everydaychemshop.com\/de\/?s={search_term_string}"},"query-input":{"@type":"PropertyValueSpecification","valueRequired":true,"valueName":"search_term_string"}}],"inLanguage":"en-US"}]}},"_links":{"self":[{"href":"https:\/\/everydaychemshop.com\/de\/wp-json\/wp\/v2\/product\/7762","targetHints":{"allow":["GET"]}}],"collection":[{"href":"https:\/\/everydaychemshop.com\/de\/wp-json\/wp\/v2\/product"}],"about":[{"href":"https:\/\/everydaychemshop.com\/de\/wp-json\/wp\/v2\/types\/product"}],"replies":[{"embeddable":true,"href":"https:\/\/everydaychemshop.com\/de\/wp-json\/wp\/v2\/comments?post=7762"}],"wp:featuredmedia":[{"embeddable":true,"href":"https:\/\/everydaychemshop.com\/de\/wp-json\/wp\/v2\/media\/7790"}],"wp:attachment":[{"href":"https:\/\/everydaychemshop.com\/de\/wp-json\/wp\/v2\/media?parent=7762"}],"wp:term":[{"taxonomy":"product_brand","embeddable":true,"href":"https:\/\/everydaychemshop.com\/de\/wp-json\/wp\/v2\/product_brand?post=7762"},{"taxonomy":"product_cat","embeddable":true,"href":"https:\/\/everydaychemshop.com\/de\/wp-json\/wp\/v2\/product_cat?post=7762"},{"taxonomy":"product_tag","embeddable":true,"href":"https:\/\/everydaychemshop.com\/de\/wp-json\/wp\/v2\/product_tag?post=7762"}],"curies":[{"name":"wp","href":"https:\/\/api.w.org\/{rel}","templated":true}]}}