{"id":7776,"date":"2022-11-16T09:47:01","date_gmt":"2022-11-16T09:47:01","guid":{"rendered":"https:\/\/everydaychemshop.com\/de\/?post_type=product&#038;p=7776"},"modified":"2023-04-06T19:04:47","modified_gmt":"2023-04-06T19:04:47","slug":"kaufen-mdai-online","status":"publish","type":"product","link":"https:\/\/everydaychemshop.com\/de\/product\/kaufen-mdai-online\/","title":{"rendered":"MDAI"},"content":{"rendered":"<h1>Kaufen Sie MDAI-Kristalle online<\/h1>\n<p><a href=\"https:\/\/everydaychemshop.com\/de\/product\/kaufen-mdai-online\/\">Kaufen Sie MDAI-Kristalle online<\/a>. MDAI und alle verbleibenden Phenethylamine, die auf dieser Website verkauft werden, werden f\u00fcr Forschungs- und wissenschaftliche Anwendungen vorgeschlagen. Das als MDA.I bezeichnete Pr\u00fcfpr\u00e4parat ist eine Architektendroge mit m\u00f6glichen physiologischen und psychoaktiven Wirkungen und hat die subatomare Gleichung C10H11NO2 &#8211; HCl. Das Gleichungsgewicht hat den Wert 213,7 g\/mol. Kaufen Sie MDAI im Internet.<\/p>\n<p>Dieser Stoff ist wirklich neu, daher sind die toxikologischen und physiologischen Eigenschaften von MDAI nicht bekannt. Phenethylamin-Tochterprodukte, zum Beispiel 5,6-Methylendioxy-2-aminoindan, k\u00f6nnen Energizer <a href=\"https:\/\/en.wikipedia.org\/wiki\/MDAI\">und<\/a> entaktogene Eigenschaften. Kaufen Sie MDAI im Internet.<\/p>\n<p>6,7-Dihydro-5H-indeno[5,6-d]-1,3-dioxol-6-amin, Monohydrochlorid und alle verbleibenden Sch\u00f6pferdrogen, die auf dieser Website verkauft werden werden f\u00fcr Forschungszwecke und messbare Anwendungen vorgeschlagen.<\/p>\n<p>Bewahren Sie dieses Phenethylamin bitte an einem k\u00fchlen und trockenen Ort auf. Die Sicherheit der Phenethylaminverbindung MDA.I betr\u00e4gt unter legitimen Kapazit\u00e4tsbedingungen 2 Jahre. Kaufen Sie MDA.I im Internet.<\/p>\n<p>Warum MDA.I bei uns kaufen?<\/p>\n<p>\u2605 Wir haben eine lange Erfahrung im Austausch auf dem Markt, also profitieren Sie von unserer Erfahrung.<\/p>\n<p>\u2605 p&gt;<\/p>\n<p>\u2605 MDAI wurde erprobt und \u00fcberpr\u00fcft.<\/p>\n<p>\u2605 Sie k\u00f6nnen MDAI mit Bitcoin, MoneyGram und Western Union oder per Bank\u00fcberweisung erwerben.<\/p>\n<p>Was Sie beim Kauf erhalten MDA.I von uns?<\/p>\n<p>&#8211; Eine befestigte Aluminiumfolientasche, die 6,7-Dihydro-5H-indeno[5,6-d]-1,3-dioxol-6-amin, Monohydrochlorid, Forschungssynthetik enth\u00e4lt von h\u00f6chster Qualit\u00e4t<\/p>\n<p>&#8211; Reine glasartige starke Rezeptur<\/p>\n<p>&#8211; \u226598% Makellosigkeit<\/p>\n<p>MDAI-Anfrage im Internet, MDAI zum Kauf erh\u00e4ltlich, MDAI-Heilmittel, MDAI 10 mg, MDAI-Pillen zum Kauf im Internet erh\u00e4ltlich, Wie bekomme ich eine MDAI-L\u00f6sung, Wie bekomme ich MDAI, MDAI, MDAI-Dosis, MDAI 60 mg zum Kauf erh\u00e4ltlich, MDAI 15 mg Stra\u00dfensch\u00e4tzung, MDAI-Pillen zum Kauf erh\u00e4ltlich, MDAI ohne Heilmittel zum Kauf erh\u00e4ltlich, MDAI-Sulfattabletten zum Kauf erh\u00e4ltlich, MDAI zum Kauf erh\u00e4ltlich, MD AI zum Kauf erh\u00e4ltlich, MDAI 30 mg zum Kauf erh\u00e4ltlich, MDAI-Pillen zum Kauf im Internet erh\u00e4ltlich, MDAI-Pulver zum Kauf erh\u00e4ltlich, MDAI zum Kauf erh\u00e4ltlich, MDAI zum Kauf ohne Heilmittel erh\u00e4ltlich, MDAI zum Kauf im Ausland erh\u00e4ltlich , MDAI im Internet kaufen, MDAI zum Kauf verf\u00fcgbar, wie man MDAI erh\u00e4lt, MDAI anfordern .<\/p>\n<p>Wir bieten universell einen beschleunigten Service zwischen 1 und 2 Tagen an. Unsere Bef\u00f6rderungen sind zu 100 % sorgf\u00e4ltig und sichern auf diese Weise alle Kunden und B\u00fcndel f\u00fcr die Bef\u00f6rderung, wodurch das Gesch\u00e4ft dauerhaft zum Erfolg wird.<\/p>\n<p><strong>Wissen Sie, wo Sie MDAI kaufen k\u00f6nnen?<\/strong><\/p>\n<p>MDAI zum Verkauf, MDAI-Stra\u00dfenwert, MDAI-Dosierung, <a>wie<\/a> man MDAI herstellt, wo kann man MDAI online kaufen, wo bekommt man MDAI, was ist MDAI, hochwertiges MDAI zum Verkauf. All diese unbeantworteten Fragen k\u00f6nnen ihre Antworten durch uns bekommen Sie m\u00fcssen nur unsere Website durchgehen und Sie erhalten Antworten darauf, wie und wo Sie MDAI online kaufen k\u00f6nnen.<\/p>\n<p>Was ist mit MDAI?Wissen Sie auch, wo Sie MDAI online kaufen k\u00f6nnen? zu verkaufen, wie man MDAI herstellt, wie sieht MDAI aus, MDAI-Stra\u00dfenpreis, MDAI-Preis, wo kann man MDAI kaufen, reines MDAI, wo kann ich MDAI online kaufen, reines MDAI online kaufen.<\/p>\n<p>Gute Qualit\u00e4t MDAI online: Es ist v\u00f6llig klar, dass Menschen d Sie k\u00f6nnen der Qualit\u00e4t von online verkauftem MDAI nicht schnell vertrauen, da sie es nicht physisch untersuchen k\u00f6nnen. Aber es ist nicht dasselbe mit Online-MDAI-Online-Anbietern. Die Produkte hier sind ihrer Beschreibung treu, mit hochwertiger Wartung, die unter der Aufsicht von Experten durchgef\u00fchrt wird.<\/p>\n<p>Schnell &amp; Diskreter Versand: Die Lieferung des MDAIonline nach Eingang der Bestellung erfolgt innerhalb des versprochenen Zeitrahmens. Das Versandteam setzt alles daran, den Versand- und Liefervorgang reibungslos und schnell zu gestalten. Sie k\u00f6nnen auch Exzellentes erwarten Dienstleistungen beim Kauf von MDAI online vom Fachmann auf der Online-Plattform.<\/p>\n","protected":false},"excerpt":{"rendered":"<p>Online verkauftes MDAI hat den vollst\u00e4ndigen IUPAC-Namen 6,7-Dihydro-5H-indeno[5,6-d]-1,3-dioxol-6-amin, Monohydrochlorid, das zu einer Klasse von Phenethylamin-Forschungschemikalien geh\u00f6rt.<br \/>\nMDAI\u00a0\u00a0kann entaktogene und stimulierende Eigenschaften haben.<\/p>\n","protected":false},"featured_media":7806,"comment_status":"open","ping_status":"closed","template":"","meta":{"inline_featured_image":false},"product_brand":[],"product_cat":[264],"product_tag":[419,425,421,426,423,422,424,420],"class_list":{"0":"post-7776","1":"product","2":"type-product","3":"status-publish","4":"has-post-thumbnail","6":"product_cat-forschungschemikalie","7":"product_tag-kaufen-mdai-online","8":"product_tag-besteller","9":"product_tag-mdai-zu-verkaufen","10":"product_tag-mdai-online-bestellen","11":"product_tag-mdai-zum-verkauf-ausland","12":"product_tag-mdai-zum-verkauf-ohne-rezept","13":"product_tag-mdai-straenwert","14":"product_tag-wie-kommt-man-mdai","16":"first","17":"instock","18":"shipping-taxable","19":"purchasable","20":"product-type-variable","21":"has-default-attributes"},"yoast_head":"<!-- This site is optimized with the Yoast SEO Premium plugin v19.2 (Yoast SEO v27.3) - https:\/\/yoast.com\/product\/yoast-seo-premium-wordpress\/ -->\n<title>Kaufen Sie MDAI-Kristalle online - Everyday Chem Shop<\/title>\n<meta name=\"description\" content=\"Kaufen Sie MDAI-Kristalle online. Wenn Sie nach M\u00f6glichkeiten suchen, MDAI online zu kaufen, dann sind Sie hier genau richtig, um MDAI online zu kaufen.\" \/>\n<meta name=\"robots\" content=\"index, follow, max-snippet:-1, max-image-preview:large, max-video-preview:-1\" \/>\n<link rel=\"canonical\" href=\"https:\/\/everydaychemshop.com\/de\/product\/kaufen-mdai-online\/\" \/>\n<meta property=\"og:locale\" content=\"en_US\" \/>\n<meta property=\"og:type\" content=\"article\" \/>\n<meta property=\"og:title\" content=\"MDAI\" \/>\n<meta property=\"og:description\" content=\"Kaufen Sie MDAI-Kristalle online. Wenn Sie nach M\u00f6glichkeiten suchen, MDAI online zu kaufen, dann sind Sie hier genau richtig, um MDAI online zu kaufen.\" \/>\n<meta property=\"og:url\" content=\"https:\/\/everydaychemshop.com\/de\/product\/kaufen-mdai-online\/\" \/>\n<meta property=\"og:site_name\" content=\"Everyday Chem Shop\" \/>\n<meta property=\"article:modified_time\" content=\"2023-04-06T19:04:47+00:00\" \/>\n<meta property=\"og:image\" content=\"https:\/\/everydaychemshop.com\/de\/wp-content\/uploads\/sites\/3\/2022\/11\/MDAI.jpg\" \/>\n\t<meta property=\"og:image:width\" content=\"1200\" \/>\n\t<meta property=\"og:image:height\" content=\"1200\" \/>\n\t<meta property=\"og:image:type\" content=\"image\/jpeg\" \/>\n<meta name=\"twitter:card\" content=\"summary_large_image\" \/>\n<meta name=\"twitter:label1\" content=\"Est. reading time\" \/>\n\t<meta name=\"twitter:data1\" content=\"3 minutes\" \/>\n<script type=\"application\/ld+json\" class=\"yoast-schema-graph\">{\"@context\":\"https:\\\/\\\/schema.org\",\"@graph\":[{\"@type\":\"WebPage\",\"@id\":\"https:\\\/\\\/everydaychemshop.com\\\/de\\\/product\\\/kaufen-mdai-online\\\/\",\"url\":\"https:\\\/\\\/everydaychemshop.com\\\/de\\\/product\\\/kaufen-mdai-online\\\/\",\"name\":\"Kaufen Sie MDAI-Kristalle online - Everyday Chem Shop\",\"isPartOf\":{\"@id\":\"https:\\\/\\\/everydaychemshop.com\\\/de\\\/#website\"},\"primaryImageOfPage\":{\"@id\":\"https:\\\/\\\/everydaychemshop.com\\\/de\\\/product\\\/kaufen-mdai-online\\\/#primaryimage\"},\"image\":{\"@id\":\"https:\\\/\\\/everydaychemshop.com\\\/de\\\/product\\\/kaufen-mdai-online\\\/#primaryimage\"},\"thumbnailUrl\":\"https:\\\/\\\/everydaychemshop.com\\\/de\\\/wp-content\\\/uploads\\\/sites\\\/3\\\/2022\\\/11\\\/MDAI.jpg\",\"datePublished\":\"2022-11-16T09:47:01+00:00\",\"dateModified\":\"2023-04-06T19:04:47+00:00\",\"description\":\"Kaufen Sie MDAI-Kristalle online. Wenn Sie nach M\u00f6glichkeiten suchen, MDAI online zu kaufen, dann sind Sie hier genau richtig, um MDAI online zu kaufen.\",\"breadcrumb\":{\"@id\":\"https:\\\/\\\/everydaychemshop.com\\\/de\\\/product\\\/kaufen-mdai-online\\\/#breadcrumb\"},\"inLanguage\":\"en-US\",\"potentialAction\":[{\"@type\":\"ReadAction\",\"target\":[\"https:\\\/\\\/everydaychemshop.com\\\/de\\\/product\\\/kaufen-mdai-online\\\/\"]}]},{\"@type\":\"ImageObject\",\"inLanguage\":\"en-US\",\"@id\":\"https:\\\/\\\/everydaychemshop.com\\\/de\\\/product\\\/kaufen-mdai-online\\\/#primaryimage\",\"url\":\"https:\\\/\\\/everydaychemshop.com\\\/de\\\/wp-content\\\/uploads\\\/sites\\\/3\\\/2022\\\/11\\\/MDAI.jpg\",\"contentUrl\":\"https:\\\/\\\/everydaychemshop.com\\\/de\\\/wp-content\\\/uploads\\\/sites\\\/3\\\/2022\\\/11\\\/MDAI.jpg\",\"width\":1200,\"height\":1200,\"caption\":\"Kaufen Sie MDAI-Kristalle online\"},{\"@type\":\"BreadcrumbList\",\"@id\":\"https:\\\/\\\/everydaychemshop.com\\\/de\\\/product\\\/kaufen-mdai-online\\\/#breadcrumb\",\"itemListElement\":[{\"@type\":\"ListItem\",\"position\":1,\"name\":\"Home\",\"item\":\"https:\\\/\\\/everydaychemshop.com\\\/de\\\/\"},{\"@type\":\"ListItem\",\"position\":2,\"name\":\"Produkte\",\"item\":\"https:\\\/\\\/everydaychemshop.com\\\/de\\\/produkte\\\/\"},{\"@type\":\"ListItem\",\"position\":3,\"name\":\"MDAI\"}]},{\"@type\":\"WebSite\",\"@id\":\"https:\\\/\\\/everydaychemshop.com\\\/de\\\/#website\",\"url\":\"https:\\\/\\\/everydaychemshop.com\\\/de\\\/\",\"name\":\"Everyday Chem Shop\",\"description\":\"\",\"potentialAction\":[{\"@type\":\"SearchAction\",\"target\":{\"@type\":\"EntryPoint\",\"urlTemplate\":\"https:\\\/\\\/everydaychemshop.com\\\/de\\\/?s={search_term_string}\"},\"query-input\":{\"@type\":\"PropertyValueSpecification\",\"valueRequired\":true,\"valueName\":\"search_term_string\"}}],\"inLanguage\":\"en-US\"}]}<\/script>\n<!-- \/ Yoast SEO Premium plugin. -->","yoast_head_json":{"title":"Kaufen Sie MDAI-Kristalle online - Everyday Chem Shop","description":"Kaufen Sie MDAI-Kristalle online. Wenn Sie nach M\u00f6glichkeiten suchen, MDAI online zu kaufen, dann sind Sie hier genau richtig, um MDAI online zu kaufen.","robots":{"index":"index","follow":"follow","max-snippet":"max-snippet:-1","max-image-preview":"max-image-preview:large","max-video-preview":"max-video-preview:-1"},"canonical":"https:\/\/everydaychemshop.com\/de\/product\/kaufen-mdai-online\/","og_locale":"en_US","og_type":"article","og_title":"MDAI","og_description":"Kaufen Sie MDAI-Kristalle online. Wenn Sie nach M\u00f6glichkeiten suchen, MDAI online zu kaufen, dann sind Sie hier genau richtig, um MDAI online zu kaufen.","og_url":"https:\/\/everydaychemshop.com\/de\/product\/kaufen-mdai-online\/","og_site_name":"Everyday Chem Shop","article_modified_time":"2023-04-06T19:04:47+00:00","og_image":[{"width":1200,"height":1200,"url":"https:\/\/everydaychemshop.com\/de\/wp-content\/uploads\/sites\/3\/2022\/11\/MDAI.jpg","type":"image\/jpeg"}],"twitter_card":"summary_large_image","twitter_misc":{"Est. reading time":"3 minutes"},"schema":{"@context":"https:\/\/schema.org","@graph":[{"@type":"WebPage","@id":"https:\/\/everydaychemshop.com\/de\/product\/kaufen-mdai-online\/","url":"https:\/\/everydaychemshop.com\/de\/product\/kaufen-mdai-online\/","name":"Kaufen Sie MDAI-Kristalle online - Everyday Chem Shop","isPartOf":{"@id":"https:\/\/everydaychemshop.com\/de\/#website"},"primaryImageOfPage":{"@id":"https:\/\/everydaychemshop.com\/de\/product\/kaufen-mdai-online\/#primaryimage"},"image":{"@id":"https:\/\/everydaychemshop.com\/de\/product\/kaufen-mdai-online\/#primaryimage"},"thumbnailUrl":"https:\/\/everydaychemshop.com\/de\/wp-content\/uploads\/sites\/3\/2022\/11\/MDAI.jpg","datePublished":"2022-11-16T09:47:01+00:00","dateModified":"2023-04-06T19:04:47+00:00","description":"Kaufen Sie MDAI-Kristalle online. Wenn Sie nach M\u00f6glichkeiten suchen, MDAI online zu kaufen, dann sind Sie hier genau richtig, um MDAI online zu kaufen.","breadcrumb":{"@id":"https:\/\/everydaychemshop.com\/de\/product\/kaufen-mdai-online\/#breadcrumb"},"inLanguage":"en-US","potentialAction":[{"@type":"ReadAction","target":["https:\/\/everydaychemshop.com\/de\/product\/kaufen-mdai-online\/"]}]},{"@type":"ImageObject","inLanguage":"en-US","@id":"https:\/\/everydaychemshop.com\/de\/product\/kaufen-mdai-online\/#primaryimage","url":"https:\/\/everydaychemshop.com\/de\/wp-content\/uploads\/sites\/3\/2022\/11\/MDAI.jpg","contentUrl":"https:\/\/everydaychemshop.com\/de\/wp-content\/uploads\/sites\/3\/2022\/11\/MDAI.jpg","width":1200,"height":1200,"caption":"Kaufen Sie MDAI-Kristalle online"},{"@type":"BreadcrumbList","@id":"https:\/\/everydaychemshop.com\/de\/product\/kaufen-mdai-online\/#breadcrumb","itemListElement":[{"@type":"ListItem","position":1,"name":"Home","item":"https:\/\/everydaychemshop.com\/de\/"},{"@type":"ListItem","position":2,"name":"Produkte","item":"https:\/\/everydaychemshop.com\/de\/produkte\/"},{"@type":"ListItem","position":3,"name":"MDAI"}]},{"@type":"WebSite","@id":"https:\/\/everydaychemshop.com\/de\/#website","url":"https:\/\/everydaychemshop.com\/de\/","name":"Everyday Chem Shop","description":"","potentialAction":[{"@type":"SearchAction","target":{"@type":"EntryPoint","urlTemplate":"https:\/\/everydaychemshop.com\/de\/?s={search_term_string}"},"query-input":{"@type":"PropertyValueSpecification","valueRequired":true,"valueName":"search_term_string"}}],"inLanguage":"en-US"}]}},"_links":{"self":[{"href":"https:\/\/everydaychemshop.com\/de\/wp-json\/wp\/v2\/product\/7776","targetHints":{"allow":["GET"]}}],"collection":[{"href":"https:\/\/everydaychemshop.com\/de\/wp-json\/wp\/v2\/product"}],"about":[{"href":"https:\/\/everydaychemshop.com\/de\/wp-json\/wp\/v2\/types\/product"}],"replies":[{"embeddable":true,"href":"https:\/\/everydaychemshop.com\/de\/wp-json\/wp\/v2\/comments?post=7776"}],"wp:featuredmedia":[{"embeddable":true,"href":"https:\/\/everydaychemshop.com\/de\/wp-json\/wp\/v2\/media\/7806"}],"wp:attachment":[{"href":"https:\/\/everydaychemshop.com\/de\/wp-json\/wp\/v2\/media?parent=7776"}],"wp:term":[{"taxonomy":"product_brand","embeddable":true,"href":"https:\/\/everydaychemshop.com\/de\/wp-json\/wp\/v2\/product_brand?post=7776"},{"taxonomy":"product_cat","embeddable":true,"href":"https:\/\/everydaychemshop.com\/de\/wp-json\/wp\/v2\/product_cat?post=7776"},{"taxonomy":"product_tag","embeddable":true,"href":"https:\/\/everydaychemshop.com\/de\/wp-json\/wp\/v2\/product_tag?post=7776"}],"curies":[{"name":"wp","href":"https:\/\/api.w.org\/{rel}","templated":true}]}}