{"id":7794,"date":"2022-11-16T09:47:42","date_gmt":"2022-11-16T09:47:42","guid":{"rendered":"https:\/\/everydaychemshop.com\/de\/?post_type=product&#038;p=7794"},"modified":"2023-04-06T19:01:07","modified_gmt":"2023-04-06T19:01:07","slug":"butylon-online-kaufen","status":"publish","type":"product","link":"https:\/\/everydaychemshop.com\/de\/product\/butylon-online-kaufen\/","title":{"rendered":"Butylon online kaufen"},"content":{"rendered":"<h1>Kaufen Sie Butylonpulver online<\/h1>\n<p><a href=\"https:\/\/everydaychemshop.com\/de\/product\/butylon-online-kaufen\/\">Kaufen Sie Butylonpulver online<\/a>. Butylon (auch bekannt als \u03b2-Keto-N-methylbenzodioxolylbutanamin, \u03b2k-MBDB oder B1) ist ein synthetisches Entactogen und Stimulans der Phenethylamin- und Cathinon-Klassen. Butylon ist das \u03b2-Keto-Analogon von MBDB und das substituierte Methylendioxy-Analogon von Bupedron.<\/p>\n<p>Als Designerdroge wird es h\u00e4ufig zusammen mit Ethylon als Ersatz oder F\u00e4lschung f\u00fcr MDMA und Methylon (alles von denen zusammen als &#8220;Molly&#8221; bezeichnet werden) aufgrund der r\u00fcckl\u00e4ufigen Verf\u00fcgbarkeit von Methylon auf dem Markt f\u00fcr Forschungschemikalien.<\/p>\n<p>Trotz Verhaltens- und pharmakologische \u00c4hnlichkeiten zwischen Butylon und MDMA, die beobachteten subjektiven Wirkungen beider Substanzen sind nicht vollst\u00e4ndig identisch.<\/p>\n<p>Butylon hat nur eine kurze Geschichte der menschlichen Verwendung und ist Berichten zufolge ist es weniger stark als seine Verwandten Methylon und Ethylon und besitzt eher klassische Stimulanzien als entaktogene Wirkungen.<\/p>\n<p>Auch \u03b2-Keto-N-Methylbenzodioxolylbutanamin genannt, ist ein synthetisches Molek\u00fcl der Cathinon-Familie. Cathinone <a href=\"https:\/\/en.wikipedia.org\/wiki\/Butylone\">sind<\/a> Amphetaminen insofern strukturell \u00e4hnlich, als sie einen Phenethylaminkern mit einem Phenylring enthalten, der \u00fcber eine Ethylkette mit einer zus\u00e4tzlichen Ethylsubstitution an R\u03b1 an eine Aminogruppe (NH2) gebunden ist. Cathinone wie Butylon sind alpha-methylierte Phenethylamine (d. h. Amphetamine), unterscheiden sich jedoch von ihnen durch die Hinzuf\u00fcgung einer funktionellen Ketongruppe (einer Carbonylgruppe an R\u03b2). Butylon enth\u00e4lt eine Methylsubstitution am RN, eine Substitution, die mit MDEA, Ethylon, 4-MEC und bestimmten anderen Stimulanzien und Entaktogenen geteilt wird. Zus\u00e4tzlich enth\u00e4lt Butylon Substitutionen an R3 und R4 des Phenylrings mit Sauerstoffgruppen. Diese Sauerstoffgruppen sind \u00fcber eine Methylenkette in einen Methylendioxyring eingebaut. Butylon teilt diesen Methylendioxyring mit MDA, MDAI und MDMA.<\/p>\n<p>es wirkt als gemischter Wiederaufnahmehemmer\/freisetzendes Mittel von Serotonin, Noradrenalin und Dopamin. Dies sind die Neurotransmitter, die f\u00fcr Freude, Belohnung, Motivation und Konzentration verantwortlich sind. Dies geschieht durch die Hemmung der Wiederaufnahme und Reabsorption der Neurotransmitter, nachdem sie ihre Funktion zur \u00dcbertragung eines neuralen Impulses erf\u00fcllt haben, was ihnen im Wesentlichen erm\u00f6glicht, sich anzusammeln und wiederzuverwenden, was zu k\u00f6rperlich stimulierenden und euphorischen Effekten f\u00fchrt.<\/p>\n<p><strong> Wissen Sie, wo Sie Butylon online kaufen k\u00f6nnen?<\/strong><\/p>\n<p>Butylon zu verkaufen, Butylon-Stra\u00dfenwert, Butylon-Dosierung, wie man Butylon-Pulver herstellt, wo kann ich Butylon online kaufen, wo man Butylon online bekommt, was ist Butylon, hochwertiges Butylonpulver zum Verkauf. All diese unbeantworteten Fragen k\u00f6nnen durch uns beantwortet werden. Sie m\u00fcssen nur unsere Website durchgehen und Sie erhalten die Antworten darauf, wie und wo Sie Fentanyl-Pillen online kaufen k\u00f6nnen.<\/p>\n<p>Was ist mit Butylon-Pulver? Wissen Sie auch, wo Sie Butylone online kaufen k\u00f6nnen? Kaufen Sie Butylonpulver, Butylonpulver zum Verkauf, wie man Butylonpulver herstellt, wie sieht Butylonpulver aus, Butylonpulver-Stra\u00dfenpreis, Butylonpulverpreis, wo kann man Butylonpulver kaufen, reines Butylonpulver, wo kann ich Butylonpulver online kaufen, Butylon Pulverlieferanten, Butylon-Pulverform, reines Butylon-Pulver kaufen, Preis Butylon-Pulver<\/p>\n<p>Gute Qualit\u00e4t von Butylon online: Es ist v\u00f6llig klar, dass Menschen der Qualit\u00e4t von online verkauftem Butylon nicht schnell vertrauen, weil sie es nicht pr\u00fcfen k\u00f6nnen es k\u00f6rperlich. Aber es ist nicht dasselbe mit Online-Butylon-Lieferanten. Die Produkte hier sind ihrer Beschreibung treu, mit hochwertiger Wartung, die unter der Aufsicht von Experten durchgef\u00fchrt wird.<\/p>\n<p>Schnell &amp; Diskreter Versand: Die Lieferung des Butylone nach Eingang der Bestellung erfolgt innerhalb des versprochenen Zeitrahmens. Das Versandteam setzt alles daran, den Versand- und Liefervorgang reibungslos und schnell zu gestalten. Auch beim Kauf von Butylone k\u00f6nnen Sie exzellenten Service erwarten der Profi auf der Online-Plattform.<\/p>\n","protected":false},"excerpt":{"rendered":"<p>Butylon (auch bekannt als \u03b2-Keto-N-methylbenzodioxolylbutanamin, \u03b2k-MBDB oder B1) ist ein synthetisches Entaktogen und Stimulans der Phenethylamin- und Cathinon-Klassen. Butylon ist das \u03b2-Keto-Analogon von MBDB und das substituierte Methylendioxy-Analogon von Buphedron.<\/p>\n","protected":false},"featured_media":7808,"comment_status":"open","ping_status":"closed","template":"","meta":{"inline_featured_image":false},"product_brand":[],"product_cat":[264],"product_tag":[428,444,443,439,429,430,431,433,432,437,687,440,441,442,447,435,436,434,446,438,445,690,449,451,450],"class_list":{"0":"post-7794","1":"product","2":"type-product","3":"status-publish","4":"has-post-thumbnail","6":"product_cat-forschungschemikalie","7":"product_tag-99-reinheits-butylon-online","8":"product_tag-butylon-online-bestellen","9":"product_tag-butylon-kristall-online-bestellen","10":"product_tag-billiges-butylon-zu-verkaufen","11":"product_tag-butylon","12":"product_tag-butylone-bk-mbdb-zu-verkaufen","13":"product_tag-butylone-bk-mbdb-zum-verkauf-weltweit","14":"product_tag-butylon-zu-verkaufen","15":"product_tag-butylon-kristall-zu-verkaufen","16":"product_tag-buy-cheap-butylone-online","17":"product_tag-der-beste-ort","18":"product_tag-schnelle-lieferung-forschungschemikalie","19":"product_tag-how-to-buy-butylone-crystal-online","20":"product_tag-how-to-buy-butylone-onlinel","21":"product_tag-kauf-butylon-mit-bitcoin","22":"product_tag-butylon-online-kaufen","23":"product_tag-kaufen-butylon-pulver-und-kristalle-online-kaufen-methylon-pulver-und-kristalle-online","24":"product_tag-kaufen-butylon-kristall-online","25":"product_tag-kaufen-butylone-online","26":"product_tag-kaufen-ethylon-pulver-und-kristall-online","27":"product_tag-purchase-butylone-crystal-online","28":"product_tag-um-butylone-online-zu-kaufen","29":"product_tag-wo-zu-kaufen-butylone-bk-mbdb","30":"product_tag-wo-kaufen-butylon-online","31":"product_tag-wo-kaufen-butylon-kristall-online","33":"first","34":"instock","35":"sale","36":"shipping-taxable","37":"purchasable","38":"product-type-variable","39":"has-default-attributes"},"yoast_head":"<!-- This site is optimized with the Yoast SEO Premium plugin v19.2 (Yoast SEO v27.3) - https:\/\/yoast.com\/product\/yoast-seo-premium-wordpress\/ -->\n<title>Kaufen Sie Butylonpulver online - Everday Chem Shop<\/title>\n<meta name=\"description\" content=\"Kaufen Sie Butylonpulver online. Wenn Sie suchen, wie Sie Butylone online kaufen k\u00f6nnen, dann sind Sie hier genau richtig, um Butylone online zu kaufen.\" \/>\n<meta name=\"robots\" content=\"index, follow, max-snippet:-1, max-image-preview:large, max-video-preview:-1\" \/>\n<link rel=\"canonical\" href=\"https:\/\/everydaychemshop.com\/de\/product\/butylon-online-kaufen\/\" \/>\n<meta property=\"og:locale\" content=\"en_US\" \/>\n<meta property=\"og:type\" content=\"article\" \/>\n<meta property=\"og:title\" content=\"Butylon online kaufen\" \/>\n<meta property=\"og:description\" content=\"Kaufen Sie Butylonpulver online. Wenn Sie suchen, wie Sie Butylone online kaufen k\u00f6nnen, dann sind Sie hier genau richtig, um Butylone online zu kaufen.\" \/>\n<meta property=\"og:url\" content=\"https:\/\/everydaychemshop.com\/de\/product\/butylon-online-kaufen\/\" \/>\n<meta property=\"og:site_name\" content=\"Everyday Chem Shop\" \/>\n<meta property=\"article:modified_time\" content=\"2023-04-06T19:01:07+00:00\" \/>\n<meta property=\"og:image\" content=\"https:\/\/everydaychemshop.com\/de\/wp-content\/uploads\/sites\/3\/2022\/11\/Buy-Butylone-powder.jpg\" \/>\n\t<meta property=\"og:image:width\" content=\"1200\" \/>\n\t<meta property=\"og:image:height\" content=\"1200\" \/>\n\t<meta property=\"og:image:type\" content=\"image\/jpeg\" \/>\n<meta name=\"twitter:card\" content=\"summary_large_image\" \/>\n<meta name=\"twitter:label1\" content=\"Est. reading time\" \/>\n\t<meta name=\"twitter:data1\" content=\"3 minutes\" \/>\n<script type=\"application\/ld+json\" class=\"yoast-schema-graph\">{\"@context\":\"https:\\\/\\\/schema.org\",\"@graph\":[{\"@type\":\"WebPage\",\"@id\":\"https:\\\/\\\/everydaychemshop.com\\\/de\\\/product\\\/butylon-online-kaufen\\\/\",\"url\":\"https:\\\/\\\/everydaychemshop.com\\\/de\\\/product\\\/butylon-online-kaufen\\\/\",\"name\":\"Kaufen Sie Butylonpulver online - Everday Chem Shop\",\"isPartOf\":{\"@id\":\"https:\\\/\\\/everydaychemshop.com\\\/de\\\/#website\"},\"primaryImageOfPage\":{\"@id\":\"https:\\\/\\\/everydaychemshop.com\\\/de\\\/product\\\/butylon-online-kaufen\\\/#primaryimage\"},\"image\":{\"@id\":\"https:\\\/\\\/everydaychemshop.com\\\/de\\\/product\\\/butylon-online-kaufen\\\/#primaryimage\"},\"thumbnailUrl\":\"https:\\\/\\\/everydaychemshop.com\\\/de\\\/wp-content\\\/uploads\\\/sites\\\/3\\\/2022\\\/11\\\/Buy-Butylone-powder.jpg\",\"datePublished\":\"2022-11-16T09:47:42+00:00\",\"dateModified\":\"2023-04-06T19:01:07+00:00\",\"description\":\"Kaufen Sie Butylonpulver online. Wenn Sie suchen, wie Sie Butylone online kaufen k\u00f6nnen, dann sind Sie hier genau richtig, um Butylone online zu kaufen.\",\"breadcrumb\":{\"@id\":\"https:\\\/\\\/everydaychemshop.com\\\/de\\\/product\\\/butylon-online-kaufen\\\/#breadcrumb\"},\"inLanguage\":\"en-US\",\"potentialAction\":[{\"@type\":\"ReadAction\",\"target\":[\"https:\\\/\\\/everydaychemshop.com\\\/de\\\/product\\\/butylon-online-kaufen\\\/\"]}]},{\"@type\":\"ImageObject\",\"inLanguage\":\"en-US\",\"@id\":\"https:\\\/\\\/everydaychemshop.com\\\/de\\\/product\\\/butylon-online-kaufen\\\/#primaryimage\",\"url\":\"https:\\\/\\\/everydaychemshop.com\\\/de\\\/wp-content\\\/uploads\\\/sites\\\/3\\\/2022\\\/11\\\/Buy-Butylone-powder.jpg\",\"contentUrl\":\"https:\\\/\\\/everydaychemshop.com\\\/de\\\/wp-content\\\/uploads\\\/sites\\\/3\\\/2022\\\/11\\\/Buy-Butylone-powder.jpg\",\"width\":1200,\"height\":1200,\"caption\":\"Kaufen Sie Butylonpulver online\"},{\"@type\":\"BreadcrumbList\",\"@id\":\"https:\\\/\\\/everydaychemshop.com\\\/de\\\/product\\\/butylon-online-kaufen\\\/#breadcrumb\",\"itemListElement\":[{\"@type\":\"ListItem\",\"position\":1,\"name\":\"Home\",\"item\":\"https:\\\/\\\/everydaychemshop.com\\\/de\\\/\"},{\"@type\":\"ListItem\",\"position\":2,\"name\":\"Produkte\",\"item\":\"https:\\\/\\\/everydaychemshop.com\\\/de\\\/produkte\\\/\"},{\"@type\":\"ListItem\",\"position\":3,\"name\":\"Butylon online kaufen\"}]},{\"@type\":\"WebSite\",\"@id\":\"https:\\\/\\\/everydaychemshop.com\\\/de\\\/#website\",\"url\":\"https:\\\/\\\/everydaychemshop.com\\\/de\\\/\",\"name\":\"Everyday Chem Shop\",\"description\":\"\",\"potentialAction\":[{\"@type\":\"SearchAction\",\"target\":{\"@type\":\"EntryPoint\",\"urlTemplate\":\"https:\\\/\\\/everydaychemshop.com\\\/de\\\/?s={search_term_string}\"},\"query-input\":{\"@type\":\"PropertyValueSpecification\",\"valueRequired\":true,\"valueName\":\"search_term_string\"}}],\"inLanguage\":\"en-US\"}]}<\/script>\n<!-- \/ Yoast SEO Premium plugin. -->","yoast_head_json":{"title":"Kaufen Sie Butylonpulver online - Everday Chem Shop","description":"Kaufen Sie Butylonpulver online. Wenn Sie suchen, wie Sie Butylone online kaufen k\u00f6nnen, dann sind Sie hier genau richtig, um Butylone online zu kaufen.","robots":{"index":"index","follow":"follow","max-snippet":"max-snippet:-1","max-image-preview":"max-image-preview:large","max-video-preview":"max-video-preview:-1"},"canonical":"https:\/\/everydaychemshop.com\/de\/product\/butylon-online-kaufen\/","og_locale":"en_US","og_type":"article","og_title":"Butylon online kaufen","og_description":"Kaufen Sie Butylonpulver online. Wenn Sie suchen, wie Sie Butylone online kaufen k\u00f6nnen, dann sind Sie hier genau richtig, um Butylone online zu kaufen.","og_url":"https:\/\/everydaychemshop.com\/de\/product\/butylon-online-kaufen\/","og_site_name":"Everyday Chem Shop","article_modified_time":"2023-04-06T19:01:07+00:00","og_image":[{"width":1200,"height":1200,"url":"https:\/\/everydaychemshop.com\/de\/wp-content\/uploads\/sites\/3\/2022\/11\/Buy-Butylone-powder.jpg","type":"image\/jpeg"}],"twitter_card":"summary_large_image","twitter_misc":{"Est. reading time":"3 minutes"},"schema":{"@context":"https:\/\/schema.org","@graph":[{"@type":"WebPage","@id":"https:\/\/everydaychemshop.com\/de\/product\/butylon-online-kaufen\/","url":"https:\/\/everydaychemshop.com\/de\/product\/butylon-online-kaufen\/","name":"Kaufen Sie Butylonpulver online - Everday Chem Shop","isPartOf":{"@id":"https:\/\/everydaychemshop.com\/de\/#website"},"primaryImageOfPage":{"@id":"https:\/\/everydaychemshop.com\/de\/product\/butylon-online-kaufen\/#primaryimage"},"image":{"@id":"https:\/\/everydaychemshop.com\/de\/product\/butylon-online-kaufen\/#primaryimage"},"thumbnailUrl":"https:\/\/everydaychemshop.com\/de\/wp-content\/uploads\/sites\/3\/2022\/11\/Buy-Butylone-powder.jpg","datePublished":"2022-11-16T09:47:42+00:00","dateModified":"2023-04-06T19:01:07+00:00","description":"Kaufen Sie Butylonpulver online. Wenn Sie suchen, wie Sie Butylone online kaufen k\u00f6nnen, dann sind Sie hier genau richtig, um Butylone online zu kaufen.","breadcrumb":{"@id":"https:\/\/everydaychemshop.com\/de\/product\/butylon-online-kaufen\/#breadcrumb"},"inLanguage":"en-US","potentialAction":[{"@type":"ReadAction","target":["https:\/\/everydaychemshop.com\/de\/product\/butylon-online-kaufen\/"]}]},{"@type":"ImageObject","inLanguage":"en-US","@id":"https:\/\/everydaychemshop.com\/de\/product\/butylon-online-kaufen\/#primaryimage","url":"https:\/\/everydaychemshop.com\/de\/wp-content\/uploads\/sites\/3\/2022\/11\/Buy-Butylone-powder.jpg","contentUrl":"https:\/\/everydaychemshop.com\/de\/wp-content\/uploads\/sites\/3\/2022\/11\/Buy-Butylone-powder.jpg","width":1200,"height":1200,"caption":"Kaufen Sie Butylonpulver online"},{"@type":"BreadcrumbList","@id":"https:\/\/everydaychemshop.com\/de\/product\/butylon-online-kaufen\/#breadcrumb","itemListElement":[{"@type":"ListItem","position":1,"name":"Home","item":"https:\/\/everydaychemshop.com\/de\/"},{"@type":"ListItem","position":2,"name":"Produkte","item":"https:\/\/everydaychemshop.com\/de\/produkte\/"},{"@type":"ListItem","position":3,"name":"Butylon online kaufen"}]},{"@type":"WebSite","@id":"https:\/\/everydaychemshop.com\/de\/#website","url":"https:\/\/everydaychemshop.com\/de\/","name":"Everyday Chem Shop","description":"","potentialAction":[{"@type":"SearchAction","target":{"@type":"EntryPoint","urlTemplate":"https:\/\/everydaychemshop.com\/de\/?s={search_term_string}"},"query-input":{"@type":"PropertyValueSpecification","valueRequired":true,"valueName":"search_term_string"}}],"inLanguage":"en-US"}]}},"_links":{"self":[{"href":"https:\/\/everydaychemshop.com\/de\/wp-json\/wp\/v2\/product\/7794","targetHints":{"allow":["GET"]}}],"collection":[{"href":"https:\/\/everydaychemshop.com\/de\/wp-json\/wp\/v2\/product"}],"about":[{"href":"https:\/\/everydaychemshop.com\/de\/wp-json\/wp\/v2\/types\/product"}],"replies":[{"embeddable":true,"href":"https:\/\/everydaychemshop.com\/de\/wp-json\/wp\/v2\/comments?post=7794"}],"wp:featuredmedia":[{"embeddable":true,"href":"https:\/\/everydaychemshop.com\/de\/wp-json\/wp\/v2\/media\/7808"}],"wp:attachment":[{"href":"https:\/\/everydaychemshop.com\/de\/wp-json\/wp\/v2\/media?parent=7794"}],"wp:term":[{"taxonomy":"product_brand","embeddable":true,"href":"https:\/\/everydaychemshop.com\/de\/wp-json\/wp\/v2\/product_brand?post=7794"},{"taxonomy":"product_cat","embeddable":true,"href":"https:\/\/everydaychemshop.com\/de\/wp-json\/wp\/v2\/product_cat?post=7794"},{"taxonomy":"product_tag","embeddable":true,"href":"https:\/\/everydaychemshop.com\/de\/wp-json\/wp\/v2\/product_tag?post=7794"}],"curies":[{"name":"wp","href":"https:\/\/api.w.org\/{rel}","templated":true}]}}