{"id":7830,"date":"2022-11-16T18:06:49","date_gmt":"2022-11-16T18:06:49","guid":{"rendered":"https:\/\/everydaychemshop.com\/de\/?post_type=product&#038;p=7830"},"modified":"2023-04-06T18:54:16","modified_gmt":"2023-04-06T18:54:16","slug":"k2-papier","status":"publish","type":"product","link":"https:\/\/everydaychemshop.com\/de\/product\/k2-papier\/","title":{"rendered":"K2-Papier"},"content":{"rendered":"<h1>K2 Papier online kaufen<\/h1>\n<p><a href=\"https:\/\/everydaychemshop.com\/de\/product\/k2-papier\/\">K2 Papier online kaufen<\/a>. Willkommen beim besten Ort, um k2-Papier zum Verkauf in den USA ohne Komplikationen oder Polizei zu kaufen. Wir sind darauf spezialisiert, K2-Papier von bester Qualit\u00e4t online zu liefern. Wir haben flexible Zahlungsmethoden, die Sie nicht stressen, wenn Sie k2-Papierbl\u00e4tter bestellen m\u00f6chten. Holen Sie sich einen kostenlosen Weihrauch, kaufen Sie k2 Gro\u00dfhandelspapier online, k2 Papierbl\u00e4tter zum Verkauf. Wir machen keine Witze, wenn es um Produktlieferungen geht, denn das ist das Gesch\u00e4ft, mit dem ich meine Rechnungen bezahle. Deshalb stelle ich immer sicher, dass Sie das beste Produkt erhalten, denn ein gutes Gesch\u00e4ft ist mehr Gesch\u00e4ft. Unsere Lieferung erfolgt <a href=\"https:\/\/nida.nih.gov\/research-topics\/synthetic-cannabinoids-k2spice\">\u00fcber<\/a> Nacht, sodass Sie kein Problem haben, wenn Sie k2-Papier zum Verkauf in den USA bestellen. Wenn Sie in den USA ans\u00e4ssig sind und k2 Papier zum Verkauf in den USA zu einem g\u00fcnstigen Preis kaufen m\u00f6chten. <span class=\"css-a5m6co-text css-p8ym46-fontFamily css-11397xj-fontSize css-18j1nfb-display\">k2-Papierb\u00f6gen zu verkaufen.<\/span>fl\u00fcssige k2-Papierb\u00f6gen,<\/p>\n<p>&amp;nbsp ;<\/p>\n<p><img loading=\"lazy\" decoding=\"async\" class=\"alignnone size-medium wp-image-7833\" src=\"https:\/\/everydaychemshop.com\/de\/wp-content\/uploads\/sites\/3\/2022\/11\/ K2-Paper-spraying-300x169.jpg\" alt=\"\" width=\"300\" height=\"169\" \/><\/p>\n<p>Kaufen Sie K2-Papier problemlos zum Verkauf, wenn Sie nicht verstehen, wie es geht Wenn Sie eine Bestellung aufgeben, sollten Sie sich immer an unsere WhatsApp-E-Mail-Adresse und auch an den Live-Chat wenden. K2-Papier zum Verkauf USA Wenn es um Potenz geht, haben wir eines der st\u00e4rksten k2-Papiere zum Verkauf. Todesgriff-Potpourri\u00a0ist verf\u00fcgbar, k2-Papier B\u00f6gen zum Verkauf und Legal High K2 Gew\u00fcrzpapier. Wenn Sie nicht wissen, wie Sie Ihre Bestellung aufgeben sollen, vergessen Sie nicht, uns zu kontaktieren. Wir haben immer ge\u00f6ffnet, wenn Sie also unsere Produkte heute bestellen m\u00f6chten, erhalten Sie 20 % Rabatt auf alle Ihre Produkte. Ergreifen Sie jetzt diese Gelegenheit und geben Sie Ihre Bestellung auf, denn wir spielen nicht mit Billigprodukten. K2 Gew\u00fcrzspray auf Papier zu verkaufen.<\/p>\n<p>Spice K2 Liquid Spray auf Papier, Spice Liquid K2 auf Papier kaufen, K2 Liquid kaufen spray auf papier, k2 spray auf papier zu verkaufen, gew\u00fcrzspray f\u00fcr papier, fl\u00fcssiges k2 auf papier online, fl\u00fcssiges k2 spray auf papier zum verkauf in meiner n\u00e4he, k2 auf papier spr\u00fchen,<strong data-key=\"k2 infused paper for sale\">\u00a0<\/strong>Legal High K2 Spice Paper<strong data-key=\"k2 Infused Paper for Sale\">,<\/strong>\u00a0K2 Paper for Sale USA, st\u00e4rkstes k2 Spray auf Papier, was ist k2 Spray auf Papier, kaufen a4 getr\u00e4nktes Papier, billige k2-Papierbl\u00e4tter, k2-Papier online kaufen<\/p>\n<h2>K2-Gro\u00dfhandelspapier online kaufen USA Lieferung am n\u00e4chsten Tag<\/h2>\n<p>Wir verstehen, wenn Sie kein k2-Papier haben, deshalb wir immer Stellen Sie sicher, dass wir als n\u00e4chstes alle unsere Produkte \u00fcber Nacht versenden. Wenn Sie k2-Papier zum Verkauf in unserem Shop bestellen, sollten Sie immer sicherstellen, dass Sie sicher sind, wenn Sie k2-Papier online bei uns kaufen. Wenn Sie Ihr Paket so schnell wie m\u00f6glich haben m\u00f6chten, sollten Sie uns ausprobieren und sehen, wovon ich spreche, wenn Sie in den USA oder Europa sind, Gro\u00dfhandel f\u00fcr k2-Papier online. Papier zum Verkauf Kaufen Sie k2, unser Versandprozess ist derselbe, sodass Sie keine Probleme haben, k2-Papier zum Verkauf zu einem g\u00fcnstigen Preis zu kaufen. Wir m\u00f6chten sicherstellen, dass Sie im Falle eines Spiels immer bereit sind.<\/p>\n<p>Es ist immer ratsam, w\u00e4hrend der Lieferung an Ihrem Standort zu sein, damit Sie keine Probleme mit der Polizei haben. Besuchen Sie immer unseren Shop f\u00fcr Ihre Kr\u00e4uterr\u00e4ucherst\u00e4bchen und auch f\u00fcr fl\u00fcssiges Papier. k2-infundiertes Papier und kaufen Sie fl\u00fcssiges k2-Papier, wenn es um Produktqualit\u00e4t und diskrete Verpackung geht, haben wir uns dieses Jahr das beste Geschenk verdient. 18j1nfb-display&#8221;&gt;K2-Papierbl\u00e4tter zum Verkauf,\u00a0Bei jedem unserer Papiere wird Spitzenqualit\u00e4t auf beide Seiten des\u00a0Papiers gespr\u00fcht. Jedes A4-Blatt ist mit 25 ml = 0,845351 Fl\u00fcssigunzen fl\u00fcssigem K2 angereichert<\/p>\n<p>Wenn Sie im Gef\u00e4ngnis sind und k2-Papier online bestellen m\u00f6chten, sind Sie nicht der Beste, da die meisten unserer Kunden im Gef\u00e4ngnis sind. Unsere Produkte sind am besten f\u00fcr ihren farb- und geruchlosen Geruch bekannt. G\u00fcnstige k2-Papierbl\u00e4tter, kaufen Sie k2 Papier im Internet. Unsere Produkte sind sehr rein, weil sie von Labortechnikern hergestellt werden, die seit \u00fcber 15 Jahren im Gesch\u00e4ft sind. Vergessen Sie Gef\u00fchle, unser Ball ist das Beste, was Sie jetzt tun k\u00f6nnen. Wenn Sie bereits Kunde sind, k\u00f6nnen Sie unsere Produkte stressfrei bestellen.<\/p>\n<h3>K2 Sheets online kaufen G\u00fcnstiger Preis<\/h3>\n<p>Durch g\u00fcnstige Preise sparen Sie viel, wenn Sie k2 Gew\u00fcrzpapier online in unserem Shop bestellen. es besteht keine Notwendigkeit, k2-Platten online zu einem g\u00fcnstigen Preis mit geringer Qualit\u00e4t zu kaufen. Es gibt viele Leute da drau\u00dfen, die das beste k2-Papier brauchen. Wir m\u00f6chten, dass Sie online die beste Erfahrung machen. k2-Gro\u00dfhandelspapier online kaufen, k2-Papierb\u00f6gen zum Verkauf<br \/>\nK2-Papier zum Verkauf USA, unsere Preise sind sehr wettbewerbsf\u00e4hig, wenn Sie sich also nicht stressen m\u00f6chten, k2-Papier zu kaufen unzuverl\u00e4ssige Shops, sollten Sie stattdessen bei uns bestellen, denn wir haben f\u00fcr Sie gesorgt.<\/p>\n<p>Wir bieten auch kostenlosen Versand \u00fcber Nacht an, wenn Sie zum ersten Mal k2 Spray online kaufen. Wir m\u00f6chten Sie weltweit mit den besten Qualit\u00e4tsprodukten beliefern. K2-Papier zum Verkauf USA Das beste verf\u00fcgbare k2-Papier zum Verkauf online ist jetzt in unserem Shop erh\u00e4ltlich. billige k2-Papierb\u00f6gen, kaufen Sie k2-Papier online, wir liefern an alle\u00a050 Bundesstaaten\u00a0in den USA , wenn Sie unser Krankenhaus bewerten m\u00f6chten, m\u00fcssen Sie nur unseren Shop besuchen und Ihre Bestellung aufgeben. Kaufen Sie k2-Papier zum Verkauf bei uns und lassen Sie Ihr Produkt am n\u00e4chsten Tag per FedEx oder\u00a0DHL liefern . Wenn Sie Schwierigkeiten haben, k2-Papiere in unserem Shop zu bestellen, kontaktieren Sie uns, damit wir Ihre Bestellung sofort bearbeiten k\u00f6nnen.<\/p>\n<h3>K2-Papierb\u00f6gen zum Verkauf in gro\u00dfen Mengen<\/h3>\n<p>Wenn Sie ein Einzelh\u00e4ndler sind und Sie online nach den besten Angeboten f\u00fcr K2-Papier suchen, sollten Sie unseren Shop besuchen, damit wir Ihnen die besten Produkte und auch sehr g\u00fcnstige Preise anbieten k\u00f6nnen -fontSize css-18j1nfb-display&#8221;&gt;k2 Papierbl\u00e4tter zu verkaufen. Sie k\u00f6nnen sicher bei uns einkaufen, da unsere Liefermethode unschlagbar ist. Wir m\u00f6chten sicherstellen, dass die Produkte, die Sie erhalten, nur die besten sind. Wenn Sie 10 k2-Papiere und mehr kaufen m\u00f6chten, sollten Sie in Erw\u00e4gung ziehen, uns zu besuchen, da wir Ihnen einen g\u00fcnstigen Preis ohne Komplikationen anbieten.<\/p>\n<p><img decoding=\"async\" class=\"alignnone size-medium wp-image-7832\" src=\"https:\/\/everydaychemshop.com\/de\/wp-content\/uploads\/sites\/3\/2022\/11\/K2-Paper-rolled-300x300.png\" alt=\"\" width=\"300\" height=\"300 \" srcset=\"https:\/\/everydaychemshop.com\/de\/wp-content\/uploads\/sites\/3\/2022\/11\/K2-Paper-rolled-300x300.png 300w, https:\/\/everydaychemshop.com\/de\/wp-content\/uploads\/sites\/3\/2022\/11\/K2-Paper-rolled-150x150.png 150w, https:\/\/everydaychemshop.com\/de\/wp-content\/uploads\/sites\/3\/2022\/11\/K2-Paper-rolled-320x320.png 320w, https:\/\/everydaychemshop.com\/de\/wp-content\/uploads\/sites\/3\/2022\/11\/K2-Paper-rolled.png 600w\" sizes=\"(max-width: 300px) 100vw, 300px\" \/><\/p>\n","protected":false},"excerpt":{"rendered":"<p>Bestellen Sie K2-Papier in bester Qualit\u00e4t online zum Verkauf in den USA mit garantierter Lieferung am n\u00e4chsten Tag von der vertrauensw\u00fcrdigsten und zuverl\u00e4ssigsten Online-Apotheke ohne Komplikationen. Wir sind hier, um Sie gl\u00fccklich zu machen und es jedem sehr einfach zu machen, zu bestellen K2-Papier online ohne Probleme. k2 papier gro\u00dfhandel online, k2 papier gro\u00dfhandel online kaufenk2 papierbogen kaufen<\/p>\n","protected":false},"featured_media":7834,"comment_status":"open","ping_status":"closed","template":"","meta":{"inline_featured_image":false},"product_brand":[],"product_cat":[116],"product_tag":[],"class_list":{"0":"post-7830","1":"product","2":"type-product","3":"status-publish","4":"has-post-thumbnail","6":"product_cat-schmerzmittel","8":"first","9":"instock","10":"shipping-taxable","11":"purchasable","12":"product-type-variable","13":"has-default-attributes"},"yoast_head":"<!-- This site is optimized with the Yoast SEO Premium plugin v19.2 (Yoast SEO v27.3) - https:\/\/yoast.com\/product\/yoast-seo-premium-wordpress\/ -->\n<title>K2 Papier online kaufen - Everyday Chem Shop<\/title>\n<meta name=\"description\" content=\"K2 Papier online kaufen. Wir verkaufen K2-Papier in bester Qualit\u00e4t online. Bitte kontaktieren Sie uns f\u00fcr weitere Informationen und Preise.\" \/>\n<meta name=\"robots\" content=\"index, follow, max-snippet:-1, max-image-preview:large, max-video-preview:-1\" \/>\n<link rel=\"canonical\" href=\"https:\/\/everydaychemshop.com\/de\/product\/k2-papier\/\" \/>\n<meta property=\"og:locale\" content=\"en_US\" \/>\n<meta property=\"og:type\" content=\"article\" \/>\n<meta property=\"og:title\" content=\"K2-Papier\" \/>\n<meta property=\"og:description\" content=\"K2 Papier online kaufen. Wir verkaufen K2-Papier in bester Qualit\u00e4t online. Bitte kontaktieren Sie uns f\u00fcr weitere Informationen und Preise.\" \/>\n<meta property=\"og:url\" content=\"https:\/\/everydaychemshop.com\/de\/product\/k2-papier\/\" \/>\n<meta property=\"og:site_name\" content=\"Everyday Chem Shop\" \/>\n<meta property=\"article:modified_time\" content=\"2023-04-06T18:54:16+00:00\" \/>\n<meta property=\"og:image\" content=\"https:\/\/everydaychemshop.com\/de\/wp-content\/uploads\/sites\/3\/2022\/11\/Legal-High-K2-Spice-Paper.jpg\" \/>\n\t<meta property=\"og:image:width\" content=\"225\" \/>\n\t<meta property=\"og:image:height\" content=\"225\" \/>\n\t<meta property=\"og:image:type\" content=\"image\/jpeg\" \/>\n<meta name=\"twitter:card\" content=\"summary_large_image\" \/>\n<meta name=\"twitter:label1\" content=\"Est. reading time\" \/>\n\t<meta name=\"twitter:data1\" content=\"5 minutes\" \/>\n<script type=\"application\/ld+json\" class=\"yoast-schema-graph\">{\"@context\":\"https:\\\/\\\/schema.org\",\"@graph\":[{\"@type\":\"WebPage\",\"@id\":\"https:\\\/\\\/everydaychemshop.com\\\/de\\\/product\\\/k2-papier\\\/\",\"url\":\"https:\\\/\\\/everydaychemshop.com\\\/de\\\/product\\\/k2-papier\\\/\",\"name\":\"K2 Papier online kaufen - Everyday Chem Shop\",\"isPartOf\":{\"@id\":\"https:\\\/\\\/everydaychemshop.com\\\/de\\\/#website\"},\"primaryImageOfPage\":{\"@id\":\"https:\\\/\\\/everydaychemshop.com\\\/de\\\/product\\\/k2-papier\\\/#primaryimage\"},\"image\":{\"@id\":\"https:\\\/\\\/everydaychemshop.com\\\/de\\\/product\\\/k2-papier\\\/#primaryimage\"},\"thumbnailUrl\":\"https:\\\/\\\/everydaychemshop.com\\\/de\\\/wp-content\\\/uploads\\\/sites\\\/3\\\/2022\\\/11\\\/Legal-High-K2-Spice-Paper.jpg\",\"datePublished\":\"2022-11-16T18:06:49+00:00\",\"dateModified\":\"2023-04-06T18:54:16+00:00\",\"description\":\"K2 Papier online kaufen. Wir verkaufen K2-Papier in bester Qualit\u00e4t online. Bitte kontaktieren Sie uns f\u00fcr weitere Informationen und Preise.\",\"breadcrumb\":{\"@id\":\"https:\\\/\\\/everydaychemshop.com\\\/de\\\/product\\\/k2-papier\\\/#breadcrumb\"},\"inLanguage\":\"en-US\",\"potentialAction\":[{\"@type\":\"ReadAction\",\"target\":[\"https:\\\/\\\/everydaychemshop.com\\\/de\\\/product\\\/k2-papier\\\/\"]}]},{\"@type\":\"ImageObject\",\"inLanguage\":\"en-US\",\"@id\":\"https:\\\/\\\/everydaychemshop.com\\\/de\\\/product\\\/k2-papier\\\/#primaryimage\",\"url\":\"https:\\\/\\\/everydaychemshop.com\\\/de\\\/wp-content\\\/uploads\\\/sites\\\/3\\\/2022\\\/11\\\/Legal-High-K2-Spice-Paper.jpg\",\"contentUrl\":\"https:\\\/\\\/everydaychemshop.com\\\/de\\\/wp-content\\\/uploads\\\/sites\\\/3\\\/2022\\\/11\\\/Legal-High-K2-Spice-Paper.jpg\",\"width\":225,\"height\":225,\"caption\":\"K2 Papier online kaufen\"},{\"@type\":\"BreadcrumbList\",\"@id\":\"https:\\\/\\\/everydaychemshop.com\\\/de\\\/product\\\/k2-papier\\\/#breadcrumb\",\"itemListElement\":[{\"@type\":\"ListItem\",\"position\":1,\"name\":\"Home\",\"item\":\"https:\\\/\\\/everydaychemshop.com\\\/de\\\/\"},{\"@type\":\"ListItem\",\"position\":2,\"name\":\"Produkte\",\"item\":\"https:\\\/\\\/everydaychemshop.com\\\/de\\\/produkte\\\/\"},{\"@type\":\"ListItem\",\"position\":3,\"name\":\"K2-Papier\"}]},{\"@type\":\"WebSite\",\"@id\":\"https:\\\/\\\/everydaychemshop.com\\\/de\\\/#website\",\"url\":\"https:\\\/\\\/everydaychemshop.com\\\/de\\\/\",\"name\":\"Everyday Chem Shop\",\"description\":\"\",\"potentialAction\":[{\"@type\":\"SearchAction\",\"target\":{\"@type\":\"EntryPoint\",\"urlTemplate\":\"https:\\\/\\\/everydaychemshop.com\\\/de\\\/?s={search_term_string}\"},\"query-input\":{\"@type\":\"PropertyValueSpecification\",\"valueRequired\":true,\"valueName\":\"search_term_string\"}}],\"inLanguage\":\"en-US\"}]}<\/script>\n<!-- \/ Yoast SEO Premium plugin. -->","yoast_head_json":{"title":"K2 Papier online kaufen - Everyday Chem Shop","description":"K2 Papier online kaufen. Wir verkaufen K2-Papier in bester Qualit\u00e4t online. Bitte kontaktieren Sie uns f\u00fcr weitere Informationen und Preise.","robots":{"index":"index","follow":"follow","max-snippet":"max-snippet:-1","max-image-preview":"max-image-preview:large","max-video-preview":"max-video-preview:-1"},"canonical":"https:\/\/everydaychemshop.com\/de\/product\/k2-papier\/","og_locale":"en_US","og_type":"article","og_title":"K2-Papier","og_description":"K2 Papier online kaufen. Wir verkaufen K2-Papier in bester Qualit\u00e4t online. Bitte kontaktieren Sie uns f\u00fcr weitere Informationen und Preise.","og_url":"https:\/\/everydaychemshop.com\/de\/product\/k2-papier\/","og_site_name":"Everyday Chem Shop","article_modified_time":"2023-04-06T18:54:16+00:00","og_image":[{"width":225,"height":225,"url":"https:\/\/everydaychemshop.com\/de\/wp-content\/uploads\/sites\/3\/2022\/11\/Legal-High-K2-Spice-Paper.jpg","type":"image\/jpeg"}],"twitter_card":"summary_large_image","twitter_misc":{"Est. reading time":"5 minutes"},"schema":{"@context":"https:\/\/schema.org","@graph":[{"@type":"WebPage","@id":"https:\/\/everydaychemshop.com\/de\/product\/k2-papier\/","url":"https:\/\/everydaychemshop.com\/de\/product\/k2-papier\/","name":"K2 Papier online kaufen - Everyday Chem Shop","isPartOf":{"@id":"https:\/\/everydaychemshop.com\/de\/#website"},"primaryImageOfPage":{"@id":"https:\/\/everydaychemshop.com\/de\/product\/k2-papier\/#primaryimage"},"image":{"@id":"https:\/\/everydaychemshop.com\/de\/product\/k2-papier\/#primaryimage"},"thumbnailUrl":"https:\/\/everydaychemshop.com\/de\/wp-content\/uploads\/sites\/3\/2022\/11\/Legal-High-K2-Spice-Paper.jpg","datePublished":"2022-11-16T18:06:49+00:00","dateModified":"2023-04-06T18:54:16+00:00","description":"K2 Papier online kaufen. Wir verkaufen K2-Papier in bester Qualit\u00e4t online. Bitte kontaktieren Sie uns f\u00fcr weitere Informationen und Preise.","breadcrumb":{"@id":"https:\/\/everydaychemshop.com\/de\/product\/k2-papier\/#breadcrumb"},"inLanguage":"en-US","potentialAction":[{"@type":"ReadAction","target":["https:\/\/everydaychemshop.com\/de\/product\/k2-papier\/"]}]},{"@type":"ImageObject","inLanguage":"en-US","@id":"https:\/\/everydaychemshop.com\/de\/product\/k2-papier\/#primaryimage","url":"https:\/\/everydaychemshop.com\/de\/wp-content\/uploads\/sites\/3\/2022\/11\/Legal-High-K2-Spice-Paper.jpg","contentUrl":"https:\/\/everydaychemshop.com\/de\/wp-content\/uploads\/sites\/3\/2022\/11\/Legal-High-K2-Spice-Paper.jpg","width":225,"height":225,"caption":"K2 Papier online kaufen"},{"@type":"BreadcrumbList","@id":"https:\/\/everydaychemshop.com\/de\/product\/k2-papier\/#breadcrumb","itemListElement":[{"@type":"ListItem","position":1,"name":"Home","item":"https:\/\/everydaychemshop.com\/de\/"},{"@type":"ListItem","position":2,"name":"Produkte","item":"https:\/\/everydaychemshop.com\/de\/produkte\/"},{"@type":"ListItem","position":3,"name":"K2-Papier"}]},{"@type":"WebSite","@id":"https:\/\/everydaychemshop.com\/de\/#website","url":"https:\/\/everydaychemshop.com\/de\/","name":"Everyday Chem Shop","description":"","potentialAction":[{"@type":"SearchAction","target":{"@type":"EntryPoint","urlTemplate":"https:\/\/everydaychemshop.com\/de\/?s={search_term_string}"},"query-input":{"@type":"PropertyValueSpecification","valueRequired":true,"valueName":"search_term_string"}}],"inLanguage":"en-US"}]}},"_links":{"self":[{"href":"https:\/\/everydaychemshop.com\/de\/wp-json\/wp\/v2\/product\/7830","targetHints":{"allow":["GET"]}}],"collection":[{"href":"https:\/\/everydaychemshop.com\/de\/wp-json\/wp\/v2\/product"}],"about":[{"href":"https:\/\/everydaychemshop.com\/de\/wp-json\/wp\/v2\/types\/product"}],"replies":[{"embeddable":true,"href":"https:\/\/everydaychemshop.com\/de\/wp-json\/wp\/v2\/comments?post=7830"}],"wp:featuredmedia":[{"embeddable":true,"href":"https:\/\/everydaychemshop.com\/de\/wp-json\/wp\/v2\/media\/7834"}],"wp:attachment":[{"href":"https:\/\/everydaychemshop.com\/de\/wp-json\/wp\/v2\/media?parent=7830"}],"wp:term":[{"taxonomy":"product_brand","embeddable":true,"href":"https:\/\/everydaychemshop.com\/de\/wp-json\/wp\/v2\/product_brand?post=7830"},{"taxonomy":"product_cat","embeddable":true,"href":"https:\/\/everydaychemshop.com\/de\/wp-json\/wp\/v2\/product_cat?post=7830"},{"taxonomy":"product_tag","embeddable":true,"href":"https:\/\/everydaychemshop.com\/de\/wp-json\/wp\/v2\/product_tag?post=7830"}],"curies":[{"name":"wp","href":"https:\/\/api.w.org\/{rel}","templated":true}]}}