{"id":7885,"date":"2022-11-16T19:26:10","date_gmt":"2022-11-16T19:26:10","guid":{"rendered":"https:\/\/everydaychemshop.com\/de\/?post_type=product&#038;p=7885"},"modified":"2023-04-06T18:53:06","modified_gmt":"2023-04-06T18:53:06","slug":"clear-k2-weihrauch-spray","status":"publish","type":"product","link":"https:\/\/everydaychemshop.com\/de\/product\/clear-k2-weihrauch-spray\/","title":{"rendered":"Klares K2 Weihrauchspray"},"content":{"rendered":"<h1>K2 Weihrauchspray online kaufen<\/h1>\n<p><a href=\"https:\/\/everydaychemshop.com\/de\/product\/clear-k2-weihrauch-spray\/\">K2 Weihrauchspray online kaufen<\/a>. K2 R\u00e4ucherst\u00e4bchenspray online kaufen, kaufen Sie bei uns preiswertes klares K2 R\u00e4ucherst\u00e4bchenspray zu g\u00fcnstigen Gro\u00dfhandelspreisen. Alle unsere k2-Getr\u00e4nke und Weihrauchsprays sind farblos, geruchlos und wirklich sauber, wenn sie auf ein St\u00fcck Papier gespr\u00fcht werden.<\/p>\n<p>Synthetische Cannabinoide werden durch einige Emblemnamen angesehen, darunter K2, Spice, Arizona, Black Mamba, Bombay Blue, Genie, Zohai, Banana Cream Nuke, Krypton, Lava Red und viele weitere.<\/p>\n<p>In einigen spanischsprachigen L\u00e4ndern, einschlie\u00dflich Chile und Argentinien,<\/p>\n<p>So Arrangements werden regelm\u00e4\u00dfig als \u201eb\u00f6se\u201c angesehen.<\/p>\n<p>Nelson behauptet, dass Waren, die k\u00fcnstliche Cannabinoide enthalten, im Vergleich <a href=\"https:\/\/nida.nih.gov\/research-topics\/synthetic-cannabinoids-k2spice\">zu<\/a> Marihuana \u201eehrlicherweise ziemlich anders sind und die Folgen viel unberechenbarer sind<\/p>\n<p>Synthetische Cannabinoide werden durch einige Emblemnamen angesehen, darunter K2, Spice, Arizona, Black Mamba, Bombay Blue, Genie, Zohai, Banana Cream Nuke, Krypton, Lava Red und viele mehr.<\/p>\n<p>In a wenige spanischsprachige L\u00e4nder, einschlie\u00dflich Chile und Argentinien,<\/p>\n<p>Solche Arrangements werden regelm\u00e4\u00dfig als \u201eknusprig\u201c bezeichnet.<\/p>\n<p>Sie werden regelm\u00e4\u00dfig \u201ek\u00fcnstliches Marihuana\u201c, \u201eKr\u00e4uterkr\u00e4uter\u201c, \u201enat\u00fcrliche Weihrauch\u201c genannt<\/p>\n<p>Liquid K2 auf Papier<\/p>\n<p>Wir stellen Ihnen die nahezu perfekten Produkte vor, die Sie kaufen k\u00f6nnen. Es ist eine perfekte E-Liquid-Variation von nat\u00fcrlichem Weihrauch, die wir jemals erlebt haben. Sie k\u00f6nnen einige der ber\u00fchmtesten Namen im Unternehmen ernten oder ihre personalisierten Lebensmischungen erhalten, die Ihnen neue Aromamengen bieten, von denen Sie dachten, dass sie nicht erfolgreich sein k\u00f6nnten Gro\u00dfbritannien. Pre-Roll bezieht sich auf ein paar Joints, die vorgerollt wurden. Apotheken vermarkten in der Regel Pre-Rolls. Pre-Roll-Joints haben die Tendenz, fantastisch g\u00fcnstig, kleiner und diskret zu sein. Sie sind perfekt.<\/p>\n<p>K2 Liquid Spray<\/p>\n<p>Wissen Sie, was Sie durch die Auswahl dieser Mischung bekommen. Die 100 % nat\u00fcrlichen Mischungen wurden von Hand ausgew\u00e4hlt, um Ihnen die sanfteste Mischung zu vermitteln. Wir listen die Elemente des Clean Paper Sprays oben auf, damit Sie erkennen, was Sie als Basis unseres Produkts vorne bekommen.<\/p>\n<p>Es ist leicht zu sehen, warum das k2 Clean Paper Spray eine Konstante auf internationaler Ebene ist Bestseller R\u00e4ucherst\u00e4bchen f\u00fcr uns seit \u00fcber 10 Jahren. K2 Weihrauchspray online kaufen<\/p>\n","protected":false},"excerpt":{"rendered":"<p>Geruchs- und farbloses K2-Weihrauchspray im Angebot zu g\u00fcnstigen, besten und g\u00fcnstigen Preisen. Sie ben\u00f6tigen eine 25-ml-Flasche, um ein komplettes A4-Blatt zu bespr\u00fchen.<\/p>\n","protected":false},"featured_media":7892,"comment_status":"open","ping_status":"closed","template":"","meta":{"inline_featured_image":false},"product_brand":[],"product_cat":[116],"product_tag":[],"class_list":{"0":"post-7885","1":"product","2":"type-product","3":"status-publish","4":"has-post-thumbnail","6":"product_cat-schmerzmittel","8":"first","9":"instock","10":"shipping-taxable","11":"purchasable","12":"product-type-variable","13":"has-default-attributes"},"yoast_head":"<!-- This site is optimized with the Yoast SEO Premium plugin v19.2 (Yoast SEO v27.3) - https:\/\/yoast.com\/product\/yoast-seo-premium-wordpress\/ -->\n<title>K2 Weihrauchspray online kaufen- Everyday Chem Shop<\/title>\n<meta name=\"description\" content=\"K2 Weihrauchspray online kaufen. Wir verkaufen K2 Weihrauchspray in bester Qualit\u00e4t online. Bitte kontaktieren Sie uns f\u00fcr weitere Informationen und Preise.\" \/>\n<meta name=\"robots\" content=\"index, follow, max-snippet:-1, max-image-preview:large, max-video-preview:-1\" \/>\n<link rel=\"canonical\" href=\"https:\/\/everydaychemshop.com\/de\/product\/clear-k2-weihrauch-spray\/\" \/>\n<meta property=\"og:locale\" content=\"en_US\" \/>\n<meta property=\"og:type\" content=\"article\" \/>\n<meta property=\"og:title\" content=\"Klares K2 Weihrauchspray\" \/>\n<meta property=\"og:description\" content=\"K2 Weihrauchspray online kaufen. Wir verkaufen K2 Weihrauchspray in bester Qualit\u00e4t online. Bitte kontaktieren Sie uns f\u00fcr weitere Informationen und Preise.\" \/>\n<meta property=\"og:url\" content=\"https:\/\/everydaychemshop.com\/de\/product\/clear-k2-weihrauch-spray\/\" \/>\n<meta property=\"og:site_name\" content=\"Everyday Chem Shop\" \/>\n<meta property=\"article:modified_time\" content=\"2023-04-06T18:53:06+00:00\" \/>\n<meta property=\"og:image\" content=\"https:\/\/everydaychemshop.com\/de\/wp-content\/uploads\/sites\/3\/2022\/11\/fa7e91aea60b0795348e8f445e66ce46.jpg\" \/>\n\t<meta property=\"og:image:width\" content=\"280\" \/>\n\t<meta property=\"og:image:height\" content=\"280\" \/>\n\t<meta property=\"og:image:type\" content=\"image\/jpeg\" \/>\n<meta name=\"twitter:card\" content=\"summary_large_image\" \/>\n<meta name=\"twitter:label1\" content=\"Est. reading time\" \/>\n\t<meta name=\"twitter:data1\" content=\"2 minutes\" \/>\n<script type=\"application\/ld+json\" class=\"yoast-schema-graph\">{\"@context\":\"https:\\\/\\\/schema.org\",\"@graph\":[{\"@type\":\"WebPage\",\"@id\":\"https:\\\/\\\/everydaychemshop.com\\\/de\\\/product\\\/clear-k2-weihrauch-spray\\\/\",\"url\":\"https:\\\/\\\/everydaychemshop.com\\\/de\\\/product\\\/clear-k2-weihrauch-spray\\\/\",\"name\":\"K2 Weihrauchspray online kaufen- Everyday Chem Shop\",\"isPartOf\":{\"@id\":\"https:\\\/\\\/everydaychemshop.com\\\/de\\\/#website\"},\"primaryImageOfPage\":{\"@id\":\"https:\\\/\\\/everydaychemshop.com\\\/de\\\/product\\\/clear-k2-weihrauch-spray\\\/#primaryimage\"},\"image\":{\"@id\":\"https:\\\/\\\/everydaychemshop.com\\\/de\\\/product\\\/clear-k2-weihrauch-spray\\\/#primaryimage\"},\"thumbnailUrl\":\"https:\\\/\\\/everydaychemshop.com\\\/de\\\/wp-content\\\/uploads\\\/sites\\\/3\\\/2022\\\/11\\\/fa7e91aea60b0795348e8f445e66ce46.jpg\",\"datePublished\":\"2022-11-16T19:26:10+00:00\",\"dateModified\":\"2023-04-06T18:53:06+00:00\",\"description\":\"K2 Weihrauchspray online kaufen. Wir verkaufen K2 Weihrauchspray in bester Qualit\u00e4t online. Bitte kontaktieren Sie uns f\u00fcr weitere Informationen und Preise.\",\"breadcrumb\":{\"@id\":\"https:\\\/\\\/everydaychemshop.com\\\/de\\\/product\\\/clear-k2-weihrauch-spray\\\/#breadcrumb\"},\"inLanguage\":\"en-US\",\"potentialAction\":[{\"@type\":\"ReadAction\",\"target\":[\"https:\\\/\\\/everydaychemshop.com\\\/de\\\/product\\\/clear-k2-weihrauch-spray\\\/\"]}]},{\"@type\":\"ImageObject\",\"inLanguage\":\"en-US\",\"@id\":\"https:\\\/\\\/everydaychemshop.com\\\/de\\\/product\\\/clear-k2-weihrauch-spray\\\/#primaryimage\",\"url\":\"https:\\\/\\\/everydaychemshop.com\\\/de\\\/wp-content\\\/uploads\\\/sites\\\/3\\\/2022\\\/11\\\/fa7e91aea60b0795348e8f445e66ce46.jpg\",\"contentUrl\":\"https:\\\/\\\/everydaychemshop.com\\\/de\\\/wp-content\\\/uploads\\\/sites\\\/3\\\/2022\\\/11\\\/fa7e91aea60b0795348e8f445e66ce46.jpg\",\"width\":280,\"height\":280,\"caption\":\"K2 Weihrauchspray online kaufen\"},{\"@type\":\"BreadcrumbList\",\"@id\":\"https:\\\/\\\/everydaychemshop.com\\\/de\\\/product\\\/clear-k2-weihrauch-spray\\\/#breadcrumb\",\"itemListElement\":[{\"@type\":\"ListItem\",\"position\":1,\"name\":\"Home\",\"item\":\"https:\\\/\\\/everydaychemshop.com\\\/de\\\/\"},{\"@type\":\"ListItem\",\"position\":2,\"name\":\"Produkte\",\"item\":\"https:\\\/\\\/everydaychemshop.com\\\/de\\\/produkte\\\/\"},{\"@type\":\"ListItem\",\"position\":3,\"name\":\"Klares K2 Weihrauchspray\"}]},{\"@type\":\"WebSite\",\"@id\":\"https:\\\/\\\/everydaychemshop.com\\\/de\\\/#website\",\"url\":\"https:\\\/\\\/everydaychemshop.com\\\/de\\\/\",\"name\":\"Everyday Chem Shop\",\"description\":\"\",\"potentialAction\":[{\"@type\":\"SearchAction\",\"target\":{\"@type\":\"EntryPoint\",\"urlTemplate\":\"https:\\\/\\\/everydaychemshop.com\\\/de\\\/?s={search_term_string}\"},\"query-input\":{\"@type\":\"PropertyValueSpecification\",\"valueRequired\":true,\"valueName\":\"search_term_string\"}}],\"inLanguage\":\"en-US\"}]}<\/script>\n<!-- \/ Yoast SEO Premium plugin. -->","yoast_head_json":{"title":"K2 Weihrauchspray online kaufen- Everyday Chem Shop","description":"K2 Weihrauchspray online kaufen. Wir verkaufen K2 Weihrauchspray in bester Qualit\u00e4t online. Bitte kontaktieren Sie uns f\u00fcr weitere Informationen und Preise.","robots":{"index":"index","follow":"follow","max-snippet":"max-snippet:-1","max-image-preview":"max-image-preview:large","max-video-preview":"max-video-preview:-1"},"canonical":"https:\/\/everydaychemshop.com\/de\/product\/clear-k2-weihrauch-spray\/","og_locale":"en_US","og_type":"article","og_title":"Klares K2 Weihrauchspray","og_description":"K2 Weihrauchspray online kaufen. Wir verkaufen K2 Weihrauchspray in bester Qualit\u00e4t online. Bitte kontaktieren Sie uns f\u00fcr weitere Informationen und Preise.","og_url":"https:\/\/everydaychemshop.com\/de\/product\/clear-k2-weihrauch-spray\/","og_site_name":"Everyday Chem Shop","article_modified_time":"2023-04-06T18:53:06+00:00","og_image":[{"width":280,"height":280,"url":"https:\/\/everydaychemshop.com\/de\/wp-content\/uploads\/sites\/3\/2022\/11\/fa7e91aea60b0795348e8f445e66ce46.jpg","type":"image\/jpeg"}],"twitter_card":"summary_large_image","twitter_misc":{"Est. reading time":"2 minutes"},"schema":{"@context":"https:\/\/schema.org","@graph":[{"@type":"WebPage","@id":"https:\/\/everydaychemshop.com\/de\/product\/clear-k2-weihrauch-spray\/","url":"https:\/\/everydaychemshop.com\/de\/product\/clear-k2-weihrauch-spray\/","name":"K2 Weihrauchspray online kaufen- Everyday Chem Shop","isPartOf":{"@id":"https:\/\/everydaychemshop.com\/de\/#website"},"primaryImageOfPage":{"@id":"https:\/\/everydaychemshop.com\/de\/product\/clear-k2-weihrauch-spray\/#primaryimage"},"image":{"@id":"https:\/\/everydaychemshop.com\/de\/product\/clear-k2-weihrauch-spray\/#primaryimage"},"thumbnailUrl":"https:\/\/everydaychemshop.com\/de\/wp-content\/uploads\/sites\/3\/2022\/11\/fa7e91aea60b0795348e8f445e66ce46.jpg","datePublished":"2022-11-16T19:26:10+00:00","dateModified":"2023-04-06T18:53:06+00:00","description":"K2 Weihrauchspray online kaufen. Wir verkaufen K2 Weihrauchspray in bester Qualit\u00e4t online. Bitte kontaktieren Sie uns f\u00fcr weitere Informationen und Preise.","breadcrumb":{"@id":"https:\/\/everydaychemshop.com\/de\/product\/clear-k2-weihrauch-spray\/#breadcrumb"},"inLanguage":"en-US","potentialAction":[{"@type":"ReadAction","target":["https:\/\/everydaychemshop.com\/de\/product\/clear-k2-weihrauch-spray\/"]}]},{"@type":"ImageObject","inLanguage":"en-US","@id":"https:\/\/everydaychemshop.com\/de\/product\/clear-k2-weihrauch-spray\/#primaryimage","url":"https:\/\/everydaychemshop.com\/de\/wp-content\/uploads\/sites\/3\/2022\/11\/fa7e91aea60b0795348e8f445e66ce46.jpg","contentUrl":"https:\/\/everydaychemshop.com\/de\/wp-content\/uploads\/sites\/3\/2022\/11\/fa7e91aea60b0795348e8f445e66ce46.jpg","width":280,"height":280,"caption":"K2 Weihrauchspray online kaufen"},{"@type":"BreadcrumbList","@id":"https:\/\/everydaychemshop.com\/de\/product\/clear-k2-weihrauch-spray\/#breadcrumb","itemListElement":[{"@type":"ListItem","position":1,"name":"Home","item":"https:\/\/everydaychemshop.com\/de\/"},{"@type":"ListItem","position":2,"name":"Produkte","item":"https:\/\/everydaychemshop.com\/de\/produkte\/"},{"@type":"ListItem","position":3,"name":"Klares K2 Weihrauchspray"}]},{"@type":"WebSite","@id":"https:\/\/everydaychemshop.com\/de\/#website","url":"https:\/\/everydaychemshop.com\/de\/","name":"Everyday Chem Shop","description":"","potentialAction":[{"@type":"SearchAction","target":{"@type":"EntryPoint","urlTemplate":"https:\/\/everydaychemshop.com\/de\/?s={search_term_string}"},"query-input":{"@type":"PropertyValueSpecification","valueRequired":true,"valueName":"search_term_string"}}],"inLanguage":"en-US"}]}},"_links":{"self":[{"href":"https:\/\/everydaychemshop.com\/de\/wp-json\/wp\/v2\/product\/7885","targetHints":{"allow":["GET"]}}],"collection":[{"href":"https:\/\/everydaychemshop.com\/de\/wp-json\/wp\/v2\/product"}],"about":[{"href":"https:\/\/everydaychemshop.com\/de\/wp-json\/wp\/v2\/types\/product"}],"replies":[{"embeddable":true,"href":"https:\/\/everydaychemshop.com\/de\/wp-json\/wp\/v2\/comments?post=7885"}],"wp:featuredmedia":[{"embeddable":true,"href":"https:\/\/everydaychemshop.com\/de\/wp-json\/wp\/v2\/media\/7892"}],"wp:attachment":[{"href":"https:\/\/everydaychemshop.com\/de\/wp-json\/wp\/v2\/media?parent=7885"}],"wp:term":[{"taxonomy":"product_brand","embeddable":true,"href":"https:\/\/everydaychemshop.com\/de\/wp-json\/wp\/v2\/product_brand?post=7885"},{"taxonomy":"product_cat","embeddable":true,"href":"https:\/\/everydaychemshop.com\/de\/wp-json\/wp\/v2\/product_cat?post=7885"},{"taxonomy":"product_tag","embeddable":true,"href":"https:\/\/everydaychemshop.com\/de\/wp-json\/wp\/v2\/product_tag?post=7885"}],"curies":[{"name":"wp","href":"https:\/\/api.w.org\/{rel}","templated":true}]}}