{"id":7929,"date":"2022-11-17T09:40:29","date_gmt":"2022-11-17T09:40:29","guid":{"rendered":"https:\/\/everydaychemshop.com\/de\/?post_type=product&#038;p=7929"},"modified":"2023-04-06T18:47:14","modified_gmt":"2023-04-06T18:47:14","slug":"roxicodon-oxycodon","status":"publish","type":"product","link":"https:\/\/everydaychemshop.com\/de\/product\/roxicodon-oxycodon\/","title":{"rendered":"Roxicodon (Oxycodon)"},"content":{"rendered":"<h1>Kaufen Sie Roxicodon-Pillen online<\/h1>\n<p><a href=\"https:\/\/everydaychemshop.com\/de\/product\/roxicodon-oxycodon\/\">Kaufen Sie Roxicodon-Pillen online<\/a>. Roxicodon (Oxycodon) geh\u00f6rt zur Wirkstoffklasse der Opioide (narkotische Analgetika) und wird h\u00e4ufig bei chronischen Schmerzen und Schmerzen <a href=\"https:\/\/de.wikipedia.org\/wiki\/Oxycodon\">eingesetzt<\/a>.<\/p>\n","protected":false},"excerpt":{"rendered":"<p>Roxicodon (Oxycodon) geh\u00f6rt zur Wirkstoffklasse der Opioide (narkotische Analgetika) und wird h\u00e4ufig bei chronischen Schmerzen und Schmerzen eingesetzt.<\/p>\n","protected":false},"featured_media":7933,"comment_status":"open","ping_status":"closed","template":"","meta":{"inline_featured_image":false},"product_brand":[],"product_cat":[116],"product_tag":[],"class_list":{"0":"post-7929","1":"product","2":"type-product","3":"status-publish","4":"has-post-thumbnail","6":"product_cat-schmerzmittel","8":"first","9":"instock","10":"shipping-taxable","11":"purchasable","12":"product-type-variable","13":"has-default-attributes"},"yoast_head":"<!-- This site is optimized with the Yoast SEO Premium plugin v19.2 (Yoast SEO v27.3) - https:\/\/yoast.com\/product\/yoast-seo-premium-wordpress\/ -->\n<title>Kaufen Sie Roxicodon-Pillen online - Everyday Chem Shop<\/title>\n<meta name=\"description\" content=\"Kaufen Sie Roxicodon-Pillen online. Wir verkaufen Roxicodon-Pillen in bester Qualit\u00e4t online. Bitte kontaktieren Sie f\u00fcr weitere Informationen und Preise f\u00fcr Ihre Bestellung.\" \/>\n<meta name=\"robots\" content=\"index, follow, max-snippet:-1, max-image-preview:large, max-video-preview:-1\" \/>\n<link rel=\"canonical\" href=\"https:\/\/everydaychemshop.com\/de\/product\/roxicodon-oxycodon\/\" \/>\n<meta property=\"og:locale\" content=\"en_US\" \/>\n<meta property=\"og:type\" content=\"article\" \/>\n<meta property=\"og:title\" content=\"Roxicodon (Oxycodon)\" \/>\n<meta property=\"og:description\" content=\"Kaufen Sie Roxicodon-Pillen online. Wir verkaufen Roxicodon-Pillen in bester Qualit\u00e4t online. Bitte kontaktieren Sie f\u00fcr weitere Informationen und Preise f\u00fcr Ihre Bestellung.\" \/>\n<meta property=\"og:url\" content=\"https:\/\/everydaychemshop.com\/de\/product\/roxicodon-oxycodon\/\" \/>\n<meta property=\"og:site_name\" content=\"Everyday Chem Shop\" \/>\n<meta property=\"article:modified_time\" content=\"2023-04-06T18:47:14+00:00\" \/>\n<meta property=\"og:image\" content=\"https:\/\/everydaychemshop.com\/de\/wp-content\/uploads\/sites\/3\/2022\/11\/ROX05820.jpg\" \/>\n\t<meta property=\"og:image:width\" content=\"288\" \/>\n\t<meta property=\"og:image:height\" content=\"216\" \/>\n\t<meta property=\"og:image:type\" content=\"image\/jpeg\" \/>\n<meta name=\"twitter:card\" content=\"summary_large_image\" \/>\n<meta name=\"twitter:label1\" content=\"Est. reading time\" \/>\n\t<meta name=\"twitter:data1\" content=\"1 minute\" \/>\n<script type=\"application\/ld+json\" class=\"yoast-schema-graph\">{\"@context\":\"https:\\\/\\\/schema.org\",\"@graph\":[{\"@type\":\"WebPage\",\"@id\":\"https:\\\/\\\/everydaychemshop.com\\\/de\\\/product\\\/roxicodon-oxycodon\\\/\",\"url\":\"https:\\\/\\\/everydaychemshop.com\\\/de\\\/product\\\/roxicodon-oxycodon\\\/\",\"name\":\"Kaufen Sie Roxicodon-Pillen online - Everyday Chem Shop\",\"isPartOf\":{\"@id\":\"https:\\\/\\\/everydaychemshop.com\\\/de\\\/#website\"},\"primaryImageOfPage\":{\"@id\":\"https:\\\/\\\/everydaychemshop.com\\\/de\\\/product\\\/roxicodon-oxycodon\\\/#primaryimage\"},\"image\":{\"@id\":\"https:\\\/\\\/everydaychemshop.com\\\/de\\\/product\\\/roxicodon-oxycodon\\\/#primaryimage\"},\"thumbnailUrl\":\"https:\\\/\\\/everydaychemshop.com\\\/de\\\/wp-content\\\/uploads\\\/sites\\\/3\\\/2022\\\/11\\\/ROX05820.jpg\",\"datePublished\":\"2022-11-17T09:40:29+00:00\",\"dateModified\":\"2023-04-06T18:47:14+00:00\",\"description\":\"Kaufen Sie Roxicodon-Pillen online. Wir verkaufen Roxicodon-Pillen in bester Qualit\u00e4t online. Bitte kontaktieren Sie f\u00fcr weitere Informationen und Preise f\u00fcr Ihre Bestellung.\",\"breadcrumb\":{\"@id\":\"https:\\\/\\\/everydaychemshop.com\\\/de\\\/product\\\/roxicodon-oxycodon\\\/#breadcrumb\"},\"inLanguage\":\"en-US\",\"potentialAction\":[{\"@type\":\"ReadAction\",\"target\":[\"https:\\\/\\\/everydaychemshop.com\\\/de\\\/product\\\/roxicodon-oxycodon\\\/\"]}]},{\"@type\":\"ImageObject\",\"inLanguage\":\"en-US\",\"@id\":\"https:\\\/\\\/everydaychemshop.com\\\/de\\\/product\\\/roxicodon-oxycodon\\\/#primaryimage\",\"url\":\"https:\\\/\\\/everydaychemshop.com\\\/de\\\/wp-content\\\/uploads\\\/sites\\\/3\\\/2022\\\/11\\\/ROX05820.jpg\",\"contentUrl\":\"https:\\\/\\\/everydaychemshop.com\\\/de\\\/wp-content\\\/uploads\\\/sites\\\/3\\\/2022\\\/11\\\/ROX05820.jpg\",\"width\":288,\"height\":216,\"caption\":\"Kaufen Sie Roxicodon-Pillen online\"},{\"@type\":\"BreadcrumbList\",\"@id\":\"https:\\\/\\\/everydaychemshop.com\\\/de\\\/product\\\/roxicodon-oxycodon\\\/#breadcrumb\",\"itemListElement\":[{\"@type\":\"ListItem\",\"position\":1,\"name\":\"Home\",\"item\":\"https:\\\/\\\/everydaychemshop.com\\\/de\\\/\"},{\"@type\":\"ListItem\",\"position\":2,\"name\":\"Produkte\",\"item\":\"https:\\\/\\\/everydaychemshop.com\\\/de\\\/produkte\\\/\"},{\"@type\":\"ListItem\",\"position\":3,\"name\":\"Roxicodon (Oxycodon)\"}]},{\"@type\":\"WebSite\",\"@id\":\"https:\\\/\\\/everydaychemshop.com\\\/de\\\/#website\",\"url\":\"https:\\\/\\\/everydaychemshop.com\\\/de\\\/\",\"name\":\"Everyday Chem Shop\",\"description\":\"\",\"potentialAction\":[{\"@type\":\"SearchAction\",\"target\":{\"@type\":\"EntryPoint\",\"urlTemplate\":\"https:\\\/\\\/everydaychemshop.com\\\/de\\\/?s={search_term_string}\"},\"query-input\":{\"@type\":\"PropertyValueSpecification\",\"valueRequired\":true,\"valueName\":\"search_term_string\"}}],\"inLanguage\":\"en-US\"}]}<\/script>\n<!-- \/ Yoast SEO Premium plugin. -->","yoast_head_json":{"title":"Kaufen Sie Roxicodon-Pillen online - Everyday Chem Shop","description":"Kaufen Sie Roxicodon-Pillen online. Wir verkaufen Roxicodon-Pillen in bester Qualit\u00e4t online. Bitte kontaktieren Sie f\u00fcr weitere Informationen und Preise f\u00fcr Ihre Bestellung.","robots":{"index":"index","follow":"follow","max-snippet":"max-snippet:-1","max-image-preview":"max-image-preview:large","max-video-preview":"max-video-preview:-1"},"canonical":"https:\/\/everydaychemshop.com\/de\/product\/roxicodon-oxycodon\/","og_locale":"en_US","og_type":"article","og_title":"Roxicodon (Oxycodon)","og_description":"Kaufen Sie Roxicodon-Pillen online. Wir verkaufen Roxicodon-Pillen in bester Qualit\u00e4t online. Bitte kontaktieren Sie f\u00fcr weitere Informationen und Preise f\u00fcr Ihre Bestellung.","og_url":"https:\/\/everydaychemshop.com\/de\/product\/roxicodon-oxycodon\/","og_site_name":"Everyday Chem Shop","article_modified_time":"2023-04-06T18:47:14+00:00","og_image":[{"width":288,"height":216,"url":"https:\/\/everydaychemshop.com\/de\/wp-content\/uploads\/sites\/3\/2022\/11\/ROX05820.jpg","type":"image\/jpeg"}],"twitter_card":"summary_large_image","twitter_misc":{"Est. reading time":"1 minute"},"schema":{"@context":"https:\/\/schema.org","@graph":[{"@type":"WebPage","@id":"https:\/\/everydaychemshop.com\/de\/product\/roxicodon-oxycodon\/","url":"https:\/\/everydaychemshop.com\/de\/product\/roxicodon-oxycodon\/","name":"Kaufen Sie Roxicodon-Pillen online - Everyday Chem Shop","isPartOf":{"@id":"https:\/\/everydaychemshop.com\/de\/#website"},"primaryImageOfPage":{"@id":"https:\/\/everydaychemshop.com\/de\/product\/roxicodon-oxycodon\/#primaryimage"},"image":{"@id":"https:\/\/everydaychemshop.com\/de\/product\/roxicodon-oxycodon\/#primaryimage"},"thumbnailUrl":"https:\/\/everydaychemshop.com\/de\/wp-content\/uploads\/sites\/3\/2022\/11\/ROX05820.jpg","datePublished":"2022-11-17T09:40:29+00:00","dateModified":"2023-04-06T18:47:14+00:00","description":"Kaufen Sie Roxicodon-Pillen online. Wir verkaufen Roxicodon-Pillen in bester Qualit\u00e4t online. Bitte kontaktieren Sie f\u00fcr weitere Informationen und Preise f\u00fcr Ihre Bestellung.","breadcrumb":{"@id":"https:\/\/everydaychemshop.com\/de\/product\/roxicodon-oxycodon\/#breadcrumb"},"inLanguage":"en-US","potentialAction":[{"@type":"ReadAction","target":["https:\/\/everydaychemshop.com\/de\/product\/roxicodon-oxycodon\/"]}]},{"@type":"ImageObject","inLanguage":"en-US","@id":"https:\/\/everydaychemshop.com\/de\/product\/roxicodon-oxycodon\/#primaryimage","url":"https:\/\/everydaychemshop.com\/de\/wp-content\/uploads\/sites\/3\/2022\/11\/ROX05820.jpg","contentUrl":"https:\/\/everydaychemshop.com\/de\/wp-content\/uploads\/sites\/3\/2022\/11\/ROX05820.jpg","width":288,"height":216,"caption":"Kaufen Sie Roxicodon-Pillen online"},{"@type":"BreadcrumbList","@id":"https:\/\/everydaychemshop.com\/de\/product\/roxicodon-oxycodon\/#breadcrumb","itemListElement":[{"@type":"ListItem","position":1,"name":"Home","item":"https:\/\/everydaychemshop.com\/de\/"},{"@type":"ListItem","position":2,"name":"Produkte","item":"https:\/\/everydaychemshop.com\/de\/produkte\/"},{"@type":"ListItem","position":3,"name":"Roxicodon (Oxycodon)"}]},{"@type":"WebSite","@id":"https:\/\/everydaychemshop.com\/de\/#website","url":"https:\/\/everydaychemshop.com\/de\/","name":"Everyday Chem Shop","description":"","potentialAction":[{"@type":"SearchAction","target":{"@type":"EntryPoint","urlTemplate":"https:\/\/everydaychemshop.com\/de\/?s={search_term_string}"},"query-input":{"@type":"PropertyValueSpecification","valueRequired":true,"valueName":"search_term_string"}}],"inLanguage":"en-US"}]}},"_links":{"self":[{"href":"https:\/\/everydaychemshop.com\/de\/wp-json\/wp\/v2\/product\/7929","targetHints":{"allow":["GET"]}}],"collection":[{"href":"https:\/\/everydaychemshop.com\/de\/wp-json\/wp\/v2\/product"}],"about":[{"href":"https:\/\/everydaychemshop.com\/de\/wp-json\/wp\/v2\/types\/product"}],"replies":[{"embeddable":true,"href":"https:\/\/everydaychemshop.com\/de\/wp-json\/wp\/v2\/comments?post=7929"}],"wp:featuredmedia":[{"embeddable":true,"href":"https:\/\/everydaychemshop.com\/de\/wp-json\/wp\/v2\/media\/7933"}],"wp:attachment":[{"href":"https:\/\/everydaychemshop.com\/de\/wp-json\/wp\/v2\/media?parent=7929"}],"wp:term":[{"taxonomy":"product_brand","embeddable":true,"href":"https:\/\/everydaychemshop.com\/de\/wp-json\/wp\/v2\/product_brand?post=7929"},{"taxonomy":"product_cat","embeddable":true,"href":"https:\/\/everydaychemshop.com\/de\/wp-json\/wp\/v2\/product_cat?post=7929"},{"taxonomy":"product_tag","embeddable":true,"href":"https:\/\/everydaychemshop.com\/de\/wp-json\/wp\/v2\/product_tag?post=7929"}],"curies":[{"name":"wp","href":"https:\/\/api.w.org\/{rel}","templated":true}]}}